{"id":10905,"date":"2025-12-17T03:37:17","date_gmt":"2025-12-17T03:37:17","guid":{"rendered":"https:\/\/roundupriverranch.org\/?page_id=10905"},"modified":"2025-12-17T03:46:23","modified_gmt":"2025-12-17T03:46:23","slug":"blog","status":"publish","type":"page","link":"https:\/\/roundupriverranch.org\/es\/blog\/","title":{"rendered":"Blog"},"content":{"rendered":"<div class=\"blogrollwrap\">\n    <div class=\"blogheader\">\n        <span class=\"blogheadline\">BLOG RRR<\/span>\n\n        <div class=\"blog-filters\">\n            <div class=\"categoryfilter\">\n                <label for=\"categoryFilter\" class=\"blog-filter-label\">Categor\u00eda<\/label>\n                <select id=\"categoryFilter\" class=\"blog-filter-select\">\n                    <option value=\"\">Todas las categor\u00edas<\/option>\n                                            <option value=\"16\">Historias de campistas<\/option>\n                                            <option value=\"15\">En las noticias<\/option>\n                                            <option value=\"20\">Minuto M\u00e9dico<\/option>\n                                            <option value=\"18\">Programas<\/option>\n                                            <option value=\"17\">Voluntario<\/option>\n                                    <\/select>\n            <\/div>\n            <div class=\"sortfilter\">\n                <label for=\"sortFilter\" class=\"blog-filter-label\">Ordenar por<\/label>\n                <select id=\"sortFilter\" class=\"blog-filter-select\">\n                    <option value=\"DESC\">Lo m\u00e1s nuevo primero<\/option>\n                    <option value=\"ASC\">El m\u00e1s antiguo primero<\/option>\n                <\/select>\n            <\/div>\n        <\/div>\n    <\/div>\n<\/div>\n\n<div class=\"blogrollbody\">\n    <h1>Blog<\/h1>\n\n    <div class=\"bloglistgrid\" id=\"bloglistgrid\">\n\n                                <div class=\"blogitem\">\n                <div class=\"blogiteminner\">\n                    <a href=\"https:\/\/roundupriverranch.org\/es\/meet-volunteers-ian-colin\/\">\n                                                    <div class=\"blogitemimage\">\n                                <div class=\"imagemask\"><img decoding=\"async\"\n                                        src=\"\/wp-content\/themes\/sage\/resources\/images\/blogitemcurve.png\">\n                                <\/div>\n                                <img decoding=\"async\" src=\"https:\/\/roundupriverranch.org\/wp-content\/uploads\/2026\/04\/Day-1-Opening-Campfire-41.jpg\">\n                            <\/div>\n                        \n                        <div class=\"blogitemcontent\">\n                            <span class=\"blogitemdate\">2 de abril de 2026<\/span>\n                            <h2 class=\"blogitemtitle\">Conozca a los voluntarios Ian y Colin<\/h2>\n                            <p class=\"blogitemexcerpt\">El verano pasado, Ian y Colin fueron voluntarios juntos en la Caba\u00f1a Osprey. Se unieron como l\u00edderes de caba\u00f1a, dejando atr\u00e1s sus vidas de adultos y abrazando la magia del campamento. \u201cMe ha ayudado a llegar...\".<\/p>\n                            <div class=\"cta\">Read More &gt;<\/div>\n                        <\/div>\n                    <\/a>\n                <\/div>\n            <\/div>\n                                <div class=\"blogitem\">\n                <div class=\"blogiteminner\">\n                    <a href=\"https:\/\/roundupriverranch.org\/es\/2025-impact-report\/\">\n                                                    <div class=\"blogitemimage\">\n                                <div class=\"imagemask\"><img decoding=\"async\"\n                                        src=\"\/wp-content\/themes\/sage\/resources\/images\/blogitemcurve.png\">\n                                <\/div>\n                                <img decoding=\"async\" src=\"https:\/\/roundupriverranch.org\/wp-content\/uploads\/2026\/03\/impact-report-cover-e1774642127767-1024x604.webp\">\n                            <\/div>\n                        \n                        <div class=\"blogitemcontent\">\n                            <span class=\"blogitemdate\">Marzo 27, 2026<\/span>\n                            <h2 class=\"blogitemtitle\">Informe de Impacto 2025<\/h2>\n                            <p class=\"blogitemexcerpt\">Qu\u00e9 a\u00f1o tan poderoso de \u201c\u00a1M\u00c1S!\u201d. En 2025, tuvimos el honor de crear m\u00e1s de todo aquello en lo que siempre hemos cre\u00eddo. M\u00e1s crecimiento, incluyendo tres...<\/p>\n                            <div class=\"cta\">Read More &gt;<\/div>\n                        <\/div>\n                    <\/a>\n                <\/div>\n            <\/div>\n                                <div class=\"blogitem\">\n                <div class=\"blogiteminner\">\n                    <a href=\"https:\/\/roundupriverranch.org\/es\/meet-camper-keenan\/\">\n                                                    <div class=\"blogitemimage\">\n                                <div class=\"imagemask\"><img decoding=\"async\"\n                                        src=\"\/wp-content\/themes\/sage\/resources\/images\/blogitemcurve.png\">\n                                <\/div>\n                                <img decoding=\"async\" src=\"https:\/\/roundupriverranch.org\/wp-content\/uploads\/2026\/03\/SC7_Day4_AM_Archery-065-1024x683.jpg\">\n                            <\/div>\n                        \n                        <div class=\"blogitemcontent\">\n                            <span class=\"blogitemdate\">10 de marzo de 2026<\/span>\n                            <h2 class=\"blogitemtitle\">Conoce a Camper Keenan<\/h2>\n                            <p class=\"blogitemexcerpt\">Durante cinco a\u00f1os, Keenan ha hecho el viaje desde Elizabeth, Colorado, hasta Roundup River Ranch. Lo que primero comenz\u00f3 como algo en lo que sus padres lo inscribieron...<\/p>\n                            <div class=\"cta\">Read More &gt;<\/div>\n                        <\/div>\n                    <\/a>\n                <\/div>\n            <\/div>\n                                <div class=\"blogitem\">\n                <div class=\"blogiteminner\">\n                    <a href=\"https:\/\/roundupriverranch.org\/es\/were-100-days-away-from-summer-camp\/\">\n                                                    <div class=\"blogitemimage\">\n                                <div class=\"imagemask\"><img decoding=\"async\"\n                                        src=\"\/wp-content\/themes\/sage\/resources\/images\/blogitemcurve.png\">\n                                <\/div>\n                                <img decoding=\"async\" src=\"https:\/\/roundupriverranch.org\/wp-content\/uploads\/2026\/02\/CTC26_Email-Assets-web-1024x645.png\">\n                            <\/div>\n                        \n                        <div class=\"blogitemcontent\">\n                            <span class=\"blogitemdate\">24 de febrero de 2026<\/span>\n                            <h2 class=\"blogitemtitle\">\u00a1Estamos a 100 d\u00edas del campamento de verano!<\/h2>\n                            <p class=\"blogitemexcerpt\">La cuenta regresiva de 100 d\u00edas para el campamento de verano en Roundup River Ranch comienza ahora. Al celebrar nuestro 20 aniversario, te invitamos a honrar dos d\u00e9cadas...<\/p>\n                            <div class=\"cta\">Read More &gt;<\/div>\n                        <\/div>\n                    <\/a>\n                <\/div>\n            <\/div>\n                                <div class=\"blogitem\">\n                <div class=\"blogiteminner\">\n                    <a href=\"https:\/\/roundupriverranch.org\/es\/meet-volunteer-dr-jay\/\">\n                                                    <div class=\"blogitemimage\">\n                                <div class=\"imagemask\"><img decoding=\"async\"\n                                        src=\"\/wp-content\/themes\/sage\/resources\/images\/blogitemcurve.png\">\n                                <\/div>\n                                <img decoding=\"async\" src=\"https:\/\/roundupriverranch.org\/wp-content\/uploads\/2026\/02\/Screenshot-2026-02-19-at-7.01.26-PM-1024x611.png\">\n                            <\/div>\n                        \n                        <div class=\"blogitemcontent\">\n                            <span class=\"blogitemdate\">20 de febrero de 2026<\/span>\n                            <h2 class=\"blogitemtitle\">Conoce al Dr. Jay, voluntario<\/h2>\n                            <p class=\"blogitemexcerpt\">A medida que Roundup River Ranch se acerca a su 20\u00ba Aniversario, historias como la del Dr. Jay Markson nos recuerdan el verdadero poder del campamento. Un pediatra recientemente jubilado de...<\/p>\n                            <div class=\"cta\">Read More &gt;<\/div>\n                        <\/div>\n                    <\/a>\n                <\/div>\n            <\/div>\n                                <div class=\"blogitem\">\n                <div class=\"blogiteminner\">\n                    <a href=\"https:\/\/roundupriverranch.org\/es\/medical-minute-neurologic-genetic-conditions-and-summer-camp-3\/\">\n                                                    <div class=\"blogitemimage\">\n                                <div class=\"imagemask\"><img decoding=\"async\"\n                                        src=\"\/wp-content\/themes\/sage\/resources\/images\/blogitemcurve.png\">\n                                <\/div>\n                                <img decoding=\"async\" src=\"https:\/\/roundupriverranch.org\/wp-content\/uploads\/2026\/02\/2025_FC3_Day2_AM_Archery-060-1024x683.jpg\">\n                            <\/div>\n                        \n                        <div class=\"blogitemcontent\">\n                            <span class=\"blogitemdate\">16 de febrero de 2026<\/span>\n                            <h2 class=\"blogitemtitle\">Minuto M\u00e9dico: Enfermedades neurol\u00f3gicas y gen\u00e9ticas y campamento de verano 3<\/h2>\n                            <p class=\"blogitemexcerpt\">\u00a1Bienvenidos de nuevo al Minuto M\u00e9dico! Este mes nos acompa\u00f1a la Dra. Danielle Barber, neur\u00f3loga del Children's Hospital Colorado. La Dra. Barber explica c\u00f3mo...<\/p>\n                            <div class=\"cta\">Read More &gt;<\/div>\n                        <\/div>\n                    <\/a>\n                <\/div>\n            <\/div>\n            <\/div>\n\n    <div style=\"text-align: center; margin-top: 30px;\">\n        <button id=\"loadMorePosts\" class=\"drkgreen-btn\" data-offset=\"6\">Cargar m\u00e1s mensajes<\/button>\n    <\/div>\n<\/div>\n\n\n\n\n<div style=\"height:182px\" aria-hidden=\"true\" class=\"wp-block-spacer\"><\/div>\n\n\n\n<p><\/p>","protected":false},"excerpt":{"rendered":"","protected":false},"author":1,"featured_media":0,"parent":0,"menu_order":0,"comment_status":"closed","ping_status":"open","template":"template-secondary.blade.php","meta":{"_acf_changed":false,"footnotes":""},"class_list":["post-10905","page","type-page","status-publish","hentry"],"acf":[],"yoast_head":"<!-- This site is optimized with the Yoast SEO Premium plugin v27.5 (Yoast SEO v27.5) - https:\/\/yoast.com\/product\/yoast-seo-premium-wordpress\/ -->\n<title>Blog - Roundup River Ranch<\/title>\n<meta name=\"description\" content=\"Contact our team for a tour, information about camp, the illnesses we serve or how to get involved through careers or volunteering!\" \/>\n<meta name=\"robots\" content=\"index, follow, max-snippet:-1, max-image-preview:large, max-video-preview:-1\" \/>\n<link rel=\"canonical\" href=\"https:\/\/roundupriverranch.org\/es\/blog\/\" \/>\n<meta property=\"og:locale\" content=\"es_ES\" \/>\n<meta property=\"og:type\" content=\"article\" \/>\n<meta property=\"og:title\" content=\"Blog\" \/>\n<meta property=\"og:description\" content=\"Contact our team for a tour, information about camp, the illnesses we serve or how to get involved through careers or volunteering!\" \/>\n<meta property=\"og:url\" content=\"https:\/\/roundupriverranch.org\/es\/blog\/\" \/>\n<meta property=\"og:site_name\" content=\"Roundup River Ranch\" \/>\n<meta property=\"article:publisher\" content=\"https:\/\/www.facebook.com\/roundupriverranch\/\" \/>\n<meta property=\"article:modified_time\" content=\"2025-12-17T03:46:23+00:00\" \/>\n<meta name=\"twitter:card\" content=\"summary_large_image\" \/>\n<meta name=\"twitter:label1\" content=\"Tiempo de lectura\" \/>\n\t<meta name=\"twitter:data1\" content=\"1 minuto\" \/>\n<script type=\"application\/ld+json\" class=\"yoast-schema-graph\">{\"@context\":\"https:\\\/\\\/schema.org\",\"@graph\":[{\"@type\":\"WebPage\",\"@id\":\"https:\\\/\\\/roundupriverranch.org\\\/blog\\\/\",\"url\":\"https:\\\/\\\/roundupriverranch.org\\\/blog\\\/\",\"name\":\"Blog - Roundup River Ranch\",\"isPartOf\":{\"@id\":\"https:\\\/\\\/roundupriverranch.org\\\/#website\"},\"datePublished\":\"2025-12-17T03:37:17+00:00\",\"dateModified\":\"2025-12-17T03:46:23+00:00\",\"description\":\"Contact our team for a tour, information about camp, the illnesses we serve or how to get involved through careers or volunteering!\",\"breadcrumb\":{\"@id\":\"https:\\\/\\\/roundupriverranch.org\\\/blog\\\/#breadcrumb\"},\"inLanguage\":\"es\",\"potentialAction\":[{\"@type\":\"ReadAction\",\"target\":[\"https:\\\/\\\/roundupriverranch.org\\\/blog\\\/\"]}]},{\"@type\":\"BreadcrumbList\",\"@id\":\"https:\\\/\\\/roundupriverranch.org\\\/blog\\\/#breadcrumb\",\"itemListElement\":[{\"@type\":\"ListItem\",\"position\":1,\"name\":\"Home\",\"item\":\"https:\\\/\\\/roundupriverranch.org\\\/\"},{\"@type\":\"ListItem\",\"position\":2,\"name\":\"Blog\"}]},{\"@type\":\"WebSite\",\"@id\":\"https:\\\/\\\/roundupriverranch.org\\\/#website\",\"url\":\"https:\\\/\\\/roundupriverranch.org\\\/\",\"name\":\"Roundup River Ranch\",\"description\":\"\",\"potentialAction\":[{\"@type\":\"SearchAction\",\"target\":{\"@type\":\"EntryPoint\",\"urlTemplate\":\"https:\\\/\\\/roundupriverranch.org\\\/?s={search_term_string}\"},\"query-input\":{\"@type\":\"PropertyValueSpecification\",\"valueRequired\":true,\"valueName\":\"search_term_string\"}}],\"inLanguage\":\"es\"}]}<\/script>\n<!-- \/ Yoast SEO Premium plugin. -->","yoast_head_json":{"title":"Blog - Roundup River Ranch","description":"P\u00f3ngase en contacto con nuestro equipo para una visita guiada, informaci\u00f3n sobre el campamento, las enfermedades que atendemos o c\u00f3mo participar a trav\u00e9s de carreras o voluntariado.","robots":{"index":"index","follow":"follow","max-snippet":"max-snippet:-1","max-image-preview":"max-image-preview:large","max-video-preview":"max-video-preview:-1"},"canonical":"https:\/\/roundupriverranch.org\/es\/blog\/","og_locale":"es_ES","og_type":"article","og_title":"Blog","og_description":"Contact our team for a tour, information about camp, the illnesses we serve or how to get involved through careers or volunteering!","og_url":"https:\/\/roundupriverranch.org\/es\/blog\/","og_site_name":"Roundup River Ranch","article_publisher":"https:\/\/www.facebook.com\/roundupriverranch\/","article_modified_time":"2025-12-17T03:46:23+00:00","twitter_card":"summary_large_image","twitter_misc":{"Tiempo de lectura":"1 minuto"},"schema":{"@context":"https:\/\/schema.org","@graph":[{"@type":"WebPage","@id":"https:\/\/roundupriverranch.org\/blog\/","url":"https:\/\/roundupriverranch.org\/blog\/","name":"Blog - Roundup River Ranch","isPartOf":{"@id":"https:\/\/roundupriverranch.org\/#website"},"datePublished":"2025-12-17T03:37:17+00:00","dateModified":"2025-12-17T03:46:23+00:00","description":"P\u00f3ngase en contacto con nuestro equipo para una visita guiada, informaci\u00f3n sobre el campamento, las enfermedades que atendemos o c\u00f3mo participar a trav\u00e9s de carreras o voluntariado.","breadcrumb":{"@id":"https:\/\/roundupriverranch.org\/blog\/#breadcrumb"},"inLanguage":"es","potentialAction":[{"@type":"ReadAction","target":["https:\/\/roundupriverranch.org\/blog\/"]}]},{"@type":"BreadcrumbList","@id":"https:\/\/roundupriverranch.org\/blog\/#breadcrumb","itemListElement":[{"@type":"ListItem","position":1,"name":"Home","item":"https:\/\/roundupriverranch.org\/"},{"@type":"ListItem","position":2,"name":"Blog"}]},{"@type":"WebSite","@id":"https:\/\/roundupriverranch.org\/#website","url":"https:\/\/roundupriverranch.org\/","name":"Rancho Roundup River","description":"","potentialAction":[{"@type":"SearchAction","target":{"@type":"EntryPoint","urlTemplate":"https:\/\/roundupriverranch.org\/?s={search_term_string}"},"query-input":{"@type":"PropertyValueSpecification","valueRequired":true,"valueName":"search_term_string"}}],"inLanguage":"es"}]}},"_links":{"self":[{"href":"https:\/\/roundupriverranch.org\/es\/wp-json\/wp\/v2\/pages\/10905","targetHints":{"allow":["GET"]}}],"collection":[{"href":"https:\/\/roundupriverranch.org\/es\/wp-json\/wp\/v2\/pages"}],"about":[{"href":"https:\/\/roundupriverranch.org\/es\/wp-json\/wp\/v2\/types\/page"}],"author":[{"embeddable":true,"href":"https:\/\/roundupriverranch.org\/es\/wp-json\/wp\/v2\/users\/1"}],"replies":[{"embeddable":true,"href":"https:\/\/roundupriverranch.org\/es\/wp-json\/wp\/v2\/comments?post=10905"}],"version-history":[{"count":2,"href":"https:\/\/roundupriverranch.org\/es\/wp-json\/wp\/v2\/pages\/10905\/revisions"}],"predecessor-version":[{"id":10908,"href":"https:\/\/roundupriverranch.org\/es\/wp-json\/wp\/v2\/pages\/10905\/revisions\/10908"}],"wp:attachment":[{"href":"https:\/\/roundupriverranch.org\/es\/wp-json\/wp\/v2\/media?parent=10905"}],"curies":[{"name":"wp","href":"https:\/\/api.w.org\/{rel}","templated":true}]}}