{"id":11527,"date":"2025-12-19T21:43:56","date_gmt":"2025-12-19T21:43:56","guid":{"rendered":"https:\/\/roundupriverranch.org\/?page_id=11527"},"modified":"2026-04-13T15:30:53","modified_gmt":"2026-04-13T15:30:53","slug":"board-resources","status":"publish","type":"page","link":"https:\/\/roundupriverranch.org\/es\/board-resources\/","title":{"rendered":"Recursos de la Junta"},"content":{"rendered":"","protected":true},"excerpt":{"rendered":"","protected":true},"author":1,"featured_media":0,"parent":0,"menu_order":0,"comment_status":"closed","ping_status":"open","template":"template-secondary.blade.php","meta":{"_acf_changed":false,"footnotes":""},"class_list":["post-11527","page","type-page","status-publish","post-password-required","hentry"],"acf":[],"yoast_head":"<!-- This site is optimized with the Yoast SEO Premium plugin v26.9 (Yoast SEO v27.4) - https:\/\/yoast.com\/product\/yoast-seo-premium-wordpress\/ -->\n<title>Board Resources - Roundup River Ranch<\/title>\n<meta name=\"description\" content=\"Contact our team for a tour, information about camp, the illnesses we serve or how to get involved through careers or volunteering!\" \/>\n<meta name=\"robots\" content=\"index, follow, max-snippet:-1, max-image-preview:large, max-video-preview:-1\" \/>\n<link rel=\"canonical\" href=\"https:\/\/roundupriverranch.org\/es\/board-resources\/\" \/>\n<meta property=\"og:locale\" content=\"es_ES\" \/>\n<meta property=\"og:type\" content=\"article\" \/>\n<meta property=\"og:title\" content=\"Board Resources\" \/>\n<meta property=\"og:description\" content=\"Contact our team for a tour, information about camp, the illnesses we serve or how to get involved through careers or volunteering!\" \/>\n<meta property=\"og:url\" content=\"https:\/\/roundupriverranch.org\/es\/board-resources\/\" \/>\n<meta property=\"og:site_name\" content=\"Roundup River Ranch\" \/>\n<meta property=\"article:publisher\" content=\"https:\/\/www.facebook.com\/roundupriverranch\/\" \/>\n<meta property=\"article:modified_time\" content=\"2026-04-13T15:30:53+00:00\" \/>\n<meta name=\"twitter:card\" content=\"summary_large_image\" \/>\n<meta name=\"twitter:label1\" content=\"Tiempo de lectura\" \/>\n\t<meta name=\"twitter:data1\" content=\"2 minutos\" \/>\n<script type=\"application\/ld+json\" class=\"yoast-schema-graph\">{\"@context\":\"https:\\\/\\\/schema.org\",\"@graph\":[{\"@type\":\"WebPage\",\"@id\":\"https:\\\/\\\/roundupriverranch.org\\\/board-resources\\\/\",\"url\":\"https:\\\/\\\/roundupriverranch.org\\\/board-resources\\\/\",\"name\":\"Board Resources - Roundup River Ranch\",\"isPartOf\":{\"@id\":\"https:\\\/\\\/roundupriverranch.org\\\/#website\"},\"datePublished\":\"2025-12-19T21:43:56+00:00\",\"dateModified\":\"2026-04-13T15:30:53+00:00\",\"breadcrumb\":{\"@id\":\"https:\\\/\\\/roundupriverranch.org\\\/board-resources\\\/#breadcrumb\"},\"inLanguage\":\"es\"},{\"@type\":\"WebSite\",\"@id\":\"https:\\\/\\\/roundupriverranch.org\\\/#website\",\"url\":\"https:\\\/\\\/roundupriverranch.org\\\/\",\"name\":\"Roundup River Ranch\",\"description\":\"\",\"potentialAction\":[{\"@type\":\"SearchAction\",\"target\":{\"@type\":\"EntryPoint\",\"urlTemplate\":\"https:\\\/\\\/roundupriverranch.org\\\/?s={search_term_string}\"},\"query-input\":{\"@type\":\"PropertyValueSpecification\",\"valueRequired\":true,\"valueName\":\"search_term_string\"}}],\"inLanguage\":\"es\"}]}<\/script>\n<!-- \/ Yoast SEO Premium plugin. -->","yoast_head_json":{"title":"Recursos de la Junta - Roundup River Ranch","description":"P\u00f3ngase en contacto con nuestro equipo para una visita guiada, informaci\u00f3n sobre el campamento, las enfermedades que atendemos o c\u00f3mo participar a trav\u00e9s de carreras o voluntariado.","robots":{"index":"index","follow":"follow","max-snippet":"max-snippet:-1","max-image-preview":"max-image-preview:large","max-video-preview":"max-video-preview:-1"},"canonical":"https:\/\/roundupriverranch.org\/es\/board-resources\/","og_locale":"es_ES","og_type":"article","og_title":"Board Resources","og_description":"Contact our team for a tour, information about camp, the illnesses we serve or how to get involved through careers or volunteering!","og_url":"https:\/\/roundupriverranch.org\/es\/board-resources\/","og_site_name":"Roundup River Ranch","article_publisher":"https:\/\/www.facebook.com\/roundupriverranch\/","article_modified_time":"2026-04-13T15:30:53+00:00","twitter_card":"summary_large_image","twitter_misc":{"Tiempo de lectura":"2 minutos"},"schema":{"@context":"https:\/\/schema.org","@graph":[{"@type":"WebPage","@id":"https:\/\/roundupriverranch.org\/board-resources\/","url":"https:\/\/roundupriverranch.org\/board-resources\/","name":"Recursos de la Junta - Roundup River Ranch","isPartOf":{"@id":"https:\/\/roundupriverranch.org\/#website"},"datePublished":"2025-12-19T21:43:56+00:00","dateModified":"2026-04-13T15:30:53+00:00","breadcrumb":{"@id":"https:\/\/roundupriverranch.org\/board-resources\/#breadcrumb"},"inLanguage":"es"},{"@type":"WebSite","@id":"https:\/\/roundupriverranch.org\/#website","url":"https:\/\/roundupriverranch.org\/","name":"Rancho Roundup River","description":"","potentialAction":[{"@type":"SearchAction","target":{"@type":"EntryPoint","urlTemplate":"https:\/\/roundupriverranch.org\/?s={search_term_string}"},"query-input":{"@type":"PropertyValueSpecification","valueRequired":true,"valueName":"search_term_string"}}],"inLanguage":"es"}]}},"_links":{"self":[{"href":"https:\/\/roundupriverranch.org\/es\/wp-json\/wp\/v2\/pages\/11527","targetHints":{"allow":["GET"]}}],"collection":[{"href":"https:\/\/roundupriverranch.org\/es\/wp-json\/wp\/v2\/pages"}],"about":[{"href":"https:\/\/roundupriverranch.org\/es\/wp-json\/wp\/v2\/types\/page"}],"author":[{"embeddable":true,"href":"https:\/\/roundupriverranch.org\/es\/wp-json\/wp\/v2\/users\/1"}],"replies":[{"embeddable":true,"href":"https:\/\/roundupriverranch.org\/es\/wp-json\/wp\/v2\/comments?post=11527"}],"version-history":[{"count":55,"href":"https:\/\/roundupriverranch.org\/es\/wp-json\/wp\/v2\/pages\/11527\/revisions"}],"predecessor-version":[{"id":13197,"href":"https:\/\/roundupriverranch.org\/es\/wp-json\/wp\/v2\/pages\/11527\/revisions\/13197"}],"wp:attachment":[{"href":"https:\/\/roundupriverranch.org\/es\/wp-json\/wp\/v2\/media?parent=11527"}],"curies":[{"name":"wp","href":"https:\/\/api.w.org\/{rel}","templated":true}]}}