{"id":12351,"date":"2026-02-11T23:42:42","date_gmt":"2026-02-11T23:42:42","guid":{"rendered":"https:\/\/roundupriverranch.org\/?page_id=12351"},"modified":"2026-02-18T20:49:41","modified_gmt":"2026-02-18T20:49:41","slug":"outreach-roles","status":"publish","type":"page","link":"https:\/\/roundupriverranch.org\/es\/volunteer\/day-group-roles\/outreach-roles\/","title":{"rendered":"Funciones de divulgaci\u00f3n"},"content":{"rendered":"<div class=\"defaultheaderblock\">\n    <div class=\"defaultheaderblockinner\">\n\n                    <div class=\"headerouter\">\n                <div class=\"headerimage\" style=\"background-image: url(https:\/\/roundupriverranch.org\/wp-content\/uploads\/2026\/02\/Outreach-Volunteer-Header-01.jpeg)\">\n                    <img decoding=\"async\" src=\"https:\/\/roundupriverranch.org\/wp-content\/uploads\/2026\/02\/Outreach-Volunteer-Header-01.jpeg\" alt=\"\" \/>\n                <\/div>\n                <div class=\"mobileheaderimage\">\n                    <img decoding=\"async\" src=\"https:\/\/roundupriverranch.org\/wp-content\/uploads\/2026\/02\/Outreach-Volunteer-Header-02.jpeg\" alt=\"\" \/>\n                <\/div>\n            <\/div>\n        \n    <\/div>\n    <div class=\"defaultheadercurve\">\n        <img decoding=\"async\" src=\"https:\/\/roundupriverranch.org\/wp-content\/themes\/sage\/public\/build\/assets\/defaultheadercurve-Cez_Hkub.svg\" alt=\"\">\n    <\/div>\n<\/div>\n\n\n\n<h1 class=\"wp-block-heading has-text-align-center\" id=\"h-outreach-roles\">Funciones de divulgaci\u00f3n<\/h1>\n\n\n\n<div style=\"height:20px\" aria-hidden=\"true\" class=\"wp-block-spacer\"><\/div>\n\n\n\n<p class=\"has-text-align-left\">Hay muchas maneras significativas de dar su tiempo y apoyar el coraz\u00f3n del campamento - tanto en los terrenos de nuestro campamento y en la comunidad. Las funciones de apoyo a las operaciones ayudan a impulsar nuestros eventos especiales, a mantener el buen funcionamiento del campamento y a llevar alegr\u00eda a los campistas a trav\u00e9s de nuestros programas de divulgaci\u00f3n. Se trata normalmente de funciones de voluntariado diurno y puede que no requieran el proceso de solicitud completo ni la formaci\u00f3n necesaria para los voluntarios de nuestros programas residenciales.<\/p>\n\n\n\n<hr class=\"wp-block-separator has-alpha-channel-opacity\"\/>\n\n\n\n<h3 class=\"wp-block-heading\" id=\"h-box-building-volunteer\">Voluntario de construcci\u00f3n de cajas<\/h3>\n\n\n\n<p>Ayude a montar y empaquetar las cajas de actividades que se env\u00edan directamente a los campistas, las familias y los socios de Camp In Your Community. Los voluntarios deben tener al menos 13 a\u00f1os. Puede ser una actividad grupal o individual, y hay oportunidades para voluntarios de construcci\u00f3n de cajas en Denver y en el campamento de Gypsum, CO.<br><br><strong>Requisitos para ser voluntario:<\/strong><\/p>\n\n\n\n<ul class=\"wp-block-list\">\n<li>Para participar como voluntario en la construcci\u00f3n de cajas, env\u00edenos un correo electr\u00f3nico a volunteer@roundupriverranch.org para conocer la disponibilidad y los horarios.<\/li>\n<\/ul>\n\n\n\n<hr class=\"wp-block-separator has-alpha-channel-opacity\"\/>\n\n\n\n<h3 class=\"wp-block-heading\" id=\"h-club-online-volunteer\">Club Online Voluntario<\/h3>\n\n\n\n<p>El Club Online tiene lugar todos los meses en primavera y oto\u00f1o. Cada sesi\u00f3n dura una hora con un check-in previo de 30 minutos y se celebra una vez a la semana durante todo el mes. Participe como consejero en las divertidas e interactivas sesiones del Club en l\u00ednea 3 veces al mes. Los voluntarios deben tener al menos 19 a\u00f1os. Echa un vistazo a nuestras oportunidades actuales del Club Online <a href=\"https:\/\/roundupriverranch.org\/es\/camp-programs\/outreach-programs\/camp-online\/\">\u00a1Aqu\u00ed!<\/a><br><br><strong>Requisitos para ser voluntario:<\/strong><\/p>\n\n\n\n<ul class=\"wp-block-list\">\n<li>Solicitud de voluntariado en l\u00ednea<\/li>\n\n\n\n<li>Entrevista con el personal de RRR<\/li>\n\n\n\n<li>Acuerdos y pol\u00edticas de voluntariado<\/li>\n\n\n\n<li>Verificaci\u00f3n de antecedentes penales de voluntarios<\/li>\n\n\n\n<li>Vital Camp Formaci\u00f3n en l\u00ednea<\/li>\n\n\n\n<li>Comprobaci\u00f3n de antecedentes del CDHS (se repite cada 5 a\u00f1os)<\/li>\n\n\n\n<li>Comprobaci\u00f3n de antecedentes dactilares (se repite cada 5 a\u00f1os)<\/li>\n<\/ul>\n\n\n\n<hr class=\"wp-block-separator has-alpha-channel-opacity\"\/>\n\n\n\n<h3 class=\"wp-block-heading\" id=\"h-howdy-hangout-volunteer\">Howdy Hangout Voluntario<\/h3>\n\n\n\n<p>\u00danase a nuestro equipo en Denver o a lo largo de Front Range para programas o eventos de campamentos emergentes que llevan nuestra misi\u00f3n a familias nuevas y existentes. Los voluntarios deben tener al menos 19 a\u00f1os y cumplir nuestros requisitos de voluntariado, vacunaci\u00f3n y verificaci\u00f3n de antecedentes.<br><br><strong>Requisitos para ser voluntario:<\/strong><\/p>\n\n\n\n<ul class=\"wp-block-list\">\n<li><strong>Requisitos para los voluntarios que regresan (deben cumplimentarse todos los a\u00f1os):<\/strong>\n<ul class=\"wp-block-list\">\n<li>Formulario de historial m\u00e9dico<\/li>\n\n\n\n<li>Acuerdos y pol\u00edticas de voluntariado<\/li>\n\n\n\n<li>Verificaci\u00f3n de antecedentes penales de voluntarios<\/li>\n\n\n\n<li>Vacuna antigripal<\/li>\n\n\n\n<li>Vital Camp Formaci\u00f3n en l\u00ednea<\/li>\n\n\n\n<li>Jornada completa de orientaci\u00f3n<\/li>\n<\/ul>\n<\/li>\n\n\n\n<li><strong><strong>Nuevos requisitos para ser voluntario:<\/strong><\/strong>\n<ul class=\"wp-block-list\">\n<li>CDHS Background Inquiry Check- a completar cada 5 a\u00f1os (<em>se explica a continuaci\u00f3n<\/em>)<\/li>\n\n\n\n<li>Comprobaci\u00f3n de antecedentes dactilares: debe realizarse cada 5 a\u00f1os (<em>se explica a continuaci\u00f3n<\/em>)<\/li>\n\n\n\n<li>Notificaci\u00f3n de la Ley de Protecci\u00f3n de la Intimidad<\/li>\n\n\n\n<li>3 Referencias<\/li>\n\n\n\n<li>Formulario de historial m\u00e9dico<\/li>\n\n\n\n<li>Acuerdos y pol\u00edticas de voluntariado<\/li>\n\n\n\n<li>Verificaci\u00f3n de antecedentes penales de voluntarios<\/li>\n\n\n\n<li>Vacuna actual contra la gripe estacional<\/li>\n\n\n\n<li>Vital Camp Formaci\u00f3n en l\u00ednea<\/li>\n<\/ul>\n<\/li>\n<\/ul>\n\n\n\n<hr class=\"wp-block-separator has-alpha-channel-opacity\"\/>\n\n\n\n<h3 class=\"wp-block-heading\" id=\"h-new-volunteer-requirement-details\">Nuevos requisitos para ser voluntario<\/h3>\n\n\n\n<p><strong>Se necesitan nuevas cartillas de vacunaci\u00f3n para voluntarios:<\/strong><\/p>\n\n\n\n<p>Nuestra principal preocupaci\u00f3n es asegurar que usted y nuestros campistas tengan una experiencia de campamento saludable y divertida. Debido a que el sistema inmunol\u00f3gico de nuestros campistas est\u00e1 comprometido, es muy importante que todo el personal y los voluntarios cumplan con nuestros requisitos de vacunaci\u00f3n.<\/p>\n\n\n\n<p><em>Durante el primer a\u00f1o de voluntariado se exigen los registros de las siguientes vacunas:<\/em><\/p>\n\n\n\n<ul class=\"wp-block-list\">\n<li><strong>Hepatitis A<\/strong>: Obligatorio para todo el personal de cocina\/voluntarios y recomendado para todos. El personal de cocina\/voluntarios debe recibir un m\u00ednimo de una dosis un mes antes de asistir al campamento.<\/li>\n\n\n\n<li><strong>Hepatitis B<\/strong>: Existe un riesgo peque\u00f1o, pero real, de contraer la hepatitis B si no se vacuna. B si no se vacuna.  Si no recibe esta vacuna, debe firmar la exenci\u00f3n de Hepatitis B dentro del formulario de historial m\u00e9dico.<\/li>\n\n\n\n<li><strong>Sarampi\u00f3n, paperas y rubeola (SPR):<\/strong>&nbsp;Cualquier persona nacida en 1957 o m\u00e1s tarde debe proporcionar documentaci\u00f3n de dos vacunas MMR o tener un t\u00edtulo de anticuerpos MMR. Esta vacuna debe recibirse al menos 4 semanas antes de llegar al campamento (se requieren 2 fechas de vacunaci\u00f3n).<\/li>\n\n\n\n<li><strong>T\u00e9tanos\/tos ferina (Td\/TdaP):<\/strong>&nbsp;Debe estar en vigor y actualizado en los 10 a\u00f1os siguientes a la \u00faltima dosis.<\/li>\n\n\n\n<li><strong>Varicela:<\/strong>&nbsp;Fecha de la enfermedad de la varicela (debe figurar en el formulario de historial m\u00e9dico) O Dos dosis de la vacuna contra la varicela (debe recibirse 8 semanas antes de llegar al campamento)<\/li>\n<\/ul>\n\n\n\n<p><strong>Explicaci\u00f3n de la comprobaci\u00f3n de antecedentes y huellas dactilares:<\/strong><\/p>\n\n\n\n<p>Debido a la licencia de cuidado de ni\u00f1os de Colorado y los requisitos de acreditaci\u00f3n de ACA, nuestro personal y voluntarios completan una serie de 3 verificaciones de antecedentes antes de su participaci\u00f3n en nuestro programa. Los controles de antecedentes consisten en:&nbsp;<\/p>\n\n\n\n<p>Comprobaci\u00f3n de antecedentes en la base de datos del CDEC Trails en busca de antecedentes espec\u00edficos de maltrato y abandono de menores.<\/p>\n\n\n\n<p>Una comprobaci\u00f3n de antecedentes basada en huellas dactilares que busca antecedentes penales en la base de datos de la Oficina de Investigaci\u00f3n de Colorado y en la base de datos de la Oficina Federal de Investigaci\u00f3n.<\/p>\n\n\n\n<p>Una comprobaci\u00f3n anual de antecedentes penales a escala nacional (tramitada a trav\u00e9s de CheckR; campbackgroundcheck.com para los voluntarios).<\/p>\n\n\n\n<hr class=\"wp-block-separator has-alpha-channel-opacity\"\/>\n\n\n\n<h3 class=\"wp-block-heading has-text-align-left\" id=\"h-ready-to-get-involved\">\u00bfListo para participar? <\/h3>\n\n\n\n<p>Cada una de estas funciones contribuye a llevar la alegr\u00eda, la conexi\u00f3n y la magia del campamento m\u00e1s all\u00e1 de nuestras instalaciones.<\/p>\n\n\n\n<p class=\"has-text-align-left\">Tanto si puede donar unas horas como un d\u00eda entero, su ayuda contribuye a crear experiencias extraordinarias para los campistas y sus familias. <strong><a href=\"https:\/\/roundupriverranch.org\/es\/volunteer\/\">Obtenga m\u00e1s informaci\u00f3n e inscr\u00edbase hoy mismo.<\/a><\/strong><\/p>\n\n\n\n<div style=\"height:100px\" aria-hidden=\"true\" class=\"wp-block-spacer\"><\/div>","protected":false},"excerpt":{"rendered":"<p>Funciones de extensi\u00f3n Hay muchas maneras significativas de dar su tiempo y apoyar el coraz\u00f3n del campamento - tanto en los terrenos de nuestro ... <a href=\"https:\/\/roundupriverranch.org\/es\/volunteer\/day-group-roles\/outreach-roles\/\">Contin\u00faa<\/a><\/p>","protected":false},"author":4,"featured_media":0,"parent":695,"menu_order":0,"comment_status":"closed","ping_status":"closed","template":"template-secondary.blade.php","meta":{"_acf_changed":false,"footnotes":""},"class_list":["post-12351","page","type-page","status-publish","hentry"],"acf":[],"yoast_head":"<!-- This site is optimized with the Yoast SEO Premium plugin v26.9 (Yoast SEO v27.3) - https:\/\/yoast.com\/product\/yoast-seo-premium-wordpress\/ -->\n<title>Outreach Roles - Roundup River Ranch<\/title>\n<meta name=\"robots\" content=\"index, follow, max-snippet:-1, max-image-preview:large, max-video-preview:-1\" \/>\n<link rel=\"canonical\" href=\"https:\/\/roundupriverranch.org\/es\/volunteer\/day-group-roles\/outreach-roles\/\" \/>\n<meta property=\"og:locale\" content=\"es_ES\" \/>\n<meta property=\"og:type\" content=\"article\" \/>\n<meta property=\"og:title\" content=\"Outreach Roles\" \/>\n<meta property=\"og:description\" content=\"Outreach Roles There are so many meaningful ways to give your time and support the heart of camp &#8211; both on the grounds of our &hellip; Continued\" \/>\n<meta property=\"og:url\" content=\"https:\/\/roundupriverranch.org\/es\/volunteer\/day-group-roles\/outreach-roles\/\" \/>\n<meta property=\"og:site_name\" content=\"Roundup River Ranch\" \/>\n<meta property=\"article:publisher\" content=\"https:\/\/www.facebook.com\/roundupriverranch\/\" \/>\n<meta property=\"article:modified_time\" content=\"2026-02-18T20:49:41+00:00\" \/>\n<meta name=\"twitter:card\" content=\"summary_large_image\" \/>\n<meta name=\"twitter:label1\" content=\"Tiempo de lectura\" \/>\n\t<meta name=\"twitter:data1\" content=\"4 minutos\" \/>\n<script type=\"application\/ld+json\" class=\"yoast-schema-graph\">{\"@context\":\"https:\\\/\\\/schema.org\",\"@graph\":[{\"@type\":\"WebPage\",\"@id\":\"https:\\\/\\\/roundupriverranch.org\\\/volunteer\\\/day-group-roles\\\/outreach-roles\\\/\",\"url\":\"https:\\\/\\\/roundupriverranch.org\\\/volunteer\\\/day-group-roles\\\/outreach-roles\\\/\",\"name\":\"Outreach Roles - Roundup River Ranch\",\"isPartOf\":{\"@id\":\"https:\\\/\\\/roundupriverranch.org\\\/#website\"},\"datePublished\":\"2026-02-11T23:42:42+00:00\",\"dateModified\":\"2026-02-18T20:49:41+00:00\",\"breadcrumb\":{\"@id\":\"https:\\\/\\\/roundupriverranch.org\\\/volunteer\\\/day-group-roles\\\/outreach-roles\\\/#breadcrumb\"},\"inLanguage\":\"es\",\"potentialAction\":[{\"@type\":\"ReadAction\",\"target\":[\"https:\\\/\\\/roundupriverranch.org\\\/volunteer\\\/day-group-roles\\\/outreach-roles\\\/\"]}]},{\"@type\":\"BreadcrumbList\",\"@id\":\"https:\\\/\\\/roundupriverranch.org\\\/volunteer\\\/day-group-roles\\\/outreach-roles\\\/#breadcrumb\",\"itemListElement\":[{\"@type\":\"ListItem\",\"position\":1,\"name\":\"Home\",\"item\":\"https:\\\/\\\/roundupriverranch.org\\\/\"},{\"@type\":\"ListItem\",\"position\":2,\"name\":\"Volunteer\",\"item\":\"https:\\\/\\\/roundupriverranch.org\\\/volunteer\\\/\"},{\"@type\":\"ListItem\",\"position\":3,\"name\":\"Day and Group Roles\",\"item\":\"https:\\\/\\\/roundupriverranch.org\\\/volunteer\\\/day-group-roles\\\/\"},{\"@type\":\"ListItem\",\"position\":4,\"name\":\"Outreach Roles\"}]},{\"@type\":\"WebSite\",\"@id\":\"https:\\\/\\\/roundupriverranch.org\\\/#website\",\"url\":\"https:\\\/\\\/roundupriverranch.org\\\/\",\"name\":\"Roundup River Ranch\",\"description\":\"\",\"potentialAction\":[{\"@type\":\"SearchAction\",\"target\":{\"@type\":\"EntryPoint\",\"urlTemplate\":\"https:\\\/\\\/roundupriverranch.org\\\/?s={search_term_string}\"},\"query-input\":{\"@type\":\"PropertyValueSpecification\",\"valueRequired\":true,\"valueName\":\"search_term_string\"}}],\"inLanguage\":\"es\"}]}<\/script>\n<!-- \/ Yoast SEO Premium plugin. -->","yoast_head_json":{"title":"Funciones de divulgaci\u00f3n - Roundup River Ranch","robots":{"index":"index","follow":"follow","max-snippet":"max-snippet:-1","max-image-preview":"max-image-preview:large","max-video-preview":"max-video-preview:-1"},"canonical":"https:\/\/roundupriverranch.org\/es\/volunteer\/day-group-roles\/outreach-roles\/","og_locale":"es_ES","og_type":"article","og_title":"Outreach Roles","og_description":"Outreach Roles There are so many meaningful ways to give your time and support the heart of camp &#8211; both on the grounds of our &hellip; Continued","og_url":"https:\/\/roundupriverranch.org\/es\/volunteer\/day-group-roles\/outreach-roles\/","og_site_name":"Roundup River Ranch","article_publisher":"https:\/\/www.facebook.com\/roundupriverranch\/","article_modified_time":"2026-02-18T20:49:41+00:00","twitter_card":"summary_large_image","twitter_misc":{"Tiempo de lectura":"4 minutos"},"schema":{"@context":"https:\/\/schema.org","@graph":[{"@type":"WebPage","@id":"https:\/\/roundupriverranch.org\/volunteer\/day-group-roles\/outreach-roles\/","url":"https:\/\/roundupriverranch.org\/volunteer\/day-group-roles\/outreach-roles\/","name":"Funciones de divulgaci\u00f3n - Roundup River Ranch","isPartOf":{"@id":"https:\/\/roundupriverranch.org\/#website"},"datePublished":"2026-02-11T23:42:42+00:00","dateModified":"2026-02-18T20:49:41+00:00","breadcrumb":{"@id":"https:\/\/roundupriverranch.org\/volunteer\/day-group-roles\/outreach-roles\/#breadcrumb"},"inLanguage":"es","potentialAction":[{"@type":"ReadAction","target":["https:\/\/roundupriverranch.org\/volunteer\/day-group-roles\/outreach-roles\/"]}]},{"@type":"BreadcrumbList","@id":"https:\/\/roundupriverranch.org\/volunteer\/day-group-roles\/outreach-roles\/#breadcrumb","itemListElement":[{"@type":"ListItem","position":1,"name":"Home","item":"https:\/\/roundupriverranch.org\/"},{"@type":"ListItem","position":2,"name":"Volunteer","item":"https:\/\/roundupriverranch.org\/volunteer\/"},{"@type":"ListItem","position":3,"name":"Day and Group Roles","item":"https:\/\/roundupriverranch.org\/volunteer\/day-group-roles\/"},{"@type":"ListItem","position":4,"name":"Outreach Roles"}]},{"@type":"WebSite","@id":"https:\/\/roundupriverranch.org\/#website","url":"https:\/\/roundupriverranch.org\/","name":"Rancho Roundup River","description":"","potentialAction":[{"@type":"SearchAction","target":{"@type":"EntryPoint","urlTemplate":"https:\/\/roundupriverranch.org\/?s={search_term_string}"},"query-input":{"@type":"PropertyValueSpecification","valueRequired":true,"valueName":"search_term_string"}}],"inLanguage":"es"}]}},"_links":{"self":[{"href":"https:\/\/roundupriverranch.org\/es\/wp-json\/wp\/v2\/pages\/12351","targetHints":{"allow":["GET"]}}],"collection":[{"href":"https:\/\/roundupriverranch.org\/es\/wp-json\/wp\/v2\/pages"}],"about":[{"href":"https:\/\/roundupriverranch.org\/es\/wp-json\/wp\/v2\/types\/page"}],"author":[{"embeddable":true,"href":"https:\/\/roundupriverranch.org\/es\/wp-json\/wp\/v2\/users\/4"}],"replies":[{"embeddable":true,"href":"https:\/\/roundupriverranch.org\/es\/wp-json\/wp\/v2\/comments?post=12351"}],"version-history":[{"count":5,"href":"https:\/\/roundupriverranch.org\/es\/wp-json\/wp\/v2\/pages\/12351\/revisions"}],"predecessor-version":[{"id":12459,"href":"https:\/\/roundupriverranch.org\/es\/wp-json\/wp\/v2\/pages\/12351\/revisions\/12459"}],"up":[{"embeddable":true,"href":"https:\/\/roundupriverranch.org\/es\/wp-json\/wp\/v2\/pages\/695"}],"wp:attachment":[{"href":"https:\/\/roundupriverranch.org\/es\/wp-json\/wp\/v2\/media?parent=12351"}],"curies":[{"name":"wp","href":"https:\/\/api.w.org\/{rel}","templated":true}]}}