{"id":1529,"date":"2025-12-13T15:31:05","date_gmt":"2025-12-13T15:31:05","guid":{"rendered":"https:\/\/roundupriverranch.org\/?page_id=1529"},"modified":"2025-12-13T15:57:02","modified_gmt":"2025-12-13T15:57:02","slug":"fundraise","status":"publish","type":"page","link":"https:\/\/roundupriverranch.org\/es\/support-us\/ways-to-give\/fundraise\/","title":{"rendered":"Recaudar fondos"},"content":{"rendered":"<div class=\"defaultheaderblock\">\n    <div class=\"defaultheaderblockinner\">\n\n                    <div class=\"headerouter\">\n                <div class=\"headerimage\" style=\"background-image: url(https:\/\/roundupriverranch.org\/wp-content\/uploads\/2025\/12\/headerplaceholder2.jpg)\">\n                    <img decoding=\"async\" src=\"https:\/\/roundupriverranch.org\/wp-content\/uploads\/2025\/12\/headerplaceholder2.jpg\" alt=\"\" \/>\n                <\/div>\n                <div class=\"mobileheaderimage\">\n                    <img decoding=\"async\" src=\"https:\/\/roundupriverranch.org\/wp-content\/uploads\/2025\/12\/header_mobile_placeholder.jpg\" alt=\"\" \/>\n                <\/div>\n            <\/div>\n        \n    <\/div>\n    <div class=\"defaultheadercurve\">\n        <img decoding=\"async\" src=\"https:\/\/roundupriverranch.org\/wp-content\/themes\/sage\/public\/build\/assets\/defaultheadercurve-Cez_Hkub.svg\" alt=\"\">\n    <\/div>\n<\/div>\n\n\n\n<h1 class=\"wp-block-heading has-text-align-center\">Recaudar fondos<\/h1>\n\n\n\n<h2 class=\"wp-block-heading has-text-align-center\">ABRAZA LA ALEGR\u00cdA Y \u00daNETE AL MOVIMIENTO<\/h2>\n\n\n\n<div style=\"height:20px\" aria-hidden=\"true\" class=\"wp-block-spacer\"><\/div>\n\n\n\n<div style=\"height:20px\" aria-hidden=\"true\" class=\"wp-block-spacer\"><\/div>\n\n\n\n<p>En <strong>Movimiento Abraza la Alegr\u00eda<\/strong> re\u00fane el campamento, la creatividad y la comunidad para apoyar al Roundup River Ranch. Se trata de convertir lo que amas en un impacto significativo: recaudar fondos y concienciar para que los ni\u00f1os con diagn\u00f3sticos que alteran su vida puedan fomentar su independencia, crear conexiones y construir esperanza, \u00a1y ABRAZAR LA ALEGR\u00cdA!<\/p>\n\n\n\n<p>Decidas lo que decidas, hazlo con alegr\u00eda. Estamos aqu\u00ed para apoyarte en cada paso del camino. Hay muchas formas creativas de empezar tu propia recaudaci\u00f3n de fondos.<\/p>\n\n\n\n<div style=\"height:0px\" aria-hidden=\"true\" class=\"wp-block-spacer\"><\/div>\n\n\n<div class=\"imagecopyblockwrap\">\n    <div class=\"imagecopyblockinner right small\">\n        <div class=\"imagecopyblockimage\">\n            <img decoding=\"async\" src=\"https:\/\/roundupriverranch.org\/wp-content\/uploads\/2025\/12\/placeholder2.jpg\" alt=\"\" \/>\n        <\/div>\n        <div class=\"imagecopyblockcontent\">\n            <div class=\"copyinner\">\n                <h2>CELEBRARTE<\/h2>\n<p>Honra a tus seres queridos. Celebra los hitos de la vida. Comparta la alegr\u00eda a su manera. Crea una recaudaci\u00f3n de fondos en honor de tus superh\u00e9roes o para celebrar momentos especiales: cumplea\u00f1os, bodas, aniversarios o simplemente porque s\u00ed.<\/p>\n\n            <\/div>\n                            <div class=\"ctalink\">\n                    <a class=\"drkgreen-btn lowercase\" href=\"https:\/\/roundupriverranch.org\/es\/support-us\/get-involved\/honor-a-loved-one\/\">Honrar a un ser querido<\/a>\n                <\/div>\n                    <\/div>\n    <\/div>\n    <div class=\"seperator\"><\/div>\n<\/div>\n\n\n<div class=\"imagecopyblockwrap\">\n    <div class=\"imagecopyblockinner right small\">\n        <div class=\"imagecopyblockimage\">\n            <img decoding=\"async\" src=\"https:\/\/roundupriverranch.org\/wp-content\/uploads\/2025\/12\/placeholder2.jpg\" alt=\"\" \/>\n        <\/div>\n        <div class=\"imagecopyblockcontent\">\n            <div class=\"copyinner\">\n                <h2>ORGANICE UN EVENTO<\/h2>\n<p>Re\u00fane a la gente y haz que tenga sentido. Organiza una cena, un concierto, una noche de cine, una caminata con raquetas de nieve, un puesto de limonada o cualquier otra actividad. Cada reuni\u00f3n puede ayudar a abrir la puerta a experiencias de campamento que cambian la vida.<\/p>\n\n            <\/div>\n                            <div class=\"ctalink\">\n                    <a class=\"drkgreen-btn lowercase\" href=\"#\">Organizar un acto - CTA<\/a>\n                <\/div>\n                    <\/div>\n    <\/div>\n    <div class=\"seperator\"><\/div>\n<\/div>\n\n\n<div class=\"imagecopyblockwrap\">\n    <div class=\"imagecopyblockinner right small\">\n        <div class=\"imagecopyblockimage\">\n            <img decoding=\"async\" src=\"https:\/\/roundupriverranch.org\/wp-content\/uploads\/2025\/12\/placeholder2.jpg\" alt=\"\" \/>\n        <\/div>\n        <div class=\"imagecopyblockcontent\">\n            <div class=\"copyinner\">\n                <h2>ACT\u00cdVATE<\/h2>\n<p>Al igual que nuestros campistas, desaf\u00edate a ti mismo, prueba algo nuevo y celebra lo que eres capaz de hacer.<br \/>\nAp\u00fantate a una carrera, escala una monta\u00f1a, corre un marat\u00f3n, cruza Colorado en bicicleta, o cruza el pa\u00eds. Ya sea grande o peque\u00f1o, tu movimiento alimenta momentos de alegr\u00eda en el campamento.<\/p>\n\n            <\/div>\n                            <div class=\"ctalink\">\n                    <a class=\"drkgreen-btn lowercase\" href=\"#\">Act\u00edvate - CTA<\/a>\n                <\/div>\n                    <\/div>\n    <\/div>\n    <div class=\"seperator\"><\/div>\n<\/div>\n\n\n<div class=\"imagecopyblockwrap\">\n    <div class=\"imagecopyblockinner right small\">\n        <div class=\"imagecopyblockimage\">\n            <img decoding=\"async\" src=\"https:\/\/roundupriverranch.org\/wp-content\/uploads\/2025\/12\/placeholder2.jpg\" alt=\"\" \/>\n        <\/div>\n        <div class=\"imagecopyblockcontent\">\n            <div class=\"copyinner\">\n                <h2>INICIA UNA RECAUDACI\u00d3N DE FONDOS EN LAS REDES SOCIALES<\/h2>\n<p>Las plataformas de redes sociales como Facebook e Instagram facilitan compartir tu historia, llegar a tu comunidad y recaudar donativos, todo en un mismo lugar. Es una forma sencilla y eficaz de dejar huella e invitar a otros a formar parte del viaje.<\/p>\n\n            <\/div>\n                            <div class=\"ctalink\">\n                    <a class=\"drkgreen-btn lowercase\" href=\"#\">Start A Frundraiser - CTA<\/a>\n                <\/div>\n                    <\/div>\n    <\/div>\n    <div class=\"seperator\"><\/div>\n<\/div>\n\n\n\n<h3 class=\"wp-block-heading\">C\u00f3mo podemos ayudarle<\/h3>\n\n\n\n<p>Estamos aqu\u00ed para ayudarle a convertir su pasi\u00f3n en prop\u00f3sito. Desde logotipos e im\u00e1genes hasta ideas para recaudar fondos y orientaci\u00f3n, estamos orgullosos de colaborar contigo en cada paso del camino.<\/p>\n\n\n\n<p><strong>Empecemos.<\/strong><br>Env\u00edenos un correo electr\u00f3nico a <a href=\"mailto:advancement@roundupriverranch.org\">advancement@roundupriverranch.org<\/a><strong> <\/strong>&nbsp;y nuestro equipo le ayudar\u00e1 a sumergirse, paso a paso, para que pueda empezar a dejar huella de inmediato.<\/p>\n\n\n\n<div style=\"height:100px\" aria-hidden=\"true\" class=\"wp-block-spacer\"><\/div>","protected":false},"excerpt":{"rendered":"<p>Fundraise EMBRACE JOY AND JOIN THE MOVEMENT The Embrace Joy Movement brings together camp, creativity, and community to support Roundup River Ranch. It\u2019s about turning &hellip; <a href=\"https:\/\/roundupriverranch.org\/es\/support-us\/ways-to-give\/fundraise\/\">Contin\u00faa<\/a><\/p>","protected":false},"author":1,"featured_media":0,"parent":715,"menu_order":0,"comment_status":"closed","ping_status":"open","template":"template-secondary.blade.php","meta":{"_acf_changed":false,"footnotes":""},"class_list":["post-1529","page","type-page","status-publish","hentry"],"acf":[],"yoast_head":"<!-- This site is optimized with the Yoast SEO Premium plugin v26.9 (Yoast SEO v27.4) - https:\/\/yoast.com\/product\/yoast-seo-premium-wordpress\/ -->\n<title>Fundraise - Roundup River Ranch<\/title>\n<meta name=\"robots\" content=\"index, follow, max-snippet:-1, max-image-preview:large, max-video-preview:-1\" \/>\n<link rel=\"canonical\" href=\"https:\/\/roundupriverranch.org\/es\/support-us\/ways-to-give\/fundraise\/\" \/>\n<meta property=\"og:locale\" content=\"es_ES\" \/>\n<meta property=\"og:type\" content=\"article\" \/>\n<meta property=\"og:title\" content=\"Fundraise\" \/>\n<meta property=\"og:description\" content=\"Fundraise EMBRACE JOY AND JOIN THE MOVEMENT The Embrace Joy Movement brings together camp, creativity, and community to support Roundup River Ranch. It\u2019s about turning &hellip; Continued\" \/>\n<meta property=\"og:url\" content=\"https:\/\/roundupriverranch.org\/es\/support-us\/ways-to-give\/fundraise\/\" \/>\n<meta property=\"og:site_name\" content=\"Roundup River Ranch\" \/>\n<meta property=\"article:publisher\" content=\"https:\/\/www.facebook.com\/roundupriverranch\/\" \/>\n<meta property=\"article:modified_time\" content=\"2025-12-13T15:57:02+00:00\" \/>\n<meta name=\"twitter:card\" content=\"summary_large_image\" \/>\n<meta name=\"twitter:label1\" content=\"Tiempo de lectura\" \/>\n\t<meta name=\"twitter:data1\" content=\"1 minuto\" \/>\n<script type=\"application\/ld+json\" class=\"yoast-schema-graph\">{\"@context\":\"https:\\\/\\\/schema.org\",\"@graph\":[{\"@type\":\"WebPage\",\"@id\":\"https:\\\/\\\/roundupriverranch.org\\\/support-us\\\/ways-to-give\\\/fundraise\\\/\",\"url\":\"https:\\\/\\\/roundupriverranch.org\\\/support-us\\\/ways-to-give\\\/fundraise\\\/\",\"name\":\"Fundraise - Roundup River Ranch\",\"isPartOf\":{\"@id\":\"https:\\\/\\\/roundupriverranch.org\\\/#website\"},\"datePublished\":\"2025-12-13T15:31:05+00:00\",\"dateModified\":\"2025-12-13T15:57:02+00:00\",\"breadcrumb\":{\"@id\":\"https:\\\/\\\/roundupriverranch.org\\\/support-us\\\/ways-to-give\\\/fundraise\\\/#breadcrumb\"},\"inLanguage\":\"es\",\"potentialAction\":[{\"@type\":\"ReadAction\",\"target\":[\"https:\\\/\\\/roundupriverranch.org\\\/support-us\\\/ways-to-give\\\/fundraise\\\/\"]}]},{\"@type\":\"BreadcrumbList\",\"@id\":\"https:\\\/\\\/roundupriverranch.org\\\/support-us\\\/ways-to-give\\\/fundraise\\\/#breadcrumb\",\"itemListElement\":[{\"@type\":\"ListItem\",\"position\":1,\"name\":\"Home\",\"item\":\"https:\\\/\\\/roundupriverranch.org\\\/\"},{\"@type\":\"ListItem\",\"position\":2,\"name\":\"Support Us\",\"item\":\"https:\\\/\\\/roundupriverranch.org\\\/support-us\\\/\"},{\"@type\":\"ListItem\",\"position\":3,\"name\":\"Ways to Give\",\"item\":\"https:\\\/\\\/roundupriverranch.org\\\/support-us\\\/ways-to-give\\\/\"},{\"@type\":\"ListItem\",\"position\":4,\"name\":\"Fundraise\"}]},{\"@type\":\"WebSite\",\"@id\":\"https:\\\/\\\/roundupriverranch.org\\\/#website\",\"url\":\"https:\\\/\\\/roundupriverranch.org\\\/\",\"name\":\"Roundup River Ranch\",\"description\":\"\",\"potentialAction\":[{\"@type\":\"SearchAction\",\"target\":{\"@type\":\"EntryPoint\",\"urlTemplate\":\"https:\\\/\\\/roundupriverranch.org\\\/?s={search_term_string}\"},\"query-input\":{\"@type\":\"PropertyValueSpecification\",\"valueRequired\":true,\"valueName\":\"search_term_string\"}}],\"inLanguage\":\"es\"}]}<\/script>\n<!-- \/ Yoast SEO Premium plugin. -->","yoast_head_json":{"title":"Recaudaci\u00f3n de fondos - Roundup River Ranch","robots":{"index":"index","follow":"follow","max-snippet":"max-snippet:-1","max-image-preview":"max-image-preview:large","max-video-preview":"max-video-preview:-1"},"canonical":"https:\/\/roundupriverranch.org\/es\/support-us\/ways-to-give\/fundraise\/","og_locale":"es_ES","og_type":"article","og_title":"Fundraise","og_description":"Fundraise EMBRACE JOY AND JOIN THE MOVEMENT The Embrace Joy Movement brings together camp, creativity, and community to support Roundup River Ranch. It\u2019s about turning &hellip; Continued","og_url":"https:\/\/roundupriverranch.org\/es\/support-us\/ways-to-give\/fundraise\/","og_site_name":"Roundup River Ranch","article_publisher":"https:\/\/www.facebook.com\/roundupriverranch\/","article_modified_time":"2025-12-13T15:57:02+00:00","twitter_card":"summary_large_image","twitter_misc":{"Tiempo de lectura":"1 minuto"},"schema":{"@context":"https:\/\/schema.org","@graph":[{"@type":"WebPage","@id":"https:\/\/roundupriverranch.org\/support-us\/ways-to-give\/fundraise\/","url":"https:\/\/roundupriverranch.org\/support-us\/ways-to-give\/fundraise\/","name":"Recaudaci\u00f3n de fondos - Roundup River Ranch","isPartOf":{"@id":"https:\/\/roundupriverranch.org\/#website"},"datePublished":"2025-12-13T15:31:05+00:00","dateModified":"2025-12-13T15:57:02+00:00","breadcrumb":{"@id":"https:\/\/roundupriverranch.org\/support-us\/ways-to-give\/fundraise\/#breadcrumb"},"inLanguage":"es","potentialAction":[{"@type":"ReadAction","target":["https:\/\/roundupriverranch.org\/support-us\/ways-to-give\/fundraise\/"]}]},{"@type":"BreadcrumbList","@id":"https:\/\/roundupriverranch.org\/support-us\/ways-to-give\/fundraise\/#breadcrumb","itemListElement":[{"@type":"ListItem","position":1,"name":"Home","item":"https:\/\/roundupriverranch.org\/"},{"@type":"ListItem","position":2,"name":"Support Us","item":"https:\/\/roundupriverranch.org\/support-us\/"},{"@type":"ListItem","position":3,"name":"Ways to Give","item":"https:\/\/roundupriverranch.org\/support-us\/ways-to-give\/"},{"@type":"ListItem","position":4,"name":"Fundraise"}]},{"@type":"WebSite","@id":"https:\/\/roundupriverranch.org\/#website","url":"https:\/\/roundupriverranch.org\/","name":"Rancho Roundup River","description":"","potentialAction":[{"@type":"SearchAction","target":{"@type":"EntryPoint","urlTemplate":"https:\/\/roundupriverranch.org\/?s={search_term_string}"},"query-input":{"@type":"PropertyValueSpecification","valueRequired":true,"valueName":"search_term_string"}}],"inLanguage":"es"}]}},"_links":{"self":[{"href":"https:\/\/roundupriverranch.org\/es\/wp-json\/wp\/v2\/pages\/1529","targetHints":{"allow":["GET"]}}],"collection":[{"href":"https:\/\/roundupriverranch.org\/es\/wp-json\/wp\/v2\/pages"}],"about":[{"href":"https:\/\/roundupriverranch.org\/es\/wp-json\/wp\/v2\/types\/page"}],"author":[{"embeddable":true,"href":"https:\/\/roundupriverranch.org\/es\/wp-json\/wp\/v2\/users\/1"}],"replies":[{"embeddable":true,"href":"https:\/\/roundupriverranch.org\/es\/wp-json\/wp\/v2\/comments?post=1529"}],"version-history":[{"count":12,"href":"https:\/\/roundupriverranch.org\/es\/wp-json\/wp\/v2\/pages\/1529\/revisions"}],"predecessor-version":[{"id":1546,"href":"https:\/\/roundupriverranch.org\/es\/wp-json\/wp\/v2\/pages\/1529\/revisions\/1546"}],"up":[{"embeddable":true,"href":"https:\/\/roundupriverranch.org\/es\/wp-json\/wp\/v2\/pages\/715"}],"wp:attachment":[{"href":"https:\/\/roundupriverranch.org\/es\/wp-json\/wp\/v2\/media?parent=1529"}],"curies":[{"name":"wp","href":"https:\/\/api.w.org\/{rel}","templated":true}]}}