{"id":1621,"date":"2025-12-13T22:15:35","date_gmt":"2025-12-13T22:15:35","guid":{"rendered":"https:\/\/roundupriverranch.org\/?page_id=1621"},"modified":"2026-01-26T23:02:35","modified_gmt":"2026-01-26T23:02:35","slug":"board-of-directors","status":"publish","type":"page","link":"https:\/\/roundupriverranch.org\/es\/about-us\/who-we-are\/board-of-directors\/","title":{"rendered":"Consejo de Administraci\u00f3n"},"content":{"rendered":"<h1 class=\"wp-block-heading has-text-align-center\" id=\"h-board-of-directors\">Consejo de Administraci\u00f3n<\/h1>\n\n\n\n<h2 class=\"wp-block-heading has-text-align-center\" id=\"h-we-run-on-people-power\">FUNCIONAMOS CON EL PODER DE LA GENTE.<\/h2>\n\n\n\n<p class=\"has-text-align-center\">Roundup River Ranch simplemente no ser\u00eda posible sin el compromiso, el apoyo y la pasi\u00f3n de las personas impresionantes en nuestro Consejo de Administraci\u00f3n, Personal, Equipo de Liderazgo, Comit\u00e9 Asesor M\u00e9dico, y el Comit\u00e9 Asesor. Se unen como un equipo unificado, trabajando para ofrecer a los ni\u00f1os con enfermedades graves y a sus familias el mejor momento de sus vidas para olvidarse de sus preocupaciones. No tienen miedo de animar en voz alta, bailar en medio de la cena o incluso ponerse un tut\u00fa. Y eso les convierte en un grupo de adultos extraordinario.<\/p>\n\n\n\n<div style=\"height:10px\" aria-hidden=\"true\" class=\"wp-block-spacer\"><\/div>\n\n\n\n<div class=\"wp-block-group is-content-justification-center is-nowrap is-layout-flex wp-container-core-group-is-layout-94bc23d7 wp-block-group-is-layout-flex\">\n<div class=\"wp-block-buttons plainlink is-layout-flex wp-block-buttons-is-layout-flex\">\n<div class=\"wp-block-button plainlink\"><a class=\"wp-block-button__link wp-element-button\" href=\"https:\/\/roundupriverranch.org\/es\/about-us\/who-we-are\/our-people\/\">Personal<\/a><\/div>\n<\/div>\n\n\n\n<span class=\"plainlinkselected\">Consejo de Administraci\u00f3n<\/span>\n\n\n\n<div class=\"wp-block-buttons plainlink is-layout-flex wp-block-buttons-is-layout-flex\">\n<div class=\"wp-block-button plainlink\"><a class=\"wp-block-button__link wp-element-button\" href=\"https:\/\/roundupriverranch.org\/es\/about-us\/who-we-are\/medical-advisory-committee\/\">Comit\u00e9 m\u00e9dico asesor<\/a><\/div>\n<\/div>\n<\/div>\n\n\n\n<hr class=\"wp-block-separator has-alpha-channel-opacity\"\/>\n\n\n\n<h3 class=\"wp-block-heading\" id=\"h-meet-our-board-of-directors\">Conozca a nuestro Consejo de Administraci\u00f3n<\/h3>\n\n\n\n<div style=\"height:20px\" aria-hidden=\"true\" class=\"wp-block-spacer\"><\/div>\n\n\n\n<p><strong>SILLA<\/strong><\/p>\n\n\n\n<p>Bob Shafer<\/p>\n\n\n\n<p><strong>VICEPRESIDENCIAS<\/strong><\/p>\n\n\n\n<p>Nicole Avery<br>Dr. Keith Weisz<\/p>\n\n\n\n<p><strong>OFICIALES<\/strong><\/p>\n\n\n\n<p>Michael Glass, Tesorero<br>Kristy Woolfolk, Secretaria<br>Sarah Johnson, Presidenta\/CEO y Subsecretaria<\/p>\n\n\n\n<p><strong><strong>DIRECTORES<\/strong><\/strong><\/p>\n\n\n\n<div class=\"wp-block-columns is-layout-flex wp-container-core-columns-is-layout-9d6595d7 wp-block-columns-is-layout-flex\">\n<div class=\"wp-block-column is-layout-flow wp-block-column-is-layout-flow\">\n<p>Nicole Avery<br>Cathie Bennett, JD<br>Randi Borgen<br>Dr. David M. Cohen<br>Kathy Cole<br>Rick Geisman<br>Michael Glass<br>Dra. Lia Gore<br>Rebeca Hanrahan<\/p>\n<\/div>\n\n\n\n<div class=\"wp-block-column is-layout-flow wp-block-column-is-layout-flow\">\n<p>Greg Horvitz<br>Jessica Ivanoff<br>Shane Kleinstein<br>Dr. Steve Petersen<br>Donna Martin<br>Doug Rapier<br>Patrice Ringer<br>Debbie y Jim Schultz<br>Jason Spitalnick<\/p>\n<\/div>\n\n\n\n<div class=\"wp-block-column is-layout-flow wp-block-column-is-layout-flow\">\n<p>Liz Stern<a href=\"https:\/\/roundupriverranch.org\/wp-content\/uploads\/2020\/10\/RRR_JulieSullivan-bio.pdf\"><br><\/a>Julie Sullivan, JD<br>Carla Thomas<br>Matt Teeters<br>Jenifer Valentine<br>Dr. Keith Weisz<br>Tom Woodell<br>Kristy y Bill Woolfolk<br>Adel Younoszai, MD<\/p>\n<\/div>\n<\/div>\n\n\n\n<p><strong>MIEMBROS HONORARIOS DEL CONSEJO<\/strong><\/p>\n\n\n\n<p>John* y Julia Gates<\/p>\n\n\n\n<p><strong>EX OFICIO<\/strong><\/p>\n\n\n\n<p>John Forester, JD<\/p>\n\n\n\n<p><strong>PRESIDENTE FUNDADOR DEL CONSEJO<\/strong><\/p>\n\n\n\n<p>Alison Knapp<\/p>\n\n\n\n<p><strong>PRESIDENCIA EM\u00c9RITA<\/strong><\/p>\n\n\n\n<p>Dra. Lia Gore<\/p>\n\n\n\n<p><strong>PRESIDENTE EM\u00c9RITO<\/strong><\/p>\n\n\n\n<p><strong>Ruth B. Johnson, JD<\/strong><\/p>\n\n\n\n<p><strong>EN MEMORIA<\/strong><\/p>\n\n\n\n<p>Gerald Gallegos<br>Ron Maclachlan<br>Les Stern<br>Leewood Woodell<\/p>\n\n\n\n<p><strong>PRESIDENTE &amp; CEO y SECRETARIO ADJUNTO<\/strong><\/p>\n\n\n\n<p>Sarah P. Johnson, JD<\/p>\n\n\n\n<p><strong>PRESIDENTES HONORARIOS<\/strong><\/p>\n\n\n\n<p>Presidente Gerald R. Ford y Sra. Betty Ford*.<\/p>\n\n\n\n<p><strong>HOSPITALES ASOCIADOS<\/strong><\/p>\n\n\n\n<p>Hospital Infantil de Colorado**<br>National Jewish Health<br>Hospital Infantil de las Monta\u00f1as Rocosas en P\/SL<br>Salud en Vail<\/p>\n\n\n\n<p>*In Memoriam<br>**Hospital asociado fundador<\/p>\n\n\n\n<hr class=\"wp-block-separator has-alpha-channel-opacity\"\/>\n\n\n\n<div style=\"height:50px\" aria-hidden=\"true\" class=\"wp-block-spacer\"><\/div>\n\n\n\n\n\n\n\n<p><\/p>","protected":false},"excerpt":{"rendered":"<p>Board of Directors WE RUN ON PEOPLE POWER. Roundup River Ranch would simply not be possible without the commitment, support, and passion of the awesome &hellip; <a href=\"https:\/\/roundupriverranch.org\/es\/about-us\/who-we-are\/board-of-directors\/\">Contin\u00faa<\/a><\/p>","protected":false},"author":1,"featured_media":0,"parent":753,"menu_order":0,"comment_status":"closed","ping_status":"open","template":"template-secondary.blade.php","meta":{"_acf_changed":false,"footnotes":""},"class_list":["post-1621","page","type-page","status-publish","hentry"],"acf":[],"yoast_head":"<!-- This site is optimized with the Yoast SEO Premium plugin v26.9 (Yoast SEO v27.4) - https:\/\/yoast.com\/product\/yoast-seo-premium-wordpress\/ -->\n<title>Board of Directors - Roundup River Ranch<\/title>\n<meta name=\"description\" content=\"Our team is what makes our camp so special! Meet our team and connect with us about how you can get involved with our organization.\" \/>\n<meta name=\"robots\" content=\"index, follow, max-snippet:-1, max-image-preview:large, max-video-preview:-1\" \/>\n<link rel=\"canonical\" href=\"https:\/\/roundupriverranch.org\/es\/about-us\/who-we-are\/board-of-directors\/\" \/>\n<meta property=\"og:locale\" content=\"es_ES\" \/>\n<meta property=\"og:type\" content=\"article\" \/>\n<meta property=\"og:title\" content=\"Board of Directors\" \/>\n<meta property=\"og:description\" content=\"Our team is what makes our camp so special! Meet our team and connect with us about how you can get involved with our organization.\" \/>\n<meta property=\"og:url\" content=\"https:\/\/roundupriverranch.org\/es\/about-us\/who-we-are\/board-of-directors\/\" \/>\n<meta property=\"og:site_name\" content=\"Roundup River Ranch\" \/>\n<meta property=\"article:publisher\" content=\"https:\/\/www.facebook.com\/roundupriverranch\/\" \/>\n<meta property=\"article:modified_time\" content=\"2026-01-26T23:02:35+00:00\" \/>\n<meta property=\"og:image\" content=\"https:\/\/roundupriverranch.org\/wp-content\/uploads\/2025\/11\/marshmellows.svg\" \/>\n<meta name=\"twitter:card\" content=\"summary_large_image\" \/>\n<meta name=\"twitter:label1\" content=\"Tiempo de lectura\" \/>\n\t<meta name=\"twitter:data1\" content=\"2 minutos\" \/>\n<script type=\"application\/ld+json\" class=\"yoast-schema-graph\">{\"@context\":\"https:\\\/\\\/schema.org\",\"@graph\":[{\"@type\":\"WebPage\",\"@id\":\"https:\\\/\\\/roundupriverranch.org\\\/about-us\\\/who-we-are\\\/board-of-directors\\\/\",\"url\":\"https:\\\/\\\/roundupriverranch.org\\\/about-us\\\/who-we-are\\\/board-of-directors\\\/\",\"name\":\"Board of Directors - Roundup River Ranch\",\"isPartOf\":{\"@id\":\"https:\\\/\\\/roundupriverranch.org\\\/#website\"},\"primaryImageOfPage\":{\"@id\":\"https:\\\/\\\/roundupriverranch.org\\\/about-us\\\/who-we-are\\\/board-of-directors\\\/#primaryimage\"},\"image\":{\"@id\":\"https:\\\/\\\/roundupriverranch.org\\\/about-us\\\/who-we-are\\\/board-of-directors\\\/#primaryimage\"},\"thumbnailUrl\":\"https:\\\/\\\/roundupriverranch.org\\\/wp-content\\\/uploads\\\/2025\\\/11\\\/marshmellows.svg\",\"datePublished\":\"2025-12-13T22:15:35+00:00\",\"dateModified\":\"2026-01-26T23:02:35+00:00\",\"description\":\"Our team is what makes our camp so special! Meet our team and connect with us about how you can get involved with our organization.\",\"breadcrumb\":{\"@id\":\"https:\\\/\\\/roundupriverranch.org\\\/about-us\\\/who-we-are\\\/board-of-directors\\\/#breadcrumb\"},\"inLanguage\":\"es\",\"potentialAction\":[{\"@type\":\"ReadAction\",\"target\":[\"https:\\\/\\\/roundupriverranch.org\\\/about-us\\\/who-we-are\\\/board-of-directors\\\/\"]}]},{\"@type\":\"ImageObject\",\"inLanguage\":\"es\",\"@id\":\"https:\\\/\\\/roundupriverranch.org\\\/about-us\\\/who-we-are\\\/board-of-directors\\\/#primaryimage\",\"url\":\"https:\\\/\\\/roundupriverranch.org\\\/wp-content\\\/uploads\\\/2025\\\/11\\\/marshmellows.svg\",\"contentUrl\":\"https:\\\/\\\/roundupriverranch.org\\\/wp-content\\\/uploads\\\/2025\\\/11\\\/marshmellows.svg\"},{\"@type\":\"BreadcrumbList\",\"@id\":\"https:\\\/\\\/roundupriverranch.org\\\/about-us\\\/who-we-are\\\/board-of-directors\\\/#breadcrumb\",\"itemListElement\":[{\"@type\":\"ListItem\",\"position\":1,\"name\":\"Home\",\"item\":\"https:\\\/\\\/roundupriverranch.org\\\/\"},{\"@type\":\"ListItem\",\"position\":2,\"name\":\"About Us\",\"item\":\"https:\\\/\\\/roundupriverranch.org\\\/about-us\\\/\"},{\"@type\":\"ListItem\",\"position\":3,\"name\":\"Who We Are\",\"item\":\"https:\\\/\\\/roundupriverranch.org\\\/about-us\\\/who-we-are\\\/\"},{\"@type\":\"ListItem\",\"position\":4,\"name\":\"Board of Directors\"}]},{\"@type\":\"WebSite\",\"@id\":\"https:\\\/\\\/roundupriverranch.org\\\/#website\",\"url\":\"https:\\\/\\\/roundupriverranch.org\\\/\",\"name\":\"Roundup River Ranch\",\"description\":\"\",\"potentialAction\":[{\"@type\":\"SearchAction\",\"target\":{\"@type\":\"EntryPoint\",\"urlTemplate\":\"https:\\\/\\\/roundupriverranch.org\\\/?s={search_term_string}\"},\"query-input\":{\"@type\":\"PropertyValueSpecification\",\"valueRequired\":true,\"valueName\":\"search_term_string\"}}],\"inLanguage\":\"es\"}]}<\/script>\n<!-- \/ Yoast SEO Premium plugin. -->","yoast_head_json":{"title":"Board of Directors - Roundup River Ranch","description":"Nuestro equipo es lo que hace que nuestro campamento sea tan especial. Conoce a nuestro equipo y ponte en contacto con nosotros para saber c\u00f3mo puedes participar en nuestra organizaci\u00f3n.","robots":{"index":"index","follow":"follow","max-snippet":"max-snippet:-1","max-image-preview":"max-image-preview:large","max-video-preview":"max-video-preview:-1"},"canonical":"https:\/\/roundupriverranch.org\/es\/about-us\/who-we-are\/board-of-directors\/","og_locale":"es_ES","og_type":"article","og_title":"Board of Directors","og_description":"Our team is what makes our camp so special! Meet our team and connect with us about how you can get involved with our organization.","og_url":"https:\/\/roundupriverranch.org\/es\/about-us\/who-we-are\/board-of-directors\/","og_site_name":"Roundup River Ranch","article_publisher":"https:\/\/www.facebook.com\/roundupriverranch\/","article_modified_time":"2026-01-26T23:02:35+00:00","og_image":[{"url":"https:\/\/roundupriverranch.org\/wp-content\/uploads\/2025\/11\/marshmellows.svg","type":"","width":"","height":""}],"twitter_card":"summary_large_image","twitter_misc":{"Tiempo de lectura":"2 minutos"},"schema":{"@context":"https:\/\/schema.org","@graph":[{"@type":"WebPage","@id":"https:\/\/roundupriverranch.org\/about-us\/who-we-are\/board-of-directors\/","url":"https:\/\/roundupriverranch.org\/about-us\/who-we-are\/board-of-directors\/","name":"Board of Directors - Roundup River Ranch","isPartOf":{"@id":"https:\/\/roundupriverranch.org\/#website"},"primaryImageOfPage":{"@id":"https:\/\/roundupriverranch.org\/about-us\/who-we-are\/board-of-directors\/#primaryimage"},"image":{"@id":"https:\/\/roundupriverranch.org\/about-us\/who-we-are\/board-of-directors\/#primaryimage"},"thumbnailUrl":"https:\/\/roundupriverranch.org\/wp-content\/uploads\/2025\/11\/marshmellows.svg","datePublished":"2025-12-13T22:15:35+00:00","dateModified":"2026-01-26T23:02:35+00:00","description":"Nuestro equipo es lo que hace que nuestro campamento sea tan especial. Conoce a nuestro equipo y ponte en contacto con nosotros para saber c\u00f3mo puedes participar en nuestra organizaci\u00f3n.","breadcrumb":{"@id":"https:\/\/roundupriverranch.org\/about-us\/who-we-are\/board-of-directors\/#breadcrumb"},"inLanguage":"es","potentialAction":[{"@type":"ReadAction","target":["https:\/\/roundupriverranch.org\/about-us\/who-we-are\/board-of-directors\/"]}]},{"@type":"ImageObject","inLanguage":"es","@id":"https:\/\/roundupriverranch.org\/about-us\/who-we-are\/board-of-directors\/#primaryimage","url":"https:\/\/roundupriverranch.org\/wp-content\/uploads\/2025\/11\/marshmellows.svg","contentUrl":"https:\/\/roundupriverranch.org\/wp-content\/uploads\/2025\/11\/marshmellows.svg"},{"@type":"BreadcrumbList","@id":"https:\/\/roundupriverranch.org\/about-us\/who-we-are\/board-of-directors\/#breadcrumb","itemListElement":[{"@type":"ListItem","position":1,"name":"Home","item":"https:\/\/roundupriverranch.org\/"},{"@type":"ListItem","position":2,"name":"About Us","item":"https:\/\/roundupriverranch.org\/about-us\/"},{"@type":"ListItem","position":3,"name":"Who We Are","item":"https:\/\/roundupriverranch.org\/about-us\/who-we-are\/"},{"@type":"ListItem","position":4,"name":"Board of Directors"}]},{"@type":"WebSite","@id":"https:\/\/roundupriverranch.org\/#website","url":"https:\/\/roundupriverranch.org\/","name":"Rancho Roundup River","description":"","potentialAction":[{"@type":"SearchAction","target":{"@type":"EntryPoint","urlTemplate":"https:\/\/roundupriverranch.org\/?s={search_term_string}"},"query-input":{"@type":"PropertyValueSpecification","valueRequired":true,"valueName":"search_term_string"}}],"inLanguage":"es"}]}},"_links":{"self":[{"href":"https:\/\/roundupriverranch.org\/es\/wp-json\/wp\/v2\/pages\/1621","targetHints":{"allow":["GET"]}}],"collection":[{"href":"https:\/\/roundupriverranch.org\/es\/wp-json\/wp\/v2\/pages"}],"about":[{"href":"https:\/\/roundupriverranch.org\/es\/wp-json\/wp\/v2\/types\/page"}],"author":[{"embeddable":true,"href":"https:\/\/roundupriverranch.org\/es\/wp-json\/wp\/v2\/users\/1"}],"replies":[{"embeddable":true,"href":"https:\/\/roundupriverranch.org\/es\/wp-json\/wp\/v2\/comments?post=1621"}],"version-history":[{"count":15,"href":"https:\/\/roundupriverranch.org\/es\/wp-json\/wp\/v2\/pages\/1621\/revisions"}],"predecessor-version":[{"id":12023,"href":"https:\/\/roundupriverranch.org\/es\/wp-json\/wp\/v2\/pages\/1621\/revisions\/12023"}],"up":[{"embeddable":true,"href":"https:\/\/roundupriverranch.org\/es\/wp-json\/wp\/v2\/pages\/753"}],"wp:attachment":[{"href":"https:\/\/roundupriverranch.org\/es\/wp-json\/wp\/v2\/media?parent=1621"}],"curies":[{"name":"wp","href":"https:\/\/api.w.org\/{rel}","templated":true}]}}