{"id":1625,"date":"2025-12-13T22:25:16","date_gmt":"2025-12-13T22:25:16","guid":{"rendered":"https:\/\/roundupriverranch.org\/?page_id=1625"},"modified":"2026-01-16T17:26:50","modified_gmt":"2026-01-16T17:26:50","slug":"medical-advisory-committee","status":"publish","type":"page","link":"https:\/\/roundupriverranch.org\/es\/about-us\/who-we-are\/medical-advisory-committee\/","title":{"rendered":"Comit\u00e9 m\u00e9dico asesor"},"content":{"rendered":"<h1 class=\"wp-block-heading has-text-align-center\" id=\"h-medical-advisory-committee\">Comit\u00e9 m\u00e9dico asesor<\/h1>\n\n\n\n<h2 class=\"wp-block-heading has-text-align-center\" id=\"h-we-run-on-people-power\">FUNCIONAMOS CON EL PODER DE LA GENTE.<\/h2>\n\n\n\n<p class=\"has-text-align-center\">Roundup River Ranch simplemente no ser\u00eda posible sin el compromiso, el apoyo y la pasi\u00f3n de las personas impresionantes en nuestro Consejo de Administraci\u00f3n, Personal, Equipo de Liderazgo, Comit\u00e9 Asesor M\u00e9dico, y el Comit\u00e9 Asesor. Se unen como un equipo unificado, trabajando para ofrecer a los ni\u00f1os con enfermedades graves y a sus familias el mejor momento de sus vidas para olvidarse de sus preocupaciones. No tienen miedo de animar en voz alta, bailar en medio de la cena o incluso ponerse un tut\u00fa. Y eso les convierte en un grupo de adultos extraordinario.<\/p>\n\n\n\n<div style=\"height:10px\" aria-hidden=\"true\" class=\"wp-block-spacer\"><\/div>\n\n\n\n<div class=\"wp-block-group is-content-justification-center is-nowrap is-layout-flex wp-container-core-group-is-layout-94bc23d7 wp-block-group-is-layout-flex\">\n<div class=\"wp-block-buttons plainlink is-layout-flex wp-block-buttons-is-layout-flex\">\n<div class=\"wp-block-button plainlink\"><a class=\"wp-block-button__link wp-element-button\" href=\"https:\/\/roundupriverranch.org\/es\/about-us\/who-we-are\/our-people\/\">Personal<\/a><\/div>\n<\/div>\n\n\n\n<div class=\"wp-block-buttons plainlink is-layout-flex wp-block-buttons-is-layout-flex\">\n<div class=\"wp-block-button plainlink\"><a class=\"wp-block-button__link wp-element-button\" href=\"https:\/\/roundupriverranch.org\/es\/about-us\/who-we-are\/board-of-directors\/\">Consejo de Administraci\u00f3n<\/a><\/div>\n<\/div>\n\n\n\n<span class=\"plainlinkselected\">Comit\u00e9 m\u00e9dico asesor<\/span>\n<\/div>\n\n\n\n<hr class=\"wp-block-separator has-alpha-channel-opacity\"\/>\n\n\n\n<h3 class=\"wp-block-heading\" id=\"h-medical-advisory-committee-0\">Comit\u00e9 m\u00e9dico asesor<\/h3>\n\n\n\n<p><strong>SILLA<\/strong><\/p>\n\n\n\n<p><strong>Adel Younoszai, MD&nbsp;<\/strong><br><em>Cardiolog\u00eda pedi\u00e1trica&nbsp; &nbsp;<\/em><br>Hospital Infantil de Colorado<\/p>\n\n\n\n<div style=\"height:20px\" aria-hidden=\"true\" class=\"wp-block-spacer\"><\/div>\n\n\n\n<p><strong>MIEMBROS ITINERANTES<\/strong><\/p>\n\n\n\n<div class=\"wp-block-columns paragraph-mb-20 is-layout-flex wp-container-core-columns-is-layout-9d6595d7 wp-block-columns-is-layout-flex\">\n<div class=\"wp-block-column is-layout-flow wp-block-column-is-layout-flow\">\n<p><strong>Emily Barr, CPNP, CNM, PNP&nbsp;<\/strong><br><em>Enfermera pedi\u00e1trica y profesora<\/em><br>Escuela de Enfermer\u00eda CISIC de UT Health Houston<\/p>\n\n\n\n<p><strong>Dra. Danielle Barber<\/strong><br><em>Neurolog\u00eda pedi\u00e1trica<\/em><br>Hospital Infantil de Colorado<\/p>\n\n\n\n<p><strong>Liv Benson, NP<\/strong><br>Hospital Infantil de Colorado<\/p>\n\n\n\n<p><strong>Dr. Juri Boguniewicz<\/strong><br><em>M\u00e9dico Pediatra de Enfermedades Infecciosas<\/em><br>Hospital Infantil de Colorado<\/p>\n\n\n\n<p><strong>Nicklaus Brandehoff, Doctor en Medicina<\/strong><br><em>M\u00e9dico de urgencias\/toxic\u00f3logo m\u00e9dico<\/em><br>Afiliaciones m\u00faltiples<\/p>\n\n\n\n<p><strong>Paige Baker-Braxton, PsyD<\/strong><br>Vail Health Salud conductual<\/p>\n\n\n\n<p><strong>Dr. Mark Brown<\/strong><br><em>Jubilado Neumolog\u00eda Pedi\u00e1trica<\/em><\/p>\n\n\n\n<p><strong>Bob Casey, Doctor &nbsp;<\/strong><\/p>\n\n\n\n<p><strong>Kelly Campbell &nbsp;<\/strong><br><em>Director del campamento<\/em><br>Rancho Roundup River<\/p>\n\n\n\n<p><strong>Dr. David Cohen<br><\/strong><em>Otorrinolaring\u00f3logo jubilado<br><\/em>Antiguo miembro de la JACO<\/p>\n\n\n\n<p><strong>Dr. Patrick Cripe<\/strong><br><em>Cuidados cr\u00edticos pedi\u00e1tricos&nbsp;<\/em><em>M\u00e9dico<\/em><br>Hospital Infantil de Colorado Springs<\/p>\n\n\n\n<p><strong>Dra. Donna Curtis<\/strong><br><em>Director M\u00e9dico Cl\u00ednico de Trasplante ID, Fellowship Dir, Profesor Asociado<\/em><br>Hospital Infantil de Colorado<\/p>\n\n\n\n<p><strong>Sara Dembeck, MSN, RN<\/strong><br><em>Jefa Asociada de Enfermer\u00eda<\/em><br>Salud en Vail<\/p>\n\n\n\n<p><strong>Edwin DeZoeten, MD<\/strong>&nbsp;&nbsp; &nbsp;<br><em>Profesor Adjunto, Gastroenterolog\u00eda Pedi\u00e1trica<\/em><br>Hospital Infantil de Colorado<\/p>\n\n\n\n<p><strong>Jenna Edwards RN, BSN, CPN&nbsp;<\/strong><\/p>\n\n\n\n<p><strong>Trish Eells, CPNP<\/strong><br><em>Director m\u00e9dico ambulatorio, Instituto de Respiraci\u00f3n<\/em><br>Cl\u00ednica Briargate del Hospital Infantil<\/p>\n\n\n\n<p><strong>Monique Germone, PhD, BCBA<\/strong><br><em>Psic\u00f3loga cl\u00ednica y profesora adjunta<\/em><br>Hospital Infantil de Colorado<\/p>\n<\/div>\n\n\n\n<div class=\"wp-block-column is-layout-flow wp-block-column-is-layout-flow\">\n<p><strong>Dra. Lia Gore, FAAP<\/strong><br><em>Jefe de Hematolog\u00eda\/Oncolog\u00eda Pedi\u00e1trica\/<br>Trasplante de m\u00e9dula \u00f3sea<\/em><br>Hospital Infantil de Colorado&nbsp;<\/p>\n\n\n\n<p><strong>Molly Hemenway, RN, PNP ND, MS, AC-PNP&nbsp;&nbsp;<\/strong>&nbsp;<br>Hospital Infantil de Colorado<\/p>\n\n\n\n<p><strong>Karen Hill, RN, PNP&nbsp;&nbsp;<\/strong> &nbsp;<br><em>Cardiolog\u00eda pedi\u00e1trica&nbsp;<\/em><br>Hospital de las Monta\u00f1as Rocosas para<br>Ni\u00f1os en P\/SL<\/p>\n\n\n\n<p><strong>Kathryn Hulbert, CCLS<\/strong>&nbsp;&nbsp;<\/p>\n\n\n\n<p><strong>Sarah Johnson, JD**<\/strong><br><em>Presidente y Consejero Delegado<\/em><br>Rancho Roundup River<\/p>\n\n\n\n<p><strong>Dra. Kristi Keil<\/strong><br><em>GINECOLOG\u00cdA Y OBSTETRICIA<br><\/em>Cl\u00ednica de la Mujer Salud Brighton<\/p>\n\n\n\n<p><strong>Dra. Kelly Maloney<\/strong><br><em>Director Cl\u00ednico, Programa de Leucemia<\/em><br>Hospital Infantil de Colorado<\/p>\n\n\n\n<p><strong>Aaron MacBrayne, Farmac\u00e9utico<\/strong><br><em>Farmac\u00e9utico cl\u00ednico pedi\u00e1trico<\/em><br>Hospital Infantil de Colorado<\/p>\n\n\n\n<p><strong>Dr. Mike Narkewicz&nbsp;&nbsp;&nbsp;<\/strong>&nbsp;<br><em>Director M\u00e9dico: Centro Hep\u00e1tico Pedi\u00e1trico y Trasplante Hep\u00e1tico&nbsp;&nbsp; &nbsp;<\/em><br>Hospital Infantil de Colorado, Facultad de Medicina de la Universidad de Colorado<\/p>\n\n\n\n<p><strong>Suzanne Paul, FNP, MSN<\/strong><br><em>Medicina del estilo de vida<\/em><br>Hospital Infantil de Colorado<\/p>\n\n\n\n<p><strong>Dra. Jessica Persson<\/strong><br><em>Cuidados Cr\u00edticos Cardiolog\u00eda Pedi\u00e1trica<\/em><br>Hospital Infantil de Colorado<\/p>\n\n\n\n<p><strong>Regan Pyle, DO<\/strong><br><em>Alergia e Inmunolog\u00eda Pedi\u00e1tricas<\/em><br>Alergia, Asma e Inmunolog\u00eda de las Rocosas<\/p>\n\n\n\n<p><strong>Bridget Raleigh, NP &nbsp;<\/strong><br><em>Director M\u00e9dico Asociado, Programa de Asma &nbsp;<\/em>&nbsp;<br>Hospital Infantil de Colorado<\/p>\n\n\n\n<p><strong>Bethany Rippe, CCLS &nbsp;<\/strong><br><em>Enlace con Roundup River Ranch<br><\/em>Hospital Infantil de Colorado<\/p>\n<\/div>\n\n\n\n<div class=\"wp-block-column is-layout-flow wp-block-column-is-layout-flow\">\n<p><strong>Cami Robinson, RN<\/strong>**<br><em>Directora de Enfermer\u00eda<br><\/em>Rancho Roundup River<\/p>\n\n\n\n<p><strong>Benjamin Ross, MD**<\/strong> <strong>\u201cDr. Ben<\/strong>\u201c<br><em>Director m\u00e9dico<br><\/em>Rancho Roundup River<br><em>Neurolog\u00eda pedi\u00e1trica<\/em><br>Hospital Infantil de Colorado<\/p>\n\n\n\n<p><strong>Jacquelyn Scarberry RN, BSN, CPN&nbsp;<\/strong><\/p>\n\n\n\n<p><strong>Megan Schwarz, AP<\/strong><br><em>Medicina Hospitalaria Pedi\u00e1trica<\/em><br>Hospital Infantil de Colorado, Colorado Springs<\/p>\n\n\n\n<p><strong>Dr. Mike Schaffer<\/strong><br><em>Jubilado Cardiolog\u00eda Pedi\u00e1trica<\/em><\/p>\n\n\n\n<p><strong>Dr. Ronald Sokol&nbsp;&nbsp; &nbsp;<\/strong><br><em>Jefe de la Secci\u00f3n de Gastroenterolog\u00eda, Hepatolog\u00eda y Nutrici\u00f3n Pedi\u00e1tricas&nbsp;&nbsp; &nbsp;<\/em><br>Hospital Infantil de Colorado<\/p>\n\n\n\n<p><strong>Dra. Shikha Sundaram<\/strong><br><em>Director M\u00e9dico, Programa de Trasplante Hep\u00e1tico Pedi\u00e1trico<\/em><br>Hospital Infantil de Colorado<\/p>\n\n\n\n<p><strong>Paige Takalamingan, RN<\/strong><\/p>\n\n\n\n<p><strong>Jessica Toth, APRN, CPNP, MSN<\/strong><br><em>Nefrolog\u00eda pedi\u00e1trica<\/em><br>Hospital Infantil de Colorado<\/p>\n\n\n\n<p><strong>Karin Thomas, enfermera titulada<\/strong><\/p>\n\n\n\n<p><strong>John Thompson, BSN, RN, CNN<\/strong><\/p>\n\n\n\n<p><strong>Dr. Todd Vermeer<\/strong><br><em>Medicina de urgencias<\/em><\/p>\n\n\n\n<p><strong>Dra. Priya Vyas<\/strong><br><em>Enfermedades Infecciosas Pedi\u00e1tricas<\/em><br>Hospital Infantil de Colorado<\/p>\n\n\n\n<p><strong>Dr. Keith Weisz&nbsp;&nbsp;<\/strong><br><em>Medicina de Urgencias Pedi\u00e1tricas&nbsp;&nbsp; &nbsp;<\/em><br>Hospital Infantil de Colorado<\/p>\n\n\n\n<p><strong>Chris Zerrip, RN<\/strong><\/p>\n\n\n\n<p><strong>Miembro honorario<\/strong><br><strong>Alison Knapp<\/strong><br><em>Fundador de Roundup River Ranch<\/em><\/p>\n<\/div>\n<\/div>\n\n\n\n<hr class=\"wp-block-separator has-alpha-channel-opacity\"\/>\n\n\n\n<div style=\"height:50px\" aria-hidden=\"true\" class=\"wp-block-spacer\"><\/div>\n\n\n\n\n\n\n\n<p><\/p>","protected":false},"excerpt":{"rendered":"<p>Medical Advisory Committee WE RUN ON PEOPLE POWER. Roundup River Ranch would simply not be possible without the commitment, support, and passion of the awesome &hellip; <a href=\"https:\/\/roundupriverranch.org\/es\/about-us\/who-we-are\/medical-advisory-committee\/\">Contin\u00faa<\/a><\/p>","protected":false},"author":1,"featured_media":0,"parent":753,"menu_order":0,"comment_status":"closed","ping_status":"open","template":"template-secondary.blade.php","meta":{"_acf_changed":false,"footnotes":""},"class_list":["post-1625","page","type-page","status-publish","hentry"],"acf":[],"yoast_head":"<!-- This site is optimized with the Yoast SEO Premium plugin v26.9 (Yoast SEO v27.4) - https:\/\/yoast.com\/product\/yoast-seo-premium-wordpress\/ -->\n<title>Medical Advisory Committee - Roundup River Ranch<\/title>\n<meta name=\"description\" content=\"Our Medical Advisory Committee is made up of a diverse group of medical professionals whose expertise is instrumental in ensuring that we support the unique needs of our campers.\" \/>\n<meta name=\"robots\" content=\"index, follow, max-snippet:-1, max-image-preview:large, max-video-preview:-1\" \/>\n<link rel=\"canonical\" href=\"https:\/\/roundupriverranch.org\/es\/about-us\/who-we-are\/medical-advisory-committee\/\" \/>\n<meta property=\"og:locale\" content=\"es_ES\" \/>\n<meta property=\"og:type\" content=\"article\" \/>\n<meta property=\"og:title\" content=\"Medical Advisory Committee\" \/>\n<meta property=\"og:description\" content=\"Our Medical Advisory Committee is made up of a diverse group of medical professionals whose expertise is instrumental in ensuring that we support the unique needs of our campers.\" \/>\n<meta property=\"og:url\" content=\"https:\/\/roundupriverranch.org\/es\/about-us\/who-we-are\/medical-advisory-committee\/\" \/>\n<meta property=\"og:site_name\" content=\"Roundup River Ranch\" \/>\n<meta property=\"article:publisher\" content=\"https:\/\/www.facebook.com\/roundupriverranch\/\" \/>\n<meta property=\"article:modified_time\" content=\"2026-01-16T17:26:50+00:00\" \/>\n<meta property=\"og:image\" content=\"https:\/\/roundupriverranch.org\/wp-content\/uploads\/2025\/11\/marshmellows.svg\" \/>\n<meta name=\"twitter:card\" content=\"summary_large_image\" \/>\n<meta name=\"twitter:label1\" content=\"Tiempo de lectura\" \/>\n\t<meta name=\"twitter:data1\" content=\"3 minutos\" \/>\n<script type=\"application\/ld+json\" class=\"yoast-schema-graph\">{\"@context\":\"https:\\\/\\\/schema.org\",\"@graph\":[{\"@type\":\"WebPage\",\"@id\":\"https:\\\/\\\/roundupriverranch.org\\\/about-us\\\/who-we-are\\\/medical-advisory-committee\\\/\",\"url\":\"https:\\\/\\\/roundupriverranch.org\\\/about-us\\\/who-we-are\\\/medical-advisory-committee\\\/\",\"name\":\"Medical Advisory Committee - Roundup River Ranch\",\"isPartOf\":{\"@id\":\"https:\\\/\\\/roundupriverranch.org\\\/#website\"},\"primaryImageOfPage\":{\"@id\":\"https:\\\/\\\/roundupriverranch.org\\\/about-us\\\/who-we-are\\\/medical-advisory-committee\\\/#primaryimage\"},\"image\":{\"@id\":\"https:\\\/\\\/roundupriverranch.org\\\/about-us\\\/who-we-are\\\/medical-advisory-committee\\\/#primaryimage\"},\"thumbnailUrl\":\"https:\\\/\\\/roundupriverranch.org\\\/wp-content\\\/uploads\\\/2025\\\/11\\\/marshmellows.svg\",\"datePublished\":\"2025-12-13T22:25:16+00:00\",\"dateModified\":\"2026-01-16T17:26:50+00:00\",\"description\":\"Our Medical Advisory Committee is made up of a diverse group of medical professionals whose expertise is instrumental in ensuring that we support the unique needs of our campers.\",\"breadcrumb\":{\"@id\":\"https:\\\/\\\/roundupriverranch.org\\\/about-us\\\/who-we-are\\\/medical-advisory-committee\\\/#breadcrumb\"},\"inLanguage\":\"es\",\"potentialAction\":[{\"@type\":\"ReadAction\",\"target\":[\"https:\\\/\\\/roundupriverranch.org\\\/about-us\\\/who-we-are\\\/medical-advisory-committee\\\/\"]}]},{\"@type\":\"ImageObject\",\"inLanguage\":\"es\",\"@id\":\"https:\\\/\\\/roundupriverranch.org\\\/about-us\\\/who-we-are\\\/medical-advisory-committee\\\/#primaryimage\",\"url\":\"https:\\\/\\\/roundupriverranch.org\\\/wp-content\\\/uploads\\\/2025\\\/11\\\/marshmellows.svg\",\"contentUrl\":\"https:\\\/\\\/roundupriverranch.org\\\/wp-content\\\/uploads\\\/2025\\\/11\\\/marshmellows.svg\"},{\"@type\":\"BreadcrumbList\",\"@id\":\"https:\\\/\\\/roundupriverranch.org\\\/about-us\\\/who-we-are\\\/medical-advisory-committee\\\/#breadcrumb\",\"itemListElement\":[{\"@type\":\"ListItem\",\"position\":1,\"name\":\"Home\",\"item\":\"https:\\\/\\\/roundupriverranch.org\\\/\"},{\"@type\":\"ListItem\",\"position\":2,\"name\":\"About Us\",\"item\":\"https:\\\/\\\/roundupriverranch.org\\\/about-us\\\/\"},{\"@type\":\"ListItem\",\"position\":3,\"name\":\"Who We Are\",\"item\":\"https:\\\/\\\/roundupriverranch.org\\\/about-us\\\/who-we-are\\\/\"},{\"@type\":\"ListItem\",\"position\":4,\"name\":\"Medical Advisory Committee\"}]},{\"@type\":\"WebSite\",\"@id\":\"https:\\\/\\\/roundupriverranch.org\\\/#website\",\"url\":\"https:\\\/\\\/roundupriverranch.org\\\/\",\"name\":\"Roundup River Ranch\",\"description\":\"\",\"potentialAction\":[{\"@type\":\"SearchAction\",\"target\":{\"@type\":\"EntryPoint\",\"urlTemplate\":\"https:\\\/\\\/roundupriverranch.org\\\/?s={search_term_string}\"},\"query-input\":{\"@type\":\"PropertyValueSpecification\",\"valueRequired\":true,\"valueName\":\"search_term_string\"}}],\"inLanguage\":\"es\"}]}<\/script>\n<!-- \/ Yoast SEO Premium plugin. -->","yoast_head_json":{"title":"Medical Advisory Committee - Roundup River Ranch","description":"Our Medical Advisory Committee is made up of a diverse group of medical professionals whose expertise is instrumental in ensuring that we support the unique needs of our campers.","robots":{"index":"index","follow":"follow","max-snippet":"max-snippet:-1","max-image-preview":"max-image-preview:large","max-video-preview":"max-video-preview:-1"},"canonical":"https:\/\/roundupriverranch.org\/es\/about-us\/who-we-are\/medical-advisory-committee\/","og_locale":"es_ES","og_type":"article","og_title":"Medical Advisory Committee","og_description":"Our Medical Advisory Committee is made up of a diverse group of medical professionals whose expertise is instrumental in ensuring that we support the unique needs of our campers.","og_url":"https:\/\/roundupriverranch.org\/es\/about-us\/who-we-are\/medical-advisory-committee\/","og_site_name":"Roundup River Ranch","article_publisher":"https:\/\/www.facebook.com\/roundupriverranch\/","article_modified_time":"2026-01-16T17:26:50+00:00","og_image":[{"url":"https:\/\/roundupriverranch.org\/wp-content\/uploads\/2025\/11\/marshmellows.svg","type":"","width":"","height":""}],"twitter_card":"summary_large_image","twitter_misc":{"Tiempo de lectura":"3 minutos"},"schema":{"@context":"https:\/\/schema.org","@graph":[{"@type":"WebPage","@id":"https:\/\/roundupriverranch.org\/about-us\/who-we-are\/medical-advisory-committee\/","url":"https:\/\/roundupriverranch.org\/about-us\/who-we-are\/medical-advisory-committee\/","name":"Medical Advisory Committee - Roundup River Ranch","isPartOf":{"@id":"https:\/\/roundupriverranch.org\/#website"},"primaryImageOfPage":{"@id":"https:\/\/roundupriverranch.org\/about-us\/who-we-are\/medical-advisory-committee\/#primaryimage"},"image":{"@id":"https:\/\/roundupriverranch.org\/about-us\/who-we-are\/medical-advisory-committee\/#primaryimage"},"thumbnailUrl":"https:\/\/roundupriverranch.org\/wp-content\/uploads\/2025\/11\/marshmellows.svg","datePublished":"2025-12-13T22:25:16+00:00","dateModified":"2026-01-16T17:26:50+00:00","description":"Our Medical Advisory Committee is made up of a diverse group of medical professionals whose expertise is instrumental in ensuring that we support the unique needs of our campers.","breadcrumb":{"@id":"https:\/\/roundupriverranch.org\/about-us\/who-we-are\/medical-advisory-committee\/#breadcrumb"},"inLanguage":"es","potentialAction":[{"@type":"ReadAction","target":["https:\/\/roundupriverranch.org\/about-us\/who-we-are\/medical-advisory-committee\/"]}]},{"@type":"ImageObject","inLanguage":"es","@id":"https:\/\/roundupriverranch.org\/about-us\/who-we-are\/medical-advisory-committee\/#primaryimage","url":"https:\/\/roundupriverranch.org\/wp-content\/uploads\/2025\/11\/marshmellows.svg","contentUrl":"https:\/\/roundupriverranch.org\/wp-content\/uploads\/2025\/11\/marshmellows.svg"},{"@type":"BreadcrumbList","@id":"https:\/\/roundupriverranch.org\/about-us\/who-we-are\/medical-advisory-committee\/#breadcrumb","itemListElement":[{"@type":"ListItem","position":1,"name":"Home","item":"https:\/\/roundupriverranch.org\/"},{"@type":"ListItem","position":2,"name":"About Us","item":"https:\/\/roundupriverranch.org\/about-us\/"},{"@type":"ListItem","position":3,"name":"Who We Are","item":"https:\/\/roundupriverranch.org\/about-us\/who-we-are\/"},{"@type":"ListItem","position":4,"name":"Medical Advisory Committee"}]},{"@type":"WebSite","@id":"https:\/\/roundupriverranch.org\/#website","url":"https:\/\/roundupriverranch.org\/","name":"Rancho Roundup River","description":"","potentialAction":[{"@type":"SearchAction","target":{"@type":"EntryPoint","urlTemplate":"https:\/\/roundupriverranch.org\/?s={search_term_string}"},"query-input":{"@type":"PropertyValueSpecification","valueRequired":true,"valueName":"search_term_string"}}],"inLanguage":"es"}]}},"_links":{"self":[{"href":"https:\/\/roundupriverranch.org\/es\/wp-json\/wp\/v2\/pages\/1625","targetHints":{"allow":["GET"]}}],"collection":[{"href":"https:\/\/roundupriverranch.org\/es\/wp-json\/wp\/v2\/pages"}],"about":[{"href":"https:\/\/roundupriverranch.org\/es\/wp-json\/wp\/v2\/types\/page"}],"author":[{"embeddable":true,"href":"https:\/\/roundupriverranch.org\/es\/wp-json\/wp\/v2\/users\/1"}],"replies":[{"embeddable":true,"href":"https:\/\/roundupriverranch.org\/es\/wp-json\/wp\/v2\/comments?post=1625"}],"version-history":[{"count":20,"href":"https:\/\/roundupriverranch.org\/es\/wp-json\/wp\/v2\/pages\/1625\/revisions"}],"predecessor-version":[{"id":11952,"href":"https:\/\/roundupriverranch.org\/es\/wp-json\/wp\/v2\/pages\/1625\/revisions\/11952"}],"up":[{"embeddable":true,"href":"https:\/\/roundupriverranch.org\/es\/wp-json\/wp\/v2\/pages\/753"}],"wp:attachment":[{"href":"https:\/\/roundupriverranch.org\/es\/wp-json\/wp\/v2\/media?parent=1625"}],"curies":[{"name":"wp","href":"https:\/\/api.w.org\/{rel}","templated":true}]}}