{"id":1652,"date":"2025-12-13T23:06:39","date_gmt":"2025-12-13T23:06:39","guid":{"rendered":"https:\/\/roundupriverranch.org\/?page_id=1652"},"modified":"2026-04-06T19:32:06","modified_gmt":"2026-04-06T19:32:06","slug":"seasonal-jobs","status":"publish","type":"page","link":"https:\/\/roundupriverranch.org\/es\/about-us\/who-we-are\/seasonal-jobs\/","title":{"rendered":"Trabajos de temporada"},"content":{"rendered":"<h1 class=\"wp-block-heading has-text-align-center\" id=\"h-seasonal-jobs\">Trabajos de temporada<\/h1>\n\n\n\n<h2 class=\"wp-block-heading has-text-align-center\" id=\"h-work-seems-less-like-work-when-you-re-helping-to-give-kids-a-life-changing-experience\">EL TRABAJO PARECE MENOS \u201cTRABAJO\u201d CUANDO <br>EST\u00c1S AYUDANDO A DAR A LOS NI\u00d1OS <br>UNA EXPERIENCIA QUE TE CAMBIAR\u00c1 LA VIDA.<\/h2>\n\n\n\n<p class=\"has-text-align-center\">Cuando su d\u00eda apoya a los ni\u00f1os a descubrir la alegr\u00eda, la conexi\u00f3n, la independencia y la esperanza, el \u201ctrabajo\u201d se siente mucho m\u00e1s significativo. En Roundup River Ranch, te unir\u00e1s a un equipo diverso y entusiasta que da vida a experiencias de campamento extraordinarias para los ni\u00f1os con diagn\u00f3sticos que alteran la vida y sus familias. Nuestro entorno es de colaboraci\u00f3n, impulsado por la misi\u00f3n, y arraigado en la creencia de que cada papel contribuye a algo verdaderamente impactante. Vis\u00edtenos a menudo para conocer nuevas y emocionantes oportunidades de crecer, contribuir y formar parte de algo importante.<\/p>\n\n\n\n<div style=\"height:10px\" aria-hidden=\"true\" class=\"wp-block-spacer\"><\/div>\n\n\n\n<div class=\"wp-block-group is-content-justification-center is-nowrap is-layout-flex wp-container-core-group-is-layout-94bc23d7 wp-block-group-is-layout-flex\">\n<div class=\"wp-block-buttons plainlink is-layout-flex wp-block-buttons-is-layout-flex\">\n<div class=\"wp-block-button plainlink\"><a class=\"wp-block-button__link wp-element-button\" href=\"https:\/\/roundupriverranch.org\/es\/about-us\/who-we-are\/join-our-team\/\">Todo el a\u00f1o a tiempo completo<\/a><\/div>\n<\/div>\n\n\n\n<span class=\"plainlinkselected\">Trabajos de temporada<\/span>\n\n\n\n<div class=\"wp-block-buttons plainlink is-layout-flex wp-block-buttons-is-layout-flex\">\n<div class=\"wp-block-button plainlink\"><a class=\"wp-block-button__link wp-element-button\" href=\"https:\/\/roundupriverranch.org\/es\/about-us\/who-we-are\/medical-seasonal-jobs\/\">M\u00e9dico Temporero Empleo<\/a><\/div>\n<\/div>\n<\/div>\n\n\n\n<div style=\"height:40px\" aria-hidden=\"true\" class=\"wp-block-spacer\"><\/div>\n\n\n\n<p><strong>\u00bfEST\u00c1S PREPARADO PARA EL MEJOR VERANO DE TU VIDA?&nbsp;<em>\u00a1\u00danete a nosotros en la temporada de campamentos 2026!&nbsp;<\/em><\/strong><\/p>\n\n\n\n<p>Cada verano Roundup River Ranch emplea a un grupo de profesionales dedicados, talentosos y divertidos en nuestro hermoso campamento en las Monta\u00f1as Rocosas de Colorado. Adquiera experiencia en liderazgo de pares, desarrollo de programas y din\u00e1micas de grupo mientras marca la diferencia en las vidas de los campistas con diagn\u00f3sticos m\u00e9dicos que alteran la vida. Presenta tu solicitud hoy mismo para formar parte del equipo que crea la magia de los campamentos. Las solicitudes se revisan y aceptan de forma continua hasta que se cubran todos los puestos.&nbsp;<a href=\"https:\/\/recruiting.paylocity.com\/recruiting\/jobs\/All\/71583702-ac56-4f0e-bf04-c75f9236b911\/RRR-Seasonal-Career-Center\" target=\"_blank\" rel=\"noreferrer noopener\">Presente hoy mismo su solicitud para unirse a nosotros en la temporada de campamentos de 2026.&nbsp;<\/a>&nbsp;<\/p>\n\n\n\n<p><strong><em>Siga leyendo para conocer los puestos disponibles, los requisitos laborales, los horarios, los salarios, las estructuras de bonificaciones y mucho m\u00e1s.<\/em><\/strong><\/p>\n\n\n\n<hr class=\"wp-block-separator has-alpha-channel-opacity\"\/>\n\n\n\n<h2 class=\"wp-block-heading\" id=\"h-key-dates\">Fechas clave<\/h2>\n\n\n\n<p>Asistir a la formaci\u00f3n del personal es esencial para la integraci\u00f3n del equipo, la formaci\u00f3n\/certificaci\u00f3n espec\u00edfica del puesto y el aprendizaje de todos los procedimientos de emergencia, pol\u00edticas y necesidades del programa de Roundup River Ranch. Por favor, revise nuestro calendario de fechas de formaci\u00f3n a continuaci\u00f3n para planificar el futuro y confirmar su disponibilidad para nuestros entrenamientos esenciales. Si usted no est\u00e1 disponible para todas estas fechas, le animamos a seguir aplicando, ya que puede ser capaz de conceder cierta flexibilidad sobre una base de caso por caso y en funci\u00f3n de la experiencia previa.&nbsp;<\/p>\n\n\n\n<ul class=\"wp-block-list\">\n<li><strong>7 de mayo (llegada):<\/strong>&nbsp;Formaci\u00f3n en liderazgo: Enfermero jefe, jefe(s) de equipo y jefe de salud mental&nbsp;&nbsp;<\/li>\n\n\n\n<li><strong>11 de mayo (llegada el 10 de mayo):<\/strong>&nbsp;Formaci\u00f3n en salvamento y socorrismo para responsables de programas identificados&nbsp;<\/li>\n\n\n\n<li><strong>18 de mayo (llegada el 17 de mayo):<\/strong>&nbsp;Formaci\u00f3n para todo el personal: jefes de programa, jefes de cabina y auxiliares administrativos&nbsp;<\/li>\n\n\n\n<li><strong>Del 4 de junio al 14 de agosto:<\/strong>&nbsp;Core Camp Temporada&nbsp;<\/li>\n<\/ul>\n\n\n\n<p><a href=\"https:\/\/roundupriverranch.org\/es\/campers\/camp-schedule\/\" target=\"_blank\" rel=\"noreferrer noopener\">Consulte aqu\u00ed el programa completo del campamento.<\/a><\/p>\n\n\n\n<p><strong><em>\u00bfNo puede comprometerse con la temporada completa de campamentos pero sigue interesado en apoyar nuestra misi\u00f3n? Solicite ser voluntario&nbsp;<\/em><\/strong><a href=\"https:\/\/nam10.safelinks.protection.outlook.com\/?url=https%3A%2F%2Froundupriverranch.org%2Fvolunteer%2Fapply-to-volunteer%2F&amp;data=05%7C01%7CMKoffenberger%40roundupriverranch.org%7C13fe9b6e81794643925308dbe5641a83%7C0597ebfa225145f7bfe9bb18d4f9e171%7C0%7C0%7C638355990347391987%7CUnknown%7CTWFpbGZsb3d8eyJWIjoiMC4wLjAwMDAiLCJQIjoiV2luMzIiLCJBTiI6Ik1haWwiLCJXVCI6Mn0%3D%7C3000%7C%7C%7C&amp;sdata=43SjJp9jk7Npqw9XSgwKxaY60AkKwxC%2B6aoE%2FTREvy8%3D&amp;reserved=0\" target=\"_blank\" rel=\"noreferrer noopener\"><strong><em>AQU\u00cd<\/em><\/strong><\/a><strong><em>!&nbsp;&nbsp;<\/em><\/strong><\/p>\n\n\n\n<hr class=\"wp-block-separator has-alpha-channel-opacity\"\/>\n\n\n\n<h2 class=\"wp-block-heading\" id=\"h-2026-open-roles\">2026 Funciones abiertas<\/h2>\n\n\n\n<ul class=\"wp-block-list\">\n<li><a href=\"https:\/\/recruiting.paylocity.com\/Recruiting\/Jobs\/Details\/3666327\" target=\"_blank\" rel=\"noreferrer noopener\"><strong>L\u00edder del programa<\/strong><\/a><strong>:<\/strong>&nbsp;\u00bfTe gusta la escalada, el tiro con arco, la equitaci\u00f3n, la pesca, las artes pl\u00e1sticas? Este puesto es para ti. Los l\u00edderes de programa son responsables de la facilitaci\u00f3n de nuestros programas de campamento. Aprender\u00e1n a planificar, adaptar y ejecutar programas de alta calidad para grupos de 8-10 campistas a la vez.  Trabajar en este puesto le proporcionar\u00e1 las habilidades y la experiencia necesarias para dirigir y facilitar grupos, as\u00ed como para comunicarse y colaborar eficazmente en grupos peque\u00f1os y grandes. Dependiendo de su programa espec\u00edfico, podr\u00e1 obtener cr\u00e9ditos para realizar pr\u00e1cticas.\n<ul class=\"wp-block-list\">\n<li><strong><em>Remuneraci\u00f3n diaria: $103<\/em><\/strong><em>;<\/em>&nbsp;este puesto puede optar a nuestro programa de bonificaciones, los detalles se incluyen a continuaci\u00f3n.<\/li>\n\n\n\n<li><strong><em>Se trata de un puesto residencial -<\/em><\/strong><em>&nbsp;<\/em>se proporcionar\u00e1 alojamiento mientras dure el empleo<\/li>\n\n\n\n<li><strong><em>Tenga en cuenta que debe tener 19 a\u00f1os o m\u00e1s (antes del 5 de junio de 2026) para poder optar a este puesto.<\/em><\/strong><\/li>\n<\/ul>\n<\/li>\n\n\n\n<li><a href=\"https:\/\/recruiting.paylocity.com\/Recruiting\/Jobs\/Details\/3687483\"><strong>Asistente administrativo:<\/strong><\/a>&nbsp;Este puesto es responsable de apoyar al Director Administrativo del Campamento y al Equipo de Admisiones. Los Asistentes Administrativos apoyan la Orientaci\u00f3n de Voluntarios, la Llegada de Campistas y los D\u00edas de Salida con tareas que incluyen, crear e imprimir documentos y etiquetas, escanear documentos, sacar y organizar los art\u00edculos de llegada de los campistas, gestionar el embalaje y env\u00edo de art\u00edculos perdidos y encontrados, y m\u00e1s. Las personas en este puesto tienen un fuerte enfoque administrativo y aprender\u00e1n habilidades de organizaci\u00f3n, comunicaci\u00f3n y optimizaci\u00f3n. Este puesto es muy importante para garantizar una temporada de campamentos organizada y sin problemas.\n<ul class=\"wp-block-list\">\n<li><strong><em>Remuneraci\u00f3n: $18\/hora<\/em><\/strong><\/li>\n\n\n\n<li><strong><em>Tenga en cuenta que debe tener 16 a\u00f1os o m\u00e1s en la fecha de inicio de la formaci\u00f3n para poder optar a este puesto.\u00a0<\/em><\/strong><\/li>\n<\/ul>\n<\/li>\n\n\n\n<li><a href=\"https:\/\/recruiting.paylocity.com\/Recruiting\/Jobs\/Details\/3780234\" target=\"_blank\" rel=\"noreferrer noopener\"><strong>Sous Chef:<\/strong> <\/a>Apoyar en las tareas diarias de cocina y servicio de alimentos para garantizar que se cumplan los m\u00e1s altos est\u00e1ndares de preparaci\u00f3n de alimentos, servicio y saneamiento para apoyar la seguridad m\u00e9dica y las necesidades diet\u00e9ticas de todos los campistas, el personal y los voluntarios; crear una experiencia alimentaria segura y de alta calidad para todos los campistas, el personal y los voluntarios.\n<ul class=\"wp-block-list\">\n<li><strong><em>Remuneraci\u00f3n: $20-25\/hora<\/em><\/strong><\/li>\n\n\n\n<li><strong><em>Tenga en cuenta que debe tener 16 a\u00f1os o m\u00e1s en la fecha de inicio de la formaci\u00f3n para poder optar a este puesto.&nbsp;<\/em><\/strong><\/li>\n<\/ul>\n<\/li>\n\n\n\n<li><strong><a href=\"https:\/\/recruiting.paylocity.com\/Recruiting\/Jobs\/Details\/3779856\" target=\"_blank\" rel=\"noreferrer noopener\">Prep Chef: <\/a><\/strong>Apoyar en las tareas diarias de cocina y servicio de alimentos para garantizar que se cumplan los m\u00e1s altos est\u00e1ndares de preparaci\u00f3n de alimentos, servicio y saneamiento para apoyar la seguridad m\u00e9dica y las necesidades diet\u00e9ticas de todos los campistas, el personal y los voluntarios; crear una experiencia alimentaria segura y de alta calidad para todos los campistas, el personal y los voluntarios.\n<ul class=\"wp-block-list\">\n<li><strong><em>Salario: $18-20\/hora<\/em><\/strong><\/li>\n\n\n\n<li><strong><em>Tenga en cuenta que debe tener 16 a\u00f1os o m\u00e1s en la fecha de inicio de la formaci\u00f3n para poder optar a este puesto.&nbsp;<\/em><\/strong><\/li>\n<\/ul>\n<\/li>\n\n\n\n<li><strong><a href=\"https:\/\/recruiting.paylocity.com\/Recruiting\/Jobs\/Details\/3778278\" target=\"_blank\" rel=\"noreferrer noopener\">Prep Chef - Dietas especiales:<\/a><\/strong> Apoyar en las tareas diarias de cocina y servicio de alimentos para asegurar que se cumplan los m\u00e1s altos est\u00e1ndares de preparaci\u00f3n de alimentos, servicio y saneamiento para apoyar la seguridad m\u00e9dica y las necesidades diet\u00e9ticas de todos los campistas, personal y voluntarios; crear una experiencia alimentaria segura y de alta calidad para todos los campistas, personal y voluntarios. Este puesto servir\u00e1 de enlace entre el equipo m\u00e9dico y el encargado del servicio de comidas para garantizar que se aplican las restricciones diet\u00e9ticas adecuadas para satisfacer las necesidades de los campistas.\n<ul class=\"wp-block-list\">\n<li><strong><em>Salario: $18-20\/hora<\/em><\/strong><\/li>\n\n\n\n<li><strong><em>Tenga en cuenta que debe tener 16 a\u00f1os o m\u00e1s en la fecha de inicio de la formaci\u00f3n para poder optar a este puesto.&nbsp;<\/em><\/strong><\/li>\n<\/ul>\n<\/li>\n\n\n\n<li><strong><a href=\"https:\/\/recruiting.paylocity.com\/Recruiting\/Jobs\/Details\/3882130\" target=\"_blank\" rel=\"noreferrer noopener\"><strong>Marketing Assistant<\/strong>:<\/a><\/strong> Acquire, organize, and utilize photography, videography, and camper\/volunteer testimonials and interviews during the 2026 Summer Camp season. The Marketing Assistant will capture the magic and spirit of each camp session and will support the dissemination of such information with internal and external parties. The Marketing Assistant will work 20-40 hours per week that support scheduled camp activities from mid-May through mid-August.\n<ul class=\"wp-block-list\">\n<li><strong><em>Remuneraci\u00f3n: $18\/hora<\/em><\/strong><\/li>\n\n\n\n<li><strong><em><strong>Please note you must be 16 years of age or older by your training start date to be eligible for this position. This could be a residential or non-residential position.<\/strong><\/em><\/strong><\/li>\n<\/ul>\n<\/li>\n\n\n\n<li><strong><a href=\"https:\/\/recruiting.paylocity.com\/Recruiting\/Jobs\/Details\/3881755\" target=\"_blank\" rel=\"noreferrer noopener\"><strong>Events Administrative Assistant<\/strong>:<\/a><\/strong> Provide extensive administrative support to the Development Team for the development function, general fundraising activities, and signature events (The Bullseye Roundup &amp; A Grateful Harvest). This is a seasonal\/temporary (June, July &amp; August) part-time position to support with the high demand event and fundraising season.\n<ul class=\"wp-block-list\">\n<li><strong><em>Remuneraci\u00f3n: $18\/hora<\/em><\/strong><\/li>\n\n\n\n<li><strong><em>Please note, that you must be 18 years of age or older by your training start date to be eligible for this position.\u00a0<\/em><\/strong><\/li>\n<\/ul>\n<\/li>\n<\/ul>\n\n\n\n<hr class=\"wp-block-separator has-alpha-channel-opacity\"\/>\n\n\n\n<h2 class=\"wp-block-heading\" id=\"h-bonuses\">Bonificaciones<\/h2>\n\n\n\n<h3 class=\"wp-block-heading\" id=\"h-available-to-residential-program-amp-cabin-staff\">Disponible para el personal del Programa Residencial y de la Caba\u00f1a<strong><\/strong><\/h3>\n\n\n\n<p>Roundup River Ranch se compromete a proporcionar un salario competitivo a todos los empleados. Los L\u00edderes de Caba\u00f1a, L\u00edderes de Programa, y nuestros L\u00edderes de Salud Conductual, L\u00edderes de Equipo de Caba\u00f1a y L\u00edderes de Equipo de Programa que reciben un estipendio diario son elegibles para recibir pagos de bonos adicionales como se indica a continuaci\u00f3n.  Las bonificaciones se abonar\u00e1n de acuerdo con el calendario y las condiciones establecidas una vez finalizado el proceso de contrataci\u00f3n y recibida la oferta formal de empleo. Tenga en cuenta que los puestos estacionales pagados por hora NO pueden recibir estas bonificaciones.<\/p>\n\n\n\n<ul class=\"wp-block-list\">\n<li><strong>Bonificaci\u00f3n por retorno del personal - $150:<\/strong>&nbsp;El personal que regrese de una temporada anterior de Roundup River Ranch Camp podr\u00e1 recibir una bonificaci\u00f3n de $150.\n<ul class=\"wp-block-list\">\n<li><em>El personal reincorporado puede optar a un aumento de hasta $2,00 de la tarifa diaria basada en los m\u00e9ritos si se reincorpora en el mismo puesto que en a\u00f1os anteriores.&nbsp;&nbsp;<\/em><\/li>\n<\/ul>\n<\/li>\n\n\n\n<li><strong>Bonificaci\u00f3n por recomendaci\u00f3n - $100<\/strong><strong>:<\/strong>&nbsp;El personal que \u201crecomiende a un amigo\u201d y esa persona sea contratada y complete nuestra formaci\u00f3n completa de personal, podr\u00e1 optar a recibir $100 por recomendaci\u00f3n.&nbsp;&nbsp;<\/li>\n<\/ul>\n\n\n\n<p><strong>Bonificaci\u00f3n por finalizaci\u00f3n de la formaci\u00f3n del personal - $500:&nbsp;<\/strong>Completa toda la formaci\u00f3n del personal (del 17 al 31 de mayo) para recibir una bonificaci\u00f3n de $500.<\/p>\n\n\n\n<div class=\"wp-block-buttons is-content-justification-center is-layout-flex wp-container-core-buttons-is-layout-16018d1d wp-block-buttons-is-layout-flex\">\n<div class=\"wp-block-button drkgreen-btn\"><a class=\"wp-block-button__link wp-element-button\" href=\"https:\/\/recruiting.paylocity.com\/recruiting\/jobs\/All\/71583702-ac56-4f0e-bf04-c75f9236b911\/RRR-Seasonal-Career-Center\" target=\"_blank\" rel=\"noreferrer noopener nofollow\">Solicitar ahora<\/a><\/div>\n<\/div>\n\n\n\n<div style=\"height:20px\" aria-hidden=\"true\" class=\"wp-block-spacer\"><\/div>\n\n\n\n<div class=\"wp-block-columns paylocity is-layout-flex wp-container-core-columns-is-layout-9d6595d7 wp-block-columns-is-layout-flex\">\n<div class=\"wp-block-column is-vertically-aligned-center is-layout-flow wp-block-column-is-layout-flow\">\n<p><iframe loading=\"lazy\" src=\"https:\/\/recruiting.paylocity.com\/recruiting\/jobs\/All\/71583702-ac56-4f0e-bf04-c75f9236b911\/RRR-Seasonal-Career-Center\" width=\"80%\" height=\"1000px\"><\/iframe><\/p>\n<\/div>\n<\/div>\n\n\n\n<div style=\"height:40px\" aria-hidden=\"true\" class=\"wp-block-spacer\"><\/div>\n\n\n\n\n\n\n\n<p><\/p>","protected":false},"excerpt":{"rendered":"<p>Trabajos Temporales EL TRABAJO PARECE MENOS \u201cTRABAJO\u201d CUANDO EST\u00c1S AYUDANDO A DAR A LOS NI\u00d1OS UNA EXPERIENCIA QUE CAMBIA LA VIDA. Cuando tu d\u00eda ayuda a los ni\u00f1os a descubrir la alegr\u00eda, la conexi\u00f3n, la independencia, ... <a href=\"https:\/\/roundupriverranch.org\/es\/about-us\/who-we-are\/seasonal-jobs\/\">Contin\u00faa<\/a><\/p>","protected":false},"author":1,"featured_media":0,"parent":753,"menu_order":0,"comment_status":"closed","ping_status":"open","template":"template-secondary.blade.php","meta":{"_acf_changed":false,"footnotes":""},"class_list":["post-1652","page","type-page","status-publish","hentry"],"acf":[],"yoast_head":"<!-- This site is optimized with the Yoast SEO Premium plugin v26.9 (Yoast SEO v27.4) - https:\/\/yoast.com\/product\/yoast-seo-premium-wordpress\/ -->\n<title>Seasonal Jobs - Roundup River Ranch<\/title>\n<meta name=\"description\" content=\"Apply to work a full-time or seasonal position at Roundup River Ranch, where work includes creating life changing experiences for campers!\" \/>\n<meta name=\"robots\" content=\"index, follow, max-snippet:-1, max-image-preview:large, max-video-preview:-1\" \/>\n<link rel=\"canonical\" href=\"https:\/\/roundupriverranch.org\/es\/about-us\/who-we-are\/seasonal-jobs\/\" \/>\n<meta property=\"og:locale\" content=\"es_ES\" \/>\n<meta property=\"og:type\" content=\"article\" \/>\n<meta property=\"og:title\" content=\"Seasonal Jobs\" \/>\n<meta property=\"og:description\" content=\"Apply to work a full-time or seasonal position at Roundup River Ranch, where work includes creating life changing experiences for campers!\" \/>\n<meta property=\"og:url\" content=\"https:\/\/roundupriverranch.org\/es\/about-us\/who-we-are\/seasonal-jobs\/\" \/>\n<meta property=\"og:site_name\" content=\"Roundup River Ranch\" \/>\n<meta property=\"article:publisher\" content=\"https:\/\/www.facebook.com\/roundupriverranch\/\" \/>\n<meta property=\"article:modified_time\" content=\"2026-04-06T19:32:06+00:00\" \/>\n<meta property=\"og:image\" content=\"https:\/\/roundupriverranch.org\/wp-content\/uploads\/2025\/11\/marshmellows.svg\" \/>\n<meta name=\"twitter:card\" content=\"summary_large_image\" \/>\n<meta name=\"twitter:label1\" content=\"Tiempo de lectura\" \/>\n\t<meta name=\"twitter:data1\" content=\"6 minutos\" \/>\n<script type=\"application\/ld+json\" class=\"yoast-schema-graph\">{\"@context\":\"https:\\\/\\\/schema.org\",\"@graph\":[{\"@type\":\"WebPage\",\"@id\":\"https:\\\/\\\/roundupriverranch.org\\\/about-us\\\/who-we-are\\\/seasonal-jobs\\\/\",\"url\":\"https:\\\/\\\/roundupriverranch.org\\\/about-us\\\/who-we-are\\\/seasonal-jobs\\\/\",\"name\":\"Seasonal Jobs - Roundup River Ranch\",\"isPartOf\":{\"@id\":\"https:\\\/\\\/roundupriverranch.org\\\/#website\"},\"primaryImageOfPage\":{\"@id\":\"https:\\\/\\\/roundupriverranch.org\\\/about-us\\\/who-we-are\\\/seasonal-jobs\\\/#primaryimage\"},\"image\":{\"@id\":\"https:\\\/\\\/roundupriverranch.org\\\/about-us\\\/who-we-are\\\/seasonal-jobs\\\/#primaryimage\"},\"thumbnailUrl\":\"https:\\\/\\\/roundupriverranch.org\\\/wp-content\\\/uploads\\\/2025\\\/11\\\/marshmellows.svg\",\"datePublished\":\"2025-12-13T23:06:39+00:00\",\"dateModified\":\"2026-04-06T19:32:06+00:00\",\"description\":\"Apply to work a full-time or seasonal position at Roundup River Ranch, where work includes creating life changing experiences for campers!\",\"breadcrumb\":{\"@id\":\"https:\\\/\\\/roundupriverranch.org\\\/about-us\\\/who-we-are\\\/seasonal-jobs\\\/#breadcrumb\"},\"inLanguage\":\"es\",\"potentialAction\":[{\"@type\":\"ReadAction\",\"target\":[\"https:\\\/\\\/roundupriverranch.org\\\/about-us\\\/who-we-are\\\/seasonal-jobs\\\/\"]}]},{\"@type\":\"ImageObject\",\"inLanguage\":\"es\",\"@id\":\"https:\\\/\\\/roundupriverranch.org\\\/about-us\\\/who-we-are\\\/seasonal-jobs\\\/#primaryimage\",\"url\":\"https:\\\/\\\/roundupriverranch.org\\\/wp-content\\\/uploads\\\/2025\\\/11\\\/marshmellows.svg\",\"contentUrl\":\"https:\\\/\\\/roundupriverranch.org\\\/wp-content\\\/uploads\\\/2025\\\/11\\\/marshmellows.svg\"},{\"@type\":\"BreadcrumbList\",\"@id\":\"https:\\\/\\\/roundupriverranch.org\\\/about-us\\\/who-we-are\\\/seasonal-jobs\\\/#breadcrumb\",\"itemListElement\":[{\"@type\":\"ListItem\",\"position\":1,\"name\":\"Home\",\"item\":\"https:\\\/\\\/roundupriverranch.org\\\/\"},{\"@type\":\"ListItem\",\"position\":2,\"name\":\"About Us\",\"item\":\"https:\\\/\\\/roundupriverranch.org\\\/about-us\\\/\"},{\"@type\":\"ListItem\",\"position\":3,\"name\":\"Who We Are\",\"item\":\"https:\\\/\\\/roundupriverranch.org\\\/about-us\\\/who-we-are\\\/\"},{\"@type\":\"ListItem\",\"position\":4,\"name\":\"Seasonal Jobs\"}]},{\"@type\":\"WebSite\",\"@id\":\"https:\\\/\\\/roundupriverranch.org\\\/#website\",\"url\":\"https:\\\/\\\/roundupriverranch.org\\\/\",\"name\":\"Roundup River Ranch\",\"description\":\"\",\"potentialAction\":[{\"@type\":\"SearchAction\",\"target\":{\"@type\":\"EntryPoint\",\"urlTemplate\":\"https:\\\/\\\/roundupriverranch.org\\\/?s={search_term_string}\"},\"query-input\":{\"@type\":\"PropertyValueSpecification\",\"valueRequired\":true,\"valueName\":\"search_term_string\"}}],\"inLanguage\":\"es\"}]}<\/script>\n<!-- \/ Yoast SEO Premium plugin. -->","yoast_head_json":{"title":"Trabajos de temporada - Roundup River Ranch","description":"Solicita un puesto a tiempo completo o por temporada en Roundup River Ranch, donde el trabajo incluye crear experiencias que cambian la vida de los campistas.","robots":{"index":"index","follow":"follow","max-snippet":"max-snippet:-1","max-image-preview":"max-image-preview:large","max-video-preview":"max-video-preview:-1"},"canonical":"https:\/\/roundupriverranch.org\/es\/about-us\/who-we-are\/seasonal-jobs\/","og_locale":"es_ES","og_type":"article","og_title":"Seasonal Jobs","og_description":"Apply to work a full-time or seasonal position at Roundup River Ranch, where work includes creating life changing experiences for campers!","og_url":"https:\/\/roundupriverranch.org\/es\/about-us\/who-we-are\/seasonal-jobs\/","og_site_name":"Roundup River Ranch","article_publisher":"https:\/\/www.facebook.com\/roundupriverranch\/","article_modified_time":"2026-04-06T19:32:06+00:00","og_image":[{"url":"https:\/\/roundupriverranch.org\/wp-content\/uploads\/2025\/11\/marshmellows.svg","type":"","width":"","height":""}],"twitter_card":"summary_large_image","twitter_misc":{"Tiempo de lectura":"6 minutos"},"schema":{"@context":"https:\/\/schema.org","@graph":[{"@type":"WebPage","@id":"https:\/\/roundupriverranch.org\/about-us\/who-we-are\/seasonal-jobs\/","url":"https:\/\/roundupriverranch.org\/about-us\/who-we-are\/seasonal-jobs\/","name":"Trabajos de temporada - Roundup River Ranch","isPartOf":{"@id":"https:\/\/roundupriverranch.org\/#website"},"primaryImageOfPage":{"@id":"https:\/\/roundupriverranch.org\/about-us\/who-we-are\/seasonal-jobs\/#primaryimage"},"image":{"@id":"https:\/\/roundupriverranch.org\/about-us\/who-we-are\/seasonal-jobs\/#primaryimage"},"thumbnailUrl":"https:\/\/roundupriverranch.org\/wp-content\/uploads\/2025\/11\/marshmellows.svg","datePublished":"2025-12-13T23:06:39+00:00","dateModified":"2026-04-06T19:32:06+00:00","description":"Solicita un puesto a tiempo completo o por temporada en Roundup River Ranch, donde el trabajo incluye crear experiencias que cambian la vida de los campistas.","breadcrumb":{"@id":"https:\/\/roundupriverranch.org\/about-us\/who-we-are\/seasonal-jobs\/#breadcrumb"},"inLanguage":"es","potentialAction":[{"@type":"ReadAction","target":["https:\/\/roundupriverranch.org\/about-us\/who-we-are\/seasonal-jobs\/"]}]},{"@type":"ImageObject","inLanguage":"es","@id":"https:\/\/roundupriverranch.org\/about-us\/who-we-are\/seasonal-jobs\/#primaryimage","url":"https:\/\/roundupriverranch.org\/wp-content\/uploads\/2025\/11\/marshmellows.svg","contentUrl":"https:\/\/roundupriverranch.org\/wp-content\/uploads\/2025\/11\/marshmellows.svg"},{"@type":"BreadcrumbList","@id":"https:\/\/roundupriverranch.org\/about-us\/who-we-are\/seasonal-jobs\/#breadcrumb","itemListElement":[{"@type":"ListItem","position":1,"name":"Home","item":"https:\/\/roundupriverranch.org\/"},{"@type":"ListItem","position":2,"name":"About Us","item":"https:\/\/roundupriverranch.org\/about-us\/"},{"@type":"ListItem","position":3,"name":"Who We Are","item":"https:\/\/roundupriverranch.org\/about-us\/who-we-are\/"},{"@type":"ListItem","position":4,"name":"Seasonal Jobs"}]},{"@type":"WebSite","@id":"https:\/\/roundupriverranch.org\/#website","url":"https:\/\/roundupriverranch.org\/","name":"Rancho Roundup River","description":"","potentialAction":[{"@type":"SearchAction","target":{"@type":"EntryPoint","urlTemplate":"https:\/\/roundupriverranch.org\/?s={search_term_string}"},"query-input":{"@type":"PropertyValueSpecification","valueRequired":true,"valueName":"search_term_string"}}],"inLanguage":"es"}]}},"_links":{"self":[{"href":"https:\/\/roundupriverranch.org\/es\/wp-json\/wp\/v2\/pages\/1652","targetHints":{"allow":["GET"]}}],"collection":[{"href":"https:\/\/roundupriverranch.org\/es\/wp-json\/wp\/v2\/pages"}],"about":[{"href":"https:\/\/roundupriverranch.org\/es\/wp-json\/wp\/v2\/types\/page"}],"author":[{"embeddable":true,"href":"https:\/\/roundupriverranch.org\/es\/wp-json\/wp\/v2\/users\/1"}],"replies":[{"embeddable":true,"href":"https:\/\/roundupriverranch.org\/es\/wp-json\/wp\/v2\/comments?post=1652"}],"version-history":[{"count":18,"href":"https:\/\/roundupriverranch.org\/es\/wp-json\/wp\/v2\/pages\/1652\/revisions"}],"predecessor-version":[{"id":13152,"href":"https:\/\/roundupriverranch.org\/es\/wp-json\/wp\/v2\/pages\/1652\/revisions\/13152"}],"up":[{"embeddable":true,"href":"https:\/\/roundupriverranch.org\/es\/wp-json\/wp\/v2\/pages\/753"}],"wp:attachment":[{"href":"https:\/\/roundupriverranch.org\/es\/wp-json\/wp\/v2\/media?parent=1652"}],"curies":[{"name":"wp","href":"https:\/\/api.w.org\/{rel}","templated":true}]}}