{"id":1662,"date":"2025-12-13T23:21:12","date_gmt":"2025-12-13T23:21:12","guid":{"rendered":"https:\/\/roundupriverranch.org\/?page_id=1662"},"modified":"2026-01-23T20:21:07","modified_gmt":"2026-01-23T20:21:07","slug":"medical-seasonal-jobs","status":"publish","type":"page","link":"https:\/\/roundupriverranch.org\/es\/about-us\/who-we-are\/medical-seasonal-jobs\/","title":{"rendered":"M\u00e9dico Temporero Empleo"},"content":{"rendered":"<h1 class=\"wp-block-heading has-text-align-center\" id=\"h-medical-seasonal-jobs\">M\u00e9dico Temporero Empleo<\/h1>\n\n\n\n<h2 class=\"wp-block-heading has-text-align-center\" id=\"h-work-seems-less-like-work-when-you-re-helping-to-give-kids-a-life-changing-experience\">EL TRABAJO PARECE MENOS \u201cTRABAJO\u201d CUANDO <br>EST\u00c1S AYUDANDO A DAR A LOS NI\u00d1OS <br>UNA EXPERIENCIA QUE TE CAMBIAR\u00c1 LA VIDA.<\/h2>\n\n\n\n<p class=\"has-text-align-center\">Cuando su d\u00eda apoya a los ni\u00f1os a descubrir la alegr\u00eda, la conexi\u00f3n, la independencia y la esperanza, el \u201ctrabajo\u201d se siente mucho m\u00e1s significativo. En Roundup River Ranch, te unir\u00e1s a un equipo diverso y entusiasta que da vida a experiencias de campamento extraordinarias para los ni\u00f1os con diagn\u00f3sticos que alteran la vida y sus familias. Nuestro entorno es de colaboraci\u00f3n, impulsado por la misi\u00f3n, y arraigado en la creencia de que cada papel contribuye a algo verdaderamente impactante. Vis\u00edtenos a menudo para conocer nuevas y emocionantes oportunidades de crecer, contribuir y formar parte de algo importante.<\/p>\n\n\n\n<div style=\"height:10px\" aria-hidden=\"true\" class=\"wp-block-spacer\"><\/div>\n\n\n\n<div class=\"wp-block-group is-content-justification-center is-nowrap is-layout-flex wp-container-core-group-is-layout-94bc23d7 wp-block-group-is-layout-flex\">\n<div class=\"wp-block-buttons plainlink is-layout-flex wp-block-buttons-is-layout-flex\">\n<div class=\"wp-block-button plainlink\"><a class=\"wp-block-button__link wp-element-button\" href=\"https:\/\/roundupriverranch.org\/es\/about-us\/who-we-are\/join-our-team\/\">Todo el a\u00f1o a tiempo completo<\/a><\/div>\n<\/div>\n\n\n\n<div class=\"wp-block-buttons plainlink is-layout-flex wp-block-buttons-is-layout-flex\">\n<div class=\"wp-block-button plainlink\"><a class=\"wp-block-button__link wp-element-button\" href=\"https:\/\/roundupriverranch.org\/es\/about-us\/who-we-are\/seasonal-jobs\/\" target=\"_blank\" rel=\"noreferrer noopener nofollow\">Trabajos de temporada<\/a><\/div>\n<\/div>\n\n\n\n<span class=\"plainlinkselected\">M\u00e9dico Temporero Empleo<\/span>\n<\/div>\n\n\n\n<div style=\"height:40px\" aria-hidden=\"true\" class=\"wp-block-spacer\"><\/div>\n\n\n\n<p>Cada verano, Roundup River Ranch emplea a un grupo de profesionales dedicados, talentosos y divertidos en nuestro hermoso campamento en las Monta\u00f1as Rocosas de Colorado. Una experiencia de viaje \u00fanica, gratificante y de inmersi\u00f3n que le permite deshacerse de sus batas y pasar el verano al aire libre en el campamento, trayendo las alegr\u00edas simples de la infancia. Las solicitudes se revisan y aceptan de forma continua hasta que se cubran todos los puestos.\u00a0<strong><em>Ya est\u00e1n abiertas las solicitudes para la temporada de campamentos de 2026.<\/em><\/strong><\/p>\n\n\n\n<hr class=\"wp-block-separator has-alpha-channel-opacity\"\/>\n\n\n\n<h2 class=\"wp-block-heading\" id=\"h-key-dates\">Fechas clave<\/h2>\n\n\n\n<p>Asistir a la formaci\u00f3n del personal es esencial para la integraci\u00f3n del equipo, la formaci\u00f3n\/certificaci\u00f3n espec\u00edfica del puesto y el aprendizaje de todos los procedimientos de emergencia, pol\u00edticas y necesidades del programa de Roundup River Ranch. Por favor, revise nuestro calendario de fechas de formaci\u00f3n a continuaci\u00f3n para planificar el futuro y confirmar su disponibilidad para nuestros entrenamientos esenciales. Si usted no est\u00e1 disponible para todas estas fechas, le animamos a seguir aplicando, ya que puede ser capaz de conceder cierta flexibilidad sobre una base de caso por caso y en funci\u00f3n de la experiencia previa.&nbsp;<\/p>\n\n\n\n<ul class=\"wp-block-list\">\n<li><strong>7 de mayo (llegada):<\/strong>&nbsp;Formaci\u00f3n en liderazgo: Enfermero jefe, jefe(s) de equipo y jefe de salud mental&nbsp;&nbsp;<\/li>\n\n\n\n<li><strong>11 de mayo (llegada el 10 de mayo):<\/strong>\u00a0Formaci\u00f3n de verano para el personal de enfermer\u00eda; formaci\u00f3n de socorristas y cursos de desaf\u00edo para responsables de programas identificados.<\/li>\n\n\n\n<li><strong>18 de mayo (llegada el 17 de mayo):<\/strong>&nbsp;Formaci\u00f3n para todo el personal: jefes de programa, jefes de cabina y auxiliares administrativos&nbsp;<\/li>\n\n\n\n<li><strong>Del 4 de junio al 14 de agosto:<\/strong>&nbsp;Core Camp Temporada&nbsp;<\/li>\n<\/ul>\n\n\n\n<p><a href=\"https:\/\/roundupriverranch.org\/es\/campers\/camp-schedule\/\" target=\"_blank\" rel=\"noreferrer noopener\">Consulte aqu\u00ed el programa completo del campamento.<\/a><\/p>\n\n\n\n<p><strong><em>\u00bfNo puede comprometerse con la temporada completa de campamentos pero sigue interesado en apoyar nuestra misi\u00f3n? Solicite ser voluntario&nbsp;<\/em><\/strong><a href=\"https:\/\/nam10.safelinks.protection.outlook.com\/?url=https%3A%2F%2Froundupriverranch.org%2Fvolunteer%2Fapply-to-volunteer%2F&amp;data=05%7C01%7CMKoffenberger%40roundupriverranch.org%7C13fe9b6e81794643925308dbe5641a83%7C0597ebfa225145f7bfe9bb18d4f9e171%7C0%7C0%7C638355990347391987%7CUnknown%7CTWFpbGZsb3d8eyJWIjoiMC4wLjAwMDAiLCJQIjoiV2luMzIiLCJBTiI6Ik1haWwiLCJXVCI6Mn0%3D%7C3000%7C%7C%7C&amp;sdata=43SjJp9jk7Npqw9XSgwKxaY60AkKwxC%2B6aoE%2FTREvy8%3D&amp;reserved=0\" target=\"_blank\" rel=\"noreferrer noopener\"><strong><em>AQU\u00cd<\/em><\/strong><\/a><strong><em>!&nbsp;&nbsp;<\/em><\/strong><\/p>\n\n\n\n<hr class=\"wp-block-separator has-alpha-channel-opacity\"\/>\n\n\n\n<h2 class=\"wp-block-heading\" id=\"h-2026-open-roles\">2026 Funciones abiertas<\/h2>\n\n\n\n<ul class=\"wp-block-list\">\n<li><a href=\"https:\/\/recruiting.paylocity.com\/Recruiting\/Jobs\/Details\/3862583\" target=\"_blank\" rel=\"noreferrer noopener\"><strong>Enfermera jefe:&nbsp;<\/strong><\/a>En&nbsp;<strong>Enfermera jefe<\/strong>&nbsp;apoya la seguridad m\u00e9dica, la salud y el bienestar de los campistas en Roundup River Ranch cuando el campamento est\u00e1 en sesi\u00f3n y durante la programaci\u00f3n in situ. Este es un papel de liderazgo que apoya las operaciones m\u00e9dicas, as\u00ed como ayuda a gestionar y apoyar a las enfermeras del personal estacional de verano. Se trata de una oportunidad estacional para una enfermera pedi\u00e1trica excepcionalmente cualificada y con experiencia. Este puesto requiere un jugador de equipo altamente motivado e inclusivo que encuentre gratificante trabajar con ni\u00f1os con afecciones m\u00e9dicas graves. En colaboraci\u00f3n con el director de enfermer\u00eda (ND), el gerente de enfermer\u00eda y el director m\u00e9dico, este puesto proporciona cuidados de enfermer\u00eda directos a los campistas y apoya a otras enfermeras voluntarias o del personal, de forma similar a una enfermera a cargo en un entorno hospitalario. Este puesto apoya la formaci\u00f3n del personal de enfermer\u00eda y de los voluntarios m\u00e9dicos, adem\u00e1s de proporcionar formaci\u00f3n y educaci\u00f3n en protocolos m\u00e9dicos b\u00e1sicos al personal no m\u00e9dico y a los voluntarios que participan en la atenci\u00f3n directa y el apoyo a los campistas. Este puesto depender\u00e1 del Director de Enfermer\u00eda y trabajar\u00e1 en estrecha colaboraci\u00f3n con el Director de Enfermer\u00eda.\n<ul class=\"wp-block-list\">\n<li><em>Fechas de la temporada: Del 6 de mayo al 7 de agosto, incluyendo la formaci\u00f3n de l\u00edderes y personal, as\u00ed como los d\u00edas de campamento designados seg\u00fan el calendario del campamento.<\/em><\/li>\n\n\n\n<li><em>Tarifa semanal: $2,035.71 por semana<\/em><\/li>\n\n\n\n<li><em>Duraci\u00f3n del contrato: 14 semanas<\/em><\/li>\n\n\n\n<li><em>Remuneraci\u00f3n total del contrato: $28.500 (\u00a1sin incluir bonificaciones!)<\/em><\/li>\n\n\n\n<li><em>\u00a1Podr\u00e1s optar a una bonificaci\u00f3n de hasta $3.500! \u00a0<\/em><\/li>\n<\/ul>\n<\/li>\n<\/ul>\n\n\n\n<div style=\"height:10px\" aria-hidden=\"true\" class=\"wp-block-spacer\"><\/div>\n\n\n\n<ul class=\"wp-block-list\">\n<li><strong><a href=\"https:\/\/recruiting.paylocity.com\/Recruiting\/Jobs\/Details\/3762881\" target=\"_blank\" rel=\"noreferrer noopener\">Enfermera de verano:<\/a> <\/strong>La enfermera del personal de verano se ocupa de la seguridad m\u00e9dica, la salud y el bienestar de los campistas cuando el campamento est\u00e1 en sesi\u00f3n y durante la programaci\u00f3n in situ a trav\u00e9s de la atenci\u00f3n m\u00e9dica directa de los campistas.\u00a0<strong>Este puesto requiere m\u00e1s de 1 a\u00f1o de experiencia en enfermer\u00eda pedi\u00e1trica<\/strong>. El puesto requiere un jugador de equipo que valore el trabajo en equipo y colabore con otros enfermeros del personal de verano y con el equipo m\u00e9dico (Director de Enfermer\u00eda, Director M\u00e9dico y Director de Enfermer\u00eda). Este puesto proporciona todos los cuidados m\u00e9dicos directos necesarios a los campistas durante su estancia en el campamento, incluyendo medicaci\u00f3n, tratamientos y procedimientos diarios. Se espera que la enfermera de cabina est\u00e9 con su caba\u00f1a tanto como sea posible a lo largo del d\u00eda. Este puesto apoya la formaci\u00f3n de voluntarios m\u00e9dicos, as\u00ed como la formaci\u00f3n y educaci\u00f3n en protocolos m\u00e9dicos b\u00e1sicos para el personal no m\u00e9dico y los voluntarios que participan en la atenci\u00f3n directa y el apoyo a los campistas. Este puesto depender\u00e1 del ND. Este puesto tambi\u00e9n apoyar\u00e1 a la enfermera jefe y al director de enfermer\u00eda.\u00a0\n<ul class=\"wp-block-list\">\n<li><em>Fechas de la temporada: <em>Del 11 de mayo al 7 de agosto, incluida la formaci\u00f3n; los d\u00edas de trabajo y los d\u00edas libres se establecer\u00e1n de acuerdo con el calendario del campamento.<\/em><\/em><\/li>\n\n\n\n<li><em>Tarifa semanal: $1.500 por semana<\/em><\/li>\n\n\n\n<li><em>Duraci\u00f3n del contrato: 13 semanas<\/em><\/li>\n\n\n\n<li><em>Remuneraci\u00f3n total del contrato: $19.500 (\u00a1sin incluir bonificaciones!)<\/em><\/li>\n\n\n\n<li><em>\u00a1Podr\u00e1s optar a una bonificaci\u00f3n de hasta $3.500!\u00a0<\/em><\/li>\n<\/ul>\n<\/li>\n<\/ul>\n\n\n\n<div style=\"height:40px\" aria-hidden=\"true\" class=\"wp-block-spacer\"><\/div>\n\n\n\n<div class=\"wp-block-buttons is-content-justification-center is-layout-flex wp-container-core-buttons-is-layout-16018d1d wp-block-buttons-is-layout-flex\">\n<div class=\"wp-block-button drkgreen-btn\"><a class=\"wp-block-button__link wp-element-button\" href=\"https:\/\/roundupriverranch.org\/es\/about-us\/employment\/medical-seasonal-jobs\/\" target=\"_blank\" rel=\"noreferrer noopener nofollow\">Solicitar ahora<\/a><\/div>\n<\/div>\n\n\n\n<div style=\"height:20px\" aria-hidden=\"true\" class=\"wp-block-spacer\"><\/div>\n\n\n\n<div class=\"wp-block-columns paylocity is-layout-flex wp-container-core-columns-is-layout-9d6595d7 wp-block-columns-is-layout-flex\">\n<div class=\"wp-block-column is-vertically-aligned-center is-layout-flow wp-block-column-is-layout-flow\">\n<p><iframe loading=\"lazy\" src=\"https:\/\/recruiting.paylocity.com\/recruiting\/jobs\/All\/eb79438f-01ff-4055-b633-cc708e66cd6e\/ALL-POSTINGS---please-post-to-YR-or-Seasonal-page?location=All%20Locations&amp;department=Medical\" width=\"80%\" height=\"1000px\"><\/iframe><\/p>\n<\/div>\n<\/div>\n\n\n\n<div style=\"height:40px\" aria-hidden=\"true\" class=\"wp-block-spacer\"><\/div>\n\n\n\n\n\n\n\n<p><\/p>","protected":false},"excerpt":{"rendered":"<p>Medical Seasonal Jobs WORK SEEMS LESS LIKE \u201cWORK\u201d WHEN YOU\u2019RE HELPING TO GIVE KIDS A LIFE-CHANGING EXPERIENCE. When your day supports kids discovering joy, connection, &hellip; <a href=\"https:\/\/roundupriverranch.org\/es\/about-us\/who-we-are\/medical-seasonal-jobs\/\">Contin\u00faa<\/a><\/p>","protected":false},"author":1,"featured_media":0,"parent":753,"menu_order":0,"comment_status":"closed","ping_status":"open","template":"template-secondary.blade.php","meta":{"_acf_changed":false,"footnotes":""},"class_list":["post-1662","page","type-page","status-publish","hentry"],"acf":[],"yoast_head":"<!-- This site is optimized with the Yoast SEO Premium plugin v26.9 (Yoast SEO v27.4) - https:\/\/yoast.com\/product\/yoast-seo-premium-wordpress\/ -->\n<title>Medical Seasonal Jobs - Roundup River Ranch<\/title>\n<meta name=\"description\" content=\"Apply to work a full-time or seasonal position at Roundup River Ranch, where work includes creating life changing experiences for campers!\" \/>\n<meta name=\"robots\" content=\"index, follow, max-snippet:-1, max-image-preview:large, max-video-preview:-1\" \/>\n<link rel=\"canonical\" href=\"https:\/\/roundupriverranch.org\/es\/about-us\/who-we-are\/medical-seasonal-jobs\/\" \/>\n<meta property=\"og:locale\" content=\"es_ES\" \/>\n<meta property=\"og:type\" content=\"article\" \/>\n<meta property=\"og:title\" content=\"Medical Seasonal Jobs\" \/>\n<meta property=\"og:description\" content=\"Apply to work a full-time or seasonal position at Roundup River Ranch, where work includes creating life changing experiences for campers!\" \/>\n<meta property=\"og:url\" content=\"https:\/\/roundupriverranch.org\/es\/about-us\/who-we-are\/medical-seasonal-jobs\/\" \/>\n<meta property=\"og:site_name\" content=\"Roundup River Ranch\" \/>\n<meta property=\"article:publisher\" content=\"https:\/\/www.facebook.com\/roundupriverranch\/\" \/>\n<meta property=\"article:modified_time\" content=\"2026-01-23T20:21:07+00:00\" \/>\n<meta property=\"og:image\" content=\"https:\/\/roundupriverranch.org\/wp-content\/uploads\/2025\/11\/marshmellows.svg\" \/>\n<meta name=\"twitter:card\" content=\"summary_large_image\" \/>\n<meta name=\"twitter:label1\" content=\"Tiempo de lectura\" \/>\n\t<meta name=\"twitter:data1\" content=\"4 minutos\" \/>\n<script type=\"application\/ld+json\" class=\"yoast-schema-graph\">{\"@context\":\"https:\\\/\\\/schema.org\",\"@graph\":[{\"@type\":\"WebPage\",\"@id\":\"https:\\\/\\\/roundupriverranch.org\\\/about-us\\\/who-we-are\\\/medical-seasonal-jobs\\\/\",\"url\":\"https:\\\/\\\/roundupriverranch.org\\\/about-us\\\/who-we-are\\\/medical-seasonal-jobs\\\/\",\"name\":\"Medical Seasonal Jobs - Roundup River Ranch\",\"isPartOf\":{\"@id\":\"https:\\\/\\\/roundupriverranch.org\\\/#website\"},\"primaryImageOfPage\":{\"@id\":\"https:\\\/\\\/roundupriverranch.org\\\/about-us\\\/who-we-are\\\/medical-seasonal-jobs\\\/#primaryimage\"},\"image\":{\"@id\":\"https:\\\/\\\/roundupriverranch.org\\\/about-us\\\/who-we-are\\\/medical-seasonal-jobs\\\/#primaryimage\"},\"thumbnailUrl\":\"https:\\\/\\\/roundupriverranch.org\\\/wp-content\\\/uploads\\\/2025\\\/11\\\/marshmellows.svg\",\"datePublished\":\"2025-12-13T23:21:12+00:00\",\"dateModified\":\"2026-01-23T20:21:07+00:00\",\"description\":\"Apply to work a full-time or seasonal position at Roundup River Ranch, where work includes creating life changing experiences for campers!\",\"breadcrumb\":{\"@id\":\"https:\\\/\\\/roundupriverranch.org\\\/about-us\\\/who-we-are\\\/medical-seasonal-jobs\\\/#breadcrumb\"},\"inLanguage\":\"es\",\"potentialAction\":[{\"@type\":\"ReadAction\",\"target\":[\"https:\\\/\\\/roundupriverranch.org\\\/about-us\\\/who-we-are\\\/medical-seasonal-jobs\\\/\"]}]},{\"@type\":\"ImageObject\",\"inLanguage\":\"es\",\"@id\":\"https:\\\/\\\/roundupriverranch.org\\\/about-us\\\/who-we-are\\\/medical-seasonal-jobs\\\/#primaryimage\",\"url\":\"https:\\\/\\\/roundupriverranch.org\\\/wp-content\\\/uploads\\\/2025\\\/11\\\/marshmellows.svg\",\"contentUrl\":\"https:\\\/\\\/roundupriverranch.org\\\/wp-content\\\/uploads\\\/2025\\\/11\\\/marshmellows.svg\"},{\"@type\":\"BreadcrumbList\",\"@id\":\"https:\\\/\\\/roundupriverranch.org\\\/about-us\\\/who-we-are\\\/medical-seasonal-jobs\\\/#breadcrumb\",\"itemListElement\":[{\"@type\":\"ListItem\",\"position\":1,\"name\":\"Home\",\"item\":\"https:\\\/\\\/roundupriverranch.org\\\/\"},{\"@type\":\"ListItem\",\"position\":2,\"name\":\"About Us\",\"item\":\"https:\\\/\\\/roundupriverranch.org\\\/about-us\\\/\"},{\"@type\":\"ListItem\",\"position\":3,\"name\":\"Who We Are\",\"item\":\"https:\\\/\\\/roundupriverranch.org\\\/about-us\\\/who-we-are\\\/\"},{\"@type\":\"ListItem\",\"position\":4,\"name\":\"Medical Seasonal Jobs\"}]},{\"@type\":\"WebSite\",\"@id\":\"https:\\\/\\\/roundupriverranch.org\\\/#website\",\"url\":\"https:\\\/\\\/roundupriverranch.org\\\/\",\"name\":\"Roundup River Ranch\",\"description\":\"\",\"potentialAction\":[{\"@type\":\"SearchAction\",\"target\":{\"@type\":\"EntryPoint\",\"urlTemplate\":\"https:\\\/\\\/roundupriverranch.org\\\/?s={search_term_string}\"},\"query-input\":{\"@type\":\"PropertyValueSpecification\",\"valueRequired\":true,\"valueName\":\"search_term_string\"}}],\"inLanguage\":\"es\"}]}<\/script>\n<!-- \/ Yoast SEO Premium plugin. -->","yoast_head_json":{"title":"Medical Seasonal Jobs - Roundup River Ranch","description":"Solicita un puesto a tiempo completo o por temporada en Roundup River Ranch, donde el trabajo incluye crear experiencias que cambian la vida de los campistas.","robots":{"index":"index","follow":"follow","max-snippet":"max-snippet:-1","max-image-preview":"max-image-preview:large","max-video-preview":"max-video-preview:-1"},"canonical":"https:\/\/roundupriverranch.org\/es\/about-us\/who-we-are\/medical-seasonal-jobs\/","og_locale":"es_ES","og_type":"article","og_title":"Medical Seasonal Jobs","og_description":"Apply to work a full-time or seasonal position at Roundup River Ranch, where work includes creating life changing experiences for campers!","og_url":"https:\/\/roundupriverranch.org\/es\/about-us\/who-we-are\/medical-seasonal-jobs\/","og_site_name":"Roundup River Ranch","article_publisher":"https:\/\/www.facebook.com\/roundupriverranch\/","article_modified_time":"2026-01-23T20:21:07+00:00","og_image":[{"url":"https:\/\/roundupriverranch.org\/wp-content\/uploads\/2025\/11\/marshmellows.svg","type":"","width":"","height":""}],"twitter_card":"summary_large_image","twitter_misc":{"Tiempo de lectura":"4 minutos"},"schema":{"@context":"https:\/\/schema.org","@graph":[{"@type":"WebPage","@id":"https:\/\/roundupriverranch.org\/about-us\/who-we-are\/medical-seasonal-jobs\/","url":"https:\/\/roundupriverranch.org\/about-us\/who-we-are\/medical-seasonal-jobs\/","name":"Medical Seasonal Jobs - Roundup River Ranch","isPartOf":{"@id":"https:\/\/roundupriverranch.org\/#website"},"primaryImageOfPage":{"@id":"https:\/\/roundupriverranch.org\/about-us\/who-we-are\/medical-seasonal-jobs\/#primaryimage"},"image":{"@id":"https:\/\/roundupriverranch.org\/about-us\/who-we-are\/medical-seasonal-jobs\/#primaryimage"},"thumbnailUrl":"https:\/\/roundupriverranch.org\/wp-content\/uploads\/2025\/11\/marshmellows.svg","datePublished":"2025-12-13T23:21:12+00:00","dateModified":"2026-01-23T20:21:07+00:00","description":"Solicita un puesto a tiempo completo o por temporada en Roundup River Ranch, donde el trabajo incluye crear experiencias que cambian la vida de los campistas.","breadcrumb":{"@id":"https:\/\/roundupriverranch.org\/about-us\/who-we-are\/medical-seasonal-jobs\/#breadcrumb"},"inLanguage":"es","potentialAction":[{"@type":"ReadAction","target":["https:\/\/roundupriverranch.org\/about-us\/who-we-are\/medical-seasonal-jobs\/"]}]},{"@type":"ImageObject","inLanguage":"es","@id":"https:\/\/roundupriverranch.org\/about-us\/who-we-are\/medical-seasonal-jobs\/#primaryimage","url":"https:\/\/roundupriverranch.org\/wp-content\/uploads\/2025\/11\/marshmellows.svg","contentUrl":"https:\/\/roundupriverranch.org\/wp-content\/uploads\/2025\/11\/marshmellows.svg"},{"@type":"BreadcrumbList","@id":"https:\/\/roundupriverranch.org\/about-us\/who-we-are\/medical-seasonal-jobs\/#breadcrumb","itemListElement":[{"@type":"ListItem","position":1,"name":"Home","item":"https:\/\/roundupriverranch.org\/"},{"@type":"ListItem","position":2,"name":"About Us","item":"https:\/\/roundupriverranch.org\/about-us\/"},{"@type":"ListItem","position":3,"name":"Who We Are","item":"https:\/\/roundupriverranch.org\/about-us\/who-we-are\/"},{"@type":"ListItem","position":4,"name":"Medical Seasonal Jobs"}]},{"@type":"WebSite","@id":"https:\/\/roundupriverranch.org\/#website","url":"https:\/\/roundupriverranch.org\/","name":"Rancho Roundup River","description":"","potentialAction":[{"@type":"SearchAction","target":{"@type":"EntryPoint","urlTemplate":"https:\/\/roundupriverranch.org\/?s={search_term_string}"},"query-input":{"@type":"PropertyValueSpecification","valueRequired":true,"valueName":"search_term_string"}}],"inLanguage":"es"}]}},"_links":{"self":[{"href":"https:\/\/roundupriverranch.org\/es\/wp-json\/wp\/v2\/pages\/1662","targetHints":{"allow":["GET"]}}],"collection":[{"href":"https:\/\/roundupriverranch.org\/es\/wp-json\/wp\/v2\/pages"}],"about":[{"href":"https:\/\/roundupriverranch.org\/es\/wp-json\/wp\/v2\/types\/page"}],"author":[{"embeddable":true,"href":"https:\/\/roundupriverranch.org\/es\/wp-json\/wp\/v2\/users\/1"}],"replies":[{"embeddable":true,"href":"https:\/\/roundupriverranch.org\/es\/wp-json\/wp\/v2\/comments?post=1662"}],"version-history":[{"count":10,"href":"https:\/\/roundupriverranch.org\/es\/wp-json\/wp\/v2\/pages\/1662\/revisions"}],"predecessor-version":[{"id":12000,"href":"https:\/\/roundupriverranch.org\/es\/wp-json\/wp\/v2\/pages\/1662\/revisions\/12000"}],"up":[{"embeddable":true,"href":"https:\/\/roundupriverranch.org\/es\/wp-json\/wp\/v2\/pages\/753"}],"wp:attachment":[{"href":"https:\/\/roundupriverranch.org\/es\/wp-json\/wp\/v2\/media?parent=1662"}],"curies":[{"name":"wp","href":"https:\/\/api.w.org\/{rel}","templated":true}]}}