{"id":2434,"date":"2025-12-15T15:04:01","date_gmt":"2025-12-15T15:04:01","guid":{"rendered":"https:\/\/roundupriverranch.org\/?page_id=2434"},"modified":"2025-12-17T23:47:51","modified_gmt":"2025-12-17T23:47:51","slug":"camp-map","status":"publish","type":"page","link":"https:\/\/roundupriverranch.org\/es\/about-us\/our-campsite\/camp-map\/","title":{"rendered":"Mapa del campamento"},"content":{"rendered":"<div class=\"defaultheaderblock\">\n    <div class=\"defaultheaderblockinner\">\n\n                    <div class=\"headerouter\">\n                <div class=\"headerimage\" style=\"background-image: url(https:\/\/roundupriverranch.org\/wp-content\/uploads\/2025\/12\/roundup-river-ranch-camp-2000x460-main-header6.png)\">\n                    <img decoding=\"async\" src=\"https:\/\/roundupriverranch.org\/wp-content\/uploads\/2025\/12\/roundup-river-ranch-camp-2000x460-main-header6.png\" alt=\"Pond at Roundup River Ranch - landscape image\" \/>\n                <\/div>\n                <div class=\"mobileheaderimage\">\n                    <img decoding=\"async\" src=\"https:\/\/roundupriverranch.org\/wp-content\/uploads\/2025\/12\/roundup-river-ranch-camp-mobile-930x5006-1.png\" alt=\"Pond at Roundup River Ranch - landscape image\" \/>\n                <\/div>\n            <\/div>\n        \n    <\/div>\n    <div class=\"defaultheadercurve\">\n        <img decoding=\"async\" src=\"https:\/\/roundupriverranch.org\/wp-content\/themes\/sage\/public\/build\/assets\/defaultheadercurve-Cez_Hkub.svg\" alt=\"\">\n    <\/div>\n<\/div>\n\n\n\n<h1 class=\"wp-block-heading has-text-align-center\" id=\"h-camp-map\">Mapa del campamento<\/h1>\n\n\n\n<h2 class=\"wp-block-heading has-text-align-center\" id=\"h-awesome-camp-experiences-straight-ahead\">EXPERIENCIAS INCRE\u00cdBLES EN CAMPAMENTOS <br>TODO RECTO.<\/h2>\n\n\n\n<p class=\"has-text-align-center\">Nuestro pintoresco campamento est\u00e1 situado entre las Monta\u00f1as Rocosas y el r\u00edo Colorado. Cuando el campamento est\u00e1 en sesi\u00f3n, Roundup River Ranch se convierte en 125 acres de alegr\u00eda total y la risa. Por favor, echa un vistazo a nuestro mapa del campamento que detalla nuestras \u00e1reas del programa de campamento, edificios y otras caracter\u00edsticas del campamento.<\/p>\n\n\n\n<hr class=\"wp-block-separator has-alpha-channel-opacity\"\/>\n\n\n\n<div class=\"wp-block-columns is-layout-flex wp-container-core-columns-is-layout-9d6595d7 wp-block-columns-is-layout-flex\">\n<div class=\"wp-block-column is-layout-flow wp-block-column-is-layout-flow\">\n<figure class=\"wp-block-image size-large\"><img loading=\"lazy\" decoding=\"async\" width=\"704\" height=\"1024\" src=\"https:\/\/roundupriverranch.org\/wp-content\/uploads\/2025\/12\/RRR_Map_2025-1407x2048-1-704x1024.png\" alt=\"\" class=\"wp-image-2435\" srcset=\"https:\/\/roundupriverranch.org\/wp-content\/uploads\/2025\/12\/RRR_Map_2025-1407x2048-1-704x1024.png 704w, https:\/\/roundupriverranch.org\/wp-content\/uploads\/2025\/12\/RRR_Map_2025-1407x2048-1-206x300.png 206w, https:\/\/roundupriverranch.org\/wp-content\/uploads\/2025\/12\/RRR_Map_2025-1407x2048-1-768x1118.png 768w, https:\/\/roundupriverranch.org\/wp-content\/uploads\/2025\/12\/RRR_Map_2025-1407x2048-1-1055x1536.png 1055w, https:\/\/roundupriverranch.org\/wp-content\/uploads\/2025\/12\/RRR_Map_2025-1407x2048-1.png 1407w\" sizes=\"auto, (max-width: 704px) 100vw, 704px\" \/><\/figure>\n<\/div>\n\n\n\n<div class=\"wp-block-column is-layout-flow wp-block-column-is-layout-flow\">\n<p><strong>1. El Dep\u00f3sito<\/strong><br>Nuestro equipo de m\u00e9dicos, enfermeras y otros profesionales de la medicina se encarga de curar los golpes y las contusiones.<\/p>\n\n\n\n<p><strong>2. Trent's Cookhouse<\/strong><br>El coraz\u00f3n del campamento: disfruta de deliciosas comidas con tu caba\u00f1a, \u00fanete a la fiesta de baile de todo el campamento, brilla en el escenario durante la Noche de Escenarios, \u00a1y mucho m\u00e1s!<\/p>\n\n\n\n<p><strong>3. DJ's Junction<\/strong><br>Alberga las oficinas de nuestro personal durante todo el a\u00f1o, alojamiento para voluntarios, espacio interior de programaci\u00f3n y, por supuesto, el Observatorio Gates.<\/p>\n\n\n\n<p><strong>4. El Benny<br><\/strong>Nuestra biblioteca dentro de un tren que te da la bienvenida al campamento. Ven a leer y a relajarte a The Benny.<\/p>\n\n\n\n<p><strong>5. Arte Yurta<\/strong><br>\u00a1Todo el mundo es un artista en Roundup River Ranch! Crea obras maestras y explora y descubre talentos art\u00edsticos.<\/p>\n\n\n\n<p><strong>6. Anfiteatro<\/strong><br>\u00danete a nosotros para hacer una hoguera. Canta canciones de campamento, disfruta de nuestras ceremonias de apertura y clausura, y mucho m\u00e1s.<\/p>\n\n\n\n<p><strong>7. Navegaci\u00f3n<\/strong><br>Coged los chalecos salvavidas y preparaos para la diversi\u00f3n. Rema en canoa por el lago y juega a juegos n\u00e1uticos.<\/p>\n\n\n\n<p><strong>8. Pesca<\/strong><br>Aprenda a lanzar, capturar, desear y soltar.<\/p>\n\n\n\n<p><strong>9. Tiro con arco<\/strong><br>Preparados, apunten, \u00a1fuego! Pon a prueba tu destreza para dar en el blanco en nuestras numerosas dianas.<\/p>\n\n\n\n<p><strong>10. Challenge Course<\/strong><br>Conquista nuestra pared de roca de 12 metros y luego chilla de alegr\u00eda mientras vuelas por la tirolina.<\/p>\n\n\n\n<p><strong>11. Yurtas de descubrimiento y bellas artes<\/strong><br>Disfruta de divertidos proyectos que ampl\u00edan tu mente en la Yurta del Descubrimiento. Ponte un disfraz y haz volar tu imaginaci\u00f3n en Bellas Artes.<\/p>\n\n\n\n<p><strong>12. Hayride<\/strong><br>Una forma muy divertida de desplazarse por el camping.<\/p>\n\n\n\n<p><strong>13. Naturaleza<\/strong><br>Disfrute de la belleza de la naturaleza y aprenda sobre la vida salvaje que nos rodea aqu\u00ed, en las Monta\u00f1as Rocosas, dentro de Trent's Cookhouse.<\/p>\n\n\n\n<p><strong>14. Jard\u00edn de Lilly&nbsp;<\/strong><br>Nuestro jard\u00edn sonoro donado por la campista Lilly para llevar la m\u00fasica al campamento.&nbsp;<\/p>\n\n\n\n<p><strong>15. Caba\u00f1as<\/strong><br>Un hogar lejos de casa. Disfruta del Candle Chat, entabla amistad con otros campistas y con el personal del campamento, juega y descansa bien por la noche.<\/p>\n\n\n\n<p><strong>16. Alojamiento del personal<\/strong><br>Un hogar lejos del hogar para nuestros voluntarios superh\u00e9roes y algunos miembros incre\u00edbles del personal.<\/p>\n\n\n\n<p><strong>17. La Granja<\/strong><br>Explore el placer de la equitaci\u00f3n con paseos por la granja.&nbsp;<\/p>\n\n\n\n<p><strong>Estrella amarilla<\/strong><br>Registro de voluntarios, donantes y visitantes. Saluda a nuestro personal a tiempo completo.<\/p>\n\n\n\n<p><strong>Estrella Roja<\/strong><br>\u00a1Futura zona de caba\u00f1as para tres caba\u00f1as nuevas!<\/p>\n\n\n\n<p>\u00bfLe gustar\u00eda visitar el Roundup River Ranch? Si es as\u00ed, p\u00f3ngase en contacto con Cathy Ethington, Vicepresidenta de Asociaciones Estrat\u00e9gicas y Financiaci\u00f3n, <a href=\"mailto:cathy@roundupriverranch.org?subject=2019%20Camp%20Tours\">cathy@roundupriverranch.org<\/a> o llame al 414.418.7328.<\/p>\n<\/div>\n<\/div>\n\n\n\n<div style=\"height:60px\" aria-hidden=\"true\" class=\"wp-block-spacer\"><\/div>\n\n\n<div class=\"calloutboxwrapper\">\n    <div class=\"calloutboxinner\">\n        <div class=\"calloutcolumns\">\n            <div class=\"calloutcontent\">\n                                    <h2 style=\"text-align: center;\">D\u00c9 UNA VUELTA POR EL CAMPING<\/h2>\n<p style=\"text-align: center;\">Nuestro pintoresco campamento est\u00e1 situado entre las Monta\u00f1as Rocosas y el r\u00edo Colorado. Cuando el campamento est\u00e1 en sesi\u00f3n, Roundup River Ranch se convierte en 125 acres de alegr\u00eda total y la risa. Por favor, echa un vistazo a nuestro mapa del campamento que detalla nuestras \u00e1reas del programa de campamento, edificios y otras caracter\u00edsticas del campamento.<\/p>\n\n                            <\/div>\n            <div class=\"calloutimage\" style=\"background-image: url('https:\/\/roundupriverranch.org\/wp-content\/uploads\/2025\/11\/campsite_depot.jpg')\">\n                                    <img decoding=\"async\" src=\"https:\/\/roundupriverranch.org\/wp-content\/uploads\/2025\/11\/campsite_depot.jpg\" alt=\"\" \/>\n                            <\/div>\n        <\/div>\n        <div class=\"lowerlinks\">\n                                                                        <a href=\"https:\/\/roundupriverranch.org\/es\/about-us\/our-campsite\/camp-activities\/\" class=\"header-drkgreen-btn\">\n                            ACTIVIDADES DEL CAMPAMENTO\n                        <\/a>\n                                                                                <a href=\"https:\/\/roundupriverranch.org\/es\/camp-programs\/onsite-programs\/apply-for-camp\/\" class=\"header-drkgreen-btn\">\n                            INSCR\u00cdBETE EN EL CAMPAMENTO\n                        <\/a>\n                                                        <\/div>\n    <\/div>\n<\/div>","protected":false},"excerpt":{"rendered":"<p>Mapa del campamento EXPERIENCIAS ESPECTACULARES EN EL CAMPAMENTO. Nuestro pintoresco campamento est\u00e1 situado entre las Monta\u00f1as Rocosas y el r\u00edo Colorado. Cuando el campamento est\u00e1 en sesi\u00f3n, ... <a href=\"https:\/\/roundupriverranch.org\/es\/about-us\/our-campsite\/camp-map\/\">Contin\u00faa<\/a><\/p>","protected":false},"author":1,"featured_media":0,"parent":774,"menu_order":0,"comment_status":"closed","ping_status":"open","template":"template-secondary.blade.php","meta":{"_acf_changed":false,"footnotes":""},"class_list":["post-2434","page","type-page","status-publish","hentry"],"acf":[],"yoast_head":"<!-- This site is optimized with the Yoast SEO Premium plugin v26.9 (Yoast SEO v27.4) - https:\/\/yoast.com\/product\/yoast-seo-premium-wordpress\/ -->\n<title>Camp Map - Roundup River Ranch<\/title>\n<meta name=\"robots\" content=\"index, follow, max-snippet:-1, max-image-preview:large, max-video-preview:-1\" \/>\n<link rel=\"canonical\" href=\"https:\/\/roundupriverranch.org\/es\/about-us\/our-campsite\/camp-map\/\" \/>\n<meta property=\"og:locale\" content=\"es_ES\" \/>\n<meta property=\"og:type\" content=\"article\" \/>\n<meta property=\"og:title\" content=\"Camp Map\" \/>\n<meta property=\"og:description\" content=\"Camp Map AWESOME CAMP EXPERIENCES STRAIGHT AHEAD. Our picturesque camp sits nestled between the Rocky Mountains and the Colorado River. When camp is in session, &hellip; Continued\" \/>\n<meta property=\"og:url\" content=\"https:\/\/roundupriverranch.org\/es\/about-us\/our-campsite\/camp-map\/\" \/>\n<meta property=\"og:site_name\" content=\"Roundup River Ranch\" \/>\n<meta property=\"article:publisher\" content=\"https:\/\/www.facebook.com\/roundupriverranch\/\" \/>\n<meta property=\"article:modified_time\" content=\"2025-12-17T23:47:51+00:00\" \/>\n<meta property=\"og:image\" content=\"https:\/\/roundupriverranch.org\/wp-content\/uploads\/2025\/12\/RRR_Map_2025-1407x2048-1-704x1024.png\" \/>\n<meta name=\"twitter:card\" content=\"summary_large_image\" \/>\n<meta name=\"twitter:label1\" content=\"Tiempo de lectura\" \/>\n\t<meta name=\"twitter:data1\" content=\"3 minutos\" \/>\n<script type=\"application\/ld+json\" class=\"yoast-schema-graph\">{\"@context\":\"https:\\\/\\\/schema.org\",\"@graph\":[{\"@type\":\"WebPage\",\"@id\":\"https:\\\/\\\/roundupriverranch.org\\\/about-us\\\/our-campsite\\\/camp-map\\\/\",\"url\":\"https:\\\/\\\/roundupriverranch.org\\\/about-us\\\/our-campsite\\\/camp-map\\\/\",\"name\":\"Camp Map - Roundup River Ranch\",\"isPartOf\":{\"@id\":\"https:\\\/\\\/roundupriverranch.org\\\/#website\"},\"primaryImageOfPage\":{\"@id\":\"https:\\\/\\\/roundupriverranch.org\\\/about-us\\\/our-campsite\\\/camp-map\\\/#primaryimage\"},\"image\":{\"@id\":\"https:\\\/\\\/roundupriverranch.org\\\/about-us\\\/our-campsite\\\/camp-map\\\/#primaryimage\"},\"thumbnailUrl\":\"https:\\\/\\\/roundupriverranch.org\\\/wp-content\\\/uploads\\\/2025\\\/12\\\/RRR_Map_2025-1407x2048-1-704x1024.png\",\"datePublished\":\"2025-12-15T15:04:01+00:00\",\"dateModified\":\"2025-12-17T23:47:51+00:00\",\"breadcrumb\":{\"@id\":\"https:\\\/\\\/roundupriverranch.org\\\/about-us\\\/our-campsite\\\/camp-map\\\/#breadcrumb\"},\"inLanguage\":\"es\",\"potentialAction\":[{\"@type\":\"ReadAction\",\"target\":[\"https:\\\/\\\/roundupriverranch.org\\\/about-us\\\/our-campsite\\\/camp-map\\\/\"]}]},{\"@type\":\"ImageObject\",\"inLanguage\":\"es\",\"@id\":\"https:\\\/\\\/roundupriverranch.org\\\/about-us\\\/our-campsite\\\/camp-map\\\/#primaryimage\",\"url\":\"https:\\\/\\\/roundupriverranch.org\\\/wp-content\\\/uploads\\\/2025\\\/12\\\/RRR_Map_2025-1407x2048-1-704x1024.png\",\"contentUrl\":\"https:\\\/\\\/roundupriverranch.org\\\/wp-content\\\/uploads\\\/2025\\\/12\\\/RRR_Map_2025-1407x2048-1-704x1024.png\"},{\"@type\":\"BreadcrumbList\",\"@id\":\"https:\\\/\\\/roundupriverranch.org\\\/about-us\\\/our-campsite\\\/camp-map\\\/#breadcrumb\",\"itemListElement\":[{\"@type\":\"ListItem\",\"position\":1,\"name\":\"Home\",\"item\":\"https:\\\/\\\/roundupriverranch.org\\\/\"},{\"@type\":\"ListItem\",\"position\":2,\"name\":\"About Us\",\"item\":\"https:\\\/\\\/roundupriverranch.org\\\/about-us\\\/\"},{\"@type\":\"ListItem\",\"position\":3,\"name\":\"Our Campsite\",\"item\":\"https:\\\/\\\/roundupriverranch.org\\\/about-us\\\/our-campsite\\\/\"},{\"@type\":\"ListItem\",\"position\":4,\"name\":\"Camp Map\"}]},{\"@type\":\"WebSite\",\"@id\":\"https:\\\/\\\/roundupriverranch.org\\\/#website\",\"url\":\"https:\\\/\\\/roundupriverranch.org\\\/\",\"name\":\"Roundup River Ranch\",\"description\":\"\",\"potentialAction\":[{\"@type\":\"SearchAction\",\"target\":{\"@type\":\"EntryPoint\",\"urlTemplate\":\"https:\\\/\\\/roundupriverranch.org\\\/?s={search_term_string}\"},\"query-input\":{\"@type\":\"PropertyValueSpecification\",\"valueRequired\":true,\"valueName\":\"search_term_string\"}}],\"inLanguage\":\"es\"}]}<\/script>\n<!-- \/ Yoast SEO Premium plugin. -->","yoast_head_json":{"title":"Mapa del campamento - Roundup River Ranch","robots":{"index":"index","follow":"follow","max-snippet":"max-snippet:-1","max-image-preview":"max-image-preview:large","max-video-preview":"max-video-preview:-1"},"canonical":"https:\/\/roundupriverranch.org\/es\/about-us\/our-campsite\/camp-map\/","og_locale":"es_ES","og_type":"article","og_title":"Camp Map","og_description":"Camp Map AWESOME CAMP EXPERIENCES STRAIGHT AHEAD. Our picturesque camp sits nestled between the Rocky Mountains and the Colorado River. When camp is in session, &hellip; Continued","og_url":"https:\/\/roundupriverranch.org\/es\/about-us\/our-campsite\/camp-map\/","og_site_name":"Roundup River Ranch","article_publisher":"https:\/\/www.facebook.com\/roundupriverranch\/","article_modified_time":"2025-12-17T23:47:51+00:00","og_image":[{"url":"https:\/\/roundupriverranch.org\/wp-content\/uploads\/2025\/12\/RRR_Map_2025-1407x2048-1-704x1024.png","type":"","width":"","height":""}],"twitter_card":"summary_large_image","twitter_misc":{"Tiempo de lectura":"3 minutos"},"schema":{"@context":"https:\/\/schema.org","@graph":[{"@type":"WebPage","@id":"https:\/\/roundupriverranch.org\/about-us\/our-campsite\/camp-map\/","url":"https:\/\/roundupriverranch.org\/about-us\/our-campsite\/camp-map\/","name":"Mapa del campamento - Roundup River Ranch","isPartOf":{"@id":"https:\/\/roundupriverranch.org\/#website"},"primaryImageOfPage":{"@id":"https:\/\/roundupriverranch.org\/about-us\/our-campsite\/camp-map\/#primaryimage"},"image":{"@id":"https:\/\/roundupriverranch.org\/about-us\/our-campsite\/camp-map\/#primaryimage"},"thumbnailUrl":"https:\/\/roundupriverranch.org\/wp-content\/uploads\/2025\/12\/RRR_Map_2025-1407x2048-1-704x1024.png","datePublished":"2025-12-15T15:04:01+00:00","dateModified":"2025-12-17T23:47:51+00:00","breadcrumb":{"@id":"https:\/\/roundupriverranch.org\/about-us\/our-campsite\/camp-map\/#breadcrumb"},"inLanguage":"es","potentialAction":[{"@type":"ReadAction","target":["https:\/\/roundupriverranch.org\/about-us\/our-campsite\/camp-map\/"]}]},{"@type":"ImageObject","inLanguage":"es","@id":"https:\/\/roundupriverranch.org\/about-us\/our-campsite\/camp-map\/#primaryimage","url":"https:\/\/roundupriverranch.org\/wp-content\/uploads\/2025\/12\/RRR_Map_2025-1407x2048-1-704x1024.png","contentUrl":"https:\/\/roundupriverranch.org\/wp-content\/uploads\/2025\/12\/RRR_Map_2025-1407x2048-1-704x1024.png"},{"@type":"BreadcrumbList","@id":"https:\/\/roundupriverranch.org\/about-us\/our-campsite\/camp-map\/#breadcrumb","itemListElement":[{"@type":"ListItem","position":1,"name":"Home","item":"https:\/\/roundupriverranch.org\/"},{"@type":"ListItem","position":2,"name":"About Us","item":"https:\/\/roundupriverranch.org\/about-us\/"},{"@type":"ListItem","position":3,"name":"Our Campsite","item":"https:\/\/roundupriverranch.org\/about-us\/our-campsite\/"},{"@type":"ListItem","position":4,"name":"Camp Map"}]},{"@type":"WebSite","@id":"https:\/\/roundupriverranch.org\/#website","url":"https:\/\/roundupriverranch.org\/","name":"Rancho Roundup River","description":"","potentialAction":[{"@type":"SearchAction","target":{"@type":"EntryPoint","urlTemplate":"https:\/\/roundupriverranch.org\/?s={search_term_string}"},"query-input":{"@type":"PropertyValueSpecification","valueRequired":true,"valueName":"search_term_string"}}],"inLanguage":"es"}]}},"_links":{"self":[{"href":"https:\/\/roundupriverranch.org\/es\/wp-json\/wp\/v2\/pages\/2434","targetHints":{"allow":["GET"]}}],"collection":[{"href":"https:\/\/roundupriverranch.org\/es\/wp-json\/wp\/v2\/pages"}],"about":[{"href":"https:\/\/roundupriverranch.org\/es\/wp-json\/wp\/v2\/types\/page"}],"author":[{"embeddable":true,"href":"https:\/\/roundupriverranch.org\/es\/wp-json\/wp\/v2\/users\/1"}],"replies":[{"embeddable":true,"href":"https:\/\/roundupriverranch.org\/es\/wp-json\/wp\/v2\/comments?post=2434"}],"version-history":[{"count":2,"href":"https:\/\/roundupriverranch.org\/es\/wp-json\/wp\/v2\/pages\/2434\/revisions"}],"predecessor-version":[{"id":11317,"href":"https:\/\/roundupriverranch.org\/es\/wp-json\/wp\/v2\/pages\/2434\/revisions\/11317"}],"up":[{"embeddable":true,"href":"https:\/\/roundupriverranch.org\/es\/wp-json\/wp\/v2\/pages\/774"}],"wp:attachment":[{"href":"https:\/\/roundupriverranch.org\/es\/wp-json\/wp\/v2\/media?parent=2434"}],"curies":[{"name":"wp","href":"https:\/\/api.w.org\/{rel}","templated":true}]}}