{"id":591,"date":"2025-11-27T21:50:32","date_gmt":"2025-11-27T21:50:32","guid":{"rendered":"https:\/\/roundupriverranch.org\/?page_id=591"},"modified":"2025-12-02T16:29:25","modified_gmt":"2025-12-02T16:29:25","slug":"onsite-activities","status":"publish","type":"page","link":"https:\/\/roundupriverranch.org\/es\/onsite-activities\/","title":{"rendered":"Actividades in situ"},"content":{"rendered":"<h1 class=\"wp-block-heading has-text-align-center\">Actividades in situ<\/h1>\n\n\n\n<h2 class=\"wp-block-heading has-text-align-center h2large\">CABALGA, DESL\u00cdZATE EN TIROLINA, PESCA Y MUCHO M\u00c1S. EXPLORA ESTAS <br>ACTIVIDADES LLENAS DE ALEGR\u00cdA.<\/h2>\n\n\n\n<p><\/p>\n\n\n\n<p class=\"has-text-align-center\">At offic tem restorio. Etur alignati de nossectiorem quis arum labo. Nem quia solorrum quibusant eliti dolore<br>pliquat quiae plit alis maximenim quam idisimin excerchillor aspeliq uamusae. O arunt facerup tatur, sitas ea il<br>modictatecum erferepudae con res mos ab inullor poriatur? Et volut eaquia culparias audae corerio blaut ma<br>dolorrum velibeaquiae ex eturem fugit quibusam qui odis sam con<\/p>\n\n\n\n<div style=\"height:60px\" aria-hidden=\"true\" class=\"wp-block-spacer\"><\/div>\n\n\n\n<div class=\"wp-block-columns is-layout-flex wp-container-core-columns-is-layout-9d6595d7 wp-block-columns-is-layout-flex\">\n<div class=\"wp-block-column is-layout-flow wp-block-column-is-layout-flow\"><a href=\"#\" class=\"activityblock\">\n    <div class=\"activityblockinner\">\n        <div class=\"default-view\">\n            <div class=\"headerimage\">\n                                <img decoding=\"async\" src=\"https:\/\/roundupriverranch.org\/wp-content\/uploads\/2025\/11\/equestrian.jpg\" alt=\"\" \/>\n                            <\/div>\n            <div class=\"content\">\n                                <div class=\"iconimage\">\n                    <img decoding=\"async\" src=\"https:\/\/roundupriverranch.org\/wp-content\/uploads\/2025\/11\/EQUESTRIAN_c.svg\" alt=\"\" \/>\n                <\/div>\n                            <\/div>\n        <\/div>\n\n        <div class=\"hover-view\">\n                            <div class=\"description\">\n                    <p>Lorem ipsum dolor sit amet, consectetur adipisicing elit, sed do eiusmod tempor incididunt ut labore et dolore magna aliqua. Ut enim ad minim veniam, quis nostrud exercitation ullamco<\/p>\n\n                <\/div>\n                    <\/div>\n\n                <h2 class=\"title\">EQUESTRIAN<\/h2>\n            <\/div>\n<\/a>\n<\/div>\n\n\n\n<div class=\"wp-block-column is-layout-flow wp-block-column-is-layout-flow\"><a href=\"#\" class=\"activityblock\">\n    <div class=\"activityblockinner\">\n        <div class=\"default-view\">\n            <div class=\"headerimage\">\n                                <img decoding=\"async\" src=\"https:\/\/roundupriverranch.org\/wp-content\/uploads\/2025\/11\/zipline.jpg\" alt=\"\" \/>\n                            <\/div>\n            <div class=\"content\">\n                                <div class=\"iconimage\">\n                    <img decoding=\"async\" src=\"https:\/\/roundupriverranch.org\/wp-content\/uploads\/2025\/11\/zipline_b.svg\" alt=\"\" \/>\n                <\/div>\n                            <\/div>\n        <\/div>\n\n        <div class=\"hover-view\">\n                            <div class=\"description\">\n                    <p>Aboris nisi ut aliquip ex ea commodo consequat. Duis aute irure dolor in reprehenderit in voluptate velit esse cillum<\/p>\n\n                <\/div>\n                    <\/div>\n\n                <h2 class=\"title\">L\u00cdNEA ZIP<\/h2>\n            <\/div>\n<\/a>\n<\/div>\n\n\n\n<div class=\"wp-block-column is-layout-flow wp-block-column-is-layout-flow\"><a href=\"#\" class=\"activityblock\">\n    <div class=\"activityblockinner\">\n        <div class=\"default-view\">\n            <div class=\"headerimage\">\n                                <img decoding=\"async\" src=\"https:\/\/roundupriverranch.org\/wp-content\/uploads\/2025\/11\/canoe.jpg\" alt=\"\" \/>\n                            <\/div>\n            <div class=\"content\">\n                                <div class=\"iconimage\">\n                    <img decoding=\"async\" src=\"https:\/\/roundupriverranch.org\/wp-content\/uploads\/2025\/11\/canoe.svg\" alt=\"\" \/>\n                <\/div>\n                            <\/div>\n        <\/div>\n\n        <div class=\"hover-view\">\n                            <div class=\"description\">\n                    <p>Velit esse cillum dolore eu fugiat nulla pariatur. Excepteur sint occaecat cupidatat non proident, sunt in culpa qui officia deserunt mollit anim id est laborum.<\/p>\n\n                <\/div>\n                    <\/div>\n\n                <h2 class=\"title\">CANOE<\/h2>\n            <\/div>\n<\/a>\n<\/div>\n<\/div>\n\n\n\n<div style=\"height:30px\" aria-hidden=\"true\" class=\"wp-block-spacer\"><\/div>\n\n\n\n<div class=\"wp-block-columns is-layout-flex wp-container-core-columns-is-layout-9d6595d7 wp-block-columns-is-layout-flex\">\n<div class=\"wp-block-column is-layout-flow wp-block-column-is-layout-flow\"><a href=\"#\" class=\"activityblock\">\n    <div class=\"activityblockinner\">\n        <div class=\"default-view\">\n            <div class=\"headerimage\">\n                                <img decoding=\"async\" src=\"https:\/\/roundupriverranch.org\/wp-content\/uploads\/2025\/11\/art.jpg\" alt=\"\" \/>\n                            <\/div>\n            <div class=\"content\">\n                                <div class=\"iconimage\">\n                    <img decoding=\"async\" src=\"https:\/\/roundupriverranch.org\/wp-content\/uploads\/2025\/11\/art.svg\" alt=\"\" \/>\n                <\/div>\n                            <\/div>\n        <\/div>\n\n        <div class=\"hover-view\">\n                            <div class=\"description\">\n                    <p>Tempor incididunt ut labore et dolore magna aliqua. Ut enim ad minim veniam, quis nostrud exercitation.<\/p>\n\n                <\/div>\n                    <\/div>\n\n                <h2 class=\"title\">ARTE<\/h2>\n            <\/div>\n<\/a>\n<\/div>\n\n\n\n<div class=\"wp-block-column is-layout-flow wp-block-column-is-layout-flow\"><a href=\"#\" class=\"activityblock\">\n    <div class=\"activityblockinner\">\n        <div class=\"default-view\">\n            <div class=\"headerimage\">\n                                <img decoding=\"async\" src=\"https:\/\/roundupriverranch.org\/wp-content\/uploads\/2025\/11\/fishing.jpg\" alt=\"\" \/>\n                            <\/div>\n            <div class=\"content\">\n                                <div class=\"iconimage\">\n                    <img decoding=\"async\" src=\"https:\/\/roundupriverranch.org\/wp-content\/uploads\/2025\/11\/fishing.svg\" alt=\"\" \/>\n                <\/div>\n                            <\/div>\n        <\/div>\n\n        <div class=\"hover-view\">\n                            <div class=\"description\">\n                    <p>Duis nostrud exercitation ullamco laboris nisi ut aliquip ex ea commodo consequat. Duis aute irure dolor in reprehenderit in voluptate velit esse<\/p>\n\n                <\/div>\n                    <\/div>\n\n                <h2 class=\"title\">PESCA<\/h2>\n            <\/div>\n<\/a>\n<\/div>\n\n\n\n<div class=\"wp-block-column is-layout-flow wp-block-column-is-layout-flow\"><a href=\"#\" class=\"activityblock\">\n    <div class=\"activityblockinner\">\n        <div class=\"default-view\">\n            <div class=\"headerimage\">\n                                <img decoding=\"async\" src=\"https:\/\/roundupriverranch.org\/wp-content\/uploads\/2025\/11\/challoenge_course.jpg\" alt=\"\" \/>\n                            <\/div>\n            <div class=\"content\">\n                                <div class=\"iconimage\">\n                    <img decoding=\"async\" src=\"https:\/\/roundupriverranch.org\/wp-content\/uploads\/2025\/11\/challenge_course.svg\" alt=\"helmet, stars and climbing carabiner icon\" \/>\n                <\/div>\n                            <\/div>\n        <\/div>\n\n        <div class=\"hover-view\">\n                            <div class=\"description\">\n                    <p>Nisi ut aliquip ex ea commodo consequat. Duis aute irure dolor in reprehenderit in voluptate velit esse cillum dolore eu fugiat nulla pariatur.<\/p>\n\n                <\/div>\n                    <\/div>\n\n                <h2 class=\"title\">CURSO DE DESAF\u00cdO<\/h2>\n            <\/div>\n<\/a>\n<\/div>\n<\/div>\n\n\n\n<div style=\"height:92px\" aria-hidden=\"true\" class=\"wp-block-spacer\"><\/div>\n\n\n<div class=\"calloutboxwrapper\">\n    <div class=\"calloutboxinner\">\n        <div class=\"calloutcolumns\">\n            <div class=\"calloutcontent\">\n                                    <h2 style=\"text-align: center;\">ESTO ES UN BLOQUE GEN\u00c9RICO QUE PUEDE PERSONALIZARSE Y TAMBI\u00c9N DARNOS COLOR CONTRA PIE.<\/h2>\n<p style=\"text-align: center;\">Podemos utilizar una combinaci\u00f3n de titular rojo y\/o cuerpo del texto o s\u00f3lo el titular.<\/p>\n\n                            <\/div>\n            <div class=\"calloutimage\" style=\"background-image: url('https:\/\/roundupriverranch.org\/wp-content\/uploads\/2025\/11\/callbox_img2.jpg')\">\n                                    <img decoding=\"async\" src=\"https:\/\/roundupriverranch.org\/wp-content\/uploads\/2025\/11\/callbox_img2.jpg\" alt=\"\" \/>\n                            <\/div>\n        <\/div>\n        <div class=\"lowerlinks\">\n                                                                        <a href=\"#\" class=\"header-drkgreen-btn\">\n                            Requisitos de los campistas\n                        <\/a>\n                                                                                <a href=\"#\" class=\"header-drkgreen-btn\">\n                            Diagn\u00f3sticos que atendemos\n                        <\/a>\n                                                        <\/div>\n    <\/div>\n<\/div>","protected":false},"excerpt":{"rendered":"<p>Onsite Activites RIDE, ZIP, FISH, AND MORE. EXPLORE THESE JOY-FILLED ACTIVITIES. At offic tem restorio. Etur alignati de nossectiorem quis arum labo. Nem quia solorrum &hellip; <a href=\"https:\/\/roundupriverranch.org\/es\/onsite-activities\/\">Contin\u00faa<\/a><\/p>","protected":false},"author":1,"featured_media":0,"parent":0,"menu_order":0,"comment_status":"closed","ping_status":"open","template":"template-secondary.blade.php","meta":{"_acf_changed":false,"footnotes":""},"class_list":["post-591","page","type-page","status-publish","hentry"],"acf":[],"yoast_head":"<!-- This site is optimized with the Yoast SEO Premium plugin v26.9 (Yoast SEO v27.5) - https:\/\/yoast.com\/product\/yoast-seo-premium-wordpress\/ -->\n<title>Onsite Activites - Roundup River Ranch<\/title>\n<meta name=\"robots\" content=\"index, follow, max-snippet:-1, max-image-preview:large, max-video-preview:-1\" \/>\n<link rel=\"canonical\" href=\"https:\/\/roundupriverranch.org\/es\/onsite-activities\/\" \/>\n<meta property=\"og:locale\" content=\"es_ES\" \/>\n<meta property=\"og:type\" content=\"article\" \/>\n<meta property=\"og:title\" content=\"Onsite Activites\" \/>\n<meta property=\"og:description\" content=\"Onsite Activites RIDE, ZIP, FISH, AND MORE. EXPLORE THESE JOY-FILLED ACTIVITIES. At offic tem restorio. Etur alignati de nossectiorem quis arum labo. Nem quia solorrum &hellip; Continued\" \/>\n<meta property=\"og:url\" content=\"https:\/\/roundupriverranch.org\/es\/onsite-activities\/\" \/>\n<meta property=\"og:site_name\" content=\"Roundup River Ranch\" \/>\n<meta property=\"article:publisher\" content=\"https:\/\/www.facebook.com\/roundupriverranch\/\" \/>\n<meta property=\"article:modified_time\" content=\"2025-12-02T16:29:25+00:00\" \/>\n<meta name=\"twitter:card\" content=\"summary_large_image\" \/>\n<script type=\"application\/ld+json\" class=\"yoast-schema-graph\">{\"@context\":\"https:\\\/\\\/schema.org\",\"@graph\":[{\"@type\":\"WebPage\",\"@id\":\"https:\\\/\\\/roundupriverranch.org\\\/onsite-activities\\\/\",\"url\":\"https:\\\/\\\/roundupriverranch.org\\\/onsite-activities\\\/\",\"name\":\"Onsite Activites - Roundup River Ranch\",\"isPartOf\":{\"@id\":\"https:\\\/\\\/roundupriverranch.org\\\/#website\"},\"datePublished\":\"2025-11-27T21:50:32+00:00\",\"dateModified\":\"2025-12-02T16:29:25+00:00\",\"breadcrumb\":{\"@id\":\"https:\\\/\\\/roundupriverranch.org\\\/onsite-activities\\\/#breadcrumb\"},\"inLanguage\":\"es\",\"potentialAction\":[{\"@type\":\"ReadAction\",\"target\":[\"https:\\\/\\\/roundupriverranch.org\\\/onsite-activities\\\/\"]}]},{\"@type\":\"BreadcrumbList\",\"@id\":\"https:\\\/\\\/roundupriverranch.org\\\/onsite-activities\\\/#breadcrumb\",\"itemListElement\":[{\"@type\":\"ListItem\",\"position\":1,\"name\":\"Home\",\"item\":\"https:\\\/\\\/roundupriverranch.org\\\/\"},{\"@type\":\"ListItem\",\"position\":2,\"name\":\"Onsite Activites\"}]},{\"@type\":\"WebSite\",\"@id\":\"https:\\\/\\\/roundupriverranch.org\\\/#website\",\"url\":\"https:\\\/\\\/roundupriverranch.org\\\/\",\"name\":\"Roundup River Ranch\",\"description\":\"\",\"potentialAction\":[{\"@type\":\"SearchAction\",\"target\":{\"@type\":\"EntryPoint\",\"urlTemplate\":\"https:\\\/\\\/roundupriverranch.org\\\/?s={search_term_string}\"},\"query-input\":{\"@type\":\"PropertyValueSpecification\",\"valueRequired\":true,\"valueName\":\"search_term_string\"}}],\"inLanguage\":\"es\"}]}<\/script>\n<!-- \/ Yoast SEO Premium plugin. -->","yoast_head_json":{"title":"Onsite Activites - Roundup River Ranch","robots":{"index":"index","follow":"follow","max-snippet":"max-snippet:-1","max-image-preview":"max-image-preview:large","max-video-preview":"max-video-preview:-1"},"canonical":"https:\/\/roundupriverranch.org\/es\/onsite-activities\/","og_locale":"es_ES","og_type":"article","og_title":"Onsite Activites","og_description":"Onsite Activites RIDE, ZIP, FISH, AND MORE. EXPLORE THESE JOY-FILLED ACTIVITIES. At offic tem restorio. Etur alignati de nossectiorem quis arum labo. Nem quia solorrum &hellip; Continued","og_url":"https:\/\/roundupriverranch.org\/es\/onsite-activities\/","og_site_name":"Roundup River Ranch","article_publisher":"https:\/\/www.facebook.com\/roundupriverranch\/","article_modified_time":"2025-12-02T16:29:25+00:00","twitter_card":"summary_large_image","schema":{"@context":"https:\/\/schema.org","@graph":[{"@type":"WebPage","@id":"https:\/\/roundupriverranch.org\/onsite-activities\/","url":"https:\/\/roundupriverranch.org\/onsite-activities\/","name":"Onsite Activites - Roundup River Ranch","isPartOf":{"@id":"https:\/\/roundupriverranch.org\/#website"},"datePublished":"2025-11-27T21:50:32+00:00","dateModified":"2025-12-02T16:29:25+00:00","breadcrumb":{"@id":"https:\/\/roundupriverranch.org\/onsite-activities\/#breadcrumb"},"inLanguage":"es","potentialAction":[{"@type":"ReadAction","target":["https:\/\/roundupriverranch.org\/onsite-activities\/"]}]},{"@type":"BreadcrumbList","@id":"https:\/\/roundupriverranch.org\/onsite-activities\/#breadcrumb","itemListElement":[{"@type":"ListItem","position":1,"name":"Home","item":"https:\/\/roundupriverranch.org\/"},{"@type":"ListItem","position":2,"name":"Onsite Activites"}]},{"@type":"WebSite","@id":"https:\/\/roundupriverranch.org\/#website","url":"https:\/\/roundupriverranch.org\/","name":"Rancho Roundup River","description":"","potentialAction":[{"@type":"SearchAction","target":{"@type":"EntryPoint","urlTemplate":"https:\/\/roundupriverranch.org\/?s={search_term_string}"},"query-input":{"@type":"PropertyValueSpecification","valueRequired":true,"valueName":"search_term_string"}}],"inLanguage":"es"}]}},"_links":{"self":[{"href":"https:\/\/roundupriverranch.org\/es\/wp-json\/wp\/v2\/pages\/591","targetHints":{"allow":["GET"]}}],"collection":[{"href":"https:\/\/roundupriverranch.org\/es\/wp-json\/wp\/v2\/pages"}],"about":[{"href":"https:\/\/roundupriverranch.org\/es\/wp-json\/wp\/v2\/types\/page"}],"author":[{"embeddable":true,"href":"https:\/\/roundupriverranch.org\/es\/wp-json\/wp\/v2\/users\/1"}],"replies":[{"embeddable":true,"href":"https:\/\/roundupriverranch.org\/es\/wp-json\/wp\/v2\/comments?post=591"}],"version-history":[{"count":23,"href":"https:\/\/roundupriverranch.org\/es\/wp-json\/wp\/v2\/pages\/591\/revisions"}],"predecessor-version":[{"id":641,"href":"https:\/\/roundupriverranch.org\/es\/wp-json\/wp\/v2\/pages\/591\/revisions\/641"}],"wp:attachment":[{"href":"https:\/\/roundupriverranch.org\/es\/wp-json\/wp\/v2\/media?parent=591"}],"curies":[{"name":"wp","href":"https:\/\/api.w.org\/{rel}","templated":true}]}}