{"id":660,"date":"2025-12-08T16:55:08","date_gmt":"2025-12-08T16:55:08","guid":{"rendered":"https:\/\/roundupriverranch.org\/?page_id=660"},"modified":"2026-01-06T20:42:18","modified_gmt":"2026-01-06T20:42:18","slug":"onsite-programs","status":"publish","type":"page","link":"https:\/\/roundupriverranch.org\/es\/camp-programs\/onsite-programs\/","title":{"rendered":"Programas in situ"},"content":{"rendered":"<div class=\"blueheaderblock\">\n    <div class=\"blueheaderblockinner\">\n\n                    <div class=\"headerouter\">\n                <div class=\"headerimage\" style=\"background-image: url(https:\/\/roundupriverranch.org\/wp-content\/uploads\/2026\/01\/roundup-river-ranch-camp-2000x46010-1.jpg)\">\n                    <img decoding=\"async\" src=\"https:\/\/roundupriverranch.org\/wp-content\/uploads\/2026\/01\/roundup-river-ranch-camp-2000x46010-1.jpg\" alt=\"two new camper friends smiling at camera\" \/>\n                <\/div>\n                <div class=\"mobileheaderimage\">\n                    <img decoding=\"async\" src=\"https:\/\/roundupriverranch.org\/wp-content\/uploads\/2026\/01\/roundup-river-ranch-camp-930x500-outreach-programs-campers.jpg\" alt=\"Two teen female campers smiling at the camera.\" \/>\n                <\/div>\n\n                <div class=\"defaultheadercurve\">\n                    <img decoding=\"async\" src=\"https:\/\/roundupriverranch.org\/wp-content\/themes\/sage\/public\/build\/assets\/blueheadercurve-DX-Y35aK.svg\" alt=\"\">\n                <\/div>\n            <\/div>\n        \n        <div class=\"headerlowercontent\" role=\"region\" aria-label=\"Contenido de la cabecera\">\n            <div class=\"headercontentinner\">\n                <h1 class=\"headerblocktitle\">Programas in situ<\/h1>\n                <h2 style=\"text-align: center;\">AMISTADES RECI\u00c9N FORJADAS SON<br \/>\nCOMO AUMENTAR TU CONFIANZA<\/h2>\n\n            <\/div>\n        <\/div>\n    <\/div>\n    <div class=\"blueheadermask\">\n        <img decoding=\"async\" src=\"https:\/\/roundupriverranch.org\/wp-content\/themes\/sage\/public\/build\/assets\/bluseheadermask-BfkAQK3X.svg\" alt=\"\">\n    <\/div>\n<\/div>\n\n\n\n<p class=\"has-text-align-center\">Para los ni\u00f1os con diagn\u00f3sticos que les alteran la vida, el campamento es innegable e impresionantemente poderoso. Aqu\u00ed conocen a nuevos amigos que viven experiencias similares. Fortalecidos por un sentimiento de alegr\u00eda y pertenencia, se convierten en brillantes solucionadores de problemas. Aceptan retos con valent\u00eda. Hacedores de buenas obras. Y amigos intr\u00e9pidos. Gracias a <em>El poder del campamento<\/em>, En cambio, se sienten imp\u00e1vidos ante lo que \u201cno pueden hacer\u201d e impulsados por lo que s\u00ed pueden.<\/p>\n\n\n\n<div class=\"wp-block-buttons is-content-justification-center is-layout-flex wp-container-core-buttons-is-layout-16018d1d wp-block-buttons-is-layout-flex\">\n<div class=\"wp-block-button drkgreen-btn\"><a class=\"wp-block-button__link has-text-align-center wp-element-button\" href=\"https:\/\/roundupriverranch.org\/wp-content\/uploads\/2026\/01\/RRR_Calendar-2026.pdf\" target=\"_blank\" rel=\"noreferrer noopener\">Descargar el calendario 2026<\/a><\/div>\n<\/div>\n\n\n\n<div style=\"height:60px\" aria-hidden=\"true\" class=\"wp-block-spacer\"><\/div>\n\n\n<div class=\"imagecopyblockwrap\">\n    <div class=\"imagecopyblockinner right small\">\n        <div class=\"imagecopyblockimage\">\n            <img decoding=\"async\" src=\"https:\/\/roundupriverranch.org\/wp-content\/uploads\/2025\/12\/RoundupRiverRanch-Camp-experience-500x500-small-circle-quote33.png\" alt=\"Camper getting a medical evaluation from doctor.\" \/>\n        <\/div>\n        <div class=\"imagecopyblockcontent\">\n            <div class=\"copyinner\">\n                <h2 class=\"p1\">A QUI\u00c9N SERVIMOS<\/h2>\n<p>Nuestros campistas son ni\u00f1os que se r\u00eden, que conspiran, que hacen arte, que disparan flechas y que navegan en canoa. Y eso es a la vez estimulante y curativo, ordinario y extraordinario. Nuestros programas in situ atienden a <strong>ni\u00f1os menores de 17 a\u00f1os a los que se les ha diagnosticado un trastorno vital.<\/strong>y sus familias. Los campistas proceden de la regi\u00f3n de 11 estados: Colorado, Wyoming, Montana, Nuevo M\u00e9xico, Kansas, Nebraska, Dakota del Norte y del Sur, Oklahoma, Utah y Texas.<\/p>\n\n            <\/div>\n                            <div class=\"ctalink\">\n                    <a class=\"drkgreen-btn lowercase\" href=\"https:\/\/roundupriverranch.org\/es\/camp-programs\/onsite-programs\/summer-camp\/\">Ver las fechas de los campamentos de verano <\/a>\n                <\/div>\n                    <\/div>\n    <\/div>\n    <div class=\"seperator\"><\/div>\n<\/div>\n\n\n<div class=\"imagecopyblockwrap\">\n    <div class=\"imagecopyblockinner right small\">\n        <div class=\"imagecopyblockimage\">\n            <img decoding=\"async\" src=\"https:\/\/roundupriverranch.org\/wp-content\/uploads\/2026\/01\/roundup-river-ranch-camp-1200x1200-testimonial13-outreach-climbing-wall.jpg\" alt=\"Camper ascending the climbing wall with the help of a camp volunteer.\" \/>\n        <\/div>\n        <div class=\"imagecopyblockcontent\">\n            <div class=\"copyinner\">\n                <h2 class=\"p1\">POR QU\u00c9 LAS SESIONES DE CAMPAMENTO SON TAN PODEROSAS<\/h2>\n<p>Cada sesi\u00f3n se centra en un conjunto espec\u00edfico de afecciones m\u00e9dicas, de modo que los campistas est\u00e1n rodeados de otras personas que comprenden sus experiencias compartidas. Esto crea oportunidades verdaderamente \u00fanicas para que se formen amistades r\u00e1pidamente y desaparezcan las inhibiciones. No s\u00f3lo ofrecemos a los ni\u00f1os sesiones de campamento de una semana de duraci\u00f3n, sino que tambi\u00e9n <strong>tambi\u00e9n ofrecen varios campamentos familiares y algunas sesiones especiales a las que est\u00e1n invitados los hermanos menores de 17 a\u00f1os.<\/strong> a venir al campamento y unirse a la diversi\u00f3n.<\/p>\n\n            <\/div>\n                            <div class=\"ctalink\">\n                    <a class=\"drkgreen-btn lowercase\" href=\"https:\/\/roundupriverranch.org\/es\/camp-programs\/onsite-programs\/camper-eligibility\/\">Ver diagn\u00f3sticos atendidos actualmente <\/a>\n                <\/div>\n                    <\/div>\n    <\/div>\n    <div class=\"seperator\"><\/div>\n<\/div>\n\n\n\n<div style=\"height:92px\" aria-hidden=\"true\" class=\"wp-block-spacer\"><\/div>\n\n\n<div class=\"ctaboxblockwrap\">\n    <div class=\"ctaboxinner\">\n        <div class=\"ctaheadline\">\n            <h2 class=\"p1\">OTROS PROGRAMAS<\/h2>\n\n        <\/div>\n\n        <div class=\"ctaboxlinks\">\n                                                                                            <div class=\"ctalinkitem radiusbox\">\n                            <a href=\"https:\/\/roundupriverranch.org\/es\/camp-programs\/outreach-programs\/\"><img decoding=\"async\" src=\"https:\/\/roundupriverranch.org\/wp-content\/uploads\/2025\/11\/button_outreach.svg\" alt=\"\">\n                                Programas de divulgaci\u00f3n<\/a>\n                        <\/div>\n                                                                                                    <div class=\"ctalinkitem radiusbox\">\n                            <a href=\"https:\/\/roundupriverranch.org\/es\/camp-programs\/alumni-programs\/\"><img decoding=\"async\" src=\"https:\/\/roundupriverranch.org\/wp-content\/uploads\/2025\/11\/button_alumni.svg\" alt=\"\">\n                                Programas Alumni<\/a>\n                        <\/div>\n                                                                                                    <div class=\"ctalinkitem radiusbox\">\n                            <a href=\"https:\/\/roundupriverranch.org\/es\/camp-programs\/onsite-programs\/apply-for-camp\/\"><img decoding=\"async\" src=\"https:\/\/roundupriverranch.org\/wp-content\/uploads\/2025\/12\/Roundup-River-Ranch-Icon-300x200-transparent4.png\" alt=\"\">\n                                Solicitar ahora<\/a>\n                        <\/div>\n                                                        <\/div>\n    <\/div>\n<\/div>\n\n\n\n<div style=\"height:100px\" aria-hidden=\"true\" class=\"wp-block-spacer\"><\/div>\n\n\n\n<div class=\"wp-block-columns darkgreencamp reversemob is-layout-flex wp-container-core-columns-is-layout-9d6595d7 wp-block-columns-is-layout-flex\">\n<div class=\"wp-block-column is-layout-flow wp-block-column-is-layout-flow\" style=\"flex-basis:33.33%\">\n<figure class=\"wp-block-image aligncenter size-large is-resized\"><img loading=\"lazy\" decoding=\"async\" width=\"206\" height=\"466\" src=\"https:\/\/roundupriverranch.org\/wp-content\/uploads\/2025\/11\/marshmellows.svg\" alt=\"Marshmallow icon\" class=\"wp-image-186\" style=\"object-fit:contain;width:220px;height:494px\"\/><\/figure>\n\n\n\n<div style=\"height:50px\" aria-hidden=\"true\" class=\"wp-block-spacer\"><\/div>\n\n\n<\/div>\n\n\n\n<div class=\"wp-block-column is-layout-flow wp-block-column-is-layout-flow\" style=\"flex-basis:66.7%\">\n<h2 class=\"wp-block-heading\" id=\"h-frequently-asked-questions\">PREGUNTAS M\u00c1S FRECUENTES<\/h2>\n\n\n\n<div style=\"height:40px\" aria-hidden=\"true\" class=\"wp-block-spacer\"><\/div>\n\n\n<div class=\"faqwrapper\">\n    <div class=\"faqinner\">\n                                    \n                <div class=\"faqitem\" data-faq-index=\"0\">\n                    <div class=\"faqquestion\">\n                        <button class=\"faq-trigger\" id=\"faq-button-faq-1\" type=\"button\" aria-expanded=\"false\"\n                            aria-controls=\"faq-answer-faq-1\"\n                            aria-describedby=\"faq-answer-faq-1\">\n                            <h2>\u00bfCu\u00e1nto cuesta asistir al campamento?<\/h2>\n                        <\/button>\n                    <\/div>\n                    <div class=\"faqanswer\" id=\"faq-answer-faq-1\" role=\"region\"\n                        aria-labelledby=\"faq-button-faq-1\" style=\"visibility: hidden; max-height: 0;\">\n                        <div class=\"faq-content\">\n                            <p>El campamento es GRATUITO para todos nuestros campistas y sus familias. \u00a1Whoo-hoo! \u00a1Yupi!<\/p>\n\n                        <\/div>\n                    <\/div>\n                <\/div>\n                            \n                <div class=\"faqitem\" data-faq-index=\"1\">\n                    <div class=\"faqquestion\">\n                        <button class=\"faq-trigger\" id=\"faq-button-faq-2\" type=\"button\" aria-expanded=\"false\"\n                            aria-controls=\"faq-answer-faq-2\"\n                            aria-describedby=\"faq-answer-faq-2\">\n                            <h2>\u00bfDe d\u00f3nde son la mayor\u00eda de los campistas?<\/h2>\n                        <\/button>\n                    <\/div>\n                    <div class=\"faqanswer\" id=\"faq-answer-faq-2\" role=\"region\"\n                        aria-labelledby=\"faq-button-faq-2\" style=\"visibility: hidden; max-height: 0;\">\n                        <div class=\"faq-content\">\n                            <p>La mayor\u00eda de nuestros campistas proceden de Colorado, pero cada verano acogemos a ni\u00f1os de 11 estados, incluidos Kansas, Montana, Nebraska, Nuevo M\u00e9xico, Dakota del Norte, Oklahoma, Dakota del Sur, Texas, Utah y Wyoming. Tambi\u00e9n consideramos las solicitudes de fuera de nuestra regi\u00f3n caso por caso. En nuestros programas en l\u00ednea, los campistas pueden conectarse con ni\u00f1os de cualquier lugar de EE.UU.<\/p>\n\n                        <\/div>\n                    <\/div>\n                <\/div>\n                            \n                <div class=\"faqitem\" data-faq-index=\"2\">\n                    <div class=\"faqquestion\">\n                        <button class=\"faq-trigger\" id=\"faq-button-faq-3\" type=\"button\" aria-expanded=\"false\"\n                            aria-controls=\"faq-answer-faq-3\"\n                            aria-describedby=\"faq-answer-faq-3\">\n                            <h2>\u00bfHabr\u00e1 ni\u00f1os como yo en el campamento?<\/h2>\n                        <\/button>\n                    <\/div>\n                    <div class=\"faqanswer\" id=\"faq-answer-faq-3\" role=\"region\"\n                        aria-labelledby=\"faq-button-faq-3\" style=\"visibility: hidden; max-height: 0;\">\n                        <div class=\"faq-content\">\n                            <p>\u00bfQuieres decir impresionante? Por supuesto. Pero a\u00fan m\u00e1s sorprendente es que probablemente conocer\u00e1s a ni\u00f1os que est\u00e1n pasando por las mismas cosas que t\u00fa. Nuestros campistas a menudo comentan que nunca se sienten \u201cdiferentes\u201d cuando est\u00e1n en Roundup River Ranch, y eso crea un verdadero sentido de pertenencia. En el campamento celebramos nuestras diferencias y similitudes. Conocer\u00e1s a campistas de muchos or\u00edgenes, todos ellos con un diagn\u00f3stico que les ha cambiado la vida. La mayor\u00eda de las veces, se encontrar\u00e1 con otros campistas que est\u00e1n en el mismo o similar viaje de salud como usted. Te prometemos que todos los que conozcas te har\u00e1n sentir bienvenido como miembro de nuestra familia del campamento.<\/p>\n\n                        <\/div>\n                    <\/div>\n                <\/div>\n                            \n                <div class=\"faqitem\" data-faq-index=\"3\">\n                    <div class=\"faqquestion\">\n                        <button class=\"faq-trigger\" id=\"faq-button-faq-4\" type=\"button\" aria-expanded=\"false\"\n                            aria-controls=\"faq-answer-faq-4\"\n                            aria-describedby=\"faq-answer-faq-4\">\n                            <h2>\u00bfQu\u00e9 tipo de programas de campamento ofrecen?<\/h2>\n                        <\/button>\n                    <\/div>\n                    <div class=\"faqanswer\" id=\"faq-answer-faq-4\" role=\"region\"\n                        aria-labelledby=\"faq-button-faq-4\" style=\"visibility: hidden; max-height: 0;\">\n                        <div class=\"faq-content\">\n                            <p><strong>Ofrecemos tres tipos de programas de campamento, siempre GRATUITOS.<\/strong><\/p>\n<p><strong>Programas residenciales in situ:<\/strong> Campamentos de verano de una semana para campistas diagnosticados de 7 a 17 a\u00f1os, y campamentos familiares de fin de semana para campistas diagnosticados de 5 a 17 a\u00f1os y sus familias.<\/p>\n<p><strong>Programas de divulgaci\u00f3n:<\/strong> Experiencias de campamento que van m\u00e1s all\u00e1 de nuestro campamento a trav\u00e9s de cajas de actividades, asociaciones comunitarias, programas interactivos en l\u00ednea, eventos familiares y emisiones mensuales en Seacrest Studios en el Children's Hospital Colorado, que aportan creatividad, conexi\u00f3n y diversi\u00f3n al estilo de un campamento durante todo el a\u00f1o.<\/p>\n<p><strong>Programas para antiguos alumnos:<\/strong> Oportunidades para que los antiguos campistas mantengan su compromiso a trav\u00e9s de reuniones en l\u00ednea y presenciales, as\u00ed como del programa de liderazgo Spurs in situ.<\/p>\n\n                        <\/div>\n                    <\/div>\n                <\/div>\n                            \n                <div class=\"faqitem\" data-faq-index=\"4\">\n                    <div class=\"faqquestion\">\n                        <button class=\"faq-trigger\" id=\"faq-button-faq-5\" type=\"button\" aria-expanded=\"false\"\n                            aria-controls=\"faq-answer-faq-5\"\n                            aria-describedby=\"faq-answer-faq-5\">\n                            <h2>\u00bfQu\u00e9 tipo de diagn\u00f3sticos cumplen los requisitos?<\/h2>\n                        <\/button>\n                    <\/div>\n                    <div class=\"faqanswer\" id=\"faq-answer-faq-5\" role=\"region\"\n                        aria-labelledby=\"faq-button-faq-5\" style=\"visibility: hidden; max-height: 0;\">\n                        <div class=\"faq-content\">\n                            <p>Acogemos a ni\u00f1os con una amplia gama de diagn\u00f3sticos m\u00e9dicos que alteran la vida. Para consultar la lista completa de afecciones que cumplen los requisitos, visite nuestro <a href=\"https:\/\/roundupriverranch.org\/es\/camp-programs\/onsite-programs\/camper-eligibility\/\">P\u00e1gina de admisibilidad<\/a>. Aunque nos encantar\u00eda incluir a todos los ni\u00f1os que lo soliciten, las plazas son limitadas. Cada solicitud es revisada cuidadosamente por nuestro equipo m\u00e9dico y equipo de campamento para asegurar la mejor experiencia para cada campista.<\/p>\n\n                        <\/div>\n                    <\/div>\n                <\/div>\n                        <\/div>\n<\/div>\n<\/div>\n<\/div>","protected":false},"excerpt":{"rendered":"<p>Para los ni\u00f1os con diagn\u00f3sticos que les alteran la vida, el campamento es innegable e impresionantemente poderoso. Aqu\u00ed conocen a nuevos amigos que viven experiencias similares. Impulsados por una sensaci\u00f3n de alegr\u00eda y ... <a href=\"https:\/\/roundupriverranch.org\/es\/camp-programs\/onsite-programs\/\">Contin\u00faa<\/a><\/p>","protected":false},"author":1,"featured_media":0,"parent":648,"menu_order":0,"comment_status":"closed","ping_status":"open","template":"template-secondary.blade.php","meta":{"_acf_changed":false,"footnotes":""},"class_list":["post-660","page","type-page","status-publish","hentry"],"acf":[],"yoast_head":"<!-- This site is optimized with the Yoast SEO Premium plugin v26.9 (Yoast SEO v27.4) - https:\/\/yoast.com\/product\/yoast-seo-premium-wordpress\/ -->\n<title>Onsite Programs - Roundup River Ranch<\/title>\n<meta name=\"description\" content=\"Our programming spans needs, locations and interests! Join us at camp in the summer or online through our Outreach Programming.\" \/>\n<meta name=\"robots\" content=\"index, follow, max-snippet:-1, max-image-preview:large, max-video-preview:-1\" \/>\n<link rel=\"canonical\" href=\"https:\/\/roundupriverranch.org\/es\/camp-programs\/onsite-programs\/\" \/>\n<meta property=\"og:locale\" content=\"es_ES\" \/>\n<meta property=\"og:type\" content=\"article\" \/>\n<meta property=\"og:title\" content=\"Onsite Programs\" \/>\n<meta property=\"og:description\" content=\"Our programming spans needs, locations and interests! Join us at camp in the summer or online through our Outreach Programming.\" \/>\n<meta property=\"og:url\" content=\"https:\/\/roundupriverranch.org\/es\/camp-programs\/onsite-programs\/\" \/>\n<meta property=\"og:site_name\" content=\"Roundup River Ranch\" \/>\n<meta property=\"article:publisher\" content=\"https:\/\/www.facebook.com\/roundupriverranch\/\" \/>\n<meta property=\"article:modified_time\" content=\"2026-01-06T20:42:18+00:00\" \/>\n<meta property=\"og:image\" content=\"https:\/\/roundupriverranch.org\/wp-content\/uploads\/2025\/11\/marshmellows.svg\" \/>\n<meta name=\"twitter:card\" content=\"summary_large_image\" \/>\n<meta name=\"twitter:label1\" content=\"Tiempo de lectura\" \/>\n\t<meta name=\"twitter:data1\" content=\"1 minuto\" \/>\n<script type=\"application\/ld+json\" class=\"yoast-schema-graph\">{\"@context\":\"https:\\\/\\\/schema.org\",\"@graph\":[{\"@type\":\"WebPage\",\"@id\":\"https:\\\/\\\/roundupriverranch.org\\\/camp-programs\\\/onsite-programs\\\/\",\"url\":\"https:\\\/\\\/roundupriverranch.org\\\/camp-programs\\\/onsite-programs\\\/\",\"name\":\"Onsite Programs - Roundup River Ranch\",\"isPartOf\":{\"@id\":\"https:\\\/\\\/roundupriverranch.org\\\/#website\"},\"primaryImageOfPage\":{\"@id\":\"https:\\\/\\\/roundupriverranch.org\\\/camp-programs\\\/onsite-programs\\\/#primaryimage\"},\"image\":{\"@id\":\"https:\\\/\\\/roundupriverranch.org\\\/camp-programs\\\/onsite-programs\\\/#primaryimage\"},\"thumbnailUrl\":\"https:\\\/\\\/roundupriverranch.org\\\/wp-content\\\/uploads\\\/2025\\\/11\\\/marshmellows.svg\",\"datePublished\":\"2025-12-08T16:55:08+00:00\",\"dateModified\":\"2026-01-06T20:42:18+00:00\",\"description\":\"Our programming spans needs, locations and interests! Join us at camp in the summer or online through our Outreach Programming.\",\"breadcrumb\":{\"@id\":\"https:\\\/\\\/roundupriverranch.org\\\/camp-programs\\\/onsite-programs\\\/#breadcrumb\"},\"inLanguage\":\"es\",\"potentialAction\":[{\"@type\":\"ReadAction\",\"target\":[\"https:\\\/\\\/roundupriverranch.org\\\/camp-programs\\\/onsite-programs\\\/\"]}]},{\"@type\":\"ImageObject\",\"inLanguage\":\"es\",\"@id\":\"https:\\\/\\\/roundupriverranch.org\\\/camp-programs\\\/onsite-programs\\\/#primaryimage\",\"url\":\"https:\\\/\\\/roundupriverranch.org\\\/wp-content\\\/uploads\\\/2025\\\/11\\\/marshmellows.svg\",\"contentUrl\":\"https:\\\/\\\/roundupriverranch.org\\\/wp-content\\\/uploads\\\/2025\\\/11\\\/marshmellows.svg\"},{\"@type\":\"BreadcrumbList\",\"@id\":\"https:\\\/\\\/roundupriverranch.org\\\/camp-programs\\\/onsite-programs\\\/#breadcrumb\",\"itemListElement\":[{\"@type\":\"ListItem\",\"position\":1,\"name\":\"Home\",\"item\":\"https:\\\/\\\/roundupriverranch.org\\\/\"},{\"@type\":\"ListItem\",\"position\":2,\"name\":\"Camp Programs\",\"item\":\"https:\\\/\\\/roundupriverranch.org\\\/camp-programs\\\/\"},{\"@type\":\"ListItem\",\"position\":3,\"name\":\"Onsite Programs\"}]},{\"@type\":\"WebSite\",\"@id\":\"https:\\\/\\\/roundupriverranch.org\\\/#website\",\"url\":\"https:\\\/\\\/roundupriverranch.org\\\/\",\"name\":\"Roundup River Ranch\",\"description\":\"\",\"potentialAction\":[{\"@type\":\"SearchAction\",\"target\":{\"@type\":\"EntryPoint\",\"urlTemplate\":\"https:\\\/\\\/roundupriverranch.org\\\/?s={search_term_string}\"},\"query-input\":{\"@type\":\"PropertyValueSpecification\",\"valueRequired\":true,\"valueName\":\"search_term_string\"}}],\"inLanguage\":\"es\"}]}<\/script>\n<!-- \/ Yoast SEO Premium plugin. -->","yoast_head_json":{"title":"Programas in situ - Roundup River Ranch","description":"Nuestra programaci\u00f3n abarca necesidades, lugares e intereses. \u00danete a nosotros en el campamento en verano o en l\u00ednea a trav\u00e9s de nuestra programaci\u00f3n de divulgaci\u00f3n.","robots":{"index":"index","follow":"follow","max-snippet":"max-snippet:-1","max-image-preview":"max-image-preview:large","max-video-preview":"max-video-preview:-1"},"canonical":"https:\/\/roundupriverranch.org\/es\/camp-programs\/onsite-programs\/","og_locale":"es_ES","og_type":"article","og_title":"Onsite Programs","og_description":"Our programming spans needs, locations and interests! Join us at camp in the summer or online through our Outreach Programming.","og_url":"https:\/\/roundupriverranch.org\/es\/camp-programs\/onsite-programs\/","og_site_name":"Roundup River Ranch","article_publisher":"https:\/\/www.facebook.com\/roundupriverranch\/","article_modified_time":"2026-01-06T20:42:18+00:00","og_image":[{"url":"https:\/\/roundupriverranch.org\/wp-content\/uploads\/2025\/11\/marshmellows.svg","type":"","width":"","height":""}],"twitter_card":"summary_large_image","twitter_misc":{"Tiempo de lectura":"1 minuto"},"schema":{"@context":"https:\/\/schema.org","@graph":[{"@type":"WebPage","@id":"https:\/\/roundupriverranch.org\/camp-programs\/onsite-programs\/","url":"https:\/\/roundupriverranch.org\/camp-programs\/onsite-programs\/","name":"Programas in situ - Roundup River Ranch","isPartOf":{"@id":"https:\/\/roundupriverranch.org\/#website"},"primaryImageOfPage":{"@id":"https:\/\/roundupriverranch.org\/camp-programs\/onsite-programs\/#primaryimage"},"image":{"@id":"https:\/\/roundupriverranch.org\/camp-programs\/onsite-programs\/#primaryimage"},"thumbnailUrl":"https:\/\/roundupriverranch.org\/wp-content\/uploads\/2025\/11\/marshmellows.svg","datePublished":"2025-12-08T16:55:08+00:00","dateModified":"2026-01-06T20:42:18+00:00","description":"Nuestra programaci\u00f3n abarca necesidades, lugares e intereses. \u00danete a nosotros en el campamento en verano o en l\u00ednea a trav\u00e9s de nuestra programaci\u00f3n de divulgaci\u00f3n.","breadcrumb":{"@id":"https:\/\/roundupriverranch.org\/camp-programs\/onsite-programs\/#breadcrumb"},"inLanguage":"es","potentialAction":[{"@type":"ReadAction","target":["https:\/\/roundupriverranch.org\/camp-programs\/onsite-programs\/"]}]},{"@type":"ImageObject","inLanguage":"es","@id":"https:\/\/roundupriverranch.org\/camp-programs\/onsite-programs\/#primaryimage","url":"https:\/\/roundupriverranch.org\/wp-content\/uploads\/2025\/11\/marshmellows.svg","contentUrl":"https:\/\/roundupriverranch.org\/wp-content\/uploads\/2025\/11\/marshmellows.svg"},{"@type":"BreadcrumbList","@id":"https:\/\/roundupriverranch.org\/camp-programs\/onsite-programs\/#breadcrumb","itemListElement":[{"@type":"ListItem","position":1,"name":"Home","item":"https:\/\/roundupriverranch.org\/"},{"@type":"ListItem","position":2,"name":"Camp Programs","item":"https:\/\/roundupriverranch.org\/camp-programs\/"},{"@type":"ListItem","position":3,"name":"Onsite Programs"}]},{"@type":"WebSite","@id":"https:\/\/roundupriverranch.org\/#website","url":"https:\/\/roundupriverranch.org\/","name":"Rancho Roundup River","description":"","potentialAction":[{"@type":"SearchAction","target":{"@type":"EntryPoint","urlTemplate":"https:\/\/roundupriverranch.org\/?s={search_term_string}"},"query-input":{"@type":"PropertyValueSpecification","valueRequired":true,"valueName":"search_term_string"}}],"inLanguage":"es"}]}},"_links":{"self":[{"href":"https:\/\/roundupriverranch.org\/es\/wp-json\/wp\/v2\/pages\/660","targetHints":{"allow":["GET"]}}],"collection":[{"href":"https:\/\/roundupriverranch.org\/es\/wp-json\/wp\/v2\/pages"}],"about":[{"href":"https:\/\/roundupriverranch.org\/es\/wp-json\/wp\/v2\/types\/page"}],"author":[{"embeddable":true,"href":"https:\/\/roundupriverranch.org\/es\/wp-json\/wp\/v2\/users\/1"}],"replies":[{"embeddable":true,"href":"https:\/\/roundupriverranch.org\/es\/wp-json\/wp\/v2\/comments?post=660"}],"version-history":[{"count":20,"href":"https:\/\/roundupriverranch.org\/es\/wp-json\/wp\/v2\/pages\/660\/revisions"}],"predecessor-version":[{"id":11861,"href":"https:\/\/roundupriverranch.org\/es\/wp-json\/wp\/v2\/pages\/660\/revisions\/11861"}],"up":[{"embeddable":true,"href":"https:\/\/roundupriverranch.org\/es\/wp-json\/wp\/v2\/pages\/648"}],"wp:attachment":[{"href":"https:\/\/roundupriverranch.org\/es\/wp-json\/wp\/v2\/media?parent=660"}],"curies":[{"name":"wp","href":"https:\/\/api.w.org\/{rel}","templated":true}]}}