{"id":664,"date":"2025-12-08T16:56:15","date_gmt":"2025-12-08T16:56:15","guid":{"rendered":"https:\/\/roundupriverranch.org\/?page_id=664"},"modified":"2025-12-15T22:27:58","modified_gmt":"2025-12-15T22:27:58","slug":"alumni-programs","status":"publish","type":"page","link":"https:\/\/roundupriverranch.org\/es\/camp-programs\/alumni-programs\/","title":{"rendered":"Programas Alumni"},"content":{"rendered":"<div class=\"blueheaderblock\">\n    <div class=\"blueheaderblockinner\">\n\n                    <div class=\"headerouter\">\n                <div class=\"headerimage\" style=\"background-image: url(https:\/\/roundupriverranch.org\/wp-content\/uploads\/2025\/12\/roundup-river-ranch-alumni-2000x460-1.png)\">\n                    <img decoding=\"async\" src=\"https:\/\/roundupriverranch.org\/wp-content\/uploads\/2025\/12\/roundup-river-ranch-alumni-2000x460-1.png\" alt=\"Alumni campers reunited\" \/>\n                <\/div>\n                <div class=\"mobileheaderimage\">\n                    <img decoding=\"async\" src=\"https:\/\/roundupriverranch.org\/wp-content\/uploads\/2025\/12\/roundup-river-ranch-alumni-930x500-1.png\" alt=\"Alumni campers reunited\" \/>\n                <\/div>\n\n                <div class=\"defaultheadercurve\">\n                    <img decoding=\"async\" src=\"https:\/\/roundupriverranch.org\/wp-content\/themes\/sage\/public\/build\/assets\/blueheadercurve-DX-Y35aK.svg\" alt=\"\">\n                <\/div>\n            <\/div>\n        \n        <div class=\"headerlowercontent\" role=\"region\" aria-label=\"Contenido de la cabecera\">\n            <div class=\"headercontentinner\">\n                <h1 class=\"headerblocktitle\">Programas Alumni<\/h1>\n                <h2 style=\"text-align: center;\">DESDE COMPA\u00d1EROS DE CAMAROTE HASTA<br \/>\nCONEXIONES PARA TODA LA VIDA.<\/h2>\n\n            <\/div>\n        <\/div>\n    <\/div>\n    <div class=\"blueheadermask\">\n        <img decoding=\"async\" src=\"https:\/\/roundupriverranch.org\/wp-content\/themes\/sage\/public\/build\/assets\/bluseheadermask-BfkAQK3X.svg\" alt=\"\">\n    <\/div>\n<\/div>\n\n\n\n<p class=\"has-text-align-center\">Nuestros antiguos campistas llevan consigo el esp\u00edritu del campamento, la alegr\u00eda de sus recuerdos y las amistades que forjaron. Algunas de las experiencias m\u00e1s emocionantes y gratificantes incluyen la posibilidad de volver a conectar, reavivar la diversi\u00f3n y construir relaciones m\u00e1s fuertes que cambian la vida. Nuestros Programas para Antiguos Alumnos incluyen dos fant\u00e1sticas oportunidades de participaci\u00f3n: Las Reuniones de Antiguos Alumnos (disponibles tanto en l\u00ednea como en persona) y el Programa de Espuelas in situ.<\/p>\n\n\n\n<p class=\"has-text-align-center\"><strong>Tanto si te reencuentras con viejos amigos como si asumes un papel de liderazgo, \u00a1estamos impacientes por continuar el viaje contigo!<\/strong><\/p>\n\n\n\n<div style=\"height:20px\" aria-hidden=\"true\" class=\"wp-block-spacer\"><\/div>\n\n\n<div class=\"imagecopyblockwrap\">\n    <div class=\"imagecopyblockinner right small\">\n        <div class=\"imagecopyblockimage\">\n            <img decoding=\"async\" src=\"https:\/\/roundupriverranch.org\/wp-content\/uploads\/2025\/12\/RoundupRiverRanch-Camp-Spurs-500x500-small-circle.png\" alt=\"Roundup River Ranch alumni in wheelchair loading in to a raft with help of counselor\" \/>\n        <\/div>\n        <div class=\"imagecopyblockcontent\">\n            <div class=\"copyinner\">\n                <h2 class=\"p1\">PROGRAMA SPURS<\/h2>\n<p>Se trata de una experiencia de inmersi\u00f3n de dos semanas para antiguos alumnos del campamento de entre 18 y 21 a\u00f1os. Se celebra in situ durante las sesiones del campamento de verano, e incluye la participaci\u00f3n en el campamento y tambi\u00e9n la direcci\u00f3n de actividades.<\/p>\n\n            <\/div>\n                            <div class=\"ctalink\">\n                    <a class=\"drkgreen-btn lowercase\" href=\"https:\/\/roundupriverranch.org\/es\/camp-programs\/alumni-programs\/spurs-program-onsite\/\">M\u00e1s informaci\u00f3n sobre el Programa Spurs<\/a>\n                <\/div>\n                    <\/div>\n    <\/div>\n    <div class=\"seperator\"><\/div>\n<\/div>\n\n\n<div class=\"imagecopyblockwrap\">\n    <div class=\"imagecopyblockinner right small\">\n        <div class=\"imagecopyblockimage\">\n            <img decoding=\"async\" src=\"https:\/\/roundupriverranch.org\/wp-content\/uploads\/2025\/12\/RoundupRiverRanch-Camp-500x500-small-circle45.png\" alt=\"Camper ascending the climbing wall at Roundup River Ranch\" \/>\n        <\/div>\n        <div class=\"imagecopyblockcontent\">\n            <div class=\"copyinner\">\n                <h2 class=\"p1\">REUNIONES DE ANTIGUOS ALUMNOS<\/h2>\n<p style=\"font-weight: 400;\">Estos programas re\u00fanen a antiguos alumnos del Roundup River Ranch a trav\u00e9s de experiencias divertidas y presenciales en la zona de Denver. Fomentan la conexi\u00f3n y ayudan a construir amistades y una comunidad de apoyo.<\/p>\n\n            <\/div>\n                            <div class=\"ctalink\">\n                    <a class=\"drkgreen-btn lowercase\" href=\"https:\/\/roundupriverranch.org\/es\/camp-programs\/alumni-programs\/alumni-programs-offsite\/\">M\u00e1s informaci\u00f3n sobre las reuniones de antiguos alumnos<\/a>\n                <\/div>\n                    <\/div>\n    <\/div>\n    <div class=\"seperator\"><\/div>\n<\/div>\n\n\n\n<div style=\"height:100px\" aria-hidden=\"true\" class=\"wp-block-spacer\"><\/div>","protected":false},"excerpt":{"rendered":"<p>Nuestros antiguos campistas llevan consigo el esp\u00edritu del campamento, la alegr\u00eda de sus recuerdos y las amistades que forjaron. Algunos de los ... <a href=\"https:\/\/roundupriverranch.org\/es\/camp-programs\/alumni-programs\/\">Contin\u00faa<\/a><\/p>","protected":false},"author":1,"featured_media":0,"parent":648,"menu_order":0,"comment_status":"closed","ping_status":"open","template":"template-secondary.blade.php","meta":{"_acf_changed":false,"footnotes":""},"class_list":["post-664","page","type-page","status-publish","hentry"],"acf":[],"yoast_head":"<!-- This site is optimized with the Yoast SEO Premium plugin v26.9 (Yoast SEO v27.4) - https:\/\/yoast.com\/product\/yoast-seo-premium-wordpress\/ -->\n<title>Continue the camp experience with Alumni Programs.<\/title>\n<meta name=\"description\" content=\"Continue the camp experience with Alumni Programs.\" \/>\n<meta name=\"robots\" content=\"index, follow, max-snippet:-1, max-image-preview:large, max-video-preview:-1\" \/>\n<link rel=\"canonical\" href=\"https:\/\/roundupriverranch.org\/es\/camp-programs\/alumni-programs\/\" \/>\n<meta property=\"og:locale\" content=\"es_ES\" \/>\n<meta property=\"og:type\" content=\"article\" \/>\n<meta property=\"og:title\" content=\"Alumni Programs\" \/>\n<meta property=\"og:description\" content=\"Continue the camp experience with Alumni Programs.\" \/>\n<meta property=\"og:url\" content=\"https:\/\/roundupriverranch.org\/es\/camp-programs\/alumni-programs\/\" \/>\n<meta property=\"og:site_name\" content=\"Roundup River Ranch\" \/>\n<meta property=\"article:publisher\" content=\"https:\/\/www.facebook.com\/roundupriverranch\/\" \/>\n<meta property=\"article:modified_time\" content=\"2025-12-15T22:27:58+00:00\" \/>\n<meta name=\"twitter:card\" content=\"summary_large_image\" \/>\n<meta name=\"twitter:label1\" content=\"Tiempo de lectura\" \/>\n\t<meta name=\"twitter:data1\" content=\"1 minuto\" \/>\n<script type=\"application\/ld+json\" class=\"yoast-schema-graph\">{\"@context\":\"https:\\\/\\\/schema.org\",\"@graph\":[{\"@type\":\"WebPage\",\"@id\":\"https:\\\/\\\/roundupriverranch.org\\\/camp-programs\\\/alumni-programs\\\/\",\"url\":\"https:\\\/\\\/roundupriverranch.org\\\/camp-programs\\\/alumni-programs\\\/\",\"name\":\"Continue the camp experience with Alumni Programs.\",\"isPartOf\":{\"@id\":\"https:\\\/\\\/roundupriverranch.org\\\/#website\"},\"datePublished\":\"2025-12-08T16:56:15+00:00\",\"dateModified\":\"2025-12-15T22:27:58+00:00\",\"description\":\"Continue the camp experience with Alumni Programs.\",\"breadcrumb\":{\"@id\":\"https:\\\/\\\/roundupriverranch.org\\\/camp-programs\\\/alumni-programs\\\/#breadcrumb\"},\"inLanguage\":\"es\",\"potentialAction\":[{\"@type\":\"ReadAction\",\"target\":[\"https:\\\/\\\/roundupriverranch.org\\\/camp-programs\\\/alumni-programs\\\/\"]}]},{\"@type\":\"BreadcrumbList\",\"@id\":\"https:\\\/\\\/roundupriverranch.org\\\/camp-programs\\\/alumni-programs\\\/#breadcrumb\",\"itemListElement\":[{\"@type\":\"ListItem\",\"position\":1,\"name\":\"Home\",\"item\":\"https:\\\/\\\/roundupriverranch.org\\\/\"},{\"@type\":\"ListItem\",\"position\":2,\"name\":\"Camp Programs\",\"item\":\"https:\\\/\\\/roundupriverranch.org\\\/camp-programs\\\/\"},{\"@type\":\"ListItem\",\"position\":3,\"name\":\"Alumni Programs\"}]},{\"@type\":\"WebSite\",\"@id\":\"https:\\\/\\\/roundupriverranch.org\\\/#website\",\"url\":\"https:\\\/\\\/roundupriverranch.org\\\/\",\"name\":\"Roundup River Ranch\",\"description\":\"\",\"potentialAction\":[{\"@type\":\"SearchAction\",\"target\":{\"@type\":\"EntryPoint\",\"urlTemplate\":\"https:\\\/\\\/roundupriverranch.org\\\/?s={search_term_string}\"},\"query-input\":{\"@type\":\"PropertyValueSpecification\",\"valueRequired\":true,\"valueName\":\"search_term_string\"}}],\"inLanguage\":\"es\"}]}<\/script>\n<!-- \/ Yoast SEO Premium plugin. -->","yoast_head_json":{"title":"Contin\u00fae la experiencia del campamento con los Programas para Antiguos Alumnos.","description":"Contin\u00fae la experiencia del campamento con los Programas para Antiguos Alumnos.","robots":{"index":"index","follow":"follow","max-snippet":"max-snippet:-1","max-image-preview":"max-image-preview:large","max-video-preview":"max-video-preview:-1"},"canonical":"https:\/\/roundupriverranch.org\/es\/camp-programs\/alumni-programs\/","og_locale":"es_ES","og_type":"article","og_title":"Alumni Programs","og_description":"Continue the camp experience with Alumni Programs.","og_url":"https:\/\/roundupriverranch.org\/es\/camp-programs\/alumni-programs\/","og_site_name":"Roundup River Ranch","article_publisher":"https:\/\/www.facebook.com\/roundupriverranch\/","article_modified_time":"2025-12-15T22:27:58+00:00","twitter_card":"summary_large_image","twitter_misc":{"Tiempo de lectura":"1 minuto"},"schema":{"@context":"https:\/\/schema.org","@graph":[{"@type":"WebPage","@id":"https:\/\/roundupriverranch.org\/camp-programs\/alumni-programs\/","url":"https:\/\/roundupriverranch.org\/camp-programs\/alumni-programs\/","name":"Contin\u00fae la experiencia del campamento con los Programas para Antiguos Alumnos.","isPartOf":{"@id":"https:\/\/roundupriverranch.org\/#website"},"datePublished":"2025-12-08T16:56:15+00:00","dateModified":"2025-12-15T22:27:58+00:00","description":"Contin\u00fae la experiencia del campamento con los Programas para Antiguos Alumnos.","breadcrumb":{"@id":"https:\/\/roundupriverranch.org\/camp-programs\/alumni-programs\/#breadcrumb"},"inLanguage":"es","potentialAction":[{"@type":"ReadAction","target":["https:\/\/roundupriverranch.org\/camp-programs\/alumni-programs\/"]}]},{"@type":"BreadcrumbList","@id":"https:\/\/roundupriverranch.org\/camp-programs\/alumni-programs\/#breadcrumb","itemListElement":[{"@type":"ListItem","position":1,"name":"Home","item":"https:\/\/roundupriverranch.org\/"},{"@type":"ListItem","position":2,"name":"Camp Programs","item":"https:\/\/roundupriverranch.org\/camp-programs\/"},{"@type":"ListItem","position":3,"name":"Alumni Programs"}]},{"@type":"WebSite","@id":"https:\/\/roundupriverranch.org\/#website","url":"https:\/\/roundupriverranch.org\/","name":"Rancho Roundup River","description":"","potentialAction":[{"@type":"SearchAction","target":{"@type":"EntryPoint","urlTemplate":"https:\/\/roundupriverranch.org\/?s={search_term_string}"},"query-input":{"@type":"PropertyValueSpecification","valueRequired":true,"valueName":"search_term_string"}}],"inLanguage":"es"}]}},"_links":{"self":[{"href":"https:\/\/roundupriverranch.org\/es\/wp-json\/wp\/v2\/pages\/664","targetHints":{"allow":["GET"]}}],"collection":[{"href":"https:\/\/roundupriverranch.org\/es\/wp-json\/wp\/v2\/pages"}],"about":[{"href":"https:\/\/roundupriverranch.org\/es\/wp-json\/wp\/v2\/types\/page"}],"author":[{"embeddable":true,"href":"https:\/\/roundupriverranch.org\/es\/wp-json\/wp\/v2\/users\/1"}],"replies":[{"embeddable":true,"href":"https:\/\/roundupriverranch.org\/es\/wp-json\/wp\/v2\/comments?post=664"}],"version-history":[{"count":14,"href":"https:\/\/roundupriverranch.org\/es\/wp-json\/wp\/v2\/pages\/664\/revisions"}],"predecessor-version":[{"id":10706,"href":"https:\/\/roundupriverranch.org\/es\/wp-json\/wp\/v2\/pages\/664\/revisions\/10706"}],"up":[{"embeddable":true,"href":"https:\/\/roundupriverranch.org\/es\/wp-json\/wp\/v2\/pages\/648"}],"wp:attachment":[{"href":"https:\/\/roundupriverranch.org\/es\/wp-json\/wp\/v2\/media?parent=664"}],"curies":[{"name":"wp","href":"https:\/\/api.w.org\/{rel}","templated":true}]}}