{"id":671,"date":"2025-12-08T16:58:18","date_gmt":"2025-12-08T16:58:18","guid":{"rendered":"https:\/\/roundupriverranch.org\/?page_id=671"},"modified":"2026-04-06T20:49:04","modified_gmt":"2026-04-06T20:49:04","slug":"camper-eligibility","status":"publish","type":"page","link":"https:\/\/roundupriverranch.org\/es\/camp-programs\/onsite-programs\/camper-eligibility\/","title":{"rendered":"Requisitos de los campistas"},"content":{"rendered":"<div class=\"defaultheaderblock\">\n    <div class=\"defaultheaderblockinner\">\n\n                    <div class=\"headerouter\">\n                <div class=\"headerimage\" style=\"background-image: url(https:\/\/roundupriverranch.org\/wp-content\/uploads\/2025\/12\/roundup-river-ranch-camp-2000x46027-1.png)\">\n                    <img decoding=\"async\" src=\"https:\/\/roundupriverranch.org\/wp-content\/uploads\/2025\/12\/roundup-river-ranch-camp-2000x46027-1.png\" alt=\"Proud camper reaching the top of the climbing wall.\" \/>\n                <\/div>\n                <div class=\"mobileheaderimage\">\n                    <img decoding=\"async\" src=\"https:\/\/roundupriverranch.org\/wp-content\/uploads\/2025\/12\/roundup-river-ranch-camp-930x50028-1.png\" alt=\"Proud camper reaching the top of the climbing wall.\" \/>\n                <\/div>\n            <\/div>\n        \n    <\/div>\n    <div class=\"defaultheadercurve\">\n        <img decoding=\"async\" src=\"https:\/\/roundupriverranch.org\/wp-content\/themes\/sage\/public\/build\/assets\/defaultheadercurve-Cez_Hkub.svg\" alt=\"\">\n    <\/div>\n<\/div>\n\n\n\n<h1 class=\"wp-block-heading has-text-align-center\" id=\"h-camper-eligibility\">Requisitos de los campistas<\/h1>\n\n\n\n<h2 class=\"wp-block-heading has-text-align-center\" id=\"h-we-want-to-make-sure-campers-find-their-perfect-spot\">QUEREMOS ASEGURARNOS DE QUE LOS CAMPISTAS ENCUENTREN SU SITIO PERFECTO.<\/h2>\n\n\n\n<div style=\"height:20px\" aria-hidden=\"true\" class=\"wp-block-spacer\"><\/div>\n\n\n\n<p class=\"has-text-align-left\">En primer lugar, guarden sus carteras.&nbsp;<em><strong>Todas nuestras sesiones son gratuitas para los campistas y sus familias.<\/strong><\/em> <a href=\"https:\/\/roundupriverranch.org\/wp-content\/uploads\/2026\/01\/RRR_Calendar-2026.pdf\" type=\"link\" id=\"https:\/\/roundupriverranch.org\/wp-content\/uploads\/2026\/01\/RRR_Calendar-2026.pdf\">Download 2026 Onsite Camp <\/a><a href=\"https:\/\/roundupriverranch.org\/wp-content\/uploads\/2026\/01\/RRR_Calendar-2026.pdf\" type=\"link\" id=\"https:\/\/roundupriverranch.org\/wp-content\/uploads\/2026\/01\/RRR_Calendar-2026.pdf\" target=\"_blank\" rel=\"noreferrer noopener\">Calendario<\/a><a href=\"https:\/\/roundupriverranch.org\/wp-content\/uploads\/2026\/01\/RRR_Calendar-2026.pdf\" type=\"link\" id=\"https:\/\/roundupriverranch.org\/wp-content\/uploads\/2026\/01\/RRR_Calendar-2026.pdf\">.<\/a><\/p>\n\n\n\n<p class=\"has-text-align-left\">A continuaci\u00f3n, t\u00f3mese un momento para leer nuestros requisitos de elegibilidad antes de comenzar su inscripci\u00f3n. Si tiene alguna pregunta sobre el proceso de inscripci\u00f3n, env\u00ede un correo electr\u00f3nico a nuestro equipo de admisiones de campistas a&nbsp;<a href=\"mailto:camper@roundupriverranch.org\">camper@roundupriverranch.org<\/a>&nbsp;o 970.524.5713.<\/p>\n\n\n\n<h2 class=\"wp-block-heading\" id=\"h-eligibility-requirements\">Requisitos<\/h2>\n\n\n\n<hr class=\"wp-block-separator has-alpha-channel-opacity\"\/>\n\n\n\n<h2 class=\"wp-block-heading\" id=\"h-diagnoses-we-serve\">Diagn\u00f3sticos que atendemos<\/h2>\n\n\n\n<p class=\"has-text-align-left\">Aceptamos ni\u00f1os con una variedad de diagn\u00f3sticos m\u00e9dicos que alteran la vida. Las afecciones m\u00e9dicas y los diagn\u00f3sticos calificativos que atendemos incluyen (pero no se limitan a):&nbsp;<\/p>\n\n\n\n<div class=\"wp-block-columns is-layout-flex wp-container-core-columns-is-layout-9d6595d7 wp-block-columns-is-layout-flex\">\n<div class=\"wp-block-column is-layout-flow wp-block-column-is-layout-flow\">\n<ul class=\"wp-block-list\">\n<li>Trastornos de inmunodeficiencia adquirida<\/li>\n\n\n\n<li>Trastorno por estr\u00e9s agudo<\/li>\n\n\n\n<li>Trastornos de adaptaci\u00f3n<\/li>\n\n\n\n<li>Insuficiencia suprarrenal<\/li>\n\n\n\n<li>Ansiedad y trastornos relacionados<\/li>\n\n\n\n<li>Arritmias<\/li>\n\n\n\n<li>Trastornos sangu\u00edneos (hemofilia + talasemia + neutropenia)<\/li>\n\n\n\n<li>Trasplante de m\u00e9dula \u00f3sea\/c\u00e9lulas madre<\/li>\n\n\n\n<li>Tumores cerebrales<\/li>\n\n\n\n<li>Enfermedad cel\u00edaca<\/li>\n\n\n\n<li>Par\u00e1lisis cerebral<\/li>\n\n\n\n<li>C\u00e1ncer infantil<\/li>\n\n\n\n<li>Pancreatitis cr\u00f3nica<\/li>\n\n\n\n<li>Enfermedades colorrectales<\/li>\n\n\n\n<li>Cardiopat\u00edas cong\u00e9nitas y adquiridas<\/li>\n\n\n\n<li>Diferencias craneofaciales (incluidas, entre otras, labio leporino\/paladar hendido)<\/li>\n\n\n\n<li>Fibrosis qu\u00edstica<\/li>\n\n\n\n<li>Trastornos depresivos<\/li>\n\n\n\n<li>Diabetes (tipo 1 y tipo 2)<\/li>\n\n\n\n<li>EOE<\/li>\n\n\n\n<li>Epilepsia<\/li>\n\n\n\n<li>Gastroparesia<\/li>\n\n\n\n<li>Condiciones gen\u00e9ticas<\/li>\n\n\n\n<li>Dependencia de la sonda nasog\u00e1strica<\/li>\n\n\n\n<li>Trasplante de coraz\u00f3n<\/li>\n<\/ul>\n<\/div>\n\n\n\n<div class=\"wp-block-column is-layout-flow wp-block-column-is-layout-flow\">\n<ul class=\"wp-block-list\">\n<li>Hirschsprungs<\/li>\n\n\n\n<li>EII\/SII (Crohn y colitis)<\/li>\n\n\n\n<li>Artritis juvenil<\/li>\n\n\n\n<li>Enfermedad renal<\/li>\n\n\n\n<li>Trasplante renal<\/li>\n\n\n\n<li>Afecciones dermatol\u00f3gicas que alteran la vida<\/li>\n\n\n\n<li>Enfermedades hep\u00e1ticas<\/li>\n\n\n\n<li>Trasplante de h\u00edgado<\/li>\n\n\n\n<li>Enfermedades pulmonares<\/li>\n\n\n\n<li>Asma de moderada a grave<\/li>\n\n\n\n<li>Neurofibromatosis<\/li>\n\n\n\n<li>Vejiga neur\u00f3gena<\/li>\n\n\n\n<li>Traqueostom\u00eda no ventilador-dependiente<\/li>\n\n\n\n<li>Di\u00e1lisis peritoneal<\/li>\n\n\n\n<li>Trastorno de estr\u00e9s postraum\u00e1tico<\/li>\n\n\n\n<li>Alergias graves (alimentarias y ambientales)<\/li>\n\n\n\n<li>Eczema grave<\/li>\n\n\n\n<li>S\u00edndrome del intestino corto<\/li>\n\n\n\n<li>Anemia Falciforme<\/li>\n\n\n\n<li>Espina b\u00edfida<\/li>\n\n\n\n<li>Ictus<\/li>\n\n\n\n<li>TBI<\/li>\n\n\n\n<li>Trastornos tiroideos<\/li>\n\n\n\n<li>Diagn\u00f3sticos que requieren programas de intestino y\/o vejiga.<\/li>\n<\/ul>\n<\/div>\n<\/div>\n\n\n\n<h2 class=\"wp-block-heading\" id=\"h-please-note\">Tenga en cuenta lo siguiente:<\/h2>\n\n\n\n<p class=\"has-text-align-left\">T\u00f3mese un momento para leer nuestros requisitos de elegibilidad antes de comenzar su inscripci\u00f3n. Si tiene alguna pregunta sobre el proceso de inscripci\u00f3n, env\u00ede un correo electr\u00f3nico a nuestro equipo de admisiones de campistas a <a href=\"mailto:camper@roundupriverranch.org\">camper@roundupriverranch.org<\/a> o llame al 970.524.5713.<\/p>\n\n\n\n<ul class=\"wp-block-list\">\n<li>Los ni\u00f1os deben tener entre 7 y 17 a\u00f1os cuando asistan al campamento de verano presencial, a las sesiones del campamento en l\u00ednea o para recibir el programa Joy, Delivered.<\/li>\n\n\n\n<li>Los ni\u00f1os deben tener una edad de desarrollo de al menos 7 a\u00f1os para asistir a las sesiones de Camp Online.<\/li>\n\n\n\n<li>El ni\u00f1o diagnosticado debe tener entre 5 y 17 a\u00f1os mientras asista a las sesiones presenciales del Campamento Familiar.<\/li>\n\n\n\n<li>Los ni\u00f1os deben llevar menos de tres a\u00f1os en tratamiento activo y\/o estar experimentando actualmente los retos de una enfermedad cr\u00f3nica o que les altere la vida.<\/li>\n\n\n\n<li>Los ni\u00f1os deben ser social, f\u00edsica y emocionalmente capaces y estar abiertos a las actividades de grupo y, en el caso del campamento en l\u00ednea, al entorno del campamento en l\u00ednea. Hemos elaborado un amplio documento de preguntas frecuentes sobre los programas presenciales, para que sepas qu\u00e9 esperar.<\/li>\n\n\n\n<li>P\u00f3ngase en contacto con nuestro equipo m\u00e9dico si tiene preguntas espec\u00edficas sobre la elegibilidad de los campistas en <a href=\"mailto:medteam@roundupriverranch.org\">medteam@roundupriverranch.org<\/a><\/li>\n<\/ul>\n\n\n\n<div style=\"height:20px\" aria-hidden=\"true\" class=\"wp-block-spacer\"><\/div>\n\n\n\n<h2 class=\"wp-block-heading\" id=\"h-selection-of-campers\">Selecci\u00f3n de campistas<\/h2>\n\n\n\n<ul class=\"wp-block-list\">\n<li>Nos encantar\u00eda que todos y cada uno de los ni\u00f1os que lo solicitan pudieran unirse a nosotros en el campamento, pero a veces las plazas son limitadas. Todas las solicitudes son revisadas y consideradas individualmente por nuestro equipo m\u00e9dico y el equipo del campamento.<\/li>\n\n\n\n<li>Roundup River Ranch se reserva el derecho a realizar selecciones y tomar decisiones en funci\u00f3n de los factores que considere oportunos.<\/li>\n\n\n\n<li>Please read our <a href=\"https:\/\/roundupriverranch.org\/wp-content\/uploads\/2026\/04\/RRR-Camper-Acceptance-Policy-2026.pdf\" target=\"_blank\" rel=\"noreferrer noopener\">Camper Acceptance Policy<\/a> for more details.<\/li>\n<\/ul>\n\n\n\n<div style=\"height:20px\" aria-hidden=\"true\" class=\"wp-block-spacer\"><\/div>\n\n\n\n<h2 class=\"wp-block-heading\" id=\"h-required-forms\">Formularios obligatorios<\/h2>\n\n\n\n<p><em>La siguiente lista incluye los formularios que es necesario rellenar durante el proceso de solicitud para asistir al campamento. Por favor, p\u00f3ngase en contacto con nuestro equipo para cualquier pregunta sobre el proceso.&nbsp;<\/em><\/p>\n\n\n\n<ul class=\"wp-block-list\">\n<li>Formularios del campista (tanto el campista diagnosticado como su hermano menor de 18 a\u00f1os):\n<ul class=\"wp-block-list\">\n<li>Renuncia de consentimiento in situ<\/li>\n\n\n\n<li>Cl\u00ednica de proveedores especializados Nota: s\u00f3lo para campistas diagnosticados<\/li>\n\n\n\n<li>Vacunas del Estado de Colorado<\/li>\n\n\n\n<li>Formulario de salud mental, emocional y social<\/li>\n\n\n\n<li>Acomodaciones y consideraciones<\/li>\n\n\n\n<li>Vacuna anual contra la gripe estacional<\/li>\n\n\n\n<li>Consentimiento para la prueba COVID-19<\/li>\n\n\n\n<li>Formulario de informaci\u00f3n m\u00e9dica<\/li>\n\n\n\n<li>Formulario de alergias, anafilaxia y restricciones diet\u00e9ticas<\/li>\n\n\n\n<li>Formulario de medicamentos, vitaminas y suplementos<\/li>\n\n\n\n<li>Formulario de transporte de la sesi\u00f3n<\/li>\n\n\n\n<li>Examen f\u00edsico o de bienestar - s\u00f3lo para hermanos<\/li>\n\n\n\n<li>**En funci\u00f3n de las respuestas, pueden aparecer otros formularios en el proceso de solicitud.**<\/li>\n<\/ul>\n<\/li>\n\n\n\n<li>Formularios para miembros de la familia (mayores de 18 a\u00f1os):\n<ul class=\"wp-block-list\">\n<li>Renuncia de consentimiento in situ<\/li>\n\n\n\n<li>Vacuna anual contra la gripe estacional<\/li>\n\n\n\n<li>COVID-19 Consentimiento para las pruebas<\/li>\n\n\n\n<li>Formulario de informaci\u00f3n m\u00e9dica para adultos<\/li>\n\n\n\n<li>Formulario de alergias, anafilaxia y restricciones diet\u00e9ticas para adultos<\/li>\n\n\n\n<li>Formulario de transporte<\/li>\n<\/ul>\n<\/li>\n<\/ul>\n\n\n\n<div style=\"height:40px\" aria-hidden=\"true\" class=\"wp-block-spacer\"><\/div>\n\n\n\n<div class=\"wp-block-group is-content-justification-center is-nowrap is-layout-flex wp-container-core-group-is-layout-94bc23d7 wp-block-group-is-layout-flex\">\n<div class=\"wp-block-buttons is-layout-flex wp-block-buttons-is-layout-flex\">\n<div class=\"wp-block-button drkgreen-btn\"><a class=\"wp-block-button__link wp-element-button\" href=\"https:\/\/roundupriverranch.org\/es\/camp-programs\/onsite-programs\/summer-camp\/\" target=\"_blank\" rel=\"noreferrer noopener\">Horario del campamento de verano<\/a><\/div>\n\n\n\n<div class=\"wp-block-button drkgreen-btn\"><a class=\"wp-block-button__link wp-element-button\" href=\"https:\/\/roundupriverranch.org\/es\/camp-programs\/onsite-programs\/family-camp\/\" target=\"_blank\" rel=\"noreferrer noopener\">Horario del campamento familiar<\/a><\/div>\n<\/div>\n\n\n\n<div class=\"wp-block-buttons is-layout-flex wp-block-buttons-is-layout-flex\">\n<div class=\"wp-block-button drkgreen-btn\"><a class=\"wp-block-button__link wp-element-button\" href=\"https:\/\/roundupriverranch.org\/es\/camp-programs\/onsite-programs\/apply-for-camp\/\" target=\"_blank\" rel=\"noreferrer noopener\">Solicitar campamento<\/a><\/div>\n<\/div>\n<\/div>\n\n\n\n<div style=\"height:40px\" aria-hidden=\"true\" class=\"wp-block-spacer\"><\/div>\n\n\n\n<div style=\"height:50px\" aria-hidden=\"true\" class=\"wp-block-spacer\"><\/div>\n\n\n<div class=\"calloutboxwrapper\">\n    <div class=\"calloutboxinner\">\n        <div class=\"calloutcolumns\">\n            <div class=\"calloutcontent\">\n                                    <h2 style=\"text-align: center;\">D\u00c9 UNA VUELTA POR EL CAMPING<\/h2>\n<p style=\"text-align: center;\">Nuestro pintoresco campamento est\u00e1 situado entre las Monta\u00f1as Rocosas y el r\u00edo Colorado. Cuando el campamento est\u00e1 en sesi\u00f3n, Roundup River Ranch se convierte en 125 acres de alegr\u00eda total y la risa. Por favor, echa un vistazo a nuestro mapa del campamento que detalla nuestras \u00e1reas del programa de campamento, edificios y otras caracter\u00edsticas del campamento.<\/p>\n\n                            <\/div>\n            <div class=\"calloutimage\" style=\"background-image: url('https:\/\/roundupriverranch.org\/wp-content\/uploads\/2025\/11\/campsite_depot.jpg')\">\n                                    <img decoding=\"async\" src=\"https:\/\/roundupriverranch.org\/wp-content\/uploads\/2025\/11\/campsite_depot.jpg\" alt=\"\" \/>\n                            <\/div>\n        <\/div>\n        <div class=\"lowerlinks\">\n                                                                                                            <a href=\"https:\/\/roundupriverranch.org\/es\/about-us\/our-campsite\/camp-map\/\" class=\"header-drkgreen-btn\">\n                            TOUR DEL CAMPAMENTO\n                        <\/a>\n                                                        <\/div>\n    <\/div>\n<\/div>\n\n\n\n<p><\/p>","protected":false},"excerpt":{"rendered":"<p>Elegibilidad del campista QUEREMOS ASEGURARNOS DE QUE LOS CAMPISTAS ENCUENTREN SU LUGAR PERFECTO. En primer lugar, guarden sus carteras. Todas nuestras sesiones son gratuitas ... <a href=\"https:\/\/roundupriverranch.org\/es\/camp-programs\/onsite-programs\/camper-eligibility\/\">Contin\u00faa<\/a><\/p>","protected":false},"author":1,"featured_media":0,"parent":660,"menu_order":0,"comment_status":"closed","ping_status":"open","template":"template-secondary.blade.php","meta":{"_acf_changed":false,"footnotes":""},"class_list":["post-671","page","type-page","status-publish","hentry"],"acf":[],"yoast_head":"<!-- This site is optimized with the Yoast SEO Premium plugin v26.9 (Yoast SEO v27.4) - https:\/\/yoast.com\/product\/yoast-seo-premium-wordpress\/ -->\n<title>Camper Eligibility - Roundup River Ranch<\/title>\n<meta name=\"description\" content=\"Find the program that is right for your camper, whether that is online or in-person. Regardless, every experience is completely free!\" \/>\n<meta name=\"robots\" content=\"index, follow, max-snippet:-1, max-image-preview:large, max-video-preview:-1\" \/>\n<link rel=\"canonical\" href=\"https:\/\/roundupriverranch.org\/es\/camp-programs\/onsite-programs\/camper-eligibility\/\" \/>\n<meta property=\"og:locale\" content=\"es_ES\" \/>\n<meta property=\"og:type\" content=\"article\" \/>\n<meta property=\"og:title\" content=\"Camper Eligibility\" \/>\n<meta property=\"og:description\" content=\"Find the program that is right for your camper, whether that is online or in-person. Regardless, every experience is completely free!\" \/>\n<meta property=\"og:url\" content=\"https:\/\/roundupriverranch.org\/es\/camp-programs\/onsite-programs\/camper-eligibility\/\" \/>\n<meta property=\"og:site_name\" content=\"Roundup River Ranch\" \/>\n<meta property=\"article:publisher\" content=\"https:\/\/www.facebook.com\/roundupriverranch\/\" \/>\n<meta property=\"article:modified_time\" content=\"2026-04-06T20:49:04+00:00\" \/>\n<meta name=\"twitter:card\" content=\"summary_large_image\" \/>\n<meta name=\"twitter:label1\" content=\"Tiempo de lectura\" \/>\n\t<meta name=\"twitter:data1\" content=\"3 minutos\" \/>\n<script type=\"application\/ld+json\" class=\"yoast-schema-graph\">{\"@context\":\"https:\\\/\\\/schema.org\",\"@graph\":[{\"@type\":\"WebPage\",\"@id\":\"https:\\\/\\\/roundupriverranch.org\\\/camp-programs\\\/onsite-programs\\\/camper-eligibility\\\/\",\"url\":\"https:\\\/\\\/roundupriverranch.org\\\/camp-programs\\\/onsite-programs\\\/camper-eligibility\\\/\",\"name\":\"Camper Eligibility - Roundup River Ranch\",\"isPartOf\":{\"@id\":\"https:\\\/\\\/roundupriverranch.org\\\/#website\"},\"datePublished\":\"2025-12-08T16:58:18+00:00\",\"dateModified\":\"2026-04-06T20:49:04+00:00\",\"description\":\"Find the program that is right for your camper, whether that is online or in-person. Regardless, every experience is completely free!\",\"breadcrumb\":{\"@id\":\"https:\\\/\\\/roundupriverranch.org\\\/camp-programs\\\/onsite-programs\\\/camper-eligibility\\\/#breadcrumb\"},\"inLanguage\":\"es\",\"potentialAction\":[{\"@type\":\"ReadAction\",\"target\":[\"https:\\\/\\\/roundupriverranch.org\\\/camp-programs\\\/onsite-programs\\\/camper-eligibility\\\/\"]}]},{\"@type\":\"BreadcrumbList\",\"@id\":\"https:\\\/\\\/roundupriverranch.org\\\/camp-programs\\\/onsite-programs\\\/camper-eligibility\\\/#breadcrumb\",\"itemListElement\":[{\"@type\":\"ListItem\",\"position\":1,\"name\":\"Home\",\"item\":\"https:\\\/\\\/roundupriverranch.org\\\/\"},{\"@type\":\"ListItem\",\"position\":2,\"name\":\"Camp Programs\",\"item\":\"https:\\\/\\\/roundupriverranch.org\\\/camp-programs\\\/\"},{\"@type\":\"ListItem\",\"position\":3,\"name\":\"Onsite Programs\",\"item\":\"https:\\\/\\\/roundupriverranch.org\\\/camp-programs\\\/onsite-programs\\\/\"},{\"@type\":\"ListItem\",\"position\":4,\"name\":\"Camper Eligibility\"}]},{\"@type\":\"WebSite\",\"@id\":\"https:\\\/\\\/roundupriverranch.org\\\/#website\",\"url\":\"https:\\\/\\\/roundupriverranch.org\\\/\",\"name\":\"Roundup River Ranch\",\"description\":\"\",\"potentialAction\":[{\"@type\":\"SearchAction\",\"target\":{\"@type\":\"EntryPoint\",\"urlTemplate\":\"https:\\\/\\\/roundupriverranch.org\\\/?s={search_term_string}\"},\"query-input\":{\"@type\":\"PropertyValueSpecification\",\"valueRequired\":true,\"valueName\":\"search_term_string\"}}],\"inLanguage\":\"es\"}]}<\/script>\n<!-- \/ Yoast SEO Premium plugin. -->","yoast_head_json":{"title":"Elegibilidad de los campistas - Roundup River Ranch","description":"Encuentre el programa adecuado para su campista, ya sea en l\u00ednea o en persona. En cualquier caso, \u00a1todas las experiencias son gratuitas!","robots":{"index":"index","follow":"follow","max-snippet":"max-snippet:-1","max-image-preview":"max-image-preview:large","max-video-preview":"max-video-preview:-1"},"canonical":"https:\/\/roundupriverranch.org\/es\/camp-programs\/onsite-programs\/camper-eligibility\/","og_locale":"es_ES","og_type":"article","og_title":"Camper Eligibility","og_description":"Find the program that is right for your camper, whether that is online or in-person. Regardless, every experience is completely free!","og_url":"https:\/\/roundupriverranch.org\/es\/camp-programs\/onsite-programs\/camper-eligibility\/","og_site_name":"Roundup River Ranch","article_publisher":"https:\/\/www.facebook.com\/roundupriverranch\/","article_modified_time":"2026-04-06T20:49:04+00:00","twitter_card":"summary_large_image","twitter_misc":{"Tiempo de lectura":"3 minutos"},"schema":{"@context":"https:\/\/schema.org","@graph":[{"@type":"WebPage","@id":"https:\/\/roundupriverranch.org\/camp-programs\/onsite-programs\/camper-eligibility\/","url":"https:\/\/roundupriverranch.org\/camp-programs\/onsite-programs\/camper-eligibility\/","name":"Elegibilidad de los campistas - Roundup River Ranch","isPartOf":{"@id":"https:\/\/roundupriverranch.org\/#website"},"datePublished":"2025-12-08T16:58:18+00:00","dateModified":"2026-04-06T20:49:04+00:00","description":"Encuentre el programa adecuado para su campista, ya sea en l\u00ednea o en persona. En cualquier caso, \u00a1todas las experiencias son gratuitas!","breadcrumb":{"@id":"https:\/\/roundupriverranch.org\/camp-programs\/onsite-programs\/camper-eligibility\/#breadcrumb"},"inLanguage":"es","potentialAction":[{"@type":"ReadAction","target":["https:\/\/roundupriverranch.org\/camp-programs\/onsite-programs\/camper-eligibility\/"]}]},{"@type":"BreadcrumbList","@id":"https:\/\/roundupriverranch.org\/camp-programs\/onsite-programs\/camper-eligibility\/#breadcrumb","itemListElement":[{"@type":"ListItem","position":1,"name":"Home","item":"https:\/\/roundupriverranch.org\/"},{"@type":"ListItem","position":2,"name":"Camp Programs","item":"https:\/\/roundupriverranch.org\/camp-programs\/"},{"@type":"ListItem","position":3,"name":"Onsite Programs","item":"https:\/\/roundupriverranch.org\/camp-programs\/onsite-programs\/"},{"@type":"ListItem","position":4,"name":"Camper Eligibility"}]},{"@type":"WebSite","@id":"https:\/\/roundupriverranch.org\/#website","url":"https:\/\/roundupriverranch.org\/","name":"Rancho Roundup River","description":"","potentialAction":[{"@type":"SearchAction","target":{"@type":"EntryPoint","urlTemplate":"https:\/\/roundupriverranch.org\/?s={search_term_string}"},"query-input":{"@type":"PropertyValueSpecification","valueRequired":true,"valueName":"search_term_string"}}],"inLanguage":"es"}]}},"_links":{"self":[{"href":"https:\/\/roundupriverranch.org\/es\/wp-json\/wp\/v2\/pages\/671","targetHints":{"allow":["GET"]}}],"collection":[{"href":"https:\/\/roundupriverranch.org\/es\/wp-json\/wp\/v2\/pages"}],"about":[{"href":"https:\/\/roundupriverranch.org\/es\/wp-json\/wp\/v2\/types\/page"}],"author":[{"embeddable":true,"href":"https:\/\/roundupriverranch.org\/es\/wp-json\/wp\/v2\/users\/1"}],"replies":[{"embeddable":true,"href":"https:\/\/roundupriverranch.org\/es\/wp-json\/wp\/v2\/comments?post=671"}],"version-history":[{"count":32,"href":"https:\/\/roundupriverranch.org\/es\/wp-json\/wp\/v2\/pages\/671\/revisions"}],"predecessor-version":[{"id":13156,"href":"https:\/\/roundupriverranch.org\/es\/wp-json\/wp\/v2\/pages\/671\/revisions\/13156"}],"up":[{"embeddable":true,"href":"https:\/\/roundupriverranch.org\/es\/wp-json\/wp\/v2\/pages\/660"}],"wp:attachment":[{"href":"https:\/\/roundupriverranch.org\/es\/wp-json\/wp\/v2\/media?parent=671"}],"curies":[{"name":"wp","href":"https:\/\/api.w.org\/{rel}","templated":true}]}}