{"id":675,"date":"2025-12-08T16:59:44","date_gmt":"2025-12-08T16:59:44","guid":{"rendered":"https:\/\/roundupriverranch.org\/?page_id=675"},"modified":"2026-04-17T18:29:34","modified_gmt":"2026-04-17T18:29:34","slug":"howdy-hangouts","status":"publish","type":"page","link":"https:\/\/roundupriverranch.org\/es\/camp-programs\/outreach-programs\/howdy-hangouts\/","title":{"rendered":"Hangouts de Howdy"},"content":{"rendered":"<div class=\"defaultheaderblock\">\n    <div class=\"defaultheaderblockinner\">\n\n                    <div class=\"headerouter\">\n                <div class=\"headerimage\" style=\"background-image: url(https:\/\/roundupriverranch.org\/wp-content\/uploads\/2025\/12\/roundup-river-ranch-camp-howdyhangout-2000x460-1.jpg)\">\n                    <img decoding=\"async\" src=\"https:\/\/roundupriverranch.org\/wp-content\/uploads\/2025\/12\/roundup-river-ranch-camp-howdyhangout-2000x460-1.jpg\" alt=\"Family within a frame that says &amp;quot;wanted: a family having fun:\" \/>\n                <\/div>\n                <div class=\"mobileheaderimage\">\n                    <img decoding=\"async\" src=\"https:\/\/roundupriverranch.org\/wp-content\/uploads\/2025\/12\/roundup-river-ranch-camp-930x500-howdyhangout.jpg\" alt=\"Family within a frame that says &amp;quot;wanted: a family having fun:\" \/>\n                <\/div>\n            <\/div>\n        \n    <\/div>\n    <div class=\"defaultheadercurve\">\n        <img decoding=\"async\" src=\"https:\/\/roundupriverranch.org\/wp-content\/themes\/sage\/public\/build\/assets\/defaultheadercurve-Cez_Hkub.svg\" alt=\"\">\n    <\/div>\n<\/div>\n\n\n\n<h1 class=\"wp-block-heading has-text-align-center\" id=\"h-howdy-hangouts\">Hangouts de Howdy<\/h1>\n\n\n\n<p class=\"has-text-align-center\">Estos eventos especiales re\u00fanen a familias y voluntarios m\u00e1s all\u00e1 de nuestro campamento f\u00edsico. Ofrecen una oportunidad \u00fanica de experimentar el poder del campamento a trav\u00e9s de actividades atractivas, juegos y creaci\u00f3n de comunidad. Los Howdy Hangouts est\u00e1n abiertos a campistas diagnosticados de 5 a 17 a\u00f1os y a sus familias.<\/p>\n\n\n\n<div style=\"height:60px\" aria-hidden=\"true\" class=\"wp-block-spacer\"><\/div>\n\n\n\n<h3 class=\"wp-block-heading\" id=\"h-more-camp-love-year-round-programs\">M\u00e1s amor por los campamentos: programas para todo el a\u00f1o.<\/h3>\n\n\n\n<p>\u00danase a nosotros para un d\u00eda de campamento de diversi\u00f3n, conexi\u00f3n, y la alegr\u00eda - si usted es una familia que regresan campista o nuevo en la comunidad Roundup River Ranch. Estos eventos especiales Howdy Hangout reunir a las familias y voluntarios, ofreciendo una oportunidad \u00fanica para experimentar la magia del campamento a trav\u00e9s de actividades atractivas, juegos, y la construcci\u00f3n de la comunidad. Los eventos del programa est\u00e1n dise\u00f1ados para llevar la magia y la alegr\u00eda del campamento m\u00e1s all\u00e1 de nuestro campamento f\u00edsico, creando recuerdos duraderos y conexiones para todos los involucrados.<\/p>\n\n\n\n<p><em><strong>Y como todos los programas de Roundup River Ranch, \u00a1son 100% GRATIS!<\/strong><\/em><\/p>\n\n\n\n<div class=\"wp-block-buttons is-content-justification-center is-layout-flex wp-container-core-buttons-is-layout-16018d1d wp-block-buttons-is-layout-flex\">\n<div class=\"wp-block-button drkgreen-btn\"><a class=\"wp-block-button__link wp-element-button\" href=\"https:\/\/roundupriverranch.campmanagement.com\/p\/campers\/login_m.php\" target=\"_blank\" rel=\"btn noreferrer noopener\">Inscr\u00edbase hoy mismo<\/a><\/div>\n<\/div>\n\n\n\n<hr class=\"wp-block-separator has-alpha-channel-opacity\"\/>\n\n\n\n<h2 class=\"wp-block-heading\" id=\"h-upcoming-howdy-hangouts\"><strong>Pr\u00f3ximos Hangouts de Howdy:<\/strong><\/h2>\n\n\n\n<div style=\"height:10px\" aria-hidden=\"true\" class=\"wp-block-spacer\"><\/div>\n\n\n\n<p><\/p>\n\n\n\n<ul class=\"wp-block-list\">\n<li><strong>May 2:<\/strong> <strong>Mario Party Howdy Hangout (registration is now closed)<\/strong><\/li>\n\n\n\n<li><strong>Sept. 9<\/strong>: <strong>Howdy Hangout at Children&#8217;s Hospital Colorado<\/strong><\/li>\n<\/ul>\n\n\n\n<div style=\"height:19px;width:0px\" aria-hidden=\"true\" class=\"wp-block-spacer\"><\/div>\n\n\n\n<hr class=\"wp-block-separator has-alpha-channel-opacity\"\/>\n\n\n\n<p><strong>En anteriores Howdy Hangouts han participado:<\/strong><\/p>\n\n\n\n<ul class=\"wp-block-list\">\n<li>Partido Denver Nuggets<\/li>\n\n\n\n<li>Roundup sobre hielo<\/li>\n\n\n\n<li>Festival de oto\u00f1o en los Jardines Bot\u00e1nicos de Denver Chatfield Farms<\/li>\n\n\n\n<li>Luces del zoo de Denver<\/li>\n\n\n\n<li>Excursi\u00f3n Miau Lobo<\/li>\n\n\n\n<li>Diversi\u00f3n familiar en Boondocks<\/li>\n\n\n\n<li>La mejor experiencia de golf<\/li>\n\n\n\n<li>Entradas B\u00e9isbol Colorado Rocky<\/li>\n\n\n\n<li>Fiesta de Oto\u00f1o del Jard\u00edn Bot\u00e1nico de Denver<\/li>\n\n\n\n<li>Centro Ol\u00edmpico de Entrenamiento de Colorado<\/li>\n\n\n\n<li><em>Y mucho m\u00e1s.<\/em><\/li>\n<\/ul>\n\n\n\n<p>Gracias a todos los socios que han hecho posible estos eventos.<\/p>\n\n\n\n<hr class=\"wp-block-separator has-alpha-channel-opacity\"\/>\n\n\n\n<p>\u00bfTiene alguna pregunta sobre c\u00f3mo inscribir a su familia? P\u00f3ngase en contacto con nuestro equipo de admisiones de campistas en&nbsp;<a href=\"mailto:camper@roundupriverranch.org\">camper@roundupriverranch.org<\/a>&nbsp;o 970-524-5713.<br><\/p>\n\n\n\n<div style=\"height:100px\" aria-hidden=\"true\" class=\"wp-block-spacer\"><\/div>","protected":false},"excerpt":{"rendered":"<p>Howdy Hangouts These special events bring together families and volunteers beyond our physical campsite. They offer a unique opportunity to experience the Power of Camp &hellip; <a href=\"https:\/\/roundupriverranch.org\/es\/camp-programs\/outreach-programs\/howdy-hangouts\/\">Contin\u00faa<\/a><\/p>","protected":false},"author":1,"featured_media":0,"parent":662,"menu_order":0,"comment_status":"closed","ping_status":"open","template":"template-secondary.blade.php","meta":{"_acf_changed":false,"footnotes":""},"class_list":["post-675","page","type-page","status-publish","hentry"],"acf":[],"yoast_head":"<!-- This site is optimized with the Yoast SEO Premium plugin v26.9 (Yoast SEO v27.4) - https:\/\/yoast.com\/product\/yoast-seo-premium-wordpress\/ -->\n<title>Howdy Hangouts - Roundup River Ranch<\/title>\n<meta name=\"description\" content=\"Reconnect with friends, try new experiences and have extraordinary fun together!\" \/>\n<meta name=\"robots\" content=\"index, follow, max-snippet:-1, max-image-preview:large, max-video-preview:-1\" \/>\n<link rel=\"canonical\" href=\"https:\/\/roundupriverranch.org\/es\/camp-programs\/outreach-programs\/howdy-hangouts\/\" \/>\n<meta property=\"og:locale\" content=\"es_ES\" \/>\n<meta property=\"og:type\" content=\"article\" \/>\n<meta property=\"og:title\" content=\"Howdy Hangouts\" \/>\n<meta property=\"og:description\" content=\"Reconnect with friends, try new experiences and have extraordinary fun together!\" \/>\n<meta property=\"og:url\" content=\"https:\/\/roundupriverranch.org\/es\/camp-programs\/outreach-programs\/howdy-hangouts\/\" \/>\n<meta property=\"og:site_name\" content=\"Roundup River Ranch\" \/>\n<meta property=\"article:publisher\" content=\"https:\/\/www.facebook.com\/roundupriverranch\/\" \/>\n<meta property=\"article:modified_time\" content=\"2026-04-17T18:29:34+00:00\" \/>\n<meta name=\"twitter:card\" content=\"summary_large_image\" \/>\n<meta name=\"twitter:label1\" content=\"Tiempo de lectura\" \/>\n\t<meta name=\"twitter:data1\" content=\"2 minutos\" \/>\n<script type=\"application\/ld+json\" class=\"yoast-schema-graph\">{\"@context\":\"https:\\\/\\\/schema.org\",\"@graph\":[{\"@type\":\"WebPage\",\"@id\":\"https:\\\/\\\/roundupriverranch.org\\\/camp-programs\\\/outreach-programs\\\/howdy-hangouts\\\/\",\"url\":\"https:\\\/\\\/roundupriverranch.org\\\/camp-programs\\\/outreach-programs\\\/howdy-hangouts\\\/\",\"name\":\"Howdy Hangouts - Roundup River Ranch\",\"isPartOf\":{\"@id\":\"https:\\\/\\\/roundupriverranch.org\\\/#website\"},\"datePublished\":\"2025-12-08T16:59:44+00:00\",\"dateModified\":\"2026-04-17T18:29:34+00:00\",\"description\":\"Reconnect with friends, try new experiences and have extraordinary fun together!\",\"breadcrumb\":{\"@id\":\"https:\\\/\\\/roundupriverranch.org\\\/camp-programs\\\/outreach-programs\\\/howdy-hangouts\\\/#breadcrumb\"},\"inLanguage\":\"es\",\"potentialAction\":[{\"@type\":\"ReadAction\",\"target\":[\"https:\\\/\\\/roundupriverranch.org\\\/camp-programs\\\/outreach-programs\\\/howdy-hangouts\\\/\"]}]},{\"@type\":\"BreadcrumbList\",\"@id\":\"https:\\\/\\\/roundupriverranch.org\\\/camp-programs\\\/outreach-programs\\\/howdy-hangouts\\\/#breadcrumb\",\"itemListElement\":[{\"@type\":\"ListItem\",\"position\":1,\"name\":\"Home\",\"item\":\"https:\\\/\\\/roundupriverranch.org\\\/\"},{\"@type\":\"ListItem\",\"position\":2,\"name\":\"Camp Programs\",\"item\":\"https:\\\/\\\/roundupriverranch.org\\\/camp-programs\\\/\"},{\"@type\":\"ListItem\",\"position\":3,\"name\":\"Outreach Programs\",\"item\":\"https:\\\/\\\/roundupriverranch.org\\\/camp-programs\\\/outreach-programs\\\/\"},{\"@type\":\"ListItem\",\"position\":4,\"name\":\"Howdy Hangouts\"}]},{\"@type\":\"WebSite\",\"@id\":\"https:\\\/\\\/roundupriverranch.org\\\/#website\",\"url\":\"https:\\\/\\\/roundupriverranch.org\\\/\",\"name\":\"Roundup River Ranch\",\"description\":\"\",\"potentialAction\":[{\"@type\":\"SearchAction\",\"target\":{\"@type\":\"EntryPoint\",\"urlTemplate\":\"https:\\\/\\\/roundupriverranch.org\\\/?s={search_term_string}\"},\"query-input\":{\"@type\":\"PropertyValueSpecification\",\"valueRequired\":true,\"valueName\":\"search_term_string\"}}],\"inLanguage\":\"es\"}]}<\/script>\n<!-- \/ Yoast SEO Premium plugin. -->","yoast_head_json":{"title":"Howdy Hangouts - Roundup River Ranch","description":"Reconnect with friends, try new experiences and have extraordinary fun together!","robots":{"index":"index","follow":"follow","max-snippet":"max-snippet:-1","max-image-preview":"max-image-preview:large","max-video-preview":"max-video-preview:-1"},"canonical":"https:\/\/roundupriverranch.org\/es\/camp-programs\/outreach-programs\/howdy-hangouts\/","og_locale":"es_ES","og_type":"article","og_title":"Howdy Hangouts","og_description":"Reconnect with friends, try new experiences and have extraordinary fun together!","og_url":"https:\/\/roundupriverranch.org\/es\/camp-programs\/outreach-programs\/howdy-hangouts\/","og_site_name":"Roundup River Ranch","article_publisher":"https:\/\/www.facebook.com\/roundupriverranch\/","article_modified_time":"2026-04-17T18:29:34+00:00","twitter_card":"summary_large_image","twitter_misc":{"Tiempo de lectura":"2 minutos"},"schema":{"@context":"https:\/\/schema.org","@graph":[{"@type":"WebPage","@id":"https:\/\/roundupriverranch.org\/camp-programs\/outreach-programs\/howdy-hangouts\/","url":"https:\/\/roundupriverranch.org\/camp-programs\/outreach-programs\/howdy-hangouts\/","name":"Howdy Hangouts - Roundup River Ranch","isPartOf":{"@id":"https:\/\/roundupriverranch.org\/#website"},"datePublished":"2025-12-08T16:59:44+00:00","dateModified":"2026-04-17T18:29:34+00:00","description":"Reconnect with friends, try new experiences and have extraordinary fun together!","breadcrumb":{"@id":"https:\/\/roundupriverranch.org\/camp-programs\/outreach-programs\/howdy-hangouts\/#breadcrumb"},"inLanguage":"es","potentialAction":[{"@type":"ReadAction","target":["https:\/\/roundupriverranch.org\/camp-programs\/outreach-programs\/howdy-hangouts\/"]}]},{"@type":"BreadcrumbList","@id":"https:\/\/roundupriverranch.org\/camp-programs\/outreach-programs\/howdy-hangouts\/#breadcrumb","itemListElement":[{"@type":"ListItem","position":1,"name":"Home","item":"https:\/\/roundupriverranch.org\/"},{"@type":"ListItem","position":2,"name":"Camp Programs","item":"https:\/\/roundupriverranch.org\/camp-programs\/"},{"@type":"ListItem","position":3,"name":"Outreach Programs","item":"https:\/\/roundupriverranch.org\/camp-programs\/outreach-programs\/"},{"@type":"ListItem","position":4,"name":"Howdy Hangouts"}]},{"@type":"WebSite","@id":"https:\/\/roundupriverranch.org\/#website","url":"https:\/\/roundupriverranch.org\/","name":"Rancho Roundup River","description":"","potentialAction":[{"@type":"SearchAction","target":{"@type":"EntryPoint","urlTemplate":"https:\/\/roundupriverranch.org\/?s={search_term_string}"},"query-input":{"@type":"PropertyValueSpecification","valueRequired":true,"valueName":"search_term_string"}}],"inLanguage":"es"}]}},"_links":{"self":[{"href":"https:\/\/roundupriverranch.org\/es\/wp-json\/wp\/v2\/pages\/675","targetHints":{"allow":["GET"]}}],"collection":[{"href":"https:\/\/roundupriverranch.org\/es\/wp-json\/wp\/v2\/pages"}],"about":[{"href":"https:\/\/roundupriverranch.org\/es\/wp-json\/wp\/v2\/types\/page"}],"author":[{"embeddable":true,"href":"https:\/\/roundupriverranch.org\/es\/wp-json\/wp\/v2\/users\/1"}],"replies":[{"embeddable":true,"href":"https:\/\/roundupriverranch.org\/es\/wp-json\/wp\/v2\/comments?post=675"}],"version-history":[{"count":24,"href":"https:\/\/roundupriverranch.org\/es\/wp-json\/wp\/v2\/pages\/675\/revisions"}],"predecessor-version":[{"id":13238,"href":"https:\/\/roundupriverranch.org\/es\/wp-json\/wp\/v2\/pages\/675\/revisions\/13238"}],"up":[{"embeddable":true,"href":"https:\/\/roundupriverranch.org\/es\/wp-json\/wp\/v2\/pages\/662"}],"wp:attachment":[{"href":"https:\/\/roundupriverranch.org\/es\/wp-json\/wp\/v2\/media?parent=675"}],"curies":[{"name":"wp","href":"https:\/\/api.w.org\/{rel}","templated":true}]}}