{"id":677,"date":"2025-12-08T17:00:28","date_gmt":"2025-12-08T17:00:28","guid":{"rendered":"https:\/\/roundupriverranch.org\/?page_id=677"},"modified":"2026-03-25T18:36:51","modified_gmt":"2026-03-25T18:36:51","slug":"camp-online","status":"publish","type":"page","link":"https:\/\/roundupriverranch.org\/es\/camp-programs\/outreach-programs\/camp-online\/","title":{"rendered":"Campamento en l\u00ednea"},"content":{"rendered":"<div class=\"defaultheaderblock\">\n    <div class=\"defaultheaderblockinner\">\n\n                    <div class=\"headerouter\">\n                <div class=\"headerimage\" style=\"background-image: url(https:\/\/roundupriverranch.org\/wp-content\/uploads\/2025\/12\/roundup-river-ranch-camp-2000x4602-online.jpg)\">\n                    <img decoding=\"async\" src=\"https:\/\/roundupriverranch.org\/wp-content\/uploads\/2025\/12\/roundup-river-ranch-camp-2000x4602-online.jpg\" alt=\"camper participating on camp online\" \/>\n                <\/div>\n                <div class=\"mobileheaderimage\">\n                    <img decoding=\"async\" src=\"https:\/\/roundupriverranch.org\/wp-content\/uploads\/2025\/12\/roundup-river-ranch-camp-930x500-online.jpg\" alt=\"camper participating on camp online\" \/>\n                <\/div>\n            <\/div>\n        \n    <\/div>\n    <div class=\"defaultheadercurve\">\n        <img decoding=\"async\" src=\"https:\/\/roundupriverranch.org\/wp-content\/themes\/sage\/public\/build\/assets\/defaultheadercurve-Cez_Hkub.svg\" alt=\"\">\n    <\/div>\n<\/div>\n\n\n\n<h1 class=\"wp-block-heading has-text-align-center\" id=\"h-camp-online\">Campamento en l\u00ednea<\/h1>\n\n\n\n<p class=\"has-text-align-center\">Camp Online es una experiencia de campamento interactiva y atractiva que combina todo lo que nos gusta del campamento tradicional en un formato en l\u00ednea. Esto incluye actividades divertidas, modelos adultos positivos y la posibilidad de que los ni\u00f1os conozcan a otros ni\u00f1os incre\u00edbles con trayectorias vitales similares a trav\u00e9s de programas seguros y significativos. Los programas de Campamento Online est\u00e1n abiertos a campistas de 7 a 17 a\u00f1os con cualquier diagn\u00f3stico m\u00e9dico y a sus hermanos.<\/p>\n\n\n\n<p class=\"has-text-align-center\">Todos nuestros programas de campamento son totalmente&nbsp;<em><strong>\u00a1gratis!<\/strong>&nbsp;<\/em><\/p>\n\n\n\n<h2 class=\"wp-block-heading\" id=\"h-camp-club-online\">Camp Club Online<\/h2>\n\n\n\n<p>El Camp Club Online es un programa mensual que ofrece actividades tem\u00e1ticas para los campistas diagnosticados y sus hermanos. Cada sesi\u00f3n dura una hora y se celebra una vez a la semana durante todo el mes. Los campistas explorar\u00e1n actividades divertidas y creativas que fomentan la imaginaci\u00f3n, crean amistades y proporcionan toneladas de alegr\u00eda. Tanto si est\u00e1s haciendo algo incre\u00edble como si te enfrentas a un reto emocionante, te conectar\u00e1s con otros campistas, explorar\u00e1s nuevas ideas y experimentar\u00e1s la magia del campamento, todo desde la comodidad de tu casa. Nuestros incre\u00edbles voluntarios en l\u00ednea te guiar\u00e1n en cada actividad, asegur\u00e1ndote una experiencia divertida de principio a fin. Club Online atiende a campistas de 7 a 12 a\u00f1os con un diagn\u00f3stico atendido en Roundup River Ranch, junto con sus hermanos, independientemente de la participaci\u00f3n en persona.<\/p>\n\n\n<div class=\"wp-block-tableberg-wrapper wp-block-tableberg-table\" >\n\t\t\t<div class=\"tableberg-table-wrapper\" style=\"\">\n\t\t\t\t<table class = \"has-inner-border\" style=\"border-spacing: 0 0; --tableberg-inner-border-top: none; --tableberg-inner-border-right: 1px solid #000000; --tableberg-inner-border-bottom: 1px solid #000000; --tableberg-inner-border-left: none; --tableberg-inner-border-top-first: 1px solid #000000; --tableberg-inner-border-left-first: 1px solid #000000; \" data-tableberg-header=\"\" data-tableberg-footer=\"\"  ><colgroup><col style=\"\"\/><col style=\"\"\/><\/colgroup><tbody><tr class=\"tableberg-odd-row\" style=\"\">\n<td data-tableberg-row=\"0\" data-tableberg-col=\"0\" style=\"\" class=\"wp-block-tableberg-cell tableberg-v-align-center\"><div class=\"tableberg-cell-inner\" style=\"display: block; justify-content: center; flex-wrap: wrap; \">\n<p><strong>Febrero<\/strong><br><\/p>\n\n\n\n<p>Martes: 10, 17, 24<\/p>\n\n\n\n<p><\/p>\n\n\n\n<p>7-8PM MT<\/p>\n<\/div><\/td>\n\n<td data-tableberg-row=\"0\" data-tableberg-col=\"1\" style=\"\" class=\"wp-block-tableberg-cell tableberg-v-align-center\"><div class=\"tableberg-cell-inner\" style=\"display: block; justify-content: center; flex-wrap: wrap; \">\n<p><strong>Club Love Yo Self<\/strong><\/p>\n\n\n\n<p>\u00a1Tercer club anual del amor propio! Un a\u00f1o m\u00e1s, este club sigue construyendo una comunidad de amigos que aprenden formas estupendas no s\u00f3lo de quererse y cuidarse a s\u00ed mismos, sino tambi\u00e9n a los que nos rodean.<\/p>\n\n\n\n<p><strong>La inscripci\u00f3n ya est\u00e1 cerrada.<\/strong><\/p>\n<\/div><\/td>\n<\/tr><tr class=\"tableberg-even-row\" style=\"\">\n<td data-tableberg-row=\"1\" data-tableberg-col=\"0\" style=\"\" class=\"wp-block-tableberg-cell tableberg-v-align-center\"><div class=\"tableberg-cell-inner\" style=\"display: block; justify-content: center; flex-wrap: wrap; \">\n<p><strong>Marzo<\/strong><br><\/p>\n\n\n\n<p>Mi\u00e9rcoles: 11, 18, 25<\/p>\n\n\n\n<p><\/p>\n\n\n\n<p>7-8PM MT<\/p>\n<\/div><\/td>\n\n<td data-tableberg-row=\"1\" data-tableberg-col=\"1\" style=\"\" class=\"wp-block-tableberg-cell tableberg-v-align-center\"><div class=\"tableberg-cell-inner\" style=\"display: block; justify-content: center; flex-wrap: wrap; \">\n<p><strong>Puzzle Party Club<\/strong><\/p>\n\n\n\n<p>\u00bfTe gusta desvelar misterios y resolver enigmas? Juntos, cada semana trabajaremos para crear, resolver y explorar diferentes tipos de rompecabezas. \u00danete a nosotros, \u00a1en l\u00ednea para poner a prueba nuestros cerebros creativos!<\/p>\n\n\n\n<p><strong><strong>La inscripci\u00f3n ya est\u00e1 cerrada.<\/strong><\/strong><\/p>\n<\/div><\/td>\n<\/tr><tr class=\"tableberg-odd-row\" style=\"\">\n<td data-tableberg-row=\"2\" data-tableberg-col=\"0\" style=\"\" class=\"wp-block-tableberg-cell tableberg-v-align-center\"><div class=\"tableberg-cell-inner\" style=\"display: block; justify-content: center; flex-wrap: wrap; \">\n<p><strong>Abril<\/strong><br><\/p>\n\n\n\n<p>Jueves 9 de abril<sup>th<\/sup>, 16<sup>th<\/sup>, 23<sup>rd<\/sup><\/p>\n\n\n\n<p><\/p>\n\n\n\n<p>7-8PM MT<\/p>\n<\/div><\/td>\n\n<td data-tableberg-row=\"2\" data-tableberg-col=\"1\" style=\"\" class=\"wp-block-tableberg-cell tableberg-v-align-center\"><div class=\"tableberg-cell-inner\" style=\"display: block; justify-content: center; flex-wrap: wrap; \">\n<p><strong>Club Todos los d\u00edas son el D\u00eda de la Tierra<\/strong><\/p>\n\n\n\n<p>Si te llaman los animales, las rocas y las maravillas naturales de nuestro mundo, \u00a1\u00fanete al club en l\u00ednea de este mes! Exploraremos la belleza del aire libre, desde geodas a bichos reptantes, pasando por vastos paisajes incre\u00edbles.<\/p>\n\n\n\n<p><strong><strong><strong>La inscripci\u00f3n ya est\u00e1 cerrada.<\/strong><\/strong><\/strong><\/p>\n\n\n\n<p><\/p>\n<\/div><\/td>\n<\/tr><\/tbody><\/table>\n\t\t\t<\/div>\n\t\t<\/div>\n\n\n<div class=\"wp-block-buttons is-layout-flex wp-block-buttons-is-layout-flex\">\n<div class=\"wp-block-button drkgreen-btn\"><a class=\"wp-block-button__link wp-element-button\" href=\"https:\/\/roundupriverranch.campmanagement.com\/p\/campers\/login_m.php\" target=\"_blank\" rel=\"noreferrer noopener\">REG\u00cdSTRESE AHORA<\/a><\/div>\n<\/div>\n\n\n\n<hr class=\"wp-block-separator has-alpha-channel-opacity\"\/>\n\n\n\n<h2 class=\"wp-block-heading\" id=\"h-teen-club-online\">Club de adolescentes en l\u00ednea<\/h2>\n\n\n\n<p>Teen Club Online es lo \u00faltimo en campamentos en l\u00ednea para adolescentes de 13 a 17 a\u00f1os. Sum\u00e9rgete en un divertido viaje donde la creatividad, el ocio y la independencia se dan la mano. En Teen Club Online, explorar\u00e1s actividades emocionantes, desarrollar\u00e1s nuevas habilidades para la vida a trav\u00e9s de retos interactivos y conectar\u00e1s con compa\u00f1eros que comparten intereses similares. Este programa est\u00e1 dise\u00f1ado para despertar la creatividad, fomentar la confianza y, lo que es m\u00e1s importante, proporcionar mucha alegr\u00eda. Si te gustan los juegos, el arte, la m\u00fasica o la aventura, hay algo para todos. El Club de Adolescentes ofrece actividades atractivas que mejoran las habilidades para la vida, al tiempo que crean experiencias alegres e inspiradoras.&nbsp;<em>Los campistas de 13 a 17 a\u00f1os con un diagn\u00f3stico atendido en Roundup River Ranch, junto con sus hermanos, son bienvenidos, independientemente de su participaci\u00f3n en persona.<\/em><\/p>\n\n\n<div class=\"wp-block-tableberg-wrapper wp-block-tableberg-table\" >\n\t\t\t<div class=\"tableberg-table-wrapper\" style=\"\">\n\t\t\t\t<table class = \"has-inner-border\" style=\"border-spacing: 0 0; --tableberg-inner-border-top: none; --tableberg-inner-border-right: 1px solid #000000; --tableberg-inner-border-bottom: 1px solid #000000; --tableberg-inner-border-left: none; --tableberg-inner-border-top-first: 1px solid #000000; --tableberg-inner-border-left-first: 1px solid #000000; \" data-tableberg-header=\"\" data-tableberg-footer=\"\"  ><colgroup><col style=\"\"\/><col style=\"\"\/><\/colgroup><tbody><tr class=\"tableberg-odd-row\" style=\"\">\n<td data-tableberg-row=\"0\" data-tableberg-col=\"0\" style=\"\" class=\"wp-block-tableberg-cell tableberg-v-align-center\"><div class=\"tableberg-cell-inner\" style=\"display: block; justify-content: center; flex-wrap: wrap; \">\n<p><strong>Febrero<\/strong><br><\/p>\n\n\n\n<p>Martes: 10, 17, 24<\/p>\n\n\n\n<p><\/p>\n\n\n\n<p>7-8PM MT<\/p>\n<\/div><\/td>\n\n<td data-tableberg-row=\"0\" data-tableberg-col=\"1\" style=\"\" class=\"wp-block-tableberg-cell tableberg-v-align-center\"><div class=\"tableberg-cell-inner\" style=\"display: block; justify-content: center; flex-wrap: wrap; \">\n<p><strong>Club Love Yo Self<\/strong><\/p>\n\n\n\n<p>\u00a1Tercer club anual del amor propio! Un a\u00f1o m\u00e1s, este club sigue construyendo una comunidad de amigos que aprenden formas estupendas no s\u00f3lo de quererse y cuidarse a s\u00ed mismos, sino tambi\u00e9n a los que nos rodean.<\/p>\n\n\n\n<p><strong><strong><strong><strong>La inscripci\u00f3n ya est\u00e1 cerrada.<\/strong><\/strong><\/strong><\/strong><\/p>\n\n\n\n<p><\/p>\n<\/div><\/td>\n<\/tr><tr class=\"tableberg-even-row\" style=\"\">\n<td data-tableberg-row=\"1\" data-tableberg-col=\"0\" style=\"\" class=\"wp-block-tableberg-cell tableberg-v-align-center\"><div class=\"tableberg-cell-inner\" style=\"display: block; justify-content: center; flex-wrap: wrap; \">\n<p><strong>Marzo<\/strong><br><\/p>\n\n\n\n<p>Mi\u00e9rcoles: 11, 18, 25<\/p>\n\n\n\n<p><\/p>\n\n\n\n<p>7-8PM MT<\/p>\n<\/div><\/td>\n\n<td data-tableberg-row=\"1\" data-tableberg-col=\"1\" style=\"\" class=\"wp-block-tableberg-cell tableberg-v-align-center\"><div class=\"tableberg-cell-inner\" style=\"display: block; justify-content: center; flex-wrap: wrap; \">\n<p><strong>Puzzle Party Club<\/strong><\/p>\n\n\n\n<p>\u00bfTe gusta desvelar misterios y resolver enigmas? Juntos, cada semana trabajaremos para crear, resolver y explorar diferentes tipos de rompecabezas. \u00danete a nosotros, \u00a1en l\u00ednea para poner a prueba nuestros cerebros creativos!<\/p>\n\n\n\n<p><strong><strong>La inscripci\u00f3n ya est\u00e1 cerrada.<\/strong><\/strong><\/p>\n<\/div><\/td>\n<\/tr><tr class=\"tableberg-odd-row\" style=\"\">\n<td data-tableberg-row=\"2\" data-tableberg-col=\"0\" style=\"\" class=\"wp-block-tableberg-cell tableberg-v-align-center\"><div class=\"tableberg-cell-inner\" style=\"display: block; justify-content: center; flex-wrap: wrap; \">\n<p><strong>Abril<\/strong><br><\/p>\n\n\n\n<p>Jueves 9 de abril<sup>th<\/sup>, 16<sup>th<\/sup>, 23<sup>rd<\/sup><\/p>\n\n\n\n<p><\/p>\n\n\n\n<p>7-8PM MT<\/p>\n<\/div><\/td>\n\n<td data-tableberg-row=\"2\" data-tableberg-col=\"1\" style=\"\" class=\"wp-block-tableberg-cell tableberg-v-align-center\"><div class=\"tableberg-cell-inner\" style=\"display: block; justify-content: center; flex-wrap: wrap; \">\n<p><strong>Club Todos los d\u00edas son el D\u00eda de la Tierra<\/strong><\/p>\n\n\n\n<p>Si te llaman los animales, las rocas y las maravillas naturales de nuestro mundo, \u00a1\u00fanete al club en l\u00ednea de este mes! Exploraremos la belleza del aire libre, desde geodas a bichos reptantes, pasando por vastos paisajes incre\u00edbles.<\/p>\n\n\n\n<p><strong><strong><strong>La inscripci\u00f3n ya est\u00e1 cerrada.<\/strong><\/strong><\/strong><\/p>\n<\/div><\/td>\n<\/tr><\/tbody><\/table>\n\t\t\t<\/div>\n\t\t<\/div>\n\n\n<div class=\"wp-block-buttons is-layout-flex wp-block-buttons-is-layout-flex\">\n<div class=\"wp-block-button drkgreen-btn\"><a class=\"wp-block-button__link wp-element-button\" href=\"https:\/\/roundupriverranch.campmanagement.com\/p\/campers\/login_m.php\" target=\"_blank\" rel=\"noreferrer noopener\">REG\u00cdSTRESE AHORA<\/a><\/div>\n<\/div>\n\n\n\n<div style=\"height:60px\" aria-hidden=\"true\" class=\"wp-block-spacer\"><\/div>","protected":false},"excerpt":{"rendered":"<p>Camp Online Camp Online es una experiencia de campamento interactiva y atractiva que combina todo lo que nos gusta del campamento tradicional en un formato online. ... <a href=\"https:\/\/roundupriverranch.org\/es\/camp-programs\/outreach-programs\/camp-online\/\">Contin\u00faa<\/a><\/p>","protected":false},"author":1,"featured_media":0,"parent":662,"menu_order":0,"comment_status":"closed","ping_status":"open","template":"template-secondary.blade.php","meta":{"_acf_changed":false,"footnotes":""},"class_list":["post-677","page","type-page","status-publish","hentry"],"acf":[],"yoast_head":"<!-- This site is optimized with the Yoast SEO Premium plugin v26.9 (Yoast SEO v27.4) - https:\/\/yoast.com\/product\/yoast-seo-premium-wordpress\/ -->\n<title>Camp Online - Roundup River Ranch<\/title>\n<meta name=\"robots\" content=\"index, follow, max-snippet:-1, max-image-preview:large, max-video-preview:-1\" \/>\n<link rel=\"canonical\" href=\"https:\/\/roundupriverranch.org\/es\/camp-programs\/outreach-programs\/camp-online\/\" \/>\n<meta property=\"og:locale\" content=\"es_ES\" \/>\n<meta property=\"og:type\" content=\"article\" \/>\n<meta property=\"og:title\" content=\"Camp Online\" \/>\n<meta property=\"og:description\" content=\"Camp Online Camp Online is an interactive and engaging camp experience that combines all the things we love about traditional camp into an online format. &hellip; Continued\" \/>\n<meta property=\"og:url\" content=\"https:\/\/roundupriverranch.org\/es\/camp-programs\/outreach-programs\/camp-online\/\" \/>\n<meta property=\"og:site_name\" content=\"Roundup River Ranch\" \/>\n<meta property=\"article:publisher\" content=\"https:\/\/www.facebook.com\/roundupriverranch\/\" \/>\n<meta property=\"article:modified_time\" content=\"2026-03-25T18:36:51+00:00\" \/>\n<meta name=\"twitter:card\" content=\"summary_large_image\" \/>\n<meta name=\"twitter:label1\" content=\"Tiempo de lectura\" \/>\n\t<meta name=\"twitter:data1\" content=\"3 minutos\" \/>\n<script type=\"application\/ld+json\" class=\"yoast-schema-graph\">{\"@context\":\"https:\\\/\\\/schema.org\",\"@graph\":[{\"@type\":\"WebPage\",\"@id\":\"https:\\\/\\\/roundupriverranch.org\\\/camp-programs\\\/outreach-programs\\\/camp-online\\\/\",\"url\":\"https:\\\/\\\/roundupriverranch.org\\\/camp-programs\\\/outreach-programs\\\/camp-online\\\/\",\"name\":\"Camp Online - Roundup River Ranch\",\"isPartOf\":{\"@id\":\"https:\\\/\\\/roundupriverranch.org\\\/#website\"},\"datePublished\":\"2025-12-08T17:00:28+00:00\",\"dateModified\":\"2026-03-25T18:36:51+00:00\",\"breadcrumb\":{\"@id\":\"https:\\\/\\\/roundupriverranch.org\\\/camp-programs\\\/outreach-programs\\\/camp-online\\\/#breadcrumb\"},\"inLanguage\":\"es\",\"potentialAction\":[{\"@type\":\"ReadAction\",\"target\":[\"https:\\\/\\\/roundupriverranch.org\\\/camp-programs\\\/outreach-programs\\\/camp-online\\\/\"]}]},{\"@type\":\"BreadcrumbList\",\"@id\":\"https:\\\/\\\/roundupriverranch.org\\\/camp-programs\\\/outreach-programs\\\/camp-online\\\/#breadcrumb\",\"itemListElement\":[{\"@type\":\"ListItem\",\"position\":1,\"name\":\"Home\",\"item\":\"https:\\\/\\\/roundupriverranch.org\\\/\"},{\"@type\":\"ListItem\",\"position\":2,\"name\":\"Camp Programs\",\"item\":\"https:\\\/\\\/roundupriverranch.org\\\/camp-programs\\\/\"},{\"@type\":\"ListItem\",\"position\":3,\"name\":\"Outreach Programs\",\"item\":\"https:\\\/\\\/roundupriverranch.org\\\/camp-programs\\\/outreach-programs\\\/\"},{\"@type\":\"ListItem\",\"position\":4,\"name\":\"Camp Online\"}]},{\"@type\":\"WebSite\",\"@id\":\"https:\\\/\\\/roundupriverranch.org\\\/#website\",\"url\":\"https:\\\/\\\/roundupriverranch.org\\\/\",\"name\":\"Roundup River Ranch\",\"description\":\"\",\"potentialAction\":[{\"@type\":\"SearchAction\",\"target\":{\"@type\":\"EntryPoint\",\"urlTemplate\":\"https:\\\/\\\/roundupriverranch.org\\\/?s={search_term_string}\"},\"query-input\":{\"@type\":\"PropertyValueSpecification\",\"valueRequired\":true,\"valueName\":\"search_term_string\"}}],\"inLanguage\":\"es\"}]}<\/script>\n<!-- \/ Yoast SEO Premium plugin. -->","yoast_head_json":{"title":"Campamento en l\u00ednea - Roundup River Ranch","robots":{"index":"index","follow":"follow","max-snippet":"max-snippet:-1","max-image-preview":"max-image-preview:large","max-video-preview":"max-video-preview:-1"},"canonical":"https:\/\/roundupriverranch.org\/es\/camp-programs\/outreach-programs\/camp-online\/","og_locale":"es_ES","og_type":"article","og_title":"Camp Online","og_description":"Camp Online Camp Online is an interactive and engaging camp experience that combines all the things we love about traditional camp into an online format. &hellip; Continued","og_url":"https:\/\/roundupriverranch.org\/es\/camp-programs\/outreach-programs\/camp-online\/","og_site_name":"Roundup River Ranch","article_publisher":"https:\/\/www.facebook.com\/roundupriverranch\/","article_modified_time":"2026-03-25T18:36:51+00:00","twitter_card":"summary_large_image","twitter_misc":{"Tiempo de lectura":"3 minutos"},"schema":{"@context":"https:\/\/schema.org","@graph":[{"@type":"WebPage","@id":"https:\/\/roundupriverranch.org\/camp-programs\/outreach-programs\/camp-online\/","url":"https:\/\/roundupriverranch.org\/camp-programs\/outreach-programs\/camp-online\/","name":"Campamento en l\u00ednea - Roundup River Ranch","isPartOf":{"@id":"https:\/\/roundupriverranch.org\/#website"},"datePublished":"2025-12-08T17:00:28+00:00","dateModified":"2026-03-25T18:36:51+00:00","breadcrumb":{"@id":"https:\/\/roundupriverranch.org\/camp-programs\/outreach-programs\/camp-online\/#breadcrumb"},"inLanguage":"es","potentialAction":[{"@type":"ReadAction","target":["https:\/\/roundupriverranch.org\/camp-programs\/outreach-programs\/camp-online\/"]}]},{"@type":"BreadcrumbList","@id":"https:\/\/roundupriverranch.org\/camp-programs\/outreach-programs\/camp-online\/#breadcrumb","itemListElement":[{"@type":"ListItem","position":1,"name":"Home","item":"https:\/\/roundupriverranch.org\/"},{"@type":"ListItem","position":2,"name":"Camp Programs","item":"https:\/\/roundupriverranch.org\/camp-programs\/"},{"@type":"ListItem","position":3,"name":"Outreach Programs","item":"https:\/\/roundupriverranch.org\/camp-programs\/outreach-programs\/"},{"@type":"ListItem","position":4,"name":"Camp Online"}]},{"@type":"WebSite","@id":"https:\/\/roundupriverranch.org\/#website","url":"https:\/\/roundupriverranch.org\/","name":"Rancho Roundup River","description":"","potentialAction":[{"@type":"SearchAction","target":{"@type":"EntryPoint","urlTemplate":"https:\/\/roundupriverranch.org\/?s={search_term_string}"},"query-input":{"@type":"PropertyValueSpecification","valueRequired":true,"valueName":"search_term_string"}}],"inLanguage":"es"}]}},"_links":{"self":[{"href":"https:\/\/roundupriverranch.org\/es\/wp-json\/wp\/v2\/pages\/677","targetHints":{"allow":["GET"]}}],"collection":[{"href":"https:\/\/roundupriverranch.org\/es\/wp-json\/wp\/v2\/pages"}],"about":[{"href":"https:\/\/roundupriverranch.org\/es\/wp-json\/wp\/v2\/types\/page"}],"author":[{"embeddable":true,"href":"https:\/\/roundupriverranch.org\/es\/wp-json\/wp\/v2\/users\/1"}],"replies":[{"embeddable":true,"href":"https:\/\/roundupriverranch.org\/es\/wp-json\/wp\/v2\/comments?post=677"}],"version-history":[{"count":16,"href":"https:\/\/roundupriverranch.org\/es\/wp-json\/wp\/v2\/pages\/677\/revisions"}],"predecessor-version":[{"id":13063,"href":"https:\/\/roundupriverranch.org\/es\/wp-json\/wp\/v2\/pages\/677\/revisions\/13063"}],"up":[{"embeddable":true,"href":"https:\/\/roundupriverranch.org\/es\/wp-json\/wp\/v2\/pages\/662"}],"wp:attachment":[{"href":"https:\/\/roundupriverranch.org\/es\/wp-json\/wp\/v2\/media?parent=677"}],"curies":[{"name":"wp","href":"https:\/\/api.w.org\/{rel}","templated":true}]}}