{"id":679,"date":"2025-12-08T17:01:26","date_gmt":"2025-12-08T17:01:26","guid":{"rendered":"https:\/\/roundupriverranch.org\/?page_id=679"},"modified":"2026-02-23T16:29:48","modified_gmt":"2026-02-23T16:29:48","slug":"joy-delivered","status":"publish","type":"page","link":"https:\/\/roundupriverranch.org\/es\/camp-programs\/outreach-programs\/joy-delivered\/","title":{"rendered":"Alegr\u00eda, Entregada"},"content":{"rendered":"<div class=\"defaultheaderblock\">\n    <div class=\"defaultheaderblockinner\">\n\n                    <div class=\"headerouter\">\n                <div class=\"headerimage\" style=\"background-image: url(https:\/\/roundupriverranch.org\/wp-content\/uploads\/2025\/12\/roundup-river-ranch-camp-2000x460-joydelivered.jpg)\">\n                    <img decoding=\"async\" src=\"https:\/\/roundupriverranch.org\/wp-content\/uploads\/2025\/12\/roundup-river-ranch-camp-2000x460-joydelivered.jpg\" alt=\"campers painting at home using their Joy, Delivered boxes\" \/>\n                <\/div>\n                <div class=\"mobileheaderimage\">\n                    <img decoding=\"async\" src=\"https:\/\/roundupriverranch.org\/wp-content\/uploads\/2025\/12\/roundup-river-ranch-camp-930x500-joydelivered.jpg\" alt=\"campers painting at home using their Joy, Delivered boxes\" \/>\n                <\/div>\n            <\/div>\n        \n    <\/div>\n    <div class=\"defaultheadercurve\">\n        <img decoding=\"async\" src=\"https:\/\/roundupriverranch.org\/wp-content\/themes\/sage\/public\/build\/assets\/defaultheadercurve-Cez_Hkub.svg\" alt=\"\">\n    <\/div>\n<\/div>\n\n\n\n<h1 class=\"wp-block-heading has-text-align-center\" id=\"h-joy-delivered\">Alegr\u00eda, Entregada<\/h1>\n\n\n\n<p class=\"has-text-align-center\">Joy, Delivered es una experiencia de campamento fuera de lo com\u00fan que apoya e involucra a los ni\u00f1os en actividades divertidas entregadas directamente en casa o en entornos hospitalarios. Incluyen suministros, instrucciones y actividades para experimentar la alegr\u00eda del campamento. Los campistas deben tener entre 7 y 17 a\u00f1os y tradicionalmente califican para Roundup Roundup River Ranch. \u00a1Aseg\u00farese de registrarse cada trimestre para su entrega!<\/p>\n\n\n\n<hr class=\"wp-block-separator has-alpha-channel-opacity\"\/>\n\n\n\n<h3 class=\"wp-block-heading\" id=\"h-an-amazing-out-of-the-box-camp-experience-delivered-straight-to-your-doorstep\">Una experiencia de acampada fuera de lo com\u00fan, \u00a1directamente a la puerta de su casa!<\/h3>\n\n\n\n<p>Joy, Delivered es un&nbsp;<strong><em>gratis<\/em><\/strong>&nbsp;experiencia de campamento que apoya e involucra a los ni\u00f1os en actividades divertidas que inspiran la creatividad, la compasi\u00f3n, la resiliencia, el trabajo en equipo y el juego. La magia y la alegr\u00eda del campamento se entregar\u00e1n con todos los suministros, instrucciones y actividades necesarias para experimentar la alegr\u00eda del campamento junto con su familia.<\/p>\n\n\n\n<div class=\"wp-block-buttons is-layout-flex wp-block-buttons-is-layout-flex\">\n<div class=\"wp-block-button drkgreen-btn\"><a class=\"wp-block-button__link wp-element-button\" href=\"https:\/\/roundupriverranch.campmanagement.com\/p\/campers\/login_m.php\" target=\"_blank\" rel=\"noreferrer noopener\">Inscr\u00edbete hoy<\/a><\/div>\n<\/div>\n\n\n\n<div style=\"height:25px\" aria-hidden=\"true\" class=\"wp-block-spacer\"><\/div>\n\n\n\n<h4 class=\"wp-block-heading\" id=\"h-you-must-register-each-quarter\"><em><strong>Debe inscribirse cada trimestre.<\/strong><\/em><\/h4>\n\n\n\n<ul class=\"wp-block-list\">\n<li><strong>3 de noviembre de 2025:<\/strong>\u00a0Winter Joy, Delivered Registration Opens <\/li>\n\n\n\n<li><strong>16 de enero de 2026:<\/strong>&nbsp;Winter Joy, Delivered Se cierra el plazo de inscripci\u00f3n<\/li>\n\n\n\n<li><strong>9 de febrero de 2026:<\/strong>\u00a0Spring Joy, Delivered opens (OPEN NOW!)<\/li>\n\n\n\n<li><strong>17 de abril de 2026:<\/strong>\u00a0Spring Joy, Delivered closes<\/li>\n\n\n\n<li><strong>11 de mayo de 2026:<\/strong>\u00a0Summer Joy, Delivered opens<\/li>\n\n\n\n<li><strong>20 de julio de 2026:<\/strong>\u00a0Summer Joy, Delivered closes<\/li>\n\n\n\n<li><strong>17 de agosto de 2026:<\/strong>\u00a0Fall Joy, Delivered opens<\/li>\n\n\n\n<li><strong>16 de octubre de 2026:<\/strong>\u00a0Fall Joy, Delivered closes<\/li>\n<\/ul>\n\n\n\n<hr class=\"wp-block-separator has-alpha-channel-opacity\"\/>\n\n\n\n<h2 class=\"wp-block-heading\" id=\"h-what-does-joy-delivered-include\"><strong>\u00bfQu\u00e9 incluye Joy, Delivered?<\/strong><\/h2>\n\n\n\n<p>Cada familia que se suscriba a Joy, Delivered recibir\u00e1 hasta cuatro entregas estacionales a lo largo del a\u00f1o.  Cada entrega ser\u00e1 diferente: algunas son grandes cajas llenas de actividades para explorar y otras son sobres con actividades que te ayudar\u00e1n a repartir alegr\u00eda a los dem\u00e1s.<\/p>\n\n\n\n<p>Todas las actividades pueden realizarse de forma independiente o con familiares y amigos.  Ejemplos de actividades<\/p>\n\n\n\n<ul class=\"wp-block-list\">\n<li>Proyectos art\u00edsticos<\/li>\n\n\n\n<li>\u201dTarjetas de actividades \u201dMu\u00e9vete, mu\u00e9vete<\/li>\n\n\n\n<li>Actividades STEM<\/li>\n\n\n\n<li>Chistes y adivinanzas divertidas<\/li>\n\n\n\n<li>Manualidades creativas<\/li>\n\n\n\n<li>Juegos y actividades de campamento<\/li>\n\n\n\n<li>...\u00a1y mucho m\u00e1s!<\/li>\n<\/ul>\n\n\n\n<p><strong>\u00bfCu\u00e1nto cuesta?<\/strong><br>Todos los programas del Roundup River Ranch son completamente GRATUITOS para los ni\u00f1os con enfermedades graves y sus familias.<\/p>\n\n\n\n<p><strong>\u00bfQui\u00e9n puede optar a Joy, Delivered?<\/strong><br>Los campistas deben tener entre 7 y 17 a\u00f1os y cumplir los requisitos tradicionales para participar en el Roundup River Ranch. Para obtener m\u00e1s informaci\u00f3n acerca de las calificaciones,&nbsp;<a href=\"https:\/\/roundupriverranch.org\/es\/campers\/camper-eligibility\/\">pulse aqu\u00ed<\/a><\/p>\n\n\n\n<p><strong>\u00bfPreguntas?<br><\/strong>P\u00f3ngase en contacto con nuestro equipo de divulgaci\u00f3n en&nbsp;<a href=\"mailto:outreach@roundupriverranch.org\">outreach@roundupriverranch.org<\/a>!<\/p>\n\n\n\n<hr class=\"wp-block-separator has-alpha-channel-opacity\"\/>\n\n\n\n\n\n<div style=\"height:100px\" aria-hidden=\"true\" class=\"wp-block-spacer\"><\/div>","protected":false},"excerpt":{"rendered":"<p>Joy, Delivered Joy, Delivered es una experiencia de campamento fuera de lo com\u00fan que apoya e involucra a los ni\u00f1os en actividades divertidas entregadas directamente en casa o en entornos hospitalarios. ... <a href=\"https:\/\/roundupriverranch.org\/es\/camp-programs\/outreach-programs\/joy-delivered\/\">Contin\u00faa<\/a><\/p>","protected":false},"author":1,"featured_media":0,"parent":662,"menu_order":0,"comment_status":"closed","ping_status":"open","template":"template-secondary.blade.php","meta":{"_acf_changed":false,"footnotes":""},"class_list":["post-679","page","type-page","status-publish","hentry"],"acf":[],"yoast_head":"<!-- This site is optimized with the Yoast SEO Premium plugin v26.9 (Yoast SEO v27.4) - https:\/\/yoast.com\/product\/yoast-seo-premium-wordpress\/ -->\n<title>Joy, Delivered | Summer Camp at Home | Learning Activities<\/title>\n<meta name=\"description\" content=\"SeriousFun Camps\u2014founded by Paul Newman\u2014are a global community of independent camps and programs for children of life-altering medical diagnoses. Learn more about our relationship with the SeriousFun Children\u2019s Network here.\" \/>\n<meta name=\"robots\" content=\"index, follow, max-snippet:-1, max-image-preview:large, max-video-preview:-1\" \/>\n<link rel=\"canonical\" href=\"https:\/\/roundupriverranch.org\/es\/camp-programs\/outreach-programs\/joy-delivered\/\" \/>\n<meta property=\"og:locale\" content=\"es_ES\" \/>\n<meta property=\"og:type\" content=\"article\" \/>\n<meta property=\"og:title\" content=\"Joy, Delivered\" \/>\n<meta property=\"og:description\" content=\"SeriousFun Camps\u2014founded by Paul Newman\u2014are a global community of independent camps and programs for children of life-altering medical diagnoses. Learn more about our relationship with the SeriousFun Children\u2019s Network here.\" \/>\n<meta property=\"og:url\" content=\"https:\/\/roundupriverranch.org\/es\/camp-programs\/outreach-programs\/joy-delivered\/\" \/>\n<meta property=\"og:site_name\" content=\"Roundup River Ranch\" \/>\n<meta property=\"article:publisher\" content=\"https:\/\/www.facebook.com\/roundupriverranch\/\" \/>\n<meta property=\"article:modified_time\" content=\"2026-02-23T16:29:48+00:00\" \/>\n<meta name=\"twitter:card\" content=\"summary_large_image\" \/>\n<meta name=\"twitter:label1\" content=\"Tiempo de lectura\" \/>\n\t<meta name=\"twitter:data1\" content=\"2 minutos\" \/>\n<script type=\"application\/ld+json\" class=\"yoast-schema-graph\">{\"@context\":\"https:\\\/\\\/schema.org\",\"@graph\":[{\"@type\":\"WebPage\",\"@id\":\"https:\\\/\\\/roundupriverranch.org\\\/camp-programs\\\/outreach-programs\\\/joy-delivered\\\/\",\"url\":\"https:\\\/\\\/roundupriverranch.org\\\/camp-programs\\\/outreach-programs\\\/joy-delivered\\\/\",\"name\":\"Joy, Delivered | Summer Camp at Home | Learning Activities\",\"isPartOf\":{\"@id\":\"https:\\\/\\\/roundupriverranch.org\\\/#website\"},\"datePublished\":\"2025-12-08T17:01:26+00:00\",\"dateModified\":\"2026-02-23T16:29:48+00:00\",\"description\":\"SeriousFun Camps\u2014founded by Paul Newman\u2014are a global community of independent camps and programs for children of life-altering medical diagnoses. Learn more about our relationship with the SeriousFun Children\u2019s Network here.\",\"breadcrumb\":{\"@id\":\"https:\\\/\\\/roundupriverranch.org\\\/camp-programs\\\/outreach-programs\\\/joy-delivered\\\/#breadcrumb\"},\"inLanguage\":\"es\",\"potentialAction\":[{\"@type\":\"ReadAction\",\"target\":[\"https:\\\/\\\/roundupriverranch.org\\\/camp-programs\\\/outreach-programs\\\/joy-delivered\\\/\"]}]},{\"@type\":\"BreadcrumbList\",\"@id\":\"https:\\\/\\\/roundupriverranch.org\\\/camp-programs\\\/outreach-programs\\\/joy-delivered\\\/#breadcrumb\",\"itemListElement\":[{\"@type\":\"ListItem\",\"position\":1,\"name\":\"Home\",\"item\":\"https:\\\/\\\/roundupriverranch.org\\\/\"},{\"@type\":\"ListItem\",\"position\":2,\"name\":\"Camp Programs\",\"item\":\"https:\\\/\\\/roundupriverranch.org\\\/camp-programs\\\/\"},{\"@type\":\"ListItem\",\"position\":3,\"name\":\"Outreach Programs\",\"item\":\"https:\\\/\\\/roundupriverranch.org\\\/camp-programs\\\/outreach-programs\\\/\"},{\"@type\":\"ListItem\",\"position\":4,\"name\":\"Joy, Delivered\"}]},{\"@type\":\"WebSite\",\"@id\":\"https:\\\/\\\/roundupriverranch.org\\\/#website\",\"url\":\"https:\\\/\\\/roundupriverranch.org\\\/\",\"name\":\"Roundup River Ranch\",\"description\":\"\",\"potentialAction\":[{\"@type\":\"SearchAction\",\"target\":{\"@type\":\"EntryPoint\",\"urlTemplate\":\"https:\\\/\\\/roundupriverranch.org\\\/?s={search_term_string}\"},\"query-input\":{\"@type\":\"PropertyValueSpecification\",\"valueRequired\":true,\"valueName\":\"search_term_string\"}}],\"inLanguage\":\"es\"}]}<\/script>\n<!-- \/ Yoast SEO Premium plugin. -->","yoast_head_json":{"title":"Alegr\u00eda, entregada | Campamento de verano en casa | Actividades de aprendizaje","description":"Los campamentos SeriousFun -fundados por Paul Newman- son una comunidad global de campamentos y programas independientes para ni\u00f1os con diagn\u00f3sticos m\u00e9dicos que alteran su vida. M\u00e1s informaci\u00f3n sobre nuestra relaci\u00f3n con SeriousFun Children's Network aqu\u00ed.","robots":{"index":"index","follow":"follow","max-snippet":"max-snippet:-1","max-image-preview":"max-image-preview:large","max-video-preview":"max-video-preview:-1"},"canonical":"https:\/\/roundupriverranch.org\/es\/camp-programs\/outreach-programs\/joy-delivered\/","og_locale":"es_ES","og_type":"article","og_title":"Joy, Delivered","og_description":"SeriousFun Camps\u2014founded by Paul Newman\u2014are a global community of independent camps and programs for children of life-altering medical diagnoses. Learn more about our relationship with the SeriousFun Children\u2019s Network here.","og_url":"https:\/\/roundupriverranch.org\/es\/camp-programs\/outreach-programs\/joy-delivered\/","og_site_name":"Roundup River Ranch","article_publisher":"https:\/\/www.facebook.com\/roundupriverranch\/","article_modified_time":"2026-02-23T16:29:48+00:00","twitter_card":"summary_large_image","twitter_misc":{"Tiempo de lectura":"2 minutos"},"schema":{"@context":"https:\/\/schema.org","@graph":[{"@type":"WebPage","@id":"https:\/\/roundupriverranch.org\/camp-programs\/outreach-programs\/joy-delivered\/","url":"https:\/\/roundupriverranch.org\/camp-programs\/outreach-programs\/joy-delivered\/","name":"Alegr\u00eda, entregada | Campamento de verano en casa | Actividades de aprendizaje","isPartOf":{"@id":"https:\/\/roundupriverranch.org\/#website"},"datePublished":"2025-12-08T17:01:26+00:00","dateModified":"2026-02-23T16:29:48+00:00","description":"Los campamentos SeriousFun -fundados por Paul Newman- son una comunidad global de campamentos y programas independientes para ni\u00f1os con diagn\u00f3sticos m\u00e9dicos que alteran su vida. M\u00e1s informaci\u00f3n sobre nuestra relaci\u00f3n con SeriousFun Children's Network aqu\u00ed.","breadcrumb":{"@id":"https:\/\/roundupriverranch.org\/camp-programs\/outreach-programs\/joy-delivered\/#breadcrumb"},"inLanguage":"es","potentialAction":[{"@type":"ReadAction","target":["https:\/\/roundupriverranch.org\/camp-programs\/outreach-programs\/joy-delivered\/"]}]},{"@type":"BreadcrumbList","@id":"https:\/\/roundupriverranch.org\/camp-programs\/outreach-programs\/joy-delivered\/#breadcrumb","itemListElement":[{"@type":"ListItem","position":1,"name":"Home","item":"https:\/\/roundupriverranch.org\/"},{"@type":"ListItem","position":2,"name":"Camp Programs","item":"https:\/\/roundupriverranch.org\/camp-programs\/"},{"@type":"ListItem","position":3,"name":"Outreach Programs","item":"https:\/\/roundupriverranch.org\/camp-programs\/outreach-programs\/"},{"@type":"ListItem","position":4,"name":"Joy, Delivered"}]},{"@type":"WebSite","@id":"https:\/\/roundupriverranch.org\/#website","url":"https:\/\/roundupriverranch.org\/","name":"Rancho Roundup River","description":"","potentialAction":[{"@type":"SearchAction","target":{"@type":"EntryPoint","urlTemplate":"https:\/\/roundupriverranch.org\/?s={search_term_string}"},"query-input":{"@type":"PropertyValueSpecification","valueRequired":true,"valueName":"search_term_string"}}],"inLanguage":"es"}]}},"_links":{"self":[{"href":"https:\/\/roundupriverranch.org\/es\/wp-json\/wp\/v2\/pages\/679","targetHints":{"allow":["GET"]}}],"collection":[{"href":"https:\/\/roundupriverranch.org\/es\/wp-json\/wp\/v2\/pages"}],"about":[{"href":"https:\/\/roundupriverranch.org\/es\/wp-json\/wp\/v2\/types\/page"}],"author":[{"embeddable":true,"href":"https:\/\/roundupriverranch.org\/es\/wp-json\/wp\/v2\/users\/1"}],"replies":[{"embeddable":true,"href":"https:\/\/roundupriverranch.org\/es\/wp-json\/wp\/v2\/comments?post=679"}],"version-history":[{"count":15,"href":"https:\/\/roundupriverranch.org\/es\/wp-json\/wp\/v2\/pages\/679\/revisions"}],"predecessor-version":[{"id":12570,"href":"https:\/\/roundupriverranch.org\/es\/wp-json\/wp\/v2\/pages\/679\/revisions\/12570"}],"up":[{"embeddable":true,"href":"https:\/\/roundupriverranch.org\/es\/wp-json\/wp\/v2\/pages\/662"}],"wp:attachment":[{"href":"https:\/\/roundupriverranch.org\/es\/wp-json\/wp\/v2\/media?parent=679"}],"curies":[{"name":"wp","href":"https:\/\/api.w.org\/{rel}","templated":true}]}}