{"id":681,"date":"2025-12-08T17:02:36","date_gmt":"2025-12-08T17:02:36","guid":{"rendered":"https:\/\/roundupriverranch.org\/?page_id=681"},"modified":"2025-12-17T08:35:13","modified_gmt":"2025-12-17T08:35:13","slug":"camp-in-your-community","status":"publish","type":"page","link":"https:\/\/roundupriverranch.org\/es\/camp-programs\/outreach-programs\/camp-in-your-community\/","title":{"rendered":"Acampa en tu comunidad"},"content":{"rendered":"<div class=\"defaultheaderblock\">\n    <div class=\"defaultheaderblockinner\">\n\n                    <div class=\"headerouter\">\n                <div class=\"headerimage\" style=\"background-image: url(https:\/\/roundupriverranch.org\/wp-content\/uploads\/2025\/12\/roundup-river-ranch-camp-events-2000x460-community.jpg)\">\n                    <img decoding=\"async\" src=\"https:\/\/roundupriverranch.org\/wp-content\/uploads\/2025\/12\/roundup-river-ranch-camp-events-2000x460-community.jpg\" alt=\"camper having fun in the water and bubbbles holding a rope\" \/>\n                <\/div>\n                <div class=\"mobileheaderimage\">\n                    <img decoding=\"async\" src=\"https:\/\/roundupriverranch.org\/wp-content\/uploads\/2025\/12\/roundup-river-ranch-camp-930x500-commuhnity.jpg\" alt=\"camper having fun in the water and bubbbles holding a rope\" \/>\n                <\/div>\n            <\/div>\n        \n    <\/div>\n    <div class=\"defaultheadercurve\">\n        <img decoding=\"async\" src=\"https:\/\/roundupriverranch.org\/wp-content\/themes\/sage\/public\/build\/assets\/defaultheadercurve-Cez_Hkub.svg\" alt=\"\">\n    <\/div>\n<\/div>\n\n\n\n<h1 class=\"wp-block-heading has-text-align-center\" id=\"h-camp-in-your-community\">Acampa en tu comunidad<\/h1>\n\n\n\n<p class=\"has-text-align-center\">El programa Campamento en tu comunidad es una iniciativa de asociaci\u00f3n comunitaria que proporciona cajas de actividades de campamento y recursos adicionales a organizaciones como Children's Hospital, Morgridge Academy, Ronald McDonald House-Denver, Brent's Place, Hope Kids y otras. Este programa lleva la diversi\u00f3n y el esp\u00edritu del campamento a familias que tradicionalmente no pueden optar a los programas de campamento in situ u online de Roundup River Ranch. A trav\u00e9s de <em>Acampa en tu comunidad<\/em>, Nuestro objetivo es ampliar nuestro alcance y ofrecer experiencias de campamento a las familias en diversos entornos, fomentando la alegr\u00eda, la conexi\u00f3n y el apoyo. Si est\u00e1 interesado en llevar el Campamento en su comunidad a su zona, env\u00ede un correo electr\u00f3nico a nuestro equipo de divulgaci\u00f3n a <a href=\"mailto:outreach@roundupriverranch.org\">outreach@roundupriverranch.org<\/a>!<\/p>\n\n\n\n<div style=\"height:100px\" aria-hidden=\"true\" class=\"wp-block-spacer\"><\/div>","protected":false},"excerpt":{"rendered":"<p>Campamento en tu comunidad El programa Campamento en tu comunidad es una iniciativa de asociaci\u00f3n comunitaria que proporciona cajas de actividades de campamento y recursos adicionales a organizaciones ... <a href=\"https:\/\/roundupriverranch.org\/es\/camp-programs\/outreach-programs\/camp-in-your-community\/\">Contin\u00faa<\/a><\/p>","protected":false},"author":1,"featured_media":0,"parent":662,"menu_order":0,"comment_status":"closed","ping_status":"open","template":"template-secondary.blade.php","meta":{"_acf_changed":false,"footnotes":""},"class_list":["post-681","page","type-page","status-publish","hentry"],"acf":[],"yoast_head":"<!-- This site is optimized with the Yoast SEO Premium plugin v26.9 (Yoast SEO v27.4) - https:\/\/yoast.com\/product\/yoast-seo-premium-wordpress\/ -->\n<title>Camp In Your Community - Roundup River Ranch<\/title>\n<meta name=\"robots\" content=\"index, follow, max-snippet:-1, max-image-preview:large, max-video-preview:-1\" \/>\n<link rel=\"canonical\" href=\"https:\/\/roundupriverranch.org\/es\/camp-programs\/outreach-programs\/camp-in-your-community\/\" \/>\n<meta property=\"og:locale\" content=\"es_ES\" \/>\n<meta property=\"og:type\" content=\"article\" \/>\n<meta property=\"og:title\" content=\"Camp In Your Community\" \/>\n<meta property=\"og:description\" content=\"Camp In Your Community The Camp in Your Community program is a community partnership initiative that provides camp activity boxes and additional resources to organizations &hellip; Continued\" \/>\n<meta property=\"og:url\" content=\"https:\/\/roundupriverranch.org\/es\/camp-programs\/outreach-programs\/camp-in-your-community\/\" \/>\n<meta property=\"og:site_name\" content=\"Roundup River Ranch\" \/>\n<meta property=\"article:publisher\" content=\"https:\/\/www.facebook.com\/roundupriverranch\/\" \/>\n<meta property=\"article:modified_time\" content=\"2025-12-17T08:35:13+00:00\" \/>\n<meta name=\"twitter:card\" content=\"summary_large_image\" \/>\n<meta name=\"twitter:label1\" content=\"Tiempo de lectura\" \/>\n\t<meta name=\"twitter:data1\" content=\"1 minuto\" \/>\n<script type=\"application\/ld+json\" class=\"yoast-schema-graph\">{\"@context\":\"https:\\\/\\\/schema.org\",\"@graph\":[{\"@type\":\"WebPage\",\"@id\":\"https:\\\/\\\/roundupriverranch.org\\\/camp-programs\\\/outreach-programs\\\/camp-in-your-community\\\/\",\"url\":\"https:\\\/\\\/roundupriverranch.org\\\/camp-programs\\\/outreach-programs\\\/camp-in-your-community\\\/\",\"name\":\"Camp In Your Community - Roundup River Ranch\",\"isPartOf\":{\"@id\":\"https:\\\/\\\/roundupriverranch.org\\\/#website\"},\"datePublished\":\"2025-12-08T17:02:36+00:00\",\"dateModified\":\"2025-12-17T08:35:13+00:00\",\"breadcrumb\":{\"@id\":\"https:\\\/\\\/roundupriverranch.org\\\/camp-programs\\\/outreach-programs\\\/camp-in-your-community\\\/#breadcrumb\"},\"inLanguage\":\"es\",\"potentialAction\":[{\"@type\":\"ReadAction\",\"target\":[\"https:\\\/\\\/roundupriverranch.org\\\/camp-programs\\\/outreach-programs\\\/camp-in-your-community\\\/\"]}]},{\"@type\":\"BreadcrumbList\",\"@id\":\"https:\\\/\\\/roundupriverranch.org\\\/camp-programs\\\/outreach-programs\\\/camp-in-your-community\\\/#breadcrumb\",\"itemListElement\":[{\"@type\":\"ListItem\",\"position\":1,\"name\":\"Home\",\"item\":\"https:\\\/\\\/roundupriverranch.org\\\/\"},{\"@type\":\"ListItem\",\"position\":2,\"name\":\"Camp Programs\",\"item\":\"https:\\\/\\\/roundupriverranch.org\\\/camp-programs\\\/\"},{\"@type\":\"ListItem\",\"position\":3,\"name\":\"Outreach Programs\",\"item\":\"https:\\\/\\\/roundupriverranch.org\\\/camp-programs\\\/outreach-programs\\\/\"},{\"@type\":\"ListItem\",\"position\":4,\"name\":\"Camp In Your Community\"}]},{\"@type\":\"WebSite\",\"@id\":\"https:\\\/\\\/roundupriverranch.org\\\/#website\",\"url\":\"https:\\\/\\\/roundupriverranch.org\\\/\",\"name\":\"Roundup River Ranch\",\"description\":\"\",\"potentialAction\":[{\"@type\":\"SearchAction\",\"target\":{\"@type\":\"EntryPoint\",\"urlTemplate\":\"https:\\\/\\\/roundupriverranch.org\\\/?s={search_term_string}\"},\"query-input\":{\"@type\":\"PropertyValueSpecification\",\"valueRequired\":true,\"valueName\":\"search_term_string\"}}],\"inLanguage\":\"es\"}]}<\/script>\n<!-- \/ Yoast SEO Premium plugin. -->","yoast_head_json":{"title":"Acampa en tu comunidad - Roundup River Ranch","robots":{"index":"index","follow":"follow","max-snippet":"max-snippet:-1","max-image-preview":"max-image-preview:large","max-video-preview":"max-video-preview:-1"},"canonical":"https:\/\/roundupriverranch.org\/es\/camp-programs\/outreach-programs\/camp-in-your-community\/","og_locale":"es_ES","og_type":"article","og_title":"Camp In Your Community","og_description":"Camp In Your Community The Camp in Your Community program is a community partnership initiative that provides camp activity boxes and additional resources to organizations &hellip; Continued","og_url":"https:\/\/roundupriverranch.org\/es\/camp-programs\/outreach-programs\/camp-in-your-community\/","og_site_name":"Roundup River Ranch","article_publisher":"https:\/\/www.facebook.com\/roundupriverranch\/","article_modified_time":"2025-12-17T08:35:13+00:00","twitter_card":"summary_large_image","twitter_misc":{"Tiempo de lectura":"1 minuto"},"schema":{"@context":"https:\/\/schema.org","@graph":[{"@type":"WebPage","@id":"https:\/\/roundupriverranch.org\/camp-programs\/outreach-programs\/camp-in-your-community\/","url":"https:\/\/roundupriverranch.org\/camp-programs\/outreach-programs\/camp-in-your-community\/","name":"Acampa en tu comunidad - Roundup River Ranch","isPartOf":{"@id":"https:\/\/roundupriverranch.org\/#website"},"datePublished":"2025-12-08T17:02:36+00:00","dateModified":"2025-12-17T08:35:13+00:00","breadcrumb":{"@id":"https:\/\/roundupriverranch.org\/camp-programs\/outreach-programs\/camp-in-your-community\/#breadcrumb"},"inLanguage":"es","potentialAction":[{"@type":"ReadAction","target":["https:\/\/roundupriverranch.org\/camp-programs\/outreach-programs\/camp-in-your-community\/"]}]},{"@type":"BreadcrumbList","@id":"https:\/\/roundupriverranch.org\/camp-programs\/outreach-programs\/camp-in-your-community\/#breadcrumb","itemListElement":[{"@type":"ListItem","position":1,"name":"Home","item":"https:\/\/roundupriverranch.org\/"},{"@type":"ListItem","position":2,"name":"Camp Programs","item":"https:\/\/roundupriverranch.org\/camp-programs\/"},{"@type":"ListItem","position":3,"name":"Outreach Programs","item":"https:\/\/roundupriverranch.org\/camp-programs\/outreach-programs\/"},{"@type":"ListItem","position":4,"name":"Camp In Your Community"}]},{"@type":"WebSite","@id":"https:\/\/roundupriverranch.org\/#website","url":"https:\/\/roundupriverranch.org\/","name":"Rancho Roundup River","description":"","potentialAction":[{"@type":"SearchAction","target":{"@type":"EntryPoint","urlTemplate":"https:\/\/roundupriverranch.org\/?s={search_term_string}"},"query-input":{"@type":"PropertyValueSpecification","valueRequired":true,"valueName":"search_term_string"}}],"inLanguage":"es"}]}},"_links":{"self":[{"href":"https:\/\/roundupriverranch.org\/es\/wp-json\/wp\/v2\/pages\/681","targetHints":{"allow":["GET"]}}],"collection":[{"href":"https:\/\/roundupriverranch.org\/es\/wp-json\/wp\/v2\/pages"}],"about":[{"href":"https:\/\/roundupriverranch.org\/es\/wp-json\/wp\/v2\/types\/page"}],"author":[{"embeddable":true,"href":"https:\/\/roundupriverranch.org\/es\/wp-json\/wp\/v2\/users\/1"}],"replies":[{"embeddable":true,"href":"https:\/\/roundupriverranch.org\/es\/wp-json\/wp\/v2\/comments?post=681"}],"version-history":[{"count":4,"href":"https:\/\/roundupriverranch.org\/es\/wp-json\/wp\/v2\/pages\/681\/revisions"}],"predecessor-version":[{"id":11074,"href":"https:\/\/roundupriverranch.org\/es\/wp-json\/wp\/v2\/pages\/681\/revisions\/11074"}],"up":[{"embeddable":true,"href":"https:\/\/roundupriverranch.org\/es\/wp-json\/wp\/v2\/pages\/662"}],"wp:attachment":[{"href":"https:\/\/roundupriverranch.org\/es\/wp-json\/wp\/v2\/media?parent=681"}],"curies":[{"name":"wp","href":"https:\/\/api.w.org\/{rel}","templated":true}]}}