{"id":683,"date":"2025-12-08T17:03:33","date_gmt":"2025-12-08T17:03:33","guid":{"rendered":"https:\/\/roundupriverranch.org\/?page_id=683"},"modified":"2026-01-03T19:01:45","modified_gmt":"2026-01-03T19:01:45","slug":"hospital-outreach","status":"publish","type":"page","link":"https:\/\/roundupriverranch.org\/es\/camp-programs\/outreach-programs\/hospital-outreach\/","title":{"rendered":"Extensi\u00f3n hospitalaria"},"content":{"rendered":"<div class=\"defaultheaderblock\">\n    <div class=\"defaultheaderblockinner\">\n\n                    <div class=\"headerouter\">\n                <div class=\"headerimage\" style=\"background-image: url(https:\/\/roundupriverranch.org\/wp-content\/uploads\/2025\/12\/roundup-river-ranch-camp-2000x460-seacrest-studio.jpg)\">\n                    <img decoding=\"async\" src=\"https:\/\/roundupriverranch.org\/wp-content\/uploads\/2025\/12\/roundup-river-ranch-camp-2000x460-seacrest-studio.jpg\" alt=\"Campers at Seacrest Studios acting as superheroes.\" \/>\n                <\/div>\n                <div class=\"mobileheaderimage\">\n                    <img decoding=\"async\" src=\"https:\/\/roundupriverranch.org\/wp-content\/uploads\/2025\/12\/roundup-river-ranch-camp-930x500-Seacrest-studio.jpg\" alt=\"Campers at Seacrest Studios acting as superheroes.\" \/>\n                <\/div>\n            <\/div>\n        \n    <\/div>\n    <div class=\"defaultheadercurve\">\n        <img decoding=\"async\" src=\"https:\/\/roundupriverranch.org\/wp-content\/themes\/sage\/public\/build\/assets\/defaultheadercurve-Cez_Hkub.svg\" alt=\"\">\n    <\/div>\n<\/div>\n\n\n\n<h1 class=\"wp-block-heading has-text-align-center\" id=\"h-hospital-outreach\">Extensi\u00f3n hospitalaria<\/h1>\n\n\n\n<p class=\"has-text-align-center\">Roundup River Ranch colabora con Seacrest Studios en el Children's Hospital Colorado para ofrecer un programa mensual de divulgaci\u00f3n que lleva la alegr\u00eda del campamento a los pacientes. El programa transmite actividades y juegos interactivos directamente a las habitaciones de los pacientes, lo que permite a los ni\u00f1os participar en directo o cuando les convenga. Cada paciente recibe un kit de campamento que incluye materiales para proyectos divertidos, como la creaci\u00f3n de capas de superh\u00e9roes, art\u00edculos tie-dye, bolas de cuentos, pulseras de la amistad y mucho m\u00e1s. El objetivo de esta iniciativa es difundir la alegr\u00eda de los campamentos y, al mismo tiempo, dar a conocer el Roundup River Ranch, fomentando las relaciones comunitarias en el \u00e1rea metropolitana de Denver.<\/p>\n\n\n\n<p class=\"has-text-align-center\"><\/p>\n\n\n\n<div style=\"height:100px\" aria-hidden=\"true\" class=\"wp-block-spacer\"><\/div>","protected":false},"excerpt":{"rendered":"<p>Hospital Outreach Roundup River Ranch partners with Seacrest Studios at Children\u2019s Hospital Colorado to deliver a monthly Outreach Program that brings the joy of camp &hellip; <a href=\"https:\/\/roundupriverranch.org\/es\/camp-programs\/outreach-programs\/hospital-outreach\/\">Contin\u00faa<\/a><\/p>","protected":false},"author":1,"featured_media":0,"parent":662,"menu_order":0,"comment_status":"closed","ping_status":"open","template":"template-secondary.blade.php","meta":{"_acf_changed":false,"footnotes":""},"class_list":["post-683","page","type-page","status-publish","hentry"],"acf":[],"yoast_head":"<!-- This site is optimized with the Yoast SEO Premium plugin v26.9 (Yoast SEO v27.4) - https:\/\/yoast.com\/product\/yoast-seo-premium-wordpress\/ -->\n<title>Hospital Outreach - Roundup River Ranch<\/title>\n<meta name=\"robots\" content=\"index, follow, max-snippet:-1, max-image-preview:large, max-video-preview:-1\" \/>\n<link rel=\"canonical\" href=\"https:\/\/roundupriverranch.org\/es\/camp-programs\/outreach-programs\/hospital-outreach\/\" \/>\n<meta property=\"og:locale\" content=\"es_ES\" \/>\n<meta property=\"og:type\" content=\"article\" \/>\n<meta property=\"og:title\" content=\"Hospital Outreach\" \/>\n<meta property=\"og:description\" content=\"Hospital Outreach Roundup River Ranch partners with Seacrest Studios at Children\u2019s Hospital Colorado to deliver a monthly Outreach Program that brings the joy of camp &hellip; Continued\" \/>\n<meta property=\"og:url\" content=\"https:\/\/roundupriverranch.org\/es\/camp-programs\/outreach-programs\/hospital-outreach\/\" \/>\n<meta property=\"og:site_name\" content=\"Roundup River Ranch\" \/>\n<meta property=\"article:publisher\" content=\"https:\/\/www.facebook.com\/roundupriverranch\/\" \/>\n<meta property=\"article:modified_time\" content=\"2026-01-03T19:01:45+00:00\" \/>\n<meta name=\"twitter:card\" content=\"summary_large_image\" \/>\n<meta name=\"twitter:label1\" content=\"Tiempo de lectura\" \/>\n\t<meta name=\"twitter:data1\" content=\"1 minuto\" \/>\n<script type=\"application\/ld+json\" class=\"yoast-schema-graph\">{\"@context\":\"https:\\\/\\\/schema.org\",\"@graph\":[{\"@type\":\"WebPage\",\"@id\":\"https:\\\/\\\/roundupriverranch.org\\\/camp-programs\\\/outreach-programs\\\/hospital-outreach\\\/\",\"url\":\"https:\\\/\\\/roundupriverranch.org\\\/camp-programs\\\/outreach-programs\\\/hospital-outreach\\\/\",\"name\":\"Hospital Outreach - Roundup River Ranch\",\"isPartOf\":{\"@id\":\"https:\\\/\\\/roundupriverranch.org\\\/#website\"},\"datePublished\":\"2025-12-08T17:03:33+00:00\",\"dateModified\":\"2026-01-03T19:01:45+00:00\",\"breadcrumb\":{\"@id\":\"https:\\\/\\\/roundupriverranch.org\\\/camp-programs\\\/outreach-programs\\\/hospital-outreach\\\/#breadcrumb\"},\"inLanguage\":\"es\",\"potentialAction\":[{\"@type\":\"ReadAction\",\"target\":[\"https:\\\/\\\/roundupriverranch.org\\\/camp-programs\\\/outreach-programs\\\/hospital-outreach\\\/\"]}]},{\"@type\":\"BreadcrumbList\",\"@id\":\"https:\\\/\\\/roundupriverranch.org\\\/camp-programs\\\/outreach-programs\\\/hospital-outreach\\\/#breadcrumb\",\"itemListElement\":[{\"@type\":\"ListItem\",\"position\":1,\"name\":\"Home\",\"item\":\"https:\\\/\\\/roundupriverranch.org\\\/\"},{\"@type\":\"ListItem\",\"position\":2,\"name\":\"Camp Programs\",\"item\":\"https:\\\/\\\/roundupriverranch.org\\\/camp-programs\\\/\"},{\"@type\":\"ListItem\",\"position\":3,\"name\":\"Outreach Programs\",\"item\":\"https:\\\/\\\/roundupriverranch.org\\\/camp-programs\\\/outreach-programs\\\/\"},{\"@type\":\"ListItem\",\"position\":4,\"name\":\"Hospital Outreach\"}]},{\"@type\":\"WebSite\",\"@id\":\"https:\\\/\\\/roundupriverranch.org\\\/#website\",\"url\":\"https:\\\/\\\/roundupriverranch.org\\\/\",\"name\":\"Roundup River Ranch\",\"description\":\"\",\"potentialAction\":[{\"@type\":\"SearchAction\",\"target\":{\"@type\":\"EntryPoint\",\"urlTemplate\":\"https:\\\/\\\/roundupriverranch.org\\\/?s={search_term_string}\"},\"query-input\":{\"@type\":\"PropertyValueSpecification\",\"valueRequired\":true,\"valueName\":\"search_term_string\"}}],\"inLanguage\":\"es\"}]}<\/script>\n<!-- \/ Yoast SEO Premium plugin. -->","yoast_head_json":{"title":"Asistencia hospitalaria - Roundup River Ranch","robots":{"index":"index","follow":"follow","max-snippet":"max-snippet:-1","max-image-preview":"max-image-preview:large","max-video-preview":"max-video-preview:-1"},"canonical":"https:\/\/roundupriverranch.org\/es\/camp-programs\/outreach-programs\/hospital-outreach\/","og_locale":"es_ES","og_type":"article","og_title":"Hospital Outreach","og_description":"Hospital Outreach Roundup River Ranch partners with Seacrest Studios at Children\u2019s Hospital Colorado to deliver a monthly Outreach Program that brings the joy of camp &hellip; Continued","og_url":"https:\/\/roundupriverranch.org\/es\/camp-programs\/outreach-programs\/hospital-outreach\/","og_site_name":"Roundup River Ranch","article_publisher":"https:\/\/www.facebook.com\/roundupriverranch\/","article_modified_time":"2026-01-03T19:01:45+00:00","twitter_card":"summary_large_image","twitter_misc":{"Tiempo de lectura":"1 minuto"},"schema":{"@context":"https:\/\/schema.org","@graph":[{"@type":"WebPage","@id":"https:\/\/roundupriverranch.org\/camp-programs\/outreach-programs\/hospital-outreach\/","url":"https:\/\/roundupriverranch.org\/camp-programs\/outreach-programs\/hospital-outreach\/","name":"Asistencia hospitalaria - Roundup River Ranch","isPartOf":{"@id":"https:\/\/roundupriverranch.org\/#website"},"datePublished":"2025-12-08T17:03:33+00:00","dateModified":"2026-01-03T19:01:45+00:00","breadcrumb":{"@id":"https:\/\/roundupriverranch.org\/camp-programs\/outreach-programs\/hospital-outreach\/#breadcrumb"},"inLanguage":"es","potentialAction":[{"@type":"ReadAction","target":["https:\/\/roundupriverranch.org\/camp-programs\/outreach-programs\/hospital-outreach\/"]}]},{"@type":"BreadcrumbList","@id":"https:\/\/roundupriverranch.org\/camp-programs\/outreach-programs\/hospital-outreach\/#breadcrumb","itemListElement":[{"@type":"ListItem","position":1,"name":"Home","item":"https:\/\/roundupriverranch.org\/"},{"@type":"ListItem","position":2,"name":"Camp Programs","item":"https:\/\/roundupriverranch.org\/camp-programs\/"},{"@type":"ListItem","position":3,"name":"Outreach Programs","item":"https:\/\/roundupriverranch.org\/camp-programs\/outreach-programs\/"},{"@type":"ListItem","position":4,"name":"Hospital Outreach"}]},{"@type":"WebSite","@id":"https:\/\/roundupriverranch.org\/#website","url":"https:\/\/roundupriverranch.org\/","name":"Rancho Roundup River","description":"","potentialAction":[{"@type":"SearchAction","target":{"@type":"EntryPoint","urlTemplate":"https:\/\/roundupriverranch.org\/?s={search_term_string}"},"query-input":{"@type":"PropertyValueSpecification","valueRequired":true,"valueName":"search_term_string"}}],"inLanguage":"es"}]}},"_links":{"self":[{"href":"https:\/\/roundupriverranch.org\/es\/wp-json\/wp\/v2\/pages\/683","targetHints":{"allow":["GET"]}}],"collection":[{"href":"https:\/\/roundupriverranch.org\/es\/wp-json\/wp\/v2\/pages"}],"about":[{"href":"https:\/\/roundupriverranch.org\/es\/wp-json\/wp\/v2\/types\/page"}],"author":[{"embeddable":true,"href":"https:\/\/roundupriverranch.org\/es\/wp-json\/wp\/v2\/users\/1"}],"replies":[{"embeddable":true,"href":"https:\/\/roundupriverranch.org\/es\/wp-json\/wp\/v2\/comments?post=683"}],"version-history":[{"count":4,"href":"https:\/\/roundupriverranch.org\/es\/wp-json\/wp\/v2\/pages\/683\/revisions"}],"predecessor-version":[{"id":11823,"href":"https:\/\/roundupriverranch.org\/es\/wp-json\/wp\/v2\/pages\/683\/revisions\/11823"}],"up":[{"embeddable":true,"href":"https:\/\/roundupriverranch.org\/es\/wp-json\/wp\/v2\/pages\/662"}],"wp:attachment":[{"href":"https:\/\/roundupriverranch.org\/es\/wp-json\/wp\/v2\/media?parent=683"}],"curies":[{"name":"wp","href":"https:\/\/api.w.org\/{rel}","templated":true}]}}