{"id":689,"date":"2025-12-08T17:06:26","date_gmt":"2025-12-08T17:06:26","guid":{"rendered":"https:\/\/roundupriverranch.org\/?page_id=689"},"modified":"2026-02-05T18:13:02","modified_gmt":"2026-02-05T18:13:02","slug":"alumni-programs-offsite","status":"publish","type":"page","link":"https:\/\/roundupriverranch.org\/es\/camp-programs\/alumni-programs\/alumni-programs-offsite\/","title":{"rendered":"Programas para antiguos alumnos"},"content":{"rendered":"<div class=\"defaultheaderblock\">\n    <div class=\"defaultheaderblockinner\">\n\n                    <div class=\"headerouter\">\n                <div class=\"headerimage\" style=\"background-image: url(https:\/\/roundupriverranch.org\/wp-content\/uploads\/2025\/12\/ArcheryGamesDenver_AlumniReunion-49-01-2.jpeg)\">\n                    <img decoding=\"async\" src=\"https:\/\/roundupriverranch.org\/wp-content\/uploads\/2025\/12\/ArcheryGamesDenver_AlumniReunion-49-01-2.jpeg\" alt=\"\" \/>\n                <\/div>\n                <div class=\"mobileheaderimage\">\n                    <img decoding=\"async\" src=\"https:\/\/roundupriverranch.org\/wp-content\/uploads\/2025\/12\/ArcheryGamesDenver_AlumniReunion-49-02-Large.jpeg\" alt=\"\" \/>\n                <\/div>\n            <\/div>\n        \n    <\/div>\n    <div class=\"defaultheadercurve\">\n        <img decoding=\"async\" src=\"https:\/\/roundupriverranch.org\/wp-content\/themes\/sage\/public\/build\/assets\/defaultheadercurve-Cez_Hkub.svg\" alt=\"\">\n    <\/div>\n<\/div>\n\n\n\n<h1 class=\"wp-block-heading has-text-align-center\" id=\"h-alumni-reunions\">Reuniones de antiguos alumnos<\/h1>\n\n\n\n<p>Vuelve a conectar con los antiguos alumnos del Roundup River Ranch a trav\u00e9s de nuestras Reuniones de Antiguos Alumnos. Nuestras reuniones, ya sean en persona o en l\u00ednea, est\u00e1n abiertas a todos los antiguos alumnos de Roundup River Ranch mayores de 18 a\u00f1os.<\/p>\n\n\n\n<p class=\"has-text-align-left\">Estos programas re\u00fanen a los antiguos alumnos del Roundup River Ranch a trav\u00e9s de experiencias divertidas y presenciales en el \u00e1rea metropolitana de Denver. Fomentan la conexi\u00f3n y la amistad y ayudan a los antiguos alumnos a construir una comunidad de apoyo como adultos. Estos encuentros ayudan a combatir la soledad, promueven la socializaci\u00f3n y refuerzan la resiliencia de los j\u00f3venes adultos que atraviesan etapas vitales similares. <\/p>\n\n\n\n<p class=\"has-text-align-left\"><em>Tambi\u00e9n ofrecemos reuniones virtuales de antiguos campistas para garantizar que todos tengan la oportunidad de seguir conectados.<\/em><\/p>\n\n\n\n<hr class=\"wp-block-separator has-alpha-channel-opacity\"\/>\n\n\n\n<h2 class=\"wp-block-heading\" id=\"h-in-person-alumni-reunions\">Reuniones presenciales de antiguos alumnos <\/h2>\n\n\n\n<p><\/p>\n\n\n\n<p>Se trata de programas dise\u00f1ados para que los antiguos alumnos del Roundup River Ranch vuelvan a conectar a trav\u00e9s de experiencias divertidas, atractivas y en persona en el \u00e1rea metropolitana de Denver. Reuniones en persona tienen como objetivo involucrar a nuestros ex campistas y construir amistades como adultos. Tambi\u00e9n tiene como objetivo construir una comunidad entre los adultos j\u00f3venes que pasan por viajes similares en el \u00e1rea de Denver.<\/p>\n\n\n\n<p><strong>Pr\u00f3ximas reuniones presenciales:<\/strong><\/p>\n\n\n\n<ul class=\"wp-block-list\">\n<li><em>Vuelva pronto para conocer los detalles de nuestra pr\u00f3xima reuni\u00f3n presencial.<\/em><\/li>\n<\/ul>\n\n\n\n<div style=\"height:20px\" aria-hidden=\"true\" class=\"wp-block-spacer\"><\/div>\n\n\n\n<p><strong>C\u00f3mo inscribirse en una reuni\u00f3n presencial:<\/strong><\/p>\n\n\n\n<ul class=\"wp-block-list\">\n<li>Las fechas de apertura y cierre de las inscripciones dependen de cada lugar de reuni\u00f3n.<\/li>\n\n\n\n<li>Las Reuniones de Antiguos Alumnos presenciales utilizan un sencillo formulario de inscripci\u00f3n en <a href=\"https:\/\/roundupriverranch.campmanagement.com\/p\/campers\/login_m.php\">Camping.<\/a><\/li>\n\n\n\n<li>Debido al n\u00famero limitado de plazas, utilizamos un sorteo para aceptar antiguos alumnos en cada reuni\u00f3n. Una vez rellenado el formulario de inscripci\u00f3n, su nombre ser\u00e1 introducido en el sistema de loter\u00eda. Se le notificar\u00e1 su asistencia una vez que se haya realizado el sorteo.<\/li>\n<\/ul>\n\n\n\n<div style=\"height:30px\" aria-hidden=\"true\" class=\"wp-block-spacer\"><\/div>\n\n\n\n<h2 class=\"wp-block-heading\" id=\"h-online-alumni-reunions\">Reuniones de antiguos alumnos en l\u00ednea<\/h2>\n\n\n\n<h3 class=\"wp-block-heading\" id=\"h-online-reunions\"><a><\/a><strong>Reuniones en l\u00ednea<\/strong><\/h3>\n\n\n\n<p>Se trata de programas dise\u00f1ados para que los antiguos alumnos del Roundup River Ranch vuelvan a conectar a trav\u00e9s de reuniones virtuales divertidas y atractivas. Las Reuniones Online tienen como objetivo involucrar a nuestros antiguos alumnos con el campamento y crear una comunidad entre nuestros antiguos alumnos de todo el mundo.<\/p>\n\n\n\n<p><strong>Pr\u00f3ximas reuniones en l\u00ednea:<\/strong><\/p>\n\n\n\n<ul class=\"wp-block-list\">\n<li>17 de abril - Clase de cocina\n<ul class=\"wp-block-list\">\n<li>\u00bfQu\u00e9 se cuece? \u00a1T\u00da! \u00danete a nuestra invitada especial, la Chef Mary, para aprender y cocinar una receta f\u00e1cil. Disfrutaremos todos juntos de nuestra comida (en l\u00ednea), \u00a1como en los viejos tiempos en el campamento!<\/li>\n\n\n\n<li><strong><em>Inscr\u00edbase en l\u00ednea antes del 3 de abril en <a href=\"https:\/\/roundupriverranch.campmanagement.com\/p\/campers\/login_m.php\" target=\"_blank\" rel=\"noreferrer noopener\">Camping<\/a>.<\/em><\/strong><\/li>\n<\/ul>\n<\/li>\n<\/ul>\n\n\n\n<div style=\"height:20px\" aria-hidden=\"true\" class=\"wp-block-spacer\"><\/div>\n\n\n\n<p><strong>Tenga en cuenta lo siguiente:<\/strong><\/p>\n\n\n\n<ul class=\"wp-block-list\">\n<li>A menudo podemos aceptar a todos los antiguos alumnos que se inscriben en las Reuniones en l\u00ednea. Sin embargo, si las plazas son limitadas y tenemos que recurrir a un sorteo, lo anunciaremos en la descripci\u00f3n de la reuni\u00f3n.<\/li>\n<\/ul>\n\n\n\n<div style=\"height:100px\" aria-hidden=\"true\" class=\"wp-block-spacer\"><\/div>","protected":false},"excerpt":{"rendered":"<p>Reuniones de Antiguos Alumnos Vuelve a conectar con los Antiguos Alumnos del Roundup River Ranch a trav\u00e9s de nuestras Reuniones de Antiguos Alumnos. Nuestras reuniones, ya sean en persona o en l\u00ednea, est\u00e1n abiertas a cualquier ... <a href=\"https:\/\/roundupriverranch.org\/es\/camp-programs\/alumni-programs\/alumni-programs-offsite\/\">Contin\u00faa<\/a><\/p>","protected":false},"author":1,"featured_media":0,"parent":664,"menu_order":0,"comment_status":"closed","ping_status":"open","template":"template-secondary.blade.php","meta":{"_acf_changed":false,"footnotes":""},"class_list":["post-689","page","type-page","status-publish","hentry"],"acf":[],"yoast_head":"<!-- This site is optimized with the Yoast SEO Premium plugin v26.9 (Yoast SEO v27.4) - https:\/\/yoast.com\/product\/yoast-seo-premium-wordpress\/ -->\n<title>Alumni Programs Offsite - Roundup River Ranch<\/title>\n<meta name=\"robots\" content=\"index, follow, max-snippet:-1, max-image-preview:large, max-video-preview:-1\" \/>\n<link rel=\"canonical\" href=\"https:\/\/roundupriverranch.org\/es\/camp-programs\/alumni-programs\/alumni-programs-offsite\/\" \/>\n<meta property=\"og:locale\" content=\"es_ES\" \/>\n<meta property=\"og:type\" content=\"article\" \/>\n<meta property=\"og:title\" content=\"Alumni Programs Offsite\" \/>\n<meta property=\"og:description\" content=\"Alumni Reunions Reconnect with Roundup River Ranch Alumni through our Alumni Reunions. Our Reunions whether in-person or online, are open to any Roundup River Ranch &hellip; Continued\" \/>\n<meta property=\"og:url\" content=\"https:\/\/roundupriverranch.org\/es\/camp-programs\/alumni-programs\/alumni-programs-offsite\/\" \/>\n<meta property=\"og:site_name\" content=\"Roundup River Ranch\" \/>\n<meta property=\"article:publisher\" content=\"https:\/\/www.facebook.com\/roundupriverranch\/\" \/>\n<meta property=\"article:modified_time\" content=\"2026-02-05T18:13:02+00:00\" \/>\n<meta name=\"twitter:card\" content=\"summary_large_image\" \/>\n<meta name=\"twitter:label1\" content=\"Tiempo de lectura\" \/>\n\t<meta name=\"twitter:data1\" content=\"2 minutos\" \/>\n<script type=\"application\/ld+json\" class=\"yoast-schema-graph\">{\"@context\":\"https:\\\/\\\/schema.org\",\"@graph\":[{\"@type\":\"WebPage\",\"@id\":\"https:\\\/\\\/roundupriverranch.org\\\/camp-programs\\\/alumni-programs\\\/alumni-programs-offsite\\\/\",\"url\":\"https:\\\/\\\/roundupriverranch.org\\\/camp-programs\\\/alumni-programs\\\/alumni-programs-offsite\\\/\",\"name\":\"Alumni Programs Offsite - Roundup River Ranch\",\"isPartOf\":{\"@id\":\"https:\\\/\\\/roundupriverranch.org\\\/#website\"},\"datePublished\":\"2025-12-08T17:06:26+00:00\",\"dateModified\":\"2026-02-05T18:13:02+00:00\",\"breadcrumb\":{\"@id\":\"https:\\\/\\\/roundupriverranch.org\\\/camp-programs\\\/alumni-programs\\\/alumni-programs-offsite\\\/#breadcrumb\"},\"inLanguage\":\"es\",\"potentialAction\":[{\"@type\":\"ReadAction\",\"target\":[\"https:\\\/\\\/roundupriverranch.org\\\/camp-programs\\\/alumni-programs\\\/alumni-programs-offsite\\\/\"]}]},{\"@type\":\"BreadcrumbList\",\"@id\":\"https:\\\/\\\/roundupriverranch.org\\\/camp-programs\\\/alumni-programs\\\/alumni-programs-offsite\\\/#breadcrumb\",\"itemListElement\":[{\"@type\":\"ListItem\",\"position\":1,\"name\":\"Home\",\"item\":\"https:\\\/\\\/roundupriverranch.org\\\/\"},{\"@type\":\"ListItem\",\"position\":2,\"name\":\"Camp Programs\",\"item\":\"https:\\\/\\\/roundupriverranch.org\\\/camp-programs\\\/\"},{\"@type\":\"ListItem\",\"position\":3,\"name\":\"Alumni Programs\",\"item\":\"https:\\\/\\\/roundupriverranch.org\\\/camp-programs\\\/alumni-programs\\\/\"},{\"@type\":\"ListItem\",\"position\":4,\"name\":\"Alumni Programs Offsite\"}]},{\"@type\":\"WebSite\",\"@id\":\"https:\\\/\\\/roundupriverranch.org\\\/#website\",\"url\":\"https:\\\/\\\/roundupriverranch.org\\\/\",\"name\":\"Roundup River Ranch\",\"description\":\"\",\"potentialAction\":[{\"@type\":\"SearchAction\",\"target\":{\"@type\":\"EntryPoint\",\"urlTemplate\":\"https:\\\/\\\/roundupriverranch.org\\\/?s={search_term_string}\"},\"query-input\":{\"@type\":\"PropertyValueSpecification\",\"valueRequired\":true,\"valueName\":\"search_term_string\"}}],\"inLanguage\":\"es\"}]}<\/script>\n<!-- \/ Yoast SEO Premium plugin. -->","yoast_head_json":{"title":"Programas para antiguos alumnos - Roundup River Ranch","robots":{"index":"index","follow":"follow","max-snippet":"max-snippet:-1","max-image-preview":"max-image-preview:large","max-video-preview":"max-video-preview:-1"},"canonical":"https:\/\/roundupriverranch.org\/es\/camp-programs\/alumni-programs\/alumni-programs-offsite\/","og_locale":"es_ES","og_type":"article","og_title":"Alumni Programs Offsite","og_description":"Alumni Reunions Reconnect with Roundup River Ranch Alumni through our Alumni Reunions. Our Reunions whether in-person or online, are open to any Roundup River Ranch &hellip; Continued","og_url":"https:\/\/roundupriverranch.org\/es\/camp-programs\/alumni-programs\/alumni-programs-offsite\/","og_site_name":"Roundup River Ranch","article_publisher":"https:\/\/www.facebook.com\/roundupriverranch\/","article_modified_time":"2026-02-05T18:13:02+00:00","twitter_card":"summary_large_image","twitter_misc":{"Tiempo de lectura":"2 minutos"},"schema":{"@context":"https:\/\/schema.org","@graph":[{"@type":"WebPage","@id":"https:\/\/roundupriverranch.org\/camp-programs\/alumni-programs\/alumni-programs-offsite\/","url":"https:\/\/roundupriverranch.org\/camp-programs\/alumni-programs\/alumni-programs-offsite\/","name":"Programas para antiguos alumnos - Roundup River Ranch","isPartOf":{"@id":"https:\/\/roundupriverranch.org\/#website"},"datePublished":"2025-12-08T17:06:26+00:00","dateModified":"2026-02-05T18:13:02+00:00","breadcrumb":{"@id":"https:\/\/roundupriverranch.org\/camp-programs\/alumni-programs\/alumni-programs-offsite\/#breadcrumb"},"inLanguage":"es","potentialAction":[{"@type":"ReadAction","target":["https:\/\/roundupriverranch.org\/camp-programs\/alumni-programs\/alumni-programs-offsite\/"]}]},{"@type":"BreadcrumbList","@id":"https:\/\/roundupriverranch.org\/camp-programs\/alumni-programs\/alumni-programs-offsite\/#breadcrumb","itemListElement":[{"@type":"ListItem","position":1,"name":"Home","item":"https:\/\/roundupriverranch.org\/"},{"@type":"ListItem","position":2,"name":"Camp Programs","item":"https:\/\/roundupriverranch.org\/camp-programs\/"},{"@type":"ListItem","position":3,"name":"Alumni Programs","item":"https:\/\/roundupriverranch.org\/camp-programs\/alumni-programs\/"},{"@type":"ListItem","position":4,"name":"Alumni Programs Offsite"}]},{"@type":"WebSite","@id":"https:\/\/roundupriverranch.org\/#website","url":"https:\/\/roundupriverranch.org\/","name":"Rancho Roundup River","description":"","potentialAction":[{"@type":"SearchAction","target":{"@type":"EntryPoint","urlTemplate":"https:\/\/roundupriverranch.org\/?s={search_term_string}"},"query-input":{"@type":"PropertyValueSpecification","valueRequired":true,"valueName":"search_term_string"}}],"inLanguage":"es"}]}},"_links":{"self":[{"href":"https:\/\/roundupriverranch.org\/es\/wp-json\/wp\/v2\/pages\/689","targetHints":{"allow":["GET"]}}],"collection":[{"href":"https:\/\/roundupriverranch.org\/es\/wp-json\/wp\/v2\/pages"}],"about":[{"href":"https:\/\/roundupriverranch.org\/es\/wp-json\/wp\/v2\/types\/page"}],"author":[{"embeddable":true,"href":"https:\/\/roundupriverranch.org\/es\/wp-json\/wp\/v2\/users\/1"}],"replies":[{"embeddable":true,"href":"https:\/\/roundupriverranch.org\/es\/wp-json\/wp\/v2\/comments?post=689"}],"version-history":[{"count":20,"href":"https:\/\/roundupriverranch.org\/es\/wp-json\/wp\/v2\/pages\/689\/revisions"}],"predecessor-version":[{"id":12331,"href":"https:\/\/roundupriverranch.org\/es\/wp-json\/wp\/v2\/pages\/689\/revisions\/12331"}],"up":[{"embeddable":true,"href":"https:\/\/roundupriverranch.org\/es\/wp-json\/wp\/v2\/pages\/664"}],"wp:attachment":[{"href":"https:\/\/roundupriverranch.org\/es\/wp-json\/wp\/v2\/media?parent=689"}],"curies":[{"name":"wp","href":"https:\/\/api.w.org\/{rel}","templated":true}]}}