{"id":691,"date":"2025-12-08T17:07:24","date_gmt":"2025-12-08T17:07:24","guid":{"rendered":"https:\/\/roundupriverranch.org\/?page_id=691"},"modified":"2026-01-06T19:15:18","modified_gmt":"2026-01-06T19:15:18","slug":"residential-camp-roles","status":"publish","type":"page","link":"https:\/\/roundupriverranch.org\/es\/volunteer\/residential-camp-roles\/","title":{"rendered":"Funciones en los campamentos residenciales"},"content":{"rendered":"<div class=\"blueheaderblock\">\n    <div class=\"blueheaderblockinner\">\n\n                    <div class=\"headerouter\">\n                <div class=\"headerimage\" style=\"background-image: url(https:\/\/roundupriverranch.org\/wp-content\/uploads\/2025\/12\/roundup-river-ranch-camp-2000x4603-1.png)\">\n                    <img decoding=\"async\" src=\"https:\/\/roundupriverranch.org\/wp-content\/uploads\/2025\/12\/roundup-river-ranch-camp-2000x4603-1.png\" alt=\"Volunteers leading horses and campers through landscape\" \/>\n                <\/div>\n                <div class=\"mobileheaderimage\">\n                    <img decoding=\"async\" src=\"https:\/\/roundupriverranch.org\/wp-content\/uploads\/2025\/12\/roundup-river-ranch-camp-930x5003-1.png\" alt=\"Volunteers leading horses and campers through landscape\" \/>\n                <\/div>\n\n                <div class=\"defaultheadercurve\">\n                    <img decoding=\"async\" src=\"https:\/\/roundupriverranch.org\/wp-content\/themes\/sage\/public\/build\/assets\/blueheadercurve-DX-Y35aK.svg\" alt=\"\">\n                <\/div>\n            <\/div>\n        \n        <div class=\"headerlowercontent\" role=\"region\" aria-label=\"Contenido de la cabecera\">\n            <div class=\"headercontentinner\">\n                <h1 class=\"headerblocktitle\">Funciones en los campamentos residenciales<\/h1>\n                <h2 style=\"text-align: center;\">LAS AMISTADES RECI\u00c9N FORJADAS SON COMO UNA INYECCI\u00d3N DE CONFIANZA EN TI MISMO<\/h2>\n\n            <\/div>\n        <\/div>\n    <\/div>\n    <div class=\"blueheadermask\">\n        <img decoding=\"async\" src=\"https:\/\/roundupriverranch.org\/wp-content\/themes\/sage\/public\/build\/assets\/bluseheadermask-BfkAQK3X.svg\" alt=\"\">\n    <\/div>\n<\/div>\n\n\n\n<p class=\"has-text-align-center\">Cuando trabajes como voluntario con nosotros en nuestros campamentos de verano, ver\u00e1s que para los ni\u00f1os con diagn\u00f3sticos que les alteran la vida, el campamento es innegable e impresionantemente poderoso. Aqu\u00ed conocen a nuevos amigos que viven experiencias similares. Adquieren un sentimiento de alegr\u00eda y pertenencia y usted podr\u00e1 ver c\u00f3mo se convierten en brillantes solucionadores de problemas, valientes aceptadores de retos, hacedores de buenas acciones y amigos intr\u00e9pidos. Gracias a <em>El poder del campamento<\/em>, Descubrir\u00e1s que no se dejan intimidar por lo que \u201cno pueden hacer\u201d y que avanzan impulsados por todo lo que s\u00ed pueden.<\/p>\n\n\n\n<div style=\"height:60px\" aria-hidden=\"true\" class=\"wp-block-spacer\"><\/div>\n\n\n<div class=\"imagecopyblockwrap\">\n    <div class=\"imagecopyblockinner right small\">\n        <div class=\"imagecopyblockimage\">\n            <img decoding=\"async\" src=\"https:\/\/roundupriverranch.org\/wp-content\/uploads\/2025\/12\/roundup-river-ranch-camp-600x600-volunteer3.png\" alt=\"volunteer showing his muscles for a job well done\" \/>\n        <\/div>\n        <div class=\"imagecopyblockcontent\">\n            <div class=\"copyinner\">\n                <h2 class=\"p1\">JEFES DE CABINA<\/h2>\n<p class=\"p2\"><strong>&nbsp;<\/strong>Este es el papel por excelencia de un \u201cconsejero de campamento\u201d, pero con una caba\u00f1a llena de ni\u00f1os que son m\u00e1s valientes, m\u00e1s audaces, m\u00e1s divertidos y m\u00e1s inspiradores que cualquier otro campista.<\/p>\n\n            <\/div>\n                            <div class=\"ctalink\">\n                    <a class=\"drkgreen-btn lowercase\" href=\"https:\/\/roundupriverranch.org\/es\/volunteer\/residential-camp-roles\/cabin-leader\/\">\u00danete a nosotros como jefe de caba\u00f1a en el campamento de verano<\/a>\n                <\/div>\n                    <\/div>\n    <\/div>\n    <div class=\"seperator\"><\/div>\n<\/div>\n\n\n<div class=\"imagecopyblockwrap\">\n    <div class=\"imagecopyblockinner right small\">\n        <div class=\"imagecopyblockimage\">\n            <img decoding=\"async\" src=\"https:\/\/roundupriverranch.org\/wp-content\/uploads\/2025\/12\/roundup-river-ranch-camp-600x600-volunteer4.png\" alt=\"Two female volunteers smiling at camera\" \/>\n        <\/div>\n        <div class=\"imagecopyblockcontent\">\n            <div class=\"copyinner\">\n                <h2 class=\"p1\">ASISTENTE DE VIDA RESIDENCIAL<\/h2>\n<p class=\"p2\">Estos son los hacedores de magia del campamento. Apoya al campamento de muchas maneras y forma parte de la diversi\u00f3n.<\/p>\n\n            <\/div>\n                            <div class=\"ctalink\">\n                    <a class=\"drkgreen-btn lowercase\" href=\"https:\/\/roundupriverranch.org\/es\/volunteer\/residential-camp-roles\/residential-life-assistant\/\">\u00danete a nosotros como Asistente de Vida Residencial en el Campamento de Verano<\/a>\n                <\/div>\n                    <\/div>\n    <\/div>\n    <div class=\"seperator\"><\/div>\n<\/div>\n\n\n<div class=\"imagecopyblockwrap\">\n    <div class=\"imagecopyblockinner right small\">\n        <div class=\"imagecopyblockimage\">\n            <img decoding=\"async\" src=\"https:\/\/roundupriverranch.org\/wp-content\/uploads\/2025\/12\/roundup-river-ranch-camp-600x600-volunteer-4.png\" alt=\"Volunteer with camper\" \/>\n        <\/div>\n        <div class=\"imagecopyblockcontent\">\n            <div class=\"copyinner\">\n                <h2 class=\"p1\">MANO DE RANCHO<\/h2>\n<p class=\"p2\">\u00a1Consejeros de campamento para el Campamento Familiar! Ayuda a guiar, apoyar y animar a las familias durante su estancia en el campamento y participa en las actividades.<\/p>\n\n            <\/div>\n                            <div class=\"ctalink\">\n                    <a class=\"drkgreen-btn lowercase\" href=\"https:\/\/roundupriverranch.org\/es\/volunteer\/residential-camp-roles\/ranch-hand\/\">\u00danete a nosotros como pe\u00f3n de rancho en el campamento familiar<\/a>\n                <\/div>\n                    <\/div>\n    <\/div>\n    <div class=\"seperator\"><\/div>\n<\/div>\n\n\n\n<div style=\"height:92px\" aria-hidden=\"true\" class=\"wp-block-spacer\"><\/div>\n\n\n<div class=\"ctaboxblockwrap\">\n    <div class=\"ctaboxinner\">\n        <div class=\"ctaheadline\">\n            <h2 class=\"p1\">OTRAS FUNCIONES DEL CAMPAMENTO<\/h2>\n\n        <\/div>\n\n        <div class=\"ctaboxlinks\">\n                                                                                            <div class=\"ctalinkitem radiusbox\">\n                            <a href=\"https:\/\/roundupriverranch.org\/es\/volunteer\/medical-roles\/\"><img decoding=\"async\" src=\"https:\/\/roundupriverranch.org\/wp-content\/uploads\/2025\/11\/button_outreach.svg\" alt=\"\">\n                                Voluntarios m\u00e9dicos<\/a>\n                        <\/div>\n                                                                                                    <div class=\"ctalinkitem radiusbox\">\n                            <a href=\"https:\/\/roundupriverranch.org\/es\/volunteer\/day-group-roles\/\"><img decoding=\"async\" src=\"https:\/\/roundupriverranch.org\/wp-content\/uploads\/2025\/11\/button_alumni.svg\" alt=\"\">\n                                Voluntarios de d\u00eda y de grupo<\/a>\n                        <\/div>\n                                                                                                    <div class=\"ctalinkitem radiusbox\">\n                            <a href=\"https:\/\/roundupriverranch.org\/es\/volunteer\/\"><img decoding=\"async\" src=\"https:\/\/roundupriverranch.org\/wp-content\/uploads\/2025\/11\/fishing.svg\" alt=\"\">\n                                Solicitud de voluntariado<\/a>\n                        <\/div>\n                                                        <\/div>\n    <\/div>\n<\/div>\n\n\n\n<div style=\"height:92px\" aria-hidden=\"true\" class=\"wp-block-spacer\"><\/div>\n\n\n<div class=\"calloutboxwrapper\">\n    <div class=\"calloutboxinner\">\n        <div class=\"calloutcolumns\">\n            <div class=\"calloutcontent\">\n                                    <p><em>\u201cEn los campamentos no existe la \u2018perfecci\u00f3n\u2019, y eso es lo divertido. Cada experiencia en el campamento es \u00fanica y siempre hay algo nuevo que llevarse. Es muy divertido formar parte del equipo de voluntarios. Es maravilloso trabajar con otros voluntarios y miembros del personal, y los ni\u00f1os te hacen re\u00edr constantemente\u201d. - Anna, l\u00edder voluntaria del campamento<\/em><\/p>\n\n                            <\/div>\n            <div class=\"calloutimage\" style=\"background-image: url('https:\/\/roundupriverranch.org\/wp-content\/uploads\/2025\/12\/roundup-river-ranch-camp-600x600-CampLeader.png')\">\n                                    <img decoding=\"async\" src=\"https:\/\/roundupriverranch.org\/wp-content\/uploads\/2025\/12\/roundup-river-ranch-camp-600x600-CampLeader.png\" alt=\"\" \/>\n                            <\/div>\n        <\/div>\n        <div class=\"lowerlinks\">\n                    <\/div>\n    <\/div>\n<\/div>\n\n\n\n<div class=\"wp-block-columns darkgreencamp reversemob is-layout-flex wp-container-core-columns-is-layout-9d6595d7 wp-block-columns-is-layout-flex\">\n<div class=\"wp-block-column is-layout-flow wp-block-column-is-layout-flow\" style=\"flex-basis:33.33%\">\n<figure class=\"wp-block-image aligncenter size-large is-resized\"><img loading=\"lazy\" decoding=\"async\" width=\"206\" height=\"466\" src=\"https:\/\/roundupriverranch.org\/wp-content\/uploads\/2025\/11\/marshmellows.svg\" alt=\"\" class=\"wp-image-186\" style=\"object-fit:contain;width:220px;height:494px\"\/><\/figure>\n\n\n\n<div style=\"height:50px\" aria-hidden=\"true\" class=\"wp-block-spacer\"><\/div>\n\n\n<\/div>\n\n\n\n<div class=\"wp-block-column is-layout-flow wp-block-column-is-layout-flow\" style=\"flex-basis:66.7%\">\n<h2 class=\"wp-block-heading\" id=\"h-frequently-asked-questions\">PREGUNTAS M\u00c1S FRECUENTES<\/h2>\n\n\n\n<div style=\"height:40px\" aria-hidden=\"true\" class=\"wp-block-spacer\"><\/div>\n\n\n<div class=\"faqwrapper\">\n    <div class=\"faqinner\">\n                                    \n                <div class=\"faqitem\" data-faq-index=\"0\">\n                    <div class=\"faqquestion\">\n                        <button class=\"faq-trigger\" id=\"faq-button-faq-1\" type=\"button\" aria-expanded=\"false\"\n                            aria-controls=\"faq-answer-faq-1\"\n                            aria-describedby=\"faq-answer-faq-1\">\n                            <h2>\u00bfC\u00f3mo puedo inscribirme como voluntario durante el campamento de verano y el campamento familiar?<\/h2>\n                        <\/button>\n                    <\/div>\n                    <div class=\"faqanswer\" id=\"faq-answer-faq-1\" role=\"region\"\n                        aria-labelledby=\"faq-button-faq-1\" style=\"visibility: hidden; max-height: 0;\">\n                        <div class=\"faq-content\">\n                            <p><a href=\"https:\/\/roundupriverranch.campmanagement.com\/p\/staff\/login_m.php\">Pulse aqu\u00ed<\/a> para solicitar ser voluntario y revisar las Cualificaciones y Requisitos de los Voluntarios. Despu\u00e9s de enviar tu solicitud de voluntariado, un miembro del equipo de voluntarios se pondr\u00e1 en contacto contigo para hablar sobre la temporada de campamentos.<\/p>\n\n                        <\/div>\n                    <\/div>\n                <\/div>\n                            \n                <div class=\"faqitem\" data-faq-index=\"1\">\n                    <div class=\"faqquestion\">\n                        <button class=\"faq-trigger\" id=\"faq-button-faq-2\" type=\"button\" aria-expanded=\"false\"\n                            aria-controls=\"faq-answer-faq-2\"\n                            aria-describedby=\"faq-answer-faq-2\">\n                            <h2>\u00bfD\u00f3nde se encuentra el campamento, c\u00f3mo se llega y qu\u00e9 tiempo hace?<\/h2>\n                        <\/button>\n                    <\/div>\n                    <div class=\"faqanswer\" id=\"faq-answer-faq-2\" role=\"region\"\n                        aria-labelledby=\"faq-button-faq-2\" style=\"visibility: hidden; max-height: 0;\">\n                        <div class=\"faq-content\">\n                            <p>Roundup River Ranch est\u00e1 situado en 8333 Colorado River Road en Gypsum, CO, en el coraz\u00f3n de las Monta\u00f1as Rocosas. El campamento se encuentra a 2.000 metros de altitud y, aunque los meses de verano son c\u00e1lidos, el tiempo puede cambiar r\u00e1pidamente. Aseg\u00farese de consultar el pron\u00f3stico del tiempo y traiga varias capas de ropa para estar c\u00f3modo durante su estancia. Antes de su llegada le daremos instrucciones espec\u00edficas. Tambi\u00e9n ofrecemos opciones de transporte con descuento de Denver a Edwards a trav\u00e9s de Summit Express, Epic Mountain Express, y Bustang - correo electr\u00f3nico <a href=\"mailto:Volunteer@RoundupRiverRanch.org\">Volunteer@RoundupRiverRanch.org<\/a> para m\u00e1s detalles.<\/p>\n\n                        <\/div>\n                    <\/div>\n                <\/div>\n                            \n                <div class=\"faqitem\" data-faq-index=\"2\">\n                    <div class=\"faqquestion\">\n                        <button class=\"faq-trigger\" id=\"faq-button-faq-3\" type=\"button\" aria-expanded=\"false\"\n                            aria-controls=\"faq-answer-faq-3\"\n                            aria-describedby=\"faq-answer-faq-3\">\n                            <h2>\u00bfQu\u00e9 tipo de alojamiento se ofrece para el voluntariado in situ con pernoctaci\u00f3n?<\/h2>\n                        <\/button>\n                    <\/div>\n                    <div class=\"faqanswer\" id=\"faq-answer-faq-3\" role=\"region\"\n                        aria-labelledby=\"faq-button-faq-3\" style=\"visibility: hidden; max-height: 0;\">\n                        <div class=\"faq-content\">\n                            <p>A los voluntarios de la sesi\u00f3n que pernocten en el lugar se les proporcionar\u00e1 alojamiento desde la noche de la Orientaci\u00f3n para Voluntarios hasta la \u00faltima noche de la sesi\u00f3n. Los voluntarios terminan antes del mediod\u00eda del \u00faltimo d\u00eda de la sesi\u00f3n. Se proporcionar\u00e1 ropa de cama a los voluntarios de fuera del estado que lo soliciten. No se proporcionar\u00e1n art\u00edculos de tocador. Los voluntarios comen con los campistas y los miembros del equipo. La \u00faltima comida que se sirve es el desayuno del \u00faltimo d\u00eda de la sesi\u00f3n.<\/p>\n\n                        <\/div>\n                    <\/div>\n                <\/div>\n                            \n                <div class=\"faqitem\" data-faq-index=\"3\">\n                    <div class=\"faqquestion\">\n                        <button class=\"faq-trigger\" id=\"faq-button-faq-4\" type=\"button\" aria-expanded=\"false\"\n                            aria-controls=\"faq-answer-faq-4\"\n                            aria-describedby=\"faq-answer-faq-4\">\n                            <h2>\u00bfQu\u00e9 informaci\u00f3n se me dar\u00e1 sobre el diagn\u00f3stico de la sesi\u00f3n?<\/h2>\n                        <\/button>\n                    <\/div>\n                    <div class=\"faqanswer\" id=\"faq-answer-faq-4\" role=\"region\"\n                        aria-labelledby=\"faq-button-faq-4\" style=\"visibility: hidden; max-height: 0;\">\n                        <div class=\"faq-content\">\n                            <p>Un equipo m\u00e9dico completo est\u00e1 presente durante cada sesi\u00f3n de campamento in situ; los voluntarios no m\u00e9dicos no son responsables de la atenci\u00f3n m\u00e9dica de un campista. Antes de su llegada, se pondr\u00e1 a su disposici\u00f3n el \u201cManual de consideraciones especiales de nuestro campista\u201d para que lo revise y habr\u00e1 un resumen del diagn\u00f3stico de la semana durante la formaci\u00f3n m\u00e9dica de orientaci\u00f3n para voluntarios. Siempre te sentir\u00e1s bien informado y preparado para ser un voluntario incre\u00edble.<\/p>\n\n                        <\/div>\n                    <\/div>\n                <\/div>\n                            \n                <div class=\"faqitem\" data-faq-index=\"4\">\n                    <div class=\"faqquestion\">\n                        <button class=\"faq-trigger\" id=\"faq-button-faq-5\" type=\"button\" aria-expanded=\"false\"\n                            aria-controls=\"faq-answer-faq-5\"\n                            aria-describedby=\"faq-answer-faq-5\">\n                            <h2>\u00bfSe concede tiempo libre a los voluntarios de las sesiones de campamento in situ?<\/h2>\n                        <\/button>\n                    <\/div>\n                    <div class=\"faqanswer\" id=\"faq-answer-faq-5\" role=\"region\"\n                        aria-labelledby=\"faq-button-faq-5\" style=\"visibility: hidden; max-height: 0;\">\n                        <div class=\"faq-content\">\n                            <p>S\u00ed. Un d\u00eda t\u00edpico de campamento de verano dura entre 12 y 14 horas. Todos los voluntarios del campamento de verano tienen una hora libre al d\u00eda. Durante este tiempo, se anima a los voluntarios a centrarse en el autocuidado y el rejuvenecimiento. Se espera que los voluntarios permanezcan en el lugar durante los descansos y durante toda la sesi\u00f3n comprometida.<\/p>\n\n                        <\/div>\n                    <\/div>\n                <\/div>\n                        <\/div>\n<\/div>\n<\/div>\n<\/div>","protected":false},"excerpt":{"rendered":"<p>Cuando sea voluntario con nosotros en nuestros campamentos de verano, ver\u00e1 que para los ni\u00f1os con diagn\u00f3sticos que les alteran la vida, el campamento es innegable e impresionantemente poderoso. Aqu\u00ed, se re\u00fanen ... <a href=\"https:\/\/roundupriverranch.org\/es\/volunteer\/residential-camp-roles\/\">Contin\u00faa<\/a><\/p>","protected":false},"author":1,"featured_media":0,"parent":652,"menu_order":0,"comment_status":"closed","ping_status":"open","template":"template-secondary.blade.php","meta":{"_acf_changed":false,"footnotes":""},"class_list":["post-691","page","type-page","status-publish","hentry"],"acf":[],"yoast_head":"<!-- This site is optimized with the Yoast SEO Premium plugin v27.5 (Yoast SEO v27.5) - https:\/\/yoast.com\/product\/yoast-seo-premium-wordpress\/ -->\n<title>Residential Camp Roles - Roundup River Ranch<\/title>\n<meta name=\"robots\" content=\"index, follow, max-snippet:-1, max-image-preview:large, max-video-preview:-1\" \/>\n<link rel=\"canonical\" href=\"https:\/\/roundupriverranch.org\/es\/volunteer\/residential-camp-roles\/\" \/>\n<meta property=\"og:locale\" content=\"es_ES\" \/>\n<meta property=\"og:type\" content=\"article\" \/>\n<meta property=\"og:title\" content=\"Residential Camp Roles\" \/>\n<meta property=\"og:description\" content=\"When you volunteer with us at our summer camps, you\u2019ll see that for kids with life-altering diagnoses, camp is undeniably, breathtakingly powerful. Here, they meet &hellip; Continued\" \/>\n<meta property=\"og:url\" content=\"https:\/\/roundupriverranch.org\/es\/volunteer\/residential-camp-roles\/\" \/>\n<meta property=\"og:site_name\" content=\"Roundup River Ranch\" \/>\n<meta property=\"article:publisher\" content=\"https:\/\/www.facebook.com\/roundupriverranch\/\" \/>\n<meta property=\"article:modified_time\" content=\"2026-01-06T19:15:18+00:00\" \/>\n<meta property=\"og:image\" content=\"https:\/\/roundupriverranch.org\/wp-content\/uploads\/2025\/11\/marshmellows.svg\" \/>\n<meta name=\"twitter:card\" content=\"summary_large_image\" \/>\n<meta name=\"twitter:label1\" content=\"Tiempo de lectura\" \/>\n\t<meta name=\"twitter:data1\" content=\"1 minuto\" \/>\n<script type=\"application\/ld+json\" class=\"yoast-schema-graph\">{\"@context\":\"https:\\\/\\\/schema.org\",\"@graph\":[{\"@type\":\"WebPage\",\"@id\":\"https:\\\/\\\/roundupriverranch.org\\\/volunteer\\\/residential-camp-roles\\\/\",\"url\":\"https:\\\/\\\/roundupriverranch.org\\\/volunteer\\\/residential-camp-roles\\\/\",\"name\":\"Residential Camp Roles - Roundup River Ranch\",\"isPartOf\":{\"@id\":\"https:\\\/\\\/roundupriverranch.org\\\/#website\"},\"primaryImageOfPage\":{\"@id\":\"https:\\\/\\\/roundupriverranch.org\\\/volunteer\\\/residential-camp-roles\\\/#primaryimage\"},\"image\":{\"@id\":\"https:\\\/\\\/roundupriverranch.org\\\/volunteer\\\/residential-camp-roles\\\/#primaryimage\"},\"thumbnailUrl\":\"https:\\\/\\\/roundupriverranch.org\\\/wp-content\\\/uploads\\\/2025\\\/11\\\/marshmellows.svg\",\"datePublished\":\"2025-12-08T17:07:24+00:00\",\"dateModified\":\"2026-01-06T19:15:18+00:00\",\"breadcrumb\":{\"@id\":\"https:\\\/\\\/roundupriverranch.org\\\/volunteer\\\/residential-camp-roles\\\/#breadcrumb\"},\"inLanguage\":\"es\",\"potentialAction\":[{\"@type\":\"ReadAction\",\"target\":[\"https:\\\/\\\/roundupriverranch.org\\\/volunteer\\\/residential-camp-roles\\\/\"]}]},{\"@type\":\"ImageObject\",\"inLanguage\":\"es\",\"@id\":\"https:\\\/\\\/roundupriverranch.org\\\/volunteer\\\/residential-camp-roles\\\/#primaryimage\",\"url\":\"https:\\\/\\\/roundupriverranch.org\\\/wp-content\\\/uploads\\\/2025\\\/11\\\/marshmellows.svg\",\"contentUrl\":\"https:\\\/\\\/roundupriverranch.org\\\/wp-content\\\/uploads\\\/2025\\\/11\\\/marshmellows.svg\"},{\"@type\":\"BreadcrumbList\",\"@id\":\"https:\\\/\\\/roundupriverranch.org\\\/volunteer\\\/residential-camp-roles\\\/#breadcrumb\",\"itemListElement\":[{\"@type\":\"ListItem\",\"position\":1,\"name\":\"Home\",\"item\":\"https:\\\/\\\/roundupriverranch.org\\\/\"},{\"@type\":\"ListItem\",\"position\":2,\"name\":\"Volunteer\",\"item\":\"https:\\\/\\\/roundupriverranch.org\\\/volunteer\\\/\"},{\"@type\":\"ListItem\",\"position\":3,\"name\":\"Residential Camp Roles\"}]},{\"@type\":\"WebSite\",\"@id\":\"https:\\\/\\\/roundupriverranch.org\\\/#website\",\"url\":\"https:\\\/\\\/roundupriverranch.org\\\/\",\"name\":\"Roundup River Ranch\",\"description\":\"\",\"potentialAction\":[{\"@type\":\"SearchAction\",\"target\":{\"@type\":\"EntryPoint\",\"urlTemplate\":\"https:\\\/\\\/roundupriverranch.org\\\/?s={search_term_string}\"},\"query-input\":{\"@type\":\"PropertyValueSpecification\",\"valueRequired\":true,\"valueName\":\"search_term_string\"}}],\"inLanguage\":\"es\"}]}<\/script>\n<!-- \/ Yoast SEO Premium plugin. -->","yoast_head_json":{"title":"Roles en campamentos residenciales - Roundup River Ranch","robots":{"index":"index","follow":"follow","max-snippet":"max-snippet:-1","max-image-preview":"max-image-preview:large","max-video-preview":"max-video-preview:-1"},"canonical":"https:\/\/roundupriverranch.org\/es\/volunteer\/residential-camp-roles\/","og_locale":"es_ES","og_type":"article","og_title":"Residential Camp Roles","og_description":"When you volunteer with us at our summer camps, you\u2019ll see that for kids with life-altering diagnoses, camp is undeniably, breathtakingly powerful. Here, they meet &hellip; Continued","og_url":"https:\/\/roundupriverranch.org\/es\/volunteer\/residential-camp-roles\/","og_site_name":"Roundup River Ranch","article_publisher":"https:\/\/www.facebook.com\/roundupriverranch\/","article_modified_time":"2026-01-06T19:15:18+00:00","og_image":[{"url":"https:\/\/roundupriverranch.org\/wp-content\/uploads\/2025\/11\/marshmellows.svg","type":"","width":"","height":""}],"twitter_card":"summary_large_image","twitter_misc":{"Tiempo de lectura":"1 minuto"},"schema":{"@context":"https:\/\/schema.org","@graph":[{"@type":"WebPage","@id":"https:\/\/roundupriverranch.org\/volunteer\/residential-camp-roles\/","url":"https:\/\/roundupriverranch.org\/volunteer\/residential-camp-roles\/","name":"Roles en campamentos residenciales - Roundup River Ranch","isPartOf":{"@id":"https:\/\/roundupriverranch.org\/#website"},"primaryImageOfPage":{"@id":"https:\/\/roundupriverranch.org\/volunteer\/residential-camp-roles\/#primaryimage"},"image":{"@id":"https:\/\/roundupriverranch.org\/volunteer\/residential-camp-roles\/#primaryimage"},"thumbnailUrl":"https:\/\/roundupriverranch.org\/wp-content\/uploads\/2025\/11\/marshmellows.svg","datePublished":"2025-12-08T17:07:24+00:00","dateModified":"2026-01-06T19:15:18+00:00","breadcrumb":{"@id":"https:\/\/roundupriverranch.org\/volunteer\/residential-camp-roles\/#breadcrumb"},"inLanguage":"es","potentialAction":[{"@type":"ReadAction","target":["https:\/\/roundupriverranch.org\/volunteer\/residential-camp-roles\/"]}]},{"@type":"ImageObject","inLanguage":"es","@id":"https:\/\/roundupriverranch.org\/volunteer\/residential-camp-roles\/#primaryimage","url":"https:\/\/roundupriverranch.org\/wp-content\/uploads\/2025\/11\/marshmellows.svg","contentUrl":"https:\/\/roundupriverranch.org\/wp-content\/uploads\/2025\/11\/marshmellows.svg"},{"@type":"BreadcrumbList","@id":"https:\/\/roundupriverranch.org\/volunteer\/residential-camp-roles\/#breadcrumb","itemListElement":[{"@type":"ListItem","position":1,"name":"Home","item":"https:\/\/roundupriverranch.org\/"},{"@type":"ListItem","position":2,"name":"Volunteer","item":"https:\/\/roundupriverranch.org\/volunteer\/"},{"@type":"ListItem","position":3,"name":"Residential Camp Roles"}]},{"@type":"WebSite","@id":"https:\/\/roundupriverranch.org\/#website","url":"https:\/\/roundupriverranch.org\/","name":"Rancho Roundup River","description":"","potentialAction":[{"@type":"SearchAction","target":{"@type":"EntryPoint","urlTemplate":"https:\/\/roundupriverranch.org\/?s={search_term_string}"},"query-input":{"@type":"PropertyValueSpecification","valueRequired":true,"valueName":"search_term_string"}}],"inLanguage":"es"}]}},"_links":{"self":[{"href":"https:\/\/roundupriverranch.org\/es\/wp-json\/wp\/v2\/pages\/691","targetHints":{"allow":["GET"]}}],"collection":[{"href":"https:\/\/roundupriverranch.org\/es\/wp-json\/wp\/v2\/pages"}],"about":[{"href":"https:\/\/roundupriverranch.org\/es\/wp-json\/wp\/v2\/types\/page"}],"author":[{"embeddable":true,"href":"https:\/\/roundupriverranch.org\/es\/wp-json\/wp\/v2\/users\/1"}],"replies":[{"embeddable":true,"href":"https:\/\/roundupriverranch.org\/es\/wp-json\/wp\/v2\/comments?post=691"}],"version-history":[{"count":19,"href":"https:\/\/roundupriverranch.org\/es\/wp-json\/wp\/v2\/pages\/691\/revisions"}],"predecessor-version":[{"id":11851,"href":"https:\/\/roundupriverranch.org\/es\/wp-json\/wp\/v2\/pages\/691\/revisions\/11851"}],"up":[{"embeddable":true,"href":"https:\/\/roundupriverranch.org\/es\/wp-json\/wp\/v2\/pages\/652"}],"wp:attachment":[{"href":"https:\/\/roundupriverranch.org\/es\/wp-json\/wp\/v2\/media?parent=691"}],"curies":[{"name":"wp","href":"https:\/\/api.w.org\/{rel}","templated":true}]}}