{"id":693,"date":"2025-12-08T17:08:10","date_gmt":"2025-12-08T17:08:10","guid":{"rendered":"https:\/\/roundupriverranch.org\/?page_id=693"},"modified":"2025-12-17T23:42:13","modified_gmt":"2025-12-17T23:42:13","slug":"medical-roles","status":"publish","type":"page","link":"https:\/\/roundupriverranch.org\/es\/volunteer\/medical-roles\/","title":{"rendered":"Funciones m\u00e9dicas"},"content":{"rendered":"<div class=\"blueheaderblock\">\n    <div class=\"blueheaderblockinner\">\n\n                    <div class=\"headerouter\">\n                <div class=\"headerimage\" style=\"background-image: url(https:\/\/roundupriverranch.org\/wp-content\/uploads\/2025\/12\/roundup-river-ranch-medicalrole-2000x460-1.png)\">\n                    <img decoding=\"async\" src=\"https:\/\/roundupriverranch.org\/wp-content\/uploads\/2025\/12\/roundup-river-ranch-medicalrole-2000x460-1.png\" alt=\"staff and volunteers posing in fun costumes\" \/>\n                <\/div>\n                <div class=\"mobileheaderimage\">\n                    <img decoding=\"async\" src=\"https:\/\/roundupriverranch.org\/wp-content\/uploads\/2025\/12\/roundup-river-ranch-medicalrole-930x500-1.png\" alt=\"staff and volunteers posing in fun costumes\" \/>\n                <\/div>\n\n                <div class=\"defaultheadercurve\">\n                    <img decoding=\"async\" src=\"https:\/\/roundupriverranch.org\/wp-content\/themes\/sage\/public\/build\/assets\/blueheadercurve-DX-Y35aK.svg\" alt=\"\">\n                <\/div>\n            <\/div>\n        \n        <div class=\"headerlowercontent\" role=\"region\" aria-label=\"Contenido de la cabecera\">\n            <div class=\"headercontentinner\">\n                <h1 class=\"headerblocktitle\">Funciones m\u00e9dicas<\/h1>\n                <h2 style=\"text-align: center;\">DEJA ATR\u00c1S LAS BATAS. PREP\u00c1RATE PARA LAS SONRISAS.<\/h2>\n\n            <\/div>\n        <\/div>\n    <\/div>\n    <div class=\"blueheadermask\">\n        <img decoding=\"async\" src=\"https:\/\/roundupriverranch.org\/wp-content\/themes\/sage\/public\/build\/assets\/bluseheadermask-BfkAQK3X.svg\" alt=\"\">\n    <\/div>\n<\/div>\n\n\n\n<p class=\"has-text-align-left\">Los profesionales m\u00e9dicos que vienen a Roundup River Ranch suelen decir que es su semana favorita del a\u00f1o. Es un momento \u00fanico para ver a los ni\u00f1os a los que tanto les apasiona ayudar en una atm\u00f3sfera de curaci\u00f3n totalmente diferente.<\/p>\n\n\n\n<p class=\"has-text-align-left\"><strong>En el campamento, los ni\u00f1os son ni\u00f1os, no pacientes.<\/strong> Fuera de las paredes del hospital, podemos llevarles la atenci\u00f3n sanitaria a su ritmo, en su lugar de felicidad. Nuestros voluntarios m\u00e9dicos llevan camisetas del campamento, bailan con tut\u00fas, administran medicamentos con sombreros rid\u00edculos y se r\u00eden con los campistas.<\/p>\n\n\n\n<p><strong>Consulte el calendario de 2026. \u00a1Las solicitudes est\u00e1n AHORA ABIERTAS!<\/strong><\/p>\n\n\n\n<div style=\"height:33px\" aria-hidden=\"true\" class=\"wp-block-spacer\"><\/div>\n\n\n\n<div class=\"wp-block-buttons is-content-justification-center is-layout-flex wp-container-core-buttons-is-layout-16018d1d wp-block-buttons-is-layout-flex\">\n<div class=\"wp-block-button drkgreen-btn\"><a class=\"wp-block-button__link wp-element-button\" href=\"https:\/\/acrobat.adobe.com\/id\/urn:aaid:sc:US:826a9578-4b53-4c64-9161-5dbe49d34d75\">Ver el calendario de 2026<\/a><\/div>\n\n\n\n<div class=\"wp-block-button drkgreen-btn\"><a class=\"wp-block-button__link wp-element-button\" href=\"https:\/\/acrobat.adobe.com\/id\/urn:aaid:sc:US:b0e8595c-d7f3-465d-b9d4-df1bb5a39cb9\">Recursos en espa\u00f1ol<\/a><\/div>\n\n\n\n<div class=\"wp-block-button drkgreen-btn\"><a class=\"wp-block-button__link wp-element-button\" href=\"https:\/\/roundupriverranch.org\/es\/camp-programs\/onsite-programs\/apply-for-camp\/\">Las solicitudes est\u00e1n ABIERTAS. Inscr\u00edbete ahora.<\/a><\/div>\n<\/div>\n\n\n\n<div style=\"height:48px\" aria-hidden=\"true\" class=\"wp-block-spacer\"><\/div>\n\n\n\n<h2 class=\"wp-block-heading\" id=\"h-we-need-you-and-so-do-the-kids\">Te necesitamos. Y los ni\u00f1os tambi\u00e9n.<\/h2>\n\n\n\n<p>Roundup River Ranch s\u00f3lo es posible gracias al apoyo m\u00e9dico integral e individualizado que se proporciona a cada uno de nuestros campistas. Reclutamos y damos la bienvenida a un grupo diverso de profesionales m\u00e9dicos que tienen experiencia en el cuidado de ni\u00f1os con las condiciones m\u00e9dicas que atendemos. Se prefiere la experiencia cl\u00ednica pedi\u00e1trica, y la elegibilidad para ser voluntario se determina tras una entrevista con el personal m\u00e9dico del Roundup River Ranch.<\/p>\n\n\n\n<p><strong>Conozca nuestras incre\u00edbles instalaciones m\u00e9dicas a pocos pasos de toda la diversi\u00f3n.<\/strong><\/p>\n\n\n\n<h3 class=\"wp-block-heading\" id=\"h-we-have-a-variety-of-medical-volunteer-positions-available\">Disponemos de varios puestos de voluntario m\u00e9dico.<\/h3>\n\n\n\n<p>Tanto si vienes una semana en verano como un fin de semana en oto\u00f1o (\u00a1o ambos!), descubrir\u00e1s que \u00e9sta es una de las experiencias m\u00e1s divertidas y gratificantes de tu carrera. Algunos de los puestos vacantes son<a>:<\/a><\/p>\n\n\n\n<ul class=\"wp-block-list\">\n<li>M\u00e9dicos (MD, DO)<\/li>\n\n\n\n<li>Asistentes m\u00e9dicos<\/li>\n\n\n\n<li>Enfermeras especializadas<\/li>\n\n\n\n<li>Enfermeras<\/li>\n\n\n\n<li>EMT (sesiones seleccionadas)<\/li>\n\n\n\n<li>Param\u00e9dicos (sesiones seleccionadas)<\/li>\n\n\n\n<li>Terapeutas respiratorios (sesiones seleccionadas)<\/li>\n\n\n\n<li>Fisioterapeutas (sesiones seleccionadas)<\/li>\n\n\n\n<li>Recepci\u00f3n en centro m\u00e9dico (no se requiere experiencia m\u00e9dica)<\/li>\n<\/ul>\n\n\n\n<p><a id=\"_msocom_1\"><\/a><\/p>\n\n\n\n<div style=\"height:100px\" aria-hidden=\"true\" class=\"wp-block-spacer\"><\/div>\n\n\n\n<div class=\"wp-block-columns darkgreencamp reversemob is-layout-flex wp-container-core-columns-is-layout-9d6595d7 wp-block-columns-is-layout-flex\">\n<div class=\"wp-block-column is-layout-flow wp-block-column-is-layout-flow\" style=\"flex-basis:33.33%\">\n<figure class=\"wp-block-image aligncenter size-large is-resized\"><img loading=\"lazy\" decoding=\"async\" width=\"206\" height=\"466\" src=\"https:\/\/roundupriverranch.org\/wp-content\/uploads\/2025\/11\/marshmellows.svg\" alt=\"\" class=\"wp-image-186\" style=\"object-fit:contain;width:220px;height:494px\"\/><\/figure>\n\n\n\n<div style=\"height:50px\" aria-hidden=\"true\" class=\"wp-block-spacer\"><\/div>\n\n\n<\/div>\n\n\n\n<div class=\"wp-block-column is-layout-flow wp-block-column-is-layout-flow\" style=\"flex-basis:66.7%\">\n<h2 class=\"wp-block-heading\" id=\"h-frequently-asked-questions\">PREGUNTAS M\u00c1S FRECUENTES<\/h2>\n\n\n\n<div style=\"height:40px\" aria-hidden=\"true\" class=\"wp-block-spacer\"><\/div>\n\n\n<div class=\"faqwrapper\">\n    <div class=\"faqinner\">\n                                    \n                <div class=\"faqitem\" data-faq-index=\"0\">\n                    <div class=\"faqquestion\">\n                        <button class=\"faq-trigger\" id=\"faq-button-faq-1\" type=\"button\" aria-expanded=\"false\"\n                            aria-controls=\"faq-answer-faq-1\"\n                            aria-describedby=\"faq-answer-faq-1\">\n                            <h2>\u00bfQu\u00e9 hace \u00fanico a nuestro campamento m\u00e9dico?<\/h2>\n                        <\/button>\n                    <\/div>\n                    <div class=\"faqanswer\" id=\"faq-answer-faq-1\" role=\"region\"\n                        aria-labelledby=\"faq-button-faq-1\" style=\"visibility: hidden; max-height: 0;\">\n                        <div class=\"faq-content\">\n                            <p>Proporcionamos atenci\u00f3n m\u00e9dica individualizada a cada uno de nuestros campistas. Reclutamos proveedores, farmac\u00e9uticos, terapeutas y enfermeros voluntarios con experiencia en el cuidado de ni\u00f1os que padecen las afecciones m\u00e9dicas que atendemos. Estos profesionales dejan atr\u00e1s sus batas y batas de laboratorio y se unen a nuestro equipo m\u00e9dico en el campamento. Y aunque puede que no \u201cparezcan\u201d proveedores o enfermeros cuando se balancean desde una tirolina, lo cierto es que est\u00e1n constantemente centrados en las necesidades y el bienestar de cada campista.<\/p>\n\n                        <\/div>\n                    <\/div>\n                <\/div>\n                            \n                <div class=\"faqitem\" data-faq-index=\"1\">\n                    <div class=\"faqquestion\">\n                        <button class=\"faq-trigger\" id=\"faq-button-faq-2\" type=\"button\" aria-expanded=\"false\"\n                            aria-controls=\"faq-answer-faq-2\"\n                            aria-describedby=\"faq-answer-faq-2\">\n                            <h2>\u00bfC\u00f3mo funciona la atenci\u00f3n m\u00e9dica en el campamento?<\/h2>\n                        <\/button>\n                    <\/div>\n                    <div class=\"faqanswer\" id=\"faq-answer-faq-2\" role=\"region\"\n                        aria-labelledby=\"faq-button-faq-2\" style=\"visibility: hidden; max-height: 0;\">\n                        <div class=\"faq-content\">\n                            <p>Nuestro planteamiento es sencillo: los ni\u00f1os vienen al campamento a ser ni\u00f1os, no pacientes. La atenci\u00f3n m\u00e9dica se presta en su horario y en un ambiente de apoyo y alegr\u00eda, a menudo por voluntarios que llevan tut\u00fas o sombreros divertidos en lugar de batas.<\/p>\n\n                        <\/div>\n                    <\/div>\n                <\/div>\n                            \n                <div class=\"faqitem\" data-faq-index=\"2\">\n                    <div class=\"faqquestion\">\n                        <button class=\"faq-trigger\" id=\"faq-button-faq-3\" type=\"button\" aria-expanded=\"false\"\n                            aria-controls=\"faq-answer-faq-3\"\n                            aria-describedby=\"faq-answer-faq-3\">\n                            <h2>\u00bfCu\u00e1l ser\u00eda mi papel como voluntario m\u00e9dico en el campamento? <\/h2>\n                        <\/button>\n                    <\/div>\n                    <div class=\"faqanswer\" id=\"faq-answer-faq-3\" role=\"region\"\n                        aria-labelledby=\"faq-button-faq-3\" style=\"visibility: hidden; max-height: 0;\">\n                        <div class=\"faq-content\">\n                            <p>El programa m\u00e9dico de Roundup River Ranch est\u00e1 supervisado por nuestro equipo m\u00e9dico durante todo el a\u00f1o y apoyado por enfermeras y proveedores altamente capacitados que son expertos en sus respectivos campos. Ser consciente de la seguridad es una prioridad del campamento, sabiendo esto Roundup River Ranch conf\u00eda en los m\u00e9dicos y enfermeras voluntarios para proporcionar apoyo m\u00e9dico adicional, distribuir medicamentos y proporcionar atenci\u00f3n m\u00e9dica personalizada cuando sea necesario. Como voluntario m\u00e9dico estar\u00e1s totalmente inmerso en el campamento, destinado en nuestras instalaciones m\u00e9dicas, The Depot, y en todo el campamento para satisfacer las necesidades de los campistas.  <\/p>\n\n                        <\/div>\n                    <\/div>\n                <\/div>\n                            \n                <div class=\"faqitem\" data-faq-index=\"3\">\n                    <div class=\"faqquestion\">\n                        <button class=\"faq-trigger\" id=\"faq-button-faq-4\" type=\"button\" aria-expanded=\"false\"\n                            aria-controls=\"faq-answer-faq-4\"\n                            aria-describedby=\"faq-answer-faq-4\">\n                            <h2>\u00bfQui\u00e9n puede ser voluntario y cu\u00e1nto tiempo hay que dedicar? <\/h2>\n                        <\/button>\n                    <\/div>\n                    <div class=\"faqanswer\" id=\"faq-answer-faq-4\" role=\"region\"\n                        aria-labelledby=\"faq-button-faq-4\" style=\"visibility: hidden; max-height: 0;\">\n                        <div class=\"faq-content\">\n                            <p>Tenemos diversas oportunidades de voluntariado m\u00e9dico a lo largo del a\u00f1o. Todos los profesionales m\u00e9dicos son bienvenidos y se les anima a que presenten su solicitud. Por motivos de agudeza de los campistas, hay una gran necesidad de m\u00e9dicos, enfermeros titulados y farmac\u00e9uticos.  Las sesiones residenciales duran una semana completa; los campistas permanecen en las instalaciones durante cinco d\u00edas tras un d\u00eda de orientaci\u00f3n para voluntarios al comienzo de la semana. Las sesiones de campamento familiar duran un fin de semana; los voluntarios deber\u00e1n llegar el viernes a mediod\u00eda y podr\u00e1n marcharse el domingo a mediod\u00eda.<\/p>\n\n                        <\/div>\n                    <\/div>\n                <\/div>\n                            \n                <div class=\"faqitem\" data-faq-index=\"4\">\n                    <div class=\"faqquestion\">\n                        <button class=\"faq-trigger\" id=\"faq-button-faq-5\" type=\"button\" aria-expanded=\"false\"\n                            aria-controls=\"faq-answer-faq-5\"\n                            aria-describedby=\"faq-answer-faq-5\">\n                            <h2>\u00bfHabr\u00e1 orientaci\u00f3n? <\/h2>\n                        <\/button>\n                    <\/div>\n                    <div class=\"faqanswer\" id=\"faq-answer-faq-5\" role=\"region\"\n                        aria-labelledby=\"faq-button-faq-5\" style=\"visibility: hidden; max-height: 0;\">\n                        <div class=\"faq-content\">\n                            <p>S\u00ed. Todos los voluntarios, nuevos y antiguos, asisten a una orientaci\u00f3n o Volly-O, que consiste en varios cursos de formaci\u00f3n en persona, y tiene lugar el d\u00eda antes de la llegada de los campistas (sesi\u00f3n de campamento de verano) o el viernes antes de una sesi\u00f3n de campamento familiar. Nos aseguraremos de que est\u00e9s totalmente preparado y siempre hay miembros del personal disponibles como recurso (as\u00ed como voluntarios m\u00e9dicos experimentados como apoyo).<\/p>\n\n                        <\/div>\n                    <\/div>\n                <\/div>\n                        <\/div>\n<\/div>\n<\/div>\n<\/div>","protected":false},"excerpt":{"rendered":"<p>Los profesionales m\u00e9dicos que vienen a Roundup River Ranch suelen decir que es su semana favorita del a\u00f1o. Es una ... <a href=\"https:\/\/roundupriverranch.org\/es\/volunteer\/medical-roles\/\">Contin\u00faa<\/a><\/p>","protected":false},"author":1,"featured_media":0,"parent":652,"menu_order":0,"comment_status":"closed","ping_status":"open","template":"template-secondary.blade.php","meta":{"_acf_changed":false,"footnotes":""},"class_list":["post-693","page","type-page","status-publish","hentry"],"acf":[],"yoast_head":"<!-- This site is optimized with the Yoast SEO Premium plugin v26.9 (Yoast SEO v27.4) - https:\/\/yoast.com\/product\/yoast-seo-premium-wordpress\/ -->\n<title>Medical Roles - Roundup River Ranch<\/title>\n<meta name=\"robots\" content=\"index, follow, max-snippet:-1, max-image-preview:large, max-video-preview:-1\" \/>\n<link rel=\"canonical\" href=\"https:\/\/roundupriverranch.org\/es\/volunteer\/medical-roles\/\" \/>\n<meta property=\"og:locale\" content=\"es_ES\" \/>\n<meta property=\"og:type\" content=\"article\" \/>\n<meta property=\"og:title\" content=\"Medical Roles\" \/>\n<meta property=\"og:description\" content=\"The medical professionals who come to Roundup River Ranch often say that it is their very favorite week of the year. It is a unique &hellip; Continued\" \/>\n<meta property=\"og:url\" content=\"https:\/\/roundupriverranch.org\/es\/volunteer\/medical-roles\/\" \/>\n<meta property=\"og:site_name\" content=\"Roundup River Ranch\" \/>\n<meta property=\"article:publisher\" content=\"https:\/\/www.facebook.com\/roundupriverranch\/\" \/>\n<meta property=\"article:modified_time\" content=\"2025-12-17T23:42:13+00:00\" \/>\n<meta property=\"og:image\" content=\"https:\/\/roundupriverranch.org\/wp-content\/uploads\/2025\/11\/marshmellows.svg\" \/>\n<meta name=\"twitter:card\" content=\"summary_large_image\" \/>\n<meta name=\"twitter:label1\" content=\"Tiempo de lectura\" \/>\n\t<meta name=\"twitter:data1\" content=\"2 minutos\" \/>\n<script type=\"application\/ld+json\" class=\"yoast-schema-graph\">{\"@context\":\"https:\\\/\\\/schema.org\",\"@graph\":[{\"@type\":\"WebPage\",\"@id\":\"https:\\\/\\\/roundupriverranch.org\\\/volunteer\\\/medical-roles\\\/\",\"url\":\"https:\\\/\\\/roundupriverranch.org\\\/volunteer\\\/medical-roles\\\/\",\"name\":\"Medical Roles - Roundup River Ranch\",\"isPartOf\":{\"@id\":\"https:\\\/\\\/roundupriverranch.org\\\/#website\"},\"primaryImageOfPage\":{\"@id\":\"https:\\\/\\\/roundupriverranch.org\\\/volunteer\\\/medical-roles\\\/#primaryimage\"},\"image\":{\"@id\":\"https:\\\/\\\/roundupriverranch.org\\\/volunteer\\\/medical-roles\\\/#primaryimage\"},\"thumbnailUrl\":\"https:\\\/\\\/roundupriverranch.org\\\/wp-content\\\/uploads\\\/2025\\\/11\\\/marshmellows.svg\",\"datePublished\":\"2025-12-08T17:08:10+00:00\",\"dateModified\":\"2025-12-17T23:42:13+00:00\",\"breadcrumb\":{\"@id\":\"https:\\\/\\\/roundupriverranch.org\\\/volunteer\\\/medical-roles\\\/#breadcrumb\"},\"inLanguage\":\"es\",\"potentialAction\":[{\"@type\":\"ReadAction\",\"target\":[\"https:\\\/\\\/roundupriverranch.org\\\/volunteer\\\/medical-roles\\\/\"]}]},{\"@type\":\"ImageObject\",\"inLanguage\":\"es\",\"@id\":\"https:\\\/\\\/roundupriverranch.org\\\/volunteer\\\/medical-roles\\\/#primaryimage\",\"url\":\"https:\\\/\\\/roundupriverranch.org\\\/wp-content\\\/uploads\\\/2025\\\/11\\\/marshmellows.svg\",\"contentUrl\":\"https:\\\/\\\/roundupriverranch.org\\\/wp-content\\\/uploads\\\/2025\\\/11\\\/marshmellows.svg\"},{\"@type\":\"BreadcrumbList\",\"@id\":\"https:\\\/\\\/roundupriverranch.org\\\/volunteer\\\/medical-roles\\\/#breadcrumb\",\"itemListElement\":[{\"@type\":\"ListItem\",\"position\":1,\"name\":\"Home\",\"item\":\"https:\\\/\\\/roundupriverranch.org\\\/\"},{\"@type\":\"ListItem\",\"position\":2,\"name\":\"Volunteer\",\"item\":\"https:\\\/\\\/roundupriverranch.org\\\/volunteer\\\/\"},{\"@type\":\"ListItem\",\"position\":3,\"name\":\"Medical Roles\"}]},{\"@type\":\"WebSite\",\"@id\":\"https:\\\/\\\/roundupriverranch.org\\\/#website\",\"url\":\"https:\\\/\\\/roundupriverranch.org\\\/\",\"name\":\"Roundup River Ranch\",\"description\":\"\",\"potentialAction\":[{\"@type\":\"SearchAction\",\"target\":{\"@type\":\"EntryPoint\",\"urlTemplate\":\"https:\\\/\\\/roundupriverranch.org\\\/?s={search_term_string}\"},\"query-input\":{\"@type\":\"PropertyValueSpecification\",\"valueRequired\":true,\"valueName\":\"search_term_string\"}}],\"inLanguage\":\"es\"}]}<\/script>\n<!-- \/ Yoast SEO Premium plugin. -->","yoast_head_json":{"title":"Funciones m\u00e9dicas - Roundup River Ranch","robots":{"index":"index","follow":"follow","max-snippet":"max-snippet:-1","max-image-preview":"max-image-preview:large","max-video-preview":"max-video-preview:-1"},"canonical":"https:\/\/roundupriverranch.org\/es\/volunteer\/medical-roles\/","og_locale":"es_ES","og_type":"article","og_title":"Medical Roles","og_description":"The medical professionals who come to Roundup River Ranch often say that it is their very favorite week of the year. It is a unique &hellip; Continued","og_url":"https:\/\/roundupriverranch.org\/es\/volunteer\/medical-roles\/","og_site_name":"Roundup River Ranch","article_publisher":"https:\/\/www.facebook.com\/roundupriverranch\/","article_modified_time":"2025-12-17T23:42:13+00:00","og_image":[{"url":"https:\/\/roundupriverranch.org\/wp-content\/uploads\/2025\/11\/marshmellows.svg","type":"","width":"","height":""}],"twitter_card":"summary_large_image","twitter_misc":{"Tiempo de lectura":"2 minutos"},"schema":{"@context":"https:\/\/schema.org","@graph":[{"@type":"WebPage","@id":"https:\/\/roundupriverranch.org\/volunteer\/medical-roles\/","url":"https:\/\/roundupriverranch.org\/volunteer\/medical-roles\/","name":"Funciones m\u00e9dicas - Roundup River Ranch","isPartOf":{"@id":"https:\/\/roundupriverranch.org\/#website"},"primaryImageOfPage":{"@id":"https:\/\/roundupriverranch.org\/volunteer\/medical-roles\/#primaryimage"},"image":{"@id":"https:\/\/roundupriverranch.org\/volunteer\/medical-roles\/#primaryimage"},"thumbnailUrl":"https:\/\/roundupriverranch.org\/wp-content\/uploads\/2025\/11\/marshmellows.svg","datePublished":"2025-12-08T17:08:10+00:00","dateModified":"2025-12-17T23:42:13+00:00","breadcrumb":{"@id":"https:\/\/roundupriverranch.org\/volunteer\/medical-roles\/#breadcrumb"},"inLanguage":"es","potentialAction":[{"@type":"ReadAction","target":["https:\/\/roundupriverranch.org\/volunteer\/medical-roles\/"]}]},{"@type":"ImageObject","inLanguage":"es","@id":"https:\/\/roundupriverranch.org\/volunteer\/medical-roles\/#primaryimage","url":"https:\/\/roundupriverranch.org\/wp-content\/uploads\/2025\/11\/marshmellows.svg","contentUrl":"https:\/\/roundupriverranch.org\/wp-content\/uploads\/2025\/11\/marshmellows.svg"},{"@type":"BreadcrumbList","@id":"https:\/\/roundupriverranch.org\/volunteer\/medical-roles\/#breadcrumb","itemListElement":[{"@type":"ListItem","position":1,"name":"Home","item":"https:\/\/roundupriverranch.org\/"},{"@type":"ListItem","position":2,"name":"Volunteer","item":"https:\/\/roundupriverranch.org\/volunteer\/"},{"@type":"ListItem","position":3,"name":"Medical Roles"}]},{"@type":"WebSite","@id":"https:\/\/roundupriverranch.org\/#website","url":"https:\/\/roundupriverranch.org\/","name":"Rancho Roundup River","description":"","potentialAction":[{"@type":"SearchAction","target":{"@type":"EntryPoint","urlTemplate":"https:\/\/roundupriverranch.org\/?s={search_term_string}"},"query-input":{"@type":"PropertyValueSpecification","valueRequired":true,"valueName":"search_term_string"}}],"inLanguage":"es"}]}},"_links":{"self":[{"href":"https:\/\/roundupriverranch.org\/es\/wp-json\/wp\/v2\/pages\/693","targetHints":{"allow":["GET"]}}],"collection":[{"href":"https:\/\/roundupriverranch.org\/es\/wp-json\/wp\/v2\/pages"}],"about":[{"href":"https:\/\/roundupriverranch.org\/es\/wp-json\/wp\/v2\/types\/page"}],"author":[{"embeddable":true,"href":"https:\/\/roundupriverranch.org\/es\/wp-json\/wp\/v2\/users\/1"}],"replies":[{"embeddable":true,"href":"https:\/\/roundupriverranch.org\/es\/wp-json\/wp\/v2\/comments?post=693"}],"version-history":[{"count":23,"href":"https:\/\/roundupriverranch.org\/es\/wp-json\/wp\/v2\/pages\/693\/revisions"}],"predecessor-version":[{"id":11319,"href":"https:\/\/roundupriverranch.org\/es\/wp-json\/wp\/v2\/pages\/693\/revisions\/11319"}],"up":[{"embeddable":true,"href":"https:\/\/roundupriverranch.org\/es\/wp-json\/wp\/v2\/pages\/652"}],"wp:attachment":[{"href":"https:\/\/roundupriverranch.org\/es\/wp-json\/wp\/v2\/media?parent=693"}],"curies":[{"name":"wp","href":"https:\/\/api.w.org\/{rel}","templated":true}]}}