{"id":695,"date":"2025-12-08T17:08:31","date_gmt":"2025-12-08T17:08:31","guid":{"rendered":"https:\/\/roundupriverranch.org\/?page_id=695"},"modified":"2026-01-06T19:20:23","modified_gmt":"2026-01-06T19:20:23","slug":"day-group-roles","status":"publish","type":"page","link":"https:\/\/roundupriverranch.org\/es\/volunteer\/day-group-roles\/","title":{"rendered":"Funciones del d\u00eda y del grupo"},"content":{"rendered":"<div class=\"blueheaderblock\">\n    <div class=\"blueheaderblockinner\">\n\n                    <div class=\"headerouter\">\n                <div class=\"headerimage\" style=\"background-image: url(https:\/\/roundupriverranch.org\/wp-content\/uploads\/2025\/12\/roundup-river-ranch-camp-2000x460-feature118.png)\">\n                    <img decoding=\"async\" src=\"https:\/\/roundupriverranch.org\/wp-content\/uploads\/2025\/12\/roundup-river-ranch-camp-2000x460-feature118.png\" alt=\"Group of volunteers and counselors\" \/>\n                <\/div>\n                <div class=\"mobileheaderimage\">\n                    <img decoding=\"async\" src=\"https:\/\/roundupriverranch.org\/wp-content\/uploads\/2025\/12\/roundup-river-ranch-camp-930x500-feature11.png\" alt=\"Group of volunteers and counselors\" \/>\n                <\/div>\n\n                <div class=\"defaultheadercurve\">\n                    <img decoding=\"async\" src=\"https:\/\/roundupriverranch.org\/wp-content\/themes\/sage\/public\/build\/assets\/blueheadercurve-DX-Y35aK.svg\" alt=\"\">\n                <\/div>\n            <\/div>\n        \n        <div class=\"headerlowercontent\" role=\"region\" aria-label=\"Contenido de la cabecera\">\n            <div class=\"headercontentinner\">\n                <h1 class=\"headerblocktitle\">Funciones del d\u00eda y del grupo<\/h1>\n                <h2 style=\"text-align: center;\">PUEDES TENER UN GRAN IMPACTO EN UN SOLO D\u00cdA.<\/h2>\n\n            <\/div>\n        <\/div>\n    <\/div>\n    <div class=\"blueheadermask\">\n        <img decoding=\"async\" src=\"https:\/\/roundupriverranch.org\/wp-content\/themes\/sage\/public\/build\/assets\/bluseheadermask-BfkAQK3X.svg\" alt=\"\">\n    <\/div>\n<\/div>\n\n\n\n<p class=\"has-text-align-center\">Hay muchas maneras de participar en la experiencia del campamento, aunque s\u00f3lo puedas ser voluntario por un d\u00eda. Los Voluntarios de D\u00eda y de Grupo desempe\u00f1an un papel vital para hacer posible el campamento, apoyando desde las operaciones entre bastidores hasta los eventos especiales y los Programas de Extensi\u00f3n. Tanto si eres voluntario por tu cuenta, con amigos o como parte de un grupo corporativo o comunitario, estas oportunidades ofrecen formas flexibles de tener un impacto significativo en un solo d\u00eda o en un compromiso a corto plazo.<\/p>\n\n\n\n<p class=\"has-text-align-center\">Desde ayudar a preparar el campamento entre sesiones, apoyar a los campistas y al personal durante las comidas, ayudar con las instalaciones y las operaciones, o echar una mano en eventos y programas de divulgaci\u00f3n, los voluntarios de d\u00eda y de grupo ayudan a garantizar que el campamento funcione sin problemas y siga siendo un lugar acogedor y alegre para las familias. Estas funciones son perfectas para individuos, grupos sociales y equipos corporativos que buscan retribuir juntos, crear v\u00ednculos y ver el impacto de su tiempo de primera mano.<\/p>\n\n\n\n<p class=\"has-xl-font-size\"><strong>Explore las oportunidades que se ofrecen a continuaci\u00f3n para encontrar la funci\u00f3n que mejor se adapte a sus intereses, disponibilidad y tama\u00f1o del grupo.<\/strong><\/p>\n\n\n\n<ul class=\"wp-block-list\">\n<li>Grupos Reset &amp; Refresh en el campamento<\/li>\n<\/ul>\n\n\n\n<ul class=\"wp-block-list\">\n<li>Oportunidades de Retiro Corporativo de Reset &amp; Refresh en el Campamento<\/li>\n<\/ul>\n\n\n\n<ul class=\"wp-block-list\">\n<li>Proyectos en peque\u00f1os grupos<\/li>\n<\/ul>\n\n\n\n<ul class=\"wp-block-list\">\n<li>D\u00eda de cocina Voluntario en el campamento<\/li>\n<\/ul>\n\n\n\n<ul class=\"wp-block-list\">\n<li>Apoyo administrativo\/eventos<\/li>\n<\/ul>\n\n\n\n<ul class=\"wp-block-list\">\n<li>Apoyo a las instalaciones del campamento<\/li>\n<\/ul>\n\n\n\n<ul class=\"wp-block-list\">\n<li>Consejero de cabina en l\u00ednea<\/li>\n<\/ul>\n\n\n\n<ul class=\"wp-block-list\">\n<li>Empaquetador de cajas de divulgaci\u00f3n<\/li>\n<\/ul>\n\n\n\n<ul class=\"wp-block-list\">\n<li>Howdy Programas Hangout<\/li>\n<\/ul>\n\n\n\n<div style=\"height:60px\" aria-hidden=\"true\" class=\"wp-block-spacer\"><\/div>\n\n\n\n<div class=\"wp-block-columns darkgreencamp reversemob is-layout-flex wp-container-core-columns-is-layout-9d6595d7 wp-block-columns-is-layout-flex\">\n<div class=\"wp-block-column is-layout-flow wp-block-column-is-layout-flow\" style=\"flex-basis:33.33%\">\n<figure class=\"wp-block-image aligncenter size-large is-resized\"><img loading=\"lazy\" decoding=\"async\" width=\"206\" height=\"466\" src=\"https:\/\/roundupriverranch.org\/wp-content\/uploads\/2025\/11\/marshmellows.svg\" alt=\"\" class=\"wp-image-186\" style=\"object-fit:contain;width:220px;height:494px\"\/><\/figure>\n\n\n\n<div style=\"height:50px\" aria-hidden=\"true\" class=\"wp-block-spacer\"><\/div>\n\n\n<\/div>\n\n\n\n<div class=\"wp-block-column is-layout-flow wp-block-column-is-layout-flow\" style=\"flex-basis:66.7%\">\n<h2 class=\"wp-block-heading\" id=\"h-frequently-asked-questions\">PREGUNTAS M\u00c1S FRECUENTES<\/h2>\n\n\n\n<div style=\"height:40px\" aria-hidden=\"true\" class=\"wp-block-spacer\"><\/div>\n\n\n<div class=\"faqwrapper\">\n    <div class=\"faqinner\">\n                                    \n                <div class=\"faqitem\" data-faq-index=\"0\">\n                    <div class=\"faqquestion\">\n                        <button class=\"faq-trigger\" id=\"faq-button-faq-1\" type=\"button\" aria-expanded=\"false\"\n                            aria-controls=\"faq-answer-faq-1\"\n                            aria-describedby=\"faq-answer-faq-1\">\n                            <h2>\u00bfPor qu\u00e9 se necesitan voluntarios en Roundup River Ranch?<\/h2>\n                        <\/button>\n                    <\/div>\n                    <div class=\"faqanswer\" id=\"faq-answer-faq-1\" role=\"region\"\n                        aria-labelledby=\"faq-button-faq-1\" style=\"visibility: hidden; max-height: 0;\">\n                        <div class=\"faq-content\">\n                            <p>El campamento s\u00f3lo puede llevarse a cabo con el apoyo de nuestros incre\u00edbles voluntarios que dan de su tiempo y talento. Dado que ning\u00fan campista paga un centavo para experimentar un programa Roundup River Ranch, nuestros voluntarios son realmente lo que lo hacen posible. Adem\u00e1s, nuestros voluntarios a\u00f1aden otro nivel de alegr\u00eda a todo lo que hacemos.<\/p>\n\n                        <\/div>\n                    <\/div>\n                <\/div>\n                            \n                <div class=\"faqitem\" data-faq-index=\"1\">\n                    <div class=\"faqquestion\">\n                        <button class=\"faq-trigger\" id=\"faq-button-faq-2\" type=\"button\" aria-expanded=\"false\"\n                            aria-controls=\"faq-answer-faq-2\"\n                            aria-describedby=\"faq-answer-faq-2\">\n                            <h2>\u00bfCu\u00e1l es la edad m\u00ednima para ser voluntario?<\/h2>\n                        <\/button>\n                    <\/div>\n                    <div class=\"faqanswer\" id=\"faq-answer-faq-2\" role=\"region\"\n                        aria-labelledby=\"faq-button-faq-2\" style=\"visibility: hidden; max-height: 0;\">\n                        <div class=\"faq-content\">\n                            <p>La mayor\u00eda de nuestros puestos de voluntariado durante una sesi\u00f3n de campamento est\u00e1n reservados para mayores de 19 a\u00f1os. Disponemos de algunos puestos no residenciales para j\u00f3venes de 16 a 18 a\u00f1os durante las sesiones de campamento. Ofrecemos jornadas de voluntariado en proyectos de servicio durante todo el a\u00f1o para grupos escolares, particulares y empresas. Todos los j\u00f3venes menores de 18 a\u00f1os deben estar supervisados por un adulto de su grupo. Para programar una Jornada de Voluntariado en Proyectos de Servicio, p\u00f3ngase en contacto con nosotros en <a href=\"mailto:volunteer@roundupriverranch.org\">volunteer@roundupriverranch.org<\/a> para conocer la disponibilidad y la programaci\u00f3n.<\/p>\n\n                        <\/div>\n                    <\/div>\n                <\/div>\n                            \n                <div class=\"faqitem\" data-faq-index=\"2\">\n                    <div class=\"faqquestion\">\n                        <button class=\"faq-trigger\" id=\"faq-button-faq-3\" type=\"button\" aria-expanded=\"false\"\n                            aria-controls=\"faq-answer-faq-3\"\n                            aria-describedby=\"faq-answer-faq-3\">\n                            <h2>\u00bfQu\u00e9 meses puedo ser voluntario en Roundup River Ranch?<\/h2>\n                        <\/button>\n                    <\/div>\n                    <div class=\"faqanswer\" id=\"faq-answer-faq-3\" role=\"region\"\n                        aria-labelledby=\"faq-button-faq-3\" style=\"visibility: hidden; max-height: 0;\">\n                        <div class=\"faq-content\">\n                            <div>\n<p>Todo el a\u00f1o Cada a\u00f1o, contamos con el apoyo de un variado grupo de voluntarios para ofrecer experiencias de campamento a ni\u00f1os con enfermedades graves y a sus familias. Necesitamos voluntarios durante todo el a\u00f1o para nuestros programas de campamento en l\u00ednea, sesiones de campamento de verano, fines de semana familiares y fuera de nuestro horario de campamento para ayudar en proyectos de servicio, instalaciones, administraci\u00f3n y otras actividades. Nos encantar\u00eda darle la bienvenida como nuevo voluntario, ya sea como monitor de campamento o aportando una habilidad especial.<\/p>\n<\/div>\n<p>Inf\u00f3rmese sobre las pr\u00f3ximas oportunidades en\u00a0<a href=\"mailto:volunteer@roundupriverranch.org\">volunteer@roundupriverranch.org<\/a>\u00a0o solicite ser voluntario para una sesi\u00f3n del campamento\u00a0<a href=\"https:\/\/roundupriverranch.campmanagement.com\/p\/register_staff_m.php\">aqu\u00ed.<\/a><\/p>\n\n                        <\/div>\n                    <\/div>\n                <\/div>\n                            \n                <div class=\"faqitem\" data-faq-index=\"3\">\n                    <div class=\"faqquestion\">\n                        <button class=\"faq-trigger\" id=\"faq-button-faq-4\" type=\"button\" aria-expanded=\"false\"\n                            aria-controls=\"faq-answer-faq-4\"\n                            aria-describedby=\"faq-answer-faq-4\">\n                            <h2>\u00bfCu\u00e1ndo debo presentar mi solicitud?<\/h2>\n                        <\/button>\n                    <\/div>\n                    <div class=\"faqanswer\" id=\"faq-answer-faq-4\" role=\"region\"\n                        aria-labelledby=\"faq-button-faq-4\" style=\"visibility: hidden; max-height: 0;\">\n                        <div class=\"faq-content\">\n                            <p>Los puestos de voluntario se cubren por orden de llegada. Las plazas se llenan r\u00e1pidamente, por lo que le recomendamos que presente su solicitud lo antes posible. Animamos a los nuevos voluntarios a presentar toda la documentaci\u00f3n al menos dos semanas antes de la sesi\u00f3n a la que deseen asistir.<\/p>\n\n                        <\/div>\n                    <\/div>\n                <\/div>\n                            \n                <div class=\"faqitem\" data-faq-index=\"4\">\n                    <div class=\"faqquestion\">\n                        <button class=\"faq-trigger\" id=\"faq-button-faq-5\" type=\"button\" aria-expanded=\"false\"\n                            aria-controls=\"faq-answer-faq-5\"\n                            aria-describedby=\"faq-answer-faq-5\">\n                            <h2>\u00bfQu\u00e9 hacen nuestros voluntarios m\u00e9dicos en el campamento?<\/h2>\n                        <\/button>\n                    <\/div>\n                    <div class=\"faqanswer\" id=\"faq-answer-faq-5\" role=\"region\"\n                        aria-labelledby=\"faq-button-faq-5\" style=\"visibility: hidden; max-height: 0;\">\n                        <div class=\"faq-content\">\n                            <p>Los campistas vienen a Roundup River Ranch con una serie de necesidades m\u00e9dicas \u00fanicas. Nuestro equipo m\u00e9dico es responsable de ayudar a satisfacer estas necesidades in situ en el campamento de verano. Durante los fines de semana de Campamento Familiar, las familias traer\u00e1n cualquier equipo, suministros y medicamentos que su hijo pueda necesitar. El equipo m\u00e9dico act\u00faa como un recurso para la familia. <a href=\"https:\/\/roundupriverranch.org\/es\/volunteer\/medical-roles\/\" target=\"_blank\" rel=\"noopener\">Para m\u00e1s informaci\u00f3n, consulte las preguntas frecuentes sobre el voluntariado m\u00e9dico.<\/a><\/p>\n\n                        <\/div>\n                    <\/div>\n                <\/div>\n                        <\/div>\n<\/div>\n<\/div>\n<\/div>","protected":false},"excerpt":{"rendered":"<p>Hay muchas formas de participar en la experiencia del campamento, aunque s\u00f3lo puedas ser voluntario durante un d\u00eda. Los voluntarios de d\u00eda y de grupo juegan... <a href=\"https:\/\/roundupriverranch.org\/es\/volunteer\/day-group-roles\/\">Contin\u00faa<\/a><\/p>","protected":false},"author":1,"featured_media":0,"parent":652,"menu_order":0,"comment_status":"closed","ping_status":"open","template":"template-secondary.blade.php","meta":{"_acf_changed":false,"footnotes":""},"class_list":["post-695","page","type-page","status-publish","hentry"],"acf":[],"yoast_head":"<!-- This site is optimized with the Yoast SEO Premium plugin v26.9 (Yoast SEO v27.4) - https:\/\/yoast.com\/product\/yoast-seo-premium-wordpress\/ -->\n<title>Day and Group Roles - Roundup River Ranch<\/title>\n<meta name=\"robots\" content=\"index, follow, max-snippet:-1, max-image-preview:large, max-video-preview:-1\" \/>\n<link rel=\"canonical\" href=\"https:\/\/roundupriverranch.org\/es\/volunteer\/day-group-roles\/\" \/>\n<meta property=\"og:locale\" content=\"es_ES\" \/>\n<meta property=\"og:type\" content=\"article\" \/>\n<meta property=\"og:title\" content=\"Day and Group Roles\" \/>\n<meta property=\"og:description\" content=\"There are many ways to step into the camp experience, even if you\u2019re only able to volunteer for a day. Day and Group Volunteers play &hellip; Continued\" \/>\n<meta property=\"og:url\" content=\"https:\/\/roundupriverranch.org\/es\/volunteer\/day-group-roles\/\" \/>\n<meta property=\"og:site_name\" content=\"Roundup River Ranch\" \/>\n<meta property=\"article:publisher\" content=\"https:\/\/www.facebook.com\/roundupriverranch\/\" \/>\n<meta property=\"article:modified_time\" content=\"2026-01-06T19:20:23+00:00\" \/>\n<meta property=\"og:image\" content=\"https:\/\/roundupriverranch.org\/wp-content\/uploads\/2025\/11\/marshmellows.svg\" \/>\n<meta name=\"twitter:card\" content=\"summary_large_image\" \/>\n<meta name=\"twitter:label1\" content=\"Tiempo de lectura\" \/>\n\t<meta name=\"twitter:data1\" content=\"2 minutos\" \/>\n<script type=\"application\/ld+json\" class=\"yoast-schema-graph\">{\"@context\":\"https:\\\/\\\/schema.org\",\"@graph\":[{\"@type\":\"WebPage\",\"@id\":\"https:\\\/\\\/roundupriverranch.org\\\/volunteer\\\/day-group-roles\\\/\",\"url\":\"https:\\\/\\\/roundupriverranch.org\\\/volunteer\\\/day-group-roles\\\/\",\"name\":\"Day and Group Roles - Roundup River Ranch\",\"isPartOf\":{\"@id\":\"https:\\\/\\\/roundupriverranch.org\\\/#website\"},\"primaryImageOfPage\":{\"@id\":\"https:\\\/\\\/roundupriverranch.org\\\/volunteer\\\/day-group-roles\\\/#primaryimage\"},\"image\":{\"@id\":\"https:\\\/\\\/roundupriverranch.org\\\/volunteer\\\/day-group-roles\\\/#primaryimage\"},\"thumbnailUrl\":\"https:\\\/\\\/roundupriverranch.org\\\/wp-content\\\/uploads\\\/2025\\\/11\\\/marshmellows.svg\",\"datePublished\":\"2025-12-08T17:08:31+00:00\",\"dateModified\":\"2026-01-06T19:20:23+00:00\",\"breadcrumb\":{\"@id\":\"https:\\\/\\\/roundupriverranch.org\\\/volunteer\\\/day-group-roles\\\/#breadcrumb\"},\"inLanguage\":\"es\",\"potentialAction\":[{\"@type\":\"ReadAction\",\"target\":[\"https:\\\/\\\/roundupriverranch.org\\\/volunteer\\\/day-group-roles\\\/\"]}]},{\"@type\":\"ImageObject\",\"inLanguage\":\"es\",\"@id\":\"https:\\\/\\\/roundupriverranch.org\\\/volunteer\\\/day-group-roles\\\/#primaryimage\",\"url\":\"https:\\\/\\\/roundupriverranch.org\\\/wp-content\\\/uploads\\\/2025\\\/11\\\/marshmellows.svg\",\"contentUrl\":\"https:\\\/\\\/roundupriverranch.org\\\/wp-content\\\/uploads\\\/2025\\\/11\\\/marshmellows.svg\"},{\"@type\":\"BreadcrumbList\",\"@id\":\"https:\\\/\\\/roundupriverranch.org\\\/volunteer\\\/day-group-roles\\\/#breadcrumb\",\"itemListElement\":[{\"@type\":\"ListItem\",\"position\":1,\"name\":\"Home\",\"item\":\"https:\\\/\\\/roundupriverranch.org\\\/\"},{\"@type\":\"ListItem\",\"position\":2,\"name\":\"Volunteer\",\"item\":\"https:\\\/\\\/roundupriverranch.org\\\/volunteer\\\/\"},{\"@type\":\"ListItem\",\"position\":3,\"name\":\"Day and Group Roles\"}]},{\"@type\":\"WebSite\",\"@id\":\"https:\\\/\\\/roundupriverranch.org\\\/#website\",\"url\":\"https:\\\/\\\/roundupriverranch.org\\\/\",\"name\":\"Roundup River Ranch\",\"description\":\"\",\"potentialAction\":[{\"@type\":\"SearchAction\",\"target\":{\"@type\":\"EntryPoint\",\"urlTemplate\":\"https:\\\/\\\/roundupriverranch.org\\\/?s={search_term_string}\"},\"query-input\":{\"@type\":\"PropertyValueSpecification\",\"valueRequired\":true,\"valueName\":\"search_term_string\"}}],\"inLanguage\":\"es\"}]}<\/script>\n<!-- \/ Yoast SEO Premium plugin. -->","yoast_head_json":{"title":"Roles de d\u00eda y de grupo - Roundup River Ranch","robots":{"index":"index","follow":"follow","max-snippet":"max-snippet:-1","max-image-preview":"max-image-preview:large","max-video-preview":"max-video-preview:-1"},"canonical":"https:\/\/roundupriverranch.org\/es\/volunteer\/day-group-roles\/","og_locale":"es_ES","og_type":"article","og_title":"Day and Group Roles","og_description":"There are many ways to step into the camp experience, even if you\u2019re only able to volunteer for a day. Day and Group Volunteers play &hellip; Continued","og_url":"https:\/\/roundupriverranch.org\/es\/volunteer\/day-group-roles\/","og_site_name":"Roundup River Ranch","article_publisher":"https:\/\/www.facebook.com\/roundupriverranch\/","article_modified_time":"2026-01-06T19:20:23+00:00","og_image":[{"url":"https:\/\/roundupriverranch.org\/wp-content\/uploads\/2025\/11\/marshmellows.svg","type":"","width":"","height":""}],"twitter_card":"summary_large_image","twitter_misc":{"Tiempo de lectura":"2 minutos"},"schema":{"@context":"https:\/\/schema.org","@graph":[{"@type":"WebPage","@id":"https:\/\/roundupriverranch.org\/volunteer\/day-group-roles\/","url":"https:\/\/roundupriverranch.org\/volunteer\/day-group-roles\/","name":"Roles de d\u00eda y de grupo - Roundup River Ranch","isPartOf":{"@id":"https:\/\/roundupriverranch.org\/#website"},"primaryImageOfPage":{"@id":"https:\/\/roundupriverranch.org\/volunteer\/day-group-roles\/#primaryimage"},"image":{"@id":"https:\/\/roundupriverranch.org\/volunteer\/day-group-roles\/#primaryimage"},"thumbnailUrl":"https:\/\/roundupriverranch.org\/wp-content\/uploads\/2025\/11\/marshmellows.svg","datePublished":"2025-12-08T17:08:31+00:00","dateModified":"2026-01-06T19:20:23+00:00","breadcrumb":{"@id":"https:\/\/roundupriverranch.org\/volunteer\/day-group-roles\/#breadcrumb"},"inLanguage":"es","potentialAction":[{"@type":"ReadAction","target":["https:\/\/roundupriverranch.org\/volunteer\/day-group-roles\/"]}]},{"@type":"ImageObject","inLanguage":"es","@id":"https:\/\/roundupriverranch.org\/volunteer\/day-group-roles\/#primaryimage","url":"https:\/\/roundupriverranch.org\/wp-content\/uploads\/2025\/11\/marshmellows.svg","contentUrl":"https:\/\/roundupriverranch.org\/wp-content\/uploads\/2025\/11\/marshmellows.svg"},{"@type":"BreadcrumbList","@id":"https:\/\/roundupriverranch.org\/volunteer\/day-group-roles\/#breadcrumb","itemListElement":[{"@type":"ListItem","position":1,"name":"Home","item":"https:\/\/roundupriverranch.org\/"},{"@type":"ListItem","position":2,"name":"Volunteer","item":"https:\/\/roundupriverranch.org\/volunteer\/"},{"@type":"ListItem","position":3,"name":"Day and Group Roles"}]},{"@type":"WebSite","@id":"https:\/\/roundupriverranch.org\/#website","url":"https:\/\/roundupriverranch.org\/","name":"Rancho Roundup River","description":"","potentialAction":[{"@type":"SearchAction","target":{"@type":"EntryPoint","urlTemplate":"https:\/\/roundupriverranch.org\/?s={search_term_string}"},"query-input":{"@type":"PropertyValueSpecification","valueRequired":true,"valueName":"search_term_string"}}],"inLanguage":"es"}]}},"_links":{"self":[{"href":"https:\/\/roundupriverranch.org\/es\/wp-json\/wp\/v2\/pages\/695","targetHints":{"allow":["GET"]}}],"collection":[{"href":"https:\/\/roundupriverranch.org\/es\/wp-json\/wp\/v2\/pages"}],"about":[{"href":"https:\/\/roundupriverranch.org\/es\/wp-json\/wp\/v2\/types\/page"}],"author":[{"embeddable":true,"href":"https:\/\/roundupriverranch.org\/es\/wp-json\/wp\/v2\/users\/1"}],"replies":[{"embeddable":true,"href":"https:\/\/roundupriverranch.org\/es\/wp-json\/wp\/v2\/comments?post=695"}],"version-history":[{"count":16,"href":"https:\/\/roundupriverranch.org\/es\/wp-json\/wp\/v2\/pages\/695\/revisions"}],"predecessor-version":[{"id":11855,"href":"https:\/\/roundupriverranch.org\/es\/wp-json\/wp\/v2\/pages\/695\/revisions\/11855"}],"up":[{"embeddable":true,"href":"https:\/\/roundupriverranch.org\/es\/wp-json\/wp\/v2\/pages\/652"}],"wp:attachment":[{"href":"https:\/\/roundupriverranch.org\/es\/wp-json\/wp\/v2\/media?parent=695"}],"curies":[{"name":"wp","href":"https:\/\/api.w.org\/{rel}","templated":true}]}}