{"id":701,"date":"2025-12-08T17:10:40","date_gmt":"2025-12-08T17:10:40","guid":{"rendered":"https:\/\/roundupriverranch.org\/?page_id=701"},"modified":"2026-01-06T19:18:47","modified_gmt":"2026-01-06T19:18:47","slug":"ranch-hand","status":"publish","type":"page","link":"https:\/\/roundupriverranch.org\/es\/volunteer\/residential-camp-roles\/ranch-hand\/","title":{"rendered":"Ranchero"},"content":{"rendered":"<div class=\"defaultheaderblock\">\n    <div class=\"defaultheaderblockinner\">\n\n                    <div class=\"headerouter\">\n                <div class=\"headerimage\" style=\"background-image: url(https:\/\/roundupriverranch.org\/wp-content\/uploads\/2025\/12\/roundup-river-ranch-camp-2000x460-main-header37.png)\">\n                    <img decoding=\"async\" src=\"https:\/\/roundupriverranch.org\/wp-content\/uploads\/2025\/12\/roundup-river-ranch-camp-2000x460-main-header37.png\" alt=\"equestrian program - campers on horses in field\" \/>\n                <\/div>\n                <div class=\"mobileheaderimage\">\n                    <img decoding=\"async\" src=\"https:\/\/roundupriverranch.org\/wp-content\/uploads\/2025\/12\/roundup-river-ranch-camp-mobile-930x50032-1.png\" alt=\"equestrian program - campers on horses in field\" \/>\n                <\/div>\n            <\/div>\n        \n    <\/div>\n    <div class=\"defaultheadercurve\">\n        <img decoding=\"async\" src=\"https:\/\/roundupriverranch.org\/wp-content\/themes\/sage\/public\/build\/assets\/defaultheadercurve-Cez_Hkub.svg\" alt=\"\">\n    <\/div>\n<\/div>\n\n\n\n<h1 class=\"wp-block-heading has-text-align-center\" id=\"h-ranch-hand\">Ranchero<\/h1>\n\n\n\n<h2 class=\"wp-block-heading has-text-align-center\" id=\"h-see-first-hand-how-camp-powers-entire-families-with-joy-hope-and-connection\">VER DE PRIMERA MANO C\u00d3MO EL CAMPAMENTO IMPULSA A FAMILIAS ENTERAS <br>CON ALEGR\u00cdA, ESPERANZA Y CONEXI\u00d3N.<\/h2>\n\n\n\n<p class=\"has-text-align-center\">Asume el papel tradicional de \u201cconsejero de campamento\u201d: \u00a1edici\u00f3n de campamento familiar! Como voluntario de RanchHand, proporcionar\u00e1s apoyo pr\u00e1ctico y orientaci\u00f3n a los campistas y sus familias durante su estancia en el campamento. Les animar\u00e1s durante las actividades, ayudar\u00e1s en las \u00e1reas del programa, en eventos especiales y en las comidas. Los Voluntarios de Rancho tambi\u00e9n pueden ayudar a dirigir actividades durante el fin de semana y permanecer\u00e1n en el alojamiento del personal durante su estancia en el campamento. Este papel ofrece la interacci\u00f3n m\u00e1s directa con las familias de los campistas, d\u00e1ndole una oportunidad \u00fanica de presenciar la alegr\u00eda, la conexi\u00f3n y la esperanza que el campamento trae a cada familia.<\/p>\n\n\n\n<hr class=\"wp-block-separator has-alpha-channel-opacity\"\/>\n\n\n\n<h2 class=\"wp-block-heading\" id=\"h-what-you-ll-do\"><strong>Qu\u00e9 har\u00e1s<\/strong><\/h2>\n\n\n\n<ul class=\"wp-block-list\">\n<li>Proporcionar apoyo pr\u00e1ctico y orientaci\u00f3n a los campistas y sus familias durante todo el campamento.<\/li>\n\n\n\n<li>Animar a las familias durante las actividades, los acontecimientos especiales y las comidas<\/li>\n\n\n\n<li>Asistir en las \u00e1reas del programa y ayudar a dirigir las actividades durante el fin de semana.<\/li>\n\n\n\n<li>Vivir en el alojamiento del personal durante la estancia en el campamento<\/li>\n\n\n\n<li>Interactuar directamente con las familias de los campistas, creando conexiones significativas.<\/li>\n<\/ul>\n\n\n\n<p><em>Por favor, revise los requisitos de voluntariado para asegurarse de que este papel es el adecuado antes de iniciar su solicitud.<\/em><\/p>\n\n\n\n<hr class=\"wp-block-separator has-alpha-channel-opacity\"\/>\n\n\n\n<p><strong>Requisitos para los voluntarios que regresan (deben cumplimentarse todos los a\u00f1os):<\/strong><\/p>\n\n\n\n<ul class=\"wp-block-list\">\n<li>Formulario de historial m\u00e9dico<\/li>\n\n\n\n<li>Acuerdos y pol\u00edticas de voluntariado<\/li>\n\n\n\n<li>Verificaci\u00f3n de antecedentes penales de voluntarios<\/li>\n\n\n\n<li>Vacuna antigripal<\/li>\n\n\n\n<li>Vital Camp Formaci\u00f3n en l\u00ednea<\/li>\n\n\n\n<li>Jornada completa de orientaci\u00f3n<\/li>\n\n\n\n<li>Seguro de mala praxis (s\u00f3lo proveedores\/enfermeros)<\/li>\n\n\n\n<li>Certificaci\u00f3n de Soporte Vital B\u00e1sico (SVB) o Soporte Vital Avanzado (SVA) (s\u00f3lo para voluntarios m\u00e9dicos)<\/li>\n<\/ul>\n\n\n\n<p><strong>Nuevos requisitos para ser voluntario:<\/strong><\/p>\n\n\n\n<ul class=\"wp-block-list\">\n<li>CDHS Background Inquiry Check- a completar cada 5 a\u00f1os (<em>se explica a continuaci\u00f3n<\/em>)<\/li>\n\n\n\n<li>Comprobaci\u00f3n de antecedentes dactilares: debe realizarse cada 5 a\u00f1os (<em>se explica a continuaci\u00f3n<\/em>)<\/li>\n\n\n\n<li>Notificaci\u00f3n de la Ley de Protecci\u00f3n de la Intimidad<\/li>\n\n\n\n<li>3 Referencias<\/li>\n\n\n\n<li>Formulario de historial m\u00e9dico<\/li>\n\n\n\n<li>Acuerdos y pol\u00edticas de voluntariado<\/li>\n\n\n\n<li>Verificaci\u00f3n de antecedentes penales de voluntarios<\/li>\n\n\n\n<li>Vacuna actual contra la gripe estacional<\/li>\n\n\n\n<li>Vital Camp Formaci\u00f3n en l\u00ednea<\/li>\n\n\n\n<li>Jornada completa de orientaci\u00f3n<\/li>\n\n\n\n<li>Seguro de mala praxis (s\u00f3lo proveedores\/enfermeros)<\/li>\n\n\n\n<li>Certificaci\u00f3n de Soporte Vital B\u00e1sico (SVB) o Soporte Vital Avanzado (SVA) (s\u00f3lo para voluntarios m\u00e9dicos)<\/li>\n<\/ul>\n\n\n\n<p><strong>Se necesitan nuevas cartillas de vacunaci\u00f3n para voluntarios:<\/strong><\/p>\n\n\n\n<p>Nuestra principal preocupaci\u00f3n es asegurar que usted y nuestros campistas tengan una experiencia de campamento saludable y divertida. Debido a que el sistema inmunol\u00f3gico de nuestros campistas est\u00e1 comprometido, es muy importante que todo el personal y los voluntarios cumplan con nuestros requisitos de vacunaci\u00f3n.<\/p>\n\n\n\n<p><em>Durante el primer a\u00f1o de voluntariado se exigen los registros de las siguientes vacunas:<\/em><\/p>\n\n\n\n<ul class=\"wp-block-list\">\n<li><strong>Hepatitis A<\/strong>: Obligatorio para todo el personal de cocina\/voluntarios y recomendado para todos. El personal de cocina\/voluntarios debe recibir un m\u00ednimo de una dosis un mes antes de asistir al campamento.<\/li>\n\n\n\n<li><strong>Hepatitis B<\/strong>: Existe un riesgo peque\u00f1o, pero real, de contraer la hepatitis B si no se vacuna. B si no se vacuna.  Si no recibe esta vacuna, debe firmar la exenci\u00f3n de Hepatitis B dentro del formulario de historial m\u00e9dico.<\/li>\n\n\n\n<li><strong>Sarampi\u00f3n, paperas y rubeola (SPR):<\/strong>&nbsp;Cualquier persona nacida en 1957 o m\u00e1s tarde debe proporcionar documentaci\u00f3n de dos vacunas MMR o tener un t\u00edtulo de anticuerpos MMR. Esta vacuna debe recibirse al menos 4 semanas antes de llegar al campamento (se requieren 2 fechas de vacunaci\u00f3n).<\/li>\n\n\n\n<li><strong>T\u00e9tanos\/tos ferina (Td\/TdaP):<\/strong>&nbsp;Debe estar en vigor y actualizado en los 10 a\u00f1os siguientes a la \u00faltima dosis.<\/li>\n\n\n\n<li><strong>Varicela:<\/strong>&nbsp;Fecha de la enfermedad de la varicela (debe figurar en el formulario de historial m\u00e9dico) O Dos dosis de la vacuna contra la varicela (debe recibirse 8 semanas antes de llegar al campamento)<\/li>\n<\/ul>\n\n\n\n<p><strong>Explicaci\u00f3n de la comprobaci\u00f3n de antecedentes y huellas dactilares:<\/strong><\/p>\n\n\n\n<p>Debido a la licencia de cuidado de ni\u00f1os de Colorado y los requisitos de acreditaci\u00f3n de ACA, nuestro personal y voluntarios completan una serie de 3 verificaciones de antecedentes antes de su participaci\u00f3n en nuestro programa. Los controles de antecedentes consisten en:&nbsp;<\/p>\n\n\n\n<ul class=\"wp-block-list\">\n<li>Una comprobaci\u00f3n de antecedentes basada en huellas dactilares que busca antecedentes penales en la base de datos de la Oficina de Investigaci\u00f3n de Colorado y en la base de datos de la Oficina Federal de Investigaci\u00f3n.<\/li>\n\n\n\n<li>Una comprobaci\u00f3n anual de antecedentes penales a escala nacional (tramitada a trav\u00e9s de CheckR; campbackgroundcheck.com para los voluntarios).<\/li>\n\n\n\n<li>Comprobaci\u00f3n de antecedentes en la base de datos del CDEC Trails en busca de antecedentes espec\u00edficos de maltrato y abandono de menores.<\/li>\n<\/ul>\n\n\n\n<div style=\"height:16px\" aria-hidden=\"true\" class=\"wp-block-spacer\"><\/div>\n\n\n\n<div class=\"wp-block-buttons is-content-justification-center is-layout-flex wp-container-core-buttons-is-layout-16018d1d wp-block-buttons-is-layout-flex\">\n<div class=\"wp-block-button drkgreen-btn\"><a class=\"wp-block-button__link has-text-align-center wp-element-button\" href=\"https:\/\/roundupriverranch.org\/es\/camp-programs\/onsite-programs\/\" target=\"_blank\" rel=\"noreferrer noopener\">Ver m\u00e1s oportunidades de Campamentos de verano y Campamentos familiares<\/a><\/div>\n<\/div>\n\n\n\n<div style=\"height:60px\" aria-hidden=\"true\" class=\"wp-block-spacer\"><\/div>\n\n\n\n<div class=\"wp-block-columns darkgreencamp reversemob is-layout-flex wp-container-core-columns-is-layout-9d6595d7 wp-block-columns-is-layout-flex\">\n<div class=\"wp-block-column is-layout-flow wp-block-column-is-layout-flow\" style=\"flex-basis:33.33%\">\n<figure class=\"wp-block-image aligncenter size-large is-resized\"><img loading=\"lazy\" decoding=\"async\" width=\"206\" height=\"466\" src=\"https:\/\/roundupriverranch.org\/wp-content\/uploads\/2025\/11\/marshmellows.svg\" alt=\"\" class=\"wp-image-186\" style=\"object-fit:contain;width:220px;height:494px\"\/><\/figure>\n\n\n\n<div style=\"height:50px\" aria-hidden=\"true\" class=\"wp-block-spacer\"><\/div>\n\n\n<\/div>\n\n\n\n<div class=\"wp-block-column is-layout-flow wp-block-column-is-layout-flow\" style=\"flex-basis:66.7%\">\n<h2 class=\"wp-block-heading\" id=\"h-frequently-asked-questions\">PREGUNTAS M\u00c1S FRECUENTES<\/h2>\n\n\n\n<div style=\"height:40px\" aria-hidden=\"true\" class=\"wp-block-spacer\"><\/div>\n\n\n<div class=\"faqwrapper\">\n    <div class=\"faqinner\">\n                                    \n                <div class=\"faqitem\" data-faq-index=\"0\">\n                    <div class=\"faqquestion\">\n                        <button class=\"faq-trigger\" id=\"faq-button-faq-1\" type=\"button\" aria-expanded=\"false\"\n                            aria-controls=\"faq-answer-faq-1\"\n                            aria-describedby=\"faq-answer-faq-1\">\n                            <h2>\u00bfPor qu\u00e9 se necesitan voluntarios en Roundup River Ranch?<\/h2>\n                        <\/button>\n                    <\/div>\n                    <div class=\"faqanswer\" id=\"faq-answer-faq-1\" role=\"region\"\n                        aria-labelledby=\"faq-button-faq-1\" style=\"visibility: hidden; max-height: 0;\">\n                        <div class=\"faq-content\">\n                            <p>El campamento s\u00f3lo puede llevarse a cabo con el apoyo de nuestros incre\u00edbles voluntarios que dan de su tiempo y talento. Dado que ning\u00fan campista paga un centavo para experimentar un programa Roundup River Ranch, nuestros voluntarios son realmente lo que lo hacen posible. Adem\u00e1s, nuestros voluntarios a\u00f1aden otro nivel de alegr\u00eda a todo lo que hacemos.<\/p>\n\n                        <\/div>\n                    <\/div>\n                <\/div>\n                            \n                <div class=\"faqitem\" data-faq-index=\"1\">\n                    <div class=\"faqquestion\">\n                        <button class=\"faq-trigger\" id=\"faq-button-faq-2\" type=\"button\" aria-expanded=\"false\"\n                            aria-controls=\"faq-answer-faq-2\"\n                            aria-describedby=\"faq-answer-faq-2\">\n                            <h2>\u00bfCu\u00e1l es la edad m\u00ednima para ser voluntario?<\/h2>\n                        <\/button>\n                    <\/div>\n                    <div class=\"faqanswer\" id=\"faq-answer-faq-2\" role=\"region\"\n                        aria-labelledby=\"faq-button-faq-2\" style=\"visibility: hidden; max-height: 0;\">\n                        <div class=\"faq-content\">\n                            <p>La mayor\u00eda de nuestros puestos de voluntariado durante una sesi\u00f3n de campamento est\u00e1n reservados para mayores de 19 a\u00f1os. Disponemos de algunos puestos no residenciales para j\u00f3venes de 16 a 18 a\u00f1os durante las sesiones de campamento. Ofrecemos jornadas de voluntariado en proyectos de servicio durante todo el a\u00f1o para grupos escolares, particulares y empresas. Todos los j\u00f3venes menores de 18 a\u00f1os deben estar supervisados por un adulto de su grupo. Para programar una Jornada de Voluntariado en Proyectos de Servicio, p\u00f3ngase en contacto con nosotros en <a href=\"mailto:volunteer@roundupriverranch.org\">volunteer@roundupriverranch.org<\/a> para conocer la disponibilidad y la programaci\u00f3n.<\/p>\n\n                        <\/div>\n                    <\/div>\n                <\/div>\n                            \n                <div class=\"faqitem\" data-faq-index=\"2\">\n                    <div class=\"faqquestion\">\n                        <button class=\"faq-trigger\" id=\"faq-button-faq-3\" type=\"button\" aria-expanded=\"false\"\n                            aria-controls=\"faq-answer-faq-3\"\n                            aria-describedby=\"faq-answer-faq-3\">\n                            <h2>\u00bfCu\u00e1ndo puedo ser voluntario en Roundup River Ranch?<\/h2>\n                        <\/button>\n                    <\/div>\n                    <div class=\"faqanswer\" id=\"faq-answer-faq-3\" role=\"region\"\n                        aria-labelledby=\"faq-button-faq-3\" style=\"visibility: hidden; max-height: 0;\">\n                        <div class=\"faq-content\">\n                            <div>\n<p>Todo el a\u00f1o Cada a\u00f1o, contamos con el apoyo de un variado grupo de voluntarios para ofrecer experiencias de campamento a ni\u00f1os con enfermedades graves y a sus familias. Necesitamos voluntarios durante todo el a\u00f1o para nuestros programas de campamento en l\u00ednea, sesiones de campamento de verano, fines de semana familiares y fuera de nuestro horario de campamento para ayudar en proyectos de servicio, instalaciones, administraci\u00f3n y otras actividades. Nos encantar\u00eda darle la bienvenida como nuevo voluntario, ya sea como monitor de campamento o aportando una habilidad especial.<\/p>\n<\/div>\n<p>Inf\u00f3rmese sobre las pr\u00f3ximas oportunidades en\u00a0<a href=\"mailto:volunteer@roundupriverranch.org\">volunteer@roundupriverranch.org<\/a>\u00a0o solicite ser voluntario para una sesi\u00f3n del campamento\u00a0<a href=\"https:\/\/roundupriverranch.campmanagement.com\/p\/register_staff_m.php\">aqu\u00ed.<\/a><\/p>\n\n                        <\/div>\n                    <\/div>\n                <\/div>\n                            \n                <div class=\"faqitem\" data-faq-index=\"3\">\n                    <div class=\"faqquestion\">\n                        <button class=\"faq-trigger\" id=\"faq-button-faq-4\" type=\"button\" aria-expanded=\"false\"\n                            aria-controls=\"faq-answer-faq-4\"\n                            aria-describedby=\"faq-answer-faq-4\">\n                            <h2>\u00bfCu\u00e1ndo debo presentar mi solicitud?<\/h2>\n                        <\/button>\n                    <\/div>\n                    <div class=\"faqanswer\" id=\"faq-answer-faq-4\" role=\"region\"\n                        aria-labelledby=\"faq-button-faq-4\" style=\"visibility: hidden; max-height: 0;\">\n                        <div class=\"faq-content\">\n                            <p>Los puestos de voluntario se cubren por orden de llegada. Las plazas se llenan r\u00e1pidamente, por lo que le recomendamos que presente su solicitud lo antes posible. Animamos a los nuevos voluntarios a presentar toda la documentaci\u00f3n al menos dos semanas antes de la sesi\u00f3n a la que deseen asistir.<\/p>\n\n                        <\/div>\n                    <\/div>\n                <\/div>\n                            \n                <div class=\"faqitem\" data-faq-index=\"4\">\n                    <div class=\"faqquestion\">\n                        <button class=\"faq-trigger\" id=\"faq-button-faq-5\" type=\"button\" aria-expanded=\"false\"\n                            aria-controls=\"faq-answer-faq-5\"\n                            aria-describedby=\"faq-answer-faq-5\">\n                            <h2>\u00bfQu\u00e9 hacen nuestros voluntarios m\u00e9dicos en el campamento?<\/h2>\n                        <\/button>\n                    <\/div>\n                    <div class=\"faqanswer\" id=\"faq-answer-faq-5\" role=\"region\"\n                        aria-labelledby=\"faq-button-faq-5\" style=\"visibility: hidden; max-height: 0;\">\n                        <div class=\"faq-content\">\n                            <p>Los campistas vienen a Roundup River Ranch con una serie de necesidades m\u00e9dicas \u00fanicas. Nuestro equipo m\u00e9dico es responsable de ayudar a satisfacer estas necesidades in situ en el campamento de verano. Durante los fines de semana de Campamento Familiar, las familias traer\u00e1n cualquier equipo, suministros y medicamentos que su hijo pueda necesitar. El equipo m\u00e9dico act\u00faa como un recurso para la familia. <a href=\"https:\/\/roundupriverranch.org\/es\/volunteer\/medical-roles\/\" target=\"_blank\" rel=\"noopener\">Para m\u00e1s informaci\u00f3n, consulte las preguntas frecuentes sobre el voluntariado m\u00e9dico.<\/a><\/p>\n\n                        <\/div>\n                    <\/div>\n                <\/div>\n                        <\/div>\n<\/div>\n<\/div>\n<\/div>","protected":false},"excerpt":{"rendered":"<p>Ranch Hand VE DE PRIMERA MANO C\u00d3MO EL CAMPAMENTO POTENCIA A FAMILIAS ENTERAS CON ALEGR\u00cdA, ESPERANZA Y CONEXI\u00d3N. M\u00e9tete en el papel tradicional de \u201cconsejero de campamento\u201d - \u00a1Edici\u00f3n Campamento Familiar! ... <a href=\"https:\/\/roundupriverranch.org\/es\/volunteer\/residential-camp-roles\/ranch-hand\/\">Contin\u00faa<\/a><\/p>","protected":false},"author":1,"featured_media":0,"parent":691,"menu_order":0,"comment_status":"closed","ping_status":"open","template":"template-secondary.blade.php","meta":{"_acf_changed":false,"footnotes":""},"class_list":["post-701","page","type-page","status-publish","hentry"],"acf":[],"yoast_head":"<!-- This site is optimized with the Yoast SEO Premium plugin v26.9 (Yoast SEO v27.4) - https:\/\/yoast.com\/product\/yoast-seo-premium-wordpress\/ -->\n<title>Ranch Hand - Roundup River Ranch<\/title>\n<meta name=\"robots\" content=\"index, follow, max-snippet:-1, max-image-preview:large, max-video-preview:-1\" \/>\n<link rel=\"canonical\" href=\"https:\/\/roundupriverranch.org\/es\/volunteer\/residential-camp-roles\/ranch-hand\/\" \/>\n<meta property=\"og:locale\" content=\"es_ES\" \/>\n<meta property=\"og:type\" content=\"article\" \/>\n<meta property=\"og:title\" content=\"Ranch Hand\" \/>\n<meta property=\"og:description\" content=\"Ranch Hand SEE FIRST-HAND HOW CAMP POWERS ENTIRE FAMILIES WITH JOY, HOPE, AND CONNECTION. Step into the traditional \u201ccamp counselor\u201d role &#8211; Family Camp edition! &hellip; Continued\" \/>\n<meta property=\"og:url\" content=\"https:\/\/roundupriverranch.org\/es\/volunteer\/residential-camp-roles\/ranch-hand\/\" \/>\n<meta property=\"og:site_name\" content=\"Roundup River Ranch\" \/>\n<meta property=\"article:publisher\" content=\"https:\/\/www.facebook.com\/roundupriverranch\/\" \/>\n<meta property=\"article:modified_time\" content=\"2026-01-06T19:18:47+00:00\" \/>\n<meta property=\"og:image\" content=\"https:\/\/roundupriverranch.org\/wp-content\/uploads\/2025\/11\/marshmellows.svg\" \/>\n<meta name=\"twitter:card\" content=\"summary_large_image\" \/>\n<meta name=\"twitter:label1\" content=\"Tiempo de lectura\" \/>\n\t<meta name=\"twitter:data1\" content=\"3 minutos\" \/>\n<script type=\"application\/ld+json\" class=\"yoast-schema-graph\">{\"@context\":\"https:\\\/\\\/schema.org\",\"@graph\":[{\"@type\":\"WebPage\",\"@id\":\"https:\\\/\\\/roundupriverranch.org\\\/volunteer\\\/residential-camp-roles\\\/ranch-hand\\\/\",\"url\":\"https:\\\/\\\/roundupriverranch.org\\\/volunteer\\\/residential-camp-roles\\\/ranch-hand\\\/\",\"name\":\"Ranch Hand - Roundup River Ranch\",\"isPartOf\":{\"@id\":\"https:\\\/\\\/roundupriverranch.org\\\/#website\"},\"primaryImageOfPage\":{\"@id\":\"https:\\\/\\\/roundupriverranch.org\\\/volunteer\\\/residential-camp-roles\\\/ranch-hand\\\/#primaryimage\"},\"image\":{\"@id\":\"https:\\\/\\\/roundupriverranch.org\\\/volunteer\\\/residential-camp-roles\\\/ranch-hand\\\/#primaryimage\"},\"thumbnailUrl\":\"https:\\\/\\\/roundupriverranch.org\\\/wp-content\\\/uploads\\\/2025\\\/11\\\/marshmellows.svg\",\"datePublished\":\"2025-12-08T17:10:40+00:00\",\"dateModified\":\"2026-01-06T19:18:47+00:00\",\"breadcrumb\":{\"@id\":\"https:\\\/\\\/roundupriverranch.org\\\/volunteer\\\/residential-camp-roles\\\/ranch-hand\\\/#breadcrumb\"},\"inLanguage\":\"es\",\"potentialAction\":[{\"@type\":\"ReadAction\",\"target\":[\"https:\\\/\\\/roundupriverranch.org\\\/volunteer\\\/residential-camp-roles\\\/ranch-hand\\\/\"]}]},{\"@type\":\"ImageObject\",\"inLanguage\":\"es\",\"@id\":\"https:\\\/\\\/roundupriverranch.org\\\/volunteer\\\/residential-camp-roles\\\/ranch-hand\\\/#primaryimage\",\"url\":\"https:\\\/\\\/roundupriverranch.org\\\/wp-content\\\/uploads\\\/2025\\\/11\\\/marshmellows.svg\",\"contentUrl\":\"https:\\\/\\\/roundupriverranch.org\\\/wp-content\\\/uploads\\\/2025\\\/11\\\/marshmellows.svg\"},{\"@type\":\"BreadcrumbList\",\"@id\":\"https:\\\/\\\/roundupriverranch.org\\\/volunteer\\\/residential-camp-roles\\\/ranch-hand\\\/#breadcrumb\",\"itemListElement\":[{\"@type\":\"ListItem\",\"position\":1,\"name\":\"Home\",\"item\":\"https:\\\/\\\/roundupriverranch.org\\\/\"},{\"@type\":\"ListItem\",\"position\":2,\"name\":\"Volunteer\",\"item\":\"https:\\\/\\\/roundupriverranch.org\\\/volunteer\\\/\"},{\"@type\":\"ListItem\",\"position\":3,\"name\":\"Residential Camp Roles\",\"item\":\"https:\\\/\\\/roundupriverranch.org\\\/volunteer\\\/residential-camp-roles\\\/\"},{\"@type\":\"ListItem\",\"position\":4,\"name\":\"Ranch Hand\"}]},{\"@type\":\"WebSite\",\"@id\":\"https:\\\/\\\/roundupriverranch.org\\\/#website\",\"url\":\"https:\\\/\\\/roundupriverranch.org\\\/\",\"name\":\"Roundup River Ranch\",\"description\":\"\",\"potentialAction\":[{\"@type\":\"SearchAction\",\"target\":{\"@type\":\"EntryPoint\",\"urlTemplate\":\"https:\\\/\\\/roundupriverranch.org\\\/?s={search_term_string}\"},\"query-input\":{\"@type\":\"PropertyValueSpecification\",\"valueRequired\":true,\"valueName\":\"search_term_string\"}}],\"inLanguage\":\"es\"}]}<\/script>\n<!-- \/ Yoast SEO Premium plugin. -->","yoast_head_json":{"title":"Ranchero - Roundup River Ranch","robots":{"index":"index","follow":"follow","max-snippet":"max-snippet:-1","max-image-preview":"max-image-preview:large","max-video-preview":"max-video-preview:-1"},"canonical":"https:\/\/roundupriverranch.org\/es\/volunteer\/residential-camp-roles\/ranch-hand\/","og_locale":"es_ES","og_type":"article","og_title":"Ranch Hand","og_description":"Ranch Hand SEE FIRST-HAND HOW CAMP POWERS ENTIRE FAMILIES WITH JOY, HOPE, AND CONNECTION. Step into the traditional \u201ccamp counselor\u201d role &#8211; Family Camp edition! &hellip; Continued","og_url":"https:\/\/roundupriverranch.org\/es\/volunteer\/residential-camp-roles\/ranch-hand\/","og_site_name":"Roundup River Ranch","article_publisher":"https:\/\/www.facebook.com\/roundupriverranch\/","article_modified_time":"2026-01-06T19:18:47+00:00","og_image":[{"url":"https:\/\/roundupriverranch.org\/wp-content\/uploads\/2025\/11\/marshmellows.svg","type":"","width":"","height":""}],"twitter_card":"summary_large_image","twitter_misc":{"Tiempo de lectura":"3 minutos"},"schema":{"@context":"https:\/\/schema.org","@graph":[{"@type":"WebPage","@id":"https:\/\/roundupriverranch.org\/volunteer\/residential-camp-roles\/ranch-hand\/","url":"https:\/\/roundupriverranch.org\/volunteer\/residential-camp-roles\/ranch-hand\/","name":"Ranchero - Roundup River Ranch","isPartOf":{"@id":"https:\/\/roundupriverranch.org\/#website"},"primaryImageOfPage":{"@id":"https:\/\/roundupriverranch.org\/volunteer\/residential-camp-roles\/ranch-hand\/#primaryimage"},"image":{"@id":"https:\/\/roundupriverranch.org\/volunteer\/residential-camp-roles\/ranch-hand\/#primaryimage"},"thumbnailUrl":"https:\/\/roundupriverranch.org\/wp-content\/uploads\/2025\/11\/marshmellows.svg","datePublished":"2025-12-08T17:10:40+00:00","dateModified":"2026-01-06T19:18:47+00:00","breadcrumb":{"@id":"https:\/\/roundupriverranch.org\/volunteer\/residential-camp-roles\/ranch-hand\/#breadcrumb"},"inLanguage":"es","potentialAction":[{"@type":"ReadAction","target":["https:\/\/roundupriverranch.org\/volunteer\/residential-camp-roles\/ranch-hand\/"]}]},{"@type":"ImageObject","inLanguage":"es","@id":"https:\/\/roundupriverranch.org\/volunteer\/residential-camp-roles\/ranch-hand\/#primaryimage","url":"https:\/\/roundupriverranch.org\/wp-content\/uploads\/2025\/11\/marshmellows.svg","contentUrl":"https:\/\/roundupriverranch.org\/wp-content\/uploads\/2025\/11\/marshmellows.svg"},{"@type":"BreadcrumbList","@id":"https:\/\/roundupriverranch.org\/volunteer\/residential-camp-roles\/ranch-hand\/#breadcrumb","itemListElement":[{"@type":"ListItem","position":1,"name":"Home","item":"https:\/\/roundupriverranch.org\/"},{"@type":"ListItem","position":2,"name":"Volunteer","item":"https:\/\/roundupriverranch.org\/volunteer\/"},{"@type":"ListItem","position":3,"name":"Residential Camp Roles","item":"https:\/\/roundupriverranch.org\/volunteer\/residential-camp-roles\/"},{"@type":"ListItem","position":4,"name":"Ranch Hand"}]},{"@type":"WebSite","@id":"https:\/\/roundupriverranch.org\/#website","url":"https:\/\/roundupriverranch.org\/","name":"Rancho Roundup River","description":"","potentialAction":[{"@type":"SearchAction","target":{"@type":"EntryPoint","urlTemplate":"https:\/\/roundupriverranch.org\/?s={search_term_string}"},"query-input":{"@type":"PropertyValueSpecification","valueRequired":true,"valueName":"search_term_string"}}],"inLanguage":"es"}]}},"_links":{"self":[{"href":"https:\/\/roundupriverranch.org\/es\/wp-json\/wp\/v2\/pages\/701","targetHints":{"allow":["GET"]}}],"collection":[{"href":"https:\/\/roundupriverranch.org\/es\/wp-json\/wp\/v2\/pages"}],"about":[{"href":"https:\/\/roundupriverranch.org\/es\/wp-json\/wp\/v2\/types\/page"}],"author":[{"embeddable":true,"href":"https:\/\/roundupriverranch.org\/es\/wp-json\/wp\/v2\/users\/1"}],"replies":[{"embeddable":true,"href":"https:\/\/roundupriverranch.org\/es\/wp-json\/wp\/v2\/comments?post=701"}],"version-history":[{"count":16,"href":"https:\/\/roundupriverranch.org\/es\/wp-json\/wp\/v2\/pages\/701\/revisions"}],"predecessor-version":[{"id":11854,"href":"https:\/\/roundupriverranch.org\/es\/wp-json\/wp\/v2\/pages\/701\/revisions\/11854"}],"up":[{"embeddable":true,"href":"https:\/\/roundupriverranch.org\/es\/wp-json\/wp\/v2\/pages\/691"}],"wp:attachment":[{"href":"https:\/\/roundupriverranch.org\/es\/wp-json\/wp\/v2\/media?parent=701"}],"curies":[{"name":"wp","href":"https:\/\/api.w.org\/{rel}","templated":true}]}}