{"id":703,"date":"2025-12-08T17:11:19","date_gmt":"2025-12-08T17:11:19","guid":{"rendered":"https:\/\/roundupriverranch.org\/?page_id=703"},"modified":"2025-12-17T21:26:43","modified_gmt":"2025-12-17T21:26:43","slug":"cabin-nurse-np-student","status":"publish","type":"page","link":"https:\/\/roundupriverranch.org\/es\/volunteer\/medical-roles\/cabin-nurse-np-student\/","title":{"rendered":"Estudiante de Enfermer\u00eda\/NP"},"content":{"rendered":"<div class=\"defaultheaderblock\">\n    <div class=\"defaultheaderblockinner\">\n\n                    <div class=\"headerouter\">\n                <div class=\"headerimage\" style=\"background-image: url(https:\/\/roundupriverranch.org\/wp-content\/uploads\/2025\/12\/roundup-river-ranch-camp-2000x460-feature-nurse.jpg)\">\n                    <img decoding=\"async\" src=\"https:\/\/roundupriverranch.org\/wp-content\/uploads\/2025\/12\/roundup-river-ranch-camp-2000x460-feature-nurse.jpg\" alt=\"nurse and camper fishing at pond\" \/>\n                <\/div>\n                <div class=\"mobileheaderimage\">\n                    <img decoding=\"async\" src=\"https:\/\/roundupriverranch.org\/wp-content\/uploads\/2025\/12\/roundup-river-ranch-camp-930x500-nurse.jpg\" alt=\"nurse and camper fishing at pond\" \/>\n                <\/div>\n            <\/div>\n        \n    <\/div>\n    <div class=\"defaultheadercurve\">\n        <img decoding=\"async\" src=\"https:\/\/roundupriverranch.org\/wp-content\/themes\/sage\/public\/build\/assets\/defaultheadercurve-Cez_Hkub.svg\" alt=\"\">\n    <\/div>\n<\/div>\n\n\n\n<h1 class=\"wp-block-heading has-text-align-center\" id=\"h-cabin-nurse-np-student\">Estudiante de Enfermer\u00eda\/NP<\/h1>\n\n\n\n<h2 class=\"wp-block-heading has-text-align-center\" id=\"h-perhaps-the-best-loved-medical-professionals-at-camp\">QUIZ\u00c1S EL M\u00c1S QUERIDO <br>PROFESIONALES M\u00c9DICOS EN EL CAMPAMENTO.<\/h2>\n\n\n\n<div style=\"height:20px\" aria-hidden=\"true\" class=\"wp-block-spacer\"><\/div>\n\n\n\n<p class=\"has-text-align-left\">Estos voluntarios m\u00e9dicos cuidan de una caba\u00f1a de hasta 10 campistas durante una sesi\u00f3n, proporcion\u00e1ndoles medicaci\u00f3n diaria y procedimientos rutinarios de enfermer\u00eda, al tiempo que participan en actividades y crean recuerdos con sus campistas. Las enfermeras viven en una habitaci\u00f3n privada (con ba\u00f1o) dentro de la caba\u00f1a y a menudo trabajan en parejas para garantizar una atenci\u00f3n continua y constante. Las enfermeras de caba\u00f1a se comprometen a participar en toda la sesi\u00f3n del campamento (v\u00e9anse las fechas de las sesiones para m\u00e1s detalles). La formaci\u00f3n y la orientaci\u00f3n se imparten antes o al comienzo de la sesi\u00f3n.<\/p>\n\n\n\n<div style=\"height:30px\" aria-hidden=\"true\" class=\"wp-block-spacer\"><\/div>\n\n\n\n<h3 class=\"wp-block-heading\" id=\"h-medical-duties\">Tareas m\u00e9dicas<\/h3>\n\n\n\n<ul class=\"wp-block-list\">\n<li>Administrar y documentar los medicamentos<\/li>\n\n\n\n<li>Cuidar la v\u00eda central y cambiar los vendajes<\/li>\n\n\n\n<li>Gestionar la alimentaci\u00f3n por sonda nasog\u00e1strica (continua y en bolo) y el cuidado de la sonda<\/li>\n\n\n\n<li>Cuidar de los cat\u00e9teres urinarios y realizar procedimientos rutinarios de enfermer\u00eda<\/li>\n\n\n\n<li>Comunicarse con el equipo m\u00e9dico del campamento sobre las necesidades y los cambios de los campistas.<\/li>\n<\/ul>\n\n\n\n<div style=\"height:30px\" aria-hidden=\"true\" class=\"wp-block-spacer\"><\/div>\n\n\n\n<h3 class=\"wp-block-heading\" id=\"h-camper-life\">Vida de campista<\/h3>\n\n\n\n<ul class=\"wp-block-list\">\n<li>Vivir en la caba\u00f1a (habitaci\u00f3n y ba\u00f1o privados)<\/li>\n\n\n\n<li>Participar en actividades, comidas y programas nocturnos con los campistas.<\/li>\n\n\n\n<li>Apoyar el bienestar emocional de los campistas y establecer relaciones de confianza<\/li>\n\n\n\n<li>Ayudar a crear una experiencia de campamento divertida y segura para cada ni\u00f1o.<\/li>\n<\/ul>\n\n\n\n<div style=\"height:30px\" aria-hidden=\"true\" class=\"wp-block-spacer\"><\/div>\n\n\n\n<h3 class=\"wp-block-heading\" id=\"h-details\">Detalles<\/h3>\n\n\n\n<ul class=\"wp-block-list\">\n<li>Ser el principal proveedor m\u00e9dico de una caba\u00f1a de hasta 10 campistas.<\/li>\n\n\n\n<li>Normalmente se asignan dos enfermeras por cabina para cobertura y apoyo.<\/li>\n\n\n\n<li>Los turnos se programan para garantizar una cobertura m\u00e9dica continua durante toda la sesi\u00f3n.<\/li>\n\n\n\n<li>Alojamiento: dormitorio privado y cuarto de ba\u00f1o situados dentro de la caba\u00f1a.<\/li>\n<\/ul>\n\n\n\n<div style=\"height:30px\" aria-hidden=\"true\" class=\"wp-block-spacer\"><\/div>\n\n\n\n<h3 class=\"wp-block-heading\" id=\"h-who-should-apply\">\u00bfQui\u00e9n debe solicitarlo?<\/h3>\n\n\n\n<ul class=\"wp-block-list\">\n<li>Licenciados en enfermer\u00eda (RN), licenciados en enfermer\u00eda (LPN) y estudiantes de enfermer\u00eda (NP) con experiencia cl\u00ednica<\/li>\n\n\n\n<li>Se siente c\u00f3modo con los cuidados pedi\u00e1tricos y complejos (v\u00edas centrales, sondas nasog\u00e1stricas, cuidado de heridas, etc.).<\/li>\n\n\n\n<li>En\u00e9rgico, flexible y dispuesto a incorporarse a la vida del campamento m\u00e1s all\u00e1 de las obligaciones cl\u00ednicas.<\/li>\n<\/ul>\n\n\n\n<div style=\"height:30px\" aria-hidden=\"true\" class=\"wp-block-spacer\"><\/div>\n\n\n\n<h3 class=\"wp-block-heading\" id=\"h-requirements-for-returning-volunteers-these-must-be-completed-every-year\">Requisitos para los voluntarios que regresan (deben cumplimentarse todos los a\u00f1os):<\/h3>\n\n\n\n<ul class=\"wp-block-list\">\n<li>Formulario de historial m\u00e9dico<\/li>\n\n\n\n<li>Acuerdos y pol\u00edticas de voluntariado<\/li>\n\n\n\n<li>Verificaci\u00f3n de antecedentes penales de voluntarios<\/li>\n\n\n\n<li>Vacuna antigripal<\/li>\n\n\n\n<li>Vital Camp Formaci\u00f3n en l\u00ednea<\/li>\n\n\n\n<li>Jornada completa de orientaci\u00f3n<\/li>\n\n\n\n<li>Seguro de mala praxis (s\u00f3lo proveedores\/enfermeros)<\/li>\n\n\n\n<li>Certificaci\u00f3n de Soporte Vital B\u00e1sico (SVB) o Soporte Vital Avanzado (SVA) (s\u00f3lo para voluntarios m\u00e9dicos)<\/li>\n<\/ul>\n\n\n\n<div style=\"height:30px\" aria-hidden=\"true\" class=\"wp-block-spacer\"><\/div>\n\n\n\n<h3 class=\"wp-block-heading\" id=\"h-new-volunteer-requirements\">Nuevos requisitos para ser voluntario:<\/h3>\n\n\n\n<ul class=\"wp-block-list\">\n<li>CDHS Background Inquiry Check- a completar cada 5 a\u00f1os (<em>se explica a continuaci\u00f3n<\/em>)<\/li>\n\n\n\n<li>Comprobaci\u00f3n de antecedentes dactilares: debe realizarse cada 5 a\u00f1os (<em>se explica a continuaci\u00f3n<\/em>)<\/li>\n\n\n\n<li>Notificaci\u00f3n de la Ley de Protecci\u00f3n de la Intimidad<\/li>\n\n\n\n<li>3 Referencias<\/li>\n\n\n\n<li>Formulario de historial m\u00e9dico<\/li>\n\n\n\n<li>Acuerdos y pol\u00edticas de voluntariado<\/li>\n\n\n\n<li>Verificaci\u00f3n de antecedentes penales de voluntarios<\/li>\n\n\n\n<li>Vacuna actual contra la gripe estacional<\/li>\n\n\n\n<li>Vital Camp Formaci\u00f3n en l\u00ednea<\/li>\n\n\n\n<li>Jornada completa de orientaci\u00f3n<\/li>\n\n\n\n<li>Seguro de mala praxis (s\u00f3lo proveedores\/enfermeros)<\/li>\n\n\n\n<li>Certificaci\u00f3n de Soporte Vital B\u00e1sico (SVB) o Soporte Vital Avanzado (SVA) (s\u00f3lo para voluntarios m\u00e9dicos)<\/li>\n<\/ul>\n\n\n\n<div style=\"height:30px\" aria-hidden=\"true\" class=\"wp-block-spacer\"><\/div>\n\n\n\n<h3 class=\"wp-block-heading\" id=\"h-new-volunteer-immunization-records-needed\">Se necesitan nuevas cartillas de vacunaci\u00f3n para voluntarios:<\/h3>\n\n\n\n<p>Nuestra principal preocupaci\u00f3n es asegurar que usted y nuestros campistas tengan una experiencia de campamento saludable y divertida. Debido a que el sistema inmunol\u00f3gico de nuestros campistas est\u00e1 comprometido, es muy importante que todo el personal y los voluntarios cumplan con nuestros requisitos de vacunaci\u00f3n.<\/p>\n\n\n\n<p><em>Durante el primer a\u00f1o de voluntariado se exigen los registros de las siguientes vacunas:<\/em><\/p>\n\n\n\n<ul class=\"wp-block-list\">\n<li><strong>Hepatitis A<\/strong>: Obligatorio para todo el personal de cocina\/voluntarios y recomendado para todos. El personal de cocina\/voluntarios debe recibir un m\u00ednimo de una dosis un mes antes de asistir al campamento.<\/li>\n\n\n\n<li><strong>Hepatitis B<\/strong>: Existe un riesgo peque\u00f1o, pero real, de contraer la hepatitis B si no se vacuna. B si no se vacuna.  Si no recibe esta vacuna, debe firmar la exenci\u00f3n de Hepatitis B dentro del formulario de historial m\u00e9dico.<\/li>\n\n\n\n<li><strong>Sarampi\u00f3n, paperas y rubeola (SPR):<\/strong> Cualquier persona nacida en 1957 o m\u00e1s tarde debe proporcionar documentaci\u00f3n de dos vacunas MMR o tener un t\u00edtulo de anticuerpos MMR. Esta vacuna debe recibirse al menos 4 semanas antes de llegar al campamento (se requieren 2 fechas de vacunaci\u00f3n).<\/li>\n\n\n\n<li><strong>T\u00e9tanos\/tos ferina (Td\/TdaP):<\/strong> Debe estar en vigor y actualizado en los 10 a\u00f1os siguientes a la \u00faltima dosis.<\/li>\n\n\n\n<li><strong>Varicela:<\/strong> Fecha de la enfermedad de la varicela (debe figurar en el formulario de historial m\u00e9dico) O Dos dosis de la vacuna contra la varicela (debe recibirse 8 semanas antes de llegar al campamento)<\/li>\n<\/ul>\n\n\n\n<div style=\"height:30px\" aria-hidden=\"true\" class=\"wp-block-spacer\"><\/div>\n\n\n\n<h3 class=\"wp-block-heading\" id=\"h-background-check-amp-fingerprinting-explained\">Explicaci\u00f3n de la comprobaci\u00f3n de antecedentes y huellas dactilares:<\/h3>\n\n\n\n<p>Debido a la licencia de cuidado de ni\u00f1os de Colorado y los requisitos de acreditaci\u00f3n de ACA, nuestro personal y voluntarios completan una serie de 3 verificaciones de antecedentes antes de su participaci\u00f3n en nuestro programa. Los controles de antecedentes consisten en:<\/p>\n\n\n\n<ul class=\"wp-block-list\">\n<li>Una comprobaci\u00f3n de antecedentes basada en huellas dactilares que busca antecedentes penales en la base de datos de la Oficina de Investigaci\u00f3n de Colorado y en la base de datos de la Oficina Federal de Investigaci\u00f3n.<\/li>\n\n\n\n<li>Una comprobaci\u00f3n anual de antecedentes penales a escala nacional (tramitada a trav\u00e9s de CheckR; campbackgroundcheck.com para los voluntarios).<\/li>\n<\/ul>\n\n\n\n<ul class=\"wp-block-list\">\n<li>Comprobaci\u00f3n de antecedentes en la base de datos del CDEC Trails en busca de antecedentes espec\u00edficos de maltrato y abandono de menores.<\/li>\n<\/ul>\n\n\n\n<hr class=\"wp-block-separator has-alpha-channel-opacity\"\/>\n\n\n\n<div style=\"height:23px\" aria-hidden=\"true\" class=\"wp-block-spacer\"><\/div>\n\n\n\n<div class=\"wp-block-group is-content-justification-center is-nowrap is-layout-flex wp-container-core-group-is-layout-94bc23d7 wp-block-group-is-layout-flex\">\n<div class=\"wp-block-buttons is-layout-flex wp-block-buttons-is-layout-flex\">\n<div class=\"wp-block-button drkgreen-btn\"><a class=\"wp-block-button__link wp-element-button\" href=\"https:\/\/acrobat.adobe.com\/id\/urn:aaid:sc:us:826a9578-4b53-4c64-9161-5dbe49d34d75\">Horario del campamento<\/a><\/div>\n\n\n\n<div class=\"wp-block-button drkgreen-btn\"><a class=\"wp-block-button__link wp-element-button\" href=\"https:\/\/acrobat.adobe.com\/id\/urn:aaid:sc:us:b0e8595c-d7f3-465d-b9d4-df1bb5a39cb9\">Recursos en espa\u00f1ol<\/a><\/div>\n<\/div>\n\n\n\n<div class=\"wp-block-buttons is-layout-flex wp-block-buttons-is-layout-flex\">\n<div class=\"wp-block-button drkgreen-btn\"><a class=\"wp-block-button__link wp-element-button\" href=\"https:\/\/roundupriverranch.org\/es\/camp-programs\/onsite-programs\/apply-for-camp\/\">Solicitar campamento<\/a><\/div>\n<\/div>\n<\/div>\n\n\n\n<div style=\"height:88px\" aria-hidden=\"true\" class=\"wp-block-spacer\"><\/div>\n\n\n\n<p><\/p>","protected":false},"excerpt":{"rendered":"<p>Enfermera de caba\u00f1a\/Estudiante de enfermer\u00eda PERO LOS PROFESIONALES M\u00c9DICOS M\u00c1S QUERIDOS DEL CAMPAMENTO. Estos voluntarios m\u00e9dicos cuidan de una caba\u00f1a de hasta 10 campistas durante una sesi\u00f3n, ... <a href=\"https:\/\/roundupriverranch.org\/es\/volunteer\/medical-roles\/cabin-nurse-np-student\/\">Contin\u00faa<\/a><\/p>","protected":false},"author":1,"featured_media":0,"parent":693,"menu_order":0,"comment_status":"closed","ping_status":"open","template":"template-secondary.blade.php","meta":{"_acf_changed":false,"footnotes":""},"class_list":["post-703","page","type-page","status-publish","hentry"],"acf":[],"yoast_head":"<!-- This site is optimized with the Yoast SEO Premium plugin v26.9 (Yoast SEO v27.4) - https:\/\/yoast.com\/product\/yoast-seo-premium-wordpress\/ -->\n<title>Cabin Nurse\/NP Student - Roundup River Ranch<\/title>\n<meta name=\"robots\" content=\"index, follow, max-snippet:-1, max-image-preview:large, max-video-preview:-1\" \/>\n<link rel=\"canonical\" href=\"https:\/\/roundupriverranch.org\/es\/volunteer\/medical-roles\/cabin-nurse-np-student\/\" \/>\n<meta property=\"og:locale\" content=\"es_ES\" \/>\n<meta property=\"og:type\" content=\"article\" \/>\n<meta property=\"og:title\" content=\"Cabin Nurse\/NP Student\" \/>\n<meta property=\"og:description\" content=\"Cabin Nurse\/NP Student PERHAPS THE BEST-LOVED MEDICAL PROFESSIONALS AT CAMP. These medical volunteers care for a cabin of up to 10 campers during a session, &hellip; Continued\" \/>\n<meta property=\"og:url\" content=\"https:\/\/roundupriverranch.org\/es\/volunteer\/medical-roles\/cabin-nurse-np-student\/\" \/>\n<meta property=\"og:site_name\" content=\"Roundup River Ranch\" \/>\n<meta property=\"article:publisher\" content=\"https:\/\/www.facebook.com\/roundupriverranch\/\" \/>\n<meta property=\"article:modified_time\" content=\"2025-12-17T21:26:43+00:00\" \/>\n<meta name=\"twitter:card\" content=\"summary_large_image\" \/>\n<meta name=\"twitter:label1\" content=\"Tiempo de lectura\" \/>\n\t<meta name=\"twitter:data1\" content=\"3 minutos\" \/>\n<script type=\"application\/ld+json\" class=\"yoast-schema-graph\">{\"@context\":\"https:\\\/\\\/schema.org\",\"@graph\":[{\"@type\":\"WebPage\",\"@id\":\"https:\\\/\\\/roundupriverranch.org\\\/volunteer\\\/medical-roles\\\/cabin-nurse-np-student\\\/\",\"url\":\"https:\\\/\\\/roundupriverranch.org\\\/volunteer\\\/medical-roles\\\/cabin-nurse-np-student\\\/\",\"name\":\"Cabin Nurse\\\/NP Student - Roundup River Ranch\",\"isPartOf\":{\"@id\":\"https:\\\/\\\/roundupriverranch.org\\\/#website\"},\"datePublished\":\"2025-12-08T17:11:19+00:00\",\"dateModified\":\"2025-12-17T21:26:43+00:00\",\"breadcrumb\":{\"@id\":\"https:\\\/\\\/roundupriverranch.org\\\/volunteer\\\/medical-roles\\\/cabin-nurse-np-student\\\/#breadcrumb\"},\"inLanguage\":\"es\",\"potentialAction\":[{\"@type\":\"ReadAction\",\"target\":[\"https:\\\/\\\/roundupriverranch.org\\\/volunteer\\\/medical-roles\\\/cabin-nurse-np-student\\\/\"]}]},{\"@type\":\"BreadcrumbList\",\"@id\":\"https:\\\/\\\/roundupriverranch.org\\\/volunteer\\\/medical-roles\\\/cabin-nurse-np-student\\\/#breadcrumb\",\"itemListElement\":[{\"@type\":\"ListItem\",\"position\":1,\"name\":\"Home\",\"item\":\"https:\\\/\\\/roundupriverranch.org\\\/\"},{\"@type\":\"ListItem\",\"position\":2,\"name\":\"Volunteer\",\"item\":\"https:\\\/\\\/roundupriverranch.org\\\/volunteer\\\/\"},{\"@type\":\"ListItem\",\"position\":3,\"name\":\"Medical Roles\",\"item\":\"https:\\\/\\\/roundupriverranch.org\\\/volunteer\\\/medical-roles\\\/\"},{\"@type\":\"ListItem\",\"position\":4,\"name\":\"Cabin Nurse\\\/NP Student\"}]},{\"@type\":\"WebSite\",\"@id\":\"https:\\\/\\\/roundupriverranch.org\\\/#website\",\"url\":\"https:\\\/\\\/roundupriverranch.org\\\/\",\"name\":\"Roundup River Ranch\",\"description\":\"\",\"potentialAction\":[{\"@type\":\"SearchAction\",\"target\":{\"@type\":\"EntryPoint\",\"urlTemplate\":\"https:\\\/\\\/roundupriverranch.org\\\/?s={search_term_string}\"},\"query-input\":{\"@type\":\"PropertyValueSpecification\",\"valueRequired\":true,\"valueName\":\"search_term_string\"}}],\"inLanguage\":\"es\"}]}<\/script>\n<!-- \/ Yoast SEO Premium plugin. -->","yoast_head_json":{"title":"Enfermera de Cabina\/Estudiante de Enfermer\u00eda - Roundup River Ranch","robots":{"index":"index","follow":"follow","max-snippet":"max-snippet:-1","max-image-preview":"max-image-preview:large","max-video-preview":"max-video-preview:-1"},"canonical":"https:\/\/roundupriverranch.org\/es\/volunteer\/medical-roles\/cabin-nurse-np-student\/","og_locale":"es_ES","og_type":"article","og_title":"Cabin Nurse\/NP Student","og_description":"Cabin Nurse\/NP Student PERHAPS THE BEST-LOVED MEDICAL PROFESSIONALS AT CAMP. These medical volunteers care for a cabin of up to 10 campers during a session, &hellip; Continued","og_url":"https:\/\/roundupriverranch.org\/es\/volunteer\/medical-roles\/cabin-nurse-np-student\/","og_site_name":"Roundup River Ranch","article_publisher":"https:\/\/www.facebook.com\/roundupriverranch\/","article_modified_time":"2025-12-17T21:26:43+00:00","twitter_card":"summary_large_image","twitter_misc":{"Tiempo de lectura":"3 minutos"},"schema":{"@context":"https:\/\/schema.org","@graph":[{"@type":"WebPage","@id":"https:\/\/roundupriverranch.org\/volunteer\/medical-roles\/cabin-nurse-np-student\/","url":"https:\/\/roundupriverranch.org\/volunteer\/medical-roles\/cabin-nurse-np-student\/","name":"Enfermera de Cabina\/Estudiante de Enfermer\u00eda - Roundup River Ranch","isPartOf":{"@id":"https:\/\/roundupriverranch.org\/#website"},"datePublished":"2025-12-08T17:11:19+00:00","dateModified":"2025-12-17T21:26:43+00:00","breadcrumb":{"@id":"https:\/\/roundupriverranch.org\/volunteer\/medical-roles\/cabin-nurse-np-student\/#breadcrumb"},"inLanguage":"es","potentialAction":[{"@type":"ReadAction","target":["https:\/\/roundupriverranch.org\/volunteer\/medical-roles\/cabin-nurse-np-student\/"]}]},{"@type":"BreadcrumbList","@id":"https:\/\/roundupriverranch.org\/volunteer\/medical-roles\/cabin-nurse-np-student\/#breadcrumb","itemListElement":[{"@type":"ListItem","position":1,"name":"Home","item":"https:\/\/roundupriverranch.org\/"},{"@type":"ListItem","position":2,"name":"Volunteer","item":"https:\/\/roundupriverranch.org\/volunteer\/"},{"@type":"ListItem","position":3,"name":"Medical Roles","item":"https:\/\/roundupriverranch.org\/volunteer\/medical-roles\/"},{"@type":"ListItem","position":4,"name":"Cabin Nurse\/NP Student"}]},{"@type":"WebSite","@id":"https:\/\/roundupriverranch.org\/#website","url":"https:\/\/roundupriverranch.org\/","name":"Rancho Roundup River","description":"","potentialAction":[{"@type":"SearchAction","target":{"@type":"EntryPoint","urlTemplate":"https:\/\/roundupriverranch.org\/?s={search_term_string}"},"query-input":{"@type":"PropertyValueSpecification","valueRequired":true,"valueName":"search_term_string"}}],"inLanguage":"es"}]}},"_links":{"self":[{"href":"https:\/\/roundupriverranch.org\/es\/wp-json\/wp\/v2\/pages\/703","targetHints":{"allow":["GET"]}}],"collection":[{"href":"https:\/\/roundupriverranch.org\/es\/wp-json\/wp\/v2\/pages"}],"about":[{"href":"https:\/\/roundupriverranch.org\/es\/wp-json\/wp\/v2\/types\/page"}],"author":[{"embeddable":true,"href":"https:\/\/roundupriverranch.org\/es\/wp-json\/wp\/v2\/users\/1"}],"replies":[{"embeddable":true,"href":"https:\/\/roundupriverranch.org\/es\/wp-json\/wp\/v2\/comments?post=703"}],"version-history":[{"count":18,"href":"https:\/\/roundupriverranch.org\/es\/wp-json\/wp\/v2\/pages\/703\/revisions"}],"predecessor-version":[{"id":11254,"href":"https:\/\/roundupriverranch.org\/es\/wp-json\/wp\/v2\/pages\/703\/revisions\/11254"}],"up":[{"embeddable":true,"href":"https:\/\/roundupriverranch.org\/es\/wp-json\/wp\/v2\/pages\/693"}],"wp:attachment":[{"href":"https:\/\/roundupriverranch.org\/es\/wp-json\/wp\/v2\/media?parent=703"}],"curies":[{"name":"wp","href":"https:\/\/api.w.org\/{rel}","templated":true}]}}