{"id":705,"date":"2025-12-08T17:11:50","date_gmt":"2025-12-08T17:11:50","guid":{"rendered":"https:\/\/roundupriverranch.org\/?page_id=705"},"modified":"2025-12-17T21:29:31","modified_gmt":"2025-12-17T21:29:31","slug":"provider-physician","status":"publish","type":"page","link":"https:\/\/roundupriverranch.org\/es\/volunteer\/residential-camp-roles\/provider-physician\/","title":{"rendered":"Proveedor\/M\u00e9dico"},"content":{"rendered":"<div class=\"defaultheaderblock\">\n    <div class=\"defaultheaderblockinner\">\n\n                    <div class=\"headerouter\">\n                <div class=\"headerimage\" style=\"background-image: url(https:\/\/roundupriverranch.org\/wp-content\/uploads\/2025\/12\/roundup-river-ranch-camp-2000x460-main-header17.png)\">\n                    <img decoding=\"async\" src=\"https:\/\/roundupriverranch.org\/wp-content\/uploads\/2025\/12\/roundup-river-ranch-camp-2000x460-main-header17.png\" alt=\"camper having fun\" \/>\n                <\/div>\n                <div class=\"mobileheaderimage\">\n                    <img decoding=\"async\" src=\"https:\/\/roundupriverranch.org\/wp-content\/uploads\/2025\/12\/roundup-river-ranch-camp-mobile-930x50018-1.png\" alt=\"camper having fun\" \/>\n                <\/div>\n            <\/div>\n        \n    <\/div>\n    <div class=\"defaultheadercurve\">\n        <img decoding=\"async\" src=\"https:\/\/roundupriverranch.org\/wp-content\/themes\/sage\/public\/build\/assets\/defaultheadercurve-Cez_Hkub.svg\" alt=\"\">\n    <\/div>\n<\/div>\n\n\n\n<h1 class=\"wp-block-heading has-text-align-center\" id=\"h-provider-physician\">Proveedor\/M\u00e9dico<\/h1>\n\n\n\n<h2 class=\"wp-block-heading has-text-align-center\" id=\"h-administering-the-healing-power-of-joy\">ADMINISTRAR EL <br>PODER CURATIVO DE LA ALEGR\u00cdA.<\/h2>\n\n\n\n<div style=\"height:20px\" aria-hidden=\"true\" class=\"wp-block-spacer\"><\/div>\n\n\n\n<p class=\"has-text-align-center\">Nuestros incre\u00edbles proveedores voluntarios son esenciales para mantener Roundup River Ranch seguro, saludable y lleno de alegr\u00eda. Los proveedores trabajan en The Depot, nuestro centro m\u00e9dico, y se coordinan con nuestro equipo m\u00e9dico a tiempo completo para cubrir los turnos de guardia durante la noche.<\/p>\n\n\n\n<div style=\"height:23px\" aria-hidden=\"true\" class=\"wp-block-spacer\"><\/div>\n\n\n\n<p class=\"has-xl-font-size\"><strong>Cuando no est\u00e1n en The Depot, los proveedores:<\/strong><\/p>\n\n\n\n<ul class=\"wp-block-list\">\n<li>Participa en las actividades de la caba\u00f1a y divi\u00e9rtete con los campistas<\/li>\n\n\n\n<li>Proporcionar cobertura m\u00e9dica en las zonas de mayor riesgo del programa<\/li>\n\n\n\n<li>Apoyar a las enfermeras de cabina en el cuidado de los campistas<\/li>\n\n\n\n<li>Participar ocasionalmente en las tradiciones del campamento: tut\u00fas, bailes y muchas sonrisas.<\/li>\n<\/ul>\n\n\n\n<p>Pedimos a los proveedores que se comprometan a una sesi\u00f3n completa, aunque hay flexibilidad para dividir las sesiones con otro proveedor.<\/p>\n\n\n\n<p class=\"has-text-align-left\"><strong>Nota:<\/strong> Los PN interesados en trabajar como enfermeros de cabina deben solicitarlo a trav\u00e9s de la Solicitud de enfermero de cabina.<\/p>\n\n\n\n<p class=\"has-text-align-left has-xl-font-size\"><strong>Funciones m\u00e9dicas<\/strong><\/p>\n\n\n\n<ul class=\"wp-block-list\">\n<li>Asistencia sanitaria aguda y especializada para los campistas<\/li>\n\n\n\n<li>Coordinaci\u00f3n de las guardias nocturnas con la administraci\u00f3n m\u00e9dica<\/li>\n\n\n\n<li>Apoyo a las enfermeras de cabina y a las \u00e1reas de programas de alto riesgo<\/li>\n<\/ul>\n\n\n\n<p class=\"has-xl-font-size\"><strong>Vida de campista<\/strong><\/p>\n\n\n\n<ul class=\"wp-block-list\">\n<li>Participar en actividades divertidas y ayudar a los campistas a sentirse incluidos<\/li>\n\n\n\n<li>Contribuir a la energ\u00eda, la alegr\u00eda y la conexi\u00f3n de la vida en el campamento<\/li>\n<\/ul>\n\n\n\n<p class=\"has-xl-font-size\"><strong>Detalles<\/strong><\/p>\n\n\n\n<ul class=\"wp-block-list\">\n<li>Se prefiere un compromiso de sesi\u00f3n completa o dividida<\/li>\n\n\n\n<li>Colaboraci\u00f3n con el personal m\u00e9dico a tiempo completo del Roundup River Ranch<\/li>\n\n\n\n<li>Oportunidades de tener un impacto significativo en los campistas y las familias<\/li>\n<\/ul>\n\n\n\n<hr class=\"wp-block-separator has-alpha-channel-opacity\"\/>\n\n\n\n<p><strong>Requisitos para los voluntarios que regresan (deben cumplimentarse todos los a\u00f1os):<\/strong><\/p>\n\n\n\n<ul class=\"wp-block-list\">\n<li>Formulario de historial m\u00e9dico<\/li>\n\n\n\n<li>Acuerdos y pol\u00edticas de voluntariado<\/li>\n\n\n\n<li>Verificaci\u00f3n de antecedentes penales de voluntarios<\/li>\n\n\n\n<li>Vacuna antigripal<\/li>\n\n\n\n<li>Vital Camp Formaci\u00f3n en l\u00ednea<\/li>\n\n\n\n<li>Jornada completa de orientaci\u00f3n<\/li>\n\n\n\n<li>Seguro de mala praxis (s\u00f3lo proveedores\/enfermeros)<\/li>\n\n\n\n<li>Certificaci\u00f3n de Soporte Vital B\u00e1sico (SVB) o Soporte Vital Avanzado (SVA) (s\u00f3lo para voluntarios m\u00e9dicos)<\/li>\n<\/ul>\n\n\n\n<hr class=\"wp-block-separator has-alpha-channel-opacity\"\/>\n\n\n\n<p><strong>Nuevos requisitos para ser voluntario:<\/strong><\/p>\n\n\n\n<ul class=\"wp-block-list\">\n<li>CDHS Background Inquiry Check- a completar cada 5 a\u00f1os (<em>se explica a continuaci\u00f3n<\/em>)<\/li>\n\n\n\n<li>Comprobaci\u00f3n de antecedentes dactilares: debe realizarse cada 5 a\u00f1os (<em>se explica a continuaci\u00f3n<\/em>)<\/li>\n\n\n\n<li>Notificaci\u00f3n de la Ley de Protecci\u00f3n de la Intimidad<\/li>\n\n\n\n<li>3 Referencias<\/li>\n\n\n\n<li>Formulario de historial m\u00e9dico<\/li>\n\n\n\n<li>Acuerdos y pol\u00edticas de voluntariado<\/li>\n\n\n\n<li>Verificaci\u00f3n de antecedentes penales de voluntarios<\/li>\n\n\n\n<li>Vacuna actual contra la gripe estacional<\/li>\n\n\n\n<li>Vital Camp Formaci\u00f3n en l\u00ednea<\/li>\n\n\n\n<li>Jornada completa de orientaci\u00f3n<\/li>\n\n\n\n<li>Seguro de mala praxis (s\u00f3lo proveedores\/enfermeros)<\/li>\n\n\n\n<li>Certificaci\u00f3n de Soporte Vital B\u00e1sico (SVB) o Soporte Vital Avanzado (SVA) (s\u00f3lo para voluntarios m\u00e9dicos)<\/li>\n<\/ul>\n\n\n\n<p><strong>Se necesitan nuevas cartillas de vacunaci\u00f3n para voluntarios:<\/strong><\/p>\n\n\n\n<p>Nuestra principal preocupaci\u00f3n es asegurar que usted y nuestros campistas tengan una experiencia de campamento saludable y divertida. Debido a que el sistema inmunol\u00f3gico de nuestros campistas est\u00e1 comprometido, es muy importante que todo el personal y los voluntarios cumplan con nuestros requisitos de vacunaci\u00f3n.<\/p>\n\n\n\n<p><em>Durante el primer a\u00f1o de voluntariado se exigen los registros de las siguientes vacunas:<\/em><\/p>\n\n\n\n<ul class=\"wp-block-list\">\n<li><strong>Hepatitis A<\/strong>: Obligatorio para todo el personal de cocina\/voluntarios y recomendado para todos. El personal de cocina\/voluntarios debe recibir un m\u00ednimo de una dosis un mes antes de asistir al campamento.<\/li>\n\n\n\n<li><strong>Hepatitis B<\/strong>: Existe un riesgo peque\u00f1o, pero real, de contraer la hepatitis B si no se vacuna. B si no se vacuna.  Si no recibe esta vacuna, debe firmar la exenci\u00f3n de Hepatitis B dentro del formulario de historial m\u00e9dico.<\/li>\n\n\n\n<li><strong>Sarampi\u00f3n, paperas y rubeola (SPR):<\/strong>&nbsp;Cualquier persona nacida en 1957 o m\u00e1s tarde debe proporcionar documentaci\u00f3n de dos vacunas MMR o tener un t\u00edtulo de anticuerpos MMR. Esta vacuna debe recibirse al menos 4 semanas antes de llegar al campamento (se requieren 2 fechas de vacunaci\u00f3n).<\/li>\n\n\n\n<li><strong>T\u00e9tanos\/tos ferina (Td\/TdaP):<\/strong>&nbsp;Debe estar en vigor y actualizado en los 10 a\u00f1os siguientes a la \u00faltima dosis.<\/li>\n\n\n\n<li><strong>Varicela:<\/strong>&nbsp;Fecha de la enfermedad de la varicela (debe figurar en el formulario de historial m\u00e9dico) O Dos dosis de la vacuna contra la varicela (debe recibirse 8 semanas antes de llegar al campamento)<\/li>\n<\/ul>\n\n\n\n<p><strong>Explicaci\u00f3n de la comprobaci\u00f3n de antecedentes y huellas dactilares:<\/strong><\/p>\n\n\n\n<p>Debido a la licencia de cuidado de ni\u00f1os de Colorado y los requisitos de acreditaci\u00f3n de ACA, nuestro personal y voluntarios completan una serie de 3 verificaciones de antecedentes antes de su participaci\u00f3n en nuestro programa. Los controles de antecedentes consisten en:&nbsp;<\/p>\n\n\n\n<ul class=\"wp-block-list\">\n<li>Comprobaci\u00f3n de antecedentes en la base de datos del CDEC Trails en busca de antecedentes espec\u00edficos de maltrato y abandono de menores.&nbsp;<\/li>\n<\/ul>\n\n\n\n<ul class=\"wp-block-list\">\n<li>Una comprobaci\u00f3n de antecedentes basada en huellas dactilares que busca antecedentes penales en la base de datos de la Oficina de Investigaci\u00f3n de Colorado y en la base de datos de la Oficina Federal de Investigaci\u00f3n.<\/li>\n<\/ul>\n\n\n\n<ul class=\"wp-block-list\">\n<li>Una comprobaci\u00f3n anual de antecedentes penales a escala nacional (tramitada a trav\u00e9s de CheckR; campbackgroundcheck.com para los voluntarios).<\/li>\n<\/ul>\n\n\n\n<div style=\"height:41px\" aria-hidden=\"true\" class=\"wp-block-spacer\"><\/div>\n\n\n\n<p>Para m\u00e1s informaci\u00f3n, p\u00f3ngase en contacto con el Equipo de Admisiones Voluntarias del Roundup River Ranch en el 970.524.CAMP(2267) o por correo electr\u00f3nico en <a href=\"mailto:Volunteer@RoundupRiverRanch.org\">Volunteer@RoundupRiverRanch.org<\/a>.<\/p>\n\n\n\n<hr class=\"wp-block-separator has-alpha-channel-opacity\"\/>\n\n\n\n<div style=\"height:43px\" aria-hidden=\"true\" class=\"wp-block-spacer\"><\/div>\n\n\n\n<div class=\"wp-block-group is-content-justification-center is-nowrap is-layout-flex wp-container-core-group-is-layout-94bc23d7 wp-block-group-is-layout-flex\">\n<div class=\"wp-block-buttons is-layout-flex wp-block-buttons-is-layout-flex\">\n<div class=\"wp-block-button drkgreen-btn\"><a class=\"wp-block-button__link wp-element-button\" href=\"https:\/\/acrobat.adobe.com\/id\/urn:aaid:sc:us:826a9578-4b53-4c64-9161-5dbe49d34d75\">Horario del campamento<\/a><\/div>\n\n\n\n<div class=\"wp-block-button drkgreen-btn\"><a class=\"wp-block-button__link wp-element-button\" href=\"https:\/\/acrobat.adobe.com\/id\/urn:aaid:sc:us:b0e8595c-d7f3-465d-b9d4-df1bb5a39cb9\">Recursos en espa\u00f1ol<\/a><\/div>\n<\/div>\n\n\n\n<div class=\"wp-block-buttons is-layout-flex wp-block-buttons-is-layout-flex\">\n<div class=\"wp-block-button drkgreen-btn\"><a class=\"wp-block-button__link wp-element-button\" href=\"https:\/\/roundupriverranch.org\/es\/camp-programs\/onsite-programs\/apply-for-camp\/\">Solicitar campamento<\/a><\/div>\n<\/div>\n<\/div>\n\n\n\n<div style=\"height:100px\" aria-hidden=\"true\" class=\"wp-block-spacer\"><\/div>","protected":false},"excerpt":{"rendered":"<p>Proveedor\/M\u00e9dico ADMINISTRANDO EL PODER SANADOR DE LA ALEGR\u00cdA. Nuestros incre\u00edbles proveedores voluntarios son esenciales para mantener Roundup River Ranch seguro, saludable y lleno de alegr\u00eda. Proveedores ... <a href=\"https:\/\/roundupriverranch.org\/es\/volunteer\/residential-camp-roles\/provider-physician\/\">Contin\u00faa<\/a><\/p>","protected":false},"author":1,"featured_media":0,"parent":691,"menu_order":0,"comment_status":"closed","ping_status":"open","template":"template-secondary.blade.php","meta":{"_acf_changed":false,"footnotes":""},"class_list":["post-705","page","type-page","status-publish","hentry"],"acf":[],"yoast_head":"<!-- This site is optimized with the Yoast SEO Premium plugin v26.9 (Yoast SEO v27.4) - https:\/\/yoast.com\/product\/yoast-seo-premium-wordpress\/ -->\n<title>Provider\/Physician - Roundup River Ranch<\/title>\n<meta name=\"robots\" content=\"index, follow, max-snippet:-1, max-image-preview:large, max-video-preview:-1\" \/>\n<link rel=\"canonical\" href=\"https:\/\/roundupriverranch.org\/es\/volunteer\/residential-camp-roles\/provider-physician\/\" \/>\n<meta property=\"og:locale\" content=\"es_ES\" \/>\n<meta property=\"og:type\" content=\"article\" \/>\n<meta property=\"og:title\" content=\"Provider\/Physician\" \/>\n<meta property=\"og:description\" content=\"Provider\/Physician ADMINISTERING THE HEALING POWER OF JOY. Our incredible provider volunteers are essential to keeping Roundup River Ranch safe, healthy, and full of joy. Providers &hellip; Continued\" \/>\n<meta property=\"og:url\" content=\"https:\/\/roundupriverranch.org\/es\/volunteer\/residential-camp-roles\/provider-physician\/\" \/>\n<meta property=\"og:site_name\" content=\"Roundup River Ranch\" \/>\n<meta property=\"article:publisher\" content=\"https:\/\/www.facebook.com\/roundupriverranch\/\" \/>\n<meta property=\"article:modified_time\" content=\"2025-12-17T21:29:31+00:00\" \/>\n<meta name=\"twitter:card\" content=\"summary_large_image\" \/>\n<meta name=\"twitter:label1\" content=\"Tiempo de lectura\" \/>\n\t<meta name=\"twitter:data1\" content=\"3 minutos\" \/>\n<script type=\"application\/ld+json\" class=\"yoast-schema-graph\">{\"@context\":\"https:\\\/\\\/schema.org\",\"@graph\":[{\"@type\":\"WebPage\",\"@id\":\"https:\\\/\\\/roundupriverranch.org\\\/volunteer\\\/residential-camp-roles\\\/provider-physician\\\/\",\"url\":\"https:\\\/\\\/roundupriverranch.org\\\/volunteer\\\/residential-camp-roles\\\/provider-physician\\\/\",\"name\":\"Provider\\\/Physician - Roundup River Ranch\",\"isPartOf\":{\"@id\":\"https:\\\/\\\/roundupriverranch.org\\\/#website\"},\"datePublished\":\"2025-12-08T17:11:50+00:00\",\"dateModified\":\"2025-12-17T21:29:31+00:00\",\"breadcrumb\":{\"@id\":\"https:\\\/\\\/roundupriverranch.org\\\/volunteer\\\/residential-camp-roles\\\/provider-physician\\\/#breadcrumb\"},\"inLanguage\":\"es\",\"potentialAction\":[{\"@type\":\"ReadAction\",\"target\":[\"https:\\\/\\\/roundupriverranch.org\\\/volunteer\\\/residential-camp-roles\\\/provider-physician\\\/\"]}]},{\"@type\":\"BreadcrumbList\",\"@id\":\"https:\\\/\\\/roundupriverranch.org\\\/volunteer\\\/residential-camp-roles\\\/provider-physician\\\/#breadcrumb\",\"itemListElement\":[{\"@type\":\"ListItem\",\"position\":1,\"name\":\"Home\",\"item\":\"https:\\\/\\\/roundupriverranch.org\\\/\"},{\"@type\":\"ListItem\",\"position\":2,\"name\":\"Volunteer\",\"item\":\"https:\\\/\\\/roundupriverranch.org\\\/volunteer\\\/\"},{\"@type\":\"ListItem\",\"position\":3,\"name\":\"Residential Camp Roles\",\"item\":\"https:\\\/\\\/roundupriverranch.org\\\/volunteer\\\/residential-camp-roles\\\/\"},{\"@type\":\"ListItem\",\"position\":4,\"name\":\"Provider\\\/Physician\"}]},{\"@type\":\"WebSite\",\"@id\":\"https:\\\/\\\/roundupriverranch.org\\\/#website\",\"url\":\"https:\\\/\\\/roundupriverranch.org\\\/\",\"name\":\"Roundup River Ranch\",\"description\":\"\",\"potentialAction\":[{\"@type\":\"SearchAction\",\"target\":{\"@type\":\"EntryPoint\",\"urlTemplate\":\"https:\\\/\\\/roundupriverranch.org\\\/?s={search_term_string}\"},\"query-input\":{\"@type\":\"PropertyValueSpecification\",\"valueRequired\":true,\"valueName\":\"search_term_string\"}}],\"inLanguage\":\"es\"}]}<\/script>\n<!-- \/ Yoast SEO Premium plugin. -->","yoast_head_json":{"title":"Proveedor\/M\u00e9dico - Roundup River Ranch","robots":{"index":"index","follow":"follow","max-snippet":"max-snippet:-1","max-image-preview":"max-image-preview:large","max-video-preview":"max-video-preview:-1"},"canonical":"https:\/\/roundupriverranch.org\/es\/volunteer\/residential-camp-roles\/provider-physician\/","og_locale":"es_ES","og_type":"article","og_title":"Provider\/Physician","og_description":"Provider\/Physician ADMINISTERING THE HEALING POWER OF JOY. Our incredible provider volunteers are essential to keeping Roundup River Ranch safe, healthy, and full of joy. Providers &hellip; Continued","og_url":"https:\/\/roundupriverranch.org\/es\/volunteer\/residential-camp-roles\/provider-physician\/","og_site_name":"Roundup River Ranch","article_publisher":"https:\/\/www.facebook.com\/roundupriverranch\/","article_modified_time":"2025-12-17T21:29:31+00:00","twitter_card":"summary_large_image","twitter_misc":{"Tiempo de lectura":"3 minutos"},"schema":{"@context":"https:\/\/schema.org","@graph":[{"@type":"WebPage","@id":"https:\/\/roundupriverranch.org\/volunteer\/residential-camp-roles\/provider-physician\/","url":"https:\/\/roundupriverranch.org\/volunteer\/residential-camp-roles\/provider-physician\/","name":"Proveedor\/M\u00e9dico - Roundup River Ranch","isPartOf":{"@id":"https:\/\/roundupriverranch.org\/#website"},"datePublished":"2025-12-08T17:11:50+00:00","dateModified":"2025-12-17T21:29:31+00:00","breadcrumb":{"@id":"https:\/\/roundupriverranch.org\/volunteer\/residential-camp-roles\/provider-physician\/#breadcrumb"},"inLanguage":"es","potentialAction":[{"@type":"ReadAction","target":["https:\/\/roundupriverranch.org\/volunteer\/residential-camp-roles\/provider-physician\/"]}]},{"@type":"BreadcrumbList","@id":"https:\/\/roundupriverranch.org\/volunteer\/residential-camp-roles\/provider-physician\/#breadcrumb","itemListElement":[{"@type":"ListItem","position":1,"name":"Home","item":"https:\/\/roundupriverranch.org\/"},{"@type":"ListItem","position":2,"name":"Volunteer","item":"https:\/\/roundupriverranch.org\/volunteer\/"},{"@type":"ListItem","position":3,"name":"Residential Camp Roles","item":"https:\/\/roundupriverranch.org\/volunteer\/residential-camp-roles\/"},{"@type":"ListItem","position":4,"name":"Provider\/Physician"}]},{"@type":"WebSite","@id":"https:\/\/roundupriverranch.org\/#website","url":"https:\/\/roundupriverranch.org\/","name":"Rancho Roundup River","description":"","potentialAction":[{"@type":"SearchAction","target":{"@type":"EntryPoint","urlTemplate":"https:\/\/roundupriverranch.org\/?s={search_term_string}"},"query-input":{"@type":"PropertyValueSpecification","valueRequired":true,"valueName":"search_term_string"}}],"inLanguage":"es"}]}},"_links":{"self":[{"href":"https:\/\/roundupriverranch.org\/es\/wp-json\/wp\/v2\/pages\/705","targetHints":{"allow":["GET"]}}],"collection":[{"href":"https:\/\/roundupriverranch.org\/es\/wp-json\/wp\/v2\/pages"}],"about":[{"href":"https:\/\/roundupriverranch.org\/es\/wp-json\/wp\/v2\/types\/page"}],"author":[{"embeddable":true,"href":"https:\/\/roundupriverranch.org\/es\/wp-json\/wp\/v2\/users\/1"}],"replies":[{"embeddable":true,"href":"https:\/\/roundupriverranch.org\/es\/wp-json\/wp\/v2\/comments?post=705"}],"version-history":[{"count":15,"href":"https:\/\/roundupriverranch.org\/es\/wp-json\/wp\/v2\/pages\/705\/revisions"}],"predecessor-version":[{"id":11257,"href":"https:\/\/roundupriverranch.org\/es\/wp-json\/wp\/v2\/pages\/705\/revisions\/11257"}],"up":[{"embeddable":true,"href":"https:\/\/roundupriverranch.org\/es\/wp-json\/wp\/v2\/pages\/691"}],"wp:attachment":[{"href":"https:\/\/roundupriverranch.org\/es\/wp-json\/wp\/v2\/media?parent=705"}],"curies":[{"name":"wp","href":"https:\/\/api.w.org\/{rel}","templated":true}]}}