{"id":707,"date":"2025-12-08T17:12:20","date_gmt":"2025-12-08T17:12:20","guid":{"rendered":"https:\/\/roundupriverranch.org\/?page_id=707"},"modified":"2025-12-17T23:45:29","modified_gmt":"2025-12-17T23:45:29","slug":"day-nurse","status":"publish","type":"page","link":"https:\/\/roundupriverranch.org\/es\/volunteer\/residential-camp-roles\/day-nurse\/","title":{"rendered":"Enfermera de d\u00eda"},"content":{"rendered":"<div class=\"defaultheaderblock\">\n    <div class=\"defaultheaderblockinner\">\n\n                    <div class=\"headerouter\">\n                <div class=\"headerimage\" style=\"background-image: url(https:\/\/roundupriverranch.org\/wp-content\/uploads\/2025\/12\/roundup-river-ranch-camp-2000x460-main-header18.png)\">\n                    <img decoding=\"async\" src=\"https:\/\/roundupriverranch.org\/wp-content\/uploads\/2025\/12\/roundup-river-ranch-camp-2000x460-main-header18.png\" alt=\"camper in bubbles\" \/>\n                <\/div>\n                <div class=\"mobileheaderimage\">\n                    <img decoding=\"async\" src=\"https:\/\/roundupriverranch.org\/wp-content\/uploads\/2025\/12\/roundup-river-ranch-camp-mobile-930x50019-1.png\" alt=\"camper in bubbles\" \/>\n                <\/div>\n            <\/div>\n        \n    <\/div>\n    <div class=\"defaultheadercurve\">\n        <img decoding=\"async\" src=\"https:\/\/roundupriverranch.org\/wp-content\/themes\/sage\/public\/build\/assets\/defaultheadercurve-Cez_Hkub.svg\" alt=\"\">\n    <\/div>\n<\/div>\n\n\n\n<h1 class=\"wp-block-heading has-text-align-center\" id=\"h-day-nurse\">Enfermera de d\u00eda<\/h1>\n\n\n\n<h2 class=\"wp-block-heading has-text-align-center\" id=\"h-be-the-first-smile-campers-see\">SER LA PRIMERA SONRISA QUE VEAN LOS CAMPISTAS<\/h2>\n\n\n\n<p class=\"has-text-align-center\">S\u00e9 la primera cara amable que vean los campistas y sus familias al llegar al campamento. Algunos estar\u00e1n emocionados, otros nerviosos, pero todos los campistas estar\u00e1n encantados de conocerte. Este papel est\u00e1 abierto a las enfermeras de d\u00eda o CNA y puede tener lugar en el campamento o en Denver para ayudar con el registro de campistas antes de que los campistas suban al autob\u00fas.<\/p>\n\n\n\n<div style=\"height:41px\" aria-hidden=\"true\" class=\"wp-block-spacer\"><\/div>\n\n\n\n<p class=\"has-xl-font-size\"><strong>Funciones m\u00e9dicas<\/strong><\/p>\n\n\n\n<ul class=\"wp-block-list\">\n<li>Ayudar en el registro de los campistas con las constantes vitales y la revisi\u00f3n de la medicaci\u00f3n<\/li>\n\n\n\n<li>Ayudar a garantizar un proceso de admisi\u00f3n fluido<\/li>\n\n\n\n<li>Ayudar con la entrega de suministros m\u00e9dicos a las caba\u00f1as<\/li>\n<\/ul>\n\n\n\n<p class=\"has-xl-font-size\"><strong>Vida de campista<\/strong><\/p>\n\n\n\n<ul class=\"wp-block-list\">\n<li>Acoger a los campistas y a las familias con calidez y entusiasmo<\/li>\n\n\n\n<li>Forma parte de sus primeros momentos en el campamento<\/li>\n<\/ul>\n\n\n\n<p class=\"has-xl-font-size\"><strong>Detalles<\/strong><\/p>\n\n\n\n<ul class=\"wp-block-list\">\n<li>Inscripci\u00f3n flexible para uno o varios d\u00edas de llegada<\/li>\n\n\n\n<li>Trabajar junto al personal m\u00e9dico y del campamento de RRR<\/li>\n\n\n\n<li>Consiga un impacto significativo en un solo d\u00eda<\/li>\n<\/ul>\n\n\n\n<hr class=\"wp-block-separator has-alpha-channel-opacity\"\/>\n\n\n\n<p><strong>Requisitos para los voluntarios que regresan (deben cumplimentarse todos los a\u00f1os):<\/strong><\/p>\n\n\n\n<ul class=\"wp-block-list\">\n<li>Formulario de historial m\u00e9dico<\/li>\n\n\n\n<li>Acuerdos y pol\u00edticas de voluntariado<\/li>\n\n\n\n<li>Verificaci\u00f3n de antecedentes penales de voluntarios<\/li>\n\n\n\n<li>Vacuna antigripal<\/li>\n\n\n\n<li>Vital Camp Formaci\u00f3n en l\u00ednea<\/li>\n\n\n\n<li>Jornada completa de orientaci\u00f3n<\/li>\n\n\n\n<li>Seguro de mala praxis (s\u00f3lo proveedores\/enfermeros)<\/li>\n\n\n\n<li>Certificaci\u00f3n de Soporte Vital B\u00e1sico (SVB) o Soporte Vital Avanzado (SVA) (s\u00f3lo para voluntarios m\u00e9dicos)<\/li>\n<\/ul>\n\n\n\n<hr class=\"wp-block-separator has-alpha-channel-opacity\"\/>\n\n\n\n<p><strong>Nuevos requisitos para ser voluntario:<\/strong><\/p>\n\n\n\n<ul class=\"wp-block-list\">\n<li>CDHS Background Inquiry Check- a completar cada 5 a\u00f1os (<em>se explica a continuaci\u00f3n<\/em>)<\/li>\n\n\n\n<li>Comprobaci\u00f3n de antecedentes dactilares: debe realizarse cada 5 a\u00f1os (<em>se explica a continuaci\u00f3n<\/em>)<\/li>\n\n\n\n<li>Notificaci\u00f3n de la Ley de Protecci\u00f3n de la Intimidad<\/li>\n\n\n\n<li>3 Referencias<\/li>\n\n\n\n<li>Formulario de historial m\u00e9dico<\/li>\n\n\n\n<li>Acuerdos y pol\u00edticas de voluntariado<\/li>\n\n\n\n<li>Verificaci\u00f3n de antecedentes penales de voluntarios<\/li>\n\n\n\n<li>Vacuna actual contra la gripe estacional<\/li>\n\n\n\n<li>Vital Camp Formaci\u00f3n en l\u00ednea<\/li>\n\n\n\n<li>Jornada completa de orientaci\u00f3n<\/li>\n\n\n\n<li>Seguro de mala praxis (s\u00f3lo proveedores\/enfermeros)<\/li>\n\n\n\n<li>Certificaci\u00f3n de Soporte Vital B\u00e1sico (SVB) o Soporte Vital Avanzado (SVA) (s\u00f3lo para voluntarios m\u00e9dicos)<\/li>\n<\/ul>\n\n\n\n<p><strong>Se necesitan nuevas cartillas de vacunaci\u00f3n para voluntarios:<\/strong><\/p>\n\n\n\n<p>Nuestra principal preocupaci\u00f3n es asegurar que usted y nuestros campistas tengan una experiencia de campamento saludable y divertida. Debido a que el sistema inmunol\u00f3gico de nuestros campistas est\u00e1 comprometido, es muy importante que todo el personal y los voluntarios cumplan con nuestros requisitos de vacunaci\u00f3n.<\/p>\n\n\n\n<p><em>Durante el primer a\u00f1o de voluntariado se exigen los registros de las siguientes vacunas:<\/em><\/p>\n\n\n\n<ul class=\"wp-block-list\">\n<li><strong>Hepatitis A<\/strong>: Obligatorio para todo el personal de cocina\/voluntarios y recomendado para todos. El personal de cocina\/voluntarios debe recibir un m\u00ednimo de una dosis un mes antes de asistir al campamento.<\/li>\n\n\n\n<li><strong>Hepatitis B<\/strong>: Existe un riesgo peque\u00f1o, pero real, de contraer la hepatitis B si no se vacuna. B si no se vacuna.  Si no recibe esta vacuna, debe firmar la exenci\u00f3n de Hepatitis B dentro del formulario de historial m\u00e9dico.<\/li>\n\n\n\n<li><strong>Sarampi\u00f3n, paperas y rubeola (SPR):<\/strong>&nbsp;Cualquier persona nacida en 1957 o m\u00e1s tarde debe proporcionar documentaci\u00f3n de dos vacunas MMR o tener un t\u00edtulo de anticuerpos MMR. Esta vacuna debe recibirse al menos 4 semanas antes de llegar al campamento (se requieren 2 fechas de vacunaci\u00f3n).<\/li>\n\n\n\n<li><strong>T\u00e9tanos\/tos ferina (Td\/TdaP):<\/strong>&nbsp;Debe estar en vigor y actualizado en los 10 a\u00f1os siguientes a la \u00faltima dosis.<\/li>\n\n\n\n<li><strong>Varicela:<\/strong>&nbsp;Fecha de la enfermedad de la varicela (debe figurar en el formulario de historial m\u00e9dico) O Dos dosis de la vacuna contra la varicela (debe recibirse 8 semanas antes de llegar al campamento)<\/li>\n<\/ul>\n\n\n\n<p><strong>Explicaci\u00f3n de la comprobaci\u00f3n de antecedentes y huellas dactilares:<\/strong><\/p>\n\n\n\n<p>Debido a la licencia de cuidado de ni\u00f1os de Colorado y los requisitos de acreditaci\u00f3n de ACA, nuestro personal y voluntarios completan una serie de 3 verificaciones de antecedentes antes de su participaci\u00f3n en nuestro programa. Los controles de antecedentes consisten en:&nbsp;<\/p>\n\n\n\n<ul class=\"wp-block-list\">\n<li>Una comprobaci\u00f3n de antecedentes basada en huellas dactilares que busca antecedentes penales en la base de datos de la Oficina de Investigaci\u00f3n de Colorado y en la base de datos de la Oficina Federal de Investigaci\u00f3n.<\/li>\n\n\n\n<li>Una comprobaci\u00f3n anual de antecedentes penales a escala nacional (tramitada a trav\u00e9s de CheckR; campbackgroundcheck.com para los voluntarios).<\/li>\n\n\n\n<li>Comprobaci\u00f3n de antecedentes en la base de datos del CDEC Trails en busca de antecedentes espec\u00edficos de maltrato y abandono de menores.<\/li>\n<\/ul>\n\n\n\n<hr class=\"wp-block-separator has-alpha-channel-opacity\"\/>\n\n\n\n<div style=\"height:40px\" aria-hidden=\"true\" class=\"wp-block-spacer\"><\/div>\n\n\n\n<div class=\"wp-block-group is-content-justification-center is-nowrap is-layout-flex wp-container-core-group-is-layout-94bc23d7 wp-block-group-is-layout-flex\">\n<div class=\"wp-block-buttons is-layout-flex wp-block-buttons-is-layout-flex\">\n<div class=\"wp-block-button drkgreen-btn\"><a class=\"wp-block-button__link wp-element-button\" href=\"https:\/\/acrobat.adobe.com\/id\/urn:aaid:sc:us:826a9578-4b53-4c64-9161-5dbe49d34d75\">Horario del campamento<\/a><\/div>\n\n\n\n<div class=\"wp-block-button drkgreen-btn\"><a class=\"wp-block-button__link wp-element-button\" href=\"https:\/\/acrobat.adobe.com\/id\/urn:aaid:sc:us:b0e8595c-d7f3-465d-b9d4-df1bb5a39cb9\">Recursos en espa\u00f1ol<\/a><\/div>\n<\/div>\n\n\n\n<div class=\"wp-block-buttons is-layout-flex wp-block-buttons-is-layout-flex\">\n<div class=\"wp-block-button drkgreen-btn\"><a class=\"wp-block-button__link wp-element-button\" href=\"https:\/\/roundupriverranch.org\/es\/camp-programs\/onsite-programs\/apply-for-camp\/\">Solicitar campamento<\/a><\/div>\n<\/div>\n<\/div>\n\n\n\n<div style=\"height:40px\" aria-hidden=\"true\" class=\"wp-block-spacer\"><\/div>\n\n\n\n<div style=\"height:50px\" aria-hidden=\"true\" class=\"wp-block-spacer\"><\/div>\n\n\n\n<div class=\"wp-block-columns darkgreencamp reversemob is-layout-flex wp-container-core-columns-is-layout-9d6595d7 wp-block-columns-is-layout-flex\">\n<div class=\"wp-block-column is-layout-flow wp-block-column-is-layout-flow\" style=\"flex-basis:33.33%\">\n<figure class=\"wp-block-image aligncenter size-large is-resized\"><img loading=\"lazy\" decoding=\"async\" width=\"206\" height=\"466\" src=\"https:\/\/roundupriverranch.org\/wp-content\/uploads\/2025\/11\/marshmellows.svg\" alt=\"\" class=\"wp-image-186\" style=\"object-fit:contain;width:220px;height:494px\"\/><\/figure>\n\n\n\n<div style=\"height:50px\" aria-hidden=\"true\" class=\"wp-block-spacer\"><\/div>\n\n\n<\/div>\n\n\n\n<div class=\"wp-block-column is-layout-flow wp-block-column-is-layout-flow\" style=\"flex-basis:66.7%\">\n<h2 class=\"wp-block-heading\" id=\"h-frequently-asked-questions\">PREGUNTAS M\u00c1S FRECUENTES<\/h2>\n\n\n\n<div style=\"height:40px\" aria-hidden=\"true\" class=\"wp-block-spacer\"><\/div>\n\n\n<div class=\"faqwrapper\">\n    <div class=\"faqinner\">\n                                    \n                <div class=\"faqitem\" data-faq-index=\"0\">\n                    <div class=\"faqquestion\">\n                        <button class=\"faq-trigger\" id=\"faq-button-faq-1\" type=\"button\" aria-expanded=\"false\"\n                            aria-controls=\"faq-answer-faq-1\"\n                            aria-describedby=\"faq-answer-faq-1\">\n                            <h2>\u00bfQu\u00e9 hace \u00fanico a nuestro campamento m\u00e9dico?<\/h2>\n                        <\/button>\n                    <\/div>\n                    <div class=\"faqanswer\" id=\"faq-answer-faq-1\" role=\"region\"\n                        aria-labelledby=\"faq-button-faq-1\" style=\"visibility: hidden; max-height: 0;\">\n                        <div class=\"faq-content\">\n                            <p>Proporcionamos atenci\u00f3n m\u00e9dica individualizada a cada uno de nuestros campistas. Reclutamos proveedores, farmac\u00e9uticos, terapeutas y enfermeros voluntarios con experiencia en el cuidado de ni\u00f1os que padecen las afecciones m\u00e9dicas que atendemos. Estos profesionales dejan atr\u00e1s sus batas y batas de laboratorio y se unen a nuestro equipo m\u00e9dico en el campamento. Y aunque puede que no \u201cparezcan\u201d proveedores o enfermeros cuando se balancean desde una tirolina, lo cierto es que est\u00e1n constantemente centrados en las necesidades y el bienestar de cada campista.<\/p>\n\n                        <\/div>\n                    <\/div>\n                <\/div>\n                            \n                <div class=\"faqitem\" data-faq-index=\"1\">\n                    <div class=\"faqquestion\">\n                        <button class=\"faq-trigger\" id=\"faq-button-faq-2\" type=\"button\" aria-expanded=\"false\"\n                            aria-controls=\"faq-answer-faq-2\"\n                            aria-describedby=\"faq-answer-faq-2\">\n                            <h2>\u00bfC\u00f3mo funciona la atenci\u00f3n m\u00e9dica en el campamento?<\/h2>\n                        <\/button>\n                    <\/div>\n                    <div class=\"faqanswer\" id=\"faq-answer-faq-2\" role=\"region\"\n                        aria-labelledby=\"faq-button-faq-2\" style=\"visibility: hidden; max-height: 0;\">\n                        <div class=\"faq-content\">\n                            <p>Nuestro planteamiento es sencillo: los ni\u00f1os vienen al campamento a ser ni\u00f1os, no pacientes. La atenci\u00f3n m\u00e9dica se presta en su horario y en un ambiente de apoyo y alegr\u00eda, a menudo por voluntarios que llevan tut\u00fas o sombreros divertidos en lugar de batas.<\/p>\n\n                        <\/div>\n                    <\/div>\n                <\/div>\n                            \n                <div class=\"faqitem\" data-faq-index=\"2\">\n                    <div class=\"faqquestion\">\n                        <button class=\"faq-trigger\" id=\"faq-button-faq-3\" type=\"button\" aria-expanded=\"false\"\n                            aria-controls=\"faq-answer-faq-3\"\n                            aria-describedby=\"faq-answer-faq-3\">\n                            <h2>\u00bfCu\u00e1l ser\u00eda mi papel como voluntario m\u00e9dico en el campamento? <\/h2>\n                        <\/button>\n                    <\/div>\n                    <div class=\"faqanswer\" id=\"faq-answer-faq-3\" role=\"region\"\n                        aria-labelledby=\"faq-button-faq-3\" style=\"visibility: hidden; max-height: 0;\">\n                        <div class=\"faq-content\">\n                            <p>El programa m\u00e9dico de Roundup River Ranch est\u00e1 supervisado por nuestro equipo m\u00e9dico durante todo el a\u00f1o y apoyado por enfermeras y proveedores altamente capacitados que son expertos en sus respectivos campos. Ser consciente de la seguridad es una prioridad del campamento, sabiendo esto Roundup River Ranch conf\u00eda en los m\u00e9dicos y enfermeras voluntarios para proporcionar apoyo m\u00e9dico adicional, distribuir medicamentos y proporcionar atenci\u00f3n m\u00e9dica personalizada cuando sea necesario. Como voluntario m\u00e9dico estar\u00e1s totalmente inmerso en el campamento, destinado en nuestras instalaciones m\u00e9dicas, The Depot, y en todo el campamento para satisfacer las necesidades de los campistas.  <\/p>\n\n                        <\/div>\n                    <\/div>\n                <\/div>\n                            \n                <div class=\"faqitem\" data-faq-index=\"3\">\n                    <div class=\"faqquestion\">\n                        <button class=\"faq-trigger\" id=\"faq-button-faq-4\" type=\"button\" aria-expanded=\"false\"\n                            aria-controls=\"faq-answer-faq-4\"\n                            aria-describedby=\"faq-answer-faq-4\">\n                            <h2>\u00bfQui\u00e9n puede ser voluntario y cu\u00e1nto tiempo hay que dedicar? <\/h2>\n                        <\/button>\n                    <\/div>\n                    <div class=\"faqanswer\" id=\"faq-answer-faq-4\" role=\"region\"\n                        aria-labelledby=\"faq-button-faq-4\" style=\"visibility: hidden; max-height: 0;\">\n                        <div class=\"faq-content\">\n                            <p>Tenemos diversas oportunidades de voluntariado m\u00e9dico a lo largo del a\u00f1o. Todos los profesionales m\u00e9dicos son bienvenidos y se les anima a que presenten su solicitud. Por motivos de agudeza de los campistas, hay una gran necesidad de m\u00e9dicos, enfermeros titulados y farmac\u00e9uticos.  Las sesiones residenciales duran una semana completa; los campistas permanecen en las instalaciones durante cinco d\u00edas tras un d\u00eda de orientaci\u00f3n para voluntarios al comienzo de la semana. Las sesiones de campamento familiar duran un fin de semana; los voluntarios deber\u00e1n llegar el viernes a mediod\u00eda y podr\u00e1n marcharse el domingo a mediod\u00eda.<\/p>\n\n                        <\/div>\n                    <\/div>\n                <\/div>\n                            \n                <div class=\"faqitem\" data-faq-index=\"4\">\n                    <div class=\"faqquestion\">\n                        <button class=\"faq-trigger\" id=\"faq-button-faq-5\" type=\"button\" aria-expanded=\"false\"\n                            aria-controls=\"faq-answer-faq-5\"\n                            aria-describedby=\"faq-answer-faq-5\">\n                            <h2>\u00bfHabr\u00e1 orientaci\u00f3n? <\/h2>\n                        <\/button>\n                    <\/div>\n                    <div class=\"faqanswer\" id=\"faq-answer-faq-5\" role=\"region\"\n                        aria-labelledby=\"faq-button-faq-5\" style=\"visibility: hidden; max-height: 0;\">\n                        <div class=\"faq-content\">\n                            <p>S\u00ed. Todos los voluntarios, nuevos y antiguos, asisten a una orientaci\u00f3n o Volly-O, que consiste en varios cursos de formaci\u00f3n en persona, y tiene lugar el d\u00eda antes de la llegada de los campistas (sesi\u00f3n de campamento de verano) o el viernes antes de una sesi\u00f3n de campamento familiar. Nos aseguraremos de que est\u00e9s totalmente preparado y siempre hay miembros del personal disponibles como recurso (as\u00ed como voluntarios m\u00e9dicos experimentados como apoyo).<\/p>\n\n                        <\/div>\n                    <\/div>\n                <\/div>\n                        <\/div>\n<\/div>\n<\/div>\n<\/div>","protected":false},"excerpt":{"rendered":"<p>Enfermera de d\u00eda SEA LA PRIMERA SONRISA QUE VEAN LOS CAMPISTANES \u00a1Sea la primera cara amable que vean los campistas y sus familias al llegar al campamento! Algunos estar\u00e1n ... <a href=\"https:\/\/roundupriverranch.org\/es\/volunteer\/residential-camp-roles\/day-nurse\/\">Contin\u00faa<\/a><\/p>","protected":false},"author":1,"featured_media":0,"parent":691,"menu_order":0,"comment_status":"closed","ping_status":"open","template":"template-secondary.blade.php","meta":{"_acf_changed":false,"footnotes":""},"class_list":["post-707","page","type-page","status-publish","hentry"],"acf":[],"yoast_head":"<!-- This site is optimized with the Yoast SEO Premium plugin v26.9 (Yoast SEO v27.4) - https:\/\/yoast.com\/product\/yoast-seo-premium-wordpress\/ -->\n<title>Day Nurse - Roundup River Ranch<\/title>\n<meta name=\"robots\" content=\"index, follow, max-snippet:-1, max-image-preview:large, max-video-preview:-1\" \/>\n<link rel=\"canonical\" href=\"https:\/\/roundupriverranch.org\/es\/volunteer\/residential-camp-roles\/day-nurse\/\" \/>\n<meta property=\"og:locale\" content=\"es_ES\" \/>\n<meta property=\"og:type\" content=\"article\" \/>\n<meta property=\"og:title\" content=\"Day Nurse\" \/>\n<meta property=\"og:description\" content=\"Day Nurse BE THE FIRST SMILE CAMPERS SEE Be the first friendly face campers and families see as they arrive to camp! Some will be &hellip; Continued\" \/>\n<meta property=\"og:url\" content=\"https:\/\/roundupriverranch.org\/es\/volunteer\/residential-camp-roles\/day-nurse\/\" \/>\n<meta property=\"og:site_name\" content=\"Roundup River Ranch\" \/>\n<meta property=\"article:publisher\" content=\"https:\/\/www.facebook.com\/roundupriverranch\/\" \/>\n<meta property=\"article:modified_time\" content=\"2025-12-17T23:45:29+00:00\" \/>\n<meta property=\"og:image\" content=\"https:\/\/roundupriverranch.org\/wp-content\/uploads\/2025\/11\/marshmellows.svg\" \/>\n<meta name=\"twitter:card\" content=\"summary_large_image\" \/>\n<meta name=\"twitter:label1\" content=\"Tiempo de lectura\" \/>\n\t<meta name=\"twitter:data1\" content=\"3 minutos\" \/>\n<script type=\"application\/ld+json\" class=\"yoast-schema-graph\">{\"@context\":\"https:\\\/\\\/schema.org\",\"@graph\":[{\"@type\":\"WebPage\",\"@id\":\"https:\\\/\\\/roundupriverranch.org\\\/volunteer\\\/residential-camp-roles\\\/day-nurse\\\/\",\"url\":\"https:\\\/\\\/roundupriverranch.org\\\/volunteer\\\/residential-camp-roles\\\/day-nurse\\\/\",\"name\":\"Day Nurse - Roundup River Ranch\",\"isPartOf\":{\"@id\":\"https:\\\/\\\/roundupriverranch.org\\\/#website\"},\"primaryImageOfPage\":{\"@id\":\"https:\\\/\\\/roundupriverranch.org\\\/volunteer\\\/residential-camp-roles\\\/day-nurse\\\/#primaryimage\"},\"image\":{\"@id\":\"https:\\\/\\\/roundupriverranch.org\\\/volunteer\\\/residential-camp-roles\\\/day-nurse\\\/#primaryimage\"},\"thumbnailUrl\":\"https:\\\/\\\/roundupriverranch.org\\\/wp-content\\\/uploads\\\/2025\\\/11\\\/marshmellows.svg\",\"datePublished\":\"2025-12-08T17:12:20+00:00\",\"dateModified\":\"2025-12-17T23:45:29+00:00\",\"breadcrumb\":{\"@id\":\"https:\\\/\\\/roundupriverranch.org\\\/volunteer\\\/residential-camp-roles\\\/day-nurse\\\/#breadcrumb\"},\"inLanguage\":\"es\",\"potentialAction\":[{\"@type\":\"ReadAction\",\"target\":[\"https:\\\/\\\/roundupriverranch.org\\\/volunteer\\\/residential-camp-roles\\\/day-nurse\\\/\"]}]},{\"@type\":\"ImageObject\",\"inLanguage\":\"es\",\"@id\":\"https:\\\/\\\/roundupriverranch.org\\\/volunteer\\\/residential-camp-roles\\\/day-nurse\\\/#primaryimage\",\"url\":\"https:\\\/\\\/roundupriverranch.org\\\/wp-content\\\/uploads\\\/2025\\\/11\\\/marshmellows.svg\",\"contentUrl\":\"https:\\\/\\\/roundupriverranch.org\\\/wp-content\\\/uploads\\\/2025\\\/11\\\/marshmellows.svg\"},{\"@type\":\"BreadcrumbList\",\"@id\":\"https:\\\/\\\/roundupriverranch.org\\\/volunteer\\\/residential-camp-roles\\\/day-nurse\\\/#breadcrumb\",\"itemListElement\":[{\"@type\":\"ListItem\",\"position\":1,\"name\":\"Home\",\"item\":\"https:\\\/\\\/roundupriverranch.org\\\/\"},{\"@type\":\"ListItem\",\"position\":2,\"name\":\"Volunteer\",\"item\":\"https:\\\/\\\/roundupriverranch.org\\\/volunteer\\\/\"},{\"@type\":\"ListItem\",\"position\":3,\"name\":\"Residential Camp Roles\",\"item\":\"https:\\\/\\\/roundupriverranch.org\\\/volunteer\\\/residential-camp-roles\\\/\"},{\"@type\":\"ListItem\",\"position\":4,\"name\":\"Day Nurse\"}]},{\"@type\":\"WebSite\",\"@id\":\"https:\\\/\\\/roundupriverranch.org\\\/#website\",\"url\":\"https:\\\/\\\/roundupriverranch.org\\\/\",\"name\":\"Roundup River Ranch\",\"description\":\"\",\"potentialAction\":[{\"@type\":\"SearchAction\",\"target\":{\"@type\":\"EntryPoint\",\"urlTemplate\":\"https:\\\/\\\/roundupriverranch.org\\\/?s={search_term_string}\"},\"query-input\":{\"@type\":\"PropertyValueSpecification\",\"valueRequired\":true,\"valueName\":\"search_term_string\"}}],\"inLanguage\":\"es\"}]}<\/script>\n<!-- \/ Yoast SEO Premium plugin. -->","yoast_head_json":{"title":"Enfermera de d\u00eda - Roundup River Ranch","robots":{"index":"index","follow":"follow","max-snippet":"max-snippet:-1","max-image-preview":"max-image-preview:large","max-video-preview":"max-video-preview:-1"},"canonical":"https:\/\/roundupriverranch.org\/es\/volunteer\/residential-camp-roles\/day-nurse\/","og_locale":"es_ES","og_type":"article","og_title":"Day Nurse","og_description":"Day Nurse BE THE FIRST SMILE CAMPERS SEE Be the first friendly face campers and families see as they arrive to camp! Some will be &hellip; Continued","og_url":"https:\/\/roundupriverranch.org\/es\/volunteer\/residential-camp-roles\/day-nurse\/","og_site_name":"Roundup River Ranch","article_publisher":"https:\/\/www.facebook.com\/roundupriverranch\/","article_modified_time":"2025-12-17T23:45:29+00:00","og_image":[{"url":"https:\/\/roundupriverranch.org\/wp-content\/uploads\/2025\/11\/marshmellows.svg","type":"","width":"","height":""}],"twitter_card":"summary_large_image","twitter_misc":{"Tiempo de lectura":"3 minutos"},"schema":{"@context":"https:\/\/schema.org","@graph":[{"@type":"WebPage","@id":"https:\/\/roundupriverranch.org\/volunteer\/residential-camp-roles\/day-nurse\/","url":"https:\/\/roundupriverranch.org\/volunteer\/residential-camp-roles\/day-nurse\/","name":"Enfermera de d\u00eda - Roundup River Ranch","isPartOf":{"@id":"https:\/\/roundupriverranch.org\/#website"},"primaryImageOfPage":{"@id":"https:\/\/roundupriverranch.org\/volunteer\/residential-camp-roles\/day-nurse\/#primaryimage"},"image":{"@id":"https:\/\/roundupriverranch.org\/volunteer\/residential-camp-roles\/day-nurse\/#primaryimage"},"thumbnailUrl":"https:\/\/roundupriverranch.org\/wp-content\/uploads\/2025\/11\/marshmellows.svg","datePublished":"2025-12-08T17:12:20+00:00","dateModified":"2025-12-17T23:45:29+00:00","breadcrumb":{"@id":"https:\/\/roundupriverranch.org\/volunteer\/residential-camp-roles\/day-nurse\/#breadcrumb"},"inLanguage":"es","potentialAction":[{"@type":"ReadAction","target":["https:\/\/roundupriverranch.org\/volunteer\/residential-camp-roles\/day-nurse\/"]}]},{"@type":"ImageObject","inLanguage":"es","@id":"https:\/\/roundupriverranch.org\/volunteer\/residential-camp-roles\/day-nurse\/#primaryimage","url":"https:\/\/roundupriverranch.org\/wp-content\/uploads\/2025\/11\/marshmellows.svg","contentUrl":"https:\/\/roundupriverranch.org\/wp-content\/uploads\/2025\/11\/marshmellows.svg"},{"@type":"BreadcrumbList","@id":"https:\/\/roundupriverranch.org\/volunteer\/residential-camp-roles\/day-nurse\/#breadcrumb","itemListElement":[{"@type":"ListItem","position":1,"name":"Home","item":"https:\/\/roundupriverranch.org\/"},{"@type":"ListItem","position":2,"name":"Volunteer","item":"https:\/\/roundupriverranch.org\/volunteer\/"},{"@type":"ListItem","position":3,"name":"Residential Camp Roles","item":"https:\/\/roundupriverranch.org\/volunteer\/residential-camp-roles\/"},{"@type":"ListItem","position":4,"name":"Day Nurse"}]},{"@type":"WebSite","@id":"https:\/\/roundupriverranch.org\/#website","url":"https:\/\/roundupriverranch.org\/","name":"Rancho Roundup River","description":"","potentialAction":[{"@type":"SearchAction","target":{"@type":"EntryPoint","urlTemplate":"https:\/\/roundupriverranch.org\/?s={search_term_string}"},"query-input":{"@type":"PropertyValueSpecification","valueRequired":true,"valueName":"search_term_string"}}],"inLanguage":"es"}]}},"_links":{"self":[{"href":"https:\/\/roundupriverranch.org\/es\/wp-json\/wp\/v2\/pages\/707","targetHints":{"allow":["GET"]}}],"collection":[{"href":"https:\/\/roundupriverranch.org\/es\/wp-json\/wp\/v2\/pages"}],"about":[{"href":"https:\/\/roundupriverranch.org\/es\/wp-json\/wp\/v2\/types\/page"}],"author":[{"embeddable":true,"href":"https:\/\/roundupriverranch.org\/es\/wp-json\/wp\/v2\/users\/1"}],"replies":[{"embeddable":true,"href":"https:\/\/roundupriverranch.org\/es\/wp-json\/wp\/v2\/comments?post=707"}],"version-history":[{"count":11,"href":"https:\/\/roundupriverranch.org\/es\/wp-json\/wp\/v2\/pages\/707\/revisions"}],"predecessor-version":[{"id":11321,"href":"https:\/\/roundupriverranch.org\/es\/wp-json\/wp\/v2\/pages\/707\/revisions\/11321"}],"up":[{"embeddable":true,"href":"https:\/\/roundupriverranch.org\/es\/wp-json\/wp\/v2\/pages\/691"}],"wp:attachment":[{"href":"https:\/\/roundupriverranch.org\/es\/wp-json\/wp\/v2\/media?parent=707"}],"curies":[{"name":"wp","href":"https:\/\/api.w.org\/{rel}","templated":true}]}}