{"id":711,"date":"2025-12-08T17:13:14","date_gmt":"2025-12-08T17:13:14","guid":{"rendered":"https:\/\/roundupriverranch.org\/?page_id=711"},"modified":"2025-12-18T18:21:27","modified_gmt":"2025-12-18T18:21:27","slug":"other-medical-volunteers","status":"publish","type":"page","link":"https:\/\/roundupriverranch.org\/es\/volunteer\/residential-camp-roles\/other-medical-volunteers\/","title":{"rendered":"Otros voluntarios m\u00e9dicos"},"content":{"rendered":"<div class=\"defaultheaderblock\">\n    <div class=\"defaultheaderblockinner\">\n\n                    <div class=\"headerouter\">\n                <div class=\"headerimage\" style=\"background-image: url(https:\/\/roundupriverranch.org\/wp-content\/uploads\/2025\/11\/onsite_programs_scaled.jpg)\">\n                    <img decoding=\"async\" src=\"https:\/\/roundupriverranch.org\/wp-content\/uploads\/2025\/11\/onsite_programs_scaled.jpg\" alt=\"\" \/>\n                <\/div>\n                <div class=\"mobileheaderimage\">\n                    <img decoding=\"async\" src=\"https:\/\/roundupriverranch.org\/wp-content\/uploads\/2025\/11\/onsite_programs_image_mob.jpg\" alt=\"\" \/>\n                <\/div>\n            <\/div>\n        \n    <\/div>\n    <div class=\"defaultheadercurve\">\n        <img decoding=\"async\" src=\"https:\/\/roundupriverranch.org\/wp-content\/themes\/sage\/public\/build\/assets\/defaultheadercurve-Cez_Hkub.svg\" alt=\"\">\n    <\/div>\n<\/div>\n\n\n\n<h1 class=\"wp-block-heading has-text-align-center\" id=\"h-other-medical-volunteers\">Otros voluntarios m\u00e9dicos<\/h1>\n\n\n\n<h2 class=\"wp-block-heading has-text-align-center\" id=\"h-bring-your-medical-skills-to-life-at-camp\">HAZ QUE TUS CONOCIMIENTOS M\u00c9DICOS COBREN VIDA EN EL CAMPAMENTO<\/h2>\n\n\n\n<p class=\"has-text-align-center\">El cielo es el l\u00edmite cuando se trata de qui\u00e9n puede marcar la diferencia en el campamento. <br>Si posee una licencia o certificaci\u00f3n m\u00e9dica y tiene curiosidad por saber c\u00f3mo podr\u00eda contribuir, queremos conocerle.<\/p>\n\n\n\n<div style=\"height:22px\" aria-hidden=\"true\" class=\"wp-block-spacer\"><\/div>\n\n\n\n<hr class=\"wp-block-separator has-alpha-channel-opacity\"\/>\n\n\n\n<p class=\"has-xl-font-size\"><strong>Las funciones incluyen:<\/strong><\/p>\n\n\n\n<ul class=\"wp-block-list\">\n<li>Terapeutas respiratorios (TR)<\/li>\n\n\n\n<li>Fisioterapeutas (PT)<\/li>\n\n\n\n<li>Terapeutas ocupacionales (TO)<\/li>\n\n\n\n<li>T\u00e9cnicos en emergencias m\u00e9dicas (TEM)<\/li>\n\n\n\n<li>Param\u00e9dicos<\/li>\n\n\n\n<li>Enfermeras (RN, LPN, NP)<\/li>\n\n\n\n<li>M\u00e9dicos (MD, DO)<\/li>\n\n\n\n<li>Y otros profesionales sanitarios licenciados o certificados.<\/li>\n<\/ul>\n\n\n\n<p class=\"has-xl-font-size\"><strong>Qu\u00e9 har\u00e1s<\/strong><\/p>\n\n\n\n<ul class=\"wp-block-list\">\n<li>Apoye a los campistas en su \u00e1rea de especializaci\u00f3n<\/li>\n\n\n\n<li>Ayudar al equipo m\u00e9dico con el cuidado y la seguridad de los campistas<\/li>\n\n\n\n<li>Contribuir al buen funcionamiento de los programas del campamento<\/li>\n<\/ul>\n\n\n\n<p class=\"has-xl-font-size\"><strong>Vida de campista<\/strong><\/p>\n\n\n\n<ul class=\"wp-block-list\">\n<li>Comprometerse con los campistas y ayudarles a tener una experiencia segura y alegre<\/li>\n\n\n\n<li>Apoyar las actividades del campamento cuando sea posible, contribuyendo a la diversi\u00f3n y la conexi\u00f3n<\/li>\n<\/ul>\n\n\n\n<p>Ac\u00e9rcate a <strong><a href=\"mailto:medteam@roundupriverranch.org\">medteam@roundupriverranch.org<\/a><\/strong> - nos encantar\u00eda charlar sobre c\u00f3mo puede ayudarnos.<\/p>\n\n\n\n<hr class=\"wp-block-separator has-alpha-channel-opacity\"\/>\n\n\n\n<div style=\"height:0px\" aria-hidden=\"true\" class=\"wp-block-spacer\"><\/div>\n\n\n\n<p><strong>Requisitos para los voluntarios que regresan (deben cumplimentarse todos los a\u00f1os):<\/strong><\/p>\n\n\n\n<ul class=\"wp-block-list\">\n<li>Formulario de historial m\u00e9dico<\/li>\n\n\n\n<li>Acuerdos y pol\u00edticas de voluntariado<\/li>\n\n\n\n<li>Verificaci\u00f3n de antecedentes penales de voluntarios<\/li>\n\n\n\n<li>Vacuna antigripal<\/li>\n\n\n\n<li>Vital Camp Formaci\u00f3n en l\u00ednea<\/li>\n\n\n\n<li>Jornada completa de orientaci\u00f3n<\/li>\n\n\n\n<li>Seguro de mala praxis (s\u00f3lo proveedores\/enfermeros)<\/li>\n\n\n\n<li>Certificaci\u00f3n de Soporte Vital B\u00e1sico (SVB) o Soporte Vital Avanzado (SVA) (s\u00f3lo para voluntarios m\u00e9dicos)<\/li>\n<\/ul>\n\n\n\n<p><strong>Nuevos requisitos para ser voluntario:<\/strong><\/p>\n\n\n\n<ul class=\"wp-block-list\">\n<li>CDHS Background Inquiry Check- a completar cada 5 a\u00f1os (<em>se explica a continuaci\u00f3n<\/em>)<\/li>\n\n\n\n<li>Comprobaci\u00f3n de antecedentes dactilares: debe realizarse cada 5 a\u00f1os (<em>se explica a continuaci\u00f3n<\/em>)<\/li>\n\n\n\n<li>Notificaci\u00f3n de la Ley de Protecci\u00f3n de la Intimidad<\/li>\n\n\n\n<li>3 Referencias<\/li>\n\n\n\n<li>Formulario de historial m\u00e9dico<\/li>\n\n\n\n<li>Acuerdos y pol\u00edticas de voluntariado<\/li>\n\n\n\n<li>Verificaci\u00f3n de antecedentes penales de voluntarios<\/li>\n\n\n\n<li>Vacuna actual contra la gripe estacional<\/li>\n\n\n\n<li>Vital Camp Formaci\u00f3n en l\u00ednea<\/li>\n\n\n\n<li>Jornada completa de orientaci\u00f3n<\/li>\n\n\n\n<li>Seguro de mala praxis (s\u00f3lo proveedores\/enfermeros)<\/li>\n\n\n\n<li>Certificaci\u00f3n de Soporte Vital B\u00e1sico (SVB) o Soporte Vital Avanzado (SVA) (s\u00f3lo para voluntarios m\u00e9dicos)<\/li>\n<\/ul>\n\n\n\n<p><strong>Se necesitan nuevas cartillas de vacunaci\u00f3n para voluntarios:<\/strong><\/p>\n\n\n\n<p>Nuestra principal preocupaci\u00f3n es asegurar que usted y nuestros campistas tengan una experiencia de campamento saludable y divertida. Debido a que el sistema inmunol\u00f3gico de nuestros campistas est\u00e1 comprometido, es muy importante que todo el personal y los voluntarios cumplan con nuestros requisitos de vacunaci\u00f3n.<\/p>\n\n\n\n<p><em>Durante el primer a\u00f1o de voluntariado se exigen los registros de las siguientes vacunas:<\/em><\/p>\n\n\n\n<ul class=\"wp-block-list\">\n<li><strong>Hepatitis A<\/strong>: Obligatorio para todo el personal de cocina\/voluntarios y recomendado para todos. El personal de cocina\/voluntarios debe recibir un m\u00ednimo de una dosis un mes antes de asistir al campamento.<\/li>\n\n\n\n<li><strong>Hepatitis B<\/strong>: Existe un riesgo peque\u00f1o, pero real, de contraer la hepatitis B si no se vacuna. B si no se vacuna.  Si no recibe esta vacuna, debe firmar la exenci\u00f3n de Hepatitis B dentro del formulario de historial m\u00e9dico.<\/li>\n\n\n\n<li><strong>Sarampi\u00f3n, paperas y rubeola (SPR):<\/strong>&nbsp;Cualquier persona nacida en 1957 o m\u00e1s tarde debe proporcionar documentaci\u00f3n de dos vacunas MMR o tener un t\u00edtulo de anticuerpos MMR. Esta vacuna debe recibirse al menos 4 semanas antes de llegar al campamento (se requieren 2 fechas de vacunaci\u00f3n).<\/li>\n\n\n\n<li><strong>T\u00e9tanos\/tos ferina (Td\/TdaP):<\/strong>&nbsp;Debe estar en vigor y actualizado en los 10 a\u00f1os siguientes a la \u00faltima dosis.<\/li>\n\n\n\n<li><strong>Varicela:<\/strong>&nbsp;Fecha de la enfermedad de la varicela (debe figurar en el formulario de historial m\u00e9dico) O Dos dosis de la vacuna contra la varicela (debe recibirse 8 semanas antes de llegar al campamento)<\/li>\n<\/ul>\n\n\n\n<p><strong>Explicaci\u00f3n de la comprobaci\u00f3n de antecedentes y huellas dactilares:<\/strong><\/p>\n\n\n\n<p>Debido a la licencia de cuidado de ni\u00f1os de Colorado y los requisitos de acreditaci\u00f3n de ACA, nuestro personal y voluntarios completan una serie de 3 verificaciones de antecedentes antes de su participaci\u00f3n en nuestro programa. Los controles de antecedentes consisten en:&nbsp;<\/p>\n\n\n\n<ul class=\"wp-block-list\">\n<li>Una comprobaci\u00f3n de antecedentes basada en huellas dactilares que busca antecedentes penales en la base de datos de la Oficina de Investigaci\u00f3n de Colorado y en la base de datos de la Oficina Federal de Investigaci\u00f3n.<\/li>\n\n\n\n<li>Una comprobaci\u00f3n anual de antecedentes penales a escala nacional (tramitada a trav\u00e9s de CheckR; campbackgroundcheck.com para los voluntarios).<\/li>\n\n\n\n<li>Comprobaci\u00f3n de antecedentes en la base de datos del CDEC Trails en busca de antecedentes espec\u00edficos de maltrato y abandono de menores.<\/li>\n<\/ul>\n\n\n\n<hr class=\"wp-block-separator has-alpha-channel-opacity\"\/>\n\n\n\n<div style=\"height:50px\" aria-hidden=\"true\" class=\"wp-block-spacer\"><\/div>\n\n\n\n<div class=\"wp-block-group is-content-justification-center is-nowrap is-layout-flex wp-container-core-group-is-layout-94bc23d7 wp-block-group-is-layout-flex\">\n<div class=\"wp-block-buttons is-layout-flex wp-block-buttons-is-layout-flex\">\n<div class=\"wp-block-button drkgreen-btn\"><a class=\"wp-block-button__link wp-element-button\" href=\"https:\/\/acrobat.adobe.com\/id\/urn:aaid:sc:us:826a9578-4b53-4c64-9161-5dbe49d34d75\">Horario del campamento<\/a><\/div>\n\n\n\n<div class=\"wp-block-button drkgreen-btn\"><a class=\"wp-block-button__link wp-element-button\" href=\"https:\/\/acrobat.adobe.com\/id\/urn:aaid:sc:us:b0e8595c-d7f3-465d-b9d4-df1bb5a39cb9\">Recursos en espa\u00f1ol<\/a><\/div>\n<\/div>\n\n\n\n<div class=\"wp-block-buttons is-layout-flex wp-block-buttons-is-layout-flex\">\n<div class=\"wp-block-button drkgreen-btn\"><a class=\"wp-block-button__link wp-element-button\" href=\"https:\/\/roundupriverranch.org\/es\/camp-programs\/onsite-programs\/apply-for-camp\/\">Solicitar campamento<\/a><\/div>\n<\/div>\n<\/div>\n\n\n\n<div style=\"height:73px\" aria-hidden=\"true\" class=\"wp-block-spacer\"><\/div>\n\n\n<div class=\"calloutboxwrapper\">\n    <div class=\"calloutboxinner\">\n        <div class=\"calloutcolumns\">\n            <div class=\"calloutcontent\">\n                                    <h2 style=\"text-align: center;\">D\u00c9 UNA VUELTA POR EL CAMPING<\/h2>\n<p style=\"text-align: center;\">Nuestro pintoresco campamento est\u00e1 situado entre las Monta\u00f1as Rocosas y el r\u00edo Colorado. Cuando el campamento est\u00e1 en sesi\u00f3n, Roundup River Ranch se convierte en 125 acres de alegr\u00eda total y la risa. Por favor, echa un vistazo a nuestro mapa del campamento que detalla nuestras \u00e1reas del programa de campamento, edificios y otras caracter\u00edsticas del campamento.<\/p>\n\n                            <\/div>\n            <div class=\"calloutimage\" style=\"background-image: url('https:\/\/roundupriverranch.org\/wp-content\/uploads\/2025\/11\/campsite_depot.jpg')\">\n                                    <img decoding=\"async\" src=\"https:\/\/roundupriverranch.org\/wp-content\/uploads\/2025\/11\/campsite_depot.jpg\" alt=\"\" \/>\n                            <\/div>\n        <\/div>\n        <div class=\"lowerlinks\">\n                                                                                                            <a href=\"https:\/\/roundupriverranch.org\/es\/about-us\/our-campsite\/camp-map\/\" class=\"header-drkgreen-btn\">\n                            TOUR DEL CAMPAMENTO\n                        <\/a>\n                                                        <\/div>\n    <\/div>\n<\/div>\n\n\n\n\n\n<p><\/p>","protected":false},"excerpt":{"rendered":"<p>Otros voluntarios m\u00e9dicos APORTE SUS COMPETENCIAS M\u00c9DICAS AL CAMPAMENTO El cielo es el l\u00edmite cuando se trata de qui\u00e9n puede marcar la diferencia ... <a href=\"https:\/\/roundupriverranch.org\/es\/volunteer\/residential-camp-roles\/other-medical-volunteers\/\">Contin\u00faa<\/a><\/p>","protected":false},"author":1,"featured_media":0,"parent":691,"menu_order":0,"comment_status":"closed","ping_status":"open","template":"template-secondary.blade.php","meta":{"_acf_changed":false,"footnotes":""},"class_list":["post-711","page","type-page","status-publish","hentry"],"acf":[],"yoast_head":"<!-- This site is optimized with the Yoast SEO Premium plugin v26.9 (Yoast SEO v27.4) - https:\/\/yoast.com\/product\/yoast-seo-premium-wordpress\/ -->\n<title>Other Medical Volunteers - Roundup River Ranch<\/title>\n<meta name=\"robots\" content=\"index, follow, max-snippet:-1, max-image-preview:large, max-video-preview:-1\" \/>\n<link rel=\"canonical\" href=\"https:\/\/roundupriverranch.org\/es\/volunteer\/residential-camp-roles\/other-medical-volunteers\/\" \/>\n<meta property=\"og:locale\" content=\"es_ES\" \/>\n<meta property=\"og:type\" content=\"article\" \/>\n<meta property=\"og:title\" content=\"Other Medical Volunteers\" \/>\n<meta property=\"og:description\" content=\"Other Medical Volunteers BRING YOUR MEDICAL SKILLS TO LIFE AT CAMP The sky is the limit when it comes to who can make a difference &hellip; Continued\" \/>\n<meta property=\"og:url\" content=\"https:\/\/roundupriverranch.org\/es\/volunteer\/residential-camp-roles\/other-medical-volunteers\/\" \/>\n<meta property=\"og:site_name\" content=\"Roundup River Ranch\" \/>\n<meta property=\"article:publisher\" content=\"https:\/\/www.facebook.com\/roundupriverranch\/\" \/>\n<meta property=\"article:modified_time\" content=\"2025-12-18T18:21:27+00:00\" \/>\n<meta property=\"og:image\" content=\"https:\/\/roundupriverranch.org\/wp-content\/uploads\/2025\/11\/marshmellows.svg\" \/>\n<meta name=\"twitter:card\" content=\"summary_large_image\" \/>\n<meta name=\"twitter:label1\" content=\"Tiempo de lectura\" \/>\n\t<meta name=\"twitter:data1\" content=\"3 minutos\" \/>\n<script type=\"application\/ld+json\" class=\"yoast-schema-graph\">{\"@context\":\"https:\\\/\\\/schema.org\",\"@graph\":[{\"@type\":\"WebPage\",\"@id\":\"https:\\\/\\\/roundupriverranch.org\\\/volunteer\\\/residential-camp-roles\\\/other-medical-volunteers\\\/\",\"url\":\"https:\\\/\\\/roundupriverranch.org\\\/volunteer\\\/residential-camp-roles\\\/other-medical-volunteers\\\/\",\"name\":\"Other Medical Volunteers - Roundup River Ranch\",\"isPartOf\":{\"@id\":\"https:\\\/\\\/roundupriverranch.org\\\/#website\"},\"primaryImageOfPage\":{\"@id\":\"https:\\\/\\\/roundupriverranch.org\\\/volunteer\\\/residential-camp-roles\\\/other-medical-volunteers\\\/#primaryimage\"},\"image\":{\"@id\":\"https:\\\/\\\/roundupriverranch.org\\\/volunteer\\\/residential-camp-roles\\\/other-medical-volunteers\\\/#primaryimage\"},\"thumbnailUrl\":\"https:\\\/\\\/roundupriverranch.org\\\/wp-content\\\/uploads\\\/2025\\\/11\\\/marshmellows.svg\",\"datePublished\":\"2025-12-08T17:13:14+00:00\",\"dateModified\":\"2025-12-18T18:21:27+00:00\",\"breadcrumb\":{\"@id\":\"https:\\\/\\\/roundupriverranch.org\\\/volunteer\\\/residential-camp-roles\\\/other-medical-volunteers\\\/#breadcrumb\"},\"inLanguage\":\"es\",\"potentialAction\":[{\"@type\":\"ReadAction\",\"target\":[\"https:\\\/\\\/roundupriverranch.org\\\/volunteer\\\/residential-camp-roles\\\/other-medical-volunteers\\\/\"]}]},{\"@type\":\"ImageObject\",\"inLanguage\":\"es\",\"@id\":\"https:\\\/\\\/roundupriverranch.org\\\/volunteer\\\/residential-camp-roles\\\/other-medical-volunteers\\\/#primaryimage\",\"url\":\"https:\\\/\\\/roundupriverranch.org\\\/wp-content\\\/uploads\\\/2025\\\/11\\\/marshmellows.svg\",\"contentUrl\":\"https:\\\/\\\/roundupriverranch.org\\\/wp-content\\\/uploads\\\/2025\\\/11\\\/marshmellows.svg\"},{\"@type\":\"BreadcrumbList\",\"@id\":\"https:\\\/\\\/roundupriverranch.org\\\/volunteer\\\/residential-camp-roles\\\/other-medical-volunteers\\\/#breadcrumb\",\"itemListElement\":[{\"@type\":\"ListItem\",\"position\":1,\"name\":\"Home\",\"item\":\"https:\\\/\\\/roundupriverranch.org\\\/\"},{\"@type\":\"ListItem\",\"position\":2,\"name\":\"Volunteer\",\"item\":\"https:\\\/\\\/roundupriverranch.org\\\/volunteer\\\/\"},{\"@type\":\"ListItem\",\"position\":3,\"name\":\"Residential Camp Roles\",\"item\":\"https:\\\/\\\/roundupriverranch.org\\\/volunteer\\\/residential-camp-roles\\\/\"},{\"@type\":\"ListItem\",\"position\":4,\"name\":\"Other Medical Volunteers\"}]},{\"@type\":\"WebSite\",\"@id\":\"https:\\\/\\\/roundupriverranch.org\\\/#website\",\"url\":\"https:\\\/\\\/roundupriverranch.org\\\/\",\"name\":\"Roundup River Ranch\",\"description\":\"\",\"potentialAction\":[{\"@type\":\"SearchAction\",\"target\":{\"@type\":\"EntryPoint\",\"urlTemplate\":\"https:\\\/\\\/roundupriverranch.org\\\/?s={search_term_string}\"},\"query-input\":{\"@type\":\"PropertyValueSpecification\",\"valueRequired\":true,\"valueName\":\"search_term_string\"}}],\"inLanguage\":\"es\"}]}<\/script>\n<!-- \/ Yoast SEO Premium plugin. -->","yoast_head_json":{"title":"Otros voluntarios m\u00e9dicos - Roundup River Ranch","robots":{"index":"index","follow":"follow","max-snippet":"max-snippet:-1","max-image-preview":"max-image-preview:large","max-video-preview":"max-video-preview:-1"},"canonical":"https:\/\/roundupriverranch.org\/es\/volunteer\/residential-camp-roles\/other-medical-volunteers\/","og_locale":"es_ES","og_type":"article","og_title":"Other Medical Volunteers","og_description":"Other Medical Volunteers BRING YOUR MEDICAL SKILLS TO LIFE AT CAMP The sky is the limit when it comes to who can make a difference &hellip; Continued","og_url":"https:\/\/roundupriverranch.org\/es\/volunteer\/residential-camp-roles\/other-medical-volunteers\/","og_site_name":"Roundup River Ranch","article_publisher":"https:\/\/www.facebook.com\/roundupriverranch\/","article_modified_time":"2025-12-18T18:21:27+00:00","og_image":[{"url":"https:\/\/roundupriverranch.org\/wp-content\/uploads\/2025\/11\/marshmellows.svg","type":"","width":"","height":""}],"twitter_card":"summary_large_image","twitter_misc":{"Tiempo de lectura":"3 minutos"},"schema":{"@context":"https:\/\/schema.org","@graph":[{"@type":"WebPage","@id":"https:\/\/roundupriverranch.org\/volunteer\/residential-camp-roles\/other-medical-volunteers\/","url":"https:\/\/roundupriverranch.org\/volunteer\/residential-camp-roles\/other-medical-volunteers\/","name":"Otros voluntarios m\u00e9dicos - Roundup River Ranch","isPartOf":{"@id":"https:\/\/roundupriverranch.org\/#website"},"primaryImageOfPage":{"@id":"https:\/\/roundupriverranch.org\/volunteer\/residential-camp-roles\/other-medical-volunteers\/#primaryimage"},"image":{"@id":"https:\/\/roundupriverranch.org\/volunteer\/residential-camp-roles\/other-medical-volunteers\/#primaryimage"},"thumbnailUrl":"https:\/\/roundupriverranch.org\/wp-content\/uploads\/2025\/11\/marshmellows.svg","datePublished":"2025-12-08T17:13:14+00:00","dateModified":"2025-12-18T18:21:27+00:00","breadcrumb":{"@id":"https:\/\/roundupriverranch.org\/volunteer\/residential-camp-roles\/other-medical-volunteers\/#breadcrumb"},"inLanguage":"es","potentialAction":[{"@type":"ReadAction","target":["https:\/\/roundupriverranch.org\/volunteer\/residential-camp-roles\/other-medical-volunteers\/"]}]},{"@type":"ImageObject","inLanguage":"es","@id":"https:\/\/roundupriverranch.org\/volunteer\/residential-camp-roles\/other-medical-volunteers\/#primaryimage","url":"https:\/\/roundupriverranch.org\/wp-content\/uploads\/2025\/11\/marshmellows.svg","contentUrl":"https:\/\/roundupriverranch.org\/wp-content\/uploads\/2025\/11\/marshmellows.svg"},{"@type":"BreadcrumbList","@id":"https:\/\/roundupriverranch.org\/volunteer\/residential-camp-roles\/other-medical-volunteers\/#breadcrumb","itemListElement":[{"@type":"ListItem","position":1,"name":"Home","item":"https:\/\/roundupriverranch.org\/"},{"@type":"ListItem","position":2,"name":"Volunteer","item":"https:\/\/roundupriverranch.org\/volunteer\/"},{"@type":"ListItem","position":3,"name":"Residential Camp Roles","item":"https:\/\/roundupriverranch.org\/volunteer\/residential-camp-roles\/"},{"@type":"ListItem","position":4,"name":"Other Medical Volunteers"}]},{"@type":"WebSite","@id":"https:\/\/roundupriverranch.org\/#website","url":"https:\/\/roundupriverranch.org\/","name":"Rancho Roundup River","description":"","potentialAction":[{"@type":"SearchAction","target":{"@type":"EntryPoint","urlTemplate":"https:\/\/roundupriverranch.org\/?s={search_term_string}"},"query-input":{"@type":"PropertyValueSpecification","valueRequired":true,"valueName":"search_term_string"}}],"inLanguage":"es"}]}},"_links":{"self":[{"href":"https:\/\/roundupriverranch.org\/es\/wp-json\/wp\/v2\/pages\/711","targetHints":{"allow":["GET"]}}],"collection":[{"href":"https:\/\/roundupriverranch.org\/es\/wp-json\/wp\/v2\/pages"}],"about":[{"href":"https:\/\/roundupriverranch.org\/es\/wp-json\/wp\/v2\/types\/page"}],"author":[{"embeddable":true,"href":"https:\/\/roundupriverranch.org\/es\/wp-json\/wp\/v2\/users\/1"}],"replies":[{"embeddable":true,"href":"https:\/\/roundupriverranch.org\/es\/wp-json\/wp\/v2\/comments?post=711"}],"version-history":[{"count":12,"href":"https:\/\/roundupriverranch.org\/es\/wp-json\/wp\/v2\/pages\/711\/revisions"}],"predecessor-version":[{"id":11494,"href":"https:\/\/roundupriverranch.org\/es\/wp-json\/wp\/v2\/pages\/711\/revisions\/11494"}],"up":[{"embeddable":true,"href":"https:\/\/roundupriverranch.org\/es\/wp-json\/wp\/v2\/pages\/691"}],"wp:attachment":[{"href":"https:\/\/roundupriverranch.org\/es\/wp-json\/wp\/v2\/media?parent=711"}],"curies":[{"name":"wp","href":"https:\/\/api.w.org\/{rel}","templated":true}]}}