{"id":713,"date":"2025-12-08T17:13:54","date_gmt":"2025-12-08T17:13:54","guid":{"rendered":"https:\/\/roundupriverranch.org\/?page_id=713"},"modified":"2026-04-02T17:45:13","modified_gmt":"2026-04-02T17:45:13","slug":"events","status":"publish","type":"page","link":"https:\/\/roundupriverranch.org\/es\/support-us\/events\/","title":{"rendered":"Eventos"},"content":{"rendered":"<div class=\"blueheaderblock\">\n    <div class=\"blueheaderblockinner\">\n\n                    <div class=\"headerouter\">\n                <div class=\"headerimage\" style=\"background-image: url(https:\/\/roundupriverranch.org\/wp-content\/uploads\/2025\/12\/eventwebsiteheaders-09.jpeg)\">\n                    <img decoding=\"async\" src=\"https:\/\/roundupriverranch.org\/wp-content\/uploads\/2025\/12\/eventwebsiteheaders-09.jpeg\" alt=\"\" \/>\n                <\/div>\n                <div class=\"mobileheaderimage\">\n                    <img decoding=\"async\" src=\"https:\/\/roundupriverranch.org\/wp-content\/uploads\/2025\/12\/eventwebsiteheaders-10-Large.jpeg\" alt=\"\" \/>\n                <\/div>\n\n                <div class=\"defaultheadercurve\">\n                    <img decoding=\"async\" src=\"https:\/\/roundupriverranch.org\/wp-content\/themes\/sage\/public\/build\/assets\/blueheadercurve-DX-Y35aK.svg\" alt=\"\">\n                <\/div>\n            <\/div>\n        \n        <div class=\"headerlowercontent\" role=\"region\" aria-label=\"Contenido de la cabecera\">\n            <div class=\"headercontentinner\">\n                <h1 class=\"headerblocktitle\">Eventos<\/h1>\n                <h2 style=\"text-align: center;\">EL PODER DEL CAMPAMENTO EST\u00c1 EN MARCHA<br \/>\nEL ITINERARIO PARA TODO TIPO<br \/>\nDE AMISTAD,<br \/>\nEVENTOS QUE ALIMENTAN LA INSPIRACI\u00d3N.<\/h2>\n\n            <\/div>\n        <\/div>\n    <\/div>\n    <div class=\"blueheadermask\">\n        <img decoding=\"async\" src=\"https:\/\/roundupriverranch.org\/wp-content\/themes\/sage\/public\/build\/assets\/bluseheadermask-BfkAQK3X.svg\" alt=\"\">\n    <\/div>\n<\/div>\n\n\n\n<p class=\"has-text-align-center\">Cada uno de nuestros eventos \u00fanicos comienza compartiendo la alegr\u00eda con los amigos. Desde lujosos banquetes en la monta\u00f1a hasta recreaciones de campamentos en la ciudad, o ver a los amigos probar suerte en el tiro con arco, todos los eventos est\u00e1n impulsados por la pasi\u00f3n compartida de apoyar a los ni\u00f1os con diagn\u00f3sticos que alteran su vida y a sus familias. Asistas a lo que asistas, sentir\u00e1s la sensaci\u00f3n de pertenencia, compasi\u00f3n, risas y esperanza. Y t\u00fa tambi\u00e9n har\u00e1s posible todo eso para nuestros campistas.<\/p>\n\n\n\n<div style=\"height:60px\" aria-hidden=\"true\" class=\"wp-block-spacer\"><\/div>\n\n\n<div class=\"imagecopyblockwrap\">\n    <div class=\"imagecopyblockinner right small\">\n        <div class=\"imagecopyblockimage\">\n            <img decoding=\"async\" src=\"https:\/\/roundupriverranch.org\/wp-content\/uploads\/2025\/12\/RoundupRiverRanch-Camp-events-500x500-small-circle2.png\" alt=\"A taste of camp event attendees\" \/>\n        <\/div>\n        <div class=\"imagecopyblockcontent\">\n            <div class=\"copyinner\">\n                <h2 class=\"p1\">EL SABOR DEL CAMPAMENTO<\/h2>\n<p class=\"p2\">\u00a1Deliciosamente divertido! Canciones tontas de campamento, algunos juegos de campamento, entretenimiento inspirador y comida incre\u00edble. Una \u201cnoche de campamento\u201d muy divertida en pleno centro de Denver.<\/p>\n\n            <\/div>\n                            <div class=\"ctalink\">\n                    <a class=\"drkgreen-btn lowercase\" href=\"https:\/\/roundupriverranch.org\/es\/support-us\/events\/a-taste-of-camp\/\">M\u00e1s informaci\u00f3n sobre A Taste of Camp<\/a>\n                <\/div>\n                    <\/div>\n    <\/div>\n    <div class=\"seperator\"><\/div>\n<\/div>\n\n\n<div class=\"imagecopyblockwrap\">\n    <div class=\"imagecopyblockinner right small\">\n        <div class=\"imagecopyblockimage\">\n            <img decoding=\"async\" src=\"https:\/\/roundupriverranch.org\/wp-content\/uploads\/2025\/12\/RoundupRiverRanch-Camp-events-500x500-small-circle7.png\" alt=\"Bullseye Roundup Event woman doing archery\" \/>\n        <\/div>\n        <div class=\"imagecopyblockcontent\">\n            <div class=\"copyinner\">\n                <h2 class=\"p1\">LA RONDA DE LA DIANA<\/h2>\n<p class=\"p2\">Preparados, apunten, \u00a1\u00fananse a nosotros! Es una gran noche de c\u00f3cteles, una competici\u00f3n de tiro con arco, comida, m\u00fasica en directo, una subasta en vivo, \u00a1y mucho m\u00e1s!<\/p>\n\n            <\/div>\n                            <div class=\"ctalink\">\n                    <a class=\"drkgreen-btn lowercase\" href=\"https:\/\/roundupriverranch.org\/es\/support-us\/events\/the-bullseye-roundup\/\">M\u00e1s informaci\u00f3n sobre The Bullseye Roundup<\/a>\n                <\/div>\n                    <\/div>\n    <\/div>\n    <div class=\"seperator\"><\/div>\n<\/div>\n\n\n<div class=\"imagecopyblockwrap\">\n    <div class=\"imagecopyblockinner right small\">\n        <div class=\"imagecopyblockimage\">\n            <img decoding=\"async\" src=\"https:\/\/roundupriverranch.org\/wp-content\/uploads\/2025\/12\/RoundupRiverRanch-Camp-events-500x500-small-circle.png\" alt=\"A grateful harvest attendees in front of sign\" \/>\n        <\/div>\n        <div class=\"imagecopyblockcontent\">\n            <div class=\"copyinner\">\n                <h2 class=\"p1\">UNA COSECHA AGRADECIDA<\/h2>\n<p class=\"p2\">Este es nuestro evento estrella, una velada de celebraci\u00f3n enTrent's Cookhouse con una exquisita cena de cuatro platos preparada por algunos de los chefs locales m\u00e1s renombrados del Valle de Vail.<\/p>\n\n            <\/div>\n                            <div class=\"ctalink\">\n                    <a class=\"drkgreen-btn lowercase\" href=\"https:\/\/roundupriverranch.org\/es\/support-us\/events\/a-grateful-harvest\/\">\u00danase a nosotros para una cosecha agradecida<\/a>\n                <\/div>\n                    <\/div>\n    <\/div>\n    <div class=\"seperator\"><\/div>\n<\/div>\n\n\n\n<div class=\"wp-block-group is-content-justification-center is-nowrap is-layout-flex wp-container-core-group-is-layout-94bc23d7 wp-block-group-is-layout-flex\">\n<div class=\"wp-block-buttons is-layout-flex wp-block-buttons-is-layout-flex\">\n<div class=\"wp-block-button drkgreen-btn\"><a class=\"wp-block-button__link wp-element-button\" href=\"https:\/\/roundupriverranch.org\/es\/support-us\/ways-to-give\/\">Formas de donar<\/a><\/div>\n<\/div>\n\n\n\n<div class=\"wp-block-buttons is-layout-flex wp-block-buttons-is-layout-flex\">\n<div class=\"wp-block-button drkgreen-btn\"><a class=\"wp-block-button__link wp-element-button\" href=\"https:\/\/roundupriverranch.org\/es\/support-us\/get-involved\/\">Participa<\/a><\/div>\n<\/div>\n<\/div>\n\n\n\n<div style=\"height:100px\" aria-hidden=\"true\" class=\"wp-block-spacer\"><\/div>","protected":false},"excerpt":{"rendered":"<p>Cada uno de nuestros eventos \u00fanicos comienza compartiendo la alegr\u00eda con los amigos. Desde lujosos festines en la monta\u00f1a, recrear un campamento en la ciudad o ver... <a href=\"https:\/\/roundupriverranch.org\/es\/support-us\/events\/\">Contin\u00faa<\/a><\/p>","protected":false},"author":1,"featured_media":0,"parent":654,"menu_order":0,"comment_status":"closed","ping_status":"closed","template":"template-secondary.blade.php","meta":{"_acf_changed":false,"footnotes":""},"class_list":["post-713","page","type-page","status-publish","hentry"],"acf":[],"yoast_head":"<!-- This site is optimized with the Yoast SEO Premium plugin v26.9 (Yoast SEO v27.4) - https:\/\/yoast.com\/product\/yoast-seo-premium-wordpress\/ -->\n<title>Events - Roundup River Ranch<\/title>\n<meta name=\"robots\" content=\"index, follow, max-snippet:-1, max-image-preview:large, max-video-preview:-1\" \/>\n<link rel=\"canonical\" href=\"https:\/\/roundupriverranch.org\/es\/support-us\/events\/\" \/>\n<meta property=\"og:locale\" content=\"es_ES\" \/>\n<meta property=\"og:type\" content=\"article\" \/>\n<meta property=\"og:title\" content=\"Events\" \/>\n<meta property=\"og:description\" content=\"Every one of our unique events starts with sharing joy with friends. From fancy feasts in the mountains, recreating camp in the city, or watching &hellip; Continued\" \/>\n<meta property=\"og:url\" content=\"https:\/\/roundupriverranch.org\/es\/support-us\/events\/\" \/>\n<meta property=\"og:site_name\" content=\"Roundup River Ranch\" \/>\n<meta property=\"article:publisher\" content=\"https:\/\/www.facebook.com\/roundupriverranch\/\" \/>\n<meta property=\"article:modified_time\" content=\"2026-04-02T17:45:13+00:00\" \/>\n<meta name=\"twitter:card\" content=\"summary_large_image\" \/>\n<meta name=\"twitter:label1\" content=\"Tiempo de lectura\" \/>\n\t<meta name=\"twitter:data1\" content=\"1 minuto\" \/>\n<script type=\"application\/ld+json\" class=\"yoast-schema-graph\">{\"@context\":\"https:\\\/\\\/schema.org\",\"@graph\":[{\"@type\":\"WebPage\",\"@id\":\"https:\\\/\\\/roundupriverranch.org\\\/support-us\\\/events\\\/\",\"url\":\"https:\\\/\\\/roundupriverranch.org\\\/support-us\\\/events\\\/\",\"name\":\"Events - Roundup River Ranch\",\"isPartOf\":{\"@id\":\"https:\\\/\\\/roundupriverranch.org\\\/#website\"},\"datePublished\":\"2025-12-08T17:13:54+00:00\",\"dateModified\":\"2026-04-02T17:45:13+00:00\",\"breadcrumb\":{\"@id\":\"https:\\\/\\\/roundupriverranch.org\\\/support-us\\\/events\\\/#breadcrumb\"},\"inLanguage\":\"es\",\"potentialAction\":[{\"@type\":\"ReadAction\",\"target\":[\"https:\\\/\\\/roundupriverranch.org\\\/support-us\\\/events\\\/\"]}]},{\"@type\":\"BreadcrumbList\",\"@id\":\"https:\\\/\\\/roundupriverranch.org\\\/support-us\\\/events\\\/#breadcrumb\",\"itemListElement\":[{\"@type\":\"ListItem\",\"position\":1,\"name\":\"Home\",\"item\":\"https:\\\/\\\/roundupriverranch.org\\\/\"},{\"@type\":\"ListItem\",\"position\":2,\"name\":\"Support Us\",\"item\":\"https:\\\/\\\/roundupriverranch.org\\\/support-us\\\/\"},{\"@type\":\"ListItem\",\"position\":3,\"name\":\"Events\"}]},{\"@type\":\"WebSite\",\"@id\":\"https:\\\/\\\/roundupriverranch.org\\\/#website\",\"url\":\"https:\\\/\\\/roundupriverranch.org\\\/\",\"name\":\"Roundup River Ranch\",\"description\":\"\",\"potentialAction\":[{\"@type\":\"SearchAction\",\"target\":{\"@type\":\"EntryPoint\",\"urlTemplate\":\"https:\\\/\\\/roundupriverranch.org\\\/?s={search_term_string}\"},\"query-input\":{\"@type\":\"PropertyValueSpecification\",\"valueRequired\":true,\"valueName\":\"search_term_string\"}}],\"inLanguage\":\"es\"}]}<\/script>\n<!-- \/ Yoast SEO Premium plugin. -->","yoast_head_json":{"title":"Eventos - Roundup River Ranch","robots":{"index":"index","follow":"follow","max-snippet":"max-snippet:-1","max-image-preview":"max-image-preview:large","max-video-preview":"max-video-preview:-1"},"canonical":"https:\/\/roundupriverranch.org\/es\/support-us\/events\/","og_locale":"es_ES","og_type":"article","og_title":"Events","og_description":"Every one of our unique events starts with sharing joy with friends. From fancy feasts in the mountains, recreating camp in the city, or watching &hellip; Continued","og_url":"https:\/\/roundupriverranch.org\/es\/support-us\/events\/","og_site_name":"Roundup River Ranch","article_publisher":"https:\/\/www.facebook.com\/roundupriverranch\/","article_modified_time":"2026-04-02T17:45:13+00:00","twitter_card":"summary_large_image","twitter_misc":{"Tiempo de lectura":"1 minuto"},"schema":{"@context":"https:\/\/schema.org","@graph":[{"@type":"WebPage","@id":"https:\/\/roundupriverranch.org\/support-us\/events\/","url":"https:\/\/roundupriverranch.org\/support-us\/events\/","name":"Eventos - Roundup River Ranch","isPartOf":{"@id":"https:\/\/roundupriverranch.org\/#website"},"datePublished":"2025-12-08T17:13:54+00:00","dateModified":"2026-04-02T17:45:13+00:00","breadcrumb":{"@id":"https:\/\/roundupriverranch.org\/support-us\/events\/#breadcrumb"},"inLanguage":"es","potentialAction":[{"@type":"ReadAction","target":["https:\/\/roundupriverranch.org\/support-us\/events\/"]}]},{"@type":"BreadcrumbList","@id":"https:\/\/roundupriverranch.org\/support-us\/events\/#breadcrumb","itemListElement":[{"@type":"ListItem","position":1,"name":"Home","item":"https:\/\/roundupriverranch.org\/"},{"@type":"ListItem","position":2,"name":"Support Us","item":"https:\/\/roundupriverranch.org\/support-us\/"},{"@type":"ListItem","position":3,"name":"Events"}]},{"@type":"WebSite","@id":"https:\/\/roundupriverranch.org\/#website","url":"https:\/\/roundupriverranch.org\/","name":"Rancho Roundup River","description":"","potentialAction":[{"@type":"SearchAction","target":{"@type":"EntryPoint","urlTemplate":"https:\/\/roundupriverranch.org\/?s={search_term_string}"},"query-input":{"@type":"PropertyValueSpecification","valueRequired":true,"valueName":"search_term_string"}}],"inLanguage":"es"}]}},"_links":{"self":[{"href":"https:\/\/roundupriverranch.org\/es\/wp-json\/wp\/v2\/pages\/713","targetHints":{"allow":["GET"]}}],"collection":[{"href":"https:\/\/roundupriverranch.org\/es\/wp-json\/wp\/v2\/pages"}],"about":[{"href":"https:\/\/roundupriverranch.org\/es\/wp-json\/wp\/v2\/types\/page"}],"author":[{"embeddable":true,"href":"https:\/\/roundupriverranch.org\/es\/wp-json\/wp\/v2\/users\/1"}],"replies":[{"embeddable":true,"href":"https:\/\/roundupriverranch.org\/es\/wp-json\/wp\/v2\/comments?post=713"}],"version-history":[{"count":24,"href":"https:\/\/roundupriverranch.org\/es\/wp-json\/wp\/v2\/pages\/713\/revisions"}],"predecessor-version":[{"id":13123,"href":"https:\/\/roundupriverranch.org\/es\/wp-json\/wp\/v2\/pages\/713\/revisions\/13123"}],"up":[{"embeddable":true,"href":"https:\/\/roundupriverranch.org\/es\/wp-json\/wp\/v2\/pages\/654"}],"wp:attachment":[{"href":"https:\/\/roundupriverranch.org\/es\/wp-json\/wp\/v2\/media?parent=713"}],"curies":[{"name":"wp","href":"https:\/\/api.w.org\/{rel}","templated":true}]}}