{"id":715,"date":"2025-12-08T17:14:31","date_gmt":"2025-12-08T17:14:31","guid":{"rendered":"https:\/\/roundupriverranch.org\/?page_id=715"},"modified":"2026-04-15T19:29:56","modified_gmt":"2026-04-15T19:29:56","slug":"ways-to-give","status":"publish","type":"page","link":"https:\/\/roundupriverranch.org\/es\/support-us\/ways-to-give\/","title":{"rendered":"C\u00f3mo donar"},"content":{"rendered":"<div class=\"blueheaderblock\">\n    <div class=\"blueheaderblockinner\">\n\n                    <div class=\"headerouter\">\n                <div class=\"headerimage\" style=\"background-image: url(https:\/\/roundupriverranch.org\/wp-content\/uploads\/2025\/12\/roundup-river-ranch-camp-2000x460-feature128.png)\">\n                    <img decoding=\"async\" src=\"https:\/\/roundupriverranch.org\/wp-content\/uploads\/2025\/12\/roundup-river-ranch-camp-2000x460-feature128.png\" alt=\"There campers canoeing\" \/>\n                <\/div>\n                <div class=\"mobileheaderimage\">\n                    <img decoding=\"async\" src=\"https:\/\/roundupriverranch.org\/wp-content\/uploads\/2025\/12\/roundup-river-ranch-camp-930x500-feature22.png\" alt=\"There campers canoeing\" \/>\n                <\/div>\n\n                <div class=\"defaultheadercurve\">\n                    <img decoding=\"async\" src=\"https:\/\/roundupriverranch.org\/wp-content\/themes\/sage\/public\/build\/assets\/blueheadercurve-DX-Y35aK.svg\" alt=\"\">\n                <\/div>\n            <\/div>\n        \n        <div class=\"headerlowercontent\" role=\"region\" aria-label=\"Contenido de la cabecera\">\n            <div class=\"headercontentinner\">\n                <h1 class=\"headerblocktitle\">C\u00f3mo donar<\/h1>\n                <h2 style=\"text-align: center;\">TIENES EL PODER DE HACER QUE UN NI\u00d1O<br \/>\nCON UN DIAGN\u00d3STICO QUE ALTERA LA VIDA<br \/>\nPASAR DE \u201cSOY UN PACIENTE\u201d A<br \/>\n\u201c\u00a1SOY UN NI\u00d1O ALEGRE Y UN CAMPISTA FELIZ!\u201d<\/h2>\n\n            <\/div>\n        <\/div>\n    <\/div>\n    <div class=\"blueheadermask\">\n        <img decoding=\"async\" src=\"https:\/\/roundupriverranch.org\/wp-content\/themes\/sage\/public\/build\/assets\/bluseheadermask-BfkAQK3X.svg\" alt=\"\">\n    <\/div>\n<\/div>\n\n\n\n<p class=\"has-text-align-center\">Cuando apoyas a Roundup River Ranch tienes realmente el poder de cambiar la vida de los campistas, hermanos, familias e incluso de nuestros voluntarios. \u00a1Porque todo el mundo conectado con el campamento se alimenta de esperanza, coraje, amistades y la pura alegr\u00eda de ser un ni\u00f1o (\u00a1incluso si ya has pasado un poco la edad de ser \u201cni\u00f1o\u201d!) Mira las diferentes maneras en que puedes impulsar el campamento y saber que tantos campistas te est\u00e1n animando y enviando besos de aire en este mismo momento! Gracias por ser una fuerza positiva.<\/p>\n\n\n\n<div style=\"height:60px\" aria-hidden=\"true\" class=\"wp-block-spacer\"><\/div>\n\n\n<div class=\"imagecopyblockwrap\">\n    <div class=\"imagecopyblockinner right small\">\n        <div class=\"imagecopyblockimage\">\n            <img decoding=\"async\" src=\"https:\/\/roundupriverranch.org\/wp-content\/uploads\/2025\/12\/RoundupRiverRanch-Camp-experience-500x500-small-circle-quote35.png\" alt=\"camper on zip line\" \/>\n        <\/div>\n        <div class=\"imagecopyblockcontent\">\n            <div class=\"copyinner\">\n                <h2 class=\"p1\">DONAR<\/h2>\n<p class=\"p2\">Puro y simple (\u00a1como bailar con tut\u00fa!). Da ahora mismo y, \u00a1tach\u00e1n!, habr\u00e1s cambiado una vida.<\/p>\n\n            <\/div>\n                            <div class=\"ctalink\">\n                    <a class=\"drkgreen-btn lowercase\" href=\"https:\/\/roundupriverranch.org\/es\/support-us\/ways-to-give\/donate\/\">Donar<\/a>\n                <\/div>\n                    <\/div>\n    <\/div>\n    <div class=\"seperator\"><\/div>\n<\/div>\n\n\n<div class=\"imagecopyblockwrap\">\n    <div class=\"imagecopyblockinner right small\">\n        <div class=\"imagecopyblockimage\">\n            <img decoding=\"async\" src=\"https:\/\/roundupriverranch.org\/wp-content\/uploads\/2025\/12\/RoundupRiverRanch-Camp-experience-500x500-small-circle-quote26.png\" alt=\"Camp counselor and camper in art yurt\" \/>\n        <\/div>\n        <div class=\"imagecopyblockcontent\">\n            <div class=\"copyinner\">\n                <h2 class=\"p1\">CAMPA\u00d1AS DE DONACIONES<\/h2>\n<p class=\"p2\">Haga clic aqu\u00ed para saber qu\u00e9 campa\u00f1as de donaciones est\u00e1n en marcha ahora o a la vuelta de la esquina. Puedes combinar tu generosidad con la de otros.<\/p>\n\n            <\/div>\n                            <div class=\"ctalink\">\n                    <a class=\"drkgreen-btn lowercase\" href=\"https:\/\/roundupriverranch.org\/es\/support-us\/ways-to-give\/countdown-to-camp\/\">Make a Countdown to Camp Gift<\/a>\n                <\/div>\n                    <\/div>\n    <\/div>\n    <div class=\"seperator\"><\/div>\n<\/div>\n\n\n<div class=\"imagecopyblockwrap\">\n    <div class=\"imagecopyblockinner right small\">\n        <div class=\"imagecopyblockimage\">\n            <img decoding=\"async\" src=\"https:\/\/roundupriverranch.org\/wp-content\/uploads\/2025\/12\/RoundupRiverRanch-Camp-experience-500x500-small-circle-quote25.png\" alt=\"four campers getting ready for equestrian experience\" \/>\n        <\/div>\n        <div class=\"imagecopyblockcontent\">\n            <div class=\"copyinner\">\n                <h2 class=\"p1\">DONACI\u00d3N MENSUAL<\/h2>\n<p class=\"p2\">\u00bfQuieres ser 12 veces m\u00e1s poderoso? Inscr\u00edbete en The Wishing Well y te facilitaremos la tarea de ayudar a los campistas y sus familias durante todo el a\u00f1o.<strong>&nbsp; <\/strong><\/p>\n\n            <\/div>\n                            <div class=\"ctalink\">\n                    <a class=\"drkgreen-btn lowercase\" href=\"https:\/\/roundupriverranch.org\/es\/support-us\/ways-to-give\/monthly-giving\/\">Donaci\u00f3n mensual<\/a>\n                <\/div>\n                    <\/div>\n    <\/div>\n    <div class=\"seperator\"><\/div>\n<\/div>\n\n\n<div class=\"imagecopyblockwrap\">\n    <div class=\"imagecopyblockinner right small\">\n        <div class=\"imagecopyblockimage\">\n            <img decoding=\"async\" src=\"https:\/\/roundupriverranch.org\/wp-content\/uploads\/2025\/12\/roundup-river-ranch-camp-1200x1200-testimonial14.png\" alt=\"Paul Newman and campers\" \/>\n        <\/div>\n        <div class=\"imagecopyblockcontent\">\n            <div class=\"copyinner\">\n                <h2 class=\"p1\">CLUB RAISE A LITTLE HELL<\/h2>\n<p class=\"p2\">\u00a1Yee-ha! Esto es lo que Paul Newman ten\u00eda en mente cuando tuvo una visi\u00f3n para el campamento. Ensilla y participa.<\/p>\n\n            <\/div>\n                            <div class=\"ctalink\">\n                    <a class=\"drkgreen-btn lowercase\" href=\"https:\/\/roundupriverranch.org\/es\/support-us\/ways-to-give\/hellraiser\/\">\u00danete al club Raise A Little Hell<\/a>\n                <\/div>\n                    <\/div>\n    <\/div>\n    <div class=\"seperator\"><\/div>\n<\/div>\n\n\n\n<div class=\"wp-block-group is-content-justification-center is-nowrap is-layout-flex wp-container-core-group-is-layout-94bc23d7 wp-block-group-is-layout-flex\">\n<div class=\"wp-block-buttons is-layout-flex wp-block-buttons-is-layout-flex\">\n<div class=\"wp-block-button drkgreen-btn\"><a class=\"wp-block-button__link wp-element-button\" href=\"https:\/\/roundupriverranch.org\/es\/support-us\/more-giving-options\/\">Opciones de donaci\u00f3n<\/a><\/div>\n<\/div>\n\n\n\n<div class=\"wp-block-buttons is-layout-flex wp-block-buttons-is-layout-flex\">\n<div class=\"wp-block-button drkgreen-btn\"><a class=\"wp-block-button__link wp-element-button\" href=\"https:\/\/roundupriverranch.org\/es\/support-us\/events\/\">Eventos<\/a><\/div>\n<\/div>\n\n\n\n<div class=\"wp-block-buttons is-layout-flex wp-block-buttons-is-layout-flex\">\n<div class=\"wp-block-button drkgreen-btn\"><a class=\"wp-block-button__link wp-element-button\" href=\"https:\/\/roundupriverranch.org\/es\/support-us\/get-involved\/\">Participa<\/a><\/div>\n<\/div>\n<\/div>\n\n\n\n<div style=\"height:100px\" aria-hidden=\"true\" class=\"wp-block-spacer\"><\/div>","protected":false},"excerpt":{"rendered":"<p>Cuando usted apoya Roundup River Ranch que realmente tienen el poder de cambiar la vida de los campistas, hermanos, familias e incluso nuestros voluntarios. Porque todo el mundo conectado ... <a href=\"https:\/\/roundupriverranch.org\/es\/support-us\/ways-to-give\/\">Contin\u00faa<\/a><\/p>","protected":false},"author":1,"featured_media":0,"parent":654,"menu_order":0,"comment_status":"closed","ping_status":"closed","template":"template-secondary.blade.php","meta":{"_acf_changed":false,"footnotes":""},"class_list":["post-715","page","type-page","status-publish","hentry"],"acf":[],"yoast_head":"<!-- This site is optimized with the Yoast SEO Premium plugin v26.9 (Yoast SEO v27.4) - https:\/\/yoast.com\/product\/yoast-seo-premium-wordpress\/ -->\n<title>Give Back | Volunteer Opportunities | Roundup River Ranch<\/title>\n<meta name=\"description\" content=\"Explore volunteer opportunities, charitable deductions, and qualified charitable distribution options. Give back with Roundup River Ranch.\" \/>\n<meta name=\"robots\" content=\"index, follow, max-snippet:-1, max-image-preview:large, max-video-preview:-1\" \/>\n<link rel=\"canonical\" href=\"https:\/\/roundupriverranch.org\/es\/support-us\/ways-to-give\/\" \/>\n<meta property=\"og:locale\" content=\"es_ES\" \/>\n<meta property=\"og:type\" content=\"article\" \/>\n<meta property=\"og:title\" content=\"Ways to Give\" \/>\n<meta property=\"og:description\" content=\"Explore volunteer opportunities, charitable deductions, and qualified charitable distribution options. Give back with Roundup River Ranch.\" \/>\n<meta property=\"og:url\" content=\"https:\/\/roundupriverranch.org\/es\/support-us\/ways-to-give\/\" \/>\n<meta property=\"og:site_name\" content=\"Roundup River Ranch\" \/>\n<meta property=\"article:publisher\" content=\"https:\/\/www.facebook.com\/roundupriverranch\/\" \/>\n<meta property=\"article:modified_time\" content=\"2026-04-15T19:29:56+00:00\" \/>\n<meta name=\"twitter:card\" content=\"summary_large_image\" \/>\n<meta name=\"twitter:label1\" content=\"Tiempo de lectura\" \/>\n\t<meta name=\"twitter:data1\" content=\"1 minuto\" \/>\n<script type=\"application\/ld+json\" class=\"yoast-schema-graph\">{\"@context\":\"https:\\\/\\\/schema.org\",\"@graph\":[{\"@type\":\"WebPage\",\"@id\":\"https:\\\/\\\/roundupriverranch.org\\\/support-us\\\/ways-to-give\\\/\",\"url\":\"https:\\\/\\\/roundupriverranch.org\\\/support-us\\\/ways-to-give\\\/\",\"name\":\"Give Back | Volunteer Opportunities | Roundup River Ranch\",\"isPartOf\":{\"@id\":\"https:\\\/\\\/roundupriverranch.org\\\/#website\"},\"datePublished\":\"2025-12-08T17:14:31+00:00\",\"dateModified\":\"2026-04-15T19:29:56+00:00\",\"description\":\"Explore volunteer opportunities, charitable deductions, and qualified charitable distribution options. Give back with Roundup River Ranch.\",\"breadcrumb\":{\"@id\":\"https:\\\/\\\/roundupriverranch.org\\\/support-us\\\/ways-to-give\\\/#breadcrumb\"},\"inLanguage\":\"es\",\"potentialAction\":[{\"@type\":\"ReadAction\",\"target\":[\"https:\\\/\\\/roundupriverranch.org\\\/support-us\\\/ways-to-give\\\/\"]}]},{\"@type\":\"BreadcrumbList\",\"@id\":\"https:\\\/\\\/roundupriverranch.org\\\/support-us\\\/ways-to-give\\\/#breadcrumb\",\"itemListElement\":[{\"@type\":\"ListItem\",\"position\":1,\"name\":\"Home\",\"item\":\"https:\\\/\\\/roundupriverranch.org\\\/\"},{\"@type\":\"ListItem\",\"position\":2,\"name\":\"Support Us\",\"item\":\"https:\\\/\\\/roundupriverranch.org\\\/support-us\\\/\"},{\"@type\":\"ListItem\",\"position\":3,\"name\":\"Ways to Give\"}]},{\"@type\":\"WebSite\",\"@id\":\"https:\\\/\\\/roundupriverranch.org\\\/#website\",\"url\":\"https:\\\/\\\/roundupriverranch.org\\\/\",\"name\":\"Roundup River Ranch\",\"description\":\"\",\"potentialAction\":[{\"@type\":\"SearchAction\",\"target\":{\"@type\":\"EntryPoint\",\"urlTemplate\":\"https:\\\/\\\/roundupriverranch.org\\\/?s={search_term_string}\"},\"query-input\":{\"@type\":\"PropertyValueSpecification\",\"valueRequired\":true,\"valueName\":\"search_term_string\"}}],\"inLanguage\":\"es\"}]}<\/script>\n<!-- \/ Yoast SEO Premium plugin. -->","yoast_head_json":{"title":"Retribuir | Oportunidades de voluntariado | Roundup River Ranch","description":"Explore las oportunidades de voluntariado, las deducciones ben\u00e9ficas y las opciones de distribuci\u00f3n ben\u00e9fica cualificada. Retribuya con Roundup River Ranch.","robots":{"index":"index","follow":"follow","max-snippet":"max-snippet:-1","max-image-preview":"max-image-preview:large","max-video-preview":"max-video-preview:-1"},"canonical":"https:\/\/roundupriverranch.org\/es\/support-us\/ways-to-give\/","og_locale":"es_ES","og_type":"article","og_title":"Ways to Give","og_description":"Explore volunteer opportunities, charitable deductions, and qualified charitable distribution options. Give back with Roundup River Ranch.","og_url":"https:\/\/roundupriverranch.org\/es\/support-us\/ways-to-give\/","og_site_name":"Roundup River Ranch","article_publisher":"https:\/\/www.facebook.com\/roundupriverranch\/","article_modified_time":"2026-04-15T19:29:56+00:00","twitter_card":"summary_large_image","twitter_misc":{"Tiempo de lectura":"1 minuto"},"schema":{"@context":"https:\/\/schema.org","@graph":[{"@type":"WebPage","@id":"https:\/\/roundupriverranch.org\/support-us\/ways-to-give\/","url":"https:\/\/roundupriverranch.org\/support-us\/ways-to-give\/","name":"Retribuir | Oportunidades de voluntariado | Roundup River Ranch","isPartOf":{"@id":"https:\/\/roundupriverranch.org\/#website"},"datePublished":"2025-12-08T17:14:31+00:00","dateModified":"2026-04-15T19:29:56+00:00","description":"Explore las oportunidades de voluntariado, las deducciones ben\u00e9ficas y las opciones de distribuci\u00f3n ben\u00e9fica cualificada. Retribuya con Roundup River Ranch.","breadcrumb":{"@id":"https:\/\/roundupriverranch.org\/support-us\/ways-to-give\/#breadcrumb"},"inLanguage":"es","potentialAction":[{"@type":"ReadAction","target":["https:\/\/roundupriverranch.org\/support-us\/ways-to-give\/"]}]},{"@type":"BreadcrumbList","@id":"https:\/\/roundupriverranch.org\/support-us\/ways-to-give\/#breadcrumb","itemListElement":[{"@type":"ListItem","position":1,"name":"Home","item":"https:\/\/roundupriverranch.org\/"},{"@type":"ListItem","position":2,"name":"Support Us","item":"https:\/\/roundupriverranch.org\/support-us\/"},{"@type":"ListItem","position":3,"name":"Ways to Give"}]},{"@type":"WebSite","@id":"https:\/\/roundupriverranch.org\/#website","url":"https:\/\/roundupriverranch.org\/","name":"Rancho Roundup River","description":"","potentialAction":[{"@type":"SearchAction","target":{"@type":"EntryPoint","urlTemplate":"https:\/\/roundupriverranch.org\/?s={search_term_string}"},"query-input":{"@type":"PropertyValueSpecification","valueRequired":true,"valueName":"search_term_string"}}],"inLanguage":"es"}]}},"_links":{"self":[{"href":"https:\/\/roundupriverranch.org\/es\/wp-json\/wp\/v2\/pages\/715","targetHints":{"allow":["GET"]}}],"collection":[{"href":"https:\/\/roundupriverranch.org\/es\/wp-json\/wp\/v2\/pages"}],"about":[{"href":"https:\/\/roundupriverranch.org\/es\/wp-json\/wp\/v2\/types\/page"}],"author":[{"embeddable":true,"href":"https:\/\/roundupriverranch.org\/es\/wp-json\/wp\/v2\/users\/1"}],"replies":[{"embeddable":true,"href":"https:\/\/roundupriverranch.org\/es\/wp-json\/wp\/v2\/comments?post=715"}],"version-history":[{"count":15,"href":"https:\/\/roundupriverranch.org\/es\/wp-json\/wp\/v2\/pages\/715\/revisions"}],"predecessor-version":[{"id":13212,"href":"https:\/\/roundupriverranch.org\/es\/wp-json\/wp\/v2\/pages\/715\/revisions\/13212"}],"up":[{"embeddable":true,"href":"https:\/\/roundupriverranch.org\/es\/wp-json\/wp\/v2\/pages\/654"}],"wp:attachment":[{"href":"https:\/\/roundupriverranch.org\/es\/wp-json\/wp\/v2\/media?parent=715"}],"curies":[{"name":"wp","href":"https:\/\/api.w.org\/{rel}","templated":true}]}}