{"id":717,"date":"2025-12-08T17:15:02","date_gmt":"2025-12-08T17:15:02","guid":{"rendered":"https:\/\/roundupriverranch.org\/?page_id=717"},"modified":"2026-04-23T04:07:41","modified_gmt":"2026-04-23T04:07:41","slug":"donate","status":"publish","type":"page","link":"https:\/\/roundupriverranch.org\/es\/support-us\/ways-to-give\/donate\/","title":{"rendered":"Donar"},"content":{"rendered":"<div class=\"defaultheaderblock\">\n    <div class=\"defaultheaderblockinner\">\n\n                    <div class=\"headerouter\">\n                <div class=\"headerimage\" style=\"background-image: url(https:\/\/roundupriverranch.org\/wp-content\/uploads\/2025\/12\/roundup-river-ranch-camp-2000x46024-1.jpg)\">\n                    <img decoding=\"async\" src=\"https:\/\/roundupriverranch.org\/wp-content\/uploads\/2025\/12\/roundup-river-ranch-camp-2000x46024-1.jpg\" alt=\"two smiling campers\" \/>\n                <\/div>\n                <div class=\"mobileheaderimage\">\n                    <img decoding=\"async\" src=\"https:\/\/roundupriverranch.org\/wp-content\/uploads\/2025\/12\/roundup-river-ranch-camp-930x50025-donate.jpg\" alt=\"two smiling campers\" \/>\n                <\/div>\n            <\/div>\n        \n    <\/div>\n    <div class=\"defaultheadercurve\">\n        <img decoding=\"async\" src=\"https:\/\/roundupriverranch.org\/wp-content\/themes\/sage\/public\/build\/assets\/defaultheadercurve-Cez_Hkub.svg\" alt=\"\">\n    <\/div>\n<\/div>\n\n\n\n<h1 class=\"wp-block-heading has-text-align-center\" id=\"h-donate\">Donar<\/h1>\n\n\n\n<h2 class=\"wp-block-heading has-text-align-center\" id=\"h-hello-thanks-for-being-an-awesome-and-generous-person-campers-are-doing-a-happy-dance-in-your-honor-right-now\">\u00a1HOLA! GRACIAS POR SER UNA PERSONA INCRE\u00cdBLE Y GENEROSA. LOS CAMPISTAS EST\u00c1N HACIENDO UN BAILE FELIZ EN TU HONOR EN ESTE MOMENTO.<\/h2>\n\n\n\n<div style=\"height:20px\" aria-hidden=\"true\" class=\"wp-block-spacer\"><\/div>\n\n\n\n<p class=\"has-text-align-center\">Su donaci\u00f3n deducible de impuestos al Roundup River Ranch garantizar\u00e1 que los ni\u00f1os con enfermedades graves tengan la oportunidad de experimentar las alegr\u00edas de la infancia en un campamento, de forma totalmente gratuita gracias a amigos como usted.<\/p>\n\n\n\n<div class=\"wp-block-columns blackbaudform is-layout-flex wp-container-core-columns-is-layout-9d6595d7 wp-block-columns-is-layout-flex\">\n<div class=\"wp-block-column is-layout-flow wp-block-column-is-layout-flow\">\n<div id=\"blackbaud-donation-form_00fed365-6126-42d8-96cf-84db68cc563c\"><\/div>\n        <script src=\"https:\/\/sky.blackbaudcdn.net\/static\/donor-form-loader\/2\/main.js\"><\/script>\n        <script>BBDonorFormLoader.newBlackbaudDonationFormZoned('tcs', 'p-tPDDD8SXrUma2is75XSetg', '00fed365-6126-42d8-96cf-84db68cc563c', 'usa')<\/script>\n<\/div>\n<\/div>\n\n\n\n<div style=\"height:100px\" aria-hidden=\"true\" class=\"wp-block-spacer\"><\/div>","protected":false},"excerpt":{"rendered":"<p>Donar \u00a1HOLA! GRACIAS POR SER UNA PERSONA INCRE\u00cdBLE Y GENEROSA. LOS CAMPISTAS EST\u00c1N HACIENDO UN BAILE FELIZ EN TU HONOR EN ESTE MOMENTO. Su donaci\u00f3n deducible de impuestos a ... <a href=\"https:\/\/roundupriverranch.org\/es\/support-us\/ways-to-give\/donate\/\">Contin\u00faa<\/a><\/p>","protected":false},"author":1,"featured_media":0,"parent":715,"menu_order":0,"comment_status":"closed","ping_status":"open","template":"template-secondary.blade.php","meta":{"_acf_changed":false,"footnotes":""},"class_list":["post-717","page","type-page","status-publish","hentry"],"acf":[],"yoast_head":"<!-- This site is optimized with the Yoast SEO Premium plugin v27.5 (Yoast SEO v27.5) - https:\/\/yoast.com\/product\/yoast-seo-premium-wordpress\/ -->\n<title>Support Youth Camp Programs | Donate to Roundup River Ranch | CO Summer Camp<\/title>\n<meta name=\"description\" content=\"Make a difference in the lives of children with serious illnesses and their families by supporting our summer youth camp programs at Roundup River Ranch.\" \/>\n<meta name=\"robots\" content=\"index, follow, max-snippet:-1, max-image-preview:large, max-video-preview:-1\" \/>\n<link rel=\"canonical\" href=\"https:\/\/roundupriverranch.org\/es\/support-us\/ways-to-give\/donate\/\" \/>\n<meta property=\"og:locale\" content=\"es_ES\" \/>\n<meta property=\"og:type\" content=\"article\" \/>\n<meta property=\"og:title\" content=\"Donate\" \/>\n<meta property=\"og:description\" content=\"Make a difference in the lives of children with serious illnesses and their families by supporting our summer youth camp programs at Roundup River Ranch.\" \/>\n<meta property=\"og:url\" content=\"https:\/\/roundupriverranch.org\/es\/support-us\/ways-to-give\/donate\/\" \/>\n<meta property=\"og:site_name\" content=\"Roundup River Ranch\" \/>\n<meta property=\"article:publisher\" content=\"https:\/\/www.facebook.com\/roundupriverranch\/\" \/>\n<meta property=\"article:modified_time\" content=\"2026-04-23T04:07:41+00:00\" \/>\n<meta name=\"twitter:card\" content=\"summary_large_image\" \/>\n<meta name=\"twitter:label1\" content=\"Tiempo de lectura\" \/>\n\t<meta name=\"twitter:data1\" content=\"1 minuto\" \/>\n<script type=\"application\/ld+json\" class=\"yoast-schema-graph\">{\"@context\":\"https:\\\/\\\/schema.org\",\"@graph\":[{\"@type\":\"WebPage\",\"@id\":\"https:\\\/\\\/roundupriverranch.org\\\/support-us\\\/ways-to-give\\\/donate\\\/\",\"url\":\"https:\\\/\\\/roundupriverranch.org\\\/support-us\\\/ways-to-give\\\/donate\\\/\",\"name\":\"Support Youth Camp Programs | Donate to Roundup River Ranch | CO Summer Camp\",\"isPartOf\":{\"@id\":\"https:\\\/\\\/roundupriverranch.org\\\/#website\"},\"datePublished\":\"2025-12-08T17:15:02+00:00\",\"dateModified\":\"2026-04-23T04:07:41+00:00\",\"description\":\"Make a difference in the lives of children with serious illnesses and their families by supporting our summer youth camp programs at Roundup River Ranch.\",\"breadcrumb\":{\"@id\":\"https:\\\/\\\/roundupriverranch.org\\\/support-us\\\/ways-to-give\\\/donate\\\/#breadcrumb\"},\"inLanguage\":\"es\",\"potentialAction\":[{\"@type\":\"ReadAction\",\"target\":[\"https:\\\/\\\/roundupriverranch.org\\\/support-us\\\/ways-to-give\\\/donate\\\/\"]}]},{\"@type\":\"BreadcrumbList\",\"@id\":\"https:\\\/\\\/roundupriverranch.org\\\/support-us\\\/ways-to-give\\\/donate\\\/#breadcrumb\",\"itemListElement\":[{\"@type\":\"ListItem\",\"position\":1,\"name\":\"Home\",\"item\":\"https:\\\/\\\/roundupriverranch.org\\\/\"},{\"@type\":\"ListItem\",\"position\":2,\"name\":\"Support Us\",\"item\":\"https:\\\/\\\/roundupriverranch.org\\\/support-us\\\/\"},{\"@type\":\"ListItem\",\"position\":3,\"name\":\"Ways to Give\",\"item\":\"https:\\\/\\\/roundupriverranch.org\\\/support-us\\\/ways-to-give\\\/\"},{\"@type\":\"ListItem\",\"position\":4,\"name\":\"Donate\"}]},{\"@type\":\"WebSite\",\"@id\":\"https:\\\/\\\/roundupriverranch.org\\\/#website\",\"url\":\"https:\\\/\\\/roundupriverranch.org\\\/\",\"name\":\"Roundup River Ranch\",\"description\":\"\",\"potentialAction\":[{\"@type\":\"SearchAction\",\"target\":{\"@type\":\"EntryPoint\",\"urlTemplate\":\"https:\\\/\\\/roundupriverranch.org\\\/?s={search_term_string}\"},\"query-input\":{\"@type\":\"PropertyValueSpecification\",\"valueRequired\":true,\"valueName\":\"search_term_string\"}}],\"inLanguage\":\"es\"}]}<\/script>\n<!-- \/ Yoast SEO Premium plugin. -->","yoast_head_json":{"title":"Support Youth Camp Programs | Donate to Roundup River Ranch | CO Summer Camp","description":"Make a difference in the lives of children with serious illnesses and their families by supporting our summer youth camp programs at Roundup River Ranch.","robots":{"index":"index","follow":"follow","max-snippet":"max-snippet:-1","max-image-preview":"max-image-preview:large","max-video-preview":"max-video-preview:-1"},"canonical":"https:\/\/roundupriverranch.org\/es\/support-us\/ways-to-give\/donate\/","og_locale":"es_ES","og_type":"article","og_title":"Donate","og_description":"Make a difference in the lives of children with serious illnesses and their families by supporting our summer youth camp programs at Roundup River Ranch.","og_url":"https:\/\/roundupriverranch.org\/es\/support-us\/ways-to-give\/donate\/","og_site_name":"Roundup River Ranch","article_publisher":"https:\/\/www.facebook.com\/roundupriverranch\/","article_modified_time":"2026-04-23T04:07:41+00:00","twitter_card":"summary_large_image","twitter_misc":{"Tiempo de lectura":"1 minuto"},"schema":{"@context":"https:\/\/schema.org","@graph":[{"@type":"WebPage","@id":"https:\/\/roundupriverranch.org\/support-us\/ways-to-give\/donate\/","url":"https:\/\/roundupriverranch.org\/support-us\/ways-to-give\/donate\/","name":"Support Youth Camp Programs | Donate to Roundup River Ranch | CO Summer Camp","isPartOf":{"@id":"https:\/\/roundupriverranch.org\/#website"},"datePublished":"2025-12-08T17:15:02+00:00","dateModified":"2026-04-23T04:07:41+00:00","description":"Make a difference in the lives of children with serious illnesses and their families by supporting our summer youth camp programs at Roundup River Ranch.","breadcrumb":{"@id":"https:\/\/roundupriverranch.org\/support-us\/ways-to-give\/donate\/#breadcrumb"},"inLanguage":"es","potentialAction":[{"@type":"ReadAction","target":["https:\/\/roundupriverranch.org\/support-us\/ways-to-give\/donate\/"]}]},{"@type":"BreadcrumbList","@id":"https:\/\/roundupriverranch.org\/support-us\/ways-to-give\/donate\/#breadcrumb","itemListElement":[{"@type":"ListItem","position":1,"name":"Home","item":"https:\/\/roundupriverranch.org\/"},{"@type":"ListItem","position":2,"name":"Support Us","item":"https:\/\/roundupriverranch.org\/support-us\/"},{"@type":"ListItem","position":3,"name":"Ways to Give","item":"https:\/\/roundupriverranch.org\/support-us\/ways-to-give\/"},{"@type":"ListItem","position":4,"name":"Donate"}]},{"@type":"WebSite","@id":"https:\/\/roundupriverranch.org\/#website","url":"https:\/\/roundupriverranch.org\/","name":"Rancho Roundup River","description":"","potentialAction":[{"@type":"SearchAction","target":{"@type":"EntryPoint","urlTemplate":"https:\/\/roundupriverranch.org\/?s={search_term_string}"},"query-input":{"@type":"PropertyValueSpecification","valueRequired":true,"valueName":"search_term_string"}}],"inLanguage":"es"}]}},"_links":{"self":[{"href":"https:\/\/roundupriverranch.org\/es\/wp-json\/wp\/v2\/pages\/717","targetHints":{"allow":["GET"]}}],"collection":[{"href":"https:\/\/roundupriverranch.org\/es\/wp-json\/wp\/v2\/pages"}],"about":[{"href":"https:\/\/roundupriverranch.org\/es\/wp-json\/wp\/v2\/types\/page"}],"author":[{"embeddable":true,"href":"https:\/\/roundupriverranch.org\/es\/wp-json\/wp\/v2\/users\/1"}],"replies":[{"embeddable":true,"href":"https:\/\/roundupriverranch.org\/es\/wp-json\/wp\/v2\/comments?post=717"}],"version-history":[{"count":12,"href":"https:\/\/roundupriverranch.org\/es\/wp-json\/wp\/v2\/pages\/717\/revisions"}],"predecessor-version":[{"id":11034,"href":"https:\/\/roundupriverranch.org\/es\/wp-json\/wp\/v2\/pages\/717\/revisions\/11034"}],"up":[{"embeddable":true,"href":"https:\/\/roundupriverranch.org\/es\/wp-json\/wp\/v2\/pages\/715"}],"wp:attachment":[{"href":"https:\/\/roundupriverranch.org\/es\/wp-json\/wp\/v2\/media?parent=717"}],"curies":[{"name":"wp","href":"https:\/\/api.w.org\/{rel}","templated":true}]}}