{"id":719,"date":"2025-12-08T17:15:24","date_gmt":"2025-12-08T17:15:24","guid":{"rendered":"https:\/\/roundupriverranch.org\/?page_id=719"},"modified":"2025-12-17T23:52:30","modified_gmt":"2025-12-17T23:52:30","slug":"season-of-giving","status":"publish","type":"page","link":"https:\/\/roundupriverranch.org\/es\/support-us\/ways-to-give\/season-of-giving\/","title":{"rendered":"Temporada de donaciones"},"content":{"rendered":"<div class=\"defaultheaderblock\">\n    <div class=\"defaultheaderblockinner\">\n\n                    <div class=\"headerouter\">\n                <div class=\"headerimage\" style=\"background-image: url(https:\/\/roundupriverranch.org\/wp-content\/uploads\/2025\/12\/roundup-river-ranch-camp-season-of-hope-1.jpg)\">\n                    <img decoding=\"async\" src=\"https:\/\/roundupriverranch.org\/wp-content\/uploads\/2025\/12\/roundup-river-ranch-camp-season-of-hope-1.jpg\" alt=\"YOUR GIFT = A LETTER Filled with joy, connection, independence, &amp;amp; Hope!\" \/>\n                <\/div>\n                <div class=\"mobileheaderimage\">\n                    <img decoding=\"async\" src=\"https:\/\/roundupriverranch.org\/wp-content\/uploads\/2025\/12\/roundup-river-ranch-camp-donation-season-of-giving-1.jpg\" alt=\"YOUR GIFT = A LETTERFilled with joy, connection, independence, &amp;amp; Hope!\" \/>\n                <\/div>\n            <\/div>\n        \n    <\/div>\n    <div class=\"defaultheadercurve\">\n        <img decoding=\"async\" src=\"https:\/\/roundupriverranch.org\/wp-content\/themes\/sage\/public\/build\/assets\/defaultheadercurve-Cez_Hkub.svg\" alt=\"\">\n    <\/div>\n<\/div>\n\n\n\n<h1 class=\"wp-block-heading has-text-align-center\" id=\"h-season-of-giving\">Temporada de donaciones<\/h1>\n\n\n\n<h2 class=\"wp-block-heading has-text-align-center\" id=\"h-every-dollar-you-give-directly-supports-the-life-changing-power-of-camp\">CADA D\u00d3LAR QUE DONA APOYA DIRECTAMENTE <br>EL PODER TRANSFORMADOR DEL CAMPAMENTO.<\/h2>\n\n\n\n<p class=\"has-text-align-center\">Ayuda a los campistas a contar nuevas historias en las que descubren su fuerza interior y su valor. Les da una sensaci\u00f3n de bienestar, les ayuda a establecer contactos, a sentirse seguros para probar cosas nuevas, a reimaginar de lo que son capaces y a compartirlo con amigos que entienden su viaje. Gracias por hacer posibles sus cartas de amor, cartas de campistas como Paige.<\/p>\n\n\n\n<hr class=\"wp-block-separator has-alpha-channel-opacity\"\/>\n\n\n<div class=\"imagecopyblockwrap\">\n    <div class=\"imagecopyblockinner right large\">\n        <div class=\"imagecopyblockimage\">\n            <img decoding=\"async\" src=\"https:\/\/roundupriverranch.org\/wp-content\/uploads\/2025\/12\/roundup-river-ranch-camp-600-camper-paige.jpg\" alt=\"Camper Paige\" \/>\n        <\/div>\n        <div class=\"imagecopyblockcontent\">\n            <div class=\"copyinner\">\n                <p>&nbsp;<\/p>\n<p><em><strong>Querido Campamento,<\/strong><\/em><\/p>\n<p><em><strong>Sois el \u00fanico sitio donde todo el mundo es tan divertido y amable. Tuve un tumor cerebral cuando estaba en la guarder\u00eda y la operaci\u00f3n y los tratamientos me hacen la vida un poco m\u00e1s dif\u00edcil. Pero, \u00a1vaya campamento!, me hab\u00e9is sorprendido. Fuisteis muy divertidos e hice muchos amigos. A veces me siento frustrada porque s\u00f3lo quiero ser una ni\u00f1a y no tener que hacer todas estas cosas m\u00e9dicas. Pero vosotros me hac\u00e9is darme cuenta de que no tengo por qu\u00e9 tener miedo, de que no soy la \u00fanica que pasa por cosas y de que puedo ser una ni\u00f1a alegre.\u00a0<\/strong><\/em><em><strong><br \/>\nTODO MI AMOR, <\/strong><\/em>Paige, 12 a\u00f1os<\/p>\n\n            <\/div>\n                    <\/div>\n    <\/div>\n    <div class=\"seperator\"><\/div>\n<\/div>\n\n\n\n<p><em>Aumente sus donaciones con el Cr\u00e9dito Fiscal por Contribuci\u00f3n al Cuidado Infantil de Colorado. Los contribuyentes de Colorado que hacen donaciones a Roundup River Ranch pueden ser elegibles para recibir hasta un cr\u00e9dito fiscal 50%. Para saber m\u00e1s <a href=\"https:\/\/roundupriverranch.org\/es\/support-us\/ways-to-give\/tax-benefits\/\" target=\"_blank\" rel=\"noreferrer noopener\">aqu\u00ed<\/a>.<br><\/em><strong><br>Su donaci\u00f3n ayudar\u00e1 a impulsar programas y actividades que cambian vidas, como:<\/strong><\/p>\n\n\n\n<div class=\"wp-block-columns blackbaudform is-layout-flex wp-container-core-columns-is-layout-9d6595d7 wp-block-columns-is-layout-flex\">\n<div class=\"wp-block-column is-layout-flow wp-block-column-is-layout-flow\">\n<div id=\"blackbaud-donation-form_209c5128-f0d6-447f-afbb-90d5d3f6a98e\"><\/div>\n        <script src=\"https:\/\/sky.blackbaudcdn.net\/static\/donor-form-loader\/2\/main.js\"><\/script>\n        <script>BBDonorFormLoader.newBlackbaudDonationFormZoned('renxt', 'p-tPDDD8SXrUma2is75XSetg', '209c5128-f0d6-447f-afbb-90d5d3f6a98e', 'usa')<\/script>\n<\/div>\n<\/div>\n\n\n\n<hr class=\"wp-block-separator has-alpha-channel-opacity\"\/>\n\n\n\n<p>Si desea m\u00e1s informaci\u00f3n sobre c\u00f3mo hacer una contribuci\u00f3n, p\u00f3ngase en contacto con nuestra Vicepresidenta de Promoci\u00f3n, Kathryn Weller, en la siguiente direcci\u00f3n <a href=\"mailto:kweller@roundupriverranch.org\">kweller@roundupriverranch.org!<\/a><\/p>\n\n\n\n<div style=\"height:100px\" aria-hidden=\"true\" class=\"wp-block-spacer\"><\/div>","protected":false},"excerpt":{"rendered":"<p>Season of Giving CADA D\u00d3LAR QUE DONA APOYA DIRECTAMENTE EL PODER DE CAMPA\u00d1A QUE CAMBIA VIDAS. Ayuda a los campistas a contar nuevas historias de descubrimiento de su fuerza interior... <a href=\"https:\/\/roundupriverranch.org\/es\/support-us\/ways-to-give\/season-of-giving\/\">Contin\u00faa<\/a><\/p>","protected":false},"author":1,"featured_media":0,"parent":715,"menu_order":0,"comment_status":"closed","ping_status":"open","template":"template-secondary.blade.php","meta":{"_acf_changed":false,"footnotes":""},"class_list":["post-719","page","type-page","status-publish","hentry"],"acf":[],"yoast_head":"<!-- This site is optimized with the Yoast SEO Premium plugin v26.9 (Yoast SEO v27.3) - https:\/\/yoast.com\/product\/yoast-seo-premium-wordpress\/ -->\n<title>Season of Giving - Roundup River Ranch<\/title>\n<meta name=\"robots\" content=\"index, follow, max-snippet:-1, max-image-preview:large, max-video-preview:-1\" \/>\n<link rel=\"canonical\" href=\"https:\/\/roundupriverranch.org\/es\/support-us\/ways-to-give\/season-of-giving\/\" \/>\n<meta property=\"og:locale\" content=\"es_ES\" \/>\n<meta property=\"og:type\" content=\"article\" \/>\n<meta property=\"og:title\" content=\"Season of Giving\" \/>\n<meta property=\"og:description\" content=\"Season of Giving EVERY DOLLAR YOU GIVE DIRECTLY SUPPORTS THE LIFE-CHANGING POWER OF CAMP. It helps campers tell new stories of \ufb01nding their inner strength &hellip; Continued\" \/>\n<meta property=\"og:url\" content=\"https:\/\/roundupriverranch.org\/es\/support-us\/ways-to-give\/season-of-giving\/\" \/>\n<meta property=\"og:site_name\" content=\"Roundup River Ranch\" \/>\n<meta property=\"article:publisher\" content=\"https:\/\/www.facebook.com\/roundupriverranch\/\" \/>\n<meta property=\"article:modified_time\" content=\"2025-12-17T23:52:30+00:00\" \/>\n<meta name=\"twitter:card\" content=\"summary_large_image\" \/>\n<meta name=\"twitter:label1\" content=\"Tiempo de lectura\" \/>\n\t<meta name=\"twitter:data1\" content=\"1 minuto\" \/>\n<script type=\"application\/ld+json\" class=\"yoast-schema-graph\">{\"@context\":\"https:\\\/\\\/schema.org\",\"@graph\":[{\"@type\":\"WebPage\",\"@id\":\"https:\\\/\\\/roundupriverranch.org\\\/support-us\\\/ways-to-give\\\/season-of-giving\\\/\",\"url\":\"https:\\\/\\\/roundupriverranch.org\\\/support-us\\\/ways-to-give\\\/season-of-giving\\\/\",\"name\":\"Season of Giving - Roundup River Ranch\",\"isPartOf\":{\"@id\":\"https:\\\/\\\/roundupriverranch.org\\\/#website\"},\"datePublished\":\"2025-12-08T17:15:24+00:00\",\"dateModified\":\"2025-12-17T23:52:30+00:00\",\"breadcrumb\":{\"@id\":\"https:\\\/\\\/roundupriverranch.org\\\/support-us\\\/ways-to-give\\\/season-of-giving\\\/#breadcrumb\"},\"inLanguage\":\"es\",\"potentialAction\":[{\"@type\":\"ReadAction\",\"target\":[\"https:\\\/\\\/roundupriverranch.org\\\/support-us\\\/ways-to-give\\\/season-of-giving\\\/\"]}]},{\"@type\":\"BreadcrumbList\",\"@id\":\"https:\\\/\\\/roundupriverranch.org\\\/support-us\\\/ways-to-give\\\/season-of-giving\\\/#breadcrumb\",\"itemListElement\":[{\"@type\":\"ListItem\",\"position\":1,\"name\":\"Home\",\"item\":\"https:\\\/\\\/roundupriverranch.org\\\/\"},{\"@type\":\"ListItem\",\"position\":2,\"name\":\"Support Us\",\"item\":\"https:\\\/\\\/roundupriverranch.org\\\/support-us\\\/\"},{\"@type\":\"ListItem\",\"position\":3,\"name\":\"Ways to Give\",\"item\":\"https:\\\/\\\/roundupriverranch.org\\\/support-us\\\/ways-to-give\\\/\"},{\"@type\":\"ListItem\",\"position\":4,\"name\":\"Season of Giving\"}]},{\"@type\":\"WebSite\",\"@id\":\"https:\\\/\\\/roundupriverranch.org\\\/#website\",\"url\":\"https:\\\/\\\/roundupriverranch.org\\\/\",\"name\":\"Roundup River Ranch\",\"description\":\"\",\"potentialAction\":[{\"@type\":\"SearchAction\",\"target\":{\"@type\":\"EntryPoint\",\"urlTemplate\":\"https:\\\/\\\/roundupriverranch.org\\\/?s={search_term_string}\"},\"query-input\":{\"@type\":\"PropertyValueSpecification\",\"valueRequired\":true,\"valueName\":\"search_term_string\"}}],\"inLanguage\":\"es\"}]}<\/script>\n<!-- \/ Yoast SEO Premium plugin. -->","yoast_head_json":{"title":"Temporada de donaciones - Roundup River Ranch","robots":{"index":"index","follow":"follow","max-snippet":"max-snippet:-1","max-image-preview":"max-image-preview:large","max-video-preview":"max-video-preview:-1"},"canonical":"https:\/\/roundupriverranch.org\/es\/support-us\/ways-to-give\/season-of-giving\/","og_locale":"es_ES","og_type":"article","og_title":"Season of Giving","og_description":"Season of Giving EVERY DOLLAR YOU GIVE DIRECTLY SUPPORTS THE LIFE-CHANGING POWER OF CAMP. It helps campers tell new stories of \ufb01nding their inner strength &hellip; Continued","og_url":"https:\/\/roundupriverranch.org\/es\/support-us\/ways-to-give\/season-of-giving\/","og_site_name":"Roundup River Ranch","article_publisher":"https:\/\/www.facebook.com\/roundupriverranch\/","article_modified_time":"2025-12-17T23:52:30+00:00","twitter_card":"summary_large_image","twitter_misc":{"Tiempo de lectura":"1 minuto"},"schema":{"@context":"https:\/\/schema.org","@graph":[{"@type":"WebPage","@id":"https:\/\/roundupriverranch.org\/support-us\/ways-to-give\/season-of-giving\/","url":"https:\/\/roundupriverranch.org\/support-us\/ways-to-give\/season-of-giving\/","name":"Temporada de donaciones - Roundup River Ranch","isPartOf":{"@id":"https:\/\/roundupriverranch.org\/#website"},"datePublished":"2025-12-08T17:15:24+00:00","dateModified":"2025-12-17T23:52:30+00:00","breadcrumb":{"@id":"https:\/\/roundupriverranch.org\/support-us\/ways-to-give\/season-of-giving\/#breadcrumb"},"inLanguage":"es","potentialAction":[{"@type":"ReadAction","target":["https:\/\/roundupriverranch.org\/support-us\/ways-to-give\/season-of-giving\/"]}]},{"@type":"BreadcrumbList","@id":"https:\/\/roundupriverranch.org\/support-us\/ways-to-give\/season-of-giving\/#breadcrumb","itemListElement":[{"@type":"ListItem","position":1,"name":"Home","item":"https:\/\/roundupriverranch.org\/"},{"@type":"ListItem","position":2,"name":"Support Us","item":"https:\/\/roundupriverranch.org\/support-us\/"},{"@type":"ListItem","position":3,"name":"Ways to Give","item":"https:\/\/roundupriverranch.org\/support-us\/ways-to-give\/"},{"@type":"ListItem","position":4,"name":"Season of Giving"}]},{"@type":"WebSite","@id":"https:\/\/roundupriverranch.org\/#website","url":"https:\/\/roundupriverranch.org\/","name":"Rancho Roundup River","description":"","potentialAction":[{"@type":"SearchAction","target":{"@type":"EntryPoint","urlTemplate":"https:\/\/roundupriverranch.org\/?s={search_term_string}"},"query-input":{"@type":"PropertyValueSpecification","valueRequired":true,"valueName":"search_term_string"}}],"inLanguage":"es"}]}},"_links":{"self":[{"href":"https:\/\/roundupriverranch.org\/es\/wp-json\/wp\/v2\/pages\/719","targetHints":{"allow":["GET"]}}],"collection":[{"href":"https:\/\/roundupriverranch.org\/es\/wp-json\/wp\/v2\/pages"}],"about":[{"href":"https:\/\/roundupriverranch.org\/es\/wp-json\/wp\/v2\/types\/page"}],"author":[{"embeddable":true,"href":"https:\/\/roundupriverranch.org\/es\/wp-json\/wp\/v2\/users\/1"}],"replies":[{"embeddable":true,"href":"https:\/\/roundupriverranch.org\/es\/wp-json\/wp\/v2\/comments?post=719"}],"version-history":[{"count":12,"href":"https:\/\/roundupriverranch.org\/es\/wp-json\/wp\/v2\/pages\/719\/revisions"}],"predecessor-version":[{"id":11323,"href":"https:\/\/roundupriverranch.org\/es\/wp-json\/wp\/v2\/pages\/719\/revisions\/11323"}],"up":[{"embeddable":true,"href":"https:\/\/roundupriverranch.org\/es\/wp-json\/wp\/v2\/pages\/715"}],"wp:attachment":[{"href":"https:\/\/roundupriverranch.org\/es\/wp-json\/wp\/v2\/media?parent=719"}],"curies":[{"name":"wp","href":"https:\/\/api.w.org\/{rel}","templated":true}]}}