{"id":723,"date":"2025-12-08T17:17:00","date_gmt":"2025-12-08T17:17:00","guid":{"rendered":"https:\/\/roundupriverranch.org\/?page_id=723"},"modified":"2026-03-26T19:41:20","modified_gmt":"2026-03-26T19:41:20","slug":"hellraiser","status":"publish","type":"page","link":"https:\/\/roundupriverranch.org\/es\/support-us\/ways-to-give\/hellraiser\/","title":{"rendered":"Club Raise A Little Hell"},"content":{"rendered":"<div class=\"defaultheaderblock\">\n    <div class=\"defaultheaderblockinner\">\n\n                    <div class=\"headerouter\">\n                <div class=\"headerimage\" style=\"background-image: url(https:\/\/roundupriverranch.org\/wp-content\/uploads\/2025\/12\/roundup-river-ranch-camp-2000x4602-rlh.jpg)\">\n                    <img decoding=\"async\" src=\"https:\/\/roundupriverranch.org\/wp-content\/uploads\/2025\/12\/roundup-river-ranch-camp-2000x4602-rlh.jpg\" alt=\"campers in canoe shooting squirt gun\" \/>\n                <\/div>\n                <div class=\"mobileheaderimage\">\n                    <img decoding=\"async\" src=\"https:\/\/roundupriverranch.org\/wp-content\/uploads\/2025\/12\/roundup-river-ranch-camp-930x50025-RLH.jpg\" alt=\"campers in canoe shooting squirt guns\" \/>\n                <\/div>\n            <\/div>\n        \n    <\/div>\n    <div class=\"defaultheadercurve\">\n        <img decoding=\"async\" src=\"https:\/\/roundupriverranch.org\/wp-content\/themes\/sage\/public\/build\/assets\/defaultheadercurve-Cez_Hkub.svg\" alt=\"\">\n    <\/div>\n<\/div>\n\n\n\n<h1 class=\"wp-block-heading has-text-align-center\" id=\"h-raise-a-little-hell-club\">Club Raise A Little Hell<\/h1>\n\n\n\n<p class=\"has-text-align-center\"><strong>Raise a Little Hell Club es una sociedad de interesados (tambi\u00e9n conocidos como Hellraisers) que contribuye con apoyo filantr\u00f3pico al Roundup River Ranch con acceso a oportunidades para disfrutar del campamento a trav\u00e9s de eventos exclusivos, ropa comercial y mucho m\u00e1s.<\/strong><\/p>\n\n\n\n<p>El club lleva el nombre del fundador de SeriousFun Children's Network, Paul Newman, y su sue\u00f1o de crear un lugar para que los ni\u00f1os con una enfermedad grave \u201cmonten un peque\u00f1o infierno\u201d. En este Club Raise a Little Hell, ser\u00e9is los que marqu\u00e9is la diferencia en el campamento, a la vez que hac\u00e9is crecer vuestra propia comunidad de donantes que comparten el amor por nuestra misi\u00f3n. Animamos a nuestros Hellraisers a que inviten a amigos y familiares a los eventos y oportunidades para que conozcan nuestra misi\u00f3n y se unan al club. &nbsp;<\/p>\n\n\n\n<p class=\"has-text-align-center\"><em>\u00bfListo para unirte al club? Rellena el formulario al final de la p\u00e1gina.&nbsp;<\/em><\/p>\n\n\n\n<hr class=\"wp-block-separator has-alpha-channel-opacity\"\/>\n\n\n\n<h2 class=\"wp-block-heading\" id=\"h-join-the-club-with-a-1-200-yearly-donation-or-100-monthly-donation\">\u00danase al club con una donaci\u00f3n anual de m\u00e1s de $1.200<br>o $100 Donaci\u00f3n mensual<\/h2>\n\n\n\n<h3 class=\"wp-block-heading\" id=\"h-club-membership-includes\">La membres\u00eda del club incluye:<\/h3>\n\n\n\n<ul class=\"wp-block-list\">\n<li>Pegatina, pin y gorra de RALH y acceso a prendas de edici\u00f3n limitada<\/li>\n\n\n\n<li>Precios con descuento de RALH para Roundup River Ranch Signature Events: A Taste of Camp y The Bullseye Roundup.<\/li>\n\n\n\n<li>Entradas para los actos anuales del Club RALH (<em>se enumeran a continuaci\u00f3n<\/em>)<\/li>\n\n\n\n<li>Reconocido en el Informe Anual de Impacto<\/li>\n\n\n\n<li>Comunicaci\u00f3n espec\u00edfica por correo electr\u00f3nico de Hellraiser<\/li>\n<\/ul>\n\n\n\n<p><em>*La afiliaci\u00f3n es activa durante un a\u00f1o a partir de la fecha de donaci\u00f3n.<\/em><br><br><em>*Please Note: Donor-Advised Funds (DAFs) cannot be used for&nbsp;club membership fees&nbsp;due to the personal benefit involved. According to IRS regulations, contributions made through DAFs must be for charitable purposes only and cannot be directed toward benefits or goods for the donor or their family.<\/em><\/p>\n\n\n\n<hr class=\"wp-block-separator has-alpha-channel-opacity\"\/>\n\n\n\n<h2 class=\"wp-block-heading\" id=\"h-2026-upcoming-events\">Pr\u00f3ximos eventos 2026<\/h2>\n\n\n\n<h3 class=\"wp-block-heading\" id=\"h-spring\"><strong>Primavera<\/strong><\/h3>\n\n\n\n<p><strong>Abril | Mes Nacional del Voluntariado<\/strong><\/p>\n\n\n\n<ul class=\"wp-block-list\">\n<li><em>Campamento<\/em> - Ofr\u00e9cete como voluntario en el campamento para ayudar a restaurar y refrescar nuestras caba\u00f1as despu\u00e9s del Campamento Familiar.<\/li>\n\n\n\n<li><em>Denver <\/em>- \u00a1\u00danase a nuestro equipo de Denver para la construcci\u00f3n de cajas del Programa de Divulgaci\u00f3n!<\/li>\n<\/ul>\n\n\n\n<p><strong>14 de mayo | El sabor del campamento<\/strong><\/p>\n\n\n\n<ul class=\"wp-block-list\">\n<li><em>Denver <\/em>- Disfrute de una velada especial en Denver con acceso a entradas con descuento para nuestro Signature Event en Mile High Station.<\/li>\n<\/ul>\n\n\n\n<div style=\"height:30px\" aria-hidden=\"true\" class=\"wp-block-spacer\"><\/div>\n\n\n\n<h3 class=\"wp-block-heading\" id=\"h-summer\"><strong>Verano<\/strong><\/h3>\n\n\n\n<p><strong>14 de junio | D\u00eda de la Comunidad<\/strong><\/p>\n\n\n\n<ul class=\"wp-block-list\">\n<li><em>Campamento<\/em> - \u00danase a nosotros en el campamento para una tarde festiva de visitas, actividades pr\u00e1cticas y conexi\u00f3n con los campistas, familias y compa\u00f1eros de apoyo.&nbsp;<\/li>\n<\/ul>\n\n\n\n<p><strong>Julio | Buckets &amp; Brews<\/strong><\/p>\n\n\n\n<ul class=\"wp-block-list\">\n<li><em>Eagle-Vail <\/em>- Es hora de ir al campo de pr\u00e1cticas, tomar una copa, conocer a nuevos socios y escuchar historias conmovedoras del campamento de verano.<\/li>\n<\/ul>\n\n\n\n<p><strong>13 de agosto | The Bullseye Roundup en Lazy J Ranch<\/strong><\/p>\n\n\n\n<ul class=\"wp-block-list\">\n<li><em>Wolcott<\/em> - Acceso a entradas con descuento para nuestro Evento de Firma en el Rancho Lazy J, con una competici\u00f3n de tiro con arco, puestos de comida, m\u00fasica en directo y un breve programa de apoyo al campamento.<\/li>\n<\/ul>\n\n\n\n<div style=\"height:30px\" aria-hidden=\"true\" class=\"wp-block-spacer\"><\/div>\n\n\n\n<h3 class=\"wp-block-heading\" id=\"h-fall\"><strong>Oto\u00f1o<\/strong><\/h3>\n\n\n\n<p><strong>Septiembre | Trails and Tacos &amp; Tailgate<\/strong><\/p>\n\n\n\n<ul class=\"wp-block-list\">\n<li><em>Beaver Creek<\/em> - Camine, beba y zamb\u00fallase... porque los mejores senderos terminan con patatas fritas y buena compa\u00f1\u00eda.<\/li>\n\n\n\n<li><em>Denver<\/em> - \u00a1Ven a animar a los Broncos en un tailgate con tus compa\u00f1eros Hellraisers!<\/li>\n<\/ul>\n\n\n\n<p><strong>Octubre | Sip \u2018n Paint &amp; Box-Building<\/strong><\/p>\n\n\n\n<ul class=\"wp-block-list\">\n<li><em>Edwards<\/em> - Disfrute de una tarde de creatividad y comunidad en Alpine Arts.<\/li>\n\n\n\n<li><em>Denver<\/em> - \u00danete a nuestro equipo de Denver en otra jornada de construcci\u00f3n de cajas de Camp Online.<\/li>\n\n\n\n<li><strong>Diciembre | Evento privado de compras en Valbruna<\/strong><\/li>\n<\/ul>\n\n\n\n<div style=\"height:30px\" aria-hidden=\"true\" class=\"wp-block-spacer\"><\/div>\n\n\n\n<p>Como siempre, \u00a1gracias por ser un Hellraiser y apoyar el campamento! \u00a1A medida que el a\u00f1o termina y las renovaciones de membres\u00eda est\u00e1n sobre nosotros, usted escuchar\u00e1 de su miembro del equipo Roundup River Ranch cuando es el momento de renovar!<\/p>\n\n\n\n<hr class=\"wp-block-separator has-alpha-channel-opacity\"\/>\n\n\n\n<div class=\"wp-block-columns blackbaudform is-layout-flex wp-container-core-columns-is-layout-9d6595d7 wp-block-columns-is-layout-flex\">\n<div class=\"wp-block-column is-layout-flow wp-block-column-is-layout-flow\">\n<div id=\"blackbaud-donation-form_90244d79-b11c-45de-9095-9f4cdd9968dc\"><\/div>\n        <script src=\"https:\/\/sky.blackbaudcdn.net\/static\/donor-form-loader\/2\/main.js\"><\/script>\n        <script>BBDonorFormLoader.newBlackbaudDonationFormZoned('tcs', 'p-tPDDD8SXrUma2is75XSetg', '90244d79-b11c-45de-9095-9f4cdd9968dc', 'usa')<\/script>\n<\/div>\n<\/div>\n\n\n\n<p>\u00bfEst\u00e1s listo para unirte al club y marcar la diferencia en la vida de nuestros campistas? P\u00f3ngase en contacto con Kelly Schiffer con cualquier pregunta, en <strong><a href=\"mailto:vmacfarlane@roundupriverranch.org\">kschiffer@roundupriverranch.org<\/a><\/strong><\/p>\n\n\n\n<div style=\"height:100px\" aria-hidden=\"true\" class=\"wp-block-spacer\"><\/div>","protected":false},"excerpt":{"rendered":"<p>Raise A Little Hell Club Raise a Little Hell Club es una sociedad de interesados (tambi\u00e9n conocidos como Hellraisers) que contribuye con apoyo filantr\u00f3pico a Roundup River ... <a href=\"https:\/\/roundupriverranch.org\/es\/support-us\/ways-to-give\/hellraiser\/\">Contin\u00faa<\/a><\/p>","protected":false},"author":1,"featured_media":0,"parent":715,"menu_order":0,"comment_status":"closed","ping_status":"open","template":"template-secondary.blade.php","meta":{"_acf_changed":false,"footnotes":"[]"},"class_list":["post-723","page","type-page","status-publish","hentry"],"acf":[],"yoast_head":"<!-- This site is optimized with the Yoast SEO Premium plugin v26.9 (Yoast SEO v27.4) - https:\/\/yoast.com\/product\/yoast-seo-premium-wordpress\/ -->\n<title>Raise Hell for a Cause | Hellraiser Fundraising Events<\/title>\n<meta name=\"description\" content=\"Join the Hellraiser Club and support children with life-altering medical diagnoses through impactful fundraising events. Vail&#039;s social scene comes alive with donation events and a touch of rebellion.\" \/>\n<meta name=\"robots\" content=\"index, follow, max-snippet:-1, max-image-preview:large, max-video-preview:-1\" \/>\n<link rel=\"canonical\" href=\"https:\/\/roundupriverranch.org\/es\/support-us\/ways-to-give\/hellraiser\/\" \/>\n<meta property=\"og:locale\" content=\"es_ES\" \/>\n<meta property=\"og:type\" content=\"article\" \/>\n<meta property=\"og:title\" content=\"Raise A Little Hell Club\" \/>\n<meta property=\"og:description\" content=\"Join the Hellraiser Club and support children with life-altering medical diagnoses through impactful fundraising events. Vail&#039;s social scene comes alive with donation events and a touch of rebellion.\" \/>\n<meta property=\"og:url\" content=\"https:\/\/roundupriverranch.org\/es\/support-us\/ways-to-give\/hellraiser\/\" \/>\n<meta property=\"og:site_name\" content=\"Roundup River Ranch\" \/>\n<meta property=\"article:publisher\" content=\"https:\/\/www.facebook.com\/roundupriverranch\/\" \/>\n<meta property=\"article:modified_time\" content=\"2026-03-26T19:41:20+00:00\" \/>\n<meta name=\"twitter:card\" content=\"summary_large_image\" \/>\n<meta name=\"twitter:label1\" content=\"Tiempo de lectura\" \/>\n\t<meta name=\"twitter:data1\" content=\"3 minutos\" \/>\n<script type=\"application\/ld+json\" class=\"yoast-schema-graph\">{\"@context\":\"https:\\\/\\\/schema.org\",\"@graph\":[{\"@type\":\"WebPage\",\"@id\":\"https:\\\/\\\/roundupriverranch.org\\\/support-us\\\/ways-to-give\\\/hellraiser\\\/\",\"url\":\"https:\\\/\\\/roundupriverranch.org\\\/support-us\\\/ways-to-give\\\/hellraiser\\\/\",\"name\":\"Raise Hell for a Cause | Hellraiser Fundraising Events\",\"isPartOf\":{\"@id\":\"https:\\\/\\\/roundupriverranch.org\\\/#website\"},\"datePublished\":\"2025-12-08T17:17:00+00:00\",\"dateModified\":\"2026-03-26T19:41:20+00:00\",\"description\":\"Join the Hellraiser Club and support children with life-altering medical diagnoses through impactful fundraising events. Vail's social scene comes alive with donation events and a touch of rebellion.\",\"breadcrumb\":{\"@id\":\"https:\\\/\\\/roundupriverranch.org\\\/support-us\\\/ways-to-give\\\/hellraiser\\\/#breadcrumb\"},\"inLanguage\":\"es\",\"potentialAction\":[{\"@type\":\"ReadAction\",\"target\":[\"https:\\\/\\\/roundupriverranch.org\\\/support-us\\\/ways-to-give\\\/hellraiser\\\/\"]}]},{\"@type\":\"BreadcrumbList\",\"@id\":\"https:\\\/\\\/roundupriverranch.org\\\/support-us\\\/ways-to-give\\\/hellraiser\\\/#breadcrumb\",\"itemListElement\":[{\"@type\":\"ListItem\",\"position\":1,\"name\":\"Home\",\"item\":\"https:\\\/\\\/roundupriverranch.org\\\/\"},{\"@type\":\"ListItem\",\"position\":2,\"name\":\"Support Us\",\"item\":\"https:\\\/\\\/roundupriverranch.org\\\/support-us\\\/\"},{\"@type\":\"ListItem\",\"position\":3,\"name\":\"Ways to Give\",\"item\":\"https:\\\/\\\/roundupriverranch.org\\\/support-us\\\/ways-to-give\\\/\"},{\"@type\":\"ListItem\",\"position\":4,\"name\":\"Raise A Little Hell Club\"}]},{\"@type\":\"WebSite\",\"@id\":\"https:\\\/\\\/roundupriverranch.org\\\/#website\",\"url\":\"https:\\\/\\\/roundupriverranch.org\\\/\",\"name\":\"Roundup River Ranch\",\"description\":\"\",\"potentialAction\":[{\"@type\":\"SearchAction\",\"target\":{\"@type\":\"EntryPoint\",\"urlTemplate\":\"https:\\\/\\\/roundupriverranch.org\\\/?s={search_term_string}\"},\"query-input\":{\"@type\":\"PropertyValueSpecification\",\"valueRequired\":true,\"valueName\":\"search_term_string\"}}],\"inLanguage\":\"es\"}]}<\/script>\n<!-- \/ Yoast SEO Premium plugin. -->","yoast_head_json":{"title":"Recaudar fondos para una causa | Eventos de recaudaci\u00f3n de fondos Hellraiser","description":"\u00danete al Club Hellraiser y apoya a ni\u00f1os con diagn\u00f3sticos m\u00e9dicos que alteran sus vidas a trav\u00e9s de impactantes eventos de recaudaci\u00f3n de fondos. La escena social de Vail cobra vida con eventos de donaci\u00f3n y un toque de rebeld\u00eda.","robots":{"index":"index","follow":"follow","max-snippet":"max-snippet:-1","max-image-preview":"max-image-preview:large","max-video-preview":"max-video-preview:-1"},"canonical":"https:\/\/roundupriverranch.org\/es\/support-us\/ways-to-give\/hellraiser\/","og_locale":"es_ES","og_type":"article","og_title":"Raise A Little Hell Club","og_description":"Join the Hellraiser Club and support children with life-altering medical diagnoses through impactful fundraising events. Vail's social scene comes alive with donation events and a touch of rebellion.","og_url":"https:\/\/roundupriverranch.org\/es\/support-us\/ways-to-give\/hellraiser\/","og_site_name":"Roundup River Ranch","article_publisher":"https:\/\/www.facebook.com\/roundupriverranch\/","article_modified_time":"2026-03-26T19:41:20+00:00","twitter_card":"summary_large_image","twitter_misc":{"Tiempo de lectura":"3 minutos"},"schema":{"@context":"https:\/\/schema.org","@graph":[{"@type":"WebPage","@id":"https:\/\/roundupriverranch.org\/support-us\/ways-to-give\/hellraiser\/","url":"https:\/\/roundupriverranch.org\/support-us\/ways-to-give\/hellraiser\/","name":"Recaudar fondos para una causa | Eventos de recaudaci\u00f3n de fondos Hellraiser","isPartOf":{"@id":"https:\/\/roundupriverranch.org\/#website"},"datePublished":"2025-12-08T17:17:00+00:00","dateModified":"2026-03-26T19:41:20+00:00","description":"\u00danete al Club Hellraiser y apoya a ni\u00f1os con diagn\u00f3sticos m\u00e9dicos que alteran sus vidas a trav\u00e9s de impactantes eventos de recaudaci\u00f3n de fondos. La escena social de Vail cobra vida con eventos de donaci\u00f3n y un toque de rebeld\u00eda.","breadcrumb":{"@id":"https:\/\/roundupriverranch.org\/support-us\/ways-to-give\/hellraiser\/#breadcrumb"},"inLanguage":"es","potentialAction":[{"@type":"ReadAction","target":["https:\/\/roundupriverranch.org\/support-us\/ways-to-give\/hellraiser\/"]}]},{"@type":"BreadcrumbList","@id":"https:\/\/roundupriverranch.org\/support-us\/ways-to-give\/hellraiser\/#breadcrumb","itemListElement":[{"@type":"ListItem","position":1,"name":"Home","item":"https:\/\/roundupriverranch.org\/"},{"@type":"ListItem","position":2,"name":"Support Us","item":"https:\/\/roundupriverranch.org\/support-us\/"},{"@type":"ListItem","position":3,"name":"Ways to Give","item":"https:\/\/roundupriverranch.org\/support-us\/ways-to-give\/"},{"@type":"ListItem","position":4,"name":"Raise A Little Hell Club"}]},{"@type":"WebSite","@id":"https:\/\/roundupriverranch.org\/#website","url":"https:\/\/roundupriverranch.org\/","name":"Rancho Roundup River","description":"","potentialAction":[{"@type":"SearchAction","target":{"@type":"EntryPoint","urlTemplate":"https:\/\/roundupriverranch.org\/?s={search_term_string}"},"query-input":{"@type":"PropertyValueSpecification","valueRequired":true,"valueName":"search_term_string"}}],"inLanguage":"es"}]}},"_links":{"self":[{"href":"https:\/\/roundupriverranch.org\/es\/wp-json\/wp\/v2\/pages\/723","targetHints":{"allow":["GET"]}}],"collection":[{"href":"https:\/\/roundupriverranch.org\/es\/wp-json\/wp\/v2\/pages"}],"about":[{"href":"https:\/\/roundupriverranch.org\/es\/wp-json\/wp\/v2\/types\/page"}],"author":[{"embeddable":true,"href":"https:\/\/roundupriverranch.org\/es\/wp-json\/wp\/v2\/users\/1"}],"replies":[{"embeddable":true,"href":"https:\/\/roundupriverranch.org\/es\/wp-json\/wp\/v2\/comments?post=723"}],"version-history":[{"count":15,"href":"https:\/\/roundupriverranch.org\/es\/wp-json\/wp\/v2\/pages\/723\/revisions"}],"predecessor-version":[{"id":13078,"href":"https:\/\/roundupriverranch.org\/es\/wp-json\/wp\/v2\/pages\/723\/revisions\/13078"}],"up":[{"embeddable":true,"href":"https:\/\/roundupriverranch.org\/es\/wp-json\/wp\/v2\/pages\/715"}],"wp:attachment":[{"href":"https:\/\/roundupriverranch.org\/es\/wp-json\/wp\/v2\/media?parent=723"}],"curies":[{"name":"wp","href":"https:\/\/api.w.org\/{rel}","templated":true}]}}