{"id":725,"date":"2025-12-08T17:17:31","date_gmt":"2025-12-08T17:17:31","guid":{"rendered":"https:\/\/roundupriverranch.org\/?page_id=725"},"modified":"2025-12-17T06:27:20","modified_gmt":"2025-12-17T06:27:20","slug":"tax-benefits","status":"publish","type":"page","link":"https:\/\/roundupriverranch.org\/es\/support-us\/ways-to-give\/tax-benefits\/","title":{"rendered":"Beneficios fiscales"},"content":{"rendered":"<div class=\"defaultheaderblock\">\n    <div class=\"defaultheaderblockinner\">\n\n                    <div class=\"headerouter\">\n                <div class=\"headerimage\" style=\"background-image: url(https:\/\/roundupriverranch.org\/wp-content\/uploads\/2025\/12\/roundup-river-ranch-camp-2000x46012-1.jpg)\">\n                    <img decoding=\"async\" src=\"https:\/\/roundupriverranch.org\/wp-content\/uploads\/2025\/12\/roundup-river-ranch-camp-2000x46012-1.jpg\" alt=\"campers embracing\" \/>\n                <\/div>\n                <div class=\"mobileheaderimage\">\n                    <img decoding=\"async\" src=\"https:\/\/roundupriverranch.org\/wp-content\/uploads\/2025\/12\/roundup-river-ranch-camp-930x5001-embrace.jpg\" alt=\"campers embracing\" \/>\n                <\/div>\n            <\/div>\n        \n    <\/div>\n    <div class=\"defaultheadercurve\">\n        <img decoding=\"async\" src=\"https:\/\/roundupriverranch.org\/wp-content\/themes\/sage\/public\/build\/assets\/defaultheadercurve-Cez_Hkub.svg\" alt=\"\">\n    <\/div>\n<\/div>\n\n\n\n<h1 class=\"wp-block-heading has-text-align-center\" id=\"h-tax-benefits\">Beneficios fiscales<\/h1>\n\n\n\n<h2 class=\"wp-block-heading has-text-align-center\" id=\"h-colorado-child-care-contribution-tax-credit\">CR\u00c9DITO FISCAL POR CONTRIBUCI\u00d3N AL CUIDADO INFANTIL EN COLORADO<\/h2>\n\n\n\n<p class=\"has-text-align-left\">Regale a Roundup River Ranch. Aproveche el cr\u00e9dito fiscal por contribuci\u00f3n al cuidado infantil de Colorado. \u00a1Qu\u00e9 gran idea en todos los sentidos!<\/p>\n\n\n\n<p>Las contribuciones a Roundup River Ranch son elegibles para las deducciones est\u00e1ndar de contribuciones caritativas permitidas para los impuestos sobre la renta estatales y federales. Adem\u00e1s, usted tambi\u00e9n puede ser capaz de tomar ventaja de la Colorado Child Care Contribution Tax Credit. Esta es una gran manera para que usted pueda maximizar su donaci\u00f3n a Roundup River Ranch al tiempo que reduce el costo despu\u00e9s de impuestos de su regalo.<em> Este cr\u00e9dito no es v\u00e1lido para transferencias de acciones, donaciones en especie o donaciones realizadas a trav\u00e9s de una fundaci\u00f3n. <\/em><em>o fondo asesorado por donantes.<\/em><\/p>\n\n\n\n<p>He aqu\u00ed algunas cosas r\u00e1pidas que debe saber:<\/p>\n\n\n\n<p class=\"has-text-align-left\">Como programa de cuidado de ni\u00f1os con licencia, los contribuyentes de Colorado que contribuyen a Roundup River Ranch pueden ser capaces de disminuir el costo despu\u00e9s de impuestos de los regalos por m\u00e1s de 50%.&nbsp;<\/p>\n\n\n<div class=\"wp-block-tableberg-wrapper wp-block-tableberg-table\" >\n\t\t\t<div class=\"tableberg-table-wrapper\" style=\"\">\n\t\t\t\t<table class = \"has-inner-border\" style=\"border-spacing: 0 0; --tableberg-inner-border-top: none; --tableberg-inner-border-right: 1px solid #000000; --tableberg-inner-border-bottom: 1px solid #000000; --tableberg-inner-border-left: none; --tableberg-inner-border-top-first: 1px solid #000000; --tableberg-inner-border-left-first: 1px solid #000000; \" data-tableberg-header=\"\" data-tableberg-footer=\"\"  ><colgroup><col style=\"width: 25%; min-width: 25%; \"\/><col style=\"width: 25%; min-width: 25%; \"\/><col style=\"width: 25%; min-width: 25%; \"\/><col style=\"width: 25%; min-width: 25%; \"\/><\/colgroup><tbody><tr class=\"tableberg-odd-row\" style=\"background:oklch(78.9% .154 211.53);\">\n<td data-tableberg-row=\"0\" data-tableberg-col=\"0\" style=\"\" class=\"wp-block-tableberg-cell tableberg-v-align-center\"><div class=\"tableberg-cell-inner\" style=\"display: block; justify-content: center; flex-wrap: wrap; \">\n<p><strong>Contribuci\u00f3n<\/strong><\/p>\n<\/div><\/td>\n\n<td data-tableberg-row=\"0\" data-tableberg-col=\"1\" style=\"\" class=\"wp-block-tableberg-cell tableberg-v-align-center\"><div class=\"tableberg-cell-inner\" style=\"display: block; justify-content: center; flex-wrap: wrap; \">\n<p class=\"has-text-align-right\"><strong>$500<\/strong><\/p>\n<\/div><\/td>\n\n<td data-tableberg-row=\"0\" data-tableberg-col=\"2\" style=\"\" class=\"wp-block-tableberg-cell tableberg-v-align-center\"><div class=\"tableberg-cell-inner\" style=\"display: block; justify-content: center; flex-wrap: wrap; \">\n<p class=\"has-text-align-right\"><strong>$1,000<\/strong><\/p>\n<\/div><\/td>\n\n<td data-tableberg-row=\"0\" data-tableberg-col=\"3\" style=\"\" class=\"wp-block-tableberg-cell tableberg-v-align-center\"><div class=\"tableberg-cell-inner\" style=\"display: block; justify-content: center; flex-wrap: wrap; \">\n<p class=\"has-text-align-right\"><strong>$10,000<\/strong><\/p>\n<\/div><\/td>\n<\/tr><tr class=\"tableberg-even-row\" style=\"\">\n<td data-tableberg-row=\"1\" data-tableberg-col=\"0\" style=\"\" class=\"wp-block-tableberg-cell tableberg-v-align-center\"><div class=\"tableberg-cell-inner\" style=\"display: block; justify-content: center; flex-wrap: wrap; \">\n<p>Cr\u00e9dito fiscal para guarder\u00edas<\/p>\n<\/div><\/td>\n\n<td data-tableberg-row=\"1\" data-tableberg-col=\"1\" style=\"\" class=\"wp-block-tableberg-cell tableberg-v-align-center\"><div class=\"tableberg-cell-inner\" style=\"display: block; justify-content: center; flex-wrap: wrap; \">\n<p class=\"has-text-align-right\">($250)<\/p>\n<\/div><\/td>\n\n<td data-tableberg-row=\"1\" data-tableberg-col=\"2\" style=\"\" class=\"wp-block-tableberg-cell tableberg-v-align-center\"><div class=\"tableberg-cell-inner\" style=\"display: block; justify-content: center; flex-wrap: wrap; \">\n<p class=\"has-text-align-right\">($500)<\/p>\n<\/div><\/td>\n\n<td data-tableberg-row=\"1\" data-tableberg-col=\"3\" style=\"\" class=\"wp-block-tableberg-cell tableberg-v-align-center\"><div class=\"tableberg-cell-inner\" style=\"display: block; justify-content: center; flex-wrap: wrap; \">\n<p class=\"has-text-align-right\">($5,000)<\/p>\n<\/div><\/td>\n<\/tr><tr class=\"tableberg-odd-row\" style=\"\">\n<td data-tableberg-row=\"2\" data-tableberg-col=\"0\" style=\"\" class=\"wp-block-tableberg-cell tableberg-v-align-center\"><div class=\"tableberg-cell-inner\" style=\"display: block; justify-content: center; flex-wrap: wrap; \">\n<p>Ahorro en el impuesto federal sobre la renta<\/p>\n<\/div><\/td>\n\n<td data-tableberg-row=\"2\" data-tableberg-col=\"1\" style=\"\" class=\"wp-block-tableberg-cell tableberg-v-align-center\"><div class=\"tableberg-cell-inner\" style=\"display: block; justify-content: center; flex-wrap: wrap; \">\n<p class=\"has-text-align-right\">($80)<\/p>\n<\/div><\/td>\n\n<td data-tableberg-row=\"2\" data-tableberg-col=\"2\" style=\"\" class=\"wp-block-tableberg-cell tableberg-v-align-center\"><div class=\"tableberg-cell-inner\" style=\"display: block; justify-content: center; flex-wrap: wrap; \">\n<p class=\"has-text-align-right\">($160)<\/p>\n<\/div><\/td>\n\n<td data-tableberg-row=\"2\" data-tableberg-col=\"3\" style=\"\" class=\"wp-block-tableberg-cell tableberg-v-align-center\"><div class=\"tableberg-cell-inner\" style=\"display: block; justify-content: center; flex-wrap: wrap; \">\n<p class=\"has-text-align-right\">($1,600)<\/p>\n<\/div><\/td>\n<\/tr><tr class=\"tableberg-even-row\" style=\"\">\n<td data-tableberg-row=\"3\" data-tableberg-col=\"0\" style=\"\" class=\"wp-block-tableberg-cell tableberg-v-align-center\"><div class=\"tableberg-cell-inner\" style=\"display: block; justify-content: center; flex-wrap: wrap; \">\n<p>Ahorro en el impuesto sobre la renta en Colorado<\/p>\n<\/div><\/td>\n\n<td data-tableberg-row=\"3\" data-tableberg-col=\"1\" style=\"\" class=\"wp-block-tableberg-cell tableberg-v-align-center\"><div class=\"tableberg-cell-inner\" style=\"display: block; justify-content: center; flex-wrap: wrap; \">\n<p class=\"has-text-align-right\">($12)<\/p>\n<\/div><\/td>\n\n<td data-tableberg-row=\"3\" data-tableberg-col=\"2\" style=\"\" class=\"wp-block-tableberg-cell tableberg-v-align-center\"><div class=\"tableberg-cell-inner\" style=\"display: block; justify-content: center; flex-wrap: wrap; \">\n<p class=\"has-text-align-right\">($23)<\/p>\n<\/div><\/td>\n\n<td data-tableberg-row=\"3\" data-tableberg-col=\"3\" style=\"\" class=\"wp-block-tableberg-cell tableberg-v-align-center\"><div class=\"tableberg-cell-inner\" style=\"display: block; justify-content: center; flex-wrap: wrap; \">\n<p class=\"has-text-align-right\">($231)<\/p>\n<\/div><\/td>\n<\/tr><tr class=\"tableberg-odd-row\" style=\"\">\n<td data-tableberg-row=\"4\" data-tableberg-col=\"0\" style=\"\" class=\"wp-block-tableberg-cell tableberg-v-align-center\"><div class=\"tableberg-cell-inner\" style=\"display: block; justify-content: center; flex-wrap: wrap; \">\n<p>Se le devolver\u00e1 en el momento de pagar los impuestos<\/p>\n<\/div><\/td>\n\n<td data-tableberg-row=\"4\" data-tableberg-col=\"1\" style=\"\" class=\"wp-block-tableberg-cell tableberg-v-align-center\"><div class=\"tableberg-cell-inner\" style=\"display: block; justify-content: center; flex-wrap: wrap; \">\n<p class=\"has-text-align-right\">$342<\/p>\n<\/div><\/td>\n\n<td data-tableberg-row=\"4\" data-tableberg-col=\"2\" style=\"\" class=\"wp-block-tableberg-cell tableberg-v-align-center\"><div class=\"tableberg-cell-inner\" style=\"display: block; justify-content: center; flex-wrap: wrap; \">\n<p class=\"has-text-align-right\">$683<\/p>\n<\/div><\/td>\n\n<td data-tableberg-row=\"4\" data-tableberg-col=\"3\" style=\"\" class=\"wp-block-tableberg-cell tableberg-v-align-center\"><div class=\"tableberg-cell-inner\" style=\"display: block; justify-content: center; flex-wrap: wrap; \">\n<p class=\"has-text-align-right\">$6,831<\/p>\n<\/div><\/td>\n<\/tr><tr class=\"tableberg-even-row\" style=\"background:oklch(78.9% .154 211.53);\">\n<td data-tableberg-row=\"5\" data-tableberg-col=\"0\" style=\"\" class=\"wp-block-tableberg-cell tableberg-v-align-center\"><div class=\"tableberg-cell-inner\" style=\"display: block; justify-content: center; flex-wrap: wrap; \">\n<p><strong>Coste despu\u00e9s de impuestos de las donaciones<\/strong><\/p>\n<\/div><\/td>\n\n<td data-tableberg-row=\"5\" data-tableberg-col=\"1\" style=\"\" class=\"wp-block-tableberg-cell tableberg-v-align-center\"><div class=\"tableberg-cell-inner\" style=\"display: block; justify-content: center; flex-wrap: wrap; \">\n<p class=\"has-text-align-right\"><strong>$158<\/strong><\/p>\n<\/div><\/td>\n\n<td data-tableberg-row=\"5\" data-tableberg-col=\"2\" style=\"\" class=\"wp-block-tableberg-cell tableberg-v-align-center\"><div class=\"tableberg-cell-inner\" style=\"display: block; justify-content: center; flex-wrap: wrap; \">\n<p class=\"has-text-align-right\"><strong>$317<\/strong><\/p>\n<\/div><\/td>\n\n<td data-tableberg-row=\"5\" data-tableberg-col=\"3\" style=\"\" class=\"wp-block-tableberg-cell tableberg-v-align-center\"><div class=\"tableberg-cell-inner\" style=\"display: block; justify-content: center; flex-wrap: wrap; \">\n<p class=\"has-text-align-right\"><strong>$3,169<\/strong><\/p>\n<\/div><\/td>\n<\/tr><\/tbody><\/table>\n\t\t\t<\/div>\n\t\t<\/div>\n\n\n<p><em>La tabla anterior ofrece un ejemplo de c\u00f3mo puede aplicarse el cr\u00e9dito fiscal y est\u00e1 sujeta a cambios en funci\u00f3n de la legislaci\u00f3n fiscal. Consulte a su asesor fiscal sobre la deducibilidad fiscal de su donaci\u00f3n.<\/em><\/p>\n\n\n\n<p><em>Las cifras de la tabla se basan en un tramo impositivo federal 32% <\/em><em>con deducciones detalladas<\/em><em> y tener en cuenta la p\u00e9rdida estatal y federal de deducciones ben\u00e9ficas como consecuencia del cr\u00e9dito por cuidado de hijos en la declaraci\u00f3n estatal de la renta. Tambi\u00e9n se supone que se ha alcanzado el nivel m\u00e1ximo de impuestos estatales deducibles a efectos federales<\/em><em>.<\/em><\/p>\n\n\n\n<p>Limitaciones est\u00e1ndar:<\/p>\n\n\n\n<ol class=\"wp-block-list\">\n<li>Se admite el cr\u00e9dito 50% del importe de la donaci\u00f3n.<\/li>\n\n\n\n<li>El cr\u00e9dito autorizado no exceder\u00e1 de $100.000 al a\u00f1o.<\/li>\n\n\n\n<li>El cr\u00e9dito concedido no exceder\u00e1 de la cuota tributaria del ejercicio.&nbsp;<\/li>\n\n\n\n<li>Los cr\u00e9ditos pueden prorrogarse hasta 5 a\u00f1os.<\/li>\n\n\n\n<li>El cr\u00e9dito no es v\u00e1lido para transferencias de acciones, donaciones en especie o donaciones realizadas a trav\u00e9s de una fundaci\u00f3n o fondo asesorado por un donante.<\/li>\n<\/ol>\n\n\n\n<div style=\"height:20px\" aria-hidden=\"true\" class=\"wp-block-spacer\"><\/div>\n\n\n\n<div class=\"wp-block-buttons is-layout-flex wp-block-buttons-is-layout-flex\">\n<div class=\"wp-block-button drkgreen-btn\"><a class=\"wp-block-button__link wp-element-button\" href=\"https:\/\/roundupriverranch.org\/es\/support-us\/ways-to-give\/donate\/\">Donar hoy<\/a><\/div>\n<\/div>\n\n\n\n<div style=\"height:20px\" aria-hidden=\"true\" class=\"wp-block-spacer\"><\/div>\n\n\n\n<hr class=\"wp-block-separator has-alpha-channel-opacity\"\/>\n\n\n\n<p>Para m\u00e1s informaci\u00f3n, visite www.colorado.gov o p\u00f3ngase en contacto con Kathryn Weller, Vicepresidenta de Promoci\u00f3n, en&nbsp;<a href=\"mailto:kweller@roundupriverranch.org\">kweller@roundupriverranch.org<\/a>&nbsp;o llame al 970.524.5720.<\/p>\n\n\n\n<p><em>Como con todas las donaciones ben\u00e9ficas, consulte a su especialista fiscal o contable.&nbsp;<\/em><\/p>\n\n\n\n<hr class=\"wp-block-separator has-alpha-channel-opacity\"\/>\n\n\n\n<h2 class=\"wp-block-heading has-text-align-center\" id=\"h-save-on-your-taxes-and-help-children-with-serious-illnesses\">AHORRE EN SUS IMPUESTOS Y AYUDE <br>NI\u00d1OS CON ENFERMEDADES GRAVES.<\/h2>\n\n\n\n<h3 class=\"wp-block-heading\" id=\"h-charitable-ira-rollover\">Reinversi\u00f3n ben\u00e9fica de la cuenta IRA<\/h3>\n\n\n\n<p>Si tiene 70 a\u00f1os y medio o m\u00e1s, la transferencia de fondos de su cuenta IRA&nbsp;<em>mayo<\/em>&nbsp;proporcionan una manera de hacer un generoso regalo a Roundup River Ranch al tiempo que reduce su carga fiscal total. Puede transferir hasta $100.000 al a\u00f1o directamente desde una cuenta IRA tradicional o Roth, evitar declarar la distribuci\u00f3n como ingresos y tener un impacto inmediato en los ni\u00f1os que viven con enfermedades graves. Si su c\u00f3nyuge tiene una cuenta IRA independiente, tambi\u00e9n puede hacer una donaci\u00f3n caritativa. El importe de la transferencia no se incluir\u00e1 en su renta imponible, y la cantidad transferida cuenta para la distribuci\u00f3n m\u00ednima obligatoria de la cuenta IRA.<\/p>\n\n\n\n<p>Si desea m\u00e1s informaci\u00f3n, p\u00f3ngase en contacto con la Directora de Desarrollo, Cathy Ethington en&nbsp;<a href=\"mailto:cathy@roundupriverranch.org\">cathy@roundupriverranch.org<\/a>&nbsp;o al 414.418.7328.<\/p>\n\n\n<div class=\"imagecopyblockwrap\">\n    <div class=\"imagecopyblockinner right small\">\n        <div class=\"imagecopyblockimage\">\n            <img decoding=\"async\" src=\"https:\/\/roundupriverranch.org\/wp-content\/uploads\/2025\/12\/placeholder2.jpg\" alt=\"\" \/>\n        <\/div>\n        <div class=\"imagecopyblockcontent\">\n            <div class=\"copyinner\">\n                <p><span style=\"font-size: 1rem;\">El Dr. David Cohen, que tambi\u00e9n dedica generosamente su tiempo al Roundup River Ranch formando parte del Consejo de Administraci\u00f3n y del Comit\u00e9 M\u00e9dico Asesor, afirma que lleva aprovechando la opci\u00f3n de donar de su cuenta IRA desde hace m\u00e1s tiempo del que puede recordar.<\/span><\/p>\n<p><strong style=\"font-size: 1rem;\"><em>\u201cMis asesores financieros me dijeron: \u2018Es, con diferencia, la mejor forma de donar al Roundup River Ranch\u2019\u201d.\u201d <\/em><\/strong><span style=\"font-size: 1rem;\">dijo. <\/span><strong style=\"font-size: 1rem;\"><em>\u201cPor ejemplo, si mi distribuci\u00f3n m\u00ednima obligatoria de mi cuenta IRA en un a\u00f1o es de $100.000, puedo donar $10.000 de esa cantidad a Roundup River Ranch sin incurrir en el impuesto sobre la renta de esa parte, por lo que me ahorro impuestos\u201d.\u201d<\/em><\/strong><\/p>\n<p>Adem\u00e1s del ahorro fiscal, el Dr. Cohen tambi\u00e9n disfruta viendo de primera mano el impacto de sus donaciones en los ni\u00f1os y las familias a las que atiende Roundup River Ranch.<strong><em>\u201cCuramos las almas de los campistas\u201d.\u201d <\/em><\/strong>comparti\u00f3.<strong><em> \u201cDespu\u00e9s de pasar un tiempo en el campamento, no se sienten como ni\u00f1os con una enfermedad. La transformaci\u00f3n de su salud es extraordinaria\u201d.\u201d<\/em><\/strong><\/p>\n\n            <\/div>\n                    <\/div>\n    <\/div>\n    <div class=\"seperator\"><\/div>\n<\/div>\n\n\n\n<div style=\"height:100px\" aria-hidden=\"true\" class=\"wp-block-spacer\"><\/div>","protected":false},"excerpt":{"rendered":"<p>Beneficios fiscales CR\u00c9DITO FISCAL POR CONTRIBUCI\u00d3N AL CUIDADO DE NI\u00d1OS DE COLORADO Regale a Roundup River Ranch. Aproveche el Cr\u00e9dito Fiscal por Contribuci\u00f3n al Cuidado Infantil de Colorado. Que ... <a href=\"https:\/\/roundupriverranch.org\/es\/support-us\/ways-to-give\/tax-benefits\/\">Contin\u00faa<\/a><\/p>","protected":false},"author":1,"featured_media":0,"parent":715,"menu_order":0,"comment_status":"closed","ping_status":"open","template":"template-secondary.blade.php","meta":{"_acf_changed":false,"footnotes":""},"class_list":["post-725","page","type-page","status-publish","hentry"],"acf":[],"yoast_head":"<!-- This site is optimized with the Yoast SEO Premium plugin v26.9 (Yoast SEO v27.4) - https:\/\/yoast.com\/product\/yoast-seo-premium-wordpress\/ -->\n<title>Tax Benefits - Roundup River Ranch<\/title>\n<meta name=\"robots\" content=\"index, follow, max-snippet:-1, max-image-preview:large, max-video-preview:-1\" \/>\n<link rel=\"canonical\" href=\"https:\/\/roundupriverranch.org\/es\/support-us\/ways-to-give\/tax-benefits\/\" \/>\n<meta property=\"og:locale\" content=\"es_ES\" \/>\n<meta property=\"og:type\" content=\"article\" \/>\n<meta property=\"og:title\" content=\"Tax Benefits\" \/>\n<meta property=\"og:description\" content=\"Tax Benefits COLORADO CHILD CARE CONTRIBUTION TAX CREDIT Give to Roundup River Ranch. Take advantage of the Colorado Child Care Contribution Tax Credit. What a &hellip; Continued\" \/>\n<meta property=\"og:url\" content=\"https:\/\/roundupriverranch.org\/es\/support-us\/ways-to-give\/tax-benefits\/\" \/>\n<meta property=\"og:site_name\" content=\"Roundup River Ranch\" \/>\n<meta property=\"article:publisher\" content=\"https:\/\/www.facebook.com\/roundupriverranch\/\" \/>\n<meta property=\"article:modified_time\" content=\"2025-12-17T06:27:20+00:00\" \/>\n<meta name=\"twitter:card\" content=\"summary_large_image\" \/>\n<meta name=\"twitter:label1\" content=\"Tiempo de lectura\" \/>\n\t<meta name=\"twitter:data1\" content=\"3 minutos\" \/>\n<script type=\"application\/ld+json\" class=\"yoast-schema-graph\">{\"@context\":\"https:\\\/\\\/schema.org\",\"@graph\":[{\"@type\":\"WebPage\",\"@id\":\"https:\\\/\\\/roundupriverranch.org\\\/support-us\\\/ways-to-give\\\/tax-benefits\\\/\",\"url\":\"https:\\\/\\\/roundupriverranch.org\\\/support-us\\\/ways-to-give\\\/tax-benefits\\\/\",\"name\":\"Tax Benefits - Roundup River Ranch\",\"isPartOf\":{\"@id\":\"https:\\\/\\\/roundupriverranch.org\\\/#website\"},\"datePublished\":\"2025-12-08T17:17:31+00:00\",\"dateModified\":\"2025-12-17T06:27:20+00:00\",\"breadcrumb\":{\"@id\":\"https:\\\/\\\/roundupriverranch.org\\\/support-us\\\/ways-to-give\\\/tax-benefits\\\/#breadcrumb\"},\"inLanguage\":\"es\",\"potentialAction\":[{\"@type\":\"ReadAction\",\"target\":[\"https:\\\/\\\/roundupriverranch.org\\\/support-us\\\/ways-to-give\\\/tax-benefits\\\/\"]}]},{\"@type\":\"BreadcrumbList\",\"@id\":\"https:\\\/\\\/roundupriverranch.org\\\/support-us\\\/ways-to-give\\\/tax-benefits\\\/#breadcrumb\",\"itemListElement\":[{\"@type\":\"ListItem\",\"position\":1,\"name\":\"Home\",\"item\":\"https:\\\/\\\/roundupriverranch.org\\\/\"},{\"@type\":\"ListItem\",\"position\":2,\"name\":\"Support Us\",\"item\":\"https:\\\/\\\/roundupriverranch.org\\\/support-us\\\/\"},{\"@type\":\"ListItem\",\"position\":3,\"name\":\"Ways to Give\",\"item\":\"https:\\\/\\\/roundupriverranch.org\\\/support-us\\\/ways-to-give\\\/\"},{\"@type\":\"ListItem\",\"position\":4,\"name\":\"Tax Benefits\"}]},{\"@type\":\"WebSite\",\"@id\":\"https:\\\/\\\/roundupriverranch.org\\\/#website\",\"url\":\"https:\\\/\\\/roundupriverranch.org\\\/\",\"name\":\"Roundup River Ranch\",\"description\":\"\",\"potentialAction\":[{\"@type\":\"SearchAction\",\"target\":{\"@type\":\"EntryPoint\",\"urlTemplate\":\"https:\\\/\\\/roundupriverranch.org\\\/?s={search_term_string}\"},\"query-input\":{\"@type\":\"PropertyValueSpecification\",\"valueRequired\":true,\"valueName\":\"search_term_string\"}}],\"inLanguage\":\"es\"}]}<\/script>\n<!-- \/ Yoast SEO Premium plugin. -->","yoast_head_json":{"title":"Beneficios fiscales - Roundup River Ranch","robots":{"index":"index","follow":"follow","max-snippet":"max-snippet:-1","max-image-preview":"max-image-preview:large","max-video-preview":"max-video-preview:-1"},"canonical":"https:\/\/roundupriverranch.org\/es\/support-us\/ways-to-give\/tax-benefits\/","og_locale":"es_ES","og_type":"article","og_title":"Tax Benefits","og_description":"Tax Benefits COLORADO CHILD CARE CONTRIBUTION TAX CREDIT Give to Roundup River Ranch. Take advantage of the Colorado Child Care Contribution Tax Credit. What a &hellip; Continued","og_url":"https:\/\/roundupriverranch.org\/es\/support-us\/ways-to-give\/tax-benefits\/","og_site_name":"Roundup River Ranch","article_publisher":"https:\/\/www.facebook.com\/roundupriverranch\/","article_modified_time":"2025-12-17T06:27:20+00:00","twitter_card":"summary_large_image","twitter_misc":{"Tiempo de lectura":"3 minutos"},"schema":{"@context":"https:\/\/schema.org","@graph":[{"@type":"WebPage","@id":"https:\/\/roundupriverranch.org\/support-us\/ways-to-give\/tax-benefits\/","url":"https:\/\/roundupriverranch.org\/support-us\/ways-to-give\/tax-benefits\/","name":"Beneficios fiscales - Roundup River Ranch","isPartOf":{"@id":"https:\/\/roundupriverranch.org\/#website"},"datePublished":"2025-12-08T17:17:31+00:00","dateModified":"2025-12-17T06:27:20+00:00","breadcrumb":{"@id":"https:\/\/roundupriverranch.org\/support-us\/ways-to-give\/tax-benefits\/#breadcrumb"},"inLanguage":"es","potentialAction":[{"@type":"ReadAction","target":["https:\/\/roundupriverranch.org\/support-us\/ways-to-give\/tax-benefits\/"]}]},{"@type":"BreadcrumbList","@id":"https:\/\/roundupriverranch.org\/support-us\/ways-to-give\/tax-benefits\/#breadcrumb","itemListElement":[{"@type":"ListItem","position":1,"name":"Home","item":"https:\/\/roundupriverranch.org\/"},{"@type":"ListItem","position":2,"name":"Support Us","item":"https:\/\/roundupriverranch.org\/support-us\/"},{"@type":"ListItem","position":3,"name":"Ways to Give","item":"https:\/\/roundupriverranch.org\/support-us\/ways-to-give\/"},{"@type":"ListItem","position":4,"name":"Tax Benefits"}]},{"@type":"WebSite","@id":"https:\/\/roundupriverranch.org\/#website","url":"https:\/\/roundupriverranch.org\/","name":"Rancho Roundup River","description":"","potentialAction":[{"@type":"SearchAction","target":{"@type":"EntryPoint","urlTemplate":"https:\/\/roundupriverranch.org\/?s={search_term_string}"},"query-input":{"@type":"PropertyValueSpecification","valueRequired":true,"valueName":"search_term_string"}}],"inLanguage":"es"}]}},"_links":{"self":[{"href":"https:\/\/roundupriverranch.org\/es\/wp-json\/wp\/v2\/pages\/725","targetHints":{"allow":["GET"]}}],"collection":[{"href":"https:\/\/roundupriverranch.org\/es\/wp-json\/wp\/v2\/pages"}],"about":[{"href":"https:\/\/roundupriverranch.org\/es\/wp-json\/wp\/v2\/types\/page"}],"author":[{"embeddable":true,"href":"https:\/\/roundupriverranch.org\/es\/wp-json\/wp\/v2\/users\/1"}],"replies":[{"embeddable":true,"href":"https:\/\/roundupriverranch.org\/es\/wp-json\/wp\/v2\/comments?post=725"}],"version-history":[{"count":17,"href":"https:\/\/roundupriverranch.org\/es\/wp-json\/wp\/v2\/pages\/725\/revisions"}],"predecessor-version":[{"id":11042,"href":"https:\/\/roundupriverranch.org\/es\/wp-json\/wp\/v2\/pages\/725\/revisions\/11042"}],"up":[{"embeddable":true,"href":"https:\/\/roundupriverranch.org\/es\/wp-json\/wp\/v2\/pages\/715"}],"wp:attachment":[{"href":"https:\/\/roundupriverranch.org\/es\/wp-json\/wp\/v2\/media?parent=725"}],"curies":[{"name":"wp","href":"https:\/\/api.w.org\/{rel}","templated":true}]}}