{"id":732,"date":"2025-12-08T17:20:30","date_gmt":"2025-12-08T17:20:30","guid":{"rendered":"https:\/\/roundupriverranch.org\/?page_id=732"},"modified":"2025-12-17T22:45:38","modified_gmt":"2025-12-17T22:45:38","slug":"leave-a-legacy","status":"publish","type":"page","link":"https:\/\/roundupriverranch.org\/es\/support-us\/more-giving-options\/leave-a-legacy\/","title":{"rendered":"Dejar un legado"},"content":{"rendered":"<div class=\"defaultheaderblock\">\n    <div class=\"defaultheaderblockinner\">\n\n                    <div class=\"headerouter\">\n                <div class=\"headerimage\" style=\"background-image: url(https:\/\/roundupriverranch.org\/wp-content\/uploads\/2025\/12\/roundup-river-ranch-camp-2000x460-support5.jpg)\">\n                    <img decoding=\"async\" src=\"https:\/\/roundupriverranch.org\/wp-content\/uploads\/2025\/12\/roundup-river-ranch-camp-2000x460-support5.jpg\" alt=\"camper on zip line\" \/>\n                <\/div>\n                <div class=\"mobileheaderimage\">\n                    <img decoding=\"async\" src=\"https:\/\/roundupriverranch.org\/wp-content\/uploads\/2025\/12\/roundup-river-ranch-camp-930x500-support5.jpg\" alt=\"camper on zipline\" \/>\n                <\/div>\n            <\/div>\n        \n    <\/div>\n    <div class=\"defaultheadercurve\">\n        <img decoding=\"async\" src=\"https:\/\/roundupriverranch.org\/wp-content\/themes\/sage\/public\/build\/assets\/defaultheadercurve-Cez_Hkub.svg\" alt=\"\">\n    <\/div>\n<\/div>\n\n\n\n<h1 class=\"wp-block-heading has-text-align-center\" id=\"h-leave-a-legacy\">Dejar un legado<\/h1>\n\n\n\n<h2 class=\"wp-block-heading has-text-align-center\" id=\"h-make-an-impact-that-resonates-for-generations-to-come\">Causar un impacto que resuene en las generaciones venideras.<\/h2>\n\n\n\n<p class=\"has-text-align-center\">El legado crea poderosos regalos filantr\u00f3picos m\u00e1s all\u00e1 de su vida, amplifica su impacto, construye un tributo duradero a sus seres queridos y sostiene la misi\u00f3n del Roundup River Ranch. Para asegurarse de que los ni\u00f1os con enfermedades graves siempre tengan la magia de un campamento para enriquecer sus vidas, recuerde al Roundup River Ranch en su testamento o en la planificaci\u00f3n de su patrimonio. Puede ser tan sencillo como a\u00f1adir un porcentaje de su patrimonio o un legado espec\u00edfico en d\u00f3lares a su testamento mediante un codicilo. Tambi\u00e9n puede elegir entre una variedad de otras opciones, incluyendo la recepci\u00f3n de ingresos garantizados de por vida de un activo actual mediante la creaci\u00f3n de un fideicomiso caritativo con Roundup River Ranch como beneficiario. Adem\u00e1s, puede nombrar al Roundup River Ranch beneficiario de bienes inmuebles, valores negociables, planes de jubilaci\u00f3n cualificados, cuentas IRA o p\u00f3lizas de seguro de vida. Cualquiera que sea el medio de donaci\u00f3n que mejor le convenga, tendr\u00e1 un impacto que resonar\u00e1 en las generaciones venideras.<\/p>\n\n\n\n<p class=\"has-text-align-center\">Cuando te acuerdas de Roundup River Ranch a trav\u00e9s de una donaci\u00f3n planificada, ser\u00e1s reconocido como miembro de la Paul Newman Legacy Society en el campamento y en materiales impresos, adem\u00e1s de recibir invitaciones especiales a eventos, como agradecimiento por tu inversi\u00f3n en la sostenibilidad a largo plazo de Roundup River Ranch.<\/p>\n\n\n\n<hr class=\"wp-block-separator has-alpha-channel-opacity\"\/>\n\n\n\n<h2 class=\"wp-block-heading has-text-align-center\" id=\"h-paul-newman-legacy-nbsp-society\"><strong>El legado de Paul Newman<\/strong>&nbsp;<strong>Sociedad<\/strong><\/h2>\n\n\n\n<p class=\"has-text-align-center\">Reconocimiento a los simpatizantes cuyo legado se celebra mediante donaciones planificadas.<\/p>\n\n\n\n<div class=\"wp-block-columns is-layout-flex wp-container-core-columns-is-layout-9d6595d7 wp-block-columns-is-layout-flex\">\n<div class=\"wp-block-column is-layout-flow wp-block-column-is-layout-flow\">\n<div class=\"wp-block-group is-nowrap is-layout-flex wp-container-core-group-is-layout-ad2f72ca wp-block-group-is-layout-flex\">\n<div style=\"height:100px;width:0px\" aria-hidden=\"true\" class=\"wp-block-spacer wp-container-content-6388d5dc\"><\/div>\n\n\n\n<ul class=\"wp-block-list\">\n<li>Janis Burrow<br><\/li>\n\n\n\n<li>Dr. David Cohen<br><\/li>\n\n\n\n<li>Kathy Cole<br><\/li>\n\n\n\n<li>Marla y George Coleman<br><\/li>\n\n\n\n<li>Alexandra Foley<br><\/li>\n\n\n\n<li>Craig Foley<br><\/li>\n\n\n\n<li>Catherine Bennett y Fred Frailey<br><\/li>\n\n\n\n<li>La familia Ferguson*<br><\/li>\n\n\n\n<li>La familia Frechette*<br><\/li>\n\n\n\n<li>Greer y Jack Gardner<br><\/li>\n\n\n\n<li>Edith y Louis Gitlin<br><\/li>\n\n\n\n<li>Dra. Lia Gore y Dr. Frank Haluska<\/li>\n<\/ul>\n<\/div>\n<\/div>\n\n\n\n<div class=\"wp-block-column is-layout-flow wp-block-column-is-layout-flow\">\n<div class=\"wp-block-group is-nowrap is-layout-flex wp-container-core-group-is-layout-ad2f72ca wp-block-group-is-layout-flex\">\n<ul class=\"wp-block-list\">\n<li>Ruth B. Johnson, JD<br><\/li>\n\n\n\n<li>Susan y Rich Jones<br><\/li>\n\n\n\n<li>Betty y Clinton Josey<br><\/li>\n\n\n\n<li>Lisa y Ken Kraft<br><\/li>\n\n\n\n<li>Sonia y Lester** Mandell<br><\/li>\n\n\n\n<li>Mona Look-Mazza y Tony Mazza<br><\/li>\n\n\n\n<li>Bob y Gretchen Ravenscroft<br><\/li>\n\n\n\n<li>T. Denny Sanford*<br><\/li>\n\n\n\n<li>Bernard y Suzanne Scharf<br><\/li>\n\n\n\n<li>Debbie y Jim Schultz<br><\/li>\n\n\n\n<li>Kathie y Bob Shafer<br><\/li>\n\n\n\n<li>Julie y Hugh Sullivan<\/li>\n<\/ul>\n\n\n\n<div style=\"height:100px;width:0px\" aria-hidden=\"true\" class=\"wp-block-spacer wp-container-content-6388d5dc\"><\/div>\n<\/div>\n<\/div>\n<\/div>\n\n\n\n<p class=\"has-text-align-center\"><em>*Ingresado en la Paul Newman Legacy Society como colaborador vitalicio del campamento.<br>**In Memoriam<\/em><\/p>\n\n\n\n<hr class=\"wp-block-separator has-alpha-channel-opacity\"\/>\n\n\n\n<p class=\"has-text-align-center\"><em>Si desea m\u00e1s informaci\u00f3n sobre c\u00f3mo hacer una donaci\u00f3n planificada, p\u00f3ngase en contacto con Kathryn Weller, Vicepresidenta de Promoci\u00f3n, en la direcci\u00f3n&nbsp;<a href=\"mailto:kweller@roundupriverranch.org\">kweller@roundupriverranch.org<\/a>&nbsp;o llame al 970.524.5720.<\/em><\/p>\n\n\n\n<hr class=\"wp-block-separator has-alpha-channel-opacity\"\/>\n\n\n\n<blockquote class=\"wp-block-quote is-layout-flow wp-block-quote-is-layout-flow\">\n<p>Los Gardner comparten de todo coraz\u00f3n su amor entusiasta por Roundup River Ranch predicando con el ejemplo.&nbsp;<strong><em>\u201cRoundup River Ranch encajaba perfectamente con nosotros en sus primeros a\u00f1os\u201d.\u201d&nbsp;<\/em><\/strong>Jack dijo,<strong><em>&nbsp;\u201cPorque Greer trabaj\u00f3 en el Children's Hospital Colorado en el departamento de Oncolog\u00eda\/Hematolog\u00eda con la Dra. Lia Gore, uno de los miembros fundadores de la Junta y Presidente del Comit\u00e9 M\u00e9dico Asesor. Como miembros de la Junta nosotros mismos, pensamos que era importante seguir apoyando a Roundup en nuestros testamentos.\u201d<\/em><\/strong><\/p>\n\n\n\n<div style=\"height:15px\" aria-hidden=\"true\" class=\"wp-block-spacer\"><\/div>\n\n\n\n<p>Greer comparti\u00f3 que establecer una donaci\u00f3n planificada,&nbsp;<strong><em>\u201cNos permiti\u00f3 dejar algo m\u00e1s grande de lo que dejar\u00edamos en vida. Roundup River Ranch es beneficiario de nuestra herencia y eso nos permite ser recordados de alguna manera. Siempre sabremos que nuestra donaci\u00f3n hace posible que el campamento est\u00e9 disponible para ni\u00f1os con enfermedades graves y que la misi\u00f3n de Roundup River Ranch puede continuar y continuar\u00e1.\u201d<\/em><\/strong><\/p>\n\n\n\n<div style=\"height:15px\" aria-hidden=\"true\" class=\"wp-block-spacer\"><\/div>\n\n\n\n<p><strong><em>\u201cAmbos venimos de familias que \u2018devolv\u00edan\u2019 de alguna manera\u201d.\u201d<\/em><\/strong>&nbsp;a\u00f1adi\u00f3 Greer.&nbsp;<strong><em>\u201cEs una pauta familiar para nosotros. El importe de la donaci\u00f3n no tiene por qu\u00e9 ser grande, as\u00ed que cualquiera puede hacerlo. Est\u00e1bamos actualizando nuestro plan de sucesi\u00f3n debido al cambio de edad de nuestros nietos, que entraron en la edad adulta, \u00a1as\u00ed que era un momento l\u00f3gico para a\u00f1adir esta maravillosa forma de continuar nuestro apoyo al Roundup River Ranch!\u201d<\/em><\/strong><\/p>\n<\/blockquote>\n\n\n\n<div style=\"height:50px\" aria-hidden=\"true\" class=\"wp-block-spacer\"><\/div>","protected":false},"excerpt":{"rendered":"<p>Deja un legado Deja un impacto que resuene en las generaciones venideras. Las donaciones de legado crean poderosas donaciones filantr\u00f3picas m\u00e1s all\u00e1 de su vida, amplifican su impacto, construyen ... <a href=\"https:\/\/roundupriverranch.org\/es\/support-us\/more-giving-options\/leave-a-legacy\/\">Contin\u00faa<\/a><\/p>","protected":false},"author":1,"featured_media":0,"parent":729,"menu_order":0,"comment_status":"closed","ping_status":"open","template":"template-secondary.blade.php","meta":{"_acf_changed":false,"footnotes":""},"class_list":["post-732","page","type-page","status-publish","hentry"],"acf":[],"yoast_head":"<!-- This site is optimized with the Yoast SEO Premium plugin v26.9 (Yoast SEO v27.4) - https:\/\/yoast.com\/product\/yoast-seo-premium-wordpress\/ -->\n<title>Leave A Legacy - Roundup River Ranch<\/title>\n<meta name=\"robots\" content=\"index, follow, max-snippet:-1, max-image-preview:large, max-video-preview:-1\" \/>\n<link rel=\"canonical\" href=\"https:\/\/roundupriverranch.org\/es\/support-us\/more-giving-options\/leave-a-legacy\/\" \/>\n<meta property=\"og:locale\" content=\"es_ES\" \/>\n<meta property=\"og:type\" content=\"article\" \/>\n<meta property=\"og:title\" content=\"Leave A Legacy\" \/>\n<meta property=\"og:description\" content=\"Leave A Legacy Make an impact that resonates for generations to come. Legacy giving creates powerful, philanthropic gifts beyond your lifetime, amplifies your impact, builds &hellip; Continued\" \/>\n<meta property=\"og:url\" content=\"https:\/\/roundupriverranch.org\/es\/support-us\/more-giving-options\/leave-a-legacy\/\" \/>\n<meta property=\"og:site_name\" content=\"Roundup River Ranch\" \/>\n<meta property=\"article:publisher\" content=\"https:\/\/www.facebook.com\/roundupriverranch\/\" \/>\n<meta property=\"article:modified_time\" content=\"2025-12-17T22:45:38+00:00\" \/>\n<meta name=\"twitter:card\" content=\"summary_large_image\" \/>\n<meta name=\"twitter:label1\" content=\"Tiempo de lectura\" \/>\n\t<meta name=\"twitter:data1\" content=\"2 minutos\" \/>\n<script type=\"application\/ld+json\" class=\"yoast-schema-graph\">{\"@context\":\"https:\\\/\\\/schema.org\",\"@graph\":[{\"@type\":\"WebPage\",\"@id\":\"https:\\\/\\\/roundupriverranch.org\\\/support-us\\\/more-giving-options\\\/leave-a-legacy\\\/\",\"url\":\"https:\\\/\\\/roundupriverranch.org\\\/support-us\\\/more-giving-options\\\/leave-a-legacy\\\/\",\"name\":\"Leave A Legacy - Roundup River Ranch\",\"isPartOf\":{\"@id\":\"https:\\\/\\\/roundupriverranch.org\\\/#website\"},\"datePublished\":\"2025-12-08T17:20:30+00:00\",\"dateModified\":\"2025-12-17T22:45:38+00:00\",\"breadcrumb\":{\"@id\":\"https:\\\/\\\/roundupriverranch.org\\\/support-us\\\/more-giving-options\\\/leave-a-legacy\\\/#breadcrumb\"},\"inLanguage\":\"es\",\"potentialAction\":[{\"@type\":\"ReadAction\",\"target\":[\"https:\\\/\\\/roundupriverranch.org\\\/support-us\\\/more-giving-options\\\/leave-a-legacy\\\/\"]}]},{\"@type\":\"BreadcrumbList\",\"@id\":\"https:\\\/\\\/roundupriverranch.org\\\/support-us\\\/more-giving-options\\\/leave-a-legacy\\\/#breadcrumb\",\"itemListElement\":[{\"@type\":\"ListItem\",\"position\":1,\"name\":\"Home\",\"item\":\"https:\\\/\\\/roundupriverranch.org\\\/\"},{\"@type\":\"ListItem\",\"position\":2,\"name\":\"Support Us\",\"item\":\"https:\\\/\\\/roundupriverranch.org\\\/support-us\\\/\"},{\"@type\":\"ListItem\",\"position\":3,\"name\":\"More Giving Options\",\"item\":\"https:\\\/\\\/roundupriverranch.org\\\/support-us\\\/more-giving-options\\\/\"},{\"@type\":\"ListItem\",\"position\":4,\"name\":\"Leave A Legacy\"}]},{\"@type\":\"WebSite\",\"@id\":\"https:\\\/\\\/roundupriverranch.org\\\/#website\",\"url\":\"https:\\\/\\\/roundupriverranch.org\\\/\",\"name\":\"Roundup River Ranch\",\"description\":\"\",\"potentialAction\":[{\"@type\":\"SearchAction\",\"target\":{\"@type\":\"EntryPoint\",\"urlTemplate\":\"https:\\\/\\\/roundupriverranch.org\\\/?s={search_term_string}\"},\"query-input\":{\"@type\":\"PropertyValueSpecification\",\"valueRequired\":true,\"valueName\":\"search_term_string\"}}],\"inLanguage\":\"es\"}]}<\/script>\n<!-- \/ Yoast SEO Premium plugin. -->","yoast_head_json":{"title":"Dejar un legado - Roundup River Ranch","robots":{"index":"index","follow":"follow","max-snippet":"max-snippet:-1","max-image-preview":"max-image-preview:large","max-video-preview":"max-video-preview:-1"},"canonical":"https:\/\/roundupriverranch.org\/es\/support-us\/more-giving-options\/leave-a-legacy\/","og_locale":"es_ES","og_type":"article","og_title":"Leave A Legacy","og_description":"Leave A Legacy Make an impact that resonates for generations to come. Legacy giving creates powerful, philanthropic gifts beyond your lifetime, amplifies your impact, builds &hellip; Continued","og_url":"https:\/\/roundupriverranch.org\/es\/support-us\/more-giving-options\/leave-a-legacy\/","og_site_name":"Roundup River Ranch","article_publisher":"https:\/\/www.facebook.com\/roundupriverranch\/","article_modified_time":"2025-12-17T22:45:38+00:00","twitter_card":"summary_large_image","twitter_misc":{"Tiempo de lectura":"2 minutos"},"schema":{"@context":"https:\/\/schema.org","@graph":[{"@type":"WebPage","@id":"https:\/\/roundupriverranch.org\/support-us\/more-giving-options\/leave-a-legacy\/","url":"https:\/\/roundupriverranch.org\/support-us\/more-giving-options\/leave-a-legacy\/","name":"Dejar un legado - Roundup River Ranch","isPartOf":{"@id":"https:\/\/roundupriverranch.org\/#website"},"datePublished":"2025-12-08T17:20:30+00:00","dateModified":"2025-12-17T22:45:38+00:00","breadcrumb":{"@id":"https:\/\/roundupriverranch.org\/support-us\/more-giving-options\/leave-a-legacy\/#breadcrumb"},"inLanguage":"es","potentialAction":[{"@type":"ReadAction","target":["https:\/\/roundupriverranch.org\/support-us\/more-giving-options\/leave-a-legacy\/"]}]},{"@type":"BreadcrumbList","@id":"https:\/\/roundupriverranch.org\/support-us\/more-giving-options\/leave-a-legacy\/#breadcrumb","itemListElement":[{"@type":"ListItem","position":1,"name":"Home","item":"https:\/\/roundupriverranch.org\/"},{"@type":"ListItem","position":2,"name":"Support Us","item":"https:\/\/roundupriverranch.org\/support-us\/"},{"@type":"ListItem","position":3,"name":"More Giving Options","item":"https:\/\/roundupriverranch.org\/support-us\/more-giving-options\/"},{"@type":"ListItem","position":4,"name":"Leave A Legacy"}]},{"@type":"WebSite","@id":"https:\/\/roundupriverranch.org\/#website","url":"https:\/\/roundupriverranch.org\/","name":"Rancho Roundup River","description":"","potentialAction":[{"@type":"SearchAction","target":{"@type":"EntryPoint","urlTemplate":"https:\/\/roundupriverranch.org\/?s={search_term_string}"},"query-input":{"@type":"PropertyValueSpecification","valueRequired":true,"valueName":"search_term_string"}}],"inLanguage":"es"}]}},"_links":{"self":[{"href":"https:\/\/roundupriverranch.org\/es\/wp-json\/wp\/v2\/pages\/732","targetHints":{"allow":["GET"]}}],"collection":[{"href":"https:\/\/roundupriverranch.org\/es\/wp-json\/wp\/v2\/pages"}],"about":[{"href":"https:\/\/roundupriverranch.org\/es\/wp-json\/wp\/v2\/types\/page"}],"author":[{"embeddable":true,"href":"https:\/\/roundupriverranch.org\/es\/wp-json\/wp\/v2\/users\/1"}],"replies":[{"embeddable":true,"href":"https:\/\/roundupriverranch.org\/es\/wp-json\/wp\/v2\/comments?post=732"}],"version-history":[{"count":6,"href":"https:\/\/roundupriverranch.org\/es\/wp-json\/wp\/v2\/pages\/732\/revisions"}],"predecessor-version":[{"id":11293,"href":"https:\/\/roundupriverranch.org\/es\/wp-json\/wp\/v2\/pages\/732\/revisions\/11293"}],"up":[{"embeddable":true,"href":"https:\/\/roundupriverranch.org\/es\/wp-json\/wp\/v2\/pages\/729"}],"wp:attachment":[{"href":"https:\/\/roundupriverranch.org\/es\/wp-json\/wp\/v2\/media?parent=732"}],"curies":[{"name":"wp","href":"https:\/\/api.w.org\/{rel}","templated":true}]}}