{"id":735,"date":"2025-12-08T17:21:15","date_gmt":"2025-12-08T17:21:15","guid":{"rendered":"https:\/\/roundupriverranch.org\/?page_id=735"},"modified":"2025-12-17T06:11:50","modified_gmt":"2025-12-17T06:11:50","slug":"donor-advised-funds","status":"publish","type":"page","link":"https:\/\/roundupriverranch.org\/es\/support-us\/more-giving-options\/donor-advised-funds\/","title":{"rendered":"Fondos asignados por donantes"},"content":{"rendered":"<div class=\"defaultheaderblock\">\n    <div class=\"defaultheaderblockinner\">\n\n                    <div class=\"headerouter\">\n                <div class=\"headerimage\" style=\"background-image: url(https:\/\/roundupriverranch.org\/wp-content\/uploads\/2025\/12\/roundup-river-ranch-camp-2000x46026-1.jpg)\">\n                    <img decoding=\"async\" src=\"https:\/\/roundupriverranch.org\/wp-content\/uploads\/2025\/12\/roundup-river-ranch-camp-2000x46026-1.jpg\" alt=\"Two campers climbing the climbing wall\" \/>\n                <\/div>\n                <div class=\"mobileheaderimage\">\n                    <img decoding=\"async\" src=\"https:\/\/roundupriverranch.org\/wp-content\/uploads\/2025\/12\/roundup-river-ranch-camp-930x50027-1.jpg\" alt=\"Two campers climbing the climbing wall\" \/>\n                <\/div>\n            <\/div>\n        \n    <\/div>\n    <div class=\"defaultheadercurve\">\n        <img decoding=\"async\" src=\"https:\/\/roundupriverranch.org\/wp-content\/themes\/sage\/public\/build\/assets\/defaultheadercurve-Cez_Hkub.svg\" alt=\"\">\n    <\/div>\n<\/div>\n\n\n\n<h1 class=\"wp-block-heading has-text-align-center\" id=\"h-donor-advised-funds\">Fondos asignados por donantes<\/h1>\n\n\n\n<h2 class=\"wp-block-heading has-text-align-center\" id=\"h-generous-people-like-you-fuel-the-work-of-roundup-river-ranch\">Personas generosas como usted impulsan el trabajo del Roundup River Ranch.<\/h2>\n\n\n\n<p class=\"has-text-align-left\">Roundup River Ranch es elegible para recibir donaciones de DAFs (veh\u00edculos caritativos personales establecidos en una organizaci\u00f3n ben\u00e9fica p\u00fablica como una fundaci\u00f3n comunitaria o instituci\u00f3n financiera).<\/p>\n\n\n\n<p><strong>Entre las ventajas de hacer donaciones a trav\u00e9s de los DAF se incluyen:<\/strong><\/p>\n\n\n\n<ul class=\"wp-block-list\">\n<li>Una deducci\u00f3n fiscal inmediata al contribuir a su DAF.<\/li>\n\n\n\n<li>Haga crecer su donaci\u00f3n libre de impuestos utilizando los diversos veh\u00edculos de inversi\u00f3n de su fundaci\u00f3n comunitaria o instituci\u00f3n financiera.<\/li>\n\n\n\n<li>La opci\u00f3n de conceder cantidades espec\u00edficas a las organizaciones ben\u00e9ficas de su elecci\u00f3n (como Roundup River Ranch) en un momento posterior.<\/li>\n\n\n\n<li>Un sistema de registro centralizado.<\/li>\n<\/ul>\n\n\n\n<p>Tenga en cuenta que las donaciones procedentes de fondos dirigidos por donantes no suelen beneficiarse de la&nbsp;<a href=\"https:\/\/roundupriverranch.org\/es\/support-us\/ways-to-give\/tax-benefits\/\" target=\"_blank\" rel=\"noreferrer noopener\">Cr\u00e9dito de contribuci\u00f3n al cuidado infantil en Colorado<\/a>. Consulte a su asesor fiscal para obtener m\u00e1s informaci\u00f3n.<\/p>\n\n\n\n<p class=\"has-text-align-left\">Basado en el&nbsp;<em>Fondo Filantr\u00f3pico Nacional<\/em>&nbsp;<em>Informe de 2019 sobre el fondo asesorado por donantes<\/em>,&nbsp;<strong>las donaciones de los DAF a organizaciones ben\u00e9ficas cualificadas ascendieron a m\u00e1s de $25 mil millones en 2019, un aumento de 93% desde 2015.<\/strong>&nbsp;La misma trayectoria de r\u00e1pido crecimiento tambi\u00e9n se aplica a las contribuciones a los DAF, que totalizaron $38,81 mil millones en 2019. Esto equivale a importantes inversiones que pueden realizarse para apoyar causas filantr\u00f3picas en nuestras comunidades, como Roundup River Ranch.<\/p>\n\n\n\n<p class=\"has-text-align-left\">Si desea m\u00e1s informaci\u00f3n sobre los fondos asignados por donantes, p\u00f3ngase en contacto con Kathryn Weller, Vicepresidenta de Promoci\u00f3n, en la direcci\u00f3n&nbsp;<a href=\"mailto:kweller@roundupriverranch.org\">kweller@roundupriverranch.org<\/a>&nbsp;o llame al 970.524.5720.<\/p>\n\n\n\n<div style=\"height:0px\" aria-hidden=\"true\" class=\"wp-block-spacer\"><\/div>","protected":false},"excerpt":{"rendered":"<p>Fondos Donados por Donantes Personas generosas como usted impulsan el trabajo de Roundup River Ranch. Roundup River Ranch es elegible para recibir donaciones de DAFs (fondos ... <a href=\"https:\/\/roundupriverranch.org\/es\/support-us\/more-giving-options\/donor-advised-funds\/\">Contin\u00faa<\/a><\/p>","protected":false},"author":1,"featured_media":0,"parent":729,"menu_order":0,"comment_status":"closed","ping_status":"open","template":"template-secondary.blade.php","meta":{"_acf_changed":false,"footnotes":""},"class_list":["post-735","page","type-page","status-publish","hentry"],"acf":[],"yoast_head":"<!-- This site is optimized with the Yoast SEO Premium plugin v26.9 (Yoast SEO v27.4) - https:\/\/yoast.com\/product\/yoast-seo-premium-wordpress\/ -->\n<title>Donor-Advised Funds - Roundup River Ranch<\/title>\n<meta name=\"robots\" content=\"index, follow, max-snippet:-1, max-image-preview:large, max-video-preview:-1\" \/>\n<link rel=\"canonical\" href=\"https:\/\/roundupriverranch.org\/es\/support-us\/more-giving-options\/donor-advised-funds\/\" \/>\n<meta property=\"og:locale\" content=\"es_ES\" \/>\n<meta property=\"og:type\" content=\"article\" \/>\n<meta property=\"og:title\" content=\"Donor-Advised Funds\" \/>\n<meta property=\"og:description\" content=\"Donor-Advised Funds Generous people like you fuel the work of Roundup River Ranch. Roundup River Ranch is eligible to receive gifts from DAFs (personal charitable &hellip; Continued\" \/>\n<meta property=\"og:url\" content=\"https:\/\/roundupriverranch.org\/es\/support-us\/more-giving-options\/donor-advised-funds\/\" \/>\n<meta property=\"og:site_name\" content=\"Roundup River Ranch\" \/>\n<meta property=\"article:publisher\" content=\"https:\/\/www.facebook.com\/roundupriverranch\/\" \/>\n<meta property=\"article:modified_time\" content=\"2025-12-17T06:11:50+00:00\" \/>\n<meta name=\"twitter:card\" content=\"summary_large_image\" \/>\n<meta name=\"twitter:label1\" content=\"Tiempo de lectura\" \/>\n\t<meta name=\"twitter:data1\" content=\"1 minuto\" \/>\n<script type=\"application\/ld+json\" class=\"yoast-schema-graph\">{\"@context\":\"https:\\\/\\\/schema.org\",\"@graph\":[{\"@type\":\"WebPage\",\"@id\":\"https:\\\/\\\/roundupriverranch.org\\\/support-us\\\/more-giving-options\\\/donor-advised-funds\\\/\",\"url\":\"https:\\\/\\\/roundupriverranch.org\\\/support-us\\\/more-giving-options\\\/donor-advised-funds\\\/\",\"name\":\"Donor-Advised Funds - Roundup River Ranch\",\"isPartOf\":{\"@id\":\"https:\\\/\\\/roundupriverranch.org\\\/#website\"},\"datePublished\":\"2025-12-08T17:21:15+00:00\",\"dateModified\":\"2025-12-17T06:11:50+00:00\",\"breadcrumb\":{\"@id\":\"https:\\\/\\\/roundupriverranch.org\\\/support-us\\\/more-giving-options\\\/donor-advised-funds\\\/#breadcrumb\"},\"inLanguage\":\"es\",\"potentialAction\":[{\"@type\":\"ReadAction\",\"target\":[\"https:\\\/\\\/roundupriverranch.org\\\/support-us\\\/more-giving-options\\\/donor-advised-funds\\\/\"]}]},{\"@type\":\"BreadcrumbList\",\"@id\":\"https:\\\/\\\/roundupriverranch.org\\\/support-us\\\/more-giving-options\\\/donor-advised-funds\\\/#breadcrumb\",\"itemListElement\":[{\"@type\":\"ListItem\",\"position\":1,\"name\":\"Home\",\"item\":\"https:\\\/\\\/roundupriverranch.org\\\/\"},{\"@type\":\"ListItem\",\"position\":2,\"name\":\"Support Us\",\"item\":\"https:\\\/\\\/roundupriverranch.org\\\/support-us\\\/\"},{\"@type\":\"ListItem\",\"position\":3,\"name\":\"More Giving Options\",\"item\":\"https:\\\/\\\/roundupriverranch.org\\\/support-us\\\/more-giving-options\\\/\"},{\"@type\":\"ListItem\",\"position\":4,\"name\":\"Donor-Advised Funds\"}]},{\"@type\":\"WebSite\",\"@id\":\"https:\\\/\\\/roundupriverranch.org\\\/#website\",\"url\":\"https:\\\/\\\/roundupriverranch.org\\\/\",\"name\":\"Roundup River Ranch\",\"description\":\"\",\"potentialAction\":[{\"@type\":\"SearchAction\",\"target\":{\"@type\":\"EntryPoint\",\"urlTemplate\":\"https:\\\/\\\/roundupriverranch.org\\\/?s={search_term_string}\"},\"query-input\":{\"@type\":\"PropertyValueSpecification\",\"valueRequired\":true,\"valueName\":\"search_term_string\"}}],\"inLanguage\":\"es\"}]}<\/script>\n<!-- \/ Yoast SEO Premium plugin. -->","yoast_head_json":{"title":"Donor-Advised Funds - Roundup River Ranch","robots":{"index":"index","follow":"follow","max-snippet":"max-snippet:-1","max-image-preview":"max-image-preview:large","max-video-preview":"max-video-preview:-1"},"canonical":"https:\/\/roundupriverranch.org\/es\/support-us\/more-giving-options\/donor-advised-funds\/","og_locale":"es_ES","og_type":"article","og_title":"Donor-Advised Funds","og_description":"Donor-Advised Funds Generous people like you fuel the work of Roundup River Ranch. Roundup River Ranch is eligible to receive gifts from DAFs (personal charitable &hellip; Continued","og_url":"https:\/\/roundupriverranch.org\/es\/support-us\/more-giving-options\/donor-advised-funds\/","og_site_name":"Roundup River Ranch","article_publisher":"https:\/\/www.facebook.com\/roundupriverranch\/","article_modified_time":"2025-12-17T06:11:50+00:00","twitter_card":"summary_large_image","twitter_misc":{"Tiempo de lectura":"1 minuto"},"schema":{"@context":"https:\/\/schema.org","@graph":[{"@type":"WebPage","@id":"https:\/\/roundupriverranch.org\/support-us\/more-giving-options\/donor-advised-funds\/","url":"https:\/\/roundupriverranch.org\/support-us\/more-giving-options\/donor-advised-funds\/","name":"Donor-Advised Funds - Roundup River Ranch","isPartOf":{"@id":"https:\/\/roundupriverranch.org\/#website"},"datePublished":"2025-12-08T17:21:15+00:00","dateModified":"2025-12-17T06:11:50+00:00","breadcrumb":{"@id":"https:\/\/roundupriverranch.org\/support-us\/more-giving-options\/donor-advised-funds\/#breadcrumb"},"inLanguage":"es","potentialAction":[{"@type":"ReadAction","target":["https:\/\/roundupriverranch.org\/support-us\/more-giving-options\/donor-advised-funds\/"]}]},{"@type":"BreadcrumbList","@id":"https:\/\/roundupriverranch.org\/support-us\/more-giving-options\/donor-advised-funds\/#breadcrumb","itemListElement":[{"@type":"ListItem","position":1,"name":"Home","item":"https:\/\/roundupriverranch.org\/"},{"@type":"ListItem","position":2,"name":"Support Us","item":"https:\/\/roundupriverranch.org\/support-us\/"},{"@type":"ListItem","position":3,"name":"More Giving Options","item":"https:\/\/roundupriverranch.org\/support-us\/more-giving-options\/"},{"@type":"ListItem","position":4,"name":"Donor-Advised Funds"}]},{"@type":"WebSite","@id":"https:\/\/roundupriverranch.org\/#website","url":"https:\/\/roundupriverranch.org\/","name":"Rancho Roundup River","description":"","potentialAction":[{"@type":"SearchAction","target":{"@type":"EntryPoint","urlTemplate":"https:\/\/roundupriverranch.org\/?s={search_term_string}"},"query-input":{"@type":"PropertyValueSpecification","valueRequired":true,"valueName":"search_term_string"}}],"inLanguage":"es"}]}},"_links":{"self":[{"href":"https:\/\/roundupriverranch.org\/es\/wp-json\/wp\/v2\/pages\/735","targetHints":{"allow":["GET"]}}],"collection":[{"href":"https:\/\/roundupriverranch.org\/es\/wp-json\/wp\/v2\/pages"}],"about":[{"href":"https:\/\/roundupriverranch.org\/es\/wp-json\/wp\/v2\/types\/page"}],"author":[{"embeddable":true,"href":"https:\/\/roundupriverranch.org\/es\/wp-json\/wp\/v2\/users\/1"}],"replies":[{"embeddable":true,"href":"https:\/\/roundupriverranch.org\/es\/wp-json\/wp\/v2\/comments?post=735"}],"version-history":[{"count":5,"href":"https:\/\/roundupriverranch.org\/es\/wp-json\/wp\/v2\/pages\/735\/revisions"}],"predecessor-version":[{"id":11025,"href":"https:\/\/roundupriverranch.org\/es\/wp-json\/wp\/v2\/pages\/735\/revisions\/11025"}],"up":[{"embeddable":true,"href":"https:\/\/roundupriverranch.org\/es\/wp-json\/wp\/v2\/pages\/729"}],"wp:attachment":[{"href":"https:\/\/roundupriverranch.org\/es\/wp-json\/wp\/v2\/media?parent=735"}],"curies":[{"name":"wp","href":"https:\/\/api.w.org\/{rel}","templated":true}]}}