{"id":737,"date":"2025-12-08T17:22:44","date_gmt":"2025-12-08T17:22:44","guid":{"rendered":"https:\/\/roundupriverranch.org\/?page_id=737"},"modified":"2025-12-17T23:58:11","modified_gmt":"2025-12-17T23:58:11","slug":"multi-year-gifts","status":"publish","type":"page","link":"https:\/\/roundupriverranch.org\/es\/support-us\/more-giving-options\/multi-year-gifts\/","title":{"rendered":"Donaciones plurianuales"},"content":{"rendered":"<div class=\"defaultheaderblock\">\n    <div class=\"defaultheaderblockinner\">\n\n                    <div class=\"headerouter\">\n                <div class=\"headerimage\" style=\"background-image: url(https:\/\/roundupriverranch.org\/wp-content\/uploads\/2025\/12\/roundup-river-ranch-camp-2000x460-support3.jpg)\">\n                    <img decoding=\"async\" src=\"https:\/\/roundupriverranch.org\/wp-content\/uploads\/2025\/12\/roundup-river-ranch-camp-2000x460-support3.jpg\" alt=\"campers making human bridge\" \/>\n                <\/div>\n                <div class=\"mobileheaderimage\">\n                    <img decoding=\"async\" src=\"https:\/\/roundupriverranch.org\/wp-content\/uploads\/2025\/12\/roundup-river-ranch-camp-930x500-support2.jpg\" alt=\"campers making human bridge\" \/>\n                <\/div>\n            <\/div>\n        \n    <\/div>\n    <div class=\"defaultheadercurve\">\n        <img decoding=\"async\" src=\"https:\/\/roundupriverranch.org\/wp-content\/themes\/sage\/public\/build\/assets\/defaultheadercurve-Cez_Hkub.svg\" alt=\"\">\n    <\/div>\n<\/div>\n\n\n\n<h1 class=\"wp-block-heading has-text-align-center\" id=\"h-multi-year-gifts\">Donaciones plurianuales<\/h1>\n\n\n\n<h2 class=\"wp-block-heading has-text-align-center\" id=\"h-the-power-of-a-pledge\"><strong>EL PODER DE UN COMPROMISO<\/strong><\/h2>\n\n\n\n<p class=\"has-text-align-center\">Un compromiso plurianual es una forma sencilla y flexible de lograr un mayor impacto a lo largo del tiempo. Al extender su donaci\u00f3n a lo largo de varios a\u00f1os, puede aumentar su apoyo al Roundup River Ranch al mismo tiempo que alinea su donaci\u00f3n con sus planes financieros personales o familiares.<\/p>\n\n\n\n<p>Las promesas pueden estructurarse en pagos anuales iguales o en cantidades variables a\u00f1o tras a\u00f1o, para un compromiso a lo largo de varios a\u00f1os. Usted puede dirigir su promesa a cualquier designaci\u00f3n de fondo, y muchos donantes eligen esta opci\u00f3n al hacer un regalo de nombramiento o el establecimiento de un nuevo fondo.<\/p>\n\n\n\n<p class=\"has-text-align-center\">Usted puede comprometerse ahora y cumplir su compromiso m\u00e1s tarde mediante el env\u00edo de un formulario de compromiso para los regalos que se completar\u00e1 en el a\u00f1o fiscal en curso o en varios a\u00f1os. El a\u00f1o fiscal de Roundup River Ranch va del 1 de noviembre al 31 de octubre, y le enviaremos recordatorios para facilitar su donaci\u00f3n.<\/p>\n\n\n\n<div style=\"height:60px\" aria-hidden=\"true\" class=\"wp-block-spacer\"><\/div>\n\n\n\n<hr class=\"wp-block-separator has-alpha-channel-opacity\"\/>\n\n\n\n<p>Para m\u00e1s informaci\u00f3n o para hablar de un compromiso plurianual, p\u00f3ngase en contacto con&nbsp;<strong>Kathryn Weller, Vicepresidenta de Fomento en&nbsp;<\/strong><a href=\"mailto:kweller@roundupriverranch.org\">kweller@roundupriverranch.org<\/a>.&nbsp;<\/p>\n\n\n\n<div style=\"height:40px\" aria-hidden=\"true\" class=\"wp-block-spacer\"><\/div>\n\n\n\n<div class=\"wp-block-group is-content-justification-center is-nowrap is-layout-flex wp-container-core-group-is-layout-94bc23d7 wp-block-group-is-layout-flex\">\n<div class=\"wp-block-buttons is-layout-flex wp-block-buttons-is-layout-flex\">\n<div class=\"wp-block-button drkgreen-btn\"><a class=\"wp-block-button__link wp-element-button\" href=\"https:\/\/roundupriverranch.org\/es\/support-us\/ways-to-give\/donate\/\">Donar<\/a><\/div>\n<\/div>\n\n\n\n<div class=\"wp-block-buttons is-layout-flex wp-block-buttons-is-layout-flex\">\n<div class=\"wp-block-button drkgreen-btn\"><a class=\"wp-block-button__link wp-element-button\" href=\"https:\/\/roundupriverranch.org\/es\/support-us\/more-giving-options\/\">M\u00e1s opciones para donar<\/a><\/div>\n<\/div>\n<\/div>\n\n\n\n<div style=\"height:40px\" aria-hidden=\"true\" class=\"wp-block-spacer\"><\/div>\n\n\n\n<div style=\"height:50px\" aria-hidden=\"true\" class=\"wp-block-spacer\"><\/div>\n\n\n<div class=\"calloutboxwrapper\">\n    <div class=\"calloutboxinner\">\n        <div class=\"calloutcolumns\">\n            <div class=\"calloutcontent\">\n                                    <h2 style=\"text-align: center;\">D\u00c9 UNA VUELTA POR EL CAMPING<\/h2>\n<p style=\"text-align: center;\">Nuestro pintoresco campamento est\u00e1 situado entre las Monta\u00f1as Rocosas y el r\u00edo Colorado. Cuando el campamento est\u00e1 en sesi\u00f3n, Roundup River Ranch se convierte en 125 acres de alegr\u00eda total y la risa. Por favor, echa un vistazo a nuestras actividades del campamento detallando nuestros programas de campamento, y otras caracter\u00edsticas del campamento.<\/p>\n\n                            <\/div>\n            <div class=\"calloutimage\" style=\"background-image: url('https:\/\/roundupriverranch.org\/wp-content\/uploads\/2025\/11\/campsite_depot.jpg')\">\n                                    <img decoding=\"async\" src=\"https:\/\/roundupriverranch.org\/wp-content\/uploads\/2025\/11\/campsite_depot.jpg\" alt=\"\" \/>\n                            <\/div>\n        <\/div>\n        <div class=\"lowerlinks\">\n                                                                        <a href=\"https:\/\/roundupriverranch.org\/es\/about-us\/our-campsite\/camp-activities\/\" class=\"header-drkgreen-btn\">\n                            ACTIVIDADES DEL CAMPAMENTO\n                        <\/a>\n                                                        <\/div>\n    <\/div>\n<\/div>\n\n\n\n<p><\/p>","protected":false},"excerpt":{"rendered":"<p>Donaciones plurianuales EL PODER DE UNA DONACI\u00d3N Una donaci\u00f3n plurianual es una forma sencilla y flexible de lograr un mayor impacto a lo largo del tiempo. Al extender su ... <a href=\"https:\/\/roundupriverranch.org\/es\/support-us\/more-giving-options\/multi-year-gifts\/\">Contin\u00faa<\/a><\/p>","protected":false},"author":1,"featured_media":0,"parent":729,"menu_order":0,"comment_status":"closed","ping_status":"open","template":"template-secondary.blade.php","meta":{"_acf_changed":false,"footnotes":""},"class_list":["post-737","page","type-page","status-publish","hentry"],"acf":[],"yoast_head":"<!-- This site is optimized with the Yoast SEO Premium plugin v26.9 (Yoast SEO v27.4) - https:\/\/yoast.com\/product\/yoast-seo-premium-wordpress\/ -->\n<title>Multi-Year Gifts - Roundup River Ranch<\/title>\n<meta name=\"robots\" content=\"index, follow, max-snippet:-1, max-image-preview:large, max-video-preview:-1\" \/>\n<link rel=\"canonical\" href=\"https:\/\/roundupriverranch.org\/es\/support-us\/more-giving-options\/multi-year-gifts\/\" \/>\n<meta property=\"og:locale\" content=\"es_ES\" \/>\n<meta property=\"og:type\" content=\"article\" \/>\n<meta property=\"og:title\" content=\"Multi-Year Gifts\" \/>\n<meta property=\"og:description\" content=\"Multi-Year Gifts THE POWER OF A PLEDGE A multi-year pledge is a simple, flexible way to make a deeper impact over time. By spreading your &hellip; Continued\" \/>\n<meta property=\"og:url\" content=\"https:\/\/roundupriverranch.org\/es\/support-us\/more-giving-options\/multi-year-gifts\/\" \/>\n<meta property=\"og:site_name\" content=\"Roundup River Ranch\" \/>\n<meta property=\"article:publisher\" content=\"https:\/\/www.facebook.com\/roundupriverranch\/\" \/>\n<meta property=\"article:modified_time\" content=\"2025-12-17T23:58:11+00:00\" \/>\n<meta name=\"twitter:card\" content=\"summary_large_image\" \/>\n<meta name=\"twitter:label1\" content=\"Tiempo de lectura\" \/>\n\t<meta name=\"twitter:data1\" content=\"1 minuto\" \/>\n<script type=\"application\/ld+json\" class=\"yoast-schema-graph\">{\"@context\":\"https:\\\/\\\/schema.org\",\"@graph\":[{\"@type\":\"WebPage\",\"@id\":\"https:\\\/\\\/roundupriverranch.org\\\/support-us\\\/more-giving-options\\\/multi-year-gifts\\\/\",\"url\":\"https:\\\/\\\/roundupriverranch.org\\\/support-us\\\/more-giving-options\\\/multi-year-gifts\\\/\",\"name\":\"Multi-Year Gifts - Roundup River Ranch\",\"isPartOf\":{\"@id\":\"https:\\\/\\\/roundupriverranch.org\\\/#website\"},\"datePublished\":\"2025-12-08T17:22:44+00:00\",\"dateModified\":\"2025-12-17T23:58:11+00:00\",\"breadcrumb\":{\"@id\":\"https:\\\/\\\/roundupriverranch.org\\\/support-us\\\/more-giving-options\\\/multi-year-gifts\\\/#breadcrumb\"},\"inLanguage\":\"es\",\"potentialAction\":[{\"@type\":\"ReadAction\",\"target\":[\"https:\\\/\\\/roundupriverranch.org\\\/support-us\\\/more-giving-options\\\/multi-year-gifts\\\/\"]}]},{\"@type\":\"BreadcrumbList\",\"@id\":\"https:\\\/\\\/roundupriverranch.org\\\/support-us\\\/more-giving-options\\\/multi-year-gifts\\\/#breadcrumb\",\"itemListElement\":[{\"@type\":\"ListItem\",\"position\":1,\"name\":\"Home\",\"item\":\"https:\\\/\\\/roundupriverranch.org\\\/\"},{\"@type\":\"ListItem\",\"position\":2,\"name\":\"Support Us\",\"item\":\"https:\\\/\\\/roundupriverranch.org\\\/support-us\\\/\"},{\"@type\":\"ListItem\",\"position\":3,\"name\":\"More Giving Options\",\"item\":\"https:\\\/\\\/roundupriverranch.org\\\/support-us\\\/more-giving-options\\\/\"},{\"@type\":\"ListItem\",\"position\":4,\"name\":\"Multi-Year Gifts\"}]},{\"@type\":\"WebSite\",\"@id\":\"https:\\\/\\\/roundupriverranch.org\\\/#website\",\"url\":\"https:\\\/\\\/roundupriverranch.org\\\/\",\"name\":\"Roundup River Ranch\",\"description\":\"\",\"potentialAction\":[{\"@type\":\"SearchAction\",\"target\":{\"@type\":\"EntryPoint\",\"urlTemplate\":\"https:\\\/\\\/roundupriverranch.org\\\/?s={search_term_string}\"},\"query-input\":{\"@type\":\"PropertyValueSpecification\",\"valueRequired\":true,\"valueName\":\"search_term_string\"}}],\"inLanguage\":\"es\"}]}<\/script>\n<!-- \/ Yoast SEO Premium plugin. -->","yoast_head_json":{"title":"Regalos plurianuales - Roundup River Ranch","robots":{"index":"index","follow":"follow","max-snippet":"max-snippet:-1","max-image-preview":"max-image-preview:large","max-video-preview":"max-video-preview:-1"},"canonical":"https:\/\/roundupriverranch.org\/es\/support-us\/more-giving-options\/multi-year-gifts\/","og_locale":"es_ES","og_type":"article","og_title":"Multi-Year Gifts","og_description":"Multi-Year Gifts THE POWER OF A PLEDGE A multi-year pledge is a simple, flexible way to make a deeper impact over time. By spreading your &hellip; Continued","og_url":"https:\/\/roundupriverranch.org\/es\/support-us\/more-giving-options\/multi-year-gifts\/","og_site_name":"Roundup River Ranch","article_publisher":"https:\/\/www.facebook.com\/roundupriverranch\/","article_modified_time":"2025-12-17T23:58:11+00:00","twitter_card":"summary_large_image","twitter_misc":{"Tiempo de lectura":"1 minuto"},"schema":{"@context":"https:\/\/schema.org","@graph":[{"@type":"WebPage","@id":"https:\/\/roundupriverranch.org\/support-us\/more-giving-options\/multi-year-gifts\/","url":"https:\/\/roundupriverranch.org\/support-us\/more-giving-options\/multi-year-gifts\/","name":"Regalos plurianuales - Roundup River Ranch","isPartOf":{"@id":"https:\/\/roundupriverranch.org\/#website"},"datePublished":"2025-12-08T17:22:44+00:00","dateModified":"2025-12-17T23:58:11+00:00","breadcrumb":{"@id":"https:\/\/roundupriverranch.org\/support-us\/more-giving-options\/multi-year-gifts\/#breadcrumb"},"inLanguage":"es","potentialAction":[{"@type":"ReadAction","target":["https:\/\/roundupriverranch.org\/support-us\/more-giving-options\/multi-year-gifts\/"]}]},{"@type":"BreadcrumbList","@id":"https:\/\/roundupriverranch.org\/support-us\/more-giving-options\/multi-year-gifts\/#breadcrumb","itemListElement":[{"@type":"ListItem","position":1,"name":"Home","item":"https:\/\/roundupriverranch.org\/"},{"@type":"ListItem","position":2,"name":"Support Us","item":"https:\/\/roundupriverranch.org\/support-us\/"},{"@type":"ListItem","position":3,"name":"More Giving Options","item":"https:\/\/roundupriverranch.org\/support-us\/more-giving-options\/"},{"@type":"ListItem","position":4,"name":"Multi-Year Gifts"}]},{"@type":"WebSite","@id":"https:\/\/roundupriverranch.org\/#website","url":"https:\/\/roundupriverranch.org\/","name":"Rancho Roundup River","description":"","potentialAction":[{"@type":"SearchAction","target":{"@type":"EntryPoint","urlTemplate":"https:\/\/roundupriverranch.org\/?s={search_term_string}"},"query-input":{"@type":"PropertyValueSpecification","valueRequired":true,"valueName":"search_term_string"}}],"inLanguage":"es"}]}},"_links":{"self":[{"href":"https:\/\/roundupriverranch.org\/es\/wp-json\/wp\/v2\/pages\/737","targetHints":{"allow":["GET"]}}],"collection":[{"href":"https:\/\/roundupriverranch.org\/es\/wp-json\/wp\/v2\/pages"}],"about":[{"href":"https:\/\/roundupriverranch.org\/es\/wp-json\/wp\/v2\/types\/page"}],"author":[{"embeddable":true,"href":"https:\/\/roundupriverranch.org\/es\/wp-json\/wp\/v2\/users\/1"}],"replies":[{"embeddable":true,"href":"https:\/\/roundupriverranch.org\/es\/wp-json\/wp\/v2\/comments?post=737"}],"version-history":[{"count":4,"href":"https:\/\/roundupriverranch.org\/es\/wp-json\/wp\/v2\/pages\/737\/revisions"}],"predecessor-version":[{"id":11330,"href":"https:\/\/roundupriverranch.org\/es\/wp-json\/wp\/v2\/pages\/737\/revisions\/11330"}],"up":[{"embeddable":true,"href":"https:\/\/roundupriverranch.org\/es\/wp-json\/wp\/v2\/pages\/729"}],"wp:attachment":[{"href":"https:\/\/roundupriverranch.org\/es\/wp-json\/wp\/v2\/media?parent=737"}],"curies":[{"name":"wp","href":"https:\/\/api.w.org\/{rel}","templated":true}]}}