{"id":739,"date":"2025-12-08T17:23:03","date_gmt":"2025-12-08T17:23:03","guid":{"rendered":"https:\/\/roundupriverranch.org\/?page_id=739"},"modified":"2025-12-17T06:16:33","modified_gmt":"2025-12-17T06:16:33","slug":"gifts-of-stock","status":"publish","type":"page","link":"https:\/\/roundupriverranch.org\/es\/support-us\/more-giving-options\/gifts-of-stock\/","title":{"rendered":"Donaci\u00f3n de acciones"},"content":{"rendered":"<div class=\"defaultheaderblock\">\n    <div class=\"defaultheaderblockinner\">\n\n                    <div class=\"headerouter\">\n                <div class=\"headerimage\" style=\"background-image: url(https:\/\/roundupriverranch.org\/wp-content\/uploads\/2025\/12\/roundup-river-ranch-camp-events-2000x460-multyeargift.jpg)\">\n                    <img decoding=\"async\" src=\"https:\/\/roundupriverranch.org\/wp-content\/uploads\/2025\/12\/roundup-river-ranch-camp-events-2000x460-multyeargift.jpg\" alt=\"\" \/>\n                <\/div>\n                <div class=\"mobileheaderimage\">\n                    <img decoding=\"async\" src=\"https:\/\/roundupriverranch.org\/wp-content\/uploads\/2025\/12\/roundup-river-ranch-camp-wheelchair-field.jpg\" alt=\"camper in wheelchair in field\" \/>\n                <\/div>\n            <\/div>\n        \n    <\/div>\n    <div class=\"defaultheadercurve\">\n        <img decoding=\"async\" src=\"https:\/\/roundupriverranch.org\/wp-content\/themes\/sage\/public\/build\/assets\/defaultheadercurve-Cez_Hkub.svg\" alt=\"\">\n    <\/div>\n<\/div>\n\n\n\n<h1 class=\"wp-block-heading has-text-align-center\" id=\"h-gifts-of-stock\">Donaci\u00f3n de acciones<\/h1>\n\n\n\n<h2 class=\"wp-block-heading has-text-align-center\" id=\"h-your-gift-will-support-our-mission-while-assuring-you-tax-benefits\">Su donaci\u00f3n apoyar\u00e1 nuestra misi\u00f3n al tiempo que le asegura beneficios fiscales.<\/h2>\n\n\n\n<p class=\"has-text-align-center\">Las donaciones de acciones apreciadas pueden ofrecer ventajas fiscales y son una gran manera de impactar directamente en la vida de los campistas. El valor justo de mercado de su donaci\u00f3n de acciones es deducible de impuestos, y Roundup River Ranch utiliza la donaci\u00f3n para enviar a ni\u00f1os con enfermedades graves al campamento. Para transferir acciones, por favor consulte a su asesor fiscal y notifique a Roundup River Ranch de su donaci\u00f3n de acciones para que podamos asegurarnos de que su donaci\u00f3n est\u00e1 asociada a usted y reconocida.<\/p>\n\n\n\n<p class=\"has-text-align-center\">Si tiene alguna pregunta o desea obtener informaci\u00f3n sobre nuestra cuenta de corretaje, p\u00f3ngase en contacto con nuestro Director Financiero llamando al 970.524.5770. Adem\u00e1s, si usted es un contribuyente de Colorado, tambi\u00e9n puede beneficiarse de la&nbsp;<a href=\"https:\/\/roundupriverranch.org\/es\/support-us\/ways-to-give\/tax-benefits\/\" target=\"_blank\" rel=\"noreferrer noopener\">Cr\u00e9dito fiscal por contribuci\u00f3n al cuidado infantil en Colorado<\/a>&nbsp;cuando haga una donaci\u00f3n caritativa IRA Rollover.<\/p>\n\n\n\n<div style=\"height:100px\" aria-hidden=\"true\" class=\"wp-block-spacer\"><\/div>\n\n\n\n<p><\/p>","protected":false},"excerpt":{"rendered":"<p>Donaciones de acciones Su donaci\u00f3n apoyar\u00e1 nuestra misi\u00f3n al tiempo que le asegura beneficios fiscales. Las donaciones de acciones apreciadas pueden ofrecer ventajas fiscales y ... <a href=\"https:\/\/roundupriverranch.org\/es\/support-us\/more-giving-options\/gifts-of-stock\/\">Contin\u00faa<\/a><\/p>","protected":false},"author":1,"featured_media":0,"parent":729,"menu_order":0,"comment_status":"closed","ping_status":"open","template":"template-secondary.blade.php","meta":{"_acf_changed":false,"footnotes":""},"class_list":["post-739","page","type-page","status-publish","hentry"],"acf":[],"yoast_head":"<!-- This site is optimized with the Yoast SEO Premium plugin v26.9 (Yoast SEO v27.4) - https:\/\/yoast.com\/product\/yoast-seo-premium-wordpress\/ -->\n<title>Gifts of Stock - Roundup River Ranch<\/title>\n<meta name=\"robots\" content=\"index, follow, max-snippet:-1, max-image-preview:large, max-video-preview:-1\" \/>\n<link rel=\"canonical\" href=\"https:\/\/roundupriverranch.org\/es\/support-us\/more-giving-options\/gifts-of-stock\/\" \/>\n<meta property=\"og:locale\" content=\"es_ES\" \/>\n<meta property=\"og:type\" content=\"article\" \/>\n<meta property=\"og:title\" content=\"Gifts of Stock\" \/>\n<meta property=\"og:description\" content=\"Gifts of Stock Your gift will support our mission while assuring you tax benefits. Gifts of appreciated stock may offer tax advantages and are a &hellip; Continued\" \/>\n<meta property=\"og:url\" content=\"https:\/\/roundupriverranch.org\/es\/support-us\/more-giving-options\/gifts-of-stock\/\" \/>\n<meta property=\"og:site_name\" content=\"Roundup River Ranch\" \/>\n<meta property=\"article:publisher\" content=\"https:\/\/www.facebook.com\/roundupriverranch\/\" \/>\n<meta property=\"article:modified_time\" content=\"2025-12-17T06:16:33+00:00\" \/>\n<meta name=\"twitter:card\" content=\"summary_large_image\" \/>\n<meta name=\"twitter:label1\" content=\"Tiempo de lectura\" \/>\n\t<meta name=\"twitter:data1\" content=\"1 minuto\" \/>\n<script type=\"application\/ld+json\" class=\"yoast-schema-graph\">{\"@context\":\"https:\\\/\\\/schema.org\",\"@graph\":[{\"@type\":\"WebPage\",\"@id\":\"https:\\\/\\\/roundupriverranch.org\\\/support-us\\\/more-giving-options\\\/gifts-of-stock\\\/\",\"url\":\"https:\\\/\\\/roundupriverranch.org\\\/support-us\\\/more-giving-options\\\/gifts-of-stock\\\/\",\"name\":\"Gifts of Stock - Roundup River Ranch\",\"isPartOf\":{\"@id\":\"https:\\\/\\\/roundupriverranch.org\\\/#website\"},\"datePublished\":\"2025-12-08T17:23:03+00:00\",\"dateModified\":\"2025-12-17T06:16:33+00:00\",\"breadcrumb\":{\"@id\":\"https:\\\/\\\/roundupriverranch.org\\\/support-us\\\/more-giving-options\\\/gifts-of-stock\\\/#breadcrumb\"},\"inLanguage\":\"es\",\"potentialAction\":[{\"@type\":\"ReadAction\",\"target\":[\"https:\\\/\\\/roundupriverranch.org\\\/support-us\\\/more-giving-options\\\/gifts-of-stock\\\/\"]}]},{\"@type\":\"BreadcrumbList\",\"@id\":\"https:\\\/\\\/roundupriverranch.org\\\/support-us\\\/more-giving-options\\\/gifts-of-stock\\\/#breadcrumb\",\"itemListElement\":[{\"@type\":\"ListItem\",\"position\":1,\"name\":\"Home\",\"item\":\"https:\\\/\\\/roundupriverranch.org\\\/\"},{\"@type\":\"ListItem\",\"position\":2,\"name\":\"Support Us\",\"item\":\"https:\\\/\\\/roundupriverranch.org\\\/support-us\\\/\"},{\"@type\":\"ListItem\",\"position\":3,\"name\":\"More Giving Options\",\"item\":\"https:\\\/\\\/roundupriverranch.org\\\/support-us\\\/more-giving-options\\\/\"},{\"@type\":\"ListItem\",\"position\":4,\"name\":\"Gifts of Stock\"}]},{\"@type\":\"WebSite\",\"@id\":\"https:\\\/\\\/roundupriverranch.org\\\/#website\",\"url\":\"https:\\\/\\\/roundupriverranch.org\\\/\",\"name\":\"Roundup River Ranch\",\"description\":\"\",\"potentialAction\":[{\"@type\":\"SearchAction\",\"target\":{\"@type\":\"EntryPoint\",\"urlTemplate\":\"https:\\\/\\\/roundupriverranch.org\\\/?s={search_term_string}\"},\"query-input\":{\"@type\":\"PropertyValueSpecification\",\"valueRequired\":true,\"valueName\":\"search_term_string\"}}],\"inLanguage\":\"es\"}]}<\/script>\n<!-- \/ Yoast SEO Premium plugin. -->","yoast_head_json":{"title":"Regalos de acciones - Roundup River Ranch","robots":{"index":"index","follow":"follow","max-snippet":"max-snippet:-1","max-image-preview":"max-image-preview:large","max-video-preview":"max-video-preview:-1"},"canonical":"https:\/\/roundupriverranch.org\/es\/support-us\/more-giving-options\/gifts-of-stock\/","og_locale":"es_ES","og_type":"article","og_title":"Gifts of Stock","og_description":"Gifts of Stock Your gift will support our mission while assuring you tax benefits. Gifts of appreciated stock may offer tax advantages and are a &hellip; Continued","og_url":"https:\/\/roundupriverranch.org\/es\/support-us\/more-giving-options\/gifts-of-stock\/","og_site_name":"Roundup River Ranch","article_publisher":"https:\/\/www.facebook.com\/roundupriverranch\/","article_modified_time":"2025-12-17T06:16:33+00:00","twitter_card":"summary_large_image","twitter_misc":{"Tiempo de lectura":"1 minuto"},"schema":{"@context":"https:\/\/schema.org","@graph":[{"@type":"WebPage","@id":"https:\/\/roundupriverranch.org\/support-us\/more-giving-options\/gifts-of-stock\/","url":"https:\/\/roundupriverranch.org\/support-us\/more-giving-options\/gifts-of-stock\/","name":"Regalos de acciones - Roundup River Ranch","isPartOf":{"@id":"https:\/\/roundupriverranch.org\/#website"},"datePublished":"2025-12-08T17:23:03+00:00","dateModified":"2025-12-17T06:16:33+00:00","breadcrumb":{"@id":"https:\/\/roundupriverranch.org\/support-us\/more-giving-options\/gifts-of-stock\/#breadcrumb"},"inLanguage":"es","potentialAction":[{"@type":"ReadAction","target":["https:\/\/roundupriverranch.org\/support-us\/more-giving-options\/gifts-of-stock\/"]}]},{"@type":"BreadcrumbList","@id":"https:\/\/roundupriverranch.org\/support-us\/more-giving-options\/gifts-of-stock\/#breadcrumb","itemListElement":[{"@type":"ListItem","position":1,"name":"Home","item":"https:\/\/roundupriverranch.org\/"},{"@type":"ListItem","position":2,"name":"Support Us","item":"https:\/\/roundupriverranch.org\/support-us\/"},{"@type":"ListItem","position":3,"name":"More Giving Options","item":"https:\/\/roundupriverranch.org\/support-us\/more-giving-options\/"},{"@type":"ListItem","position":4,"name":"Gifts of Stock"}]},{"@type":"WebSite","@id":"https:\/\/roundupriverranch.org\/#website","url":"https:\/\/roundupriverranch.org\/","name":"Rancho Roundup River","description":"","potentialAction":[{"@type":"SearchAction","target":{"@type":"EntryPoint","urlTemplate":"https:\/\/roundupriverranch.org\/?s={search_term_string}"},"query-input":{"@type":"PropertyValueSpecification","valueRequired":true,"valueName":"search_term_string"}}],"inLanguage":"es"}]}},"_links":{"self":[{"href":"https:\/\/roundupriverranch.org\/es\/wp-json\/wp\/v2\/pages\/739","targetHints":{"allow":["GET"]}}],"collection":[{"href":"https:\/\/roundupriverranch.org\/es\/wp-json\/wp\/v2\/pages"}],"about":[{"href":"https:\/\/roundupriverranch.org\/es\/wp-json\/wp\/v2\/types\/page"}],"author":[{"embeddable":true,"href":"https:\/\/roundupriverranch.org\/es\/wp-json\/wp\/v2\/users\/1"}],"replies":[{"embeddable":true,"href":"https:\/\/roundupriverranch.org\/es\/wp-json\/wp\/v2\/comments?post=739"}],"version-history":[{"count":3,"href":"https:\/\/roundupriverranch.org\/es\/wp-json\/wp\/v2\/pages\/739\/revisions"}],"predecessor-version":[{"id":11030,"href":"https:\/\/roundupriverranch.org\/es\/wp-json\/wp\/v2\/pages\/739\/revisions\/11030"}],"up":[{"embeddable":true,"href":"https:\/\/roundupriverranch.org\/es\/wp-json\/wp\/v2\/pages\/729"}],"wp:attachment":[{"href":"https:\/\/roundupriverranch.org\/es\/wp-json\/wp\/v2\/media?parent=739"}],"curies":[{"name":"wp","href":"https:\/\/api.w.org\/{rel}","templated":true}]}}