{"id":747,"date":"2025-12-08T17:24:41","date_gmt":"2025-12-08T17:24:41","guid":{"rendered":"https:\/\/roundupriverranch.org\/?page_id=747"},"modified":"2025-12-17T06:04:19","modified_gmt":"2025-12-17T06:04:19","slug":"honor-a-loved-one","status":"publish","type":"page","link":"https:\/\/roundupriverranch.org\/es\/support-us\/get-involved\/honor-a-loved-one\/","title":{"rendered":"Honrar a un ser querido"},"content":{"rendered":"<div class=\"defaultheaderblock\">\n    <div class=\"defaultheaderblockinner\">\n\n                    <div class=\"headerouter\">\n                <div class=\"headerimage\" style=\"background-image: url(https:\/\/roundupriverranch.org\/wp-content\/uploads\/2025\/12\/roundup-river-ranch-camp-2000x46013-1.jpg)\">\n                    <img decoding=\"async\" src=\"https:\/\/roundupriverranch.org\/wp-content\/uploads\/2025\/12\/roundup-river-ranch-camp-2000x46013-1.jpg\" alt=\"camper with RRR on his face\" \/>\n                <\/div>\n                <div class=\"mobileheaderimage\">\n                    <img decoding=\"async\" src=\"https:\/\/roundupriverranch.org\/wp-content\/uploads\/2025\/12\/roundup-river-ranch-camp-930x50014-1.jpg\" alt=\"camper with RRR on his face\" \/>\n                <\/div>\n            <\/div>\n        \n    <\/div>\n    <div class=\"defaultheadercurve\">\n        <img decoding=\"async\" src=\"https:\/\/roundupriverranch.org\/wp-content\/themes\/sage\/public\/build\/assets\/defaultheadercurve-Cez_Hkub.svg\" alt=\"\">\n    <\/div>\n<\/div>\n\n\n\n<h1 class=\"wp-block-heading has-text-align-center\" id=\"h-honor-a-loved-one\">Honrar a un ser querido<\/h1>\n\n\n\n<h2 class=\"wp-block-heading has-text-align-center\" id=\"h-an-extraordinary-way-for-you-to-appreciate-honor-celebrate-or-remember-those-who-are-special-to-you\">UNA FORMA EXTRAORDINARIA DE <br>APRECIAR, HONRAR, CELEBRAR O <br>RECUERDA A AQUELLOS QUE SON ESPECIALES PARA TI.<\/h2>\n\n\n\n<h3 class=\"wp-block-heading\" id=\"h-tribute-gifts\"><strong>Regalos de homenaje<\/strong><\/h3>\n\n\n\n<p>Honra a tus amigos o seres queridos haciendo un regalo a Roundup River Ranch en su nombre, o con motivo de un acontecimiento especial, como un cumplea\u00f1os o un aniversario. Es la manera perfecta de apoyar al campamento y honrar a alguien especial en tu vida.<\/p>\n\n\n\n<p>Aseg\u00farese de decirnos a qui\u00e9n homenajea. Indique el nombre y la direcci\u00f3n de la persona homenajeada para que podamos enviarle una tarjeta de agradecimiento.<\/p>\n\n\n\n<h3 class=\"wp-block-heading\" id=\"h-memorial-gifts\"><strong>Regalos conmemorativos<\/strong><\/h3>\n\n\n\n<p>Algunos de los regalos m\u00e1s significativos que recibimos son los que se hacen en memoria de un ser querido. A Roundup River Ranch le gustar\u00eda ayudarle a honrar y celebrar su vida. Por favor, d\u00edganos a qui\u00e9n desea recordar, y el nombre y direcci\u00f3n de la persona a la que debemos notificar su regalo con una tarjeta.<\/p>\n\n\n\n<p>Indique los datos de contacto de las personas homenajeadas en la casilla correspondiente del formulario de donativos en l\u00ednea. Tambi\u00e9n incluiremos el nombre del homenajeado en nuestro Informe de Impacto anual.<\/p>\n\n\n\n<p><a href=\"https:\/\/roundupriverranch.org\/es\/support-us\/donate-now\/\">Haga ahora un homenaje o un regalo conmemorativo. &gt;<\/a><\/p>\n\n\n\n<h3 class=\"wp-block-heading\" id=\"h-honor-someone-special-personal-fundraiser\"><strong>Honrar a alguien especial - Recaudaci\u00f3n de fondos personal<\/strong><\/h3>\n\n\n\n<p>Una recaudaci\u00f3n de fondos personal es una forma eficaz de expresar tu amor y marcar la diferencia. Le proporcionamos una p\u00e1gina web que puede personalizar y compartir con amigos y familiares, que pueden visitarla y hacer un donativo en honor de su ser querido. Los fondos que recaude nos ayudar\u00e1n a seguir ofreciendo programas de campamentos que cambian vidas a ni\u00f1os con enfermedades graves y a sus familias.<\/p>\n\n\n\n<p><a href=\"https:\/\/roundupriverranch.org\/es\/embracejoy\/\">Inicia ahora tu recaudaci\u00f3n de fondos. &gt;<\/a><\/p>\n\n\n\n<div class=\"wp-block-buttons is-layout-flex wp-block-buttons-is-layout-flex\">\n<div class=\"wp-block-button drkgreen-btn\"><a class=\"wp-block-button__link wp-element-button\" href=\"https:\/\/roundupriverranch.org\/es\/support-us\/ways-to-give\/fundraise\/\">Inicie ya su recaudaci\u00f3n de fondos.<\/a><\/div>\n<\/div>\n\n\n\n<hr class=\"wp-block-separator has-alpha-channel-opacity\"\/>\n\n\n\n<p class=\"has-text-align-center\">Si tiene alguna pregunta sobre las donaciones conmemorativas y de homenaje, p\u00f3ngase en contacto con Kathryn Weller, Vicepresidenta de Promoci\u00f3n, en la direcci\u00f3n <a href=\"mailto:kweller@roundupriverranch.org\">kweller@roundupriverranch.org<\/a>&nbsp;o llame al 970.524.5720.<\/p>\n\n\n\n<div style=\"height:100px\" aria-hidden=\"true\" class=\"wp-block-spacer\"><\/div>","protected":false},"excerpt":{"rendered":"<p>Honrar a un ser querido UNA FORMA EXTRAORDINARIA DE APRECIAR, HONRAR, CELEBRAR O RECORDAR A QUIENES SON ESPECIALES PARA USTED. Regalos Tributo Honra a tus amigos ... <a href=\"https:\/\/roundupriverranch.org\/es\/support-us\/get-involved\/honor-a-loved-one\/\">Contin\u00faa<\/a><\/p>","protected":false},"author":1,"featured_media":0,"parent":743,"menu_order":0,"comment_status":"closed","ping_status":"closed","template":"template-secondary.blade.php","meta":{"_acf_changed":false,"footnotes":""},"class_list":["post-747","page","type-page","status-publish","hentry"],"acf":[],"yoast_head":"<!-- This site is optimized with the Yoast SEO Premium plugin v26.9 (Yoast SEO v27.4) - https:\/\/yoast.com\/product\/yoast-seo-premium-wordpress\/ -->\n<title>Honor A Loved One - Roundup River Ranch<\/title>\n<meta name=\"robots\" content=\"index, follow, max-snippet:-1, max-image-preview:large, max-video-preview:-1\" \/>\n<link rel=\"canonical\" href=\"https:\/\/roundupriverranch.org\/es\/support-us\/get-involved\/honor-a-loved-one\/\" \/>\n<meta property=\"og:locale\" content=\"es_ES\" \/>\n<meta property=\"og:type\" content=\"article\" \/>\n<meta property=\"og:title\" content=\"Honor A Loved One\" \/>\n<meta property=\"og:description\" content=\"Honor A Loved One AN EXTRAORDINARY WAY FOR YOU TO APPRECIATE, HONOR, CELEBRATE, OR REMEMBER THOSE WHO ARE SPECIAL TO YOU. Tribute Gifts Honor friends &hellip; Continued\" \/>\n<meta property=\"og:url\" content=\"https:\/\/roundupriverranch.org\/es\/support-us\/get-involved\/honor-a-loved-one\/\" \/>\n<meta property=\"og:site_name\" content=\"Roundup River Ranch\" \/>\n<meta property=\"article:publisher\" content=\"https:\/\/www.facebook.com\/roundupriverranch\/\" \/>\n<meta property=\"article:modified_time\" content=\"2025-12-17T06:04:19+00:00\" \/>\n<meta name=\"twitter:card\" content=\"summary_large_image\" \/>\n<meta name=\"twitter:label1\" content=\"Tiempo de lectura\" \/>\n\t<meta name=\"twitter:data1\" content=\"2 minutos\" \/>\n<script type=\"application\/ld+json\" class=\"yoast-schema-graph\">{\"@context\":\"https:\\\/\\\/schema.org\",\"@graph\":[{\"@type\":\"WebPage\",\"@id\":\"https:\\\/\\\/roundupriverranch.org\\\/support-us\\\/get-involved\\\/honor-a-loved-one\\\/\",\"url\":\"https:\\\/\\\/roundupriverranch.org\\\/support-us\\\/get-involved\\\/honor-a-loved-one\\\/\",\"name\":\"Honor A Loved One - Roundup River Ranch\",\"isPartOf\":{\"@id\":\"https:\\\/\\\/roundupriverranch.org\\\/#website\"},\"datePublished\":\"2025-12-08T17:24:41+00:00\",\"dateModified\":\"2025-12-17T06:04:19+00:00\",\"breadcrumb\":{\"@id\":\"https:\\\/\\\/roundupriverranch.org\\\/support-us\\\/get-involved\\\/honor-a-loved-one\\\/#breadcrumb\"},\"inLanguage\":\"es\",\"potentialAction\":[{\"@type\":\"ReadAction\",\"target\":[\"https:\\\/\\\/roundupriverranch.org\\\/support-us\\\/get-involved\\\/honor-a-loved-one\\\/\"]}]},{\"@type\":\"BreadcrumbList\",\"@id\":\"https:\\\/\\\/roundupriverranch.org\\\/support-us\\\/get-involved\\\/honor-a-loved-one\\\/#breadcrumb\",\"itemListElement\":[{\"@type\":\"ListItem\",\"position\":1,\"name\":\"Home\",\"item\":\"https:\\\/\\\/roundupriverranch.org\\\/\"},{\"@type\":\"ListItem\",\"position\":2,\"name\":\"Support Us\",\"item\":\"https:\\\/\\\/roundupriverranch.org\\\/support-us\\\/\"},{\"@type\":\"ListItem\",\"position\":3,\"name\":\"Get Involved\",\"item\":\"https:\\\/\\\/roundupriverranch.org\\\/support-us\\\/get-involved\\\/\"},{\"@type\":\"ListItem\",\"position\":4,\"name\":\"Honor A Loved One\"}]},{\"@type\":\"WebSite\",\"@id\":\"https:\\\/\\\/roundupriverranch.org\\\/#website\",\"url\":\"https:\\\/\\\/roundupriverranch.org\\\/\",\"name\":\"Roundup River Ranch\",\"description\":\"\",\"potentialAction\":[{\"@type\":\"SearchAction\",\"target\":{\"@type\":\"EntryPoint\",\"urlTemplate\":\"https:\\\/\\\/roundupriverranch.org\\\/?s={search_term_string}\"},\"query-input\":{\"@type\":\"PropertyValueSpecification\",\"valueRequired\":true,\"valueName\":\"search_term_string\"}}],\"inLanguage\":\"es\"}]}<\/script>\n<!-- \/ Yoast SEO Premium plugin. -->","yoast_head_json":{"title":"Honrar a un ser querido - Roundup River Ranch","robots":{"index":"index","follow":"follow","max-snippet":"max-snippet:-1","max-image-preview":"max-image-preview:large","max-video-preview":"max-video-preview:-1"},"canonical":"https:\/\/roundupriverranch.org\/es\/support-us\/get-involved\/honor-a-loved-one\/","og_locale":"es_ES","og_type":"article","og_title":"Honor A Loved One","og_description":"Honor A Loved One AN EXTRAORDINARY WAY FOR YOU TO APPRECIATE, HONOR, CELEBRATE, OR REMEMBER THOSE WHO ARE SPECIAL TO YOU. Tribute Gifts Honor friends &hellip; Continued","og_url":"https:\/\/roundupriverranch.org\/es\/support-us\/get-involved\/honor-a-loved-one\/","og_site_name":"Roundup River Ranch","article_publisher":"https:\/\/www.facebook.com\/roundupriverranch\/","article_modified_time":"2025-12-17T06:04:19+00:00","twitter_card":"summary_large_image","twitter_misc":{"Tiempo de lectura":"2 minutos"},"schema":{"@context":"https:\/\/schema.org","@graph":[{"@type":"WebPage","@id":"https:\/\/roundupriverranch.org\/support-us\/get-involved\/honor-a-loved-one\/","url":"https:\/\/roundupriverranch.org\/support-us\/get-involved\/honor-a-loved-one\/","name":"Honrar a un ser querido - Roundup River Ranch","isPartOf":{"@id":"https:\/\/roundupriverranch.org\/#website"},"datePublished":"2025-12-08T17:24:41+00:00","dateModified":"2025-12-17T06:04:19+00:00","breadcrumb":{"@id":"https:\/\/roundupriverranch.org\/support-us\/get-involved\/honor-a-loved-one\/#breadcrumb"},"inLanguage":"es","potentialAction":[{"@type":"ReadAction","target":["https:\/\/roundupriverranch.org\/support-us\/get-involved\/honor-a-loved-one\/"]}]},{"@type":"BreadcrumbList","@id":"https:\/\/roundupriverranch.org\/support-us\/get-involved\/honor-a-loved-one\/#breadcrumb","itemListElement":[{"@type":"ListItem","position":1,"name":"Home","item":"https:\/\/roundupriverranch.org\/"},{"@type":"ListItem","position":2,"name":"Support Us","item":"https:\/\/roundupriverranch.org\/support-us\/"},{"@type":"ListItem","position":3,"name":"Get Involved","item":"https:\/\/roundupriverranch.org\/support-us\/get-involved\/"},{"@type":"ListItem","position":4,"name":"Honor A Loved One"}]},{"@type":"WebSite","@id":"https:\/\/roundupriverranch.org\/#website","url":"https:\/\/roundupriverranch.org\/","name":"Rancho Roundup River","description":"","potentialAction":[{"@type":"SearchAction","target":{"@type":"EntryPoint","urlTemplate":"https:\/\/roundupriverranch.org\/?s={search_term_string}"},"query-input":{"@type":"PropertyValueSpecification","valueRequired":true,"valueName":"search_term_string"}}],"inLanguage":"es"}]}},"_links":{"self":[{"href":"https:\/\/roundupriverranch.org\/es\/wp-json\/wp\/v2\/pages\/747","targetHints":{"allow":["GET"]}}],"collection":[{"href":"https:\/\/roundupriverranch.org\/es\/wp-json\/wp\/v2\/pages"}],"about":[{"href":"https:\/\/roundupriverranch.org\/es\/wp-json\/wp\/v2\/types\/page"}],"author":[{"embeddable":true,"href":"https:\/\/roundupriverranch.org\/es\/wp-json\/wp\/v2\/users\/1"}],"replies":[{"embeddable":true,"href":"https:\/\/roundupriverranch.org\/es\/wp-json\/wp\/v2\/comments?post=747"}],"version-history":[{"count":4,"href":"https:\/\/roundupriverranch.org\/es\/wp-json\/wp\/v2\/pages\/747\/revisions"}],"predecessor-version":[{"id":11014,"href":"https:\/\/roundupriverranch.org\/es\/wp-json\/wp\/v2\/pages\/747\/revisions\/11014"}],"up":[{"embeddable":true,"href":"https:\/\/roundupriverranch.org\/es\/wp-json\/wp\/v2\/pages\/743"}],"wp:attachment":[{"href":"https:\/\/roundupriverranch.org\/es\/wp-json\/wp\/v2\/media?parent=747"}],"curies":[{"name":"wp","href":"https:\/\/api.w.org\/{rel}","templated":true}]}}