{"id":749,"date":"2025-12-08T17:25:12","date_gmt":"2025-12-08T17:25:12","guid":{"rendered":"https:\/\/roundupriverranch.org\/?page_id=749"},"modified":"2025-12-17T06:01:48","modified_gmt":"2025-12-17T06:01:48","slug":"roundup-the-possibilities","status":"publish","type":"page","link":"https:\/\/roundupriverranch.org\/es\/support-us\/get-involved\/roundup-the-possibilities\/","title":{"rendered":"Redondear las posibilidades"},"content":{"rendered":"<div class=\"defaultheaderblock\">\n    <div class=\"defaultheaderblockinner\">\n\n                    <div class=\"headerouter\">\n                <div class=\"headerimage\" style=\"background-image: url(https:\/\/roundupriverranch.org\/wp-content\/uploads\/2025\/12\/roundup-river-ranch-camp-RUP.jpg)\">\n                    <img decoding=\"async\" src=\"https:\/\/roundupriverranch.org\/wp-content\/uploads\/2025\/12\/roundup-river-ranch-camp-RUP.jpg\" alt=\"campers dressed as superheroes\" \/>\n                <\/div>\n                <div class=\"mobileheaderimage\">\n                    <img decoding=\"async\" src=\"https:\/\/roundupriverranch.org\/wp-content\/uploads\/2025\/12\/roundup-river-ranch-camp-930x500-RUP.jpg\" alt=\"campers dressed as superheroes\" \/>\n                <\/div>\n            <\/div>\n        \n    <\/div>\n    <div class=\"defaultheadercurve\">\n        <img decoding=\"async\" src=\"https:\/\/roundupriverranch.org\/wp-content\/themes\/sage\/public\/build\/assets\/defaultheadercurve-Cez_Hkub.svg\" alt=\"\">\n    <\/div>\n<\/div>\n\n\n\n<h1 class=\"wp-block-heading has-text-align-center\" id=\"h-roundup-the-possibilities\">Redondear las posibilidades<\/h1>\n\n\n\n<h2 class=\"wp-block-heading has-text-align-center\" id=\"h-campaign-update\">ACTUALIZACI\u00d3N DE LA CAMPA\u00d1A<\/h2>\n\n\n\n<p class=\"has-text-align-center\">Lanzamiento en 2020,&nbsp;<strong>Campa\u00f1a Redondear las Posibilidades<\/strong>&nbsp;se propuso reunir generosidad, captar recursos y ofrecer m\u00e1s alegr\u00eda de campamento a ni\u00f1os y familias, hoy y en las generaciones venideras. Basados en el compromiso de&nbsp;<strong>excelencia, sostenibilidad y crecimiento<\/strong><strong>,<\/strong>&nbsp;la Campa\u00f1a se dise\u00f1\u00f3 para ampliar nuestro alcance, aumentar nuestra capacidad y atender a un n\u00famero m\u00e1s diverso de enfermedades.<br><br>Gracias al extraordinario apoyo de los donantes, superamos con orgullo nuestro&nbsp;<strong>$27+ millones de objetivo en 2025<\/strong><strong>.<\/strong>&nbsp;Con este hito, Roundup River Ranch inicia una nueva y poderosa etapa, que incluye la colocaci\u00f3n de la primera piedra en el campamento de&nbsp;<strong>tres nuevas caba\u00f1as y espacios de programa ampliados<\/strong>, apertura en&nbsp;<strong>verano de 2026<\/strong><strong>.<\/strong><\/p>\n\n\n\n<p class=\"has-text-align-center\">El campamento es a menudo un punto de inflexi\u00f3n en el viaje de un ni\u00f1o: de la incertidumbre y el aislamiento a la resiliencia, la amistad y la posibilidad. A trav\u00e9s de esta campa\u00f1a, estamos reforzando nuestra capacidad para atender a m\u00e1s ni\u00f1os con diagn\u00f3sticos que alteran su vida, mejorando los resultados en salud mental y aportando m\u00e1s alegr\u00eda, confianza y normalidad a las familias que afrontan complejos retos m\u00e9dicos. Estos esfuerzos tambi\u00e9n apoyan iniciativas clave esbozadas en nuestra\u00a0<strong>Plan Estrat\u00e9gico 2024-2026,<\/strong>\u00a0garantizando un impacto duradero en el futuro.<br><\/p>\n\n\n\n<hr class=\"wp-block-separator has-alpha-channel-opacity\"\/>\n\n\n\n<h3 class=\"wp-block-heading has-text-align-left\" id=\"h-the-campaign-will-provide-critical-resources-to\"><br><strong>La Campa\u00f1a proporcionar\u00e1 recursos fundamentales para:\u00a0<\/strong><\/h3>\n\n\n\n<p>- Atender anualmente a 50% campistas m\u00e1s (sin coste alguno para las familias)<br>- Ampliar nuestro alcance geogr\u00e1fico<br>- Aumentar los m\u00e1s de 80 diagn\u00f3sticos que se atienden actualmente, incluida una mayor atenci\u00f3n a los campistas con necesidades de salud mental y conductual.<br>- Proporcionar formas nuevas e innovadoras de ofrecer experiencias de campamento, llegando a los campistas all\u00ed donde nos necesitan.<br>- Ampliar la oferta de actividades y programas in situ<br>- Modernizar las instalaciones y los espacios para adaptarlos a las necesidades de los campistas<br>- Construir y equipar tres nuevas caba\u00f1as<br>- Desarrollar reservas financieras adecuadas<br>- Proporcionar un flujo previsible de ingresos para proteger nuestra misi\u00f3n<\/p>\n\n\n\n<div style=\"height:60px\" aria-hidden=\"true\" class=\"wp-block-spacer\"><\/div>\n\n\n\n<hr class=\"wp-block-separator has-alpha-channel-opacity\"\/>\n\n\n\n<h2 class=\"wp-block-heading has-text-align-center\" id=\"h-thank-you-to-our-generous-donors\"><br>GRACIAS A NUESTROS GENEROSOS DONANTES<\/h2>\n\n\n\n<div style=\"height:40px\" aria-hidden=\"true\" class=\"wp-block-spacer\"><\/div>\n\n\n\n<p class=\"has-text-align-center\">Estamos profundamente agradecidos por creer en nuestra misi\u00f3n y por la generosidad que ha hecho posible este logro hist\u00f3rico. Su apoyo est\u00e1 creando m\u00e1s momentos de alegr\u00eda, conexi\u00f3n y esperanza, a la vez que da forma al futuro de Roundup River Ranch.<\/p>\n\n\n\n<div style=\"height:100px\" aria-hidden=\"true\" class=\"wp-block-spacer\"><\/div>\n\n\n\n<div class=\"wp-block-columns is-layout-flex wp-container-core-columns-is-layout-9d6595d7 wp-block-columns-is-layout-flex\">\n<div class=\"wp-block-column is-layout-flow wp-block-column-is-layout-flow\">\n<p class=\"has-text-align-center\"><strong>Donaciones planificadas<\/strong><\/p>\n\n\n\n<p class=\"has-text-align-center\">Susan Ballard**<br>Mark Brammer**<br>Sandra y Leo Dunn**<br>Craig J. Foley**<br>Jim y Mary Hagen**<br>Laine y Merv Lapin**<br>Gina y Jim Lorenzen**<br>Carol y Jeff Parker**<br>Bob y Gretchen* Ravenscroft**<br>Sharon y Daniel Riggs**<br>David* y Liz Stern**<\/p>\n<\/div>\n\n\n\n<div class=\"wp-block-column is-layout-flow wp-block-column-is-layout-flow\">\n<p class=\"has-text-align-center\"><strong>$2.000.000 y m\u00e1s<\/strong><\/p>\n\n\n\n<p class=\"has-text-align-center\">Kathy Cole**<br>Fundaci\u00f3n de la Familia Frechette<br>Fundaci\u00f3n Daniel y Janet Mordecai<br>Janet Mordecai<br>Bernard y Suzanne Scharf**<\/p>\n<\/div>\n\n\n\n<div class=\"wp-block-column is-layout-flow wp-block-column-is-layout-flow\">\n<p class=\"has-text-align-center\"><strong>$<\/strong><strong>1.000.000 a $1.999.999<\/strong><\/p>\n\n\n\n<p class=\"has-text-align-center\">La familia Ferguson<br>Georgia y Donald Gogel<br>T. Denny Sanford<br>Fundaci\u00f3n de la Familia Schlessman<br>Julie y Hugh Sullivan**<\/p>\n<\/div>\n<\/div>\n\n\n\n<hr class=\"wp-block-separator has-alpha-channel-opacity\"\/>\n\n\n\n<div class=\"wp-block-columns is-layout-flex wp-container-core-columns-is-layout-9d6595d7 wp-block-columns-is-layout-flex\">\n<div class=\"wp-block-column is-layout-flow wp-block-column-is-layout-flow\">\n<p class=\"has-text-align-center\"><strong>$500.000 a $999.999<\/strong><\/p>\n\n\n\n<p class=\"has-text-align-center\">Pam y Ben Peternell<br>Fundaci\u00f3n de la Familia Peternell<br>Greer y Jack Gardner**<br>David and Francie Horvitz Family Foundation Inc.<br>Donna y Pat Martin<br>David* y Liz Ster<\/p>\n<\/div>\n\n\n\n<div class=\"wp-block-column is-layout-flow wp-block-column-is-layout-flow\">\n<p class=\"has-text-align-center\"><strong>$250.000 a $499.999<\/strong><\/p>\n\n\n\n<p class=\"has-text-align-center\">Catherine Bennett y Fred Frailey**<br>John Forester**<br>Fundaci\u00f3n de la Familia Gates en honor de Rich Kiely<br>Fundaci\u00f3n Harbourton<br>Gina y Jim Lorenzen**<br>Amy y James Regan<br>La familia Wagner<\/p>\n<\/div>\n\n\n\n<div class=\"wp-block-column is-layout-flow wp-block-column-is-layout-flow\">\n<p class=\"has-text-align-center\"><strong>$100.000 a $249.999<\/strong><\/p>\n\n\n\n<p class=\"has-text-align-center\">David Cohen, MD**<br>Dra. Lia Gore y Dr. Frank Haluska<br>Linda y Mark Kogod**<br>Ron* y Joan Maclachlan<br>Betsy Mordecai y Gareth Heyman<br>Debbie y Jim Schultz**<br>Kathie y Bob Shafer**<br>Lynne y Ken Siegel<\/p>\n<\/div>\n<\/div>\n\n\n\n<hr class=\"wp-block-separator has-alpha-channel-opacity\"\/>\n\n\n\n<div class=\"wp-block-columns is-layout-flex wp-container-core-columns-is-layout-9d6595d7 wp-block-columns-is-layout-flex\">\n<div class=\"wp-block-column is-layout-flow wp-block-column-is-layout-flow\">\n<p class=\"has-text-align-center\"><strong>$50.000 a $99.999<\/strong><\/p>\n\n\n\n<p class=\"has-text-align-center\">Fundaci\u00f3n Adolph Coors<br>Mary Pat y Daniel Armistead<br>Cynthia Engles<br>Sr. y Sra.* Clinton Josey**<br>Fundaci\u00f3n de la Familia Marilyn Augur<br>Lisa y Dave Pease**<br>Susan Nottingham en honor de Philip J. Robinson<\/p>\n<\/div>\n\n\n\n<div class=\"wp-block-column is-layout-flow wp-block-column-is-layout-flow\">\n<p class=\"has-text-align-center\"><strong>$25.000 a $49.999<\/strong><\/p>\n\n\n\n<p class=\"has-text-align-center\">Banco Alpino<br>Eric Affeldt<br>Canter***<br>Marla y George Coleman<br>Fondo de Dotaci\u00f3n Donna Meyer<br>Jane y Reed Eberly<br>Sandy y Ann Faison<br>Regina y Kyle Fink<br>Edith y Louis Gitlin**<br>Sally y Richard O'Loughlin<br>Pete Pohlmann<br>Sue y Mike Rushmore<br>Leewood* y Tom Woodell<br>Scott y Joni Wylie<\/p>\n<\/div>\n\n\n\n<div class=\"wp-block-column is-layout-flow wp-block-column-is-layout-flow\">\n<p class=\"has-text-align-center\"><strong>$10.000 a $24.999<\/strong><\/p>\n\n\n\n<p class=\"has-text-align-center\">Debbi y Lee Alpert<br>Barb y Fred Baumann<br>Fundaci\u00f3n Familia Borgen<br>Leslie y Garret Davies<br>Buck y Holly Elliott<br>Alissa Gardenswartz, JD y Craig Gardenswartz<br>John* y Julia Gates<br>Fundaci\u00f3n de la familia Gates<br>Ruth B. Johnson, JD y Kris Sabel**<br>Nancy Major, MD y Ken Romanzi<br>Andrea y William Phelps<br>Margaret y Glenn Wood<\/p>\n<\/div>\n<\/div>\n\n\n\n<hr class=\"wp-block-separator has-alpha-channel-opacity\"\/>\n\n\n\n<p class=\"has-text-align-center\"><strong>$5.000 a $9.999<\/strong><\/p>\n\n\n\n<div class=\"wp-block-columns is-layout-flex wp-container-core-columns-is-layout-9d6595d7 wp-block-columns-is-layout-flex\">\n<div class=\"wp-block-column is-layout-flow wp-block-column-is-layout-flow\">\n<p class=\"has-text-align-center\">An\u00f3nimo<br>Mark Brammer<br>Fundaci\u00f3n Chadwick\/Loher<br>Andrea y Mike Glass<br>Go Play, Inc.<br>Jane E. Hall<br><br><\/p>\n<\/div>\n\n\n\n<div class=\"wp-block-column is-layout-flow wp-block-column-is-layout-flow\">\n<p class=\"has-text-align-center\">Samantha Hodgkins y Todd Vermeer, MD<br>Sarah y Tait Johnson<br>Sue y Rich Jones<br>Charles L. Lloyd, Jr.<br>Fundaci\u00f3n Make-A-Wish de Colorado<\/p>\n\n\n\n<p class=\"has-text-align-center\"><\/p>\n<\/div>\n\n\n\n<div class=\"wp-block-column is-layout-flow wp-block-column-is-layout-flow\">\n<p class=\"has-text-align-center\">SeriousFun Children's Network, Inc.<br>Marilyn y Jim Steane<br>Sarah y Matt Teeters<br>Sara y KP Yelpaala<br>Nancy y Harold Zirkin<\/p>\n\n\n\n<p class=\"has-text-align-center\"><\/p>\n<\/div>\n<\/div>\n\n\n\n<hr class=\"wp-block-separator has-alpha-channel-opacity\"\/>\n\n\n\n<p class=\"has-text-align-center\"><strong><strong>Hasta $5.000<\/strong><\/strong><\/p>\n\n\n\n<div class=\"wp-block-columns is-layout-flex wp-container-core-columns-is-layout-9d6595d7 wp-block-columns-is-layout-flex\">\n<div class=\"wp-block-column is-layout-flow wp-block-column-is-layout-flow\">\n<p class=\"has-text-align-center\">An\u00f3nimo<br>Grace E. Anshutz<br>Las \u201cB\u201d de Vail\u201d<br>Jane Palu y Timothy Beyer<br>William Bishop<br>Jane Blanch<br>Alida Carri<br>Betsy y Dennis Cheroutes<br>Steven Cochoff<br>Carolyn y Byron Craig<br>Joanne S. Crosby<br>Fundaci\u00f3n Cymaron<br>Madeline y Jeffrey Darst, MD<br>Susan Davis<br>Cathy y Joe Ethington<br>Rosanna y Johannes Faessler<br>Deborah Friedman<br>Katherine y Mark Fulford<br>Stacey G\u00e1lvez<br>Sheika Gramshammer<br>Clyde Hanks<br>Debra Herz<br>Anne Hokin<br><\/p>\n<\/div>\n\n\n\n<div class=\"wp-block-column is-layout-flow wp-block-column-is-layout-flow\">\n<p class=\"has-text-align-center\">Judy y Bob Holmes, JDs<br>Karen y Dennett Hutchinson, JD<br>Jane y Gregory Johnson<br>Helen Johnson<br>Frances y Vincent Jones<br>Matt Juechter<br>Tim* y Barbara Kelley<br>Elaine Kelton<br>Lorna y Kim Kenly<br>Emma Alexandra Kenly y Andrew Robert Kenly<br>Shane Kleinstein y Seth Gursky<br>Alison y Kim Knapp<br>Bettan Laughlin<br>Sterling Nell Leija<br>Victoria y Patrick MacFarlane<br>Fundaci\u00f3n Newman's Own<br>Karen y Hans Oberlohr<br>Brigid O'Connor<br>Priscilla O'Neil<br>Susan O'Neil<br>Lizzy, Matt, Margaret y Caroline Owens<br><\/p>\n\n\n\n<p class=\"has-text-align-center\"><\/p>\n<\/div>\n\n\n\n<div class=\"wp-block-column is-layout-flow wp-block-column-is-layout-flow\">\n<p class=\"has-text-align-center\">Phyllis Paulsen<br>Pi\u00f1as<br>Carolyn y Steve Pope<br>Andrea Reitzel<br>Jaque y Jack Roberts<br>Katie y Mike Santambrogio<br>Connie Scutari<br>Terry Sprague y Stephen Livingston<br>Caren y Albert Stahmer<br>Audrey Stone<br>Carla Thomas y Robert Thomas, MD<br>Margot y Ned Timbel<br>Cynthia S. Van Osdol<br>Kristina y Steve Vardaman<br>Carole Watters<br>Dres. Kristine y Keith Weisz<br>Joan Whittenburg<br>Tucker Woolfolk<br>Jason Wynkoop<br>Nancy y Hap Young<\/p>\n\n\n\n<p class=\"has-text-align-center\"><\/p>\n\n\n\n<p class=\"has-text-align-center\"><\/p>\n<\/div>\n<\/div>\n\n\n\n<div style=\"height:40px\" aria-hidden=\"true\" class=\"wp-block-spacer\"><\/div>\n\n\n\n<p class=\"has-text-align-center has-sm-font-size\"><em>*Indica fallecido<\/em>\u00a0\u00a0\u00a0\u00a0\u00a0\u00a0\u00a0<em>**Indica donaci\u00f3n planificada *** Donaci\u00f3n en especie<\/em><\/p>\n\n\n\n<div style=\"height:40px\" aria-hidden=\"true\" class=\"wp-block-spacer\"><\/div>\n\n\n\n<div style=\"height:50px\" aria-hidden=\"true\" class=\"wp-block-spacer\"><\/div>\n\n\n<div class=\"testimonialsblockwrapper\">\n    <div class=\"testimonialsinner\">\n        <section class=\"testimonialsplide splide\" aria-label=\"Carrusel de testimonios\" role=\"group\">\n            <div class=\"splide__track\">\n                <ul class=\"splide__list\" role=\"group\">\n                                                                        <li class=\"splide__slide\" role=\"group\" aria-roledescription=\"slide\">\n                                <div class=\"testimonialitem\">\n                                    <div class=\"leftcol\">\n                                        <div class=\"testimonialcontent\">\n                                            <p style=\"font-weight: 400;\">\u201cQuiero que todos los ni\u00f1os guarden un poco de campamento en su interior durante todo el a\u00f1o. Los ni\u00f1os necesitan medicinas para curar sus enfermedades, pero necesitan campamentos para curar su alma\u201d.\u201d<\/p>\n<p>- Dra. Lia Gore, onc\u00f3loga pedi\u00e1trica, miembro de la Junta Directiva y voluntaria<\/p>\n\n                                        <\/div>\n                                        <div class=\"cta\">\n                                                                                    <\/div>\n                                    <\/div>\n                                    <div class=\"rightcol\">\n                                        <div class=\"testimonialimg\">\n                                            <img decoding=\"async\" src=\"https:\/\/roundupriverranch.org\/wp-content\/uploads\/2025\/12\/roundup-river-ranch-camp-600x600-lia-gore23.jpg\"\n                                                alt=\"Dr Lia Gore and camper\">\n                                        <\/div>\n                                    <\/div>\n                                <\/div>\n                            <\/li>\n                                                            <\/ul>\n            <\/div>\n        <\/section>\n    <\/div>\n<\/div>","protected":false},"excerpt":{"rendered":"<p>ACTUALIZACI\u00d3N DE LA CAMPA\u00d1A \"Redondear las Posibilidades\" Lanzada en 2020, la Campa\u00f1a \"Redondear las Posibilidades\" se propuso redondear la generosidad, captar recursos y ofrecer m\u00e1s ... <a href=\"https:\/\/roundupriverranch.org\/es\/support-us\/get-involved\/roundup-the-possibilities\/\">Contin\u00faa<\/a><\/p>","protected":false},"author":1,"featured_media":0,"parent":743,"menu_order":0,"comment_status":"closed","ping_status":"closed","template":"template-secondary.blade.php","meta":{"_acf_changed":false,"footnotes":""},"class_list":["post-749","page","type-page","status-publish","hentry"],"acf":[],"yoast_head":"<!-- This site is optimized with the Yoast SEO Premium plugin v26.9 (Yoast SEO v27.4) - https:\/\/yoast.com\/product\/yoast-seo-premium-wordpress\/ -->\n<title>Roundup the Possibilities - Roundup River Ranch<\/title>\n<meta name=\"robots\" content=\"index, follow, max-snippet:-1, max-image-preview:large, max-video-preview:-1\" \/>\n<link rel=\"canonical\" href=\"https:\/\/roundupriverranch.org\/es\/support-us\/get-involved\/roundup-the-possibilities\/\" \/>\n<meta property=\"og:locale\" content=\"es_ES\" \/>\n<meta property=\"og:type\" content=\"article\" \/>\n<meta property=\"og:title\" content=\"Roundup the Possibilities\" \/>\n<meta property=\"og:description\" content=\"Roundup the Possibilities CAMPAIGN UPDATE Launched in 2020,&nbsp;The Roundup the Possibilities Campaign&nbsp;set out to roundup generosity, lasso resources, and offer more pure camp joy to &hellip; Continued\" \/>\n<meta property=\"og:url\" content=\"https:\/\/roundupriverranch.org\/es\/support-us\/get-involved\/roundup-the-possibilities\/\" \/>\n<meta property=\"og:site_name\" content=\"Roundup River Ranch\" \/>\n<meta property=\"article:publisher\" content=\"https:\/\/www.facebook.com\/roundupriverranch\/\" \/>\n<meta property=\"article:modified_time\" content=\"2025-12-17T06:01:48+00:00\" \/>\n<meta name=\"twitter:card\" content=\"summary_large_image\" \/>\n<meta name=\"twitter:label1\" content=\"Tiempo de lectura\" \/>\n\t<meta name=\"twitter:data1\" content=\"5 minutos\" \/>\n<script type=\"application\/ld+json\" class=\"yoast-schema-graph\">{\"@context\":\"https:\\\/\\\/schema.org\",\"@graph\":[{\"@type\":\"WebPage\",\"@id\":\"https:\\\/\\\/roundupriverranch.org\\\/support-us\\\/get-involved\\\/roundup-the-possibilities\\\/\",\"url\":\"https:\\\/\\\/roundupriverranch.org\\\/support-us\\\/get-involved\\\/roundup-the-possibilities\\\/\",\"name\":\"Roundup the Possibilities - Roundup River Ranch\",\"isPartOf\":{\"@id\":\"https:\\\/\\\/roundupriverranch.org\\\/#website\"},\"datePublished\":\"2025-12-08T17:25:12+00:00\",\"dateModified\":\"2025-12-17T06:01:48+00:00\",\"breadcrumb\":{\"@id\":\"https:\\\/\\\/roundupriverranch.org\\\/support-us\\\/get-involved\\\/roundup-the-possibilities\\\/#breadcrumb\"},\"inLanguage\":\"es\",\"potentialAction\":[{\"@type\":\"ReadAction\",\"target\":[\"https:\\\/\\\/roundupriverranch.org\\\/support-us\\\/get-involved\\\/roundup-the-possibilities\\\/\"]}]},{\"@type\":\"BreadcrumbList\",\"@id\":\"https:\\\/\\\/roundupriverranch.org\\\/support-us\\\/get-involved\\\/roundup-the-possibilities\\\/#breadcrumb\",\"itemListElement\":[{\"@type\":\"ListItem\",\"position\":1,\"name\":\"Home\",\"item\":\"https:\\\/\\\/roundupriverranch.org\\\/\"},{\"@type\":\"ListItem\",\"position\":2,\"name\":\"Support Us\",\"item\":\"https:\\\/\\\/roundupriverranch.org\\\/support-us\\\/\"},{\"@type\":\"ListItem\",\"position\":3,\"name\":\"Get Involved\",\"item\":\"https:\\\/\\\/roundupriverranch.org\\\/support-us\\\/get-involved\\\/\"},{\"@type\":\"ListItem\",\"position\":4,\"name\":\"Roundup the Possibilities\"}]},{\"@type\":\"WebSite\",\"@id\":\"https:\\\/\\\/roundupriverranch.org\\\/#website\",\"url\":\"https:\\\/\\\/roundupriverranch.org\\\/\",\"name\":\"Roundup River Ranch\",\"description\":\"\",\"potentialAction\":[{\"@type\":\"SearchAction\",\"target\":{\"@type\":\"EntryPoint\",\"urlTemplate\":\"https:\\\/\\\/roundupriverranch.org\\\/?s={search_term_string}\"},\"query-input\":{\"@type\":\"PropertyValueSpecification\",\"valueRequired\":true,\"valueName\":\"search_term_string\"}}],\"inLanguage\":\"es\"}]}<\/script>\n<!-- \/ Yoast SEO Premium plugin. -->","yoast_head_json":{"title":"Redondear las posibilidades - Roundup River Ranch","robots":{"index":"index","follow":"follow","max-snippet":"max-snippet:-1","max-image-preview":"max-image-preview:large","max-video-preview":"max-video-preview:-1"},"canonical":"https:\/\/roundupriverranch.org\/es\/support-us\/get-involved\/roundup-the-possibilities\/","og_locale":"es_ES","og_type":"article","og_title":"Roundup the Possibilities","og_description":"Roundup the Possibilities CAMPAIGN UPDATE Launched in 2020,&nbsp;The Roundup the Possibilities Campaign&nbsp;set out to roundup generosity, lasso resources, and offer more pure camp joy to &hellip; Continued","og_url":"https:\/\/roundupriverranch.org\/es\/support-us\/get-involved\/roundup-the-possibilities\/","og_site_name":"Roundup River Ranch","article_publisher":"https:\/\/www.facebook.com\/roundupriverranch\/","article_modified_time":"2025-12-17T06:01:48+00:00","twitter_card":"summary_large_image","twitter_misc":{"Tiempo de lectura":"5 minutos"},"schema":{"@context":"https:\/\/schema.org","@graph":[{"@type":"WebPage","@id":"https:\/\/roundupriverranch.org\/support-us\/get-involved\/roundup-the-possibilities\/","url":"https:\/\/roundupriverranch.org\/support-us\/get-involved\/roundup-the-possibilities\/","name":"Redondear las posibilidades - Roundup River Ranch","isPartOf":{"@id":"https:\/\/roundupriverranch.org\/#website"},"datePublished":"2025-12-08T17:25:12+00:00","dateModified":"2025-12-17T06:01:48+00:00","breadcrumb":{"@id":"https:\/\/roundupriverranch.org\/support-us\/get-involved\/roundup-the-possibilities\/#breadcrumb"},"inLanguage":"es","potentialAction":[{"@type":"ReadAction","target":["https:\/\/roundupriverranch.org\/support-us\/get-involved\/roundup-the-possibilities\/"]}]},{"@type":"BreadcrumbList","@id":"https:\/\/roundupriverranch.org\/support-us\/get-involved\/roundup-the-possibilities\/#breadcrumb","itemListElement":[{"@type":"ListItem","position":1,"name":"Home","item":"https:\/\/roundupriverranch.org\/"},{"@type":"ListItem","position":2,"name":"Support Us","item":"https:\/\/roundupriverranch.org\/support-us\/"},{"@type":"ListItem","position":3,"name":"Get Involved","item":"https:\/\/roundupriverranch.org\/support-us\/get-involved\/"},{"@type":"ListItem","position":4,"name":"Roundup the Possibilities"}]},{"@type":"WebSite","@id":"https:\/\/roundupriverranch.org\/#website","url":"https:\/\/roundupriverranch.org\/","name":"Rancho Roundup River","description":"","potentialAction":[{"@type":"SearchAction","target":{"@type":"EntryPoint","urlTemplate":"https:\/\/roundupriverranch.org\/?s={search_term_string}"},"query-input":{"@type":"PropertyValueSpecification","valueRequired":true,"valueName":"search_term_string"}}],"inLanguage":"es"}]}},"_links":{"self":[{"href":"https:\/\/roundupriverranch.org\/es\/wp-json\/wp\/v2\/pages\/749","targetHints":{"allow":["GET"]}}],"collection":[{"href":"https:\/\/roundupriverranch.org\/es\/wp-json\/wp\/v2\/pages"}],"about":[{"href":"https:\/\/roundupriverranch.org\/es\/wp-json\/wp\/v2\/types\/page"}],"author":[{"embeddable":true,"href":"https:\/\/roundupriverranch.org\/es\/wp-json\/wp\/v2\/users\/1"}],"replies":[{"embeddable":true,"href":"https:\/\/roundupriverranch.org\/es\/wp-json\/wp\/v2\/comments?post=749"}],"version-history":[{"count":15,"href":"https:\/\/roundupriverranch.org\/es\/wp-json\/wp\/v2\/pages\/749\/revisions"}],"predecessor-version":[{"id":10998,"href":"https:\/\/roundupriverranch.org\/es\/wp-json\/wp\/v2\/pages\/749\/revisions\/10998"}],"up":[{"embeddable":true,"href":"https:\/\/roundupriverranch.org\/es\/wp-json\/wp\/v2\/pages\/743"}],"wp:attachment":[{"href":"https:\/\/roundupriverranch.org\/es\/wp-json\/wp\/v2\/media?parent=749"}],"curies":[{"name":"wp","href":"https:\/\/api.w.org\/{rel}","templated":true}]}}