{"id":755,"date":"2025-12-08T17:31:16","date_gmt":"2025-12-08T17:31:16","guid":{"rendered":"https:\/\/roundupriverranch.org\/?page_id=755"},"modified":"2026-01-08T18:25:04","modified_gmt":"2026-01-08T18:25:04","slug":"mission-vision-values","status":"publish","type":"page","link":"https:\/\/roundupriverranch.org\/es\/about-us\/who-we-are\/mission-vision-values\/","title":{"rendered":"Misi\u00f3n, visi\u00f3n y valores"},"content":{"rendered":"<div class=\"defaultheaderblock\">\n    <div class=\"defaultheaderblockinner\">\n\n                    <div class=\"headerouter\">\n                <div class=\"headerimage\" style=\"background-image: url(https:\/\/roundupriverranch.org\/wp-content\/uploads\/2025\/12\/roundup-river-ranch-camp-2000x460-feature18.png)\">\n                    <img decoding=\"async\" src=\"https:\/\/roundupriverranch.org\/wp-content\/uploads\/2025\/12\/roundup-river-ranch-camp-2000x460-feature18.png\" alt=\"Roundup River Ranch camp activity\" \/>\n                <\/div>\n                <div class=\"mobileheaderimage\">\n                    <img decoding=\"async\" src=\"https:\/\/roundupriverranch.org\/wp-content\/uploads\/2025\/12\/roundup-river-ranch-camp-930x500-feature2.png\" alt=\"\" \/>\n                <\/div>\n            <\/div>\n        \n    <\/div>\n    <div class=\"defaultheadercurve\">\n        <img decoding=\"async\" src=\"https:\/\/roundupriverranch.org\/wp-content\/themes\/sage\/public\/build\/assets\/defaultheadercurve-Cez_Hkub.svg\" alt=\"\">\n    <\/div>\n<\/div>\n\n\n\n<h1 class=\"wp-block-heading has-text-align-center\" id=\"h-mission-vision-amp-values\">Misi\u00f3n, visi\u00f3n y valores<\/h1>\n\n\n\n<h2 class=\"wp-block-heading has-text-align-center\" id=\"h-camp-is-powered-by-heart-soul-and-a-relentless-dedication-to-our-mission-and-values\">EL CAMPAMENTO ES IMPULSADO POR EL CORAZ\u00d3N, EL ALMA, <br>Y UNA DEDICACI\u00d3N IMPLACABLE A <br>NUESTRA MISI\u00d3N Y NUESTROS VALORES.<\/h2>\n\n\n\n<div style=\"height:100px\" aria-hidden=\"true\" class=\"wp-block-spacer\"><\/div>\n\n\n\n<h3 class=\"wp-block-heading has-text-align-left\" id=\"h-our-mission\">Nuestra misi\u00f3n<\/h3>\n\n\n\n<p>Roundup River Ranch ofrece a los ni\u00f1os con diagn\u00f3sticos que alteran la vida, y a sus familias, oportunidades para abrazar la alegr\u00eda, crear conexiones, fomentar la independencia y construir la esperanza a trav\u00e9s de programas de campamento gratuitos con apoyo m\u00e9dico.<\/p>\n\n\n\n<div style=\"height:11px\" aria-hidden=\"true\" class=\"wp-block-spacer\"><\/div>\n\n\n\n<h3 class=\"wp-block-heading\" id=\"h-our-vision\">Nuestra visi\u00f3n<\/h3>\n\n\n\n<p>Donde la enfermedad y las complejidades m\u00e9dicas pasan a un segundo plano frente a lo ordinario, y&nbsp;<strong>extraordinario<\/strong>&nbsp;experiencias infantiles.<\/p>\n\n\n\n<hr class=\"wp-block-separator has-alpha-channel-opacity\"\/>\n\n\n\n<div style=\"height:36px\" aria-hidden=\"true\" class=\"wp-block-spacer\"><\/div>\n\n\n\n<h2 class=\"wp-block-heading\" id=\"h-strategic-plan-fy2024-fy2026\">Plan Estrat\u00e9gico (FY2024 - FY2026)<\/h2>\n\n\n\n<p class=\"has-text-align-left\"><strong>\u00bfPor qu\u00e9 un nuevo y emocionante plan estrat\u00e9gico? Porque \u00e9se es el secreto para crear la magia de los campamentos.<br><\/strong>De cara al futuro, nos comprometemos a cumplir nuestros objetivos y a crear momentos que cambien vidas, programas intencionados y lugares y experiencias asombrosos para los campistas y sus familias. Nos gu\u00eda una misi\u00f3n y una visi\u00f3n renovadas que celebran nuestras intenciones y refuerzan el impacto que podemos tener. Nuestro trabajo siempre est\u00e1 guiado por nuestro coraz\u00f3n, nuestra pasi\u00f3n y nuestras directrices serias pero divertidas, que impulsan nuestras decisiones, alimentan nuestro esp\u00edritu y hacen que cada momento del campamento sea extraordinario.<\/p>\n\n\n\n<div class=\"wp-block-buttons is-layout-flex wp-block-buttons-is-layout-flex\">\n<div class=\"wp-block-button drkgreen-btn\"><a class=\"wp-block-button__link wp-element-button\" href=\"https:\/\/roundupriverranch.org\/wp-content\/uploads\/2025\/12\/RRR-StrategicPlan_2024_2026_Digital.pdf\" target=\"_blank\" rel=\"noreferrer noopener nofollow\">Lea nuestro Plan Estrat\u00e9gico<\/a><\/div>\n<\/div>\n\n\n\n<div style=\"height:15px\" aria-hidden=\"true\" class=\"wp-block-spacer\"><\/div>\n\n\n\n<hr class=\"wp-block-separator has-alpha-channel-opacity\"\/>\n\n\n\n<div style=\"height:15px\" aria-hidden=\"true\" class=\"wp-block-spacer\"><\/div>\n\n\n\n<h2 class=\"wp-block-heading\" id=\"h-we-ve-rounded-up-our-top-10-guideposts\">HEMOS REUNIDO NUESTROS 10 MEJORES CONSEJOS.<\/h2>\n\n\n\n<p><strong>Estos valores dirigen nuestras acciones, alimentan nuestro esp\u00edritu y hacen que nuestro campamento sea extraordinario.<\/strong><\/p>\n\n\n\n<h3 class=\"wp-block-heading\" id=\"h-campers-are-1\"><strong>Los campistas son #1<\/strong><\/h3>\n\n\n\n<p>Cada cosa que hacemos, cada decisi\u00f3n que tomamos, cada juego que jugamos, incluso cada canci\u00f3n que cantamos se hacen en el mejor inter\u00e9s de nuestros campistas. Los campistas y sus familias son lo primero. Siempre.<br><\/p>\n\n\n\n<p><\/p>\n\n\n\n<h3 class=\"wp-block-heading\" id=\"h-give-110\"><strong>Regala 110%<\/strong><\/h3>\n\n\n\n<p>Creemos en darlo todo -y algo m\u00e1s- para crear experiencias excepcionales y positivas para nuestros campistas y sus familias. Queremos superar las expectativas cada d\u00eda en todos los sentidos para los campistas, las familias, los voluntarios, el personal y nuestra comunidad.<\/p>\n\n\n\n<p><\/p>\n\n\n\n<h3 class=\"wp-block-heading\" id=\"h-r-e-s-p-e-c-t\"><strong>R.E.S.P.E.C.T<\/strong><\/h3>\n\n\n\n<p><span style=\"color: initial; font-size: 1.1rem;\">Somos as\u00ed. Respetamos el talento, las opiniones, las diferencias y las decisiones de cada uno. Apreciamos lo que cada uno aporta y somos grandes fans de los choca esos cinco, los por favor y los gracias.<\/span><\/p>\n\n\n\n<h3 class=\"wp-block-heading\" id=\"h-we-re-all-ears\"><strong>Somos todo o\u00eddos.<\/strong><\/h3>\n\n\n\n<p><span style=\"font-size: 1.1rem; color: initial;\">Valoramos la comunicaci\u00f3n respetuosa, clara, abierta, transparente y directa. Escuchamos atenta y detenidamente a los dem\u00e1s y luego hablamos con integridad, compasi\u00f3n y amabilidad.<\/span><\/p>\n\n\n\n<h3 class=\"wp-block-heading\" id=\"h-superheroes-are-everywhere\"><strong>Los superh\u00e9roes est\u00e1n por todas partes.<\/strong><\/h3>\n\n\n\n<p>Sabemos que el valor tiene muchas formas y tama\u00f1os. A trav\u00e9s de experiencias intencionadas y empoderadoras, ayudamos a los ni\u00f1os y a sus familias a descubrir sus propios poderes, a vencer sus miedos y a salir del campamento sinti\u00e9ndose m\u00e1s seguros que nunca.<\/p>\n\n\n\n<h3 class=\"wp-block-heading\" id=\"h-be-savvy-about-safety\"><strong>S\u00e9 consciente de la seguridad.<\/strong><\/h3>\n\n\n\n<p><span style=\"font-size: 1.1rem; color: initial;\">Nos tomamos muy en serio las necesidades de nuestros campistas y les proporcionamos un entorno de apoyo f\u00edsico, emocional y m\u00e9dico en todos los aspectos del campamento.<\/span><\/p>\n\n\n\n<h3 class=\"wp-block-heading\" id=\"h-embrace-joy\"><strong>Abrazar la alegr\u00eda<\/strong>.<\/h3>\n\n\n\n<p>Creemos en la diversi\u00f3n sencilla, pura y a la antigua usanza. Celebramos la alegr\u00eda de la infancia a trav\u00e9s del descubrimiento, toneladas de est\u00edmulo, experiencias compartidas, mucha aceptaci\u00f3n, bromas tontas y montones de nuevas amistades.<\/p>\n\n\n\n<h3 class=\"wp-block-heading\" id=\"h-relish-the-role-of-role-model\"><strong>Disfrutar del papel de \u201cmodelo\u201d<\/strong><\/h3>\n\n\n\n<p>Todos los adultos somos conscientes del importante papel que desempe\u00f1amos en la vida de los ni\u00f1os a los que atendemos. Predicamos con el ejemplo, nos valoramos y apoyamos mutuamente, nos alegramos de los \u00e9xitos de los dem\u00e1s y aunamos fuerzas como innovadores y l\u00edderes.<\/p>\n\n\n\n<h3 class=\"wp-block-heading\" id=\"h-three-cheers-for-being-a-team\"><strong>\u00a1Tres hurras por ser un equipo!<\/strong><\/h3>\n\n\n\n<p>En Roundup River Ranch todo el mundo marca la diferencia y da forma a nuestra familia del campamento. Somos una comunidad inclusiva y acogedora que trabaja unida por el bien com\u00fan.<\/p>\n\n\n\n<h3 class=\"wp-block-heading\" id=\"h-in-it-to-win-it\"><strong>In it to win it.<\/strong><\/h3>\n\n\n\n<p>Trabajamos duro, tenemos un modelo organizativo sostenible, nos centramos en el futuro y estamos impulsados a crecer y prosperar como organizaci\u00f3n. Somos responsables, aut\u00e9nticos y estamos eternamente agradecidos a nuestros campistas, familias, empleados, voluntarios y donantes.<\/p>\n\n\n\n<div style=\"height:100px\" aria-hidden=\"true\" class=\"wp-block-spacer\"><\/div>\n\n\n\n<p><\/p>","protected":false},"excerpt":{"rendered":"<p>Misi\u00f3n, Visi\u00f3n y Valores CAMPAMENTO EST\u00c1 IMPULSADO POR EL CORAZ\u00d3N, ALMA, Y UNA DEDICACI\u00d3N CONSTANTE A NUESTRA MISI\u00d3N Y VALORES. Nuestra Misi\u00f3n Roundup River Ranch ofrece ... <a href=\"https:\/\/roundupriverranch.org\/es\/about-us\/who-we-are\/mission-vision-values\/\">Contin\u00faa<\/a><\/p>","protected":false},"author":1,"featured_media":0,"parent":753,"menu_order":0,"comment_status":"closed","ping_status":"open","template":"template-secondary.blade.php","meta":{"_acf_changed":false,"footnotes":""},"class_list":["post-755","page","type-page","status-publish","hentry"],"acf":[],"yoast_head":"<!-- This site is optimized with the Yoast SEO Premium plugin v26.9 (Yoast SEO v27.4) - https:\/\/yoast.com\/product\/yoast-seo-premium-wordpress\/ -->\n<title>Mission, Vision, &amp; Values - Roundup River Ranch<\/title>\n<meta name=\"robots\" content=\"index, follow, max-snippet:-1, max-image-preview:large, max-video-preview:-1\" \/>\n<link rel=\"canonical\" href=\"https:\/\/roundupriverranch.org\/es\/about-us\/who-we-are\/mission-vision-values\/\" \/>\n<meta property=\"og:locale\" content=\"es_ES\" \/>\n<meta property=\"og:type\" content=\"article\" \/>\n<meta property=\"og:title\" content=\"Mission, Vision, &amp; Values\" \/>\n<meta property=\"og:description\" content=\"Mission, Vision, &amp; Values CAMP IS POWERED BY HEART, SOUL, AND A RELENTLESS DEDICATION TO OUR MISSION AND VALUES. Our Mission Roundup River Ranch offers &hellip; Continued\" \/>\n<meta property=\"og:url\" content=\"https:\/\/roundupriverranch.org\/es\/about-us\/who-we-are\/mission-vision-values\/\" \/>\n<meta property=\"og:site_name\" content=\"Roundup River Ranch\" \/>\n<meta property=\"article:publisher\" content=\"https:\/\/www.facebook.com\/roundupriverranch\/\" \/>\n<meta property=\"article:modified_time\" content=\"2026-01-08T18:25:04+00:00\" \/>\n<meta name=\"twitter:card\" content=\"summary_large_image\" \/>\n<meta name=\"twitter:label1\" content=\"Tiempo de lectura\" \/>\n\t<meta name=\"twitter:data1\" content=\"3 minutos\" \/>\n<script type=\"application\/ld+json\" class=\"yoast-schema-graph\">{\"@context\":\"https:\\\/\\\/schema.org\",\"@graph\":[{\"@type\":\"WebPage\",\"@id\":\"https:\\\/\\\/roundupriverranch.org\\\/about-us\\\/who-we-are\\\/mission-vision-values\\\/\",\"url\":\"https:\\\/\\\/roundupriverranch.org\\\/about-us\\\/who-we-are\\\/mission-vision-values\\\/\",\"name\":\"Mission, Vision, &amp; Values - Roundup River Ranch\",\"isPartOf\":{\"@id\":\"https:\\\/\\\/roundupriverranch.org\\\/#website\"},\"datePublished\":\"2025-12-08T17:31:16+00:00\",\"dateModified\":\"2026-01-08T18:25:04+00:00\",\"breadcrumb\":{\"@id\":\"https:\\\/\\\/roundupriverranch.org\\\/about-us\\\/who-we-are\\\/mission-vision-values\\\/#breadcrumb\"},\"inLanguage\":\"es\",\"potentialAction\":[{\"@type\":\"ReadAction\",\"target\":[\"https:\\\/\\\/roundupriverranch.org\\\/about-us\\\/who-we-are\\\/mission-vision-values\\\/\"]}]},{\"@type\":\"BreadcrumbList\",\"@id\":\"https:\\\/\\\/roundupriverranch.org\\\/about-us\\\/who-we-are\\\/mission-vision-values\\\/#breadcrumb\",\"itemListElement\":[{\"@type\":\"ListItem\",\"position\":1,\"name\":\"Home\",\"item\":\"https:\\\/\\\/roundupriverranch.org\\\/\"},{\"@type\":\"ListItem\",\"position\":2,\"name\":\"About Us\",\"item\":\"https:\\\/\\\/roundupriverranch.org\\\/about-us\\\/\"},{\"@type\":\"ListItem\",\"position\":3,\"name\":\"Who We Are\",\"item\":\"https:\\\/\\\/roundupriverranch.org\\\/about-us\\\/who-we-are\\\/\"},{\"@type\":\"ListItem\",\"position\":4,\"name\":\"Mission, Vision, &amp; Values\"}]},{\"@type\":\"WebSite\",\"@id\":\"https:\\\/\\\/roundupriverranch.org\\\/#website\",\"url\":\"https:\\\/\\\/roundupriverranch.org\\\/\",\"name\":\"Roundup River Ranch\",\"description\":\"\",\"potentialAction\":[{\"@type\":\"SearchAction\",\"target\":{\"@type\":\"EntryPoint\",\"urlTemplate\":\"https:\\\/\\\/roundupriverranch.org\\\/?s={search_term_string}\"},\"query-input\":{\"@type\":\"PropertyValueSpecification\",\"valueRequired\":true,\"valueName\":\"search_term_string\"}}],\"inLanguage\":\"es\"}]}<\/script>\n<!-- \/ Yoast SEO Premium plugin. -->","yoast_head_json":{"title":"Misi\u00f3n, visi\u00f3n y valores - Roundup River Ranch","robots":{"index":"index","follow":"follow","max-snippet":"max-snippet:-1","max-image-preview":"max-image-preview:large","max-video-preview":"max-video-preview:-1"},"canonical":"https:\/\/roundupriverranch.org\/es\/about-us\/who-we-are\/mission-vision-values\/","og_locale":"es_ES","og_type":"article","og_title":"Mission, Vision, &amp; Values","og_description":"Mission, Vision, &amp; Values CAMP IS POWERED BY HEART, SOUL, AND A RELENTLESS DEDICATION TO OUR MISSION AND VALUES. Our Mission Roundup River Ranch offers &hellip; Continued","og_url":"https:\/\/roundupriverranch.org\/es\/about-us\/who-we-are\/mission-vision-values\/","og_site_name":"Roundup River Ranch","article_publisher":"https:\/\/www.facebook.com\/roundupriverranch\/","article_modified_time":"2026-01-08T18:25:04+00:00","twitter_card":"summary_large_image","twitter_misc":{"Tiempo de lectura":"3 minutos"},"schema":{"@context":"https:\/\/schema.org","@graph":[{"@type":"WebPage","@id":"https:\/\/roundupriverranch.org\/about-us\/who-we-are\/mission-vision-values\/","url":"https:\/\/roundupriverranch.org\/about-us\/who-we-are\/mission-vision-values\/","name":"Misi\u00f3n, visi\u00f3n y valores - Roundup River Ranch","isPartOf":{"@id":"https:\/\/roundupriverranch.org\/#website"},"datePublished":"2025-12-08T17:31:16+00:00","dateModified":"2026-01-08T18:25:04+00:00","breadcrumb":{"@id":"https:\/\/roundupriverranch.org\/about-us\/who-we-are\/mission-vision-values\/#breadcrumb"},"inLanguage":"es","potentialAction":[{"@type":"ReadAction","target":["https:\/\/roundupriverranch.org\/about-us\/who-we-are\/mission-vision-values\/"]}]},{"@type":"BreadcrumbList","@id":"https:\/\/roundupriverranch.org\/about-us\/who-we-are\/mission-vision-values\/#breadcrumb","itemListElement":[{"@type":"ListItem","position":1,"name":"Home","item":"https:\/\/roundupriverranch.org\/"},{"@type":"ListItem","position":2,"name":"About Us","item":"https:\/\/roundupriverranch.org\/about-us\/"},{"@type":"ListItem","position":3,"name":"Who We Are","item":"https:\/\/roundupriverranch.org\/about-us\/who-we-are\/"},{"@type":"ListItem","position":4,"name":"Mission, Vision, &amp; Values"}]},{"@type":"WebSite","@id":"https:\/\/roundupriverranch.org\/#website","url":"https:\/\/roundupriverranch.org\/","name":"Rancho Roundup River","description":"","potentialAction":[{"@type":"SearchAction","target":{"@type":"EntryPoint","urlTemplate":"https:\/\/roundupriverranch.org\/?s={search_term_string}"},"query-input":{"@type":"PropertyValueSpecification","valueRequired":true,"valueName":"search_term_string"}}],"inLanguage":"es"}]}},"_links":{"self":[{"href":"https:\/\/roundupriverranch.org\/es\/wp-json\/wp\/v2\/pages\/755","targetHints":{"allow":["GET"]}}],"collection":[{"href":"https:\/\/roundupriverranch.org\/es\/wp-json\/wp\/v2\/pages"}],"about":[{"href":"https:\/\/roundupriverranch.org\/es\/wp-json\/wp\/v2\/types\/page"}],"author":[{"embeddable":true,"href":"https:\/\/roundupriverranch.org\/es\/wp-json\/wp\/v2\/users\/1"}],"replies":[{"embeddable":true,"href":"https:\/\/roundupriverranch.org\/es\/wp-json\/wp\/v2\/comments?post=755"}],"version-history":[{"count":16,"href":"https:\/\/roundupriverranch.org\/es\/wp-json\/wp\/v2\/pages\/755\/revisions"}],"predecessor-version":[{"id":11867,"href":"https:\/\/roundupriverranch.org\/es\/wp-json\/wp\/v2\/pages\/755\/revisions\/11867"}],"up":[{"embeddable":true,"href":"https:\/\/roundupriverranch.org\/es\/wp-json\/wp\/v2\/pages\/753"}],"wp:attachment":[{"href":"https:\/\/roundupriverranch.org\/es\/wp-json\/wp\/v2\/media?parent=755"}],"curies":[{"name":"wp","href":"https:\/\/api.w.org\/{rel}","templated":true}]}}