{"id":757,"date":"2025-12-08T17:31:53","date_gmt":"2025-12-08T17:31:53","guid":{"rendered":"https:\/\/roundupriverranch.org\/?page_id=757"},"modified":"2025-12-17T05:28:23","modified_gmt":"2025-12-17T05:28:23","slug":"what-is-a-life-altering-diagnosis","status":"publish","type":"page","link":"https:\/\/roundupriverranch.org\/es\/about-us\/who-we-are\/what-is-a-life-altering-diagnosis\/","title":{"rendered":"\u00bfQu\u00e9 es un diagn\u00f3stico que cambia la vida?"},"content":{"rendered":"<div class=\"defaultheaderblock\">\n    <div class=\"defaultheaderblockinner\">\n\n                    <div class=\"headerouter\">\n                <div class=\"headerimage\" style=\"background-image: url(https:\/\/roundupriverranch.org\/wp-content\/uploads\/2025\/12\/roundup-river-ranch-camp-events-2000x460-lake.jpg)\">\n                    <img decoding=\"async\" src=\"https:\/\/roundupriverranch.org\/wp-content\/uploads\/2025\/12\/roundup-river-ranch-camp-events-2000x460-lake.jpg\" alt=\"camper canoeing\" \/>\n                <\/div>\n                <div class=\"mobileheaderimage\">\n                    <img decoding=\"async\" src=\"https:\/\/roundupriverranch.org\/wp-content\/uploads\/2025\/12\/roundup-river-ranch-camp-930x500-diagnosis.jpg\" alt=\"camper canoeing\" \/>\n                <\/div>\n            <\/div>\n        \n    <\/div>\n    <div class=\"defaultheadercurve\">\n        <img decoding=\"async\" src=\"https:\/\/roundupriverranch.org\/wp-content\/themes\/sage\/public\/build\/assets\/defaultheadercurve-Cez_Hkub.svg\" alt=\"\">\n    <\/div>\n<\/div>\n\n\n\n<h1 class=\"wp-block-heading has-text-align-center\" id=\"h-what-is-a-life-altering-diagnosis\">\u00bfQu\u00e9 es un diagn\u00f3stico que cambia la vida?<\/h1>\n\n\n\n<h2 class=\"wp-block-heading has-text-align-center\" id=\"h-we-are-so-proud-to-pass-on-the-power-of-camp-to-kids-who-need-our-utmost-kindness-hope-acceptance-community-and-joy\">ESTAMOS MUY ORGULLOSOS DE TRANSMITIR <br>EL PODER DEL CAMPAMENTO A LOS NI\u00d1OS QUE LO NECESITAN <br>NUESTRA MAYOR AMABILIDAD, ESPERANZA, <br>ACEPTACI\u00d3N, COMUNIDAD Y ALEGR\u00cdA.<\/h2>\n\n\n\n<div style=\"height:20px\" aria-hidden=\"true\" class=\"wp-block-spacer\"><\/div>\n\n\n\n<p class=\"has-text-align-center\">En Roundup River Ranch atendemos a ni\u00f1os con problemas m\u00e9dicos o mentales que afectan significativamente a su vida diaria, modificando sus rutinas, su percepci\u00f3n de s\u00ed mismos y su forma de percibir el mundo. Creemos que todos los ni\u00f1os que se enfrentan a un diagn\u00f3stico que altera su vida merecen la oportunidad de experimentar la alegr\u00eda, la amistad y la confianza en el campamento, donde la enfermedad y las complejidades m\u00e9dicas pasan a un segundo plano frente a las experiencias ordinarias y extraordinarias de la infancia. Aqu\u00ed, est\u00e1n rodeados de compa\u00f1eros que entienden su viaje, ayud\u00e1ndoles a sentirse aceptados, apoyados y menos solos.<\/p>\n\n\n\n<hr class=\"wp-block-separator has-alpha-channel-opacity\"\/>\n\n\n\n<p class=\"has-text-align-left\"><strong>Las afecciones m\u00e9dicas y los diagn\u00f3sticos que cumplen los requisitos incluyen (entre otros):<\/strong> Aceptamos ni\u00f1os con diversos diagn\u00f3sticos m\u00e9dicos que alteran la vida. Si no encuentra un diagn\u00f3stico espec\u00edfico en la lista, p\u00f3ngase en contacto con nuestro equipo de admisiones en camper@roundupriverranch.org para que le orienten.<\/p>\n\n\n\n<div style=\"height:40px\" aria-hidden=\"true\" class=\"wp-block-spacer\"><\/div>\n\n\n\n<div class=\"wp-block-columns is-layout-flex wp-container-core-columns-is-layout-9d6595d7 wp-block-columns-is-layout-flex\">\n<div class=\"wp-block-column is-layout-flow wp-block-column-is-layout-flow\">\n<ul class=\"wp-block-list\">\n<li>Trastornos de inmunodeficiencia adquirida<\/li>\n\n\n\n<li>Trastorno por estr\u00e9s agudo<\/li>\n\n\n\n<li>Trastornos de adaptaci\u00f3n<\/li>\n\n\n\n<li>Insuficiencia suprarrenal<\/li>\n\n\n\n<li>Ansiedad y trastornos relacionados<\/li>\n\n\n\n<li>Arritmias<\/li>\n\n\n\n<li>Trastornos sangu\u00edneos (hemofilia + talasemia + neutropenia)<\/li>\n\n\n\n<li>Trasplante de m\u00e9dula \u00f3sea\/c\u00e9lulas madre<\/li>\n\n\n\n<li>Tumores cerebrales<\/li>\n\n\n\n<li>Enfermedad cel\u00edaca<\/li>\n\n\n\n<li>Par\u00e1lisis cerebral<\/li>\n\n\n\n<li>C\u00e1ncer infantil<\/li>\n\n\n\n<li>Pancreatitis cr\u00f3nica<\/li>\n\n\n\n<li>Enfermedades colorrectales<\/li>\n\n\n\n<li>Cardiopat\u00edas cong\u00e9nitas y adquiridas<\/li>\n\n\n\n<li>Diferencias craneofaciales (incluidas, entre otras, labio leporino\/paladar hendido)<\/li>\n\n\n\n<li>Fibrosis qu\u00edstica<\/li>\n<\/ul>\n<\/div>\n\n\n\n<div class=\"wp-block-column is-layout-flow wp-block-column-is-layout-flow\">\n<ul class=\"wp-block-list\">\n<li>Afecciones dermatol\u00f3gicas<\/li>\n\n\n\n<li>Trastornos depresivos<\/li>\n\n\n\n<li>Diabetes (tipo 1 y tipo 2)<\/li>\n\n\n\n<li>EOE<\/li>\n\n\n\n<li>Epilepsia<\/li>\n\n\n\n<li>Gastroparesia<\/li>\n\n\n\n<li>Condiciones gen\u00e9ticas<\/li>\n\n\n\n<li>Dependencia de la sonda nasog\u00e1strica<\/li>\n\n\n\n<li>Trasplante de coraz\u00f3n<\/li>\n\n\n\n<li>Hirschsprungs<\/li>\n\n\n\n<li>EII\/SII (Crohn y colitis)<\/li>\n\n\n\n<li>Artritis juvenil<\/li>\n\n\n\n<li>Enfermedad renal<\/li>\n\n\n\n<li>Trasplante renal<\/li>\n\n\n\n<li>Trastornos dermatol\u00f3gicos que alteran la vida<\/li>\n\n\n\n<li>Enfermedades hep\u00e1ticas<\/li>\n\n\n\n<li>Trasplante de h\u00edgado<\/li>\n<\/ul>\n<\/div>\n\n\n\n<div class=\"wp-block-column is-layout-flow wp-block-column-is-layout-flow\">\n<ul class=\"wp-block-list\">\n<li>Enfermedades pulmonares<\/li>\n\n\n\n<li>Asma de moderada a grave<\/li>\n\n\n\n<li>Neurofibromatosis<\/li>\n\n\n\n<li>Vejiga neur\u00f3gena<\/li>\n\n\n\n<li>Traqueostom\u00eda no ventilador-dependiente<\/li>\n\n\n\n<li>Di\u00e1lisis peritoneal<\/li>\n\n\n\n<li>Trastorno de estr\u00e9s postraum\u00e1tico<\/li>\n\n\n\n<li>Alergias graves (alimentarias y ambientales)<\/li>\n\n\n\n<li>Eczema grave<\/li>\n\n\n\n<li>S\u00edndrome del intestino corto<\/li>\n\n\n\n<li>Anemia Falciforme<\/li>\n\n\n\n<li>Espina b\u00edfida<\/li>\n\n\n\n<li>Ictus<\/li>\n\n\n\n<li>TBI<\/li>\n\n\n\n<li>Trastornos tiroideos<\/li>\n\n\n\n<li>Diagn\u00f3sticos que requieren programas de intestino y\/o vejiga.<\/li>\n<\/ul>\n<\/div>\n<\/div>\n\n\n\n<h2 class=\"wp-block-heading\" id=\"h-please-note\">Tenga en cuenta lo siguiente:<\/h2>\n\n\n\n<ul class=\"wp-block-list\">\n<li>Los ni\u00f1os deben tener entre 7 y 17 a\u00f1os cuando asistan al campamento de verano presencial, a las sesiones del campamento en l\u00ednea o para recibir el programa Joy, Delivered.<\/li>\n\n\n\n<li>Los ni\u00f1os deben tener una edad de desarrollo de al menos 7 a\u00f1os para asistir a las sesiones de Camp Online.<\/li>\n\n\n\n<li>El ni\u00f1o diagnosticado debe tener entre 5 y 17 a\u00f1os mientras asista a las sesiones presenciales del Campamento Familiar.<\/li>\n\n\n\n<li>Los ni\u00f1os deben llevar menos de tres a\u00f1os en tratamiento activo y\/o estar experimentando actualmente los retos de una enfermedad cr\u00f3nica o que les altere la vida.<\/li>\n\n\n\n<li>Los ni\u00f1os deben ser social, f\u00edsica y emocionalmente capaces y estar abiertos a las actividades de grupo y, en el caso del campamento en l\u00ednea, al entorno del campamento en l\u00ednea. Hemos elaborado un amplio documento de preguntas frecuentes sobre los programas presenciales, para que sepas qu\u00e9 esperar.<\/li>\n\n\n\n<li>P\u00f3ngase en contacto con nuestro equipo m\u00e9dico si tiene preguntas espec\u00edficas sobre la elegibilidad de los campistas en <a href=\"mailto:medteam@roundupriverranch.org\">medteam@roundupriverranch.org<\/a><\/li>\n<\/ul>\n\n\n\n<p><strong>Selecci\u00f3n de campistas<\/strong><\/p>\n\n\n\n<ul class=\"wp-block-list\">\n<li>Nos encantar\u00eda que todos los ni\u00f1os que lo solicitan pudieran unirse a nosotros en el campamento, pero a veces las plazas son limitadas. Todas las solicitudes son revisadas y consideradas individualmente por nuestro equipo m\u00e9dico y el equipo del campamento para garantizar una experiencia segura y significativa.<\/li>\n\n\n\n<li>Si una sesi\u00f3n est\u00e1 completa, su nombre ser\u00e1 colocado en una lista de espera. Roundup River Ranch se reserva el derecho de hacer selecciones de campistas y decisiones basadas en factores que se consideren apropiados.<\/li>\n<\/ul>\n\n\n\n<div style=\"height:100px\" aria-hidden=\"true\" class=\"wp-block-spacer\"><\/div>","protected":false},"excerpt":{"rendered":"<p>\u00bfQu\u00e9 es un diagn\u00f3stico que cambia la vida? ESTAMOS MUY ORGULLOSOS DE TRANSMITIR EL PODER DEL CAMPAMENTO A NI\u00d1OS QUE NECESITAN NUESTRA M\u00c1XIMA AMABILIDAD, ESPERANZA, ACEPTACI\u00d3N, ... <a href=\"https:\/\/roundupriverranch.org\/es\/about-us\/who-we-are\/what-is-a-life-altering-diagnosis\/\">Contin\u00faa<\/a><\/p>","protected":false},"author":1,"featured_media":0,"parent":753,"menu_order":0,"comment_status":"closed","ping_status":"open","template":"template-secondary.blade.php","meta":{"_acf_changed":false,"footnotes":""},"class_list":["post-757","page","type-page","status-publish","hentry"],"acf":[],"yoast_head":"<!-- This site is optimized with the Yoast SEO Premium plugin v26.9 (Yoast SEO v27.4) - https:\/\/yoast.com\/product\/yoast-seo-premium-wordpress\/ -->\n<title>What is a life-altering diagnosis? - Roundup River Ranch<\/title>\n<meta name=\"robots\" content=\"index, follow, max-snippet:-1, max-image-preview:large, max-video-preview:-1\" \/>\n<link rel=\"canonical\" href=\"https:\/\/roundupriverranch.org\/es\/about-us\/who-we-are\/what-is-a-life-altering-diagnosis\/\" \/>\n<meta property=\"og:locale\" content=\"es_ES\" \/>\n<meta property=\"og:type\" content=\"article\" \/>\n<meta property=\"og:title\" content=\"What is a life-altering diagnosis?\" \/>\n<meta property=\"og:description\" content=\"What is a life-altering diagnosis? WE ARE SO PROUD TO PASS ON THE POWER OF CAMP TO KIDS WHO NEED OUR UTMOST KINDNESS, HOPE, ACCEPTANCE, &hellip; Continued\" \/>\n<meta property=\"og:url\" content=\"https:\/\/roundupriverranch.org\/es\/about-us\/who-we-are\/what-is-a-life-altering-diagnosis\/\" \/>\n<meta property=\"og:site_name\" content=\"Roundup River Ranch\" \/>\n<meta property=\"article:publisher\" content=\"https:\/\/www.facebook.com\/roundupriverranch\/\" \/>\n<meta property=\"article:modified_time\" content=\"2025-12-17T05:28:23+00:00\" \/>\n<meta name=\"twitter:card\" content=\"summary_large_image\" \/>\n<meta name=\"twitter:label1\" content=\"Tiempo de lectura\" \/>\n\t<meta name=\"twitter:data1\" content=\"3 minutos\" \/>\n<script type=\"application\/ld+json\" class=\"yoast-schema-graph\">{\"@context\":\"https:\\\/\\\/schema.org\",\"@graph\":[{\"@type\":\"WebPage\",\"@id\":\"https:\\\/\\\/roundupriverranch.org\\\/about-us\\\/who-we-are\\\/what-is-a-life-altering-diagnosis\\\/\",\"url\":\"https:\\\/\\\/roundupriverranch.org\\\/about-us\\\/who-we-are\\\/what-is-a-life-altering-diagnosis\\\/\",\"name\":\"What is a life-altering diagnosis? - Roundup River Ranch\",\"isPartOf\":{\"@id\":\"https:\\\/\\\/roundupriverranch.org\\\/#website\"},\"datePublished\":\"2025-12-08T17:31:53+00:00\",\"dateModified\":\"2025-12-17T05:28:23+00:00\",\"breadcrumb\":{\"@id\":\"https:\\\/\\\/roundupriverranch.org\\\/about-us\\\/who-we-are\\\/what-is-a-life-altering-diagnosis\\\/#breadcrumb\"},\"inLanguage\":\"es\",\"potentialAction\":[{\"@type\":\"ReadAction\",\"target\":[\"https:\\\/\\\/roundupriverranch.org\\\/about-us\\\/who-we-are\\\/what-is-a-life-altering-diagnosis\\\/\"]}]},{\"@type\":\"BreadcrumbList\",\"@id\":\"https:\\\/\\\/roundupriverranch.org\\\/about-us\\\/who-we-are\\\/what-is-a-life-altering-diagnosis\\\/#breadcrumb\",\"itemListElement\":[{\"@type\":\"ListItem\",\"position\":1,\"name\":\"Home\",\"item\":\"https:\\\/\\\/roundupriverranch.org\\\/\"},{\"@type\":\"ListItem\",\"position\":2,\"name\":\"About Us\",\"item\":\"https:\\\/\\\/roundupriverranch.org\\\/about-us\\\/\"},{\"@type\":\"ListItem\",\"position\":3,\"name\":\"Who We Are\",\"item\":\"https:\\\/\\\/roundupriverranch.org\\\/about-us\\\/who-we-are\\\/\"},{\"@type\":\"ListItem\",\"position\":4,\"name\":\"What is a life-altering diagnosis?\"}]},{\"@type\":\"WebSite\",\"@id\":\"https:\\\/\\\/roundupriverranch.org\\\/#website\",\"url\":\"https:\\\/\\\/roundupriverranch.org\\\/\",\"name\":\"Roundup River Ranch\",\"description\":\"\",\"potentialAction\":[{\"@type\":\"SearchAction\",\"target\":{\"@type\":\"EntryPoint\",\"urlTemplate\":\"https:\\\/\\\/roundupriverranch.org\\\/?s={search_term_string}\"},\"query-input\":{\"@type\":\"PropertyValueSpecification\",\"valueRequired\":true,\"valueName\":\"search_term_string\"}}],\"inLanguage\":\"es\"}]}<\/script>\n<!-- \/ Yoast SEO Premium plugin. -->","yoast_head_json":{"title":"\u00bfQu\u00e9 es un diagn\u00f3stico que cambia la vida? - Rancho Roundup River","robots":{"index":"index","follow":"follow","max-snippet":"max-snippet:-1","max-image-preview":"max-image-preview:large","max-video-preview":"max-video-preview:-1"},"canonical":"https:\/\/roundupriverranch.org\/es\/about-us\/who-we-are\/what-is-a-life-altering-diagnosis\/","og_locale":"es_ES","og_type":"article","og_title":"What is a life-altering diagnosis?","og_description":"What is a life-altering diagnosis? WE ARE SO PROUD TO PASS ON THE POWER OF CAMP TO KIDS WHO NEED OUR UTMOST KINDNESS, HOPE, ACCEPTANCE, &hellip; Continued","og_url":"https:\/\/roundupriverranch.org\/es\/about-us\/who-we-are\/what-is-a-life-altering-diagnosis\/","og_site_name":"Roundup River Ranch","article_publisher":"https:\/\/www.facebook.com\/roundupriverranch\/","article_modified_time":"2025-12-17T05:28:23+00:00","twitter_card":"summary_large_image","twitter_misc":{"Tiempo de lectura":"3 minutos"},"schema":{"@context":"https:\/\/schema.org","@graph":[{"@type":"WebPage","@id":"https:\/\/roundupriverranch.org\/about-us\/who-we-are\/what-is-a-life-altering-diagnosis\/","url":"https:\/\/roundupriverranch.org\/about-us\/who-we-are\/what-is-a-life-altering-diagnosis\/","name":"\u00bfQu\u00e9 es un diagn\u00f3stico que cambia la vida? - Rancho Roundup River","isPartOf":{"@id":"https:\/\/roundupriverranch.org\/#website"},"datePublished":"2025-12-08T17:31:53+00:00","dateModified":"2025-12-17T05:28:23+00:00","breadcrumb":{"@id":"https:\/\/roundupriverranch.org\/about-us\/who-we-are\/what-is-a-life-altering-diagnosis\/#breadcrumb"},"inLanguage":"es","potentialAction":[{"@type":"ReadAction","target":["https:\/\/roundupriverranch.org\/about-us\/who-we-are\/what-is-a-life-altering-diagnosis\/"]}]},{"@type":"BreadcrumbList","@id":"https:\/\/roundupriverranch.org\/about-us\/who-we-are\/what-is-a-life-altering-diagnosis\/#breadcrumb","itemListElement":[{"@type":"ListItem","position":1,"name":"Home","item":"https:\/\/roundupriverranch.org\/"},{"@type":"ListItem","position":2,"name":"About Us","item":"https:\/\/roundupriverranch.org\/about-us\/"},{"@type":"ListItem","position":3,"name":"Who We Are","item":"https:\/\/roundupriverranch.org\/about-us\/who-we-are\/"},{"@type":"ListItem","position":4,"name":"What is a life-altering diagnosis?"}]},{"@type":"WebSite","@id":"https:\/\/roundupriverranch.org\/#website","url":"https:\/\/roundupriverranch.org\/","name":"Rancho Roundup River","description":"","potentialAction":[{"@type":"SearchAction","target":{"@type":"EntryPoint","urlTemplate":"https:\/\/roundupriverranch.org\/?s={search_term_string}"},"query-input":{"@type":"PropertyValueSpecification","valueRequired":true,"valueName":"search_term_string"}}],"inLanguage":"es"}]}},"_links":{"self":[{"href":"https:\/\/roundupriverranch.org\/es\/wp-json\/wp\/v2\/pages\/757","targetHints":{"allow":["GET"]}}],"collection":[{"href":"https:\/\/roundupriverranch.org\/es\/wp-json\/wp\/v2\/pages"}],"about":[{"href":"https:\/\/roundupriverranch.org\/es\/wp-json\/wp\/v2\/types\/page"}],"author":[{"embeddable":true,"href":"https:\/\/roundupriverranch.org\/es\/wp-json\/wp\/v2\/users\/1"}],"replies":[{"embeddable":true,"href":"https:\/\/roundupriverranch.org\/es\/wp-json\/wp\/v2\/comments?post=757"}],"version-history":[{"count":7,"href":"https:\/\/roundupriverranch.org\/es\/wp-json\/wp\/v2\/pages\/757\/revisions"}],"predecessor-version":[{"id":10981,"href":"https:\/\/roundupriverranch.org\/es\/wp-json\/wp\/v2\/pages\/757\/revisions\/10981"}],"up":[{"embeddable":true,"href":"https:\/\/roundupriverranch.org\/es\/wp-json\/wp\/v2\/pages\/753"}],"wp:attachment":[{"href":"https:\/\/roundupriverranch.org\/es\/wp-json\/wp\/v2\/media?parent=757"}],"curies":[{"name":"wp","href":"https:\/\/api.w.org\/{rel}","templated":true}]}}