{"id":759,"date":"2025-12-08T17:32:32","date_gmt":"2025-12-08T17:32:32","guid":{"rendered":"https:\/\/roundupriverranch.org\/?page_id=759"},"modified":"2025-12-17T21:16:57","modified_gmt":"2025-12-17T21:16:57","slug":"our-history","status":"publish","type":"page","link":"https:\/\/roundupriverranch.org\/es\/about-us\/who-we-are\/our-history\/","title":{"rendered":"Nuestra historia y la red infantil SeriousFun"},"content":{"rendered":"<div class=\"defaultheaderblock\">\n    <div class=\"defaultheaderblockinner\">\n\n                    <div class=\"headerouter\">\n                <div class=\"headerimage\" style=\"background-image: url(https:\/\/roundupriverranch.org\/wp-content\/uploads\/2025\/12\/roundup-river-ranch-camp-who-we-are2000x460.jpg)\">\n                    <img decoding=\"async\" src=\"https:\/\/roundupriverranch.org\/wp-content\/uploads\/2025\/12\/roundup-river-ranch-camp-who-we-are2000x460.jpg\" alt=\"campers with shaving cream all over them\" \/>\n                <\/div>\n                <div class=\"mobileheaderimage\">\n                    <img decoding=\"async\" src=\"https:\/\/roundupriverranch.org\/wp-content\/uploads\/2025\/12\/roundup-river-ranch-camp-930x500-who-we-are.jpg\" alt=\"campers with shaving cream all over them\" \/>\n                <\/div>\n            <\/div>\n        \n    <\/div>\n    <div class=\"defaultheadercurve\">\n        <img decoding=\"async\" src=\"https:\/\/roundupriverranch.org\/wp-content\/themes\/sage\/public\/build\/assets\/defaultheadercurve-Cez_Hkub.svg\" alt=\"\">\n    <\/div>\n<\/div>\n\n\n\n<h1 class=\"wp-block-heading has-text-align-center\" id=\"h-our-history-amp-seriousfun-children-s-network\">Nuestra historia y la red infantil SeriousFun<\/h1>\n\n\n\n<h2 class=\"wp-block-heading has-text-align-center\" id=\"h-raising-a-little-hell-is-a-powerfully-fun-way-to-help-kids-find-joy-and-hope\">\u2018LA \u201dBRONCA\" ES UNA FORMA MUY DIVERTIDA DE  <br>AYUDAR A LOS NI\u00d1OS A ENCONTRAR LA ALEGR\u00cdA Y LA ESPERANZA.<\/h2>\n\n\n\n<div style=\"height:100px\" aria-hidden=\"true\" class=\"wp-block-spacer\"><\/div>\n\n\n<div class=\"imagecopyblockwrap\">\n    <div class=\"imagecopyblockinner left large\">\n        <div class=\"imagecopyblockimage\">\n            <img decoding=\"async\" src=\"https:\/\/roundupriverranch.org\/wp-content\/uploads\/2025\/12\/roundup-river-ranch-camp-1200x1200-testimonial14.png\" alt=\"Paul Newman and campers\" \/>\n        <\/div>\n        <div class=\"imagecopyblockcontent\">\n            <div class=\"copyinner\">\n                <h2 class=\"p1\">Historia impulsada por SeriousFun<\/h2>\n<p class=\"p2\">Roundup River Ranch comenz\u00f3 con el sue\u00f1o de llevar a cabo la visi\u00f3n del actor Paul Newman y traer un Hole in the Wall Camp (ahora <a href=\"https:\/\/seriousfun.org\/camps-and-programs\/\">Red infantil SeriousFun<\/a>) a Colorado. Dos miembros del Consejo de Administraci\u00f3n de Hole in the Wall, David Horvitz y John Forester, imaginaron un campamento en la hermosa regi\u00f3n de las Monta\u00f1as Rocosas. Alison Knapp, ejecutiva jubilada y residente local, tambi\u00e9n imagin\u00f3 un campamento en el valle tras asistir a una recaudaci\u00f3n de fondos para un campamento SeriousFun de Florida.<\/p>\n<p><a href=\"https:\/\/seriousfun.org\"><img loading=\"lazy\" decoding=\"async\" class=\"alignnone wp-image-2386\" src=\"https:\/\/roundupriverranch.org\/wp-content\/uploads\/2025\/12\/SFCN-full-logo-300x140.jpg\" alt=\"\" width=\"300\" height=\"140\" srcset=\"https:\/\/roundupriverranch.org\/wp-content\/uploads\/2025\/12\/SFCN-full-logo-300x140.jpg 300w, https:\/\/roundupriverranch.org\/wp-content\/uploads\/2025\/12\/SFCN-full-logo-1024x479.jpg 1024w, https:\/\/roundupriverranch.org\/wp-content\/uploads\/2025\/12\/SFCN-full-logo-768x359.jpg 768w, https:\/\/roundupriverranch.org\/wp-content\/uploads\/2025\/12\/SFCN-full-logo.jpg 1500w\" sizes=\"auto, (max-width: 300px) 100vw, 300px\" \/><\/a><\/p>\n\n            <\/div>\n                            <div class=\"ctalink\">\n                    <a class=\"drkgreen-btn lowercase\" href=\"https:\/\/seriousfun.org\/\">M\u00e1s informaci\u00f3n sobre la Red Infantil SeriousFun<\/a>\n                <\/div>\n                    <\/div>\n    <\/div>\n    <div class=\"seperator\"><\/div>\n<\/div>\n\n\n\n<p class=\"has-text-align-left\">En 2006, Alison fund\u00f3 oficialmente Roundup River Ranch y reclut\u00f3 a una diversa Junta Directiva fundadora y a nuestra Presidenta Fundadora y Directora Ejecutiva, Ruth Johnson. Durante los cinco a\u00f1os siguientes, la Junta y un grupo de empleados, voluntarios, socios comunitarios y corporativos, y muchos otros, trabajaron sin descanso para asegurarse de que estuvi\u00e9ramos listos para dar la bienvenida a nuestros primeros campistas el 6 de julio de 2011.<\/p>\n\n\n\n<div style=\"height:80px\" aria-hidden=\"true\" class=\"wp-block-spacer\"><\/div>\n\n\n\n<figure class=\"wp-block-embed is-type-video is-provider-youtube wp-block-embed-youtube wp-embed-aspect-16-9 wp-has-aspect-ratio\"><div class=\"wp-block-embed__wrapper\">\n<iframe loading=\"lazy\" title=\"Historia de la fundaci\u00f3n de Roundup River Ranch\" width=\"500\" height=\"281\" src=\"https:\/\/www.youtube.com\/embed\/fMdwkGVSZ7o?feature=oembed\" frameborder=\"0\" allow=\"accelerometer; autoplay; clipboard-write; encrypted-media; gyroscope; picture-in-picture; web-share\" referrerpolicy=\"strict-origin-when-cross-origin\" allowfullscreen><\/iframe>\n<\/div><\/figure>\n\n\n\n<div style=\"height:100px\" aria-hidden=\"true\" class=\"wp-block-spacer\"><\/div>\n\n\n\n<h2 class=\"wp-block-heading\" id=\"h-in-2026-we-are-celebrating-20-years-of-powering-hope-amp-jo-y\">En 2026, celebramos 20 a\u00f1os impulsando Hope &amp; Jo<a>y<\/a>.<\/h2>\n\n\n\n<p>\u00a1Es hora de celebrarlo! Durante DOS D\u00c9CADAS GRANDES, ASOMBROSAS E INSPIRADORAS, Roundup River Ranch ha sido una fuerza l\u00edder en el poder curativo de la diversi\u00f3n.<\/p>\n\n\n\n<p>Es nuestro 20 aniversario y estamos muy orgullosos de tener un historial probado de la creaci\u00f3n de experiencias que cambian la vida de los ni\u00f1os con diagn\u00f3sticos que alteran la vida. Desde 2006, hemos compartido El Poder del Campamento - primero asoci\u00e1ndonos con otros campamentos de la Red Infantil SeriousFun, y luego dando la bienvenida a los campistas a nuestro propio campamento desde 2011. Son 20 a\u00f1os de alimentar esp\u00edritus, encender el coraje y fortalecer amistades. De cara al futuro, nos entusiasma la idea de aprovechar las dos \u00faltimas d\u00e9cadas para ampliar nuestro alcance, ofrecer una programaci\u00f3n a\u00fan m\u00e1s intencionada, momentos extraordinarios de voluntariado, actividades asombrosas, conexiones reci\u00e9n descubiertas y pura felicidad infantil. El futuro est\u00e1 lleno de posibilidades para garantizar que El Poder del Campamento siga inspirando independencia, conexi\u00f3n, alegr\u00eda y esperanza a todos los ni\u00f1os, ya se unan a nosotros en el campamento, en l\u00ednea, en hospitales o a trav\u00e9s de nuestros programas de divulgaci\u00f3n.<\/p>\n\n\n\n<div style=\"height:100px\" aria-hidden=\"true\" class=\"wp-block-spacer\"><\/div>","protected":false},"excerpt":{"rendered":"<p>Nuestra historia y SeriousFun Children's Network \u2018RAISING A LITTLE HELL\u201d ES UNA FORMA PODEROSAMENTE DIVERTIDA DE AYUDAR A LOS NI\u00d1OS A ENCONTRAR ALEGR\u00cdA Y ESPERANZA. En 2006, Alison ... <a href=\"https:\/\/roundupriverranch.org\/es\/about-us\/who-we-are\/our-history\/\">Contin\u00faa<\/a><\/p>","protected":false},"author":1,"featured_media":0,"parent":753,"menu_order":0,"comment_status":"closed","ping_status":"open","template":"template-secondary.blade.php","meta":{"_acf_changed":false,"footnotes":""},"class_list":["post-759","page","type-page","status-publish","hentry"],"acf":[],"yoast_head":"<!-- This site is optimized with the Yoast SEO Premium plugin v26.9 (Yoast SEO v27.4) - https:\/\/yoast.com\/product\/yoast-seo-premium-wordpress\/ -->\n<title>Roundup River Ranch History | Founding Roundup<\/title>\n<meta name=\"description\" content=\"Discover the pediatric therapeutic recreations &amp; family activities that shaped our history. Explore the founder&#039;s and Paul Newman&#039;s inspirational vision.\" \/>\n<meta name=\"robots\" content=\"index, follow, max-snippet:-1, max-image-preview:large, max-video-preview:-1\" \/>\n<link rel=\"canonical\" href=\"https:\/\/roundupriverranch.org\/es\/about-us\/who-we-are\/our-history\/\" \/>\n<meta property=\"og:locale\" content=\"es_ES\" \/>\n<meta property=\"og:type\" content=\"article\" \/>\n<meta property=\"og:title\" content=\"Our History &amp; SeriousFun Children\u2019s Network\" \/>\n<meta property=\"og:description\" content=\"Discover the pediatric therapeutic recreations &amp; family activities that shaped our history. Explore the founder&#039;s and Paul Newman&#039;s inspirational vision.\" \/>\n<meta property=\"og:url\" content=\"https:\/\/roundupriverranch.org\/es\/about-us\/who-we-are\/our-history\/\" \/>\n<meta property=\"og:site_name\" content=\"Roundup River Ranch\" \/>\n<meta property=\"article:publisher\" content=\"https:\/\/www.facebook.com\/roundupriverranch\/\" \/>\n<meta property=\"article:modified_time\" content=\"2025-12-17T21:16:57+00:00\" \/>\n<meta name=\"twitter:card\" content=\"summary_large_image\" \/>\n<meta name=\"twitter:label1\" content=\"Tiempo de lectura\" \/>\n\t<meta name=\"twitter:data1\" content=\"2 minutos\" \/>\n<script type=\"application\/ld+json\" class=\"yoast-schema-graph\">{\"@context\":\"https:\\\/\\\/schema.org\",\"@graph\":[{\"@type\":\"WebPage\",\"@id\":\"https:\\\/\\\/roundupriverranch.org\\\/about-us\\\/who-we-are\\\/our-history\\\/\",\"url\":\"https:\\\/\\\/roundupriverranch.org\\\/about-us\\\/who-we-are\\\/our-history\\\/\",\"name\":\"Roundup River Ranch History | Founding Roundup\",\"isPartOf\":{\"@id\":\"https:\\\/\\\/roundupriverranch.org\\\/#website\"},\"datePublished\":\"2025-12-08T17:32:32+00:00\",\"dateModified\":\"2025-12-17T21:16:57+00:00\",\"description\":\"Discover the pediatric therapeutic recreations & family activities that shaped our history. Explore the founder's and Paul Newman's inspirational vision.\",\"breadcrumb\":{\"@id\":\"https:\\\/\\\/roundupriverranch.org\\\/about-us\\\/who-we-are\\\/our-history\\\/#breadcrumb\"},\"inLanguage\":\"es\",\"potentialAction\":[{\"@type\":\"ReadAction\",\"target\":[\"https:\\\/\\\/roundupriverranch.org\\\/about-us\\\/who-we-are\\\/our-history\\\/\"]}]},{\"@type\":\"BreadcrumbList\",\"@id\":\"https:\\\/\\\/roundupriverranch.org\\\/about-us\\\/who-we-are\\\/our-history\\\/#breadcrumb\",\"itemListElement\":[{\"@type\":\"ListItem\",\"position\":1,\"name\":\"Home\",\"item\":\"https:\\\/\\\/roundupriverranch.org\\\/\"},{\"@type\":\"ListItem\",\"position\":2,\"name\":\"About Us\",\"item\":\"https:\\\/\\\/roundupriverranch.org\\\/about-us\\\/\"},{\"@type\":\"ListItem\",\"position\":3,\"name\":\"Who We Are\",\"item\":\"https:\\\/\\\/roundupriverranch.org\\\/about-us\\\/who-we-are\\\/\"},{\"@type\":\"ListItem\",\"position\":4,\"name\":\"Our History &amp; SeriousFun Children\u2019s Network\"}]},{\"@type\":\"WebSite\",\"@id\":\"https:\\\/\\\/roundupriverranch.org\\\/#website\",\"url\":\"https:\\\/\\\/roundupriverranch.org\\\/\",\"name\":\"Roundup River Ranch\",\"description\":\"\",\"potentialAction\":[{\"@type\":\"SearchAction\",\"target\":{\"@type\":\"EntryPoint\",\"urlTemplate\":\"https:\\\/\\\/roundupriverranch.org\\\/?s={search_term_string}\"},\"query-input\":{\"@type\":\"PropertyValueSpecification\",\"valueRequired\":true,\"valueName\":\"search_term_string\"}}],\"inLanguage\":\"es\"}]}<\/script>\n<!-- \/ Yoast SEO Premium plugin. -->","yoast_head_json":{"title":"Roundup River Ranch Historia | Roundup Fundador","description":"Descubra las recreaciones terap\u00e9uticas pedi\u00e1tricas y las actividades familiares que dieron forma a nuestra historia. Explora la visi\u00f3n inspiradora del fundador y de Paul Newman.","robots":{"index":"index","follow":"follow","max-snippet":"max-snippet:-1","max-image-preview":"max-image-preview:large","max-video-preview":"max-video-preview:-1"},"canonical":"https:\/\/roundupriverranch.org\/es\/about-us\/who-we-are\/our-history\/","og_locale":"es_ES","og_type":"article","og_title":"Our History &amp; SeriousFun Children\u2019s Network","og_description":"Discover the pediatric therapeutic recreations & family activities that shaped our history. Explore the founder's and Paul Newman's inspirational vision.","og_url":"https:\/\/roundupriverranch.org\/es\/about-us\/who-we-are\/our-history\/","og_site_name":"Roundup River Ranch","article_publisher":"https:\/\/www.facebook.com\/roundupriverranch\/","article_modified_time":"2025-12-17T21:16:57+00:00","twitter_card":"summary_large_image","twitter_misc":{"Tiempo de lectura":"2 minutos"},"schema":{"@context":"https:\/\/schema.org","@graph":[{"@type":"WebPage","@id":"https:\/\/roundupriverranch.org\/about-us\/who-we-are\/our-history\/","url":"https:\/\/roundupriverranch.org\/about-us\/who-we-are\/our-history\/","name":"Roundup River Ranch Historia | Roundup Fundador","isPartOf":{"@id":"https:\/\/roundupriverranch.org\/#website"},"datePublished":"2025-12-08T17:32:32+00:00","dateModified":"2025-12-17T21:16:57+00:00","description":"Descubra las recreaciones terap\u00e9uticas pedi\u00e1tricas y las actividades familiares que dieron forma a nuestra historia. Explora la visi\u00f3n inspiradora del fundador y de Paul Newman.","breadcrumb":{"@id":"https:\/\/roundupriverranch.org\/about-us\/who-we-are\/our-history\/#breadcrumb"},"inLanguage":"es","potentialAction":[{"@type":"ReadAction","target":["https:\/\/roundupriverranch.org\/about-us\/who-we-are\/our-history\/"]}]},{"@type":"BreadcrumbList","@id":"https:\/\/roundupriverranch.org\/about-us\/who-we-are\/our-history\/#breadcrumb","itemListElement":[{"@type":"ListItem","position":1,"name":"Home","item":"https:\/\/roundupriverranch.org\/"},{"@type":"ListItem","position":2,"name":"About Us","item":"https:\/\/roundupriverranch.org\/about-us\/"},{"@type":"ListItem","position":3,"name":"Who We Are","item":"https:\/\/roundupriverranch.org\/about-us\/who-we-are\/"},{"@type":"ListItem","position":4,"name":"Our History &amp; SeriousFun Children\u2019s Network"}]},{"@type":"WebSite","@id":"https:\/\/roundupriverranch.org\/#website","url":"https:\/\/roundupriverranch.org\/","name":"Rancho Roundup River","description":"","potentialAction":[{"@type":"SearchAction","target":{"@type":"EntryPoint","urlTemplate":"https:\/\/roundupriverranch.org\/?s={search_term_string}"},"query-input":{"@type":"PropertyValueSpecification","valueRequired":true,"valueName":"search_term_string"}}],"inLanguage":"es"}]}},"_links":{"self":[{"href":"https:\/\/roundupriverranch.org\/es\/wp-json\/wp\/v2\/pages\/759","targetHints":{"allow":["GET"]}}],"collection":[{"href":"https:\/\/roundupriverranch.org\/es\/wp-json\/wp\/v2\/pages"}],"about":[{"href":"https:\/\/roundupriverranch.org\/es\/wp-json\/wp\/v2\/types\/page"}],"author":[{"embeddable":true,"href":"https:\/\/roundupriverranch.org\/es\/wp-json\/wp\/v2\/users\/1"}],"replies":[{"embeddable":true,"href":"https:\/\/roundupriverranch.org\/es\/wp-json\/wp\/v2\/comments?post=759"}],"version-history":[{"count":15,"href":"https:\/\/roundupriverranch.org\/es\/wp-json\/wp\/v2\/pages\/759\/revisions"}],"predecessor-version":[{"id":11244,"href":"https:\/\/roundupriverranch.org\/es\/wp-json\/wp\/v2\/pages\/759\/revisions\/11244"}],"up":[{"embeddable":true,"href":"https:\/\/roundupriverranch.org\/es\/wp-json\/wp\/v2\/pages\/753"}],"wp:attachment":[{"href":"https:\/\/roundupriverranch.org\/es\/wp-json\/wp\/v2\/media?parent=759"}],"curies":[{"name":"wp","href":"https:\/\/api.w.org\/{rel}","templated":true}]}}