{"id":761,"date":"2025-12-08T17:32:52","date_gmt":"2025-12-08T17:32:52","guid":{"rendered":"https:\/\/roundupriverranch.org\/?page_id=761"},"modified":"2025-12-17T22:55:10","modified_gmt":"2025-12-17T22:55:10","slug":"our-impact","status":"publish","type":"page","link":"https:\/\/roundupriverranch.org\/es\/about-us\/our-impact\/","title":{"rendered":"Nuestro impacto"},"content":{"rendered":"<div class=\"blueheaderblock\">\n    <div class=\"blueheaderblockinner\">\n\n                    <div class=\"headerouter\">\n                <div class=\"headerimage\" style=\"background-image: url(https:\/\/roundupriverranch.org\/wp-content\/uploads\/2025\/12\/roundup-river-ranch-camp-2000x460-main-header8.png)\">\n                    <img decoding=\"async\" src=\"https:\/\/roundupriverranch.org\/wp-content\/uploads\/2025\/12\/roundup-river-ranch-camp-2000x460-main-header8.png\" alt=\"camper doing archery\" \/>\n                <\/div>\n                <div class=\"mobileheaderimage\">\n                    <img decoding=\"async\" src=\"https:\/\/roundupriverranch.org\/wp-content\/uploads\/2025\/12\/roundup-river-ranch-camp-mobile-930x5009-1.png\" alt=\"camper doing archery\" \/>\n                <\/div>\n\n                <div class=\"defaultheadercurve\">\n                    <img decoding=\"async\" src=\"https:\/\/roundupriverranch.org\/wp-content\/themes\/sage\/public\/build\/assets\/blueheadercurve-DX-Y35aK.svg\" alt=\"\">\n                <\/div>\n            <\/div>\n        \n        <div class=\"headerlowercontent\" role=\"region\" aria-label=\"Contenido de la cabecera\">\n            <div class=\"headercontentinner\">\n                <h1 class=\"headerblocktitle\">Nuestro impacto<\/h1>\n                <h2 style=\"text-align: center;\">PROCLAMAMOS CON VALENT\u00cdA QUE LA FUERZA<br \/>\nES TANTO MENTAL COMO F\u00cdSICA.<\/h2>\n\n            <\/div>\n        <\/div>\n    <\/div>\n    <div class=\"blueheadermask\">\n        <img decoding=\"async\" src=\"https:\/\/roundupriverranch.org\/wp-content\/themes\/sage\/public\/build\/assets\/bluseheadermask-BfkAQK3X.svg\" alt=\"\">\n    <\/div>\n<\/div>\n\n\n\n<h3 class=\"wp-block-heading has-text-align-left\" id=\"h-want-to-know-something-fun-camp-does-some-serious-good-for-kids\">\u00bfQuieres saber algo divertido? Los campamentos hacen mucho bien a los ni\u00f1os.<\/h3>\n\n\n\n<p>Aqu\u00ed todo es diversi\u00f3n, pero tambi\u00e9n estamos muy orgullosos del hecho indiscutible de que el campamento va mucho m\u00e1s all\u00e1 de las risas, los chistes y los juegos locos. El campamento importa. Y es a\u00fan m\u00e1s importante para los ni\u00f1os que luchan contra diagn\u00f3sticos que les cambian la vida.<\/p>\n\n\n\n<h3 class=\"wp-block-heading\" id=\"h-yes-actually-we-do-have-hoity-toity-research-to-prove-it\">S\u00ed, de hecho, tenemos investigaciones que lo demuestran.<\/h3>\n\n\n\n<p>El Centro de Estudios Infantiles de Yale descubri\u00f3 recientemente que quienes asisten a un campamento SeriousFun como el Roundup River Ranch muestran una mayor confianza en s\u00ed mismos, una mayor autoestima, un mayor sentido de la independencia y un mayor inter\u00e9s por las actividades sociales. Su investigaci\u00f3n revel\u00f3 que el estr\u00e9s de los ni\u00f1os relacionado con su enfermedad disminuy\u00f3 como resultado de la experiencia del campamento. \u00a1Es un dato saludable y feliz!<\/p>\n\n\n\n<figure class=\"wp-block-image aligncenter size-full\"><img loading=\"lazy\" decoding=\"async\" width=\"700\" height=\"230\" src=\"https:\/\/roundupriverranch.org\/wp-content\/uploads\/2025\/12\/YaleStudyPercentages2.png\" alt=\"Yale Study showing changes in children following their families experience at camp.\" class=\"wp-image-2145\" srcset=\"https:\/\/roundupriverranch.org\/wp-content\/uploads\/2025\/12\/YaleStudyPercentages2.png 700w, https:\/\/roundupriverranch.org\/wp-content\/uploads\/2025\/12\/YaleStudyPercentages2-300x99.png 300w\" sizes=\"auto, (max-width: 700px) 100vw, 700px\" \/><\/figure>\n\n\n\n<div style=\"height:60px\" aria-hidden=\"true\" class=\"wp-block-spacer\"><\/div>\n\n\n\n\n\n<div style=\"height:100px\" aria-hidden=\"true\" class=\"wp-block-spacer\"><\/div>","protected":false},"excerpt":{"rendered":"<p>\u00bfQuieres saber algo divertido? Los campamentos hacen mucho bien a los ni\u00f1os. Aqu\u00ed todo es diversi\u00f3n, pero tambi\u00e9n estamos muy orgullosos de la ... <a href=\"https:\/\/roundupriverranch.org\/es\/about-us\/our-impact\/\">Contin\u00faa<\/a><\/p>","protected":false},"author":1,"featured_media":0,"parent":656,"menu_order":0,"comment_status":"closed","ping_status":"closed","template":"template-secondary.blade.php","meta":{"_acf_changed":false,"footnotes":""},"class_list":["post-761","page","type-page","status-publish","hentry"],"acf":[],"yoast_head":"<!-- This site is optimized with the Yoast SEO Premium plugin v26.9 (Yoast SEO v27.4) - https:\/\/yoast.com\/product\/yoast-seo-premium-wordpress\/ -->\n<title>Our Impact - Roundup River Ranch<\/title>\n<meta name=\"robots\" content=\"index, follow, max-snippet:-1, max-image-preview:large, max-video-preview:-1\" \/>\n<link rel=\"canonical\" href=\"https:\/\/roundupriverranch.org\/es\/about-us\/our-impact\/\" \/>\n<meta property=\"og:locale\" content=\"es_ES\" \/>\n<meta property=\"og:type\" content=\"article\" \/>\n<meta property=\"og:title\" content=\"Our Impact\" \/>\n<meta property=\"og:description\" content=\"Want to know something fun? Camp does some serious good for kids. We are all about fun here, but we\u2019re also extremely proud of the &hellip; Continued\" \/>\n<meta property=\"og:url\" content=\"https:\/\/roundupriverranch.org\/es\/about-us\/our-impact\/\" \/>\n<meta property=\"og:site_name\" content=\"Roundup River Ranch\" \/>\n<meta property=\"article:publisher\" content=\"https:\/\/www.facebook.com\/roundupriverranch\/\" \/>\n<meta property=\"article:modified_time\" content=\"2025-12-17T22:55:10+00:00\" \/>\n<meta property=\"og:image\" content=\"https:\/\/roundupriverranch.org\/wp-content\/uploads\/2025\/12\/YaleStudyPercentages2.png\" \/>\n<meta name=\"twitter:card\" content=\"summary_large_image\" \/>\n<meta name=\"twitter:label1\" content=\"Tiempo de lectura\" \/>\n\t<meta name=\"twitter:data1\" content=\"1 minuto\" \/>\n<script type=\"application\/ld+json\" class=\"yoast-schema-graph\">{\"@context\":\"https:\\\/\\\/schema.org\",\"@graph\":[{\"@type\":\"WebPage\",\"@id\":\"https:\\\/\\\/roundupriverranch.org\\\/about-us\\\/our-impact\\\/\",\"url\":\"https:\\\/\\\/roundupriverranch.org\\\/about-us\\\/our-impact\\\/\",\"name\":\"Our Impact - Roundup River Ranch\",\"isPartOf\":{\"@id\":\"https:\\\/\\\/roundupriverranch.org\\\/#website\"},\"primaryImageOfPage\":{\"@id\":\"https:\\\/\\\/roundupriverranch.org\\\/about-us\\\/our-impact\\\/#primaryimage\"},\"image\":{\"@id\":\"https:\\\/\\\/roundupriverranch.org\\\/about-us\\\/our-impact\\\/#primaryimage\"},\"thumbnailUrl\":\"https:\\\/\\\/roundupriverranch.org\\\/wp-content\\\/uploads\\\/2025\\\/12\\\/YaleStudyPercentages2.png\",\"datePublished\":\"2025-12-08T17:32:52+00:00\",\"dateModified\":\"2025-12-17T22:55:10+00:00\",\"breadcrumb\":{\"@id\":\"https:\\\/\\\/roundupriverranch.org\\\/about-us\\\/our-impact\\\/#breadcrumb\"},\"inLanguage\":\"es\",\"potentialAction\":[{\"@type\":\"ReadAction\",\"target\":[\"https:\\\/\\\/roundupriverranch.org\\\/about-us\\\/our-impact\\\/\"]}]},{\"@type\":\"ImageObject\",\"inLanguage\":\"es\",\"@id\":\"https:\\\/\\\/roundupriverranch.org\\\/about-us\\\/our-impact\\\/#primaryimage\",\"url\":\"https:\\\/\\\/roundupriverranch.org\\\/wp-content\\\/uploads\\\/2025\\\/12\\\/YaleStudyPercentages2.png\",\"contentUrl\":\"https:\\\/\\\/roundupriverranch.org\\\/wp-content\\\/uploads\\\/2025\\\/12\\\/YaleStudyPercentages2.png\"},{\"@type\":\"BreadcrumbList\",\"@id\":\"https:\\\/\\\/roundupriverranch.org\\\/about-us\\\/our-impact\\\/#breadcrumb\",\"itemListElement\":[{\"@type\":\"ListItem\",\"position\":1,\"name\":\"Home\",\"item\":\"https:\\\/\\\/roundupriverranch.org\\\/\"},{\"@type\":\"ListItem\",\"position\":2,\"name\":\"About Us\",\"item\":\"https:\\\/\\\/roundupriverranch.org\\\/about-us\\\/\"},{\"@type\":\"ListItem\",\"position\":3,\"name\":\"Our Impact\"}]},{\"@type\":\"WebSite\",\"@id\":\"https:\\\/\\\/roundupriverranch.org\\\/#website\",\"url\":\"https:\\\/\\\/roundupriverranch.org\\\/\",\"name\":\"Roundup River Ranch\",\"description\":\"\",\"potentialAction\":[{\"@type\":\"SearchAction\",\"target\":{\"@type\":\"EntryPoint\",\"urlTemplate\":\"https:\\\/\\\/roundupriverranch.org\\\/?s={search_term_string}\"},\"query-input\":{\"@type\":\"PropertyValueSpecification\",\"valueRequired\":true,\"valueName\":\"search_term_string\"}}],\"inLanguage\":\"es\"}]}<\/script>\n<!-- \/ Yoast SEO Premium plugin. -->","yoast_head_json":{"title":"Nuestro impacto - Roundup River Ranch","robots":{"index":"index","follow":"follow","max-snippet":"max-snippet:-1","max-image-preview":"max-image-preview:large","max-video-preview":"max-video-preview:-1"},"canonical":"https:\/\/roundupriverranch.org\/es\/about-us\/our-impact\/","og_locale":"es_ES","og_type":"article","og_title":"Our Impact","og_description":"Want to know something fun? Camp does some serious good for kids. We are all about fun here, but we\u2019re also extremely proud of the &hellip; Continued","og_url":"https:\/\/roundupriverranch.org\/es\/about-us\/our-impact\/","og_site_name":"Roundup River Ranch","article_publisher":"https:\/\/www.facebook.com\/roundupriverranch\/","article_modified_time":"2025-12-17T22:55:10+00:00","og_image":[{"url":"https:\/\/roundupriverranch.org\/wp-content\/uploads\/2025\/12\/YaleStudyPercentages2.png","type":"","width":"","height":""}],"twitter_card":"summary_large_image","twitter_misc":{"Tiempo de lectura":"1 minuto"},"schema":{"@context":"https:\/\/schema.org","@graph":[{"@type":"WebPage","@id":"https:\/\/roundupriverranch.org\/about-us\/our-impact\/","url":"https:\/\/roundupriverranch.org\/about-us\/our-impact\/","name":"Nuestro impacto - Roundup River Ranch","isPartOf":{"@id":"https:\/\/roundupriverranch.org\/#website"},"primaryImageOfPage":{"@id":"https:\/\/roundupriverranch.org\/about-us\/our-impact\/#primaryimage"},"image":{"@id":"https:\/\/roundupriverranch.org\/about-us\/our-impact\/#primaryimage"},"thumbnailUrl":"https:\/\/roundupriverranch.org\/wp-content\/uploads\/2025\/12\/YaleStudyPercentages2.png","datePublished":"2025-12-08T17:32:52+00:00","dateModified":"2025-12-17T22:55:10+00:00","breadcrumb":{"@id":"https:\/\/roundupriverranch.org\/about-us\/our-impact\/#breadcrumb"},"inLanguage":"es","potentialAction":[{"@type":"ReadAction","target":["https:\/\/roundupriverranch.org\/about-us\/our-impact\/"]}]},{"@type":"ImageObject","inLanguage":"es","@id":"https:\/\/roundupriverranch.org\/about-us\/our-impact\/#primaryimage","url":"https:\/\/roundupriverranch.org\/wp-content\/uploads\/2025\/12\/YaleStudyPercentages2.png","contentUrl":"https:\/\/roundupriverranch.org\/wp-content\/uploads\/2025\/12\/YaleStudyPercentages2.png"},{"@type":"BreadcrumbList","@id":"https:\/\/roundupriverranch.org\/about-us\/our-impact\/#breadcrumb","itemListElement":[{"@type":"ListItem","position":1,"name":"Home","item":"https:\/\/roundupriverranch.org\/"},{"@type":"ListItem","position":2,"name":"About Us","item":"https:\/\/roundupriverranch.org\/about-us\/"},{"@type":"ListItem","position":3,"name":"Our Impact"}]},{"@type":"WebSite","@id":"https:\/\/roundupriverranch.org\/#website","url":"https:\/\/roundupriverranch.org\/","name":"Rancho Roundup River","description":"","potentialAction":[{"@type":"SearchAction","target":{"@type":"EntryPoint","urlTemplate":"https:\/\/roundupriverranch.org\/?s={search_term_string}"},"query-input":{"@type":"PropertyValueSpecification","valueRequired":true,"valueName":"search_term_string"}}],"inLanguage":"es"}]}},"_links":{"self":[{"href":"https:\/\/roundupriverranch.org\/es\/wp-json\/wp\/v2\/pages\/761","targetHints":{"allow":["GET"]}}],"collection":[{"href":"https:\/\/roundupriverranch.org\/es\/wp-json\/wp\/v2\/pages"}],"about":[{"href":"https:\/\/roundupriverranch.org\/es\/wp-json\/wp\/v2\/types\/page"}],"author":[{"embeddable":true,"href":"https:\/\/roundupriverranch.org\/es\/wp-json\/wp\/v2\/users\/1"}],"replies":[{"embeddable":true,"href":"https:\/\/roundupriverranch.org\/es\/wp-json\/wp\/v2\/comments?post=761"}],"version-history":[{"count":14,"href":"https:\/\/roundupriverranch.org\/es\/wp-json\/wp\/v2\/pages\/761\/revisions"}],"predecessor-version":[{"id":11301,"href":"https:\/\/roundupriverranch.org\/es\/wp-json\/wp\/v2\/pages\/761\/revisions\/11301"}],"up":[{"embeddable":true,"href":"https:\/\/roundupriverranch.org\/es\/wp-json\/wp\/v2\/pages\/656"}],"wp:attachment":[{"href":"https:\/\/roundupriverranch.org\/es\/wp-json\/wp\/v2\/media?parent=761"}],"curies":[{"name":"wp","href":"https:\/\/api.w.org\/{rel}","templated":true}]}}