{"id":767,"date":"2025-12-08T17:34:22","date_gmt":"2025-12-08T17:34:22","guid":{"rendered":"https:\/\/roundupriverranch.org\/?page_id=767"},"modified":"2026-03-19T17:45:37","modified_gmt":"2026-03-19T17:45:37","slug":"medically-supported","status":"publish","type":"page","link":"https:\/\/roundupriverranch.org\/es\/about-us\/our-impact\/medically-supported\/","title":{"rendered":"Con apoyo m\u00e9dico"},"content":{"rendered":"<div class=\"defaultheaderblock\">\n    <div class=\"defaultheaderblockinner\">\n\n                    <div class=\"headerouter\">\n                <div class=\"headerimage\" style=\"background-image: url(https:\/\/roundupriverranch.org\/wp-content\/uploads\/2025\/12\/roundup-river-ranch-camp-2000x460-main-header46.png)\">\n                    <img decoding=\"async\" src=\"https:\/\/roundupriverranch.org\/wp-content\/uploads\/2025\/12\/roundup-river-ranch-camp-2000x460-main-header46.png\" alt=\"blind camper and camp counselor walking and laughing.\" \/>\n                <\/div>\n                <div class=\"mobileheaderimage\">\n                    <img decoding=\"async\" src=\"https:\/\/roundupriverranch.org\/wp-content\/uploads\/2025\/12\/roundup-river-ranch-camp-mobile-930x50041-1.png\" alt=\"blind camper and camp counselor walking and laughing.\" \/>\n                <\/div>\n            <\/div>\n        \n    <\/div>\n    <div class=\"defaultheadercurve\">\n        <img decoding=\"async\" src=\"https:\/\/roundupriverranch.org\/wp-content\/themes\/sage\/public\/build\/assets\/defaultheadercurve-Cez_Hkub.svg\" alt=\"\">\n    <\/div>\n<\/div>\n\n\n\n<h1 class=\"wp-block-heading has-text-align-center\" id=\"h-medically-supported\">Con apoyo m\u00e9dico<\/h1>\n\n\n\n<div style=\"height:100px\" aria-hidden=\"true\" class=\"wp-block-spacer\"><\/div>\n\n\n\n<h2 class=\"wp-block-heading has-text-align-center\" id=\"h-medically-supported-camp-programs-nbsp\"><strong>PROGRAMAS DE CAMPAMENTOS CON APOYO M\u00c9DICO&nbsp;<\/strong><\/h2>\n\n\n\n<div style=\"height:27px\" aria-hidden=\"true\" class=\"wp-block-spacer\"><\/div>\n\n\n\n<p class=\"has-text-align-left\"><strong>Aqu\u00ed se encuentran algunos de los profesionales m\u00e9dicos m\u00e1s reputados de la regi\u00f3n de las Monta\u00f1as Rocosas. (Aunque puede que lleven tut\u00fa o capa de superh\u00e9roe cuando los conozcas).<\/strong><strong><\/strong><\/p>\n\n\n\n<p>Proporcionamos atenci\u00f3n m\u00e9dica integral e individualizada a cada uno de nuestros campistas. Reclutamos a un grupo diverso de profesionales de la medicina para que dejen atr\u00e1s sus batas y batas de laboratorio y se unan a nosotros como nuestro equipo m\u00e9dico en el campamento. Y aunque no parezcan m\u00e9dicos cuando bailan en tut\u00fa, la verdad es que est\u00e1n constantemente centrados en las necesidades y el bienestar de cada campista. Los proveedores que se unen a nosotros en el campamento tienen experiencia o formaci\u00f3n con preferencia en las \u00e1reas de especialidad que estamos atendiendo. Se seleccionan espec\u00edficamente para atender las diversas necesidades m\u00e9dicas de nuestros campistas y de la sesi\u00f3n: agrupaciones de diagn\u00f3sticos espec\u00edficos. Muchos de nuestros voluntarios m\u00e9dicos son los mismos proveedores de clase mundial que atienden a nuestros campistas en cl\u00ednicas y hospitales en casa.&nbsp;<\/p>\n\n\n\n<p><strong>Atenci\u00f3n de primera clase a pocos pasos de la diversi\u00f3n del campamento.&nbsp;<\/strong><\/p>\n\n\n\n<p>Durante nuestras sesiones de verano y de fin de semana, los campistas pueden recibir atenci\u00f3n especializada en sus caba\u00f1as, en las actividades o en nuestro moderno centro m\u00e9dico, The Depot. The Depot cuenta con todos los equipos y suministros m\u00e9dicos necesarios para proporcionar atenci\u00f3n pedi\u00e1trica urgente, de emergencia y de rutina. Trabajamos estrechamente con las familias para garantizar que la atenci\u00f3n de sus hijos en el campamento sea del mismo nivel que en casa, combinando y equilibrando cuidadosamente su atenci\u00f3n m\u00e9dica con la alegr\u00eda de las experiencias del campamento de verano. Esto puede incluir el acceso a v\u00edas centrales, terapia intravenosa e incluso di\u00e1lisis peritoneal durante la noche. Nuestros profesionales de la salud, nuestro personal cualificado y nuestros dedicados voluntarios atienden todas las necesidades m\u00e9dicas, f\u00edsicas y emocionales de nuestros campistas. Ning\u00fan campista tiene la sensaci\u00f3n de perderse la diversi\u00f3n mientras recibe los cuidados necesarios.&nbsp;<\/p>\n\n\n\n<p class=\"has-text-align-left\">Para los proveedores, farmac\u00e9uticos, terapeutas y enfermeras interesados en unirse a nosotros como voluntarios m\u00e9dicos, se prefiere la experiencia cl\u00ednica pedi\u00e1trica y la elegibilidad para ser voluntario se determina tras una entrevista con el personal m\u00e9dico de Roundup River Ranch. Se da preferencia a los voluntarios m\u00e9dicos con experiencia y formaci\u00f3n en los diagn\u00f3sticos que se atienden en cada sesi\u00f3n.<\/p>\n\n\n\n<div style=\"height:60px\" aria-hidden=\"true\" class=\"wp-block-spacer\"><\/div>\n\n\n\n<hr class=\"wp-block-separator has-alpha-channel-opacity\"\/>\n\n\n\n<div class=\"wp-block-group is-content-justification-center is-nowrap is-layout-flex wp-container-core-group-is-layout-94bc23d7 wp-block-group-is-layout-flex\">\n<div class=\"wp-block-buttons is-layout-flex wp-block-buttons-is-layout-flex\">\n<div class=\"wp-block-button drkgreen-btn\"><a class=\"wp-block-button__link wp-element-button\" href=\"https:\/\/roundupriverranch.org\/es\/volunteer\/medical-roles\/\">Puestos de voluntario m\u00e9dico<\/a><\/div>\n<\/div>\n\n\n\n<div class=\"wp-block-buttons is-layout-flex wp-block-buttons-is-layout-flex\">\n<div class=\"wp-block-button drkgreen-btn\"><a class=\"wp-block-button__link wp-element-button\" href=\"https:\/\/roundupriverranch.org\/es\/camp-programs\/onsite-programs\/apply-for-camp\/\">Solicitar campamento<\/a><\/div>\n<\/div>\n<\/div>\n\n\n\n<div style=\"height:40px\" aria-hidden=\"true\" class=\"wp-block-spacer\"><\/div>\n\n\n\n<div style=\"height:50px\" aria-hidden=\"true\" class=\"wp-block-spacer\"><\/div>\n\n\n<div class=\"calloutboxwrapper\">\n    <div class=\"calloutboxinner\">\n        <div class=\"calloutcolumns\">\n            <div class=\"calloutcontent\">\n                                    <div>\n<p><span lang=\"EN\">Quiero que todos los ni\u00f1os puedan conservar un poco de campamento en su interior durante todo el a\u00f1o. Los ni\u00f1os necesitan medicinas para curar sus enfermedades, pero necesitan campamentos para curar su alma\u201d.\u201d\u00a0 <\/span><\/p>\n<div><span lang=\"EN\">- Dra. Lia Gore<\/span><\/div>\n<\/div>\n\n                            <\/div>\n            <div class=\"calloutimage\" style=\"background-image: url('https:\/\/roundupriverranch.org\/wp-content\/uploads\/2025\/12\/roundup-river-ranch-camp-1200x1200-camp23.png')\">\n                                    <img decoding=\"async\" src=\"https:\/\/roundupriverranch.org\/wp-content\/uploads\/2025\/12\/roundup-river-ranch-camp-1200x1200-camp23.png\" alt=\"Dr Lia Gore - Roundup River Ranch\" \/>\n                            <\/div>\n        <\/div>\n        <div class=\"lowerlinks\">\n                                                                        <a href=\"https:\/\/roundupriverranch.org\/es\/about-us\/our-campsite\/camp-activities\/\" class=\"header-drkgreen-btn\">\n                            ACTIVIDADES DEL CAMPAMENTO\n                        <\/a>\n                                                                                <a href=\"https:\/\/roundupriverranch.org\/es\/about-us\/our-campsite\/camp-map\/\" class=\"header-drkgreen-btn\">\n                            MAPA DEL CAMPAMENTO\n                        <\/a>\n                                                        <\/div>\n    <\/div>\n<\/div>\n\n\n\n\n\n<p><\/p>","protected":false},"excerpt":{"rendered":"<p>PROGRAMAS DE CAMPAMENTOS CON APOYO M\u00c9DICO Algunos de los profesionales m\u00e9dicos m\u00e1s renombrados de la regi\u00f3n de las Monta\u00f1as Rocosas est\u00e1n aqu\u00ed. (Aunque puede que lleven un tut\u00fa... <a href=\"https:\/\/roundupriverranch.org\/es\/about-us\/our-impact\/medically-supported\/\">Contin\u00faa<\/a><\/p>","protected":false},"author":1,"featured_media":0,"parent":761,"menu_order":0,"comment_status":"closed","ping_status":"open","template":"template-secondary.blade.php","meta":{"_acf_changed":false,"footnotes":""},"class_list":["post-767","page","type-page","status-publish","hentry"],"acf":[],"yoast_head":"<!-- This site is optimized with the Yoast SEO Premium plugin v26.9 (Yoast SEO v27.4) - https:\/\/yoast.com\/product\/yoast-seo-premium-wordpress\/ -->\n<title>Medically-Supported - Roundup River Ranch<\/title>\n<meta name=\"robots\" content=\"index, follow, max-snippet:-1, max-image-preview:large, max-video-preview:-1\" \/>\n<link rel=\"canonical\" href=\"https:\/\/roundupriverranch.org\/es\/about-us\/our-impact\/medically-supported\/\" \/>\n<meta property=\"og:locale\" content=\"es_ES\" \/>\n<meta property=\"og:type\" content=\"article\" \/>\n<meta property=\"og:title\" content=\"Medically-Supported\" \/>\n<meta property=\"og:description\" content=\"Medically-Supported MEDICALLY-SUPPORTED CAMP PROGRAMS&nbsp; Some of the most renowned medical professionals in the Rocky Mountain region are here. (Although they may be wearing a tutu &hellip; Continued\" \/>\n<meta property=\"og:url\" content=\"https:\/\/roundupriverranch.org\/es\/about-us\/our-impact\/medically-supported\/\" \/>\n<meta property=\"og:site_name\" content=\"Roundup River Ranch\" \/>\n<meta property=\"article:publisher\" content=\"https:\/\/www.facebook.com\/roundupriverranch\/\" \/>\n<meta property=\"article:modified_time\" content=\"2026-03-19T17:45:37+00:00\" \/>\n<meta property=\"og:image\" content=\"https:\/\/roundupriverranch.org\/wp-content\/uploads\/2025\/11\/marshmellows.svg\" \/>\n<meta name=\"twitter:card\" content=\"summary_large_image\" \/>\n<meta name=\"twitter:label1\" content=\"Tiempo de lectura\" \/>\n\t<meta name=\"twitter:data1\" content=\"2 minutos\" \/>\n<script type=\"application\/ld+json\" class=\"yoast-schema-graph\">{\"@context\":\"https:\\\/\\\/schema.org\",\"@graph\":[{\"@type\":\"WebPage\",\"@id\":\"https:\\\/\\\/roundupriverranch.org\\\/about-us\\\/our-impact\\\/medically-supported\\\/\",\"url\":\"https:\\\/\\\/roundupriverranch.org\\\/about-us\\\/our-impact\\\/medically-supported\\\/\",\"name\":\"Medically-Supported - Roundup River Ranch\",\"isPartOf\":{\"@id\":\"https:\\\/\\\/roundupriverranch.org\\\/#website\"},\"primaryImageOfPage\":{\"@id\":\"https:\\\/\\\/roundupriverranch.org\\\/about-us\\\/our-impact\\\/medically-supported\\\/#primaryimage\"},\"image\":{\"@id\":\"https:\\\/\\\/roundupriverranch.org\\\/about-us\\\/our-impact\\\/medically-supported\\\/#primaryimage\"},\"thumbnailUrl\":\"https:\\\/\\\/roundupriverranch.org\\\/wp-content\\\/uploads\\\/2025\\\/11\\\/marshmellows.svg\",\"datePublished\":\"2025-12-08T17:34:22+00:00\",\"dateModified\":\"2026-03-19T17:45:37+00:00\",\"breadcrumb\":{\"@id\":\"https:\\\/\\\/roundupriverranch.org\\\/about-us\\\/our-impact\\\/medically-supported\\\/#breadcrumb\"},\"inLanguage\":\"es\",\"potentialAction\":[{\"@type\":\"ReadAction\",\"target\":[\"https:\\\/\\\/roundupriverranch.org\\\/about-us\\\/our-impact\\\/medically-supported\\\/\"]}]},{\"@type\":\"ImageObject\",\"inLanguage\":\"es\",\"@id\":\"https:\\\/\\\/roundupriverranch.org\\\/about-us\\\/our-impact\\\/medically-supported\\\/#primaryimage\",\"url\":\"https:\\\/\\\/roundupriverranch.org\\\/wp-content\\\/uploads\\\/2025\\\/11\\\/marshmellows.svg\",\"contentUrl\":\"https:\\\/\\\/roundupriverranch.org\\\/wp-content\\\/uploads\\\/2025\\\/11\\\/marshmellows.svg\"},{\"@type\":\"BreadcrumbList\",\"@id\":\"https:\\\/\\\/roundupriverranch.org\\\/about-us\\\/our-impact\\\/medically-supported\\\/#breadcrumb\",\"itemListElement\":[{\"@type\":\"ListItem\",\"position\":1,\"name\":\"Home\",\"item\":\"https:\\\/\\\/roundupriverranch.org\\\/\"},{\"@type\":\"ListItem\",\"position\":2,\"name\":\"About Us\",\"item\":\"https:\\\/\\\/roundupriverranch.org\\\/about-us\\\/\"},{\"@type\":\"ListItem\",\"position\":3,\"name\":\"Our Impact\",\"item\":\"https:\\\/\\\/roundupriverranch.org\\\/about-us\\\/our-impact\\\/\"},{\"@type\":\"ListItem\",\"position\":4,\"name\":\"Medically-Supported\"}]},{\"@type\":\"WebSite\",\"@id\":\"https:\\\/\\\/roundupriverranch.org\\\/#website\",\"url\":\"https:\\\/\\\/roundupriverranch.org\\\/\",\"name\":\"Roundup River Ranch\",\"description\":\"\",\"potentialAction\":[{\"@type\":\"SearchAction\",\"target\":{\"@type\":\"EntryPoint\",\"urlTemplate\":\"https:\\\/\\\/roundupriverranch.org\\\/?s={search_term_string}\"},\"query-input\":{\"@type\":\"PropertyValueSpecification\",\"valueRequired\":true,\"valueName\":\"search_term_string\"}}],\"inLanguage\":\"es\"}]}<\/script>\n<!-- \/ Yoast SEO Premium plugin. -->","yoast_head_json":{"title":"Con apoyo m\u00e9dico - Roundup River Ranch","robots":{"index":"index","follow":"follow","max-snippet":"max-snippet:-1","max-image-preview":"max-image-preview:large","max-video-preview":"max-video-preview:-1"},"canonical":"https:\/\/roundupriverranch.org\/es\/about-us\/our-impact\/medically-supported\/","og_locale":"es_ES","og_type":"article","og_title":"Medically-Supported","og_description":"Medically-Supported MEDICALLY-SUPPORTED CAMP PROGRAMS&nbsp; Some of the most renowned medical professionals in the Rocky Mountain region are here. (Although they may be wearing a tutu &hellip; Continued","og_url":"https:\/\/roundupriverranch.org\/es\/about-us\/our-impact\/medically-supported\/","og_site_name":"Roundup River Ranch","article_publisher":"https:\/\/www.facebook.com\/roundupriverranch\/","article_modified_time":"2026-03-19T17:45:37+00:00","og_image":[{"url":"https:\/\/roundupriverranch.org\/wp-content\/uploads\/2025\/11\/marshmellows.svg","type":"","width":"","height":""}],"twitter_card":"summary_large_image","twitter_misc":{"Tiempo de lectura":"2 minutos"},"schema":{"@context":"https:\/\/schema.org","@graph":[{"@type":"WebPage","@id":"https:\/\/roundupriverranch.org\/about-us\/our-impact\/medically-supported\/","url":"https:\/\/roundupriverranch.org\/about-us\/our-impact\/medically-supported\/","name":"Con apoyo m\u00e9dico - Roundup River Ranch","isPartOf":{"@id":"https:\/\/roundupriverranch.org\/#website"},"primaryImageOfPage":{"@id":"https:\/\/roundupriverranch.org\/about-us\/our-impact\/medically-supported\/#primaryimage"},"image":{"@id":"https:\/\/roundupriverranch.org\/about-us\/our-impact\/medically-supported\/#primaryimage"},"thumbnailUrl":"https:\/\/roundupriverranch.org\/wp-content\/uploads\/2025\/11\/marshmellows.svg","datePublished":"2025-12-08T17:34:22+00:00","dateModified":"2026-03-19T17:45:37+00:00","breadcrumb":{"@id":"https:\/\/roundupriverranch.org\/about-us\/our-impact\/medically-supported\/#breadcrumb"},"inLanguage":"es","potentialAction":[{"@type":"ReadAction","target":["https:\/\/roundupriverranch.org\/about-us\/our-impact\/medically-supported\/"]}]},{"@type":"ImageObject","inLanguage":"es","@id":"https:\/\/roundupriverranch.org\/about-us\/our-impact\/medically-supported\/#primaryimage","url":"https:\/\/roundupriverranch.org\/wp-content\/uploads\/2025\/11\/marshmellows.svg","contentUrl":"https:\/\/roundupriverranch.org\/wp-content\/uploads\/2025\/11\/marshmellows.svg"},{"@type":"BreadcrumbList","@id":"https:\/\/roundupriverranch.org\/about-us\/our-impact\/medically-supported\/#breadcrumb","itemListElement":[{"@type":"ListItem","position":1,"name":"Home","item":"https:\/\/roundupriverranch.org\/"},{"@type":"ListItem","position":2,"name":"About Us","item":"https:\/\/roundupriverranch.org\/about-us\/"},{"@type":"ListItem","position":3,"name":"Our Impact","item":"https:\/\/roundupriverranch.org\/about-us\/our-impact\/"},{"@type":"ListItem","position":4,"name":"Medically-Supported"}]},{"@type":"WebSite","@id":"https:\/\/roundupriverranch.org\/#website","url":"https:\/\/roundupriverranch.org\/","name":"Rancho Roundup River","description":"","potentialAction":[{"@type":"SearchAction","target":{"@type":"EntryPoint","urlTemplate":"https:\/\/roundupriverranch.org\/?s={search_term_string}"},"query-input":{"@type":"PropertyValueSpecification","valueRequired":true,"valueName":"search_term_string"}}],"inLanguage":"es"}]}},"_links":{"self":[{"href":"https:\/\/roundupriverranch.org\/es\/wp-json\/wp\/v2\/pages\/767","targetHints":{"allow":["GET"]}}],"collection":[{"href":"https:\/\/roundupriverranch.org\/es\/wp-json\/wp\/v2\/pages"}],"about":[{"href":"https:\/\/roundupriverranch.org\/es\/wp-json\/wp\/v2\/types\/page"}],"author":[{"embeddable":true,"href":"https:\/\/roundupriverranch.org\/es\/wp-json\/wp\/v2\/users\/1"}],"replies":[{"embeddable":true,"href":"https:\/\/roundupriverranch.org\/es\/wp-json\/wp\/v2\/comments?post=767"}],"version-history":[{"count":8,"href":"https:\/\/roundupriverranch.org\/es\/wp-json\/wp\/v2\/pages\/767\/revisions"}],"predecessor-version":[{"id":12945,"href":"https:\/\/roundupriverranch.org\/es\/wp-json\/wp\/v2\/pages\/767\/revisions\/12945"}],"up":[{"embeddable":true,"href":"https:\/\/roundupriverranch.org\/es\/wp-json\/wp\/v2\/pages\/761"}],"wp:attachment":[{"href":"https:\/\/roundupriverranch.org\/es\/wp-json\/wp\/v2\/media?parent=767"}],"curies":[{"name":"wp","href":"https:\/\/api.w.org\/{rel}","templated":true}]}}