{"id":771,"date":"2025-12-08T17:35:13","date_gmt":"2025-12-08T17:35:13","guid":{"rendered":"https:\/\/roundupriverranch.org\/?page_id=771"},"modified":"2026-04-08T19:13:04","modified_gmt":"2026-04-08T19:13:04","slug":"impact-report-financials","status":"publish","type":"page","link":"https:\/\/roundupriverranch.org\/es\/about-us\/our-impact\/impact-report-financials\/","title":{"rendered":"Informe de impacto y datos financieros"},"content":{"rendered":"<div class=\"defaultheaderblock\">\n    <div class=\"defaultheaderblockinner\">\n\n                    <div class=\"headerouter\">\n                <div class=\"headerimage\" style=\"background-image: url(https:\/\/roundupriverranch.org\/wp-content\/uploads\/2025\/12\/roundup-river-ranch-camp-2000x460-main-header29.png)\">\n                    <img decoding=\"async\" src=\"https:\/\/roundupriverranch.org\/wp-content\/uploads\/2025\/12\/roundup-river-ranch-camp-2000x460-main-header29.png\" alt=\"Camper in canoe with sign that says &amp;quot;first day boating&amp;quot;\" \/>\n                <\/div>\n                <div class=\"mobileheaderimage\">\n                    <img decoding=\"async\" src=\"https:\/\/roundupriverranch.org\/wp-content\/uploads\/2025\/12\/roundup-river-ranch-camp-mobile-930x50030-1.png\" alt=\"Camper in canoe with sign that says &amp;quot;first day boating&amp;quot;\" \/>\n                <\/div>\n            <\/div>\n        \n    <\/div>\n    <div class=\"defaultheadercurve\">\n        <img decoding=\"async\" src=\"https:\/\/roundupriverranch.org\/wp-content\/themes\/sage\/public\/build\/assets\/defaultheadercurve-Cez_Hkub.svg\" alt=\"\">\n    <\/div>\n<\/div>\n\n\n\n<h1 class=\"wp-block-heading has-text-align-center\" id=\"h-impact-report-amp-financials\">Informe de impacto y datos financieros<\/h1>\n\n\n\n<h2 class=\"wp-block-heading has-text-align-center\" id=\"h-want-to-know-how-much-we-can-pack-into-365-days\">\u00bfQUIERE SABER CU\u00c1NTO PODEMOS METER EN 365 D\u00cdAS?<\/h2>\n\n\n\n<p class=\"has-text-align-center\">Lea nuestro informe anual, en el que destacamos los principales acontecimientos, programas, estad\u00edsticas y, lo que es m\u00e1s importante, reconocemos el generoso apoyo de nuestra comunidad en nuestros listados de donantes.<\/p>\n\n\n\n<div style=\"height:20px\" aria-hidden=\"true\" class=\"wp-block-spacer\"><\/div>\n\n\n\n<div class=\"wp-block-columns is-layout-flex wp-container-core-columns-is-layout-9d6595d7 wp-block-columns-is-layout-flex\">\n<div class=\"wp-block-column is-layout-flow wp-block-column-is-layout-flow\">\n<figure class=\"wp-block-image size-full\"><a href=\"https:\/\/www.flipsnack.com\/88C9576F8D6\/2025-impact-report\/full-view.html\" target=\"_blank\" rel=\" noreferrer noopener\"><img loading=\"lazy\" decoding=\"async\" width=\"2200\" height=\"1737\" src=\"https:\/\/roundupriverranch.org\/wp-content\/uploads\/2026\/03\/impact-report-cover.png\" alt=\"\" class=\"wp-image-12946\" srcset=\"https:\/\/roundupriverranch.org\/wp-content\/uploads\/2026\/03\/impact-report-cover.png 2200w, https:\/\/roundupriverranch.org\/wp-content\/uploads\/2026\/03\/impact-report-cover-300x237.png 300w, https:\/\/roundupriverranch.org\/wp-content\/uploads\/2026\/03\/impact-report-cover-1024x808.png 1024w, https:\/\/roundupriverranch.org\/wp-content\/uploads\/2026\/03\/impact-report-cover-768x606.png 768w, https:\/\/roundupriverranch.org\/wp-content\/uploads\/2026\/03\/impact-report-cover-1536x1213.png 1536w, https:\/\/roundupriverranch.org\/wp-content\/uploads\/2026\/03\/impact-report-cover-2048x1617.png 2048w, https:\/\/roundupriverranch.org\/wp-content\/uploads\/2026\/03\/impact-report-cover-15x12.png 15w, https:\/\/roundupriverranch.org\/wp-content\/uploads\/2026\/03\/impact-report-cover-342x270.png 342w\" sizes=\"auto, (max-width: 2200px) 100vw, 2200px\" \/><\/a><\/figure>\n\n\n\n<div style=\"height:25px\" aria-hidden=\"true\" class=\"wp-block-spacer\"><\/div>\n\n\n\n<p>Haga clic en la imagen para ver la versi\u00f3n en l\u00ednea de nuestro Informe de Impacto.<\/p>\n\n\n\n<p><em><a href=\"https:\/\/roundupriverranch.org\/wp-content\/uploads\/2026\/04\/RRR203_ImpactReport_2025-Digital-4.8.pdf\" target=\"_blank\" rel=\"noreferrer noopener\">Haga clic aqu\u00ed para descargar el PDF<\/a><\/em><a href=\"https:\/\/roundupriverranch.org\/wp-content\/uploads\/2026\/03\/RRR_Donorbooklet_ImpactReport2025_Final.pdf\" target=\"_blank\" rel=\"noreferrer noopener\"><br><\/a><em><a href=\"https:\/\/roundupriverranch.org\/wp-content\/uploads\/2026\/04\/RRR203_ImpactReport_2025-AllDonors-Final-4.7.pdf\" target=\"_blank\" rel=\"noreferrer noopener\">View our Full List of our amazing 2025 Donors HERE!<\/a><\/em><\/p>\n\n\n\n<p><\/p>\n<\/div>\n\n\n\n<div class=\"wp-block-column is-layout-flow wp-block-column-is-layout-flow\">\n<p><a href=\"https:\/\/roundupriverranch.org\/wp-content\/uploads\/2026\/03\/RRR_ImpactReport_2024-Printed-Version-Digitalfinal.pdf\" type=\"attachment\" id=\"12948\">Impact Report 2024<\/a><br><a href=\"https:\/\/roundupriverranch.org\/wp-content\/uploads\/2024\/04\/RRRImpactReport_FY2023_digital.pdf\" target=\"_blank\" rel=\"noreferrer noopener\">Informe de impacto 2023<\/a><br><a href=\"https:\/\/roundupriverranch.org\/wp-content\/uploads\/2023\/05\/RRR163_ImpactReport_2022-MC1-Final-Lowrez.pdf\" target=\"_blank\" rel=\"noreferrer noopener\">Informe de impacto 2022<\/a><br><a href=\"https:\/\/roundupriverranch.org\/wp-content\/uploads\/2022\/05\/RRR153_ImpactReport_2021-Final.pdf\" target=\"_blank\" rel=\"noreferrer noopener\">Informe de impacto 2021<\/a><br><a href=\"https:\/\/roundupriverranch.org\/wp-content\/uploads\/2022\/05\/RRR153_ImpactReport_2021-Final.pdf\" target=\"_blank\" rel=\"noreferrer noopener\">Informe Impacto 2020<\/a><br><a href=\"https:\/\/roundupriverranch.org\/wp-content\/uploads\/2024\/04\/RRR_ImpactReport_2019_digitallowres.pdf\" target=\"_blank\" rel=\"noreferrer noopener\">Informe de impacto 2019<\/a><br><a href=\"https:\/\/roundupriverranch.org\/wp-content\/uploads\/2024\/04\/RRRImpactReport_2018_Digital-Small.pdf\" target=\"_blank\" rel=\"noreferrer noopener\">Informe de impacto 2018<\/a><br><a href=\"https:\/\/roundupriverranch.org\/wp-content\/uploads\/2024\/04\/FY2017_ImpactReport_Small.pdf\" target=\"_blank\" rel=\"noreferrer noopener\">Informe de impacto 2017<\/a><br><a href=\"https:\/\/roundupriverranch.org\/wp-content\/uploads\/2020\/05\/2016ImpactReport_Final_compressed-1.pdf\" target=\"_blank\" rel=\"noreferrer noopener\">Informe de impacto 2016<\/a><br><a href=\"https:\/\/issuu.com\/roundupriverranch7\/docs\/rrr047_impactrpt_2015._pagespdf\" target=\"_blank\" rel=\"noreferrer noopener\">Informe de impacto 2015<\/a>&nbsp;<br><a href=\"http:\/\/issuu.com\/roundupriverranch7\/docs\/fy2015_annual_report-issuu\" target=\"_blank\" rel=\"noreferrer noopener\">Informe anual 2014<\/a><br><a href=\"http:\/\/issuu.com\/roundupriverranch\/docs\/roundup_river_ranch_fy2013_annual_r_754539cc809b73?e=10795374\/7752166\" target=\"_blank\" rel=\"noreferrer noopener\">Informe anual 2013<\/a><br><a href=\"https:\/\/roundupriverranch.org\/wp-content\/uploads\/2020\/05\/Roundup-River-Ranch-FY2012-Annual-Report.pdf\" target=\"_blank\" rel=\"noreferrer noopener\">Informe anual 2012<\/a><br><a href=\"https:\/\/roundupriverranch.org\/wp-content\/uploads\/2020\/05\/Roundup-River-Ranch-FY2011-Annual-Report-1.pdf\" target=\"_blank\" rel=\"noreferrer noopener\">Informe anual 2011<\/a><br><a href=\"https:\/\/roundupriverranch.org\/wp-content\/uploads\/2020\/05\/RoundupAnnualReport2010.pdf\" target=\"_blank\" rel=\"noreferrer noopener\">Informe anual 2010&nbsp;<\/a><br><br><a href=\"https:\/\/roundupriverranch.org\/wp-content\/uploads\/2020\/05\/2010_Roundup-River-Ranch_Report-to-the-Community1.pdf\" target=\"_blank\" rel=\"noreferrer noopener\">Informe a la Comunidad 2006-2010<\/a><\/p>\n<\/div>\n<\/div>\n\n\n\n<hr class=\"wp-block-separator has-alpha-channel-opacity\"\/>\n\n\n\n<div style=\"height:20px\" aria-hidden=\"true\" class=\"wp-block-spacer\"><\/div>\n\n\n\n<h2 class=\"wp-block-heading has-text-align-center\" id=\"h-financial-overview-and-statements\">Financial Overview and Statements<\/h2>\n\n\n\n<div style=\"height:20px\" aria-hidden=\"true\" class=\"wp-block-spacer\"><\/div>\n\n\n\n\n\n<p>In order to deliver the most impactful and life-changing camper experiences, Roundup River Ranch is committed to transparency, fiscal responsibility, and best practices in governance.<br><br><strong>Financial information from November 1, 2024, through October 31, 2025, is based on FY2025 audit.&nbsp;<\/strong><\/p>\n\n\n\n<figure class=\"wp-block-image aligncenter size-full\"><img loading=\"lazy\" decoding=\"async\" width=\"1334\" height=\"637\" src=\"https:\/\/roundupriverranch.org\/wp-content\/uploads\/2026\/03\/Screenshot-2026-03-19-at-3.53.58-PM-edited.png\" alt=\"\" class=\"wp-image-12956\" srcset=\"https:\/\/roundupriverranch.org\/wp-content\/uploads\/2026\/03\/Screenshot-2026-03-19-at-3.53.58-PM-edited.png 1334w, https:\/\/roundupriverranch.org\/wp-content\/uploads\/2026\/03\/Screenshot-2026-03-19-at-3.53.58-PM-edited-300x143.png 300w, https:\/\/roundupriverranch.org\/wp-content\/uploads\/2026\/03\/Screenshot-2026-03-19-at-3.53.58-PM-edited-1024x489.png 1024w, https:\/\/roundupriverranch.org\/wp-content\/uploads\/2026\/03\/Screenshot-2026-03-19-at-3.53.58-PM-edited-768x367.png 768w, https:\/\/roundupriverranch.org\/wp-content\/uploads\/2026\/03\/Screenshot-2026-03-19-at-3.53.58-PM-edited-18x9.png 18w, https:\/\/roundupriverranch.org\/wp-content\/uploads\/2026\/03\/Screenshot-2026-03-19-at-3.53.58-PM-edited-400x191.png 400w\" sizes=\"auto, (max-width: 1334px) 100vw, 1334px\" \/><\/figure>\n\n\n\n<p>* Annual fixed asset depreciation ($749,107) is included in the expense chart. When comparing cash expenses with revenues, excluding annual asset depreciation, Roundup River Ranch maintains a balanced cash budget. In-kind expenses are allocated within their corresponding department in each of the expense categories.<br><br>** Long-term investment gains totaled $927,886. Realized gains included above total $335,460 which were transferred from Endowment accounts to support annual operations.<\/p>\n\n\n\n<p><em>Roundup River Ranch\u2019s auditors certified that the FY2025 financials comply with the Philanthropy Advisory Service of the Council of Better Business Bureau\u2019s and American Institute of<\/em> <em>Philanthropy\u2019s standards and that our expense allocations are consistent with best practices in nonprofit management and fundraising. In addition to reviewing financials, organizational<\/em> <em>transparency, governance, leadership, and program results are important indicators of excellence in nonprofit performance.<\/em><\/p>\n\n\n\n<figure class=\"wp-block-table\"><table class=\"has-fixed-layout\"><tbody><tr><td><strong>2025<\/strong><br><a href=\"https:\/\/roundupriverranch.org\/wp-content\/uploads\/2026\/03\/RRR-FY25-990-Tax-Return-Final-Public-Disclosure.pdf\" type=\"attachment\" id=\"12960\">IRS Form 990<\/a><br><a href=\"https:\/\/roundupriverranch.org\/wp-content\/uploads\/2026\/03\/FY25-RRR-Audited-Financials-FINAL.pdf\" type=\"attachment\" id=\"12959\">Audited Financial Statements<\/a><\/td><td><strong>2022<\/strong><br><a href=\"https:\/\/upperhousedev17.com\/wp-content\/uploads\/2023\/05\/RRR-FY22-990-Tax-Return-Public-Disclosure.pdf\">IRS Form 990<\/a><br><a href=\"https:\/\/upperhousedev17.com\/wp-content\/uploads\/2023\/05\/2022-Roundup-River-Ranch-Audited-Financial-Statements-FINAL.pdf\">Audited Financial Statements<\/a><\/td><\/tr><tr><td><strong>2024<\/strong><br><a href=\"https:\/\/upperhousedev17.com\/wp-content\/uploads\/2025\/11\/RRR-FY24-990-Tax-Return-Public-Disclosure.pdf\">IRS Form 990<\/a><br><a href=\"https:\/\/upperhousedev17.com\/wp-content\/uploads\/2025\/03\/FY2024-Roundup-River-Ranch-Audited-Financials-FINAL.pdf\">Audited Financial Statements<\/a><\/td><td><strong>2021<\/strong><br><a href=\"https:\/\/upperhousedev17.com\/wp-content\/uploads\/2022\/05\/RRR-FY21-990-Public-Disclosure.pdf\" target=\"_blank\" rel=\"noreferrer noopener\">IRS Form 990<\/a><br><a href=\"https:\/\/upperhousedev17.com\/wp-content\/uploads\/2022\/05\/2021-Roundup-River-Ranch-Audited-Financial-Statements-FINAL.pdf\">Audited Financial Statements<\/a><\/td><\/tr><tr><td><strong>2023<\/strong><br><a href=\"https:\/\/upperhousedev17.com\/wp-content\/uploads\/2024\/04\/RRR-FY23-990-Tax-Return-Public-Discolsure.pdf\">IRS Form 990<\/a><br><a href=\"https:\/\/upperhousedev17.com\/wp-content\/uploads\/2024\/04\/FY23-Roundup-River-Ranch-Audited-Financials-FINAL.pdf\">Audited Financial Statements<\/a><\/td><td><strong>2020<\/strong><br><a href=\"https:\/\/upperhousedev17.com\/wp-content\/uploads\/2021\/05\/RRR-FY20-990-Public-Disclosure.pdf\">IRS Form 990<\/a><br><a href=\"https:\/\/upperhousedev17.com\/wp-content\/uploads\/2021\/05\/Audited-Financials-RRR-FY20-FINAL.pdf\">Audited Financial Statements<\/a><\/td><\/tr><\/tbody><\/table><\/figure>","protected":false},"excerpt":{"rendered":"<p>Informe de Impacto y Datos Financieros \u00bfQUIERES SABER CU\u00c1NTO PODEMOS EMPACAR EN 365 D\u00cdAS? Lea nuestro informe anual, en el que destacamos los principales acontecimientos, programas, estad\u00edsticas y ... <a href=\"https:\/\/roundupriverranch.org\/es\/about-us\/our-impact\/impact-report-financials\/\">Contin\u00faa<\/a><\/p>","protected":false},"author":1,"featured_media":0,"parent":761,"menu_order":0,"comment_status":"closed","ping_status":"open","template":"template-secondary.blade.php","meta":{"_acf_changed":false,"footnotes":""},"class_list":["post-771","page","type-page","status-publish","hentry"],"acf":[],"yoast_head":"<!-- This site is optimized with the Yoast SEO Premium plugin v26.9 (Yoast SEO v27.4) - https:\/\/yoast.com\/product\/yoast-seo-premium-wordpress\/ -->\n<title>Impact Report &amp; Financials - Roundup River Ranch<\/title>\n<meta name=\"description\" content=\"We are committed to transparency, fiscal responsibility, and best practices in governance, in order to deliver the most impactful and life-changing camper experiences.\" \/>\n<meta name=\"robots\" content=\"index, follow, max-snippet:-1, max-image-preview:large, max-video-preview:-1\" \/>\n<link rel=\"canonical\" href=\"https:\/\/roundupriverranch.org\/es\/about-us\/our-impact\/impact-report-financials\/\" \/>\n<meta property=\"og:locale\" content=\"es_ES\" \/>\n<meta property=\"og:type\" content=\"article\" \/>\n<meta property=\"og:title\" content=\"Impact Report &amp; Financials\" \/>\n<meta property=\"og:description\" content=\"We are committed to transparency, fiscal responsibility, and best practices in governance, in order to deliver the most impactful and life-changing camper experiences.\" \/>\n<meta property=\"og:url\" content=\"https:\/\/roundupriverranch.org\/es\/about-us\/our-impact\/impact-report-financials\/\" \/>\n<meta property=\"og:site_name\" content=\"Roundup River Ranch\" \/>\n<meta property=\"article:publisher\" content=\"https:\/\/www.facebook.com\/roundupriverranch\/\" \/>\n<meta property=\"article:modified_time\" content=\"2026-04-08T19:13:04+00:00\" \/>\n<meta property=\"og:image\" content=\"https:\/\/roundupriverranch.org\/wp-content\/uploads\/2026\/03\/impact-report-cover.png\" \/>\n<meta name=\"twitter:card\" content=\"summary_large_image\" \/>\n<meta name=\"twitter:label1\" content=\"Tiempo de lectura\" \/>\n\t<meta name=\"twitter:data1\" content=\"2 minutos\" \/>\n<script type=\"application\/ld+json\" class=\"yoast-schema-graph\">{\"@context\":\"https:\\\/\\\/schema.org\",\"@graph\":[{\"@type\":\"WebPage\",\"@id\":\"https:\\\/\\\/roundupriverranch.org\\\/about-us\\\/our-impact\\\/impact-report-financials\\\/\",\"url\":\"https:\\\/\\\/roundupriverranch.org\\\/about-us\\\/our-impact\\\/impact-report-financials\\\/\",\"name\":\"Impact Report &amp; Financials - Roundup River Ranch\",\"isPartOf\":{\"@id\":\"https:\\\/\\\/roundupriverranch.org\\\/#website\"},\"primaryImageOfPage\":{\"@id\":\"https:\\\/\\\/roundupriverranch.org\\\/about-us\\\/our-impact\\\/impact-report-financials\\\/#primaryimage\"},\"image\":{\"@id\":\"https:\\\/\\\/roundupriverranch.org\\\/about-us\\\/our-impact\\\/impact-report-financials\\\/#primaryimage\"},\"thumbnailUrl\":\"https:\\\/\\\/roundupriverranch.org\\\/wp-content\\\/uploads\\\/2026\\\/03\\\/impact-report-cover.png\",\"datePublished\":\"2025-12-08T17:35:13+00:00\",\"dateModified\":\"2026-04-08T19:13:04+00:00\",\"description\":\"We are committed to transparency, fiscal responsibility, and best practices in governance, in order to deliver the most impactful and life-changing camper experiences.\",\"breadcrumb\":{\"@id\":\"https:\\\/\\\/roundupriverranch.org\\\/about-us\\\/our-impact\\\/impact-report-financials\\\/#breadcrumb\"},\"inLanguage\":\"es\",\"potentialAction\":[{\"@type\":\"ReadAction\",\"target\":[\"https:\\\/\\\/roundupriverranch.org\\\/about-us\\\/our-impact\\\/impact-report-financials\\\/\"]}]},{\"@type\":\"ImageObject\",\"inLanguage\":\"es\",\"@id\":\"https:\\\/\\\/roundupriverranch.org\\\/about-us\\\/our-impact\\\/impact-report-financials\\\/#primaryimage\",\"url\":\"https:\\\/\\\/roundupriverranch.org\\\/wp-content\\\/uploads\\\/2026\\\/03\\\/impact-report-cover.png\",\"contentUrl\":\"https:\\\/\\\/roundupriverranch.org\\\/wp-content\\\/uploads\\\/2026\\\/03\\\/impact-report-cover.png\"},{\"@type\":\"BreadcrumbList\",\"@id\":\"https:\\\/\\\/roundupriverranch.org\\\/about-us\\\/our-impact\\\/impact-report-financials\\\/#breadcrumb\",\"itemListElement\":[{\"@type\":\"ListItem\",\"position\":1,\"name\":\"Home\",\"item\":\"https:\\\/\\\/roundupriverranch.org\\\/\"},{\"@type\":\"ListItem\",\"position\":2,\"name\":\"About Us\",\"item\":\"https:\\\/\\\/roundupriverranch.org\\\/about-us\\\/\"},{\"@type\":\"ListItem\",\"position\":3,\"name\":\"Our Impact\",\"item\":\"https:\\\/\\\/roundupriverranch.org\\\/about-us\\\/our-impact\\\/\"},{\"@type\":\"ListItem\",\"position\":4,\"name\":\"Impact Report &amp; Financials\"}]},{\"@type\":\"WebSite\",\"@id\":\"https:\\\/\\\/roundupriverranch.org\\\/#website\",\"url\":\"https:\\\/\\\/roundupriverranch.org\\\/\",\"name\":\"Roundup River Ranch\",\"description\":\"\",\"potentialAction\":[{\"@type\":\"SearchAction\",\"target\":{\"@type\":\"EntryPoint\",\"urlTemplate\":\"https:\\\/\\\/roundupriverranch.org\\\/?s={search_term_string}\"},\"query-input\":{\"@type\":\"PropertyValueSpecification\",\"valueRequired\":true,\"valueName\":\"search_term_string\"}}],\"inLanguage\":\"es\"}]}<\/script>\n<!-- \/ Yoast SEO Premium plugin. -->","yoast_head_json":{"title":"Informe de impacto y finanzas - Roundup River Ranch","description":"Estamos comprometidos con la transparencia, la responsabilidad fiscal y las mejores pr\u00e1cticas de gobierno, con el fin de ofrecer a los campistas las experiencias m\u00e1s impactantes y transformadoras.","robots":{"index":"index","follow":"follow","max-snippet":"max-snippet:-1","max-image-preview":"max-image-preview:large","max-video-preview":"max-video-preview:-1"},"canonical":"https:\/\/roundupriverranch.org\/es\/about-us\/our-impact\/impact-report-financials\/","og_locale":"es_ES","og_type":"article","og_title":"Impact Report &amp; Financials","og_description":"We are committed to transparency, fiscal responsibility, and best practices in governance, in order to deliver the most impactful and life-changing camper experiences.","og_url":"https:\/\/roundupriverranch.org\/es\/about-us\/our-impact\/impact-report-financials\/","og_site_name":"Roundup River Ranch","article_publisher":"https:\/\/www.facebook.com\/roundupriverranch\/","article_modified_time":"2026-04-08T19:13:04+00:00","og_image":[{"url":"https:\/\/roundupriverranch.org\/wp-content\/uploads\/2026\/03\/impact-report-cover.png","type":"","width":"","height":""}],"twitter_card":"summary_large_image","twitter_misc":{"Tiempo de lectura":"2 minutos"},"schema":{"@context":"https:\/\/schema.org","@graph":[{"@type":"WebPage","@id":"https:\/\/roundupriverranch.org\/about-us\/our-impact\/impact-report-financials\/","url":"https:\/\/roundupriverranch.org\/about-us\/our-impact\/impact-report-financials\/","name":"Informe de impacto y finanzas - Roundup River Ranch","isPartOf":{"@id":"https:\/\/roundupriverranch.org\/#website"},"primaryImageOfPage":{"@id":"https:\/\/roundupriverranch.org\/about-us\/our-impact\/impact-report-financials\/#primaryimage"},"image":{"@id":"https:\/\/roundupriverranch.org\/about-us\/our-impact\/impact-report-financials\/#primaryimage"},"thumbnailUrl":"https:\/\/roundupriverranch.org\/wp-content\/uploads\/2026\/03\/impact-report-cover.png","datePublished":"2025-12-08T17:35:13+00:00","dateModified":"2026-04-08T19:13:04+00:00","description":"Estamos comprometidos con la transparencia, la responsabilidad fiscal y las mejores pr\u00e1cticas de gobierno, con el fin de ofrecer a los campistas las experiencias m\u00e1s impactantes y transformadoras.","breadcrumb":{"@id":"https:\/\/roundupriverranch.org\/about-us\/our-impact\/impact-report-financials\/#breadcrumb"},"inLanguage":"es","potentialAction":[{"@type":"ReadAction","target":["https:\/\/roundupriverranch.org\/about-us\/our-impact\/impact-report-financials\/"]}]},{"@type":"ImageObject","inLanguage":"es","@id":"https:\/\/roundupriverranch.org\/about-us\/our-impact\/impact-report-financials\/#primaryimage","url":"https:\/\/roundupriverranch.org\/wp-content\/uploads\/2026\/03\/impact-report-cover.png","contentUrl":"https:\/\/roundupriverranch.org\/wp-content\/uploads\/2026\/03\/impact-report-cover.png"},{"@type":"BreadcrumbList","@id":"https:\/\/roundupriverranch.org\/about-us\/our-impact\/impact-report-financials\/#breadcrumb","itemListElement":[{"@type":"ListItem","position":1,"name":"Home","item":"https:\/\/roundupriverranch.org\/"},{"@type":"ListItem","position":2,"name":"About Us","item":"https:\/\/roundupriverranch.org\/about-us\/"},{"@type":"ListItem","position":3,"name":"Our Impact","item":"https:\/\/roundupriverranch.org\/about-us\/our-impact\/"},{"@type":"ListItem","position":4,"name":"Impact Report &amp; Financials"}]},{"@type":"WebSite","@id":"https:\/\/roundupriverranch.org\/#website","url":"https:\/\/roundupriverranch.org\/","name":"Rancho Roundup River","description":"","potentialAction":[{"@type":"SearchAction","target":{"@type":"EntryPoint","urlTemplate":"https:\/\/roundupriverranch.org\/?s={search_term_string}"},"query-input":{"@type":"PropertyValueSpecification","valueRequired":true,"valueName":"search_term_string"}}],"inLanguage":"es"}]}},"_links":{"self":[{"href":"https:\/\/roundupriverranch.org\/es\/wp-json\/wp\/v2\/pages\/771","targetHints":{"allow":["GET"]}}],"collection":[{"href":"https:\/\/roundupriverranch.org\/es\/wp-json\/wp\/v2\/pages"}],"about":[{"href":"https:\/\/roundupriverranch.org\/es\/wp-json\/wp\/v2\/types\/page"}],"author":[{"embeddable":true,"href":"https:\/\/roundupriverranch.org\/es\/wp-json\/wp\/v2\/users\/1"}],"replies":[{"embeddable":true,"href":"https:\/\/roundupriverranch.org\/es\/wp-json\/wp\/v2\/comments?post=771"}],"version-history":[{"count":22,"href":"https:\/\/roundupriverranch.org\/es\/wp-json\/wp\/v2\/pages\/771\/revisions"}],"predecessor-version":[{"id":13172,"href":"https:\/\/roundupriverranch.org\/es\/wp-json\/wp\/v2\/pages\/771\/revisions\/13172"}],"up":[{"embeddable":true,"href":"https:\/\/roundupriverranch.org\/es\/wp-json\/wp\/v2\/pages\/761"}],"wp:attachment":[{"href":"https:\/\/roundupriverranch.org\/es\/wp-json\/wp\/v2\/media?parent=771"}],"curies":[{"name":"wp","href":"https:\/\/api.w.org\/{rel}","templated":true}]}}