{"id":816,"date":"2025-12-10T09:28:24","date_gmt":"2025-12-10T09:28:24","guid":{"rendered":"https:\/\/roundupriverranch.org\/?page_id=816"},"modified":"2026-01-13T22:29:29","modified_gmt":"2026-01-13T22:29:29","slug":"reset-refresh-group","status":"publish","type":"page","link":"https:\/\/roundupriverranch.org\/es\/volunteer\/day-group-roles\/reset-refresh-group\/","title":{"rendered":"Grupo Reset &amp; Refresh"},"content":{"rendered":"<div class=\"defaultheaderblock\">\n    <div class=\"defaultheaderblockinner\">\n\n                    <div class=\"headerouter\">\n                <div class=\"headerimage\" style=\"background-image: url(https:\/\/roundupriverranch.org\/wp-content\/uploads\/2025\/12\/roundup-river-ranch-camp-2000x460-feature127.png)\">\n                    <img decoding=\"async\" src=\"https:\/\/roundupriverranch.org\/wp-content\/uploads\/2025\/12\/roundup-river-ranch-camp-2000x460-feature127.png\" alt=\"camper and counselor\" \/>\n                <\/div>\n                <div class=\"mobileheaderimage\">\n                    <img decoding=\"async\" src=\"https:\/\/roundupriverranch.org\/wp-content\/uploads\/2025\/12\/roundup-river-ranch-camp-930x500-feature21.png\" alt=\"camper and counselor\" \/>\n                <\/div>\n            <\/div>\n        \n    <\/div>\n    <div class=\"defaultheadercurve\">\n        <img decoding=\"async\" src=\"https:\/\/roundupriverranch.org\/wp-content\/themes\/sage\/public\/build\/assets\/defaultheadercurve-Cez_Hkub.svg\" alt=\"\">\n    <\/div>\n<\/div>\n\n\n\n<h1 class=\"wp-block-heading has-text-align-center\" id=\"h-reset-amp-refresh-group\">Grupo Reset &amp; Refresh<\/h1>\n\n\n\n<h2 class=\"wp-block-heading has-text-align-center\" id=\"h-all-those-campers-are-adorable-they-re-also-pretty-messy\">TODOS ESOS CAMPISTAS SON ADORABLES. <br>\u00a1TAMBI\u00c9N SON BASTANTE DESORDENADOS!<\/h2>\n\n\n\n<div style=\"height:20px\" aria-hidden=\"true\" class=\"wp-block-spacer\"><\/div>\n\n\n\n<p>Apoya nuestra misi\u00f3n ayud\u00e1ndonos a restaurar y refrescar nuestro campamento despu\u00e9s de cada sesi\u00f3n. Desempe\u00f1ar\u00e1s un papel clave para garantizar que el campamento est\u00e9 reluciente de limpio, seguro y listo para el siguiente grupo de entusiasmados campistas y voluntarios. Estos d\u00edas de voluntariado son perfectos para grupos sociales, familias y equipos corporativos que buscan una experiencia pr\u00e1ctica y significativa. Nuestras sesiones de campamento in situ comienzan con un fin de semana de campamento familiar en abril y mayo, y contin\u00faan con campamentos de verano en junio y julio.<strong>, <\/strong>y terminar\u00e1 con m\u00e1s fines de semana de Campamento Familiar en septiembre y octubre.<strong>.<\/strong><\/p>\n\n\n\n<div style=\"height:20px\" aria-hidden=\"true\" class=\"wp-block-spacer\"><\/div>\n\n\n\n<h3 class=\"wp-block-heading\" id=\"h-details\">Detalles:<\/h3>\n\n\n\n<ul class=\"wp-block-list\">\n<li>Turno de voluntariado: de 9:30 a 14:00 el d\u00eda elegido<\/li>\n\n\n\n<li>En nuestro camping<\/li>\n\n\n\n<li>Abierto a voluntarios a partir de 12 a\u00f1os<\/li>\n<\/ul>\n\n\n\n<div style=\"height:20px\" aria-hidden=\"true\" class=\"wp-block-spacer\"><\/div>\n\n\n\n<h3 class=\"wp-block-heading has-text-align-left\" id=\"h-corporate-opportunities\">Oportunidades empresariales:<\/h3>\n\n\n\n<p class=\"has-text-align-left\">Pregunte a nuestro equipo acerca de un Retiro Corporativo Reset &amp; Refresh y convi\u00e9rtalo en una experiencia de creaci\u00f3n de equipo a la vez que retribuye. Env\u00edenos un correo electr\u00f3nico a <a href=\"mailto:volunteer@roundupriverranch.org\">volunteer@roundupriverranch.org<\/a> para conocer la disponibilidad y la programaci\u00f3n. <strong>\u00bfPreparado para Reiniciar y Refrescar?<\/strong><\/p>\n\n\n\n<p class=\"has-text-align-left\"><strong><br><\/strong>Tanto si vienes con amigos, familiares o compa\u00f1eros de trabajo, tu tiempo garantiza que el campamento est\u00e9 listo para la siguiente ronda de alegr\u00eda, risas y experiencias que cambian la vida.<\/p>\n\n\n\n<div style=\"height:100px\" aria-hidden=\"true\" class=\"wp-block-spacer\"><\/div>","protected":false},"excerpt":{"rendered":"<p>Grupo Reset &amp; Refresh TODOS ESOS CAMPISTANES SON ADORABLES. \u00a1TAMBI\u00c9N SON BASTANTE DESORDENADOS! Apoya nuestra misi\u00f3n ayud\u00e1ndonos a restaurar y refrescar nuestro camping despu\u00e9s de ... <a href=\"https:\/\/roundupriverranch.org\/es\/volunteer\/day-group-roles\/reset-refresh-group\/\">Contin\u00faa<\/a><\/p>","protected":false},"author":1,"featured_media":0,"parent":695,"menu_order":0,"comment_status":"closed","ping_status":"open","template":"template-secondary.blade.php","meta":{"_acf_changed":false,"footnotes":""},"class_list":["post-816","page","type-page","status-publish","hentry"],"acf":[],"yoast_head":"<!-- This site is optimized with the Yoast SEO Premium plugin v26.9 (Yoast SEO v27.4) - https:\/\/yoast.com\/product\/yoast-seo-premium-wordpress\/ -->\n<title>Reset &amp; Refresh Group - Roundup River Ranch<\/title>\n<meta name=\"robots\" content=\"index, follow, max-snippet:-1, max-image-preview:large, max-video-preview:-1\" \/>\n<link rel=\"canonical\" href=\"https:\/\/roundupriverranch.org\/es\/volunteer\/day-group-roles\/reset-refresh-group\/\" \/>\n<meta property=\"og:locale\" content=\"es_ES\" \/>\n<meta property=\"og:type\" content=\"article\" \/>\n<meta property=\"og:title\" content=\"Reset &amp; Refresh Group\" \/>\n<meta property=\"og:description\" content=\"Reset &amp; Refresh Group ALL THOSE CAMPERS ARE ADORABLE. THEY\u2019RE ALSO PRETTY MESSY! Support our mission by helping us reset and refresh our campsite after &hellip; Continued\" \/>\n<meta property=\"og:url\" content=\"https:\/\/roundupriverranch.org\/es\/volunteer\/day-group-roles\/reset-refresh-group\/\" \/>\n<meta property=\"og:site_name\" content=\"Roundup River Ranch\" \/>\n<meta property=\"article:publisher\" content=\"https:\/\/www.facebook.com\/roundupriverranch\/\" \/>\n<meta property=\"article:modified_time\" content=\"2026-01-13T22:29:29+00:00\" \/>\n<meta name=\"twitter:card\" content=\"summary_large_image\" \/>\n<meta name=\"twitter:label1\" content=\"Tiempo de lectura\" \/>\n\t<meta name=\"twitter:data1\" content=\"1 minuto\" \/>\n<script type=\"application\/ld+json\" class=\"yoast-schema-graph\">{\"@context\":\"https:\\\/\\\/schema.org\",\"@graph\":[{\"@type\":\"WebPage\",\"@id\":\"https:\\\/\\\/roundupriverranch.org\\\/volunteer\\\/day-group-roles\\\/reset-refresh-group\\\/\",\"url\":\"https:\\\/\\\/roundupriverranch.org\\\/volunteer\\\/day-group-roles\\\/reset-refresh-group\\\/\",\"name\":\"Reset &amp; Refresh Group - Roundup River Ranch\",\"isPartOf\":{\"@id\":\"https:\\\/\\\/roundupriverranch.org\\\/#website\"},\"datePublished\":\"2025-12-10T09:28:24+00:00\",\"dateModified\":\"2026-01-13T22:29:29+00:00\",\"breadcrumb\":{\"@id\":\"https:\\\/\\\/roundupriverranch.org\\\/volunteer\\\/day-group-roles\\\/reset-refresh-group\\\/#breadcrumb\"},\"inLanguage\":\"es\",\"potentialAction\":[{\"@type\":\"ReadAction\",\"target\":[\"https:\\\/\\\/roundupriverranch.org\\\/volunteer\\\/day-group-roles\\\/reset-refresh-group\\\/\"]}]},{\"@type\":\"BreadcrumbList\",\"@id\":\"https:\\\/\\\/roundupriverranch.org\\\/volunteer\\\/day-group-roles\\\/reset-refresh-group\\\/#breadcrumb\",\"itemListElement\":[{\"@type\":\"ListItem\",\"position\":1,\"name\":\"Home\",\"item\":\"https:\\\/\\\/roundupriverranch.org\\\/\"},{\"@type\":\"ListItem\",\"position\":2,\"name\":\"Volunteer\",\"item\":\"https:\\\/\\\/roundupriverranch.org\\\/volunteer\\\/\"},{\"@type\":\"ListItem\",\"position\":3,\"name\":\"Day and Group Roles\",\"item\":\"https:\\\/\\\/roundupriverranch.org\\\/volunteer\\\/day-group-roles\\\/\"},{\"@type\":\"ListItem\",\"position\":4,\"name\":\"Reset &amp; Refresh Group\"}]},{\"@type\":\"WebSite\",\"@id\":\"https:\\\/\\\/roundupriverranch.org\\\/#website\",\"url\":\"https:\\\/\\\/roundupriverranch.org\\\/\",\"name\":\"Roundup River Ranch\",\"description\":\"\",\"potentialAction\":[{\"@type\":\"SearchAction\",\"target\":{\"@type\":\"EntryPoint\",\"urlTemplate\":\"https:\\\/\\\/roundupriverranch.org\\\/?s={search_term_string}\"},\"query-input\":{\"@type\":\"PropertyValueSpecification\",\"valueRequired\":true,\"valueName\":\"search_term_string\"}}],\"inLanguage\":\"es\"}]}<\/script>\n<!-- \/ Yoast SEO Premium plugin. -->","yoast_head_json":{"title":"Grupo Reset &amp; Refresh - Roundup River Ranch","robots":{"index":"index","follow":"follow","max-snippet":"max-snippet:-1","max-image-preview":"max-image-preview:large","max-video-preview":"max-video-preview:-1"},"canonical":"https:\/\/roundupriverranch.org\/es\/volunteer\/day-group-roles\/reset-refresh-group\/","og_locale":"es_ES","og_type":"article","og_title":"Reset &amp; Refresh Group","og_description":"Reset &amp; Refresh Group ALL THOSE CAMPERS ARE ADORABLE. THEY\u2019RE ALSO PRETTY MESSY! Support our mission by helping us reset and refresh our campsite after &hellip; Continued","og_url":"https:\/\/roundupriverranch.org\/es\/volunteer\/day-group-roles\/reset-refresh-group\/","og_site_name":"Roundup River Ranch","article_publisher":"https:\/\/www.facebook.com\/roundupriverranch\/","article_modified_time":"2026-01-13T22:29:29+00:00","twitter_card":"summary_large_image","twitter_misc":{"Tiempo de lectura":"1 minuto"},"schema":{"@context":"https:\/\/schema.org","@graph":[{"@type":"WebPage","@id":"https:\/\/roundupriverranch.org\/volunteer\/day-group-roles\/reset-refresh-group\/","url":"https:\/\/roundupriverranch.org\/volunteer\/day-group-roles\/reset-refresh-group\/","name":"Grupo Reset &amp; Refresh - Roundup River Ranch","isPartOf":{"@id":"https:\/\/roundupriverranch.org\/#website"},"datePublished":"2025-12-10T09:28:24+00:00","dateModified":"2026-01-13T22:29:29+00:00","breadcrumb":{"@id":"https:\/\/roundupriverranch.org\/volunteer\/day-group-roles\/reset-refresh-group\/#breadcrumb"},"inLanguage":"es","potentialAction":[{"@type":"ReadAction","target":["https:\/\/roundupriverranch.org\/volunteer\/day-group-roles\/reset-refresh-group\/"]}]},{"@type":"BreadcrumbList","@id":"https:\/\/roundupriverranch.org\/volunteer\/day-group-roles\/reset-refresh-group\/#breadcrumb","itemListElement":[{"@type":"ListItem","position":1,"name":"Home","item":"https:\/\/roundupriverranch.org\/"},{"@type":"ListItem","position":2,"name":"Volunteer","item":"https:\/\/roundupriverranch.org\/volunteer\/"},{"@type":"ListItem","position":3,"name":"Day and Group Roles","item":"https:\/\/roundupriverranch.org\/volunteer\/day-group-roles\/"},{"@type":"ListItem","position":4,"name":"Reset &amp; Refresh Group"}]},{"@type":"WebSite","@id":"https:\/\/roundupriverranch.org\/#website","url":"https:\/\/roundupriverranch.org\/","name":"Rancho Roundup River","description":"","potentialAction":[{"@type":"SearchAction","target":{"@type":"EntryPoint","urlTemplate":"https:\/\/roundupriverranch.org\/?s={search_term_string}"},"query-input":{"@type":"PropertyValueSpecification","valueRequired":true,"valueName":"search_term_string"}}],"inLanguage":"es"}]}},"_links":{"self":[{"href":"https:\/\/roundupriverranch.org\/es\/wp-json\/wp\/v2\/pages\/816","targetHints":{"allow":["GET"]}}],"collection":[{"href":"https:\/\/roundupriverranch.org\/es\/wp-json\/wp\/v2\/pages"}],"about":[{"href":"https:\/\/roundupriverranch.org\/es\/wp-json\/wp\/v2\/types\/page"}],"author":[{"embeddable":true,"href":"https:\/\/roundupriverranch.org\/es\/wp-json\/wp\/v2\/users\/1"}],"replies":[{"embeddable":true,"href":"https:\/\/roundupriverranch.org\/es\/wp-json\/wp\/v2\/comments?post=816"}],"version-history":[{"count":9,"href":"https:\/\/roundupriverranch.org\/es\/wp-json\/wp\/v2\/pages\/816\/revisions"}],"predecessor-version":[{"id":11938,"href":"https:\/\/roundupriverranch.org\/es\/wp-json\/wp\/v2\/pages\/816\/revisions\/11938"}],"up":[{"embeddable":true,"href":"https:\/\/roundupriverranch.org\/es\/wp-json\/wp\/v2\/pages\/695"}],"wp:attachment":[{"href":"https:\/\/roundupriverranch.org\/es\/wp-json\/wp\/v2\/media?parent=816"}],"curies":[{"name":"wp","href":"https:\/\/api.w.org\/{rel}","templated":true}]}}