{"id":818,"date":"2025-12-10T09:29:48","date_gmt":"2025-12-10T09:29:48","guid":{"rendered":"https:\/\/roundupriverranch.org\/?page_id=818"},"modified":"2025-12-15T06:51:02","modified_gmt":"2025-12-15T06:51:02","slug":"small-group-projects","status":"publish","type":"page","link":"https:\/\/roundupriverranch.org\/es\/volunteer\/day-group-roles\/small-group-projects\/","title":{"rendered":"Proyectos en peque\u00f1os grupos"},"content":{"rendered":"<div class=\"defaultheaderblock\">\n    <div class=\"defaultheaderblockinner\">\n\n                    <div class=\"headerouter\">\n                <div class=\"headerimage\" style=\"background-image: url(https:\/\/roundupriverranch.org\/wp-content\/uploads\/2025\/12\/roundup-river-ranch-camp-2000x460-feature124.png)\">\n                    <img decoding=\"async\" src=\"https:\/\/roundupriverranch.org\/wp-content\/uploads\/2025\/12\/roundup-river-ranch-camp-2000x460-feature124.png\" alt=\"campers welcoming friends to camp\" \/>\n                <\/div>\n                <div class=\"mobileheaderimage\">\n                    <img decoding=\"async\" src=\"https:\/\/roundupriverranch.org\/wp-content\/uploads\/2025\/12\/roundup-river-ranch-camp-930x500-feature18.png\" alt=\"campers welcoming friends to camp\" \/>\n                <\/div>\n            <\/div>\n        \n    <\/div>\n    <div class=\"defaultheadercurve\">\n        <img decoding=\"async\" src=\"https:\/\/roundupriverranch.org\/wp-content\/themes\/sage\/public\/build\/assets\/defaultheadercurve-Cez_Hkub.svg\" alt=\"\">\n    <\/div>\n<\/div>\n\n\n\n<h1 class=\"wp-block-heading has-text-align-center\">Proyectos en peque\u00f1os grupos<\/h1>\n\n\n\n<h2 class=\"wp-block-heading has-text-align-center\">EL PODER DE UNA COMUNIDAD: <br>VOLUNTARIOS EN GRUPO.<\/h2>\n\n\n\n<div style=\"height:20px\" aria-hidden=\"true\" class=\"wp-block-spacer\"><\/div>\n\n\n\n<p class=\"has-text-align-left\">\u00bfTienes un grupo local, un grupo de amigos, un equipo de empleados o una familia que quiere marcar la diferencia? Tenemos proyectos grandes y peque\u00f1os que ayudan a mantener el campamento funcionando sin problemas y llevar alegr\u00eda a todos los campistas. Desde el montaje de Estrellas de la Esperanza y cordones para campistas hasta peque\u00f1as tareas de jardiner\u00eda u organizaci\u00f3n, \u00a1hay un proyecto para cada grupo!  Los proyectos de grupos peque\u00f1os est\u00e1n abiertos a todas las edades y pueden llevarse a cabo en nuestro campamento o en Denver.<\/p>\n\n\n\n<h3 class=\"wp-block-heading\">S\u00f3lo una muestra de lo que puedes hacer:<\/h3>\n\n\n\n<ul class=\"wp-block-list\">\n<li>Corta y monta las estrellas de la esperanza o los cordones para campistas<\/li>\n\n\n\n<li>Ayuda en proyectos de paisajismo o jardiner\u00eda<\/li>\n\n\n\n<li>Ayudar a inventariar y organizar los suministros<\/li>\n<\/ul>\n\n\n\n<p><br>Ofrecemos jornadas de voluntariado en peque\u00f1os proyectos durante todo el a\u00f1o para particulares y grupos: corporativos, c\u00edvicos, religiosos, de hermandades, educativos, recreativos, etc.<\/p>\n\n\n\n<p>Para programar una jornada de voluntariado en un proyecto para grupos peque\u00f1os, env\u00edenos un correo electr\u00f3nico a <a href=\"mailto:volunteer@roundupriverranch.org\">volunteer@roundupriverranch.org<\/a> para conocer la disponibilidad y la programaci\u00f3n.<\/p>\n\n\n\n<div style=\"height:100px\" aria-hidden=\"true\" class=\"wp-block-spacer\"><\/div>","protected":false},"excerpt":{"rendered":"<p>Proyectos para grupos peque\u00f1os EL PODER DE UNA COMUNIDAD: VOLUNTARIOS EN GRUPO. \u00bfTienes un grupo local, un grupo de amigos, un equipo de empleados o una familia que busca ... <a href=\"https:\/\/roundupriverranch.org\/es\/volunteer\/day-group-roles\/small-group-projects\/\">Contin\u00faa<\/a><\/p>","protected":false},"author":1,"featured_media":0,"parent":695,"menu_order":0,"comment_status":"closed","ping_status":"open","template":"template-secondary.blade.php","meta":{"_acf_changed":false,"footnotes":""},"class_list":["post-818","page","type-page","status-publish","hentry"],"acf":[],"yoast_head":"<!-- This site is optimized with the Yoast SEO Premium plugin v26.9 (Yoast SEO v27.4) - https:\/\/yoast.com\/product\/yoast-seo-premium-wordpress\/ -->\n<title>Small Group Projects - Roundup River Ranch<\/title>\n<meta name=\"robots\" content=\"index, follow, max-snippet:-1, max-image-preview:large, max-video-preview:-1\" \/>\n<link rel=\"canonical\" href=\"https:\/\/roundupriverranch.org\/es\/volunteer\/day-group-roles\/small-group-projects\/\" \/>\n<meta property=\"og:locale\" content=\"es_ES\" \/>\n<meta property=\"og:type\" content=\"article\" \/>\n<meta property=\"og:title\" content=\"Small Group Projects\" \/>\n<meta property=\"og:description\" content=\"Small Group Projects THE POWER OF A COMMUNITY: VOLUNTEER AS A GROUP. Do you have a local group, friend group, employee team, or family looking &hellip; Continued\" \/>\n<meta property=\"og:url\" content=\"https:\/\/roundupriverranch.org\/es\/volunteer\/day-group-roles\/small-group-projects\/\" \/>\n<meta property=\"og:site_name\" content=\"Roundup River Ranch\" \/>\n<meta property=\"article:publisher\" content=\"https:\/\/www.facebook.com\/roundupriverranch\/\" \/>\n<meta property=\"article:modified_time\" content=\"2025-12-15T06:51:02+00:00\" \/>\n<meta name=\"twitter:card\" content=\"summary_large_image\" \/>\n<meta name=\"twitter:label1\" content=\"Tiempo de lectura\" \/>\n\t<meta name=\"twitter:data1\" content=\"1 minuto\" \/>\n<script type=\"application\/ld+json\" class=\"yoast-schema-graph\">{\"@context\":\"https:\\\/\\\/schema.org\",\"@graph\":[{\"@type\":\"WebPage\",\"@id\":\"https:\\\/\\\/roundupriverranch.org\\\/volunteer\\\/day-group-roles\\\/small-group-projects\\\/\",\"url\":\"https:\\\/\\\/roundupriverranch.org\\\/volunteer\\\/day-group-roles\\\/small-group-projects\\\/\",\"name\":\"Small Group Projects - Roundup River Ranch\",\"isPartOf\":{\"@id\":\"https:\\\/\\\/roundupriverranch.org\\\/#website\"},\"datePublished\":\"2025-12-10T09:29:48+00:00\",\"dateModified\":\"2025-12-15T06:51:02+00:00\",\"breadcrumb\":{\"@id\":\"https:\\\/\\\/roundupriverranch.org\\\/volunteer\\\/day-group-roles\\\/small-group-projects\\\/#breadcrumb\"},\"inLanguage\":\"es\",\"potentialAction\":[{\"@type\":\"ReadAction\",\"target\":[\"https:\\\/\\\/roundupriverranch.org\\\/volunteer\\\/day-group-roles\\\/small-group-projects\\\/\"]}]},{\"@type\":\"BreadcrumbList\",\"@id\":\"https:\\\/\\\/roundupriverranch.org\\\/volunteer\\\/day-group-roles\\\/small-group-projects\\\/#breadcrumb\",\"itemListElement\":[{\"@type\":\"ListItem\",\"position\":1,\"name\":\"Home\",\"item\":\"https:\\\/\\\/roundupriverranch.org\\\/\"},{\"@type\":\"ListItem\",\"position\":2,\"name\":\"Volunteer\",\"item\":\"https:\\\/\\\/roundupriverranch.org\\\/volunteer\\\/\"},{\"@type\":\"ListItem\",\"position\":3,\"name\":\"Day and Group Roles\",\"item\":\"https:\\\/\\\/roundupriverranch.org\\\/volunteer\\\/day-group-roles\\\/\"},{\"@type\":\"ListItem\",\"position\":4,\"name\":\"Small Group Projects\"}]},{\"@type\":\"WebSite\",\"@id\":\"https:\\\/\\\/roundupriverranch.org\\\/#website\",\"url\":\"https:\\\/\\\/roundupriverranch.org\\\/\",\"name\":\"Roundup River Ranch\",\"description\":\"\",\"potentialAction\":[{\"@type\":\"SearchAction\",\"target\":{\"@type\":\"EntryPoint\",\"urlTemplate\":\"https:\\\/\\\/roundupriverranch.org\\\/?s={search_term_string}\"},\"query-input\":{\"@type\":\"PropertyValueSpecification\",\"valueRequired\":true,\"valueName\":\"search_term_string\"}}],\"inLanguage\":\"es\"}]}<\/script>\n<!-- \/ Yoast SEO Premium plugin. -->","yoast_head_json":{"title":"Proyectos en grupos peque\u00f1os - Roundup River Ranch","robots":{"index":"index","follow":"follow","max-snippet":"max-snippet:-1","max-image-preview":"max-image-preview:large","max-video-preview":"max-video-preview:-1"},"canonical":"https:\/\/roundupriverranch.org\/es\/volunteer\/day-group-roles\/small-group-projects\/","og_locale":"es_ES","og_type":"article","og_title":"Small Group Projects","og_description":"Small Group Projects THE POWER OF A COMMUNITY: VOLUNTEER AS A GROUP. Do you have a local group, friend group, employee team, or family looking &hellip; Continued","og_url":"https:\/\/roundupriverranch.org\/es\/volunteer\/day-group-roles\/small-group-projects\/","og_site_name":"Roundup River Ranch","article_publisher":"https:\/\/www.facebook.com\/roundupriverranch\/","article_modified_time":"2025-12-15T06:51:02+00:00","twitter_card":"summary_large_image","twitter_misc":{"Tiempo de lectura":"1 minuto"},"schema":{"@context":"https:\/\/schema.org","@graph":[{"@type":"WebPage","@id":"https:\/\/roundupriverranch.org\/volunteer\/day-group-roles\/small-group-projects\/","url":"https:\/\/roundupriverranch.org\/volunteer\/day-group-roles\/small-group-projects\/","name":"Proyectos en grupos peque\u00f1os - Roundup River Ranch","isPartOf":{"@id":"https:\/\/roundupriverranch.org\/#website"},"datePublished":"2025-12-10T09:29:48+00:00","dateModified":"2025-12-15T06:51:02+00:00","breadcrumb":{"@id":"https:\/\/roundupriverranch.org\/volunteer\/day-group-roles\/small-group-projects\/#breadcrumb"},"inLanguage":"es","potentialAction":[{"@type":"ReadAction","target":["https:\/\/roundupriverranch.org\/volunteer\/day-group-roles\/small-group-projects\/"]}]},{"@type":"BreadcrumbList","@id":"https:\/\/roundupriverranch.org\/volunteer\/day-group-roles\/small-group-projects\/#breadcrumb","itemListElement":[{"@type":"ListItem","position":1,"name":"Home","item":"https:\/\/roundupriverranch.org\/"},{"@type":"ListItem","position":2,"name":"Volunteer","item":"https:\/\/roundupriverranch.org\/volunteer\/"},{"@type":"ListItem","position":3,"name":"Day and Group Roles","item":"https:\/\/roundupriverranch.org\/volunteer\/day-group-roles\/"},{"@type":"ListItem","position":4,"name":"Small Group Projects"}]},{"@type":"WebSite","@id":"https:\/\/roundupriverranch.org\/#website","url":"https:\/\/roundupriverranch.org\/","name":"Rancho Roundup River","description":"","potentialAction":[{"@type":"SearchAction","target":{"@type":"EntryPoint","urlTemplate":"https:\/\/roundupriverranch.org\/?s={search_term_string}"},"query-input":{"@type":"PropertyValueSpecification","valueRequired":true,"valueName":"search_term_string"}}],"inLanguage":"es"}]}},"_links":{"self":[{"href":"https:\/\/roundupriverranch.org\/es\/wp-json\/wp\/v2\/pages\/818","targetHints":{"allow":["GET"]}}],"collection":[{"href":"https:\/\/roundupriverranch.org\/es\/wp-json\/wp\/v2\/pages"}],"about":[{"href":"https:\/\/roundupriverranch.org\/es\/wp-json\/wp\/v2\/types\/page"}],"author":[{"embeddable":true,"href":"https:\/\/roundupriverranch.org\/es\/wp-json\/wp\/v2\/users\/1"}],"replies":[{"embeddable":true,"href":"https:\/\/roundupriverranch.org\/es\/wp-json\/wp\/v2\/comments?post=818"}],"version-history":[{"count":7,"href":"https:\/\/roundupriverranch.org\/es\/wp-json\/wp\/v2\/pages\/818\/revisions"}],"predecessor-version":[{"id":2416,"href":"https:\/\/roundupriverranch.org\/es\/wp-json\/wp\/v2\/pages\/818\/revisions\/2416"}],"up":[{"embeddable":true,"href":"https:\/\/roundupriverranch.org\/es\/wp-json\/wp\/v2\/pages\/695"}],"wp:attachment":[{"href":"https:\/\/roundupriverranch.org\/es\/wp-json\/wp\/v2\/media?parent=818"}],"curies":[{"name":"wp","href":"https:\/\/api.w.org\/{rel}","templated":true}]}}