{"id":822,"date":"2025-12-10T09:32:37","date_gmt":"2025-12-10T09:32:37","guid":{"rendered":"https:\/\/roundupriverranch.org\/?page_id=822"},"modified":"2026-02-11T23:51:27","modified_gmt":"2026-02-11T23:51:27","slug":"operations-support","status":"publish","type":"page","link":"https:\/\/roundupriverranch.org\/es\/volunteer\/day-group-roles\/operations-support\/","title":{"rendered":"Apoyo a las operaciones"},"content":{"rendered":"<div class=\"defaultheaderblock\">\n    <div class=\"defaultheaderblockinner\">\n\n                    <div class=\"headerouter\">\n                <div class=\"headerimage\" style=\"background-image: url(https:\/\/roundupriverranch.org\/wp-content\/uploads\/2025\/12\/roundup-river-ranch-camp-2000x460-feature114.png)\">\n                    <img decoding=\"async\" src=\"https:\/\/roundupriverranch.org\/wp-content\/uploads\/2025\/12\/roundup-river-ranch-camp-2000x460-feature114.png\" alt=\"camper fishing\" \/>\n                <\/div>\n                <div class=\"mobileheaderimage\">\n                    <img decoding=\"async\" src=\"https:\/\/roundupriverranch.org\/wp-content\/uploads\/2025\/12\/roundup-river-ranch-camp-930x500-feature16.png\" alt=\"camper fishing\" \/>\n                <\/div>\n            <\/div>\n        \n    <\/div>\n    <div class=\"defaultheadercurve\">\n        <img decoding=\"async\" src=\"https:\/\/roundupriverranch.org\/wp-content\/themes\/sage\/public\/build\/assets\/defaultheadercurve-Cez_Hkub.svg\" alt=\"\">\n    <\/div>\n<\/div>\n\n\n\n<h1 class=\"wp-block-heading has-text-align-center\" id=\"h-operations-support\">Apoyo a las operaciones<\/h1>\n\n\n\n<div style=\"height:20px\" aria-hidden=\"true\" class=\"wp-block-spacer\"><\/div>\n\n\n\n<p class=\"has-text-align-left\">Hay muchas maneras significativas de dar su tiempo y apoyar el coraz\u00f3n del campamento - tanto en los terrenos de nuestro campamento y en la comunidad. Las funciones de apoyo a las operaciones ayudan a impulsar nuestros eventos especiales, a mantener el buen funcionamiento del campamento y a llevar alegr\u00eda a los campistas a trav\u00e9s de nuestros programas de divulgaci\u00f3n. Se trata normalmente de funciones de voluntariado diurno y puede que no requieran el proceso de solicitud completo ni la formaci\u00f3n necesaria para los voluntarios de nuestros programas residenciales.<\/p>\n\n\n\n<hr class=\"wp-block-separator has-alpha-channel-opacity\"\/>\n\n\n\n<h3 class=\"wp-block-heading\" id=\"h-event-support-or-administrative\">Apoyo a eventos o administrativo<\/h3>\n\n\n\n<p>\u00a1Ayude a crear momentos inolvidables en los eventos emblem\u00e1ticos de Roundup River Ranch! Como Voluntario de Apoyo a Eventos, ayudar\u00e1s a que los eventos se desarrollen sin problemas asistiendo con:<\/p>\n\n\n\n<ul class=\"wp-block-list\">\n<li>Montaje y desmontaje del evento<\/li>\n\n\n\n<li>Registro de invitados<\/li>\n\n\n\n<li>Hospitalidad y compromiso con los hu\u00e9spedes<\/li>\n\n\n\n<li>Log\u00edstica in situ y apoyo entre bastidores<\/li>\n<\/ul>\n\n\n\n<p>Si te gusta la gente, la energ\u00eda y que las cosas funcionen a la perfecci\u00f3n, este puesto es perfecto para ti. Los voluntarios de apoyo administrativo o de eventos deben tener al menos 16 a\u00f1os.<\/p>\n\n\n\n<hr class=\"wp-block-separator has-alpha-channel-opacity\"\/>\n\n\n\n<h3 class=\"wp-block-heading\" id=\"h-facilities-support\">Apoyo a las instalaciones<\/h3>\n\n\n\n<p><em>(Voluntario de D\u00eda o Residencial seg\u00fan lo permita el alojamiento)<br><\/em>Si te gustan los proyectos pr\u00e1cticos, \u00e9sta es la forma perfecta de contribuir a la magia del campamento. Los voluntarios de instalaciones ayudan a nuestro equipo con el mantenimiento diario de nuestro hermoso camping, incluyendo:<\/p>\n\n\n\n<ul class=\"wp-block-list\">\n<li>Cocina y lavavajillas<\/li>\n\n\n\n<li>Limpieza de suelos y asistencia en la cocina<\/li>\n\n\n\n<li>Peque\u00f1as tareas de mantenimiento<\/li>\n\n\n\n<li>Jardiner\u00eda: cortar el c\u00e9sped, podar, desherbar, cuidar las plantas<\/li>\n\n\n\n<li>Proyectos especiales basados en tus habilidades e intereses<\/li>\n\n\n\n<li>Esta funci\u00f3n mantiene el campamento seguro, limpio y preparado para todos los campistas que llegan.<\/li>\n<\/ul>\n\n\n\n<hr class=\"wp-block-separator has-alpha-channel-opacity\"\/>\n\n\n\n<h3 class=\"wp-block-heading has-text-align-left\" id=\"h-ready-to-get-involved\">\u00bfListo para participar? <\/h3>\n\n\n\n<p class=\"has-text-align-left\">Tanto si puede donar unas horas como un d\u00eda entero, su ayuda contribuye a crear experiencias extraordinarias para los campistas y sus familias. <strong><a href=\"https:\/\/roundupriverranch.org\/es\/volunteer\/\">Obtenga m\u00e1s informaci\u00f3n e inscr\u00edbase hoy mismo.<\/a><\/strong><\/p>\n\n\n\n<div style=\"height:100px\" aria-hidden=\"true\" class=\"wp-block-spacer\"><\/div>","protected":false},"excerpt":{"rendered":"<p>Apoyo a las operaciones Hay muchas maneras significativas de dar su tiempo y apoyar el coraz\u00f3n del campamento - tanto en los terrenos de nuestro ... <a href=\"https:\/\/roundupriverranch.org\/es\/volunteer\/day-group-roles\/operations-support\/\">Contin\u00faa<\/a><\/p>","protected":false},"author":1,"featured_media":0,"parent":695,"menu_order":0,"comment_status":"closed","ping_status":"open","template":"template-secondary.blade.php","meta":{"_acf_changed":false,"footnotes":""},"class_list":["post-822","page","type-page","status-publish","hentry"],"acf":[],"yoast_head":"<!-- This site is optimized with the Yoast SEO Premium plugin v26.9 (Yoast SEO v27.4) - https:\/\/yoast.com\/product\/yoast-seo-premium-wordpress\/ -->\n<title>Operations Support - Roundup River Ranch<\/title>\n<meta name=\"robots\" content=\"index, follow, max-snippet:-1, max-image-preview:large, max-video-preview:-1\" \/>\n<link rel=\"canonical\" href=\"https:\/\/roundupriverranch.org\/es\/volunteer\/day-group-roles\/operations-support\/\" \/>\n<meta property=\"og:locale\" content=\"es_ES\" \/>\n<meta property=\"og:type\" content=\"article\" \/>\n<meta property=\"og:title\" content=\"Operations Support\" \/>\n<meta property=\"og:description\" content=\"Operations Support There are so many meaningful ways to give your time and support the heart of camp &#8211; both on the grounds of our &hellip; Continued\" \/>\n<meta property=\"og:url\" content=\"https:\/\/roundupriverranch.org\/es\/volunteer\/day-group-roles\/operations-support\/\" \/>\n<meta property=\"og:site_name\" content=\"Roundup River Ranch\" \/>\n<meta property=\"article:publisher\" content=\"https:\/\/www.facebook.com\/roundupriverranch\/\" \/>\n<meta property=\"article:modified_time\" content=\"2026-02-11T23:51:27+00:00\" \/>\n<meta name=\"twitter:card\" content=\"summary_large_image\" \/>\n<meta name=\"twitter:label1\" content=\"Tiempo de lectura\" \/>\n\t<meta name=\"twitter:data1\" content=\"2 minutos\" \/>\n<script type=\"application\/ld+json\" class=\"yoast-schema-graph\">{\"@context\":\"https:\\\/\\\/schema.org\",\"@graph\":[{\"@type\":\"WebPage\",\"@id\":\"https:\\\/\\\/roundupriverranch.org\\\/volunteer\\\/day-group-roles\\\/operations-support\\\/\",\"url\":\"https:\\\/\\\/roundupriverranch.org\\\/volunteer\\\/day-group-roles\\\/operations-support\\\/\",\"name\":\"Operations Support - Roundup River Ranch\",\"isPartOf\":{\"@id\":\"https:\\\/\\\/roundupriverranch.org\\\/#website\"},\"datePublished\":\"2025-12-10T09:32:37+00:00\",\"dateModified\":\"2026-02-11T23:51:27+00:00\",\"breadcrumb\":{\"@id\":\"https:\\\/\\\/roundupriverranch.org\\\/volunteer\\\/day-group-roles\\\/operations-support\\\/#breadcrumb\"},\"inLanguage\":\"es\",\"potentialAction\":[{\"@type\":\"ReadAction\",\"target\":[\"https:\\\/\\\/roundupriverranch.org\\\/volunteer\\\/day-group-roles\\\/operations-support\\\/\"]}]},{\"@type\":\"BreadcrumbList\",\"@id\":\"https:\\\/\\\/roundupriverranch.org\\\/volunteer\\\/day-group-roles\\\/operations-support\\\/#breadcrumb\",\"itemListElement\":[{\"@type\":\"ListItem\",\"position\":1,\"name\":\"Home\",\"item\":\"https:\\\/\\\/roundupriverranch.org\\\/\"},{\"@type\":\"ListItem\",\"position\":2,\"name\":\"Volunteer\",\"item\":\"https:\\\/\\\/roundupriverranch.org\\\/volunteer\\\/\"},{\"@type\":\"ListItem\",\"position\":3,\"name\":\"Day and Group Roles\",\"item\":\"https:\\\/\\\/roundupriverranch.org\\\/volunteer\\\/day-group-roles\\\/\"},{\"@type\":\"ListItem\",\"position\":4,\"name\":\"Operations Support\"}]},{\"@type\":\"WebSite\",\"@id\":\"https:\\\/\\\/roundupriverranch.org\\\/#website\",\"url\":\"https:\\\/\\\/roundupriverranch.org\\\/\",\"name\":\"Roundup River Ranch\",\"description\":\"\",\"potentialAction\":[{\"@type\":\"SearchAction\",\"target\":{\"@type\":\"EntryPoint\",\"urlTemplate\":\"https:\\\/\\\/roundupriverranch.org\\\/?s={search_term_string}\"},\"query-input\":{\"@type\":\"PropertyValueSpecification\",\"valueRequired\":true,\"valueName\":\"search_term_string\"}}],\"inLanguage\":\"es\"}]}<\/script>\n<!-- \/ Yoast SEO Premium plugin. -->","yoast_head_json":{"title":"Apoyo a las operaciones - Roundup River Ranch","robots":{"index":"index","follow":"follow","max-snippet":"max-snippet:-1","max-image-preview":"max-image-preview:large","max-video-preview":"max-video-preview:-1"},"canonical":"https:\/\/roundupriverranch.org\/es\/volunteer\/day-group-roles\/operations-support\/","og_locale":"es_ES","og_type":"article","og_title":"Operations Support","og_description":"Operations Support There are so many meaningful ways to give your time and support the heart of camp &#8211; both on the grounds of our &hellip; Continued","og_url":"https:\/\/roundupriverranch.org\/es\/volunteer\/day-group-roles\/operations-support\/","og_site_name":"Roundup River Ranch","article_publisher":"https:\/\/www.facebook.com\/roundupriverranch\/","article_modified_time":"2026-02-11T23:51:27+00:00","twitter_card":"summary_large_image","twitter_misc":{"Tiempo de lectura":"2 minutos"},"schema":{"@context":"https:\/\/schema.org","@graph":[{"@type":"WebPage","@id":"https:\/\/roundupriverranch.org\/volunteer\/day-group-roles\/operations-support\/","url":"https:\/\/roundupriverranch.org\/volunteer\/day-group-roles\/operations-support\/","name":"Apoyo a las operaciones - Roundup River Ranch","isPartOf":{"@id":"https:\/\/roundupriverranch.org\/#website"},"datePublished":"2025-12-10T09:32:37+00:00","dateModified":"2026-02-11T23:51:27+00:00","breadcrumb":{"@id":"https:\/\/roundupriverranch.org\/volunteer\/day-group-roles\/operations-support\/#breadcrumb"},"inLanguage":"es","potentialAction":[{"@type":"ReadAction","target":["https:\/\/roundupriverranch.org\/volunteer\/day-group-roles\/operations-support\/"]}]},{"@type":"BreadcrumbList","@id":"https:\/\/roundupriverranch.org\/volunteer\/day-group-roles\/operations-support\/#breadcrumb","itemListElement":[{"@type":"ListItem","position":1,"name":"Home","item":"https:\/\/roundupriverranch.org\/"},{"@type":"ListItem","position":2,"name":"Volunteer","item":"https:\/\/roundupriverranch.org\/volunteer\/"},{"@type":"ListItem","position":3,"name":"Day and Group Roles","item":"https:\/\/roundupriverranch.org\/volunteer\/day-group-roles\/"},{"@type":"ListItem","position":4,"name":"Operations Support"}]},{"@type":"WebSite","@id":"https:\/\/roundupriverranch.org\/#website","url":"https:\/\/roundupriverranch.org\/","name":"Rancho Roundup River","description":"","potentialAction":[{"@type":"SearchAction","target":{"@type":"EntryPoint","urlTemplate":"https:\/\/roundupriverranch.org\/?s={search_term_string}"},"query-input":{"@type":"PropertyValueSpecification","valueRequired":true,"valueName":"search_term_string"}}],"inLanguage":"es"}]}},"_links":{"self":[{"href":"https:\/\/roundupriverranch.org\/es\/wp-json\/wp\/v2\/pages\/822","targetHints":{"allow":["GET"]}}],"collection":[{"href":"https:\/\/roundupriverranch.org\/es\/wp-json\/wp\/v2\/pages"}],"about":[{"href":"https:\/\/roundupriverranch.org\/es\/wp-json\/wp\/v2\/types\/page"}],"author":[{"embeddable":true,"href":"https:\/\/roundupriverranch.org\/es\/wp-json\/wp\/v2\/users\/1"}],"replies":[{"embeddable":true,"href":"https:\/\/roundupriverranch.org\/es\/wp-json\/wp\/v2\/comments?post=822"}],"version-history":[{"count":13,"href":"https:\/\/roundupriverranch.org\/es\/wp-json\/wp\/v2\/pages\/822\/revisions"}],"predecessor-version":[{"id":12354,"href":"https:\/\/roundupriverranch.org\/es\/wp-json\/wp\/v2\/pages\/822\/revisions\/12354"}],"up":[{"embeddable":true,"href":"https:\/\/roundupriverranch.org\/es\/wp-json\/wp\/v2\/pages\/695"}],"wp:attachment":[{"href":"https:\/\/roundupriverranch.org\/es\/wp-json\/wp\/v2\/media?parent=822"}],"curies":[{"name":"wp","href":"https:\/\/api.w.org\/{rel}","templated":true}]}}