{"id":833,"date":"2025-12-10T09:59:48","date_gmt":"2025-12-10T09:59:48","guid":{"rendered":"https:\/\/roundupriverranch.org\/?page_id=833"},"modified":"2026-02-02T20:01:41","modified_gmt":"2026-02-02T20:01:41","slug":"no-hands-spaghetti-dinner","status":"publish","type":"page","link":"https:\/\/roundupriverranch.org\/es\/support-us\/events\/no-hands-spaghetti-dinner\/","title":{"rendered":"Cena de espaguetis sin manos"},"content":{"rendered":"<div class=\"defaultheaderblock\">\n    <div class=\"defaultheaderblockinner\">\n\n                    <div class=\"headerouter\">\n                <div class=\"headerimage\" style=\"background-image: url(https:\/\/roundupriverranch.org\/wp-content\/uploads\/2025\/12\/roundup-river-ranch-camp-events-2000x460-NHSD.jpg)\">\n                    <img decoding=\"async\" src=\"https:\/\/roundupriverranch.org\/wp-content\/uploads\/2025\/12\/roundup-river-ranch-camp-events-2000x460-NHSD.jpg\" alt=\"NO-HANDS SPAGHETTI DINNER\" \/>\n                <\/div>\n                <div class=\"mobileheaderimage\">\n                    <img decoding=\"async\" src=\"https:\/\/roundupriverranch.org\/wp-content\/uploads\/2025\/12\/roundup-river-ranch-camp-events-930x500-NHSD.jpg\" alt=\"NO-HANDS SPAGHETTI DINNER\" \/>\n                <\/div>\n            <\/div>\n        \n    <\/div>\n    <div class=\"defaultheadercurve\">\n        <img decoding=\"async\" src=\"https:\/\/roundupriverranch.org\/wp-content\/themes\/sage\/public\/build\/assets\/defaultheadercurve-Cez_Hkub.svg\" alt=\"\">\n    <\/div>\n<\/div>\n\n\n\n<h1 class=\"wp-block-heading has-text-align-center\" id=\"h-no-hands-spaghetti-dinner\">Cena de espaguetis sin manos<\/h1>\n\n\n\n<div style=\"height:20px\" aria-hidden=\"true\" class=\"wp-block-spacer\"><\/div>\n\n\n\n<div class=\"wp-block-columns is-layout-flex wp-container-core-columns-is-layout-9d6595d7 wp-block-columns-is-layout-flex\">\n<div class=\"wp-block-column is-layout-flow wp-block-column-is-layout-flow\" style=\"flex-basis:50%\">\n<h2 class=\"wp-block-heading eventh2\" id=\"h-thumbs-up-faces-down\">PULGARES ARRIBA \u00a1CARAS ABAJO!<\/h2>\n\n\n\n<div style=\"height:20px\" aria-hidden=\"true\" class=\"wp-block-spacer\"><\/div>\n\n\n\n<p><strong>Date:<\/strong> 29 de enero de 2026<\/p>\n\n\n\n<div style=\"height:20px\" aria-hidden=\"true\" class=\"wp-block-spacer\"><\/div>\n\n\n\n<p><strong>Hora:<\/strong> 18:00-20:30<\/p>\n\n\n\n<div style=\"height:20px\" aria-hidden=\"true\" class=\"wp-block-spacer\"><\/div>\n\n\n\n<p><strong>Dos ubicaciones:<\/strong> <br><\/p>\n\n\n\n<p>VAIL VALLEY: Sauce on the Creek | Avon, CO<\/p>\n\n\n\n<p>DENVER: Capital Social | Arvada, CO<\/p>\n\n\n\n<hr class=\"wp-block-separator has-alpha-channel-opacity\"\/>\n\n\n\n<p>Gracias a nuestros asistentes por hacer que nuestras Cenas de Espaguetis sin Manos 2026 fueran un \u00e9xito. Con la generosa aportaci\u00f3n de $10.000 de la Fundaci\u00f3n Jazzbird, Denver y el valle de Vail recaudaron juntos $40.105.<\/p>\n\n\n\n<div style=\"height:20px\" aria-hidden=\"true\" class=\"wp-block-spacer\"><\/div>\n<\/div>\n\n\n\n<div class=\"wp-block-column is-layout-flow wp-block-column-is-layout-flow\">\n<figure class=\"wp-block-image size-full\"><img loading=\"lazy\" decoding=\"async\" width=\"1000\" height=\"1000\" src=\"https:\/\/roundupriverranch.org\/wp-content\/uploads\/2025\/12\/NHSDinner.jpg\" alt=\"woman eating spaghetti with no hands\" class=\"wp-image-10880\" srcset=\"https:\/\/roundupriverranch.org\/wp-content\/uploads\/2025\/12\/NHSDinner.jpg 1000w, https:\/\/roundupriverranch.org\/wp-content\/uploads\/2025\/12\/NHSDinner-300x300.jpg 300w, https:\/\/roundupriverranch.org\/wp-content\/uploads\/2025\/12\/NHSDinner-150x150.jpg 150w, https:\/\/roundupriverranch.org\/wp-content\/uploads\/2025\/12\/NHSDinner-768x768.jpg 768w, https:\/\/roundupriverranch.org\/wp-content\/uploads\/2025\/12\/NHSDinner-270x270.jpg 270w\" sizes=\"auto, (max-width: 1000px) 100vw, 1000px\" \/><\/figure>\n<\/div>\n<\/div>\n\n\n\n<p class=\"has-text-align-center\"><br><\/p>\n\n\n\n<div style=\"height:40px\" aria-hidden=\"true\" class=\"wp-block-spacer\"><\/div>\n\n\n\n<hr class=\"wp-block-separator has-alpha-channel-opacity\"\/>\n\n\n\n<figure class=\"wp-block-image aligncenter size-large\"><img loading=\"lazy\" decoding=\"async\" width=\"1024\" height=\"264\" src=\"https:\/\/roundupriverranch.org\/wp-content\/uploads\/2025\/12\/Spaghetti-Web-Assets-2048x527-1-1024x264.webp\" alt=\"Images of no-hands spaghetti dinner participants\" class=\"wp-image-10871\" srcset=\"https:\/\/roundupriverranch.org\/wp-content\/uploads\/2025\/12\/Spaghetti-Web-Assets-2048x527-1-1024x264.webp 1024w, https:\/\/roundupriverranch.org\/wp-content\/uploads\/2025\/12\/Spaghetti-Web-Assets-2048x527-1-300x77.webp 300w, https:\/\/roundupriverranch.org\/wp-content\/uploads\/2025\/12\/Spaghetti-Web-Assets-2048x527-1-768x198.webp 768w, https:\/\/roundupriverranch.org\/wp-content\/uploads\/2025\/12\/Spaghetti-Web-Assets-2048x527-1-1536x395.webp 1536w, https:\/\/roundupriverranch.org\/wp-content\/uploads\/2025\/12\/Spaghetti-Web-Assets-2048x527-1-400x103.webp 400w, https:\/\/roundupriverranch.org\/wp-content\/uploads\/2025\/12\/Spaghetti-Web-Assets-2048x527-1.webp 2048w\" sizes=\"auto, (max-width: 1024px) 100vw, 1024px\" \/><\/figure>\n\n\n\n<hr class=\"wp-block-separator has-alpha-channel-opacity\"\/>\n\n\n\n<div style=\"height:40px\" aria-hidden=\"true\" class=\"wp-block-spacer\"><\/div>\n\n\n\n<h2 class=\"wp-block-heading has-text-align-center eventh2\" id=\"h-thank-you-2026-sponsors\">GRACIAS A LOS PATROCINADORES DE 2026<\/h2>\n\n\n\n<div style=\"height:0px\" aria-hidden=\"true\" class=\"wp-block-spacer\"><\/div>\n\n\n\n<h3 class=\"wp-block-heading has-text-align-center\" id=\"h-vail-valley\"><strong>Valle de Vail<\/strong><\/h3>\n\n\n\n<p class=\"has-text-align-center\"><strong>Patrocinador de fideos<\/strong>s<br>Julia y Don Johnson y Terri y Jim Garofalo<\/p>\n\n\n\n<h3 class=\"wp-block-heading has-text-align-center\" id=\"h-denver\"><strong>Denver<\/strong><\/h3>\n\n\n\n<div style=\"height:0px\" aria-hidden=\"true\" class=\"wp-block-spacer\"><\/div>\n\n\n\n<p class=\"has-text-align-center\"><strong>Patrocinador de la salsa<\/strong><br>Greer y Jack Gardner<strong><br><\/strong><br><strong>Patrocinador de fideos<\/strong>s<br>Fundaci\u00f3n de la Familia Hayes<br>Paul Zakhary<\/p>\n\n\n\n<p class=\"has-text-align-center\"><\/p>\n\n\n\n<hr class=\"wp-block-separator has-alpha-channel-opacity\"\/>\n\n\n\n<h2 class=\"wp-block-heading has-text-align-center\" id=\"h-sponsor-the-event\">PATROCINE EL ACTO<\/h2>\n\n\n\n<p class=\"has-text-align-center\"><strong>$2.500 Patrocinador de fideos<\/strong><br><em>El patrocinador de fideos incluye:<\/em><br>&nbsp;- 4 Entradas (Denver O Vail Valley)<br>- Reconocimiento en el acto<br>- Asientos preferentes<\/p>\n\n\n\n<p class=\"has-text-align-center\"><strong>$5.000 Patrocinador de la salsa<\/strong><br><em>El patrocinador de la salsa incluye:<br><\/em>- 6 Entradas (Denver O Vail Valley)<br>- Reconocimiento digital y de eventos<br>- Asientos Premium<\/p>\n\n\n\n<p class=\"has-text-align-center\"><strong>$10.000 Patrocinador presentador<\/strong><br><em>El Patrocinador Presentador incluye:<br><\/em>- 4 entradas para cada uno (Denver y Vail Valley)<br>u 8 entradas a elegir (Denver o Vail Valley)<br>- Reconocimiento digital y de eventos<br>- Asientos Premium<\/p>\n\n\n\n<div style=\"height:20px\" aria-hidden=\"true\" class=\"wp-block-spacer\"><\/div>\n\n\n\n<p class=\"has-text-align-center\"><em>Para patrocinios en Vail Valley, p\u00f3ngase en contacto con Kelly Schiffer en&nbsp;<a href=\"mailto:kschiffer@roundupriverranch.org\">kschiffer@roundupriverranch.org<\/a>.<br>Para el patrocinio de Denver, p\u00f3ngase en contacto con Katie Johnson en <a href=\"mailto:kjohnson@roundupriverranch.org\">kjohnson@roundupriverranch.org<\/a><\/em>.<\/p>\n\n\n\n<div style=\"height:100px\" aria-hidden=\"true\" class=\"wp-block-spacer\"><\/div>","protected":false},"excerpt":{"rendered":"<p>Cena de espaguetis sin manos \u00a1PUNTOS FUERTES! \u00a1CARAS ABAJO! Fecha: Enero 29, 2026 Hora: 6:00-8:30 PM Dos Lugares: VAIL VALLEY: Sauce on the Creek | Avon, CO ... <a href=\"https:\/\/roundupriverranch.org\/es\/support-us\/events\/no-hands-spaghetti-dinner\/\">Contin\u00faa<\/a><\/p>","protected":false},"author":1,"featured_media":0,"parent":713,"menu_order":0,"comment_status":"closed","ping_status":"closed","template":"template-secondary.blade.php","meta":{"_acf_changed":false,"footnotes":""},"class_list":["post-833","page","type-page","status-publish","hentry"],"acf":[],"yoast_head":"<!-- This site is optimized with the Yoast SEO Premium plugin v26.9 (Yoast SEO v27.3) - https:\/\/yoast.com\/product\/yoast-seo-premium-wordpress\/ -->\n<title>No-Hands Spaghetti Dinner - Roundup River Ranch<\/title>\n<meta name=\"description\" content=\"Join us for a (no-hands) spaghetti dinner like our campers! We are raising funds to sponsor our campers to enjoy summer camp in 2023.\" \/>\n<meta name=\"robots\" content=\"index, follow, max-snippet:-1, max-image-preview:large, max-video-preview:-1\" \/>\n<link rel=\"canonical\" href=\"https:\/\/roundupriverranch.org\/es\/support-us\/events\/no-hands-spaghetti-dinner\/\" \/>\n<meta property=\"og:locale\" content=\"es_ES\" \/>\n<meta property=\"og:type\" content=\"article\" \/>\n<meta property=\"og:title\" content=\"No-Hands Spaghetti Dinner\" \/>\n<meta property=\"og:description\" content=\"Join us for a (no-hands) spaghetti dinner like our campers! We are raising funds to sponsor our campers to enjoy summer camp in 2023.\" \/>\n<meta property=\"og:url\" content=\"https:\/\/roundupriverranch.org\/es\/support-us\/events\/no-hands-spaghetti-dinner\/\" \/>\n<meta property=\"og:site_name\" content=\"Roundup River Ranch\" \/>\n<meta property=\"article:publisher\" content=\"https:\/\/www.facebook.com\/roundupriverranch\/\" \/>\n<meta property=\"article:modified_time\" content=\"2026-02-02T20:01:41+00:00\" \/>\n<meta property=\"og:image\" content=\"https:\/\/roundupriverranch.org\/wp-content\/uploads\/2025\/12\/NHSDinner.jpg\" \/>\n<meta name=\"twitter:card\" content=\"summary_large_image\" \/>\n<meta name=\"twitter:label1\" content=\"Tiempo de lectura\" \/>\n\t<meta name=\"twitter:data1\" content=\"2 minutos\" \/>\n<script type=\"application\/ld+json\" class=\"yoast-schema-graph\">{\"@context\":\"https:\\\/\\\/schema.org\",\"@graph\":[{\"@type\":\"WebPage\",\"@id\":\"https:\\\/\\\/roundupriverranch.org\\\/support-us\\\/events\\\/no-hands-spaghetti-dinner\\\/\",\"url\":\"https:\\\/\\\/roundupriverranch.org\\\/support-us\\\/events\\\/no-hands-spaghetti-dinner\\\/\",\"name\":\"No-Hands Spaghetti Dinner - Roundup River Ranch\",\"isPartOf\":{\"@id\":\"https:\\\/\\\/roundupriverranch.org\\\/#website\"},\"primaryImageOfPage\":{\"@id\":\"https:\\\/\\\/roundupriverranch.org\\\/support-us\\\/events\\\/no-hands-spaghetti-dinner\\\/#primaryimage\"},\"image\":{\"@id\":\"https:\\\/\\\/roundupriverranch.org\\\/support-us\\\/events\\\/no-hands-spaghetti-dinner\\\/#primaryimage\"},\"thumbnailUrl\":\"https:\\\/\\\/roundupriverranch.org\\\/wp-content\\\/uploads\\\/2025\\\/12\\\/NHSDinner.jpg\",\"datePublished\":\"2025-12-10T09:59:48+00:00\",\"dateModified\":\"2026-02-02T20:01:41+00:00\",\"description\":\"Join us for a (no-hands) spaghetti dinner like our campers! We are raising funds to sponsor our campers to enjoy summer camp in 2023.\",\"breadcrumb\":{\"@id\":\"https:\\\/\\\/roundupriverranch.org\\\/support-us\\\/events\\\/no-hands-spaghetti-dinner\\\/#breadcrumb\"},\"inLanguage\":\"es\",\"potentialAction\":[{\"@type\":\"ReadAction\",\"target\":[\"https:\\\/\\\/roundupriverranch.org\\\/support-us\\\/events\\\/no-hands-spaghetti-dinner\\\/\"]}]},{\"@type\":\"ImageObject\",\"inLanguage\":\"es\",\"@id\":\"https:\\\/\\\/roundupriverranch.org\\\/support-us\\\/events\\\/no-hands-spaghetti-dinner\\\/#primaryimage\",\"url\":\"https:\\\/\\\/roundupriverranch.org\\\/wp-content\\\/uploads\\\/2025\\\/12\\\/NHSDinner.jpg\",\"contentUrl\":\"https:\\\/\\\/roundupriverranch.org\\\/wp-content\\\/uploads\\\/2025\\\/12\\\/NHSDinner.jpg\"},{\"@type\":\"BreadcrumbList\",\"@id\":\"https:\\\/\\\/roundupriverranch.org\\\/support-us\\\/events\\\/no-hands-spaghetti-dinner\\\/#breadcrumb\",\"itemListElement\":[{\"@type\":\"ListItem\",\"position\":1,\"name\":\"Home\",\"item\":\"https:\\\/\\\/roundupriverranch.org\\\/\"},{\"@type\":\"ListItem\",\"position\":2,\"name\":\"Support Us\",\"item\":\"https:\\\/\\\/roundupriverranch.org\\\/support-us\\\/\"},{\"@type\":\"ListItem\",\"position\":3,\"name\":\"Events\",\"item\":\"https:\\\/\\\/roundupriverranch.org\\\/support-us\\\/events\\\/\"},{\"@type\":\"ListItem\",\"position\":4,\"name\":\"No-Hands Spaghetti Dinner\"}]},{\"@type\":\"WebSite\",\"@id\":\"https:\\\/\\\/roundupriverranch.org\\\/#website\",\"url\":\"https:\\\/\\\/roundupriverranch.org\\\/\",\"name\":\"Roundup River Ranch\",\"description\":\"\",\"potentialAction\":[{\"@type\":\"SearchAction\",\"target\":{\"@type\":\"EntryPoint\",\"urlTemplate\":\"https:\\\/\\\/roundupriverranch.org\\\/?s={search_term_string}\"},\"query-input\":{\"@type\":\"PropertyValueSpecification\",\"valueRequired\":true,\"valueName\":\"search_term_string\"}}],\"inLanguage\":\"es\"}]}<\/script>\n<!-- \/ Yoast SEO Premium plugin. -->","yoast_head_json":{"title":"Cena de espaguetis sin manos - Roundup River Ranch","description":"\u00a1\u00danete a nosotros para una cena de espaguetis (sin manos) como nuestros campistas! Estamos recaudando fondos para patrocinar a nuestros campistas para que disfruten del campamento de verano en 2023.","robots":{"index":"index","follow":"follow","max-snippet":"max-snippet:-1","max-image-preview":"max-image-preview:large","max-video-preview":"max-video-preview:-1"},"canonical":"https:\/\/roundupriverranch.org\/es\/support-us\/events\/no-hands-spaghetti-dinner\/","og_locale":"es_ES","og_type":"article","og_title":"No-Hands Spaghetti Dinner","og_description":"Join us for a (no-hands) spaghetti dinner like our campers! We are raising funds to sponsor our campers to enjoy summer camp in 2023.","og_url":"https:\/\/roundupriverranch.org\/es\/support-us\/events\/no-hands-spaghetti-dinner\/","og_site_name":"Roundup River Ranch","article_publisher":"https:\/\/www.facebook.com\/roundupriverranch\/","article_modified_time":"2026-02-02T20:01:41+00:00","og_image":[{"url":"https:\/\/roundupriverranch.org\/wp-content\/uploads\/2025\/12\/NHSDinner.jpg","type":"","width":"","height":""}],"twitter_card":"summary_large_image","twitter_misc":{"Tiempo de lectura":"2 minutos"},"schema":{"@context":"https:\/\/schema.org","@graph":[{"@type":"WebPage","@id":"https:\/\/roundupriverranch.org\/support-us\/events\/no-hands-spaghetti-dinner\/","url":"https:\/\/roundupriverranch.org\/support-us\/events\/no-hands-spaghetti-dinner\/","name":"Cena de espaguetis sin manos - Roundup River Ranch","isPartOf":{"@id":"https:\/\/roundupriverranch.org\/#website"},"primaryImageOfPage":{"@id":"https:\/\/roundupriverranch.org\/support-us\/events\/no-hands-spaghetti-dinner\/#primaryimage"},"image":{"@id":"https:\/\/roundupriverranch.org\/support-us\/events\/no-hands-spaghetti-dinner\/#primaryimage"},"thumbnailUrl":"https:\/\/roundupriverranch.org\/wp-content\/uploads\/2025\/12\/NHSDinner.jpg","datePublished":"2025-12-10T09:59:48+00:00","dateModified":"2026-02-02T20:01:41+00:00","description":"\u00a1\u00danete a nosotros para una cena de espaguetis (sin manos) como nuestros campistas! Estamos recaudando fondos para patrocinar a nuestros campistas para que disfruten del campamento de verano en 2023.","breadcrumb":{"@id":"https:\/\/roundupriverranch.org\/support-us\/events\/no-hands-spaghetti-dinner\/#breadcrumb"},"inLanguage":"es","potentialAction":[{"@type":"ReadAction","target":["https:\/\/roundupriverranch.org\/support-us\/events\/no-hands-spaghetti-dinner\/"]}]},{"@type":"ImageObject","inLanguage":"es","@id":"https:\/\/roundupriverranch.org\/support-us\/events\/no-hands-spaghetti-dinner\/#primaryimage","url":"https:\/\/roundupriverranch.org\/wp-content\/uploads\/2025\/12\/NHSDinner.jpg","contentUrl":"https:\/\/roundupriverranch.org\/wp-content\/uploads\/2025\/12\/NHSDinner.jpg"},{"@type":"BreadcrumbList","@id":"https:\/\/roundupriverranch.org\/support-us\/events\/no-hands-spaghetti-dinner\/#breadcrumb","itemListElement":[{"@type":"ListItem","position":1,"name":"Home","item":"https:\/\/roundupriverranch.org\/"},{"@type":"ListItem","position":2,"name":"Support Us","item":"https:\/\/roundupriverranch.org\/support-us\/"},{"@type":"ListItem","position":3,"name":"Events","item":"https:\/\/roundupriverranch.org\/support-us\/events\/"},{"@type":"ListItem","position":4,"name":"No-Hands Spaghetti Dinner"}]},{"@type":"WebSite","@id":"https:\/\/roundupriverranch.org\/#website","url":"https:\/\/roundupriverranch.org\/","name":"Rancho Roundup River","description":"","potentialAction":[{"@type":"SearchAction","target":{"@type":"EntryPoint","urlTemplate":"https:\/\/roundupriverranch.org\/?s={search_term_string}"},"query-input":{"@type":"PropertyValueSpecification","valueRequired":true,"valueName":"search_term_string"}}],"inLanguage":"es"}]}},"_links":{"self":[{"href":"https:\/\/roundupriverranch.org\/es\/wp-json\/wp\/v2\/pages\/833","targetHints":{"allow":["GET"]}}],"collection":[{"href":"https:\/\/roundupriverranch.org\/es\/wp-json\/wp\/v2\/pages"}],"about":[{"href":"https:\/\/roundupriverranch.org\/es\/wp-json\/wp\/v2\/types\/page"}],"author":[{"embeddable":true,"href":"https:\/\/roundupriverranch.org\/es\/wp-json\/wp\/v2\/users\/1"}],"replies":[{"embeddable":true,"href":"https:\/\/roundupriverranch.org\/es\/wp-json\/wp\/v2\/comments?post=833"}],"version-history":[{"count":30,"href":"https:\/\/roundupriverranch.org\/es\/wp-json\/wp\/v2\/pages\/833\/revisions"}],"predecessor-version":[{"id":12122,"href":"https:\/\/roundupriverranch.org\/es\/wp-json\/wp\/v2\/pages\/833\/revisions\/12122"}],"up":[{"embeddable":true,"href":"https:\/\/roundupriverranch.org\/es\/wp-json\/wp\/v2\/pages\/713"}],"wp:attachment":[{"href":"https:\/\/roundupriverranch.org\/es\/wp-json\/wp\/v2\/media?parent=833"}],"curies":[{"name":"wp","href":"https:\/\/api.w.org\/{rel}","templated":true}]}}