{"id":841,"date":"2025-12-10T10:03:50","date_gmt":"2025-12-10T10:03:50","guid":{"rendered":"https:\/\/roundupriverranch.org\/?page_id=841"},"modified":"2026-04-30T22:01:10","modified_gmt":"2026-04-30T22:01:10","slug":"community-day","status":"publish","type":"page","link":"https:\/\/roundupriverranch.org\/es\/support-us\/events\/community-day\/","title":{"rendered":"D\u00eda de la Comunidad"},"content":{"rendered":"<div class=\"defaultheaderblock\">\n    <div class=\"defaultheaderblockinner\">\n\n                    <div class=\"headerouter\">\n                <div class=\"headerimage\" style=\"background-image: url(https:\/\/roundupriverranch.org\/wp-content\/uploads\/2026\/04\/Community-Day-hero-01.png)\">\n                    <img decoding=\"async\" src=\"https:\/\/roundupriverranch.org\/wp-content\/uploads\/2026\/04\/Community-Day-hero-01.png\" alt=\"\" \/>\n                <\/div>\n                <div class=\"mobileheaderimage\">\n                    <img decoding=\"async\" src=\"https:\/\/roundupriverranch.org\/wp-content\/uploads\/2026\/04\/Community-Day-hero-02.png\" alt=\"\" \/>\n                <\/div>\n            <\/div>\n        \n    <\/div>\n    <div class=\"defaultheadercurve\">\n        <img decoding=\"async\" src=\"https:\/\/roundupriverranch.org\/wp-content\/themes\/sage\/public\/build\/assets\/defaultheadercurve-Cez_Hkub.svg\" alt=\"\">\n    <\/div>\n<\/div>\n\n\n\n<h1 class=\"wp-block-heading has-text-align-center\" id=\"h-community-day\">D\u00eda de la Comunidad<\/h1>\n\n\n\n<div style=\"height:20px\" aria-hidden=\"true\" class=\"wp-block-spacer\"><\/div>\n\n\n\n<div class=\"wp-block-columns is-layout-flex wp-container-core-columns-is-layout-9d6595d7 wp-block-columns-is-layout-flex\">\n<div class=\"wp-block-column is-layout-flow wp-block-column-is-layout-flow\" style=\"flex-basis:50%\">\n<h2 class=\"wp-block-heading eventh2\" id=\"h-community-day-0\">D\u00cdA DE LA COMUNIDAD<\/h2>\n\n\n\n<div style=\"height:20px\" aria-hidden=\"true\" class=\"wp-block-spacer\"><\/div>\n\n\n\n<p><strong>Date:<\/strong> 6\/14\/2026<\/p>\n\n\n\n<p><strong>Hora:<\/strong> 10.00 h - 14.00 h<\/p>\n\n\n\n<p><strong>Ubicaci\u00f3n:<\/strong> Camping (8333 Colorado River Road, Gypsum CO)<\/p>\n\n\n\n<div style=\"height:20px\" aria-hidden=\"true\" class=\"wp-block-spacer\"><\/div>\n\n\n\n<p><strong>EVENTO GRATUITO<\/strong>&nbsp;\u00danase a nosotros en el campamento para celebrar 20 a\u00f1os de momentos inolvidables. Explora nuestro campamento, conoce a nuestro equipo y participa en algunas de nuestras actividades favoritas con amigos y familiares. Recorre el campamento, apunta en nuestro campo de tiro con arco, escala la pared de roca, l\u00e1nzate por la tirolina, rema en el Lago Rosa y crea tu propia obra maestra en la yurta de arte. Termine el d\u00eda con dulces mientras celebramos todo lo que hace Roundup River Ranch una parte apreciada de nuestra comunidad - y un lugar que cambia la vida de los ni\u00f1os y las familias.<br><br><em>*El Circuito de Desaf\u00edo no es accesible para ni\u00f1os menores de 7 a\u00f1os ni para personas que pesen m\u00e1s de 250 libras.<\/em><br><br><strong>\u00bfPreguntas sobre el d\u00eda? <\/strong>Por favor, contacta a Mackenzie en mkoffenberger@roundupriverranch.org<\/p>\n\n\n\n<div style=\"height:20px\" aria-hidden=\"true\" class=\"wp-block-spacer\"><\/div>\n\n\n\n<div class=\"wp-block-buttons is-layout-flex wp-block-buttons-is-layout-flex\">\n<div class=\"wp-block-button drkgreen-btn\"><a class=\"wp-block-button__link wp-element-button\" href=\"https:\/\/fundraise.givesmart.com\/e\/49zhxQ?vid=1pxhcm\" target=\"_blank\" rel=\"noreferrer noopener\">Por favor, responda<\/a><\/div>\n<\/div>\n\n\n\n<div style=\"height:20px\" aria-hidden=\"true\" class=\"wp-block-spacer\"><\/div>\n<\/div>\n\n\n\n<div class=\"wp-block-column is-layout-flow wp-block-column-is-layout-flow\">\n<figure class=\"wp-block-image size-full\"><img loading=\"lazy\" decoding=\"async\" width=\"2200\" height=\"2200\" src=\"https:\/\/roundupriverranch.org\/wp-content\/uploads\/2025\/12\/Community_Day-90.jpg\" alt=\"\" class=\"wp-image-11145\" srcset=\"https:\/\/roundupriverranch.org\/wp-content\/uploads\/2025\/12\/Community_Day-90.jpg 2200w, https:\/\/roundupriverranch.org\/wp-content\/uploads\/2025\/12\/Community_Day-90-300x300.jpg 300w, https:\/\/roundupriverranch.org\/wp-content\/uploads\/2025\/12\/Community_Day-90-1024x1024.jpg 1024w, https:\/\/roundupriverranch.org\/wp-content\/uploads\/2025\/12\/Community_Day-90-150x150.jpg 150w, https:\/\/roundupriverranch.org\/wp-content\/uploads\/2025\/12\/Community_Day-90-768x768.jpg 768w, https:\/\/roundupriverranch.org\/wp-content\/uploads\/2025\/12\/Community_Day-90-1536x1536.jpg 1536w, https:\/\/roundupriverranch.org\/wp-content\/uploads\/2025\/12\/Community_Day-90-2048x2048.jpg 2048w, https:\/\/roundupriverranch.org\/wp-content\/uploads\/2025\/12\/Community_Day-90-270x270.jpg 270w\" sizes=\"auto, (max-width: 2200px) 100vw, 2200px\" \/><\/figure>\n<\/div>\n<\/div>\n\n\n\n<div style=\"height:100px\" aria-hidden=\"true\" class=\"wp-block-spacer\"><\/div>\n\n\n\n<h2 class=\"wp-block-heading has-text-align-center eventh2\" id=\"h-thank-you-to-our-sponsors\">Gracias a nuestros patrocinadores:<\/h2>\n\n\n\n<div class=\"wp-block-group is-content-justification-center is-nowrap is-layout-flex wp-container-core-group-is-layout-94bc23d7 wp-block-group-is-layout-flex\">\n<figure class=\"wp-block-image size-medium\"><img loading=\"lazy\" decoding=\"async\" width=\"300\" height=\"300\" src=\"https:\/\/roundupriverranch.org\/wp-content\/uploads\/2026\/04\/HCE_Color_2023-300x300.png\" alt=\"\" class=\"wp-image-13221\"\/><\/figure>\n\n\n\n<figure class=\"wp-block-image size-medium\"><img loading=\"lazy\" decoding=\"async\" width=\"300\" height=\"300\" src=\"https:\/\/roundupriverranch.org\/wp-content\/uploads\/2026\/04\/TheGrazingFox-Logo-Final-Splash-01-1-300x300.jpg\" alt=\"\" class=\"wp-image-13227\" srcset=\"https:\/\/roundupriverranch.org\/wp-content\/uploads\/2026\/04\/TheGrazingFox-Logo-Final-Splash-01-1-300x300.jpg 300w, https:\/\/roundupriverranch.org\/wp-content\/uploads\/2026\/04\/TheGrazingFox-Logo-Final-Splash-01-1-150x150.jpg 150w, https:\/\/roundupriverranch.org\/wp-content\/uploads\/2026\/04\/TheGrazingFox-Logo-Final-Splash-01-1-12x12.jpg 12w, https:\/\/roundupriverranch.org\/wp-content\/uploads\/2026\/04\/TheGrazingFox-Logo-Final-Splash-01-1-270x270.jpg 270w, https:\/\/roundupriverranch.org\/wp-content\/uploads\/2026\/04\/TheGrazingFox-Logo-Final-Splash-01-1.jpg 640w\" sizes=\"auto, (max-width: 300px) 100vw, 300px\" \/><\/figure>\n\n\n\n<figure class=\"wp-block-image size-medium is-style-default\"><img loading=\"lazy\" decoding=\"async\" width=\"300\" height=\"140\" src=\"https:\/\/roundupriverranch.org\/wp-content\/uploads\/2026\/04\/Moes-BBQ-web-1-300x140.png\" alt=\"\" class=\"wp-image-13381\" srcset=\"https:\/\/roundupriverranch.org\/wp-content\/uploads\/2026\/04\/Moes-BBQ-web-1-300x140.png 300w, https:\/\/roundupriverranch.org\/wp-content\/uploads\/2026\/04\/Moes-BBQ-web-1-1024x478.png 1024w, https:\/\/roundupriverranch.org\/wp-content\/uploads\/2026\/04\/Moes-BBQ-web-1-768x359.png 768w, https:\/\/roundupriverranch.org\/wp-content\/uploads\/2026\/04\/Moes-BBQ-web-1-1536x717.png 1536w, https:\/\/roundupriverranch.org\/wp-content\/uploads\/2026\/04\/Moes-BBQ-web-1-2048x956.png 2048w, https:\/\/roundupriverranch.org\/wp-content\/uploads\/2026\/04\/Moes-BBQ-web-1-18x8.png 18w, https:\/\/roundupriverranch.org\/wp-content\/uploads\/2026\/04\/Moes-BBQ-web-1-400x187.png 400w\" sizes=\"auto, (max-width: 300px) 100vw, 300px\" \/><\/figure>\n<\/div>\n\n\n\n<div style=\"height:100px;width:0px\" aria-hidden=\"true\" class=\"wp-block-spacer\"><\/div>\n\n\n<div class=\"eventgallerywrap\">\n    <div class=\"eventgalleryinner\">\n        <h2>FOTOS DEL EVENTO<\/h2>\n\n        <div class=\"gallery\">\n            \n                                                            <a href=\"https:\/\/roundupriverranch.org\/wp-content\/uploads\/2025\/12\/Community_Day-6.jpg\" data-fancybox=\"event-gallery\">\n                            <img decoding=\"async\" src=\"https:\/\/roundupriverranch.org\/wp-content\/uploads\/2025\/12\/Community_Day-6.jpg\" alt=\"\" style=\"max-width:500px;\" \/>\n                        <\/a>\n                        <div style=\"display:none\">\n                                                                                        <a href=\"https:\/\/roundupriverranch.org\/wp-content\/uploads\/2025\/12\/Community_Day-19.jpeg\" data-fancybox=\"event-gallery\">\n                                <img loading=\"lazy\" decoding=\"async\" src=\"https:\/\/roundupriverranch.org\/wp-content\/uploads\/2025\/12\/Community_Day-19.jpeg\" width=\"200\" height=\"150\"\n                                    alt=\"\" \/>\n                            <\/a>\n                                                                                    <a href=\"https:\/\/roundupriverranch.org\/wp-content\/uploads\/2025\/12\/Community_Day-62.jpeg\" data-fancybox=\"event-gallery\">\n                                <img loading=\"lazy\" decoding=\"async\" src=\"https:\/\/roundupriverranch.org\/wp-content\/uploads\/2025\/12\/Community_Day-62.jpeg\" width=\"200\" height=\"150\"\n                                    alt=\"\" \/>\n                            <\/a>\n                                                                                    <a href=\"https:\/\/roundupriverranch.org\/wp-content\/uploads\/2025\/12\/Community_Day-89.jpeg\" data-fancybox=\"event-gallery\">\n                                <img loading=\"lazy\" decoding=\"async\" src=\"https:\/\/roundupriverranch.org\/wp-content\/uploads\/2025\/12\/Community_Day-89.jpeg\" width=\"200\" height=\"150\"\n                                    alt=\"\" \/>\n                            <\/a>\n                                                                                    <a href=\"https:\/\/roundupriverranch.org\/wp-content\/uploads\/2025\/12\/CommunityDay2024-50.jpg\" data-fancybox=\"event-gallery\">\n                                <img loading=\"lazy\" decoding=\"async\" src=\"https:\/\/roundupriverranch.org\/wp-content\/uploads\/2025\/12\/CommunityDay2024-50.jpg\" width=\"200\" height=\"150\"\n                                    alt=\"\" \/>\n                            <\/a>\n                                            <\/div>\n        \n\n    <\/div>\n\n            <div class=\"ctalink\">\n            <a href=\"https:\/\/roundupriverranch.org\/wp-content\/uploads\/2025\/12\/Community_Day-6.jpg\" class=\"drkgreen-btn\" data-fancybox=\"event-gallery\">VER TODAS LAS FOTOS<\/a>\n        <\/div>\n    \n\n<\/div>\n<\/div>","protected":false},"excerpt":{"rendered":"<p>D\u00eda de la Comunidad D\u00cdA DE LA COMUNIDAD Fecha: 14\/06\/2026 Hora: 10:00 am - 2:00 pm Ubicaci\u00f3n: Campamento (8333 Colorado River Road, Gypsum CO) \u00a1EVENTO GRATUITO! \u00danete a nosotros en el campamento para un... <a href=\"https:\/\/roundupriverranch.org\/es\/support-us\/events\/community-day\/\">Contin\u00faa<\/a><\/p>","protected":false},"author":1,"featured_media":0,"parent":713,"menu_order":0,"comment_status":"closed","ping_status":"closed","template":"template-secondary.blade.php","meta":{"_acf_changed":false,"footnotes":""},"class_list":["post-841","page","type-page","status-publish","hentry"],"acf":[],"yoast_head":"<!-- This site is optimized with the Yoast SEO Premium plugin v27.5 (Yoast SEO v27.6) - https:\/\/yoast.com\/product\/yoast-seo-premium-wordpress\/ -->\n<title>Community Day - Roundup River Ranch<\/title>\n<meta name=\"description\" content=\"Enjoy this FREE family-friendly event to learn more about our mission, programming, and tour our campsite and program areas.\" \/>\n<meta name=\"robots\" content=\"index, follow, max-snippet:-1, max-image-preview:large, max-video-preview:-1\" \/>\n<link rel=\"canonical\" href=\"https:\/\/roundupriverranch.org\/es\/support-us\/events\/community-day\/\" \/>\n<meta property=\"og:locale\" content=\"es_ES\" \/>\n<meta property=\"og:type\" content=\"article\" \/>\n<meta property=\"og:title\" content=\"Community Day\" \/>\n<meta property=\"og:description\" content=\"Enjoy this FREE family-friendly event to learn more about our mission, programming, and tour our campsite and program areas.\" \/>\n<meta property=\"og:url\" content=\"https:\/\/roundupriverranch.org\/es\/support-us\/events\/community-day\/\" \/>\n<meta property=\"og:site_name\" content=\"Roundup River Ranch\" \/>\n<meta property=\"article:publisher\" content=\"https:\/\/www.facebook.com\/roundupriverranch\/\" \/>\n<meta property=\"article:modified_time\" content=\"2026-04-30T22:01:10+00:00\" \/>\n<meta property=\"og:image\" content=\"https:\/\/roundupriverranch.org\/wp-content\/uploads\/2025\/12\/Community_Day-90.jpg\" \/>\n<meta name=\"twitter:card\" content=\"summary_large_image\" \/>\n<meta name=\"twitter:label1\" content=\"Tiempo de lectura\" \/>\n\t<meta name=\"twitter:data1\" content=\"2 minutos\" \/>\n<script type=\"application\/ld+json\" class=\"yoast-schema-graph\">{\"@context\":\"https:\\\/\\\/schema.org\",\"@graph\":[{\"@type\":\"WebPage\",\"@id\":\"https:\\\/\\\/roundupriverranch.org\\\/support-us\\\/events\\\/community-day\\\/\",\"url\":\"https:\\\/\\\/roundupriverranch.org\\\/support-us\\\/events\\\/community-day\\\/\",\"name\":\"Community Day - Roundup River Ranch\",\"isPartOf\":{\"@id\":\"https:\\\/\\\/roundupriverranch.org\\\/#website\"},\"primaryImageOfPage\":{\"@id\":\"https:\\\/\\\/roundupriverranch.org\\\/support-us\\\/events\\\/community-day\\\/#primaryimage\"},\"image\":{\"@id\":\"https:\\\/\\\/roundupriverranch.org\\\/support-us\\\/events\\\/community-day\\\/#primaryimage\"},\"thumbnailUrl\":\"https:\\\/\\\/roundupriverranch.org\\\/wp-content\\\/uploads\\\/2025\\\/12\\\/Community_Day-90.jpg\",\"datePublished\":\"2025-12-10T10:03:50+00:00\",\"dateModified\":\"2026-04-30T22:01:10+00:00\",\"description\":\"Enjoy this FREE family-friendly event to learn more about our mission, programming, and tour our campsite and program areas.\",\"breadcrumb\":{\"@id\":\"https:\\\/\\\/roundupriverranch.org\\\/support-us\\\/events\\\/community-day\\\/#breadcrumb\"},\"inLanguage\":\"es\",\"potentialAction\":[{\"@type\":\"ReadAction\",\"target\":[\"https:\\\/\\\/roundupriverranch.org\\\/support-us\\\/events\\\/community-day\\\/\"]}]},{\"@type\":\"ImageObject\",\"inLanguage\":\"es\",\"@id\":\"https:\\\/\\\/roundupriverranch.org\\\/support-us\\\/events\\\/community-day\\\/#primaryimage\",\"url\":\"https:\\\/\\\/roundupriverranch.org\\\/wp-content\\\/uploads\\\/2025\\\/12\\\/Community_Day-90.jpg\",\"contentUrl\":\"https:\\\/\\\/roundupriverranch.org\\\/wp-content\\\/uploads\\\/2025\\\/12\\\/Community_Day-90.jpg\"},{\"@type\":\"BreadcrumbList\",\"@id\":\"https:\\\/\\\/roundupriverranch.org\\\/support-us\\\/events\\\/community-day\\\/#breadcrumb\",\"itemListElement\":[{\"@type\":\"ListItem\",\"position\":1,\"name\":\"Home\",\"item\":\"https:\\\/\\\/roundupriverranch.org\\\/\"},{\"@type\":\"ListItem\",\"position\":2,\"name\":\"Support Us\",\"item\":\"https:\\\/\\\/roundupriverranch.org\\\/support-us\\\/\"},{\"@type\":\"ListItem\",\"position\":3,\"name\":\"Events\",\"item\":\"https:\\\/\\\/roundupriverranch.org\\\/support-us\\\/events\\\/\"},{\"@type\":\"ListItem\",\"position\":4,\"name\":\"Community Day\"}]},{\"@type\":\"WebSite\",\"@id\":\"https:\\\/\\\/roundupriverranch.org\\\/#website\",\"url\":\"https:\\\/\\\/roundupriverranch.org\\\/\",\"name\":\"Roundup River Ranch\",\"description\":\"\",\"potentialAction\":[{\"@type\":\"SearchAction\",\"target\":{\"@type\":\"EntryPoint\",\"urlTemplate\":\"https:\\\/\\\/roundupriverranch.org\\\/?s={search_term_string}\"},\"query-input\":{\"@type\":\"PropertyValueSpecification\",\"valueRequired\":true,\"valueName\":\"search_term_string\"}}],\"inLanguage\":\"es\"}]}<\/script>\n<!-- \/ Yoast SEO Premium plugin. -->","yoast_head_json":{"title":"D\u00eda de la Comunidad - Roundup River Ranch","description":"Disfrute de este evento familiar GRATUITO para conocer mejor nuestra misi\u00f3n y nuestros programas, y visite nuestro camping y las \u00e1reas de programas.","robots":{"index":"index","follow":"follow","max-snippet":"max-snippet:-1","max-image-preview":"max-image-preview:large","max-video-preview":"max-video-preview:-1"},"canonical":"https:\/\/roundupriverranch.org\/es\/support-us\/events\/community-day\/","og_locale":"es_ES","og_type":"article","og_title":"Community Day","og_description":"Enjoy this FREE family-friendly event to learn more about our mission, programming, and tour our campsite and program areas.","og_url":"https:\/\/roundupriverranch.org\/es\/support-us\/events\/community-day\/","og_site_name":"Roundup River Ranch","article_publisher":"https:\/\/www.facebook.com\/roundupriverranch\/","article_modified_time":"2026-04-30T22:01:10+00:00","og_image":[{"url":"https:\/\/roundupriverranch.org\/wp-content\/uploads\/2025\/12\/Community_Day-90.jpg","type":"","width":"","height":""}],"twitter_card":"summary_large_image","twitter_misc":{"Tiempo de lectura":"2 minutos"},"schema":{"@context":"https:\/\/schema.org","@graph":[{"@type":"WebPage","@id":"https:\/\/roundupriverranch.org\/support-us\/events\/community-day\/","url":"https:\/\/roundupriverranch.org\/support-us\/events\/community-day\/","name":"D\u00eda de la Comunidad - Roundup River Ranch","isPartOf":{"@id":"https:\/\/roundupriverranch.org\/#website"},"primaryImageOfPage":{"@id":"https:\/\/roundupriverranch.org\/support-us\/events\/community-day\/#primaryimage"},"image":{"@id":"https:\/\/roundupriverranch.org\/support-us\/events\/community-day\/#primaryimage"},"thumbnailUrl":"https:\/\/roundupriverranch.org\/wp-content\/uploads\/2025\/12\/Community_Day-90.jpg","datePublished":"2025-12-10T10:03:50+00:00","dateModified":"2026-04-30T22:01:10+00:00","description":"Disfrute de este evento familiar GRATUITO para conocer mejor nuestra misi\u00f3n y nuestros programas, y visite nuestro camping y las \u00e1reas de programas.","breadcrumb":{"@id":"https:\/\/roundupriverranch.org\/support-us\/events\/community-day\/#breadcrumb"},"inLanguage":"es","potentialAction":[{"@type":"ReadAction","target":["https:\/\/roundupriverranch.org\/support-us\/events\/community-day\/"]}]},{"@type":"ImageObject","inLanguage":"es","@id":"https:\/\/roundupriverranch.org\/support-us\/events\/community-day\/#primaryimage","url":"https:\/\/roundupriverranch.org\/wp-content\/uploads\/2025\/12\/Community_Day-90.jpg","contentUrl":"https:\/\/roundupriverranch.org\/wp-content\/uploads\/2025\/12\/Community_Day-90.jpg"},{"@type":"BreadcrumbList","@id":"https:\/\/roundupriverranch.org\/support-us\/events\/community-day\/#breadcrumb","itemListElement":[{"@type":"ListItem","position":1,"name":"Home","item":"https:\/\/roundupriverranch.org\/"},{"@type":"ListItem","position":2,"name":"Support Us","item":"https:\/\/roundupriverranch.org\/support-us\/"},{"@type":"ListItem","position":3,"name":"Events","item":"https:\/\/roundupriverranch.org\/support-us\/events\/"},{"@type":"ListItem","position":4,"name":"Community Day"}]},{"@type":"WebSite","@id":"https:\/\/roundupriverranch.org\/#website","url":"https:\/\/roundupriverranch.org\/","name":"Rancho Roundup River","description":"","potentialAction":[{"@type":"SearchAction","target":{"@type":"EntryPoint","urlTemplate":"https:\/\/roundupriverranch.org\/?s={search_term_string}"},"query-input":{"@type":"PropertyValueSpecification","valueRequired":true,"valueName":"search_term_string"}}],"inLanguage":"es"}]}},"_links":{"self":[{"href":"https:\/\/roundupriverranch.org\/es\/wp-json\/wp\/v2\/pages\/841","targetHints":{"allow":["GET"]}}],"collection":[{"href":"https:\/\/roundupriverranch.org\/es\/wp-json\/wp\/v2\/pages"}],"about":[{"href":"https:\/\/roundupriverranch.org\/es\/wp-json\/wp\/v2\/types\/page"}],"author":[{"embeddable":true,"href":"https:\/\/roundupriverranch.org\/es\/wp-json\/wp\/v2\/users\/1"}],"replies":[{"embeddable":true,"href":"https:\/\/roundupriverranch.org\/es\/wp-json\/wp\/v2\/comments?post=841"}],"version-history":[{"count":19,"href":"https:\/\/roundupriverranch.org\/es\/wp-json\/wp\/v2\/pages\/841\/revisions"}],"predecessor-version":[{"id":13382,"href":"https:\/\/roundupriverranch.org\/es\/wp-json\/wp\/v2\/pages\/841\/revisions\/13382"}],"up":[{"embeddable":true,"href":"https:\/\/roundupriverranch.org\/es\/wp-json\/wp\/v2\/pages\/713"}],"wp:attachment":[{"href":"https:\/\/roundupriverranch.org\/es\/wp-json\/wp\/v2\/media?parent=841"}],"curies":[{"name":"wp","href":"https:\/\/api.w.org\/{rel}","templated":true}]}}